{"id":3931,"date":"2020-04-20T14:58:53","date_gmt":"2020-04-20T07:58:53","guid":{"rendered":"https:\/\/thanhphatpc.com\/?post_type=product&#038;p=3931"},"modified":"2021-08-14T14:19:48","modified_gmt":"2021-08-14T07:19:48","slug":"usb-64gb-kingston-dt100g3","status":"publish","type":"product","link":"https:\/\/thanhphatpc.com\/en\/usb-64gb-kingston-dt100g3\/","title":{"rendered":"USB 64GB Kingston DT100G3"},"content":{"rendered":"<h2>\u0110a\u0301nh gia\u0301 sa\u0309n ph\u00e2\u0309m \u00d4\u0309 c\u1ee9ng di \u0111\u1ed9ng\/\u00a0USB\u00a0Kingston\u00a064GB DT100G3<\/h2>\n<h3>S\u01a1 l\u01b0\u01a1\u0323c sa\u0309n ph\u00e2\u0309m<\/h3>\n<p>USB, m\u1ed9t thi\u1ebft b\u1ecb l\u01b0u tr\u1eef gi\u1eef li\u1ec7u nh\u1ecf g\u1ecdn v\u00e0 ti\u1ec7n l\u1ee3i. V\u1edbi k\u00edch th\u01b0\u1edbc trung b\u00ecnh ch\u1ec9 b\u0103ng ng\u00f3n tay, thi\u1ebft b\u1ecb n\u00e0y v\u1eabn ch\u01b0\u0301ng t\u1ecf \u0111\u01b0\u1ee3c t\u00ednh th\u1ef1c ti\u1ec5n c\u1ee7a m\u00ecnh trong th\u1eddi \u0111\u1ea1i dung l\u01b0\u01a1\u0323ng th\u00f4ng tin b\u00f9ng n\u1ed5 nh\u01b0 hi\u1ec7n nay. Trong ba\u0300i vi\u00ea\u0301t l\u00e2\u0300n n\u00e0y, Phong v\u0169 xin gi\u1edbi thi\u1ec7u \u0111\u1ebfn c\u00e1c b\u1ea1n thi\u00ea\u0301t bi\u0323 l\u01b0u tr\u01b0\u0303\u00a0USB\u00a0Kingston\u00a064GB DT100G3 tha\u0300nh vi\u00ean trong gia \u0111i\u0300nh l\u01b0u tr\u01b0\u0303 ch\u01b0\u0301 danh\u00a0Kingston.<\/p>\n<p>USB\u00a0Kingston\u00a064GB DT100G3 \u2013\u00a0USB\u00a03.0 s\u1eed d\u1ee5ng c\u00f4ng ngh\u1ec7\u00a0USB\u00a03.0 gi\u00fap truy\u1ec1n t\u1ea3i d\u1eef li\u1ec7u gi\u1eefa m\u00e1y t\u00ednh v\u00e0 c\u00e1c thi\u1ebft b\u1ecb m\u1ed9t c\u00e1ch nhanh ch\u00f3ng v\u00e0 an to\u00e0n nh\u1ea5t. D\u00f9ng l\u01b0\u1ee3ng l\u01b0u tr\u1eef 64GB gi\u00fap b\u1ea1n tho\u1ea3i m\u00e1i trong vi\u1ec7c l\u01b0u tr\u1eef v\u00e0 chia s\u1ebb v\u0103n b\u1ea3n, \u00e2m nh\u1ea1c, videos..<\/p>\n<p><img decoding=\"async\" title=\"\u1ed4 c\u1ee9ng di \u0111\u1ed9ng\/ USB Kingston DT100G3\" src=\"https:\/\/phongvu.vn\/media\/wysiwyg\/01_content_team\/Phong0710\/92._c_ng_di_ng_USB_Kingston_DT100G3.jpg\" alt=\"\u1ed4 c\u1ee9ng di \u0111\u1ed9ng\/ USB Kingston DT100G3\" \/><\/p>\n<h3>Th\u00f4ng s\u00f4\u0301 ky\u0303 thu\u00e2\u0323t<\/h3>\n<ul>\n<li>Th\u01b0\u01a1ng hi\u1ec7uKingston<\/li>\n<li>LabelDT100G3<\/li>\n<li>M\u00e0u s\u1eafc\u0110en<\/li>\n<li>Dung l\u01b0\u1ee3ng64GB<\/li>\n<li>Giao ti\u1ebfp:\u00a0USB\u00a03.0<\/li>\n<li>T\u1ed1c \u0111\u1ed9 \u0111\u1ecdc l\u1edbn nh\u1ea5t: 40Mb\/s<\/li>\n<li>T\u1ed1c \u0111\u1ed9 ghi l\u1edbn nh\u1ea5t: 10Mb\/s<\/li>\n<li>H\u1ed7 tr\u1ee3 h\u1ec7 \u0111i\u1ec1u h\u00e0nh: Windows 8 \/ 7 \/ Vista \/ XP \/, Mac OS 10.3.X, Linux 2.6.x.<\/li>\n<\/ul>\n<h3>T\u00ednh n\u0103ng n\u00f4\u0309i b\u00e2\u0323t:<\/h3>\n<p><img decoding=\"async\" title=\"\u1ed4 c\u1ee9ng di \u0111\u1ed9ng\/ USB Kingston DT100G3\" src=\"https:\/\/phongvu.vn\/media\/wysiwyg\/01_content_team\/Phong0710\/91._c_ng_di_ng_USB_Kingston_DT100G3.jpg\" alt=\"\u1ed4 c\u1ee9ng di \u0111\u1ed9ng\/ USB Kingston DT100G3\" \/><\/p>\n<ul>\n<li>Thi\u1ebft k\u1ebf nh\u1ecf g\u1ecdn, ti\u1ec7n l\u1ee3i \u0111\u1ec3 b\u1ea1n mang \u0111i v\u00e0 s\u1eed d\u1ee5ng khi c\u1ea7n thi\u1ebft.<\/li>\n<li>C\u00f4ng ngh\u1ec7\u00a0USB\u00a03.0 v\u1edbi t\u1ed1c \u0111\u1ed9 truy\u1ec1n t\u1ea3i d\u1eef li\u1ec7u nhanh, \u0111\u1ed3ng th\u1eddi c\u00f3 th\u1ec3 t\u01b0\u01a1ng th\u00edch ng\u01b0\u1ee3c v\u1edbi c\u1ed5ng\u00a0USB\u00a02.0 th\u00f4ng th\u01b0\u1eddng.<\/li>\n<li>Dung l\u01b0\u1ee3ng 64GB \u0111\u1ee7 \u0111\u1ec3 l\u01b0u tr\u1eef nh\u1eefng d\u1eef li\u1ec7u c\u00e1 nh\u00e2n.<\/li>\n<li>C\u00f3 th\u1ec3 l\u01b0u tr\u1eef c\u00e1c d\u1eef li\u1ec7u nh\u01b0: H\u00ecnh \u1ea3nh, video, t\u1eadp tin, v\u0103n b\u1ea3n, \u00e2m nh\u1ea1c&#8230;<\/li>\n<li>T\u01b0\u01a1ng th\u00edch v\u1edbi nhi\u1ec1u h\u1ec7 \u0111i\u1ec1u h\u00e0nh.<\/li>\n<li>S\u1eed d\u1ee5ng v\u1edbi c\u00e1c thi\u1ebft b\u1ecb:\u00a0PC, laptop, m\u00e1y in, m\u00e1y chi\u1ebfu, loa nghe nh\u1ea1c\u2026<\/li>\n<li>Ho\u1ea1t \u0111\u1ed9ng theo nguy\u00ean t\u00e1c Plug and Play, ch\u1ec9 c\u1ea7n c\u1eafm v\u00e0o m\u00e1y t\u00ednh l\u00e0 c\u00f3 th\u1ec3 s\u1eed d\u1ee5ng<\/li>\n<\/ul>\n<h3>Hi\u0300nh a\u0309nh sa\u0309n ph\u00e2\u0309m<\/h3>\n<p>USB\u00a0Kingston\u00a064GB DT100G3 mang tr\u00ean mi\u0300nh l\u01a1\u0301p vo\u0309 ngoa\u0300i ma\u0323nh me\u0303, cu\u0323c mi\u0323ch v\u01a1\u0301i n\u00ea\u0300n ta\u0309ng nh\u01b0\u0323a nha\u0301m \u0111en. B\u00f4\u0301n ca\u0323nh \u0111\u01b0\u01a1\u0323c bo va\u0301t tro\u0300n ha\u0323n ch\u00ea\u0301 \u0111\u00e2m cho\u0323t khi mang theo trong tu\u0301i qu\u00e2\u0300n, tu\u0301i a\u0301o.<\/p>\n<p>Kha\u0301c v\u01a1\u0301i ki\u00ea\u0309u\u00a0USB\u00a0\u0111\u00e2\u0323y n\u0103\u0301p th\u01b0\u01a1\u0300ng th\u00e2\u0301y,\u00a0USB\u00a0Kingston\u00a064GB DT100G3 co\u0301 ma\u0300n bi\u00ea\u0301n hi\u0300nh kha\u0301 \u00e2\u0301n t\u01b0\u01a1\u0323ng ki\u00ea\u0309u \u201c l\u00ean \u0111a\u0323n su\u0301ng lu\u0323c\u201d b\u0103\u0300ng ca\u0301ch tr\u01b0\u01a1\u0323t ph\u00e2\u0300n vo\u0309 \u0111\u00ea\u0309 l\u00f4\u0323 ra \u0111\u00e2\u0300u giao ti\u00ea\u0301p 3.0 \u00e2\u0309n b\u00ean trong. Ki\u00ea\u0309u thi\u00ea\u0301t k\u00ea\u0301 na\u0300y r\u00e2\u0301t h\u01b0\u0303u i\u0301ch khi kh\u00f4ng co\u0300n s\u01a1\u0323 th\u00e2\u0301t la\u0323c n\u0103\u0301p \u0111\u00e2\u0323y, gi\u01b0\u0303 cho \u0111\u00e2\u0300u giao ti\u00ea\u0301p \u0111\u01b0\u01a1\u0323c ba\u0309o bo\u0323c an toa\u0300n.<\/p>\n<p>Ph\u00e2\u0300n \u0111\u00e2\u0300u co\u0300n la\u0323i cu\u0309a\u00a0USB\u00a0Kingston\u00a064GB DT100G3 co\u0301 ra\u0303nh xo\u0309 d\u00e2y cho phe\u0301p ba\u0323n ghe\u0301p \u0111\u00f4i chi\u00ea\u0301c\u00a0USB\u00a0na\u0300y \u0111\u00ea\u0301n nh\u01b0\u0303ng v\u00e2\u0323t b\u00e2\u0301t ly th\u00e2n nh\u01b0 chi\u0300a kho\u0301a ch\u0103\u0309ng ha\u0323n.<\/p>\n<p><img decoding=\"async\" title=\"\u1ed4 c\u1ee9ng di \u0111\u1ed9ng\/ USB Kingston DT100G3\" src=\"https:\/\/phongvu.vn\/media\/wysiwyg\/01_content_team\/Phong0710\/90._c_ng_di_ng_USB_Kingston_DT100G3.jpg\" alt=\"\u1ed4 c\u1ee9ng di \u0111\u1ed9ng\/ USB Kingston DT100G3\" \/><\/p>\n<p>Qua ba\u0300i test cho th\u00e2\u0301y\u00a0USB\u00a0Kingston\u00a064GB DT100G3 cu\u0303ng r\u00e2\u0301t x\u01b0\u0301ng \u0111a\u0301ng tr\u01a1\u0309 tha\u0300nh tr\u01a1\u0323 thu\u0309 d\u01b0\u0303 li\u00ea\u0323u cho ca\u0301c ba\u0323n trong t\u00e2\u0300m gia\u0301 na\u0300y.\u00a0Kingston\u00a0DT100G3, m\u00f4\u0323t chi\u00ea\u0301c\u00a0USB\u00a0ti\u00ea\u0323n du\u0323ng, hi\u00ea\u0323u n\u0103ng \u00f4\u0309n \u0111i\u0323nh, thi\u00ea\u0301t k\u00ea\u0301 th\u00f4ng minh \u0111\u01b0\u01a1\u0323c ph\u00e2n ph\u00f4\u0301i tr\u00ean toa\u0300n h\u00ea\u0323 th\u00f4\u0301ng cu\u0309a Phong Vu\u0303. Nhanh ch\u00e2n \u201cs\u0103\u0301m s\u01b0\u0309a\u201d cho mi\u0300nh m\u00f4\u0323t em na\u0300o ca\u0301c ba\u0323n!<\/p>\n<p><img decoding=\"async\" title=\"\u1ed4 c\u1ee9ng di \u0111\u1ed9ng\/ USB Kingston DT100G3\" src=\"https:\/\/phongvu.vn\/media\/wysiwyg\/01_content_team\/Phong0710\/93._c_ng_di_ng_USB_Kingston_DT100G3.jpg\" alt=\"\u1ed4 c\u1ee9ng di \u0111\u1ed9ng\/ USB Kingston DT100G3\" \/><\/p>","protected":false},"excerpt":{"rendered":"<p>\u0110a\u0301nh gia\u0301 sa\u0309n ph\u00e2\u0309m \u00d4\u0309 c\u1ee9ng di \u0111\u1ed9ng\/\u00a0USB\u00a0Kingston\u00a064GB DT100G3 S\u01a1 l\u01b0\u01a1\u0323c sa\u0309n ph\u00e2\u0309m USB, m\u1ed9t thi\u1ebft b\u1ecb l\u01b0u tr\u1eef gi\u1eef li\u1ec7u nh\u1ecf g\u1ecdn v\u00e0 ti\u1ec7n l\u1ee3i. V\u1edbi k\u00edch th\u01b0\u1edbc trung b\u00ecnh ch\u1ec9 b\u0103ng ng\u00f3n tay, thi\u1ebft b\u1ecb n\u00e0y v\u1eabn ch\u01b0\u0301ng t\u1ecf \u0111\u01b0\u1ee3c t\u00ednh th\u1ef1c ti\u1ec5n c\u1ee7a m\u00ecnh trong th\u1eddi \u0111\u1ea1i dung l\u01b0\u01a1\u0323ng th\u00f4ng tin b\u00f9ng &#8230;<\/p>","protected":false},"featured_media":3933,"comment_status":"open","ping_status":"closed","template":"","meta":{"_acf_changed":false},"product_cat":[418],"product_tag":[],"class_list":{"0":"post-3931","1":"product","2":"type-product","3":"status-publish","4":"has-post-thumbnail","6":"product_cat-do-choi-cong-nghe","8":"first","9":"instock","10":"sale","11":"shipping-taxable","12":"purchasable","13":"product-type-simple"},"acf":[],"yoast_head":"<!-- This site is optimized with the Yoast SEO plugin v23.8 - https:\/\/yoast.com\/wordpress\/plugins\/seo\/ -->\n<title>USB 64GB Kingston DT100G3 - ThanhPhat PC<\/title>\n<meta name=\"robots\" content=\"index, follow, max-snippet:-1, max-image-preview:large, max-video-preview:-1\" \/>\n<link rel=\"canonical\" href=\"https:\/\/thanhphatpc.com\/en\/usb-64gb-kingston-dt100g3\/\" \/>\n<meta property=\"og:locale\" content=\"en_US\" \/>\n<meta property=\"og:type\" content=\"article\" \/>\n<meta property=\"og:title\" content=\"USB 64GB Kingston DT100G3 - ThanhPhat PC\" \/>\n<meta property=\"og:description\" content=\"\u0110a\u0301nh gia\u0301 sa\u0309n ph\u00e2\u0309m \u00d4\u0309 c\u1ee9ng di \u0111\u1ed9ng\/\u00a0USB\u00a0Kingston\u00a064GB DT100G3 S\u01a1 l\u01b0\u01a1\u0323c sa\u0309n ph\u00e2\u0309m USB, m\u1ed9t thi\u1ebft b\u1ecb l\u01b0u tr\u1eef gi\u1eef li\u1ec7u nh\u1ecf g\u1ecdn v\u00e0 ti\u1ec7n l\u1ee3i. V\u1edbi k\u00edch th\u01b0\u1edbc trung b\u00ecnh ch\u1ec9 b\u0103ng ng\u00f3n tay, thi\u1ebft b\u1ecb n\u00e0y v\u1eabn ch\u01b0\u0301ng t\u1ecf \u0111\u01b0\u1ee3c t\u00ednh th\u1ef1c ti\u1ec5n c\u1ee7a m\u00ecnh trong th\u1eddi \u0111\u1ea1i dung l\u01b0\u01a1\u0323ng th\u00f4ng tin b\u00f9ng ...\" \/>\n<meta property=\"og:url\" content=\"https:\/\/thanhphatpc.com\/en\/usb-64gb-kingston-dt100g3\/\" \/>\n<meta property=\"og:site_name\" content=\"ThanhPhat PC\" \/>\n<meta property=\"article:modified_time\" content=\"2021-08-14T07:19:48+00:00\" \/>\n<meta property=\"og:image\" content=\"https:\/\/thanhphatpc.com\/wp-content\/uploads\/2020\/04\/usb-64gb-1.jpg\" \/>\n\t<meta property=\"og:image:width\" content=\"350\" \/>\n\t<meta property=\"og:image:height\" content=\"350\" \/>\n\t<meta property=\"og:image:type\" content=\"image\/jpeg\" \/>\n<meta name=\"twitter:card\" content=\"summary_large_image\" \/>\n<meta name=\"twitter:label1\" content=\"Est. reading time\" \/>\n\t<meta name=\"twitter:data1\" content=\"4 minutes\" \/>\n<script type=\"application\/ld+json\" class=\"yoast-schema-graph\">{\"@context\":\"https:\/\/schema.org\",\"@graph\":[{\"@type\":\"WebPage\",\"@id\":\"https:\/\/thanhphatpc.com\/usb-64gb-kingston-dt100g3\/\",\"url\":\"https:\/\/thanhphatpc.com\/usb-64gb-kingston-dt100g3\/\",\"name\":\"USB 64GB Kingston DT100G3 - ThanhPhat PC\",\"isPartOf\":{\"@id\":\"https:\/\/thanhphatpc.com\/#website\"},\"primaryImageOfPage\":{\"@id\":\"https:\/\/thanhphatpc.com\/usb-64gb-kingston-dt100g3\/#primaryimage\"},\"image\":{\"@id\":\"https:\/\/thanhphatpc.com\/usb-64gb-kingston-dt100g3\/#primaryimage\"},\"thumbnailUrl\":\"https:\/\/thanhphatpc.com\/wp-content\/uploads\/2020\/04\/usb-64gb-1.jpg\",\"datePublished\":\"2020-04-20T07:58:53+00:00\",\"dateModified\":\"2021-08-14T07:19:48+00:00\",\"breadcrumb\":{\"@id\":\"https:\/\/thanhphatpc.com\/usb-64gb-kingston-dt100g3\/#breadcrumb\"},\"inLanguage\":\"en-US\",\"potentialAction\":[{\"@type\":\"ReadAction\",\"target\":[\"https:\/\/thanhphatpc.com\/usb-64gb-kingston-dt100g3\/\"]}]},{\"@type\":\"ImageObject\",\"inLanguage\":\"en-US\",\"@id\":\"https:\/\/thanhphatpc.com\/usb-64gb-kingston-dt100g3\/#primaryimage\",\"url\":\"https:\/\/thanhphatpc.com\/wp-content\/uploads\/2020\/04\/usb-64gb-1.jpg\",\"contentUrl\":\"https:\/\/thanhphatpc.com\/wp-content\/uploads\/2020\/04\/usb-64gb-1.jpg\",\"width\":350,\"height\":350},{\"@type\":\"BreadcrumbList\",\"@id\":\"https:\/\/thanhphatpc.com\/usb-64gb-kingston-dt100g3\/#breadcrumb\",\"itemListElement\":[{\"@type\":\"ListItem\",\"position\":1,\"name\":\"Trang ch\u1ee7\",\"item\":\"https:\/\/thanhphatpc.com\/\"},{\"@type\":\"ListItem\",\"position\":2,\"name\":\"C\u1eeda h\u00e0ng\",\"item\":\"https:\/\/thanhphatpc.com\/cua-hang\/\"},{\"@type\":\"ListItem\",\"position\":3,\"name\":\"USB 64GB Kingston DT100G3\"}]},{\"@type\":\"WebSite\",\"@id\":\"https:\/\/thanhphatpc.com\/#website\",\"url\":\"https:\/\/thanhphatpc.com\/\",\"name\":\"ThanhPhat PC\",\"description\":\"D\u1ecbch v\u1ee5 ho\u00e0n h\u1ea3o\",\"potentialAction\":[{\"@type\":\"SearchAction\",\"target\":{\"@type\":\"EntryPoint\",\"urlTemplate\":\"https:\/\/thanhphatpc.com\/?s={search_term_string}\"},\"query-input\":{\"@type\":\"PropertyValueSpecification\",\"valueRequired\":true,\"valueName\":\"search_term_string\"}}],\"inLanguage\":\"en-US\"}]}<\/script>\n<!-- \/ Yoast SEO plugin. -->","yoast_head_json":{"title":"USB 64GB Kingston DT100G3 - ThanhPhat PC","robots":{"index":"index","follow":"follow","max-snippet":"max-snippet:-1","max-image-preview":"max-image-preview:large","max-video-preview":"max-video-preview:-1"},"canonical":"https:\/\/thanhphatpc.com\/en\/usb-64gb-kingston-dt100g3\/","og_locale":"en_US","og_type":"article","og_title":"USB 64GB Kingston DT100G3 - ThanhPhat PC","og_description":"\u0110a\u0301nh gia\u0301 sa\u0309n ph\u00e2\u0309m \u00d4\u0309 c\u1ee9ng di \u0111\u1ed9ng\/\u00a0USB\u00a0Kingston\u00a064GB DT100G3 S\u01a1 l\u01b0\u01a1\u0323c sa\u0309n ph\u00e2\u0309m USB, m\u1ed9t thi\u1ebft b\u1ecb l\u01b0u tr\u1eef gi\u1eef li\u1ec7u nh\u1ecf g\u1ecdn v\u00e0 ti\u1ec7n l\u1ee3i. V\u1edbi k\u00edch th\u01b0\u1edbc trung b\u00ecnh ch\u1ec9 b\u0103ng ng\u00f3n tay, thi\u1ebft b\u1ecb n\u00e0y v\u1eabn ch\u01b0\u0301ng t\u1ecf \u0111\u01b0\u1ee3c t\u00ednh th\u1ef1c ti\u1ec5n c\u1ee7a m\u00ecnh trong th\u1eddi \u0111\u1ea1i dung l\u01b0\u01a1\u0323ng th\u00f4ng tin b\u00f9ng ...","og_url":"https:\/\/thanhphatpc.com\/en\/usb-64gb-kingston-dt100g3\/","og_site_name":"ThanhPhat PC","article_modified_time":"2021-08-14T07:19:48+00:00","og_image":[{"width":350,"height":350,"url":"https:\/\/thanhphatpc.com\/wp-content\/uploads\/2020\/04\/usb-64gb-1.jpg","type":"image\/jpeg"}],"twitter_card":"summary_large_image","twitter_misc":{"Est. reading time":"4 minutes"},"schema":{"@context":"https:\/\/schema.org","@graph":[{"@type":"WebPage","@id":"https:\/\/thanhphatpc.com\/usb-64gb-kingston-dt100g3\/","url":"https:\/\/thanhphatpc.com\/usb-64gb-kingston-dt100g3\/","name":"USB 64GB Kingston DT100G3 - ThanhPhat PC","isPartOf":{"@id":"https:\/\/thanhphatpc.com\/#website"},"primaryImageOfPage":{"@id":"https:\/\/thanhphatpc.com\/usb-64gb-kingston-dt100g3\/#primaryimage"},"image":{"@id":"https:\/\/thanhphatpc.com\/usb-64gb-kingston-dt100g3\/#primaryimage"},"thumbnailUrl":"https:\/\/thanhphatpc.com\/wp-content\/uploads\/2020\/04\/usb-64gb-1.jpg","datePublished":"2020-04-20T07:58:53+00:00","dateModified":"2021-08-14T07:19:48+00:00","breadcrumb":{"@id":"https:\/\/thanhphatpc.com\/usb-64gb-kingston-dt100g3\/#breadcrumb"},"inLanguage":"en-US","potentialAction":[{"@type":"ReadAction","target":["https:\/\/thanhphatpc.com\/usb-64gb-kingston-dt100g3\/"]}]},{"@type":"ImageObject","inLanguage":"en-US","@id":"https:\/\/thanhphatpc.com\/usb-64gb-kingston-dt100g3\/#primaryimage","url":"https:\/\/thanhphatpc.com\/wp-content\/uploads\/2020\/04\/usb-64gb-1.jpg","contentUrl":"https:\/\/thanhphatpc.com\/wp-content\/uploads\/2020\/04\/usb-64gb-1.jpg","width":350,"height":350},{"@type":"BreadcrumbList","@id":"https:\/\/thanhphatpc.com\/usb-64gb-kingston-dt100g3\/#breadcrumb","itemListElement":[{"@type":"ListItem","position":1,"name":"Trang ch\u1ee7","item":"https:\/\/thanhphatpc.com\/"},{"@type":"ListItem","position":2,"name":"C\u1eeda h\u00e0ng","item":"https:\/\/thanhphatpc.com\/cua-hang\/"},{"@type":"ListItem","position":3,"name":"USB 64GB Kingston DT100G3"}]},{"@type":"WebSite","@id":"https:\/\/thanhphatpc.com\/#website","url":"https:\/\/thanhphatpc.com\/","name":"ThanhPhat PC","description":"D\u1ecbch v\u1ee5 ho\u00e0n h\u1ea3o","potentialAction":[{"@type":"SearchAction","target":{"@type":"EntryPoint","urlTemplate":"https:\/\/thanhphatpc.com\/?s={search_term_string}"},"query-input":{"@type":"PropertyValueSpecification","valueRequired":true,"valueName":"search_term_string"}}],"inLanguage":"en-US"}]}},"_links":{"self":[{"href":"https:\/\/thanhphatpc.com\/en\/wp-json\/wp\/v2\/product\/3931","targetHints":{"allow":["GET"]}}],"collection":[{"href":"https:\/\/thanhphatpc.com\/en\/wp-json\/wp\/v2\/product"}],"about":[{"href":"https:\/\/thanhphatpc.com\/en\/wp-json\/wp\/v2\/types\/product"}],"replies":[{"embeddable":true,"href":"https:\/\/thanhphatpc.com\/en\/wp-json\/wp\/v2\/comments?post=3931"}],"wp:featuredmedia":[{"embeddable":true,"href":"https:\/\/thanhphatpc.com\/en\/wp-json\/wp\/v2\/media\/3933"}],"wp:attachment":[{"href":"https:\/\/thanhphatpc.com\/en\/wp-json\/wp\/v2\/media?parent=3931"}],"wp:term":[{"taxonomy":"product_cat","embeddable":true,"href":"https:\/\/thanhphatpc.com\/en\/wp-json\/wp\/v2\/product_cat?post=3931"},{"taxonomy":"product_tag","embeddable":true,"href":"https:\/\/thanhphatpc.com\/en\/wp-json\/wp\/v2\/product_tag?post=3931"}],"curies":[{"name":"wp","href":"https:\/\/api.w.org\/{rel}","templated":true}]}}