{"id":3935,"date":"2020-04-25T10:32:03","date_gmt":"2020-04-25T03:32:03","guid":{"rendered":"https:\/\/thanhphatpc.com\/?post_type=product&#038;p=3935"},"modified":"2020-04-25T10:32:03","modified_gmt":"2020-04-25T03:32:03","slug":"chuot-khong-day-coolerplus-m105","status":"publish","type":"product","link":"https:\/\/thanhphatpc.com\/en\/chuot-khong-day-coolerplus-m105\/","title":{"rendered":"Chu\u1ed9t kh\u00f4ng d\u00e2y Coolerplus M105"},"content":{"rendered":"<p>Chu\u1ed9t kh\u00f4ng d\u00e2y M105\u00a0\u0111\u01b0\u1ee3c thi\u1ebft k\u1ebf kh\u00e1 \u0111\u01a1n gi\u1ea3n, kh\u00f4ng qu\u00e1 c\u1ea7u k\u00ec nh\u01b0ng l\u1ea1i mang l\u1ea1i cho ng\u01b0\u1eddi nh\u00ecn s\u1ef1 sang tr\u1ecdng v\u00e0 \u0111\u1eb3ng c\u1ea5p. Thi\u1ebft k\u1ebf m\u00e0u \u0111en l\u00e0m ch\u1ee7 \u0111\u1ea1o v\u00e0 \u0111i\u1ec3m th\u00eam c\u00e1c gam m\u00e0u \u0111\u1ecf, xanh\u2026 tr\u00ean th\u00e2n, v\u1edbi k\u00edch th\u01b0\u1edbc ph\u00f9 h\u1ee3p v\u1edbi c\u1ea3 ng\u01b0\u1eddi d\u00f9ng l\u00e0 nam hay n\u1eef.<\/p>\n<p><img decoding=\"async\" src=\"https:\/\/coolerplus.com.vn\/image\/M105\/m0580x405.jpg\" \/><\/p>\n<p>S\u1ea3n ph\u1ea9m \u0111\u01b0\u1ee3c s\u1ea3n xu\u1ea5t tr\u00ean d\u00e2y chuy\u1ec1n c\u00f4ng ngh\u1ec7 hi\u1ec7n \u0111\u1ea1i c\u1ee7a COOLERPLUS v\u00e0 \u0111\u01b0\u1ee3c test ki\u1ec3m tra k\u1ef9 c\u00e0ng tr\u01b0\u1edbc khi xu\u1ea5t x\u01b0\u1edfng v\u00e0 t\u1edbi tay ng\u01b0\u1eddi ti\u00eau d\u00f9ng n\u00ean b\u1ea1n c\u00f3 th\u1ec3 ho\u00e0n to\u00e0n y\u00ean t\u00e2m.<\/p>\n<p><img decoding=\"async\" src=\"https:\/\/coolerplus.com.vn\/image\/M105\/m10580x4052.jpg\" \/><\/p>\n<p>Ch\u1ea5t li\u1ec7u nh\u1ef1a cao c\u1ea5p c\u00f3 kh\u1ea3 n\u0103ng ch\u1ed1ng va \u0111\u1eadp r\u01a1i v\u1ee1, \u0111\u1ea3m b\u1ea3o \u0111\u1ed9 b\u1ec1n cho chu\u1ed9t. Thi\u1ebft k\u1ebf v\u1edbi 3 n\u00fat b\u1ea5m: Chu\u1ed9t ph\u1ea3i, chu\u1ed9t tr\u00e1i, cu\u1ed9n d\u1ecdc. Cu\u1ed9n d\u1ecdc thi\u1ebft k\u1ebf gi\u00fap t\u0103ng \u0111\u1ed9 ma s\u00e1t v\u1edbi tay ng\u01b0\u1eddi d\u00f9ng gi\u00fap d\u1ec5 d\u00e0ng thao t\u00e1c h\u01a1n. \u0110\u1eb7c bi\u1ec7t,\u00a0 COOLERPLUS c\u00f3 thi\u1ebft k\u1ebf gi\u1ea3m ti\u1ebfng \u1ed3n \u1edf 2 n\u00fat ph\u1ea3i\/tr\u00e1i c\u1ee7a chu\u1ed9t. Mang l\u1ea1i s\u1ef1 y\u00ean t\u0129nh cho kh\u00f4ng gian l\u00e0m vi\u1ec7c. Nh\u1edd \u0111\u00f3 b\u1ea1n c\u00f3 th\u1ec3 tho\u1ea3i m\u00e1i v\u00e0 kh\u00f4ng c\u00f2n lo l\u1eafng khi s\u1eed d\u1ee5ng trong ph\u00f2ng l\u00e0m vi\u1ec7c \u0111\u00f4ng ng\u01b0\u1eddi, tr\u00e1nh g\u00e2y ti\u1ebfng \u1ed3n \u1ea3nh h\u01b0\u1edfng t\u1edbi ng\u01b0\u1eddi xung quanh.<\/p>\n<p><img decoding=\"async\" src=\"https:\/\/coolerplus.com.vn\/image\/M105\/1-4.jpg\" \/><\/p>\n<p>Chu\u1ed9t kh\u00f4ng d\u00e2y\u00a0M105\u00a0v\u1edbi \u0111\u1ea7u c\u1eafm USB c\u00f3 th\u1ec3 d\u1ec5 d\u00e0ng c\u1ea5t ngay trong th\u00e2n chu\u1ed9t. Qu\u00e1 l\u00e0 ti\u1ec7n l\u1ee3i cho nh\u1eefng b\u1ea1n n\u00e0o hay qu\u00ean, tr\u00e1nh x\u1ea3y ra tr\u01b0\u1eddng h\u1ee3p l\u00e0m r\u01a1i, l\u00e0m m\u1ea5t \u0111\u1ea7u c\u1eafm .<\/p>\n<p><img decoding=\"async\" src=\"https:\/\/coolerplus.com.vn\/image\/M105\/117a.jpg\" \/><\/p>\n<p>Chu\u1ed9t kh\u00f4ng d\u00e2y M105 ti\u1ebft ki\u1ec7m pin \u2013 v\u1edbi ch\u1ebf \u0111\u1ed9 si\u00eau ti\u1ebft ki\u1ec7m \u0111i\u1ec7n n\u0103ng c\u00f3\u00a0ti\u00eau th\u1ee5 \u0111i\u1ec7n n\u0103ng th\u1ea5p nh\u1ea5t 6mA. Chu\u1ed9t s\u1eed d\u1ee5ng 1 pin AA c\u00f3 th\u1ec3 s\u1eed d\u1ee5ng t\u1edbi 12 th\u00e1ng. Khi kh\u00f4ng s\u1eed d\u1ee5ng t\u1edbi, chu\u1ed9t s\u1ebd t\u1ef1 \u0111\u1ed9ng chuy\u1ec3n sang ch\u1ebf \u0111\u1ed9 ti\u1ebfp ki\u1ec7m n\u0103ng l\u01b0\u1ee3ng ngay l\u1eadp t\u1ee9c gi\u00fap ti\u1ebft ki\u1ec7m pin v\u00e0 t\u0103ng th\u1eddi gian s\u1eed d\u1ee5ng pin \u0111\u01b0\u1ee3c l\u00e2u h\u01a1n.<\/p>\n<p><img decoding=\"async\" src=\"https:\/\/coolerplus.com.vn\/image\/M105\/162576.jpg\" \/><\/p>\n<p>Chu\u1ed9t kh\u00f4ng d\u00e2y M105\u00a0c\u00f3 c\u1ea3m bi\u1ebfn quang h\u1ecdc IR v\u1edbi \u0111\u1ed9 ch\u00ednh x\u00e1c cao. Nh\u1edd \u0111\u00f3 b\u1ea1n c\u00f3 th\u1ec3 s\u1eed d\u1ee5ng chu\u1ed9t t\u1ed1t tr\u00ean m\u1ecdi ch\u1ea5t li\u1ec7u kh\u00e1c nhau. Chu\u1ed9t c\u00f3 \u0111\u1ed9 ph\u00e2n gi\u1ea3i n1000 dpi n\u00ean b\u1ea1n c\u00f3 th\u1ec3 d\u1ec5 d\u00e0ng s\u1eed d\u1ee5ng ph\u1ee5c v\u1ee5 c\u00e1c c\u00f4ng vi\u1ec7c v\u0103n ph\u00f2ng ho\u1eb7c ch\u01a1i game d\u1ec5 d\u00e0ng<\/p>\n<p><img decoding=\"async\" src=\"https:\/\/coolerplus.com.vn\/image\/M105\/2576.jpg\" \/><\/p>\n<p>H\u1ed7 tr\u1ee3 h\u1ea7u h\u1ebft c\u00e1c h\u1ec7 \u0111i\u1ec1u h\u00e0nh hi\u1ec7n nay. D\u1ec5 d\u00e0ng s\u1eed d\u1ee5ng, kh\u00f4ng c\u1ea7n b\u1ea5t c\u1ee9 c\u00e0i \u0111\u1eb7t g\u00ec. Kho\u1ea3ng c\u00e1ch k\u1ebft n\u1ed1i kh\u00f4ng d\u00e2y 10m \u0111\u1ec3 b\u1ea1n tha h\u1ed3 di chuy\u1ec3n v\u00e0 \u0111i\u1ec1u khi\u1ec3n chu\u1ed9t, kh\u00f4ng \u00a0c\u00f2n b\u1ecb g\u00f2 b\u00f3 v\u00e0 gi\u1edbi h\u1ea1n kho\u1ea3ng c\u00e1ch nhi\u1ec1u so v\u1edbi vi\u1ec7c s\u1eed d\u1ee5ng chu\u1ed9t c\u00f3 d\u00e2y.<\/p>\n<p>TH\u00d4NG S\u1ed0 K\u1ef8 THU\u1eacT<\/p>\n<p>&#8211; Ki\u1ec3u giao ti\u1ebfp: Wireless USB<\/p>\n<p>&#8211; C\u00f4ng ngh\u1ec7 Nano 2.4GHz<\/p>\n<p>&#8211; \u0110\u1ed9 ph\u00e2n gi\u1ea3i: 1000 DPI<\/p>\n<p>&#8211; Ph\u00edm ch\u1ee9c n\u0103ng: 3<\/p>\n<p>&#8211; Kho\u1ea3ng c\u00e1ch ho\u1ea1t \u0111\u1ed9ng: 10m<\/p>\n<p>&#8211; B\u1ea3o h\u00e0nh: 12 th\u00e1ng<\/p>","protected":false},"excerpt":{"rendered":"<p>Chu\u1ed9t kh\u00f4ng d\u00e2y M105\u00a0\u0111\u01b0\u1ee3c thi\u1ebft k\u1ebf kh\u00e1 \u0111\u01a1n gi\u1ea3n, kh\u00f4ng qu\u00e1 c\u1ea7u k\u00ec nh\u01b0ng l\u1ea1i mang l\u1ea1i cho ng\u01b0\u1eddi nh\u00ecn s\u1ef1 sang tr\u1ecdng v\u00e0 \u0111\u1eb3ng c\u1ea5p. Thi\u1ebft k\u1ebf m\u00e0u \u0111en l\u00e0m ch\u1ee7 \u0111\u1ea1o v\u00e0 \u0111i\u1ec3m th\u00eam c\u00e1c gam m\u00e0u \u0111\u1ecf, xanh\u2026 tr\u00ean th\u00e2n, v\u1edbi k\u00edch th\u01b0\u1edbc ph\u00f9 h\u1ee3p v\u1edbi c\u1ea3 ng\u01b0\u1eddi d\u00f9ng l\u00e0 nam hay &#8230;<\/p>","protected":false},"featured_media":3936,"comment_status":"open","ping_status":"closed","template":"","meta":{"_acf_changed":false},"product_cat":[435],"product_tag":[],"class_list":{"0":"post-3935","1":"product","2":"type-product","3":"status-publish","4":"has-post-thumbnail","6":"product_cat-chuot-may-tinh","8":"first","9":"instock","10":"shipping-taxable","11":"purchasable","12":"product-type-simple"},"acf":[],"yoast_head":"<!-- This site is optimized with the Yoast SEO plugin v23.8 - https:\/\/yoast.com\/wordpress\/plugins\/seo\/ -->\n<title>Chu\u1ed9t kh\u00f4ng d\u00e2y Coolerplus M105 - ThanhPhat PC<\/title>\n<meta name=\"robots\" content=\"index, follow, max-snippet:-1, max-image-preview:large, max-video-preview:-1\" \/>\n<link rel=\"canonical\" href=\"https:\/\/thanhphatpc.com\/en\/chuot-khong-day-coolerplus-m105\/\" \/>\n<meta property=\"og:locale\" content=\"en_US\" \/>\n<meta property=\"og:type\" content=\"article\" \/>\n<meta property=\"og:title\" content=\"Chu\u1ed9t kh\u00f4ng d\u00e2y Coolerplus M105 - ThanhPhat PC\" \/>\n<meta property=\"og:description\" content=\"Chu\u1ed9t kh\u00f4ng d\u00e2y M105\u00a0\u0111\u01b0\u1ee3c thi\u1ebft k\u1ebf kh\u00e1 \u0111\u01a1n gi\u1ea3n, kh\u00f4ng qu\u00e1 c\u1ea7u k\u00ec nh\u01b0ng l\u1ea1i mang l\u1ea1i cho ng\u01b0\u1eddi nh\u00ecn s\u1ef1 sang tr\u1ecdng v\u00e0 \u0111\u1eb3ng c\u1ea5p. Thi\u1ebft k\u1ebf m\u00e0u \u0111en l\u00e0m ch\u1ee7 \u0111\u1ea1o v\u00e0 \u0111i\u1ec3m th\u00eam c\u00e1c gam m\u00e0u \u0111\u1ecf, xanh\u2026 tr\u00ean th\u00e2n, v\u1edbi k\u00edch th\u01b0\u1edbc ph\u00f9 h\u1ee3p v\u1edbi c\u1ea3 ng\u01b0\u1eddi d\u00f9ng l\u00e0 nam hay ...\" \/>\n<meta property=\"og:url\" content=\"https:\/\/thanhphatpc.com\/en\/chuot-khong-day-coolerplus-m105\/\" \/>\n<meta property=\"og:site_name\" content=\"ThanhPhat PC\" \/>\n<meta property=\"og:image\" content=\"https:\/\/thanhphatpc.com\/wp-content\/uploads\/2020\/04\/1-1.png\" \/>\n\t<meta property=\"og:image:width\" content=\"700\" \/>\n\t<meta property=\"og:image:height\" content=\"700\" \/>\n\t<meta property=\"og:image:type\" content=\"image\/png\" \/>\n<meta name=\"twitter:card\" content=\"summary_large_image\" \/>\n<meta name=\"twitter:label1\" content=\"Est. reading time\" \/>\n\t<meta name=\"twitter:data1\" content=\"4 minutes\" \/>\n<script type=\"application\/ld+json\" class=\"yoast-schema-graph\">{\"@context\":\"https:\/\/schema.org\",\"@graph\":[{\"@type\":\"WebPage\",\"@id\":\"https:\/\/thanhphatpc.com\/chuot-khong-day-coolerplus-m105\/\",\"url\":\"https:\/\/thanhphatpc.com\/chuot-khong-day-coolerplus-m105\/\",\"name\":\"Chu\u1ed9t kh\u00f4ng d\u00e2y Coolerplus M105 - ThanhPhat PC\",\"isPartOf\":{\"@id\":\"https:\/\/thanhphatpc.com\/#website\"},\"primaryImageOfPage\":{\"@id\":\"https:\/\/thanhphatpc.com\/chuot-khong-day-coolerplus-m105\/#primaryimage\"},\"image\":{\"@id\":\"https:\/\/thanhphatpc.com\/chuot-khong-day-coolerplus-m105\/#primaryimage\"},\"thumbnailUrl\":\"https:\/\/thanhphatpc.com\/wp-content\/uploads\/2020\/04\/1-1.png\",\"datePublished\":\"2020-04-25T03:32:03+00:00\",\"dateModified\":\"2020-04-25T03:32:03+00:00\",\"breadcrumb\":{\"@id\":\"https:\/\/thanhphatpc.com\/chuot-khong-day-coolerplus-m105\/#breadcrumb\"},\"inLanguage\":\"en-US\",\"potentialAction\":[{\"@type\":\"ReadAction\",\"target\":[\"https:\/\/thanhphatpc.com\/chuot-khong-day-coolerplus-m105\/\"]}]},{\"@type\":\"ImageObject\",\"inLanguage\":\"en-US\",\"@id\":\"https:\/\/thanhphatpc.com\/chuot-khong-day-coolerplus-m105\/#primaryimage\",\"url\":\"https:\/\/thanhphatpc.com\/wp-content\/uploads\/2020\/04\/1-1.png\",\"contentUrl\":\"https:\/\/thanhphatpc.com\/wp-content\/uploads\/2020\/04\/1-1.png\",\"width\":700,\"height\":700},{\"@type\":\"BreadcrumbList\",\"@id\":\"https:\/\/thanhphatpc.com\/chuot-khong-day-coolerplus-m105\/#breadcrumb\",\"itemListElement\":[{\"@type\":\"ListItem\",\"position\":1,\"name\":\"Trang ch\u1ee7\",\"item\":\"https:\/\/thanhphatpc.com\/\"},{\"@type\":\"ListItem\",\"position\":2,\"name\":\"C\u1eeda h\u00e0ng\",\"item\":\"https:\/\/thanhphatpc.com\/cua-hang\/\"},{\"@type\":\"ListItem\",\"position\":3,\"name\":\"Chu\u1ed9t kh\u00f4ng d\u00e2y Coolerplus M105\"}]},{\"@type\":\"WebSite\",\"@id\":\"https:\/\/thanhphatpc.com\/#website\",\"url\":\"https:\/\/thanhphatpc.com\/\",\"name\":\"ThanhPhat PC\",\"description\":\"D\u1ecbch v\u1ee5 ho\u00e0n h\u1ea3o\",\"potentialAction\":[{\"@type\":\"SearchAction\",\"target\":{\"@type\":\"EntryPoint\",\"urlTemplate\":\"https:\/\/thanhphatpc.com\/?s={search_term_string}\"},\"query-input\":{\"@type\":\"PropertyValueSpecification\",\"valueRequired\":true,\"valueName\":\"search_term_string\"}}],\"inLanguage\":\"en-US\"}]}<\/script>\n<!-- \/ Yoast SEO plugin. -->","yoast_head_json":{"title":"Chu\u1ed9t kh\u00f4ng d\u00e2y Coolerplus M105 - ThanhPhat PC","robots":{"index":"index","follow":"follow","max-snippet":"max-snippet:-1","max-image-preview":"max-image-preview:large","max-video-preview":"max-video-preview:-1"},"canonical":"https:\/\/thanhphatpc.com\/en\/chuot-khong-day-coolerplus-m105\/","og_locale":"en_US","og_type":"article","og_title":"Chu\u1ed9t kh\u00f4ng d\u00e2y Coolerplus M105 - ThanhPhat PC","og_description":"Chu\u1ed9t kh\u00f4ng d\u00e2y M105\u00a0\u0111\u01b0\u1ee3c thi\u1ebft k\u1ebf kh\u00e1 \u0111\u01a1n gi\u1ea3n, kh\u00f4ng qu\u00e1 c\u1ea7u k\u00ec nh\u01b0ng l\u1ea1i mang l\u1ea1i cho ng\u01b0\u1eddi nh\u00ecn s\u1ef1 sang tr\u1ecdng v\u00e0 \u0111\u1eb3ng c\u1ea5p. Thi\u1ebft k\u1ebf m\u00e0u \u0111en l\u00e0m ch\u1ee7 \u0111\u1ea1o v\u00e0 \u0111i\u1ec3m th\u00eam c\u00e1c gam m\u00e0u \u0111\u1ecf, xanh\u2026 tr\u00ean th\u00e2n, v\u1edbi k\u00edch th\u01b0\u1edbc ph\u00f9 h\u1ee3p v\u1edbi c\u1ea3 ng\u01b0\u1eddi d\u00f9ng l\u00e0 nam hay ...","og_url":"https:\/\/thanhphatpc.com\/en\/chuot-khong-day-coolerplus-m105\/","og_site_name":"ThanhPhat PC","og_image":[{"width":700,"height":700,"url":"https:\/\/thanhphatpc.com\/wp-content\/uploads\/2020\/04\/1-1.png","type":"image\/png"}],"twitter_card":"summary_large_image","twitter_misc":{"Est. reading time":"4 minutes"},"schema":{"@context":"https:\/\/schema.org","@graph":[{"@type":"WebPage","@id":"https:\/\/thanhphatpc.com\/chuot-khong-day-coolerplus-m105\/","url":"https:\/\/thanhphatpc.com\/chuot-khong-day-coolerplus-m105\/","name":"Chu\u1ed9t kh\u00f4ng d\u00e2y Coolerplus M105 - ThanhPhat PC","isPartOf":{"@id":"https:\/\/thanhphatpc.com\/#website"},"primaryImageOfPage":{"@id":"https:\/\/thanhphatpc.com\/chuot-khong-day-coolerplus-m105\/#primaryimage"},"image":{"@id":"https:\/\/thanhphatpc.com\/chuot-khong-day-coolerplus-m105\/#primaryimage"},"thumbnailUrl":"https:\/\/thanhphatpc.com\/wp-content\/uploads\/2020\/04\/1-1.png","datePublished":"2020-04-25T03:32:03+00:00","dateModified":"2020-04-25T03:32:03+00:00","breadcrumb":{"@id":"https:\/\/thanhphatpc.com\/chuot-khong-day-coolerplus-m105\/#breadcrumb"},"inLanguage":"en-US","potentialAction":[{"@type":"ReadAction","target":["https:\/\/thanhphatpc.com\/chuot-khong-day-coolerplus-m105\/"]}]},{"@type":"ImageObject","inLanguage":"en-US","@id":"https:\/\/thanhphatpc.com\/chuot-khong-day-coolerplus-m105\/#primaryimage","url":"https:\/\/thanhphatpc.com\/wp-content\/uploads\/2020\/04\/1-1.png","contentUrl":"https:\/\/thanhphatpc.com\/wp-content\/uploads\/2020\/04\/1-1.png","width":700,"height":700},{"@type":"BreadcrumbList","@id":"https:\/\/thanhphatpc.com\/chuot-khong-day-coolerplus-m105\/#breadcrumb","itemListElement":[{"@type":"ListItem","position":1,"name":"Trang ch\u1ee7","item":"https:\/\/thanhphatpc.com\/"},{"@type":"ListItem","position":2,"name":"C\u1eeda h\u00e0ng","item":"https:\/\/thanhphatpc.com\/cua-hang\/"},{"@type":"ListItem","position":3,"name":"Chu\u1ed9t kh\u00f4ng d\u00e2y Coolerplus M105"}]},{"@type":"WebSite","@id":"https:\/\/thanhphatpc.com\/#website","url":"https:\/\/thanhphatpc.com\/","name":"ThanhPhat PC","description":"D\u1ecbch v\u1ee5 ho\u00e0n h\u1ea3o","potentialAction":[{"@type":"SearchAction","target":{"@type":"EntryPoint","urlTemplate":"https:\/\/thanhphatpc.com\/?s={search_term_string}"},"query-input":{"@type":"PropertyValueSpecification","valueRequired":true,"valueName":"search_term_string"}}],"inLanguage":"en-US"}]}},"_links":{"self":[{"href":"https:\/\/thanhphatpc.com\/en\/wp-json\/wp\/v2\/product\/3935","targetHints":{"allow":["GET"]}}],"collection":[{"href":"https:\/\/thanhphatpc.com\/en\/wp-json\/wp\/v2\/product"}],"about":[{"href":"https:\/\/thanhphatpc.com\/en\/wp-json\/wp\/v2\/types\/product"}],"replies":[{"embeddable":true,"href":"https:\/\/thanhphatpc.com\/en\/wp-json\/wp\/v2\/comments?post=3935"}],"wp:featuredmedia":[{"embeddable":true,"href":"https:\/\/thanhphatpc.com\/en\/wp-json\/wp\/v2\/media\/3936"}],"wp:attachment":[{"href":"https:\/\/thanhphatpc.com\/en\/wp-json\/wp\/v2\/media?parent=3935"}],"wp:term":[{"taxonomy":"product_cat","embeddable":true,"href":"https:\/\/thanhphatpc.com\/en\/wp-json\/wp\/v2\/product_cat?post=3935"},{"taxonomy":"product_tag","embeddable":true,"href":"https:\/\/thanhphatpc.com\/en\/wp-json\/wp\/v2\/product_tag?post=3935"}],"curies":[{"name":"wp","href":"https:\/\/api.w.org\/{rel}","templated":true}]}}