{"id":3939,"date":"2020-04-25T10:40:48","date_gmt":"2020-04-25T03:40:48","guid":{"rendered":"https:\/\/thanhphatpc.com\/?post_type=product&#038;p=3939"},"modified":"2023-10-19T16:26:26","modified_gmt":"2023-10-19T09:26:26","slug":"router-wifi-tenda-ac6-den","status":"publish","type":"product","link":"https:\/\/thanhphatpc.com\/en\/router-wifi-tenda-ac6-den\/","title":{"rendered":"Router Wifi Tenda AC6 (\u0111en)"},"content":{"rendered":"<h2><strong>\u0110\u00e1nh gi\u00e1\u00a0Thi\u1ebft b\u1ecb m\u1ea1ng\/\u00a0Router\u00a0Tenda AC6 (\u0110en)<\/strong><\/h2>\n<h4><strong>Gi\u1edbi thi\u1ec7u chung<\/strong><\/h4>\n<p>V\u1edbi hi\u1ec7u su\u1ea5t t\u1ed1t t\u1ea1i t\u1ea7m gi\u00e1 c\u1ee7a m\u00ecnh,\u00a0<strong>Thi\u1ebft b\u1ecb m\u1ea1ng\/\u00a0Router\u00a0Tenda AC6 (\u0110en)\u00a0<\/strong>l\u00e0 thi\u1ebft b\u1ecb ph\u00e1t Wifi chu\u1ea9n AC d\u00e0nh cho gi\u1ea3i tr\u00ed \u0111a ph\u01b0\u01a1ng ti\u1ec7n, m\u1ed9t s\u1ef1 l\u1ef1a ch\u1ecdn ph\u00f9 h\u1ee3p \u0111\u1ec3 s\u1eed d\u1ee5ng trong c\u00e1c c\u0103n h\u1ed9 2-3 t\u1ea7ng, qu\u00e1n cafe, nh\u00e0 h\u00e0ng hay th\u1eadm ch\u00ed l\u00e0 showroom l\u1edbn.<\/p>\n<h4><strong>C\u1ea5u t\u1ea1o<\/strong><\/h4>\n<p>Thi\u1ebft b\u1ecb c\u00f3 thi\u1ebft k\u1ebf m\u1ea1nh m\u1ebd v\u1edbi gam m\u00e0u \u0111en ch\u1ee7 \u0111\u1ea1o c\u00f9ng nh\u1eefng \u0111\u01b0\u1eddng n\u00e9t g\u00f3c c\u1ea1nh r\u00f5 r\u00e0ng. M\u1eb7t tr\u01b0\u1edbc ch\u1ec9 c\u00f3 d\u00e3y \u0111\u00e8n t\u00edn hi\u1ec7u \u0111\u1ec3 b\u1ea1n bi\u1ebft tr\u1ea1ng th\u00e1i ho\u1ea1t \u0111\u1ed9ng c\u1ee7a thi\u1ebft b\u1ecb trong khi to\u00e0n b\u1ed9 c\u1ed5ng k\u1ebft n\u1ed1i v\u00e0 n\u00fat ch\u1ee9c n\u0103ng \u0111\u01b0\u1ee3c b\u1ed1 tr\u00ed \u1edf m\u1eb7t sau. T\u1ea1i \u0111\u00e2y b\u1ea1n c\u00f3 3 c\u1ed5ng LAN 10\/100 Mbps, m\u1ed9t c\u1ed5ng WAN 10\/100 Mbps v\u00e0 m\u1ed9t n\u00fat Reset\/WPS.<img loading=\"lazy\" decoding=\"async\" class=\"aligncenter size-full wp-image-16413\" src=\"https:\/\/tmp.phongvu.vn\/wp-content\/uploads\/2018\/10\/Router-Tenda-AC6-%C4%90en-1.jpg\" alt=\"Thi\u1ebft b\u1ecb m\u1ea1ng\/ Router Tenda AC6 (\u0110en)\" width=\"1180\" height=\"580\" \/><\/p>\n<h4><strong>Hi\u1ec7u n\u0103ng\u00a0<\/strong><\/h4>\n<p>Thi\u1ebft b\u1ecb \u0111\u01b0\u1ee3c trang b\u1ecb 4 \u0103ng ten v\u1edbi \u0111\u1ed9 l\u1ee3i t\u00edn hi\u1ec7u 5dBi, m\u1eb7c d\u00f9 kh\u00f4ng c\u00f3 kh\u1ea3 n\u0103ng th\u00e1o r\u1eddi nh\u01b0ng v\u1eabn t\u01b0\u01a1ng \u0111\u1ed1i linh ho\u1ea1t v\u1edbi ch\u1ee9c n\u0103ng xoay \u0111\u1ec3 \u0111\u1ecbnh h\u01b0\u1edbng s\u00f3ng Wi-Fi t\u1ed1t h\u01a1n. K\u1ebft h\u1ee3p v\u1edbi\u00a0c\u00f4ng ngh\u1ec7 b\u1ee9c x\u1ea1 \u0111a dao \u0111\u1ed9ng ti\u00ean ti\u1ebfn, b\u1ea1n c\u00f3 c\u00e1c t\u00edn hi\u1ec7u m\u1ea1nh c\u00f3 th\u1ec3 bao ph\u1ee7 t\u1ed1i \u01b0u m\u1ed7i g\u00f3c trong kh\u00f4ng gian l\u00e0m vi\u1ec7c v\u00e0 gi\u1ea3i tr\u00ed c\u1ee7a b\u1ea1n.<\/p>\n<p>Ngo\u00e0i ra, thi\u1ebft b\u1ecb c\u00f2n \u0111\u01b0\u1ee3c trang b\u1ecb c\u00f4ng ngh\u1ec7 Beamforming, gi\u00fap t\u1ed1i \u01b0u kh\u1ea3 n\u0103ng truy\u1ec1n s\u00f3ng \u0111\u1ebfn t\u1eebng thi\u1ebft b\u1ecb.\u00a0Th\u00f4ng th\u01b0\u1eddng, b\u1ed9 \u0111\u1ecbnh tuy\u1ebfn ph\u00e1t s\u00f3ng Wi Fi theo m\u1ecdi h\u01b0\u1edbng nh\u01b0ng v\u1edbi Beamforming,\u00a0n\u00f3 s\u1ebd x\u00e1c \u0111\u1ecbnh thi\u1ebft b\u1ecb \u1edf \u0111\u00e2u v\u00e0 t\u00edn hi\u1ec7u s\u1ebd h\u01b0\u1edbng t\u1edbi t\u1eebng thi\u1ebft b\u1ecb r\u1ed3i t\u1eadp trung v\u00e0o truy\u1ec1n t\u1ea3i d\u1eef li\u1ec7u t\u1edbi c\u00e1c \u0111\u00edch \u0111\u00f3 thay v\u00ec ph\u00e1t ra xung quanh.<img loading=\"lazy\" decoding=\"async\" class=\"aligncenter size-full wp-image-16412\" src=\"https:\/\/tmp.phongvu.vn\/wp-content\/uploads\/2018\/10\/Router-Tenda-AC6-%C4%90en.jpg\" alt=\"Thi\u1ebft b\u1ecb m\u1ea1ng\/ Router Tenda AC6 (\u0110en)\" width=\"1180\" height=\"562\" \/><\/p>\n<p>Cu\u1ed1i c\u00f9ng,\u00a0<strong>Thi\u1ebft b\u1ecb m\u1ea1ng\/\u00a0Router\u00a0Tenda AC6 (\u0110en)<\/strong>\u00a0ho\u00e0n to\u00e0n n\u1eb1m trong s\u1ef1 ki\u1ec3m so\u00e1t c\u1ee7a b\u1ea1n d\u00f9 \u1edf b\u1ea5t c\u1ee9 \u0111\u00e2u v\u1edbi\u00a0\u1ee9ng d\u1ee5ng\u00a0Tenda Wi Fi.\u00a0\u1ee8ng d\u1ee5ng\u00a0cho ph\u00e9p b\u1ea1n ch\u1eb7n ng\u01b0\u1eddi d\u00f9ng tr\u00e1i ph\u00e9p ch\u1ec9 v\u1edbi m\u1ed9t l\u1ea7n ch\u1ea1m, h\u1ed7 tr\u1ee3 tr\u00ecnh ki\u1ec3m so\u00e1t truy c\u1eadp v\u00e0 b\u1ea3o v\u1ec7 s\u1ef1 ri\u00eang t\u01b0 c\u00e1 nh\u00e2n c\u1ee7a b\u1ea1n.<\/p>","protected":false},"excerpt":{"rendered":"<p>\u0110\u00e1nh gi\u00e1\u00a0Thi\u1ebft b\u1ecb m\u1ea1ng\/\u00a0Router\u00a0Tenda AC6 (\u0110en) Gi\u1edbi thi\u1ec7u chung V\u1edbi hi\u1ec7u su\u1ea5t t\u1ed1t t\u1ea1i t\u1ea7m gi\u00e1 c\u1ee7a m\u00ecnh,\u00a0Thi\u1ebft b\u1ecb m\u1ea1ng\/\u00a0Router\u00a0Tenda AC6 (\u0110en)\u00a0l\u00e0 thi\u1ebft b\u1ecb ph\u00e1t Wifi chu\u1ea9n AC d\u00e0nh cho gi\u1ea3i tr\u00ed \u0111a ph\u01b0\u01a1ng ti\u1ec7n, m\u1ed9t s\u1ef1 l\u1ef1a ch\u1ecdn ph\u00f9 h\u1ee3p \u0111\u1ec3 s\u1eed d\u1ee5ng trong c\u00e1c c\u0103n h\u1ed9 2-3 t\u1ea7ng, qu\u00e1n cafe, nh\u00e0 h\u00e0ng hay &#8230;<\/p>","protected":false},"featured_media":3940,"comment_status":"open","ping_status":"closed","template":"","meta":{"_acf_changed":false},"product_cat":[401],"product_tag":[],"class_list":{"0":"post-3939","1":"product","2":"type-product","3":"status-publish","4":"has-post-thumbnail","6":"product_cat-tenda","8":"first","9":"instock","10":"sale","11":"shipping-taxable","12":"purchasable","13":"product-type-simple"},"acf":[],"yoast_head":"<!-- This site is optimized with the Yoast SEO plugin v23.8 - https:\/\/yoast.com\/wordpress\/plugins\/seo\/ -->\n<title>Router Wifi Tenda AC6 (\u0111en) - ThanhPhat PC<\/title>\n<meta name=\"robots\" content=\"index, follow, max-snippet:-1, max-image-preview:large, max-video-preview:-1\" \/>\n<link rel=\"canonical\" href=\"https:\/\/thanhphatpc.com\/en\/router-wifi-tenda-ac6-den\/\" \/>\n<meta property=\"og:locale\" content=\"en_US\" \/>\n<meta property=\"og:type\" content=\"article\" \/>\n<meta property=\"og:title\" content=\"Router Wifi Tenda AC6 (\u0111en) - ThanhPhat PC\" \/>\n<meta property=\"og:description\" content=\"\u0110\u00e1nh gi\u00e1\u00a0Thi\u1ebft b\u1ecb m\u1ea1ng\/\u00a0Router\u00a0Tenda AC6 (\u0110en) Gi\u1edbi thi\u1ec7u chung V\u1edbi hi\u1ec7u su\u1ea5t t\u1ed1t t\u1ea1i t\u1ea7m gi\u00e1 c\u1ee7a m\u00ecnh,\u00a0Thi\u1ebft b\u1ecb m\u1ea1ng\/\u00a0Router\u00a0Tenda AC6 (\u0110en)\u00a0l\u00e0 thi\u1ebft b\u1ecb ph\u00e1t Wifi chu\u1ea9n AC d\u00e0nh cho gi\u1ea3i tr\u00ed \u0111a ph\u01b0\u01a1ng ti\u1ec7n, m\u1ed9t s\u1ef1 l\u1ef1a ch\u1ecdn ph\u00f9 h\u1ee3p \u0111\u1ec3 s\u1eed d\u1ee5ng trong c\u00e1c c\u0103n h\u1ed9 2-3 t\u1ea7ng, qu\u00e1n cafe, nh\u00e0 h\u00e0ng hay ...\" \/>\n<meta property=\"og:url\" content=\"https:\/\/thanhphatpc.com\/en\/router-wifi-tenda-ac6-den\/\" \/>\n<meta property=\"og:site_name\" content=\"ThanhPhat PC\" \/>\n<meta property=\"article:modified_time\" content=\"2023-10-19T09:26:26+00:00\" \/>\n<meta property=\"og:image\" content=\"https:\/\/thanhphatpc.com\/wp-content\/uploads\/2020\/04\/1-1.jpg\" \/>\n\t<meta property=\"og:image:width\" content=\"512\" \/>\n\t<meta property=\"og:image:height\" content=\"512\" \/>\n\t<meta property=\"og:image:type\" content=\"image\/jpeg\" \/>\n<meta name=\"twitter:card\" content=\"summary_large_image\" \/>\n<meta name=\"twitter:label1\" content=\"Est. reading time\" \/>\n\t<meta name=\"twitter:data1\" content=\"3 minutes\" \/>\n<script type=\"application\/ld+json\" class=\"yoast-schema-graph\">{\"@context\":\"https:\/\/schema.org\",\"@graph\":[{\"@type\":\"WebPage\",\"@id\":\"https:\/\/thanhphatpc.com\/router-wifi-tenda-ac6-den\/\",\"url\":\"https:\/\/thanhphatpc.com\/router-wifi-tenda-ac6-den\/\",\"name\":\"Router Wifi Tenda AC6 (\u0111en) - ThanhPhat PC\",\"isPartOf\":{\"@id\":\"https:\/\/thanhphatpc.com\/#website\"},\"primaryImageOfPage\":{\"@id\":\"https:\/\/thanhphatpc.com\/router-wifi-tenda-ac6-den\/#primaryimage\"},\"image\":{\"@id\":\"https:\/\/thanhphatpc.com\/router-wifi-tenda-ac6-den\/#primaryimage\"},\"thumbnailUrl\":\"https:\/\/thanhphatpc.com\/wp-content\/uploads\/2020\/04\/1-1.jpg\",\"datePublished\":\"2020-04-25T03:40:48+00:00\",\"dateModified\":\"2023-10-19T09:26:26+00:00\",\"breadcrumb\":{\"@id\":\"https:\/\/thanhphatpc.com\/router-wifi-tenda-ac6-den\/#breadcrumb\"},\"inLanguage\":\"en-US\",\"potentialAction\":[{\"@type\":\"ReadAction\",\"target\":[\"https:\/\/thanhphatpc.com\/router-wifi-tenda-ac6-den\/\"]}]},{\"@type\":\"ImageObject\",\"inLanguage\":\"en-US\",\"@id\":\"https:\/\/thanhphatpc.com\/router-wifi-tenda-ac6-den\/#primaryimage\",\"url\":\"https:\/\/thanhphatpc.com\/wp-content\/uploads\/2020\/04\/1-1.jpg\",\"contentUrl\":\"https:\/\/thanhphatpc.com\/wp-content\/uploads\/2020\/04\/1-1.jpg\",\"width\":512,\"height\":512},{\"@type\":\"BreadcrumbList\",\"@id\":\"https:\/\/thanhphatpc.com\/router-wifi-tenda-ac6-den\/#breadcrumb\",\"itemListElement\":[{\"@type\":\"ListItem\",\"position\":1,\"name\":\"Trang ch\u1ee7\",\"item\":\"https:\/\/thanhphatpc.com\/\"},{\"@type\":\"ListItem\",\"position\":2,\"name\":\"C\u1eeda h\u00e0ng\",\"item\":\"https:\/\/thanhphatpc.com\/cua-hang\/\"},{\"@type\":\"ListItem\",\"position\":3,\"name\":\"Router Wifi Tenda AC6 (\u0111en)\"}]},{\"@type\":\"WebSite\",\"@id\":\"https:\/\/thanhphatpc.com\/#website\",\"url\":\"https:\/\/thanhphatpc.com\/\",\"name\":\"ThanhPhat PC\",\"description\":\"D\u1ecbch v\u1ee5 ho\u00e0n h\u1ea3o\",\"potentialAction\":[{\"@type\":\"SearchAction\",\"target\":{\"@type\":\"EntryPoint\",\"urlTemplate\":\"https:\/\/thanhphatpc.com\/?s={search_term_string}\"},\"query-input\":{\"@type\":\"PropertyValueSpecification\",\"valueRequired\":true,\"valueName\":\"search_term_string\"}}],\"inLanguage\":\"en-US\"}]}<\/script>\n<!-- \/ Yoast SEO plugin. -->","yoast_head_json":{"title":"Router Wifi Tenda AC6 (\u0111en) - ThanhPhat PC","robots":{"index":"index","follow":"follow","max-snippet":"max-snippet:-1","max-image-preview":"max-image-preview:large","max-video-preview":"max-video-preview:-1"},"canonical":"https:\/\/thanhphatpc.com\/en\/router-wifi-tenda-ac6-den\/","og_locale":"en_US","og_type":"article","og_title":"Router Wifi Tenda AC6 (\u0111en) - ThanhPhat PC","og_description":"\u0110\u00e1nh gi\u00e1\u00a0Thi\u1ebft b\u1ecb m\u1ea1ng\/\u00a0Router\u00a0Tenda AC6 (\u0110en) Gi\u1edbi thi\u1ec7u chung V\u1edbi hi\u1ec7u su\u1ea5t t\u1ed1t t\u1ea1i t\u1ea7m gi\u00e1 c\u1ee7a m\u00ecnh,\u00a0Thi\u1ebft b\u1ecb m\u1ea1ng\/\u00a0Router\u00a0Tenda AC6 (\u0110en)\u00a0l\u00e0 thi\u1ebft b\u1ecb ph\u00e1t Wifi chu\u1ea9n AC d\u00e0nh cho gi\u1ea3i tr\u00ed \u0111a ph\u01b0\u01a1ng ti\u1ec7n, m\u1ed9t s\u1ef1 l\u1ef1a ch\u1ecdn ph\u00f9 h\u1ee3p \u0111\u1ec3 s\u1eed d\u1ee5ng trong c\u00e1c c\u0103n h\u1ed9 2-3 t\u1ea7ng, qu\u00e1n cafe, nh\u00e0 h\u00e0ng hay ...","og_url":"https:\/\/thanhphatpc.com\/en\/router-wifi-tenda-ac6-den\/","og_site_name":"ThanhPhat PC","article_modified_time":"2023-10-19T09:26:26+00:00","og_image":[{"width":512,"height":512,"url":"https:\/\/thanhphatpc.com\/wp-content\/uploads\/2020\/04\/1-1.jpg","type":"image\/jpeg"}],"twitter_card":"summary_large_image","twitter_misc":{"Est. reading time":"3 minutes"},"schema":{"@context":"https:\/\/schema.org","@graph":[{"@type":"WebPage","@id":"https:\/\/thanhphatpc.com\/router-wifi-tenda-ac6-den\/","url":"https:\/\/thanhphatpc.com\/router-wifi-tenda-ac6-den\/","name":"Router Wifi Tenda AC6 (\u0111en) - ThanhPhat PC","isPartOf":{"@id":"https:\/\/thanhphatpc.com\/#website"},"primaryImageOfPage":{"@id":"https:\/\/thanhphatpc.com\/router-wifi-tenda-ac6-den\/#primaryimage"},"image":{"@id":"https:\/\/thanhphatpc.com\/router-wifi-tenda-ac6-den\/#primaryimage"},"thumbnailUrl":"https:\/\/thanhphatpc.com\/wp-content\/uploads\/2020\/04\/1-1.jpg","datePublished":"2020-04-25T03:40:48+00:00","dateModified":"2023-10-19T09:26:26+00:00","breadcrumb":{"@id":"https:\/\/thanhphatpc.com\/router-wifi-tenda-ac6-den\/#breadcrumb"},"inLanguage":"en-US","potentialAction":[{"@type":"ReadAction","target":["https:\/\/thanhphatpc.com\/router-wifi-tenda-ac6-den\/"]}]},{"@type":"ImageObject","inLanguage":"en-US","@id":"https:\/\/thanhphatpc.com\/router-wifi-tenda-ac6-den\/#primaryimage","url":"https:\/\/thanhphatpc.com\/wp-content\/uploads\/2020\/04\/1-1.jpg","contentUrl":"https:\/\/thanhphatpc.com\/wp-content\/uploads\/2020\/04\/1-1.jpg","width":512,"height":512},{"@type":"BreadcrumbList","@id":"https:\/\/thanhphatpc.com\/router-wifi-tenda-ac6-den\/#breadcrumb","itemListElement":[{"@type":"ListItem","position":1,"name":"Trang ch\u1ee7","item":"https:\/\/thanhphatpc.com\/"},{"@type":"ListItem","position":2,"name":"C\u1eeda h\u00e0ng","item":"https:\/\/thanhphatpc.com\/cua-hang\/"},{"@type":"ListItem","position":3,"name":"Router Wifi Tenda AC6 (\u0111en)"}]},{"@type":"WebSite","@id":"https:\/\/thanhphatpc.com\/#website","url":"https:\/\/thanhphatpc.com\/","name":"ThanhPhat PC","description":"D\u1ecbch v\u1ee5 ho\u00e0n h\u1ea3o","potentialAction":[{"@type":"SearchAction","target":{"@type":"EntryPoint","urlTemplate":"https:\/\/thanhphatpc.com\/?s={search_term_string}"},"query-input":{"@type":"PropertyValueSpecification","valueRequired":true,"valueName":"search_term_string"}}],"inLanguage":"en-US"}]}},"_links":{"self":[{"href":"https:\/\/thanhphatpc.com\/en\/wp-json\/wp\/v2\/product\/3939","targetHints":{"allow":["GET"]}}],"collection":[{"href":"https:\/\/thanhphatpc.com\/en\/wp-json\/wp\/v2\/product"}],"about":[{"href":"https:\/\/thanhphatpc.com\/en\/wp-json\/wp\/v2\/types\/product"}],"replies":[{"embeddable":true,"href":"https:\/\/thanhphatpc.com\/en\/wp-json\/wp\/v2\/comments?post=3939"}],"wp:featuredmedia":[{"embeddable":true,"href":"https:\/\/thanhphatpc.com\/en\/wp-json\/wp\/v2\/media\/3940"}],"wp:attachment":[{"href":"https:\/\/thanhphatpc.com\/en\/wp-json\/wp\/v2\/media?parent=3939"}],"wp:term":[{"taxonomy":"product_cat","embeddable":true,"href":"https:\/\/thanhphatpc.com\/en\/wp-json\/wp\/v2\/product_cat?post=3939"},{"taxonomy":"product_tag","embeddable":true,"href":"https:\/\/thanhphatpc.com\/en\/wp-json\/wp\/v2\/product_tag?post=3939"}],"curies":[{"name":"wp","href":"https:\/\/api.w.org\/{rel}","templated":true}]}}