{"id":3953,"date":"2020-04-27T17:16:56","date_gmt":"2020-04-27T10:16:56","guid":{"rendered":"https:\/\/thanhphatpc.com\/?post_type=product&#038;p=3953"},"modified":"2020-04-27T17:16:56","modified_gmt":"2020-04-27T10:16:56","slug":"switch-tp-link-8port-sg1008d-gigabit","status":"publish","type":"product","link":"https:\/\/thanhphatpc.com\/en\/switch-tp-link-8port-sg1008d-gigabit\/","title":{"rendered":"Switch TP-Link 8Port SG1008D Gigabit"},"content":{"rendered":"<div class=\"nd title_box_scroll_content_2019\">\n<h2>\u0110\u1eb7c \u0111i\u1ec3m n\u1ed5i b\u1eadt c\u1ee7a Switch TP-Link 8Port SG1008D Gigabit<\/h2>\n<table border=\"0\">\n<tbody>\n<tr>\n<td><\/td>\n<\/tr>\n<tr>\n<td><strong>C\u00f4ng ngh\u1ec7 th\u00e2n thi\u1ec7n v\u1edbi m\u00f4i tr\u01b0\u1eddng<\/strong><\/p>\n<p>C\u00f4ng ngh\u1ec7 s\u1eed d\u1ee5ng n\u0103ng l\u01b0\u1ee3ng ti\u00ean ti\u1ebfn m\u1edbi nh\u1ea5t c\u00e1c vi m\u1ea1ch b\u00ean trong s\u1ebd t\u1ef1 \u0111\u1ed9ng \u0111i\u1ec1u ch\u1ec9nh l\u01b0\u1ee3ng ti\u00eau th\u1ee5 \u0111i\u1ec7n n\u0103ng theo tr\u1ea1ng th\u00e1i li\u00ean k\u1ebft<\/p>\n<p>v\u00e0 chi\u1ec1u d\u00e0i d\u00e2y c\u00e1p \u0111\u1ec3 h\u1ea1n ch\u1ebf l\u01b0\u1ee3ng kh\u00ed th\u1ea3i carbon trong h\u1ec7 th\u1ed1ng m\u1ea1ng c\u1ee7a b\u1ea1n.<\/p>\n<p>Ho\u00e0n to\u00e0n t\u01b0\u01a1ng th\u00edch v\u1edbi ti\u00eau chu\u1ea9n RoHS c\u1ee7a li\u00ean minh Ch\u00e2u \u00c2u, trong \u0111\u00f3 quy \u0111\u1ecbnh vi\u1ec7c c\u1ea5m s\u1eed d\u1ee5ng m\u1ed9t s\u1ed1 nguy\u00ean v\u1eadt li\u1ec7u \u0111\u1ed9c h\u1ea1i.<\/p>\n<p><img decoding=\"async\" src=\"https:\/\/www.hanoicomputer.vn\/media\/lib\/2117_20150508044600.png\" alt=\"\" width=\"800\" \/><\/td>\n<\/tr>\n<tr>\n<td><strong>K\u1ebft n\u1ed1i t\u1ed1c \u0111\u1ed9 cao v\u00e0 t\u00ednh t\u01b0\u01a1ng th\u00edch t\u1ed1t<\/strong><\/p>\n<p>Ph\u00f9 h\u1ee3p v\u1edbi c\u00e1c chu\u1ea9n IEEE 802.3,\u00a0IEEE 802.3u,\u00a0IEEE 802.x ph\u1ed5 bi\u1ebfn, cung c\u1ea5p t\u1ed1c \u0111\u1ed9 10\/100\/1000 Mbps \u0111\u1ea3m b\u1ea3o truy\u1ec1n t\u1ea3i d\u1eef li\u1ec7u nhanh ch\u00f3ng<\/p>\n<p>ngay c\u1ea3 v\u1edbi c\u00e1c t\u1eadp tin c\u00f3 dung l\u01b0\u1ee3ng r\u1ea5t l\u1edbn, h\u1ed7 tr\u1ee3 ch\u1ee9c n\u0103ng Auto MDI\/MDIX.<\/p>\n<p><img decoding=\"async\" src=\"https:\/\/www.hanoicomputer.vn\/media\/lib\/2117_20150508044533.png\" alt=\"\" width=\"800\" \/><\/td>\n<\/tr>\n<tr>\n<td><strong>S\u1eed d\u1ee5ng \u0111\u01a1n gi\u1ea3n\u00a0<\/strong><\/p>\n<p>Kh\u00f4ng c\u1ea7n thao t\u00e1c c\u1ea5u h\u00ecnh c\u1ea7u k\u1ef3, ch\u1ec9 c\u1ea7n c\u1eafm d\u00e2y ngu\u1ed3n, c\u1eafm d\u00e2y m\u1ea1ng v\u00e0 s\u1eed d\u1ee5ng. \u0110\u00e8n hi\u00ean th\u1ecb d\u1ec3 quan s\u00e1t \u0111\u01b0\u1ee3c t\u00ecnh tr\u1ea1ng k\u1ebft n\u1ed1i<\/p>\n<p><img decoding=\"async\" src=\"https:\/\/www.hanoicomputer.vn\/media\/lib\/2117_20150508044626.png\" alt=\"\" width=\"800\" \/><\/td>\n<\/tr>\n<\/tbody>\n<\/table>\n<\/div>","protected":false},"excerpt":{"rendered":"<div class=\"product-summary-item-title\">Th\u00f4ng s\u1ed1 s\u1ea3n ph\u1ea9m<\/div>\n<ul id=\"js-tskt-item\" class=\"product-summary-item-ul d-flex flex-wrap mb-0\">\n<li>Switch TP-Link 8Port SG1008D Gigabit (10\/100\/1000)<\/li>\n<li>8 c\u1ed5ng RJ45 Gigabit Auto-Negotiation, h\u1ed7 tr\u1ee3 MDI\/MDIX t\u1ef1 \u0111\u1ed9ng<\/li>\n<li>C\u00f4ng ngh\u1ec7 Ethernet th\u00e2n thi\u1ec7n v\u1edbi m\u00f4i tr\u01b0\u1eddng ti\u1ebft ki\u1ec7m n\u0103ng l\u01b0\u1ee3ng \u0111\u1ebfn 80%<\/li>\n<li>V\u1ecf nh\u1ef1a, thi\u1ebft k\u1ebf \u0111\u1ec3 b\u00e0n ho\u1eb7c \u0111\u1ebf treo t\u01b0\u1eddng<\/li>\n<li>C\u1eafm v\u00e0o v\u00e0 s\u1eed d\u1ee5ng, kh\u00f4ng \u0111\u00f2i h\u1ecfi ph\u1ea3i c\u1ea5u h\u00ecnh<\/li>\n<\/ul>","protected":false},"featured_media":3954,"comment_status":"open","ping_status":"closed","template":"","meta":{"_acf_changed":false},"product_cat":[404],"product_tag":[],"class_list":{"0":"post-3953","1":"product","2":"type-product","3":"status-publish","4":"has-post-thumbnail","6":"product_cat-tplink","8":"first","9":"instock","10":"sale","11":"shipping-taxable","12":"purchasable","13":"product-type-simple"},"acf":[],"yoast_head":"<!-- This site is optimized with the Yoast SEO plugin v23.8 - https:\/\/yoast.com\/wordpress\/plugins\/seo\/ -->\n<title>Switch TP-Link 8Port SG1008D Gigabit - ThanhPhat PC<\/title>\n<meta name=\"robots\" content=\"index, follow, max-snippet:-1, max-image-preview:large, max-video-preview:-1\" \/>\n<link rel=\"canonical\" href=\"https:\/\/thanhphatpc.com\/en\/switch-tp-link-8port-sg1008d-gigabit\/\" \/>\n<meta property=\"og:locale\" content=\"en_US\" \/>\n<meta property=\"og:type\" content=\"article\" \/>\n<meta property=\"og:title\" content=\"Switch TP-Link 8Port SG1008D Gigabit - ThanhPhat PC\" \/>\n<meta property=\"og:description\" content=\"Th\u00f4ng s\u1ed1 s\u1ea3n ph\u1ea9m   Switch TP-Link 8Port SG1008D Gigabit (10\/100\/1000)  8 c\u1ed5ng RJ45 Gigabit Auto-Negotiation, h\u1ed7 tr\u1ee3 MDI\/MDIX t\u1ef1 \u0111\u1ed9ng  C\u00f4ng ngh\u1ec7 Ethernet th\u00e2n thi\u1ec7n v\u1edbi m\u00f4i tr\u01b0\u1eddng ti\u1ebft ki\u1ec7m n\u0103ng l\u01b0\u1ee3ng \u0111\u1ebfn 80%  V\u1ecf nh\u1ef1a, thi\u1ebft k\u1ebf \u0111\u1ec3 b\u00e0n ho\u1eb7c \u0111\u1ebf treo t\u01b0\u1eddng  C\u1eafm v\u00e0o v\u00e0 s\u1eed d\u1ee5ng, kh\u00f4ng \u0111\u00f2i h\u1ecfi ph\u1ea3i c\u1ea5u h\u00ecnh\" \/>\n<meta property=\"og:url\" content=\"https:\/\/thanhphatpc.com\/en\/switch-tp-link-8port-sg1008d-gigabit\/\" \/>\n<meta property=\"og:site_name\" content=\"ThanhPhat PC\" \/>\n<meta property=\"og:image\" content=\"https:\/\/thanhphatpc.com\/wp-content\/uploads\/2020\/04\/2117_switch_tp_link_8port_sg1008d.jpg\" \/>\n\t<meta property=\"og:image:width\" content=\"850\" \/>\n\t<meta property=\"og:image:height\" content=\"850\" \/>\n\t<meta property=\"og:image:type\" content=\"image\/jpeg\" \/>\n<meta name=\"twitter:card\" content=\"summary_large_image\" \/>\n<meta name=\"twitter:label1\" content=\"Est. reading time\" \/>\n\t<meta name=\"twitter:data1\" content=\"1 minute\" \/>\n<script type=\"application\/ld+json\" class=\"yoast-schema-graph\">{\"@context\":\"https:\/\/schema.org\",\"@graph\":[{\"@type\":\"WebPage\",\"@id\":\"https:\/\/thanhphatpc.com\/switch-tp-link-8port-sg1008d-gigabit\/\",\"url\":\"https:\/\/thanhphatpc.com\/switch-tp-link-8port-sg1008d-gigabit\/\",\"name\":\"Switch TP-Link 8Port SG1008D Gigabit - ThanhPhat PC\",\"isPartOf\":{\"@id\":\"https:\/\/thanhphatpc.com\/#website\"},\"primaryImageOfPage\":{\"@id\":\"https:\/\/thanhphatpc.com\/switch-tp-link-8port-sg1008d-gigabit\/#primaryimage\"},\"image\":{\"@id\":\"https:\/\/thanhphatpc.com\/switch-tp-link-8port-sg1008d-gigabit\/#primaryimage\"},\"thumbnailUrl\":\"https:\/\/thanhphatpc.com\/wp-content\/uploads\/2020\/04\/2117_switch_tp_link_8port_sg1008d.jpg\",\"datePublished\":\"2020-04-27T10:16:56+00:00\",\"dateModified\":\"2020-04-27T10:16:56+00:00\",\"breadcrumb\":{\"@id\":\"https:\/\/thanhphatpc.com\/switch-tp-link-8port-sg1008d-gigabit\/#breadcrumb\"},\"inLanguage\":\"en-US\",\"potentialAction\":[{\"@type\":\"ReadAction\",\"target\":[\"https:\/\/thanhphatpc.com\/switch-tp-link-8port-sg1008d-gigabit\/\"]}]},{\"@type\":\"ImageObject\",\"inLanguage\":\"en-US\",\"@id\":\"https:\/\/thanhphatpc.com\/switch-tp-link-8port-sg1008d-gigabit\/#primaryimage\",\"url\":\"https:\/\/thanhphatpc.com\/wp-content\/uploads\/2020\/04\/2117_switch_tp_link_8port_sg1008d.jpg\",\"contentUrl\":\"https:\/\/thanhphatpc.com\/wp-content\/uploads\/2020\/04\/2117_switch_tp_link_8port_sg1008d.jpg\",\"width\":850,\"height\":850},{\"@type\":\"BreadcrumbList\",\"@id\":\"https:\/\/thanhphatpc.com\/switch-tp-link-8port-sg1008d-gigabit\/#breadcrumb\",\"itemListElement\":[{\"@type\":\"ListItem\",\"position\":1,\"name\":\"Trang ch\u1ee7\",\"item\":\"https:\/\/thanhphatpc.com\/\"},{\"@type\":\"ListItem\",\"position\":2,\"name\":\"C\u1eeda h\u00e0ng\",\"item\":\"https:\/\/thanhphatpc.com\/cua-hang\/\"},{\"@type\":\"ListItem\",\"position\":3,\"name\":\"Switch TP-Link 8Port SG1008D Gigabit\"}]},{\"@type\":\"WebSite\",\"@id\":\"https:\/\/thanhphatpc.com\/#website\",\"url\":\"https:\/\/thanhphatpc.com\/\",\"name\":\"ThanhPhat PC\",\"description\":\"D\u1ecbch v\u1ee5 ho\u00e0n h\u1ea3o\",\"potentialAction\":[{\"@type\":\"SearchAction\",\"target\":{\"@type\":\"EntryPoint\",\"urlTemplate\":\"https:\/\/thanhphatpc.com\/?s={search_term_string}\"},\"query-input\":{\"@type\":\"PropertyValueSpecification\",\"valueRequired\":true,\"valueName\":\"search_term_string\"}}],\"inLanguage\":\"en-US\"}]}<\/script>\n<!-- \/ Yoast SEO plugin. -->","yoast_head_json":{"title":"Switch TP-Link 8Port SG1008D Gigabit - ThanhPhat PC","robots":{"index":"index","follow":"follow","max-snippet":"max-snippet:-1","max-image-preview":"max-image-preview:large","max-video-preview":"max-video-preview:-1"},"canonical":"https:\/\/thanhphatpc.com\/en\/switch-tp-link-8port-sg1008d-gigabit\/","og_locale":"en_US","og_type":"article","og_title":"Switch TP-Link 8Port SG1008D Gigabit - ThanhPhat PC","og_description":"Th\u00f4ng s\u1ed1 s\u1ea3n ph\u1ea9m   Switch TP-Link 8Port SG1008D Gigabit (10\/100\/1000)  8 c\u1ed5ng RJ45 Gigabit Auto-Negotiation, h\u1ed7 tr\u1ee3 MDI\/MDIX t\u1ef1 \u0111\u1ed9ng  C\u00f4ng ngh\u1ec7 Ethernet th\u00e2n thi\u1ec7n v\u1edbi m\u00f4i tr\u01b0\u1eddng ti\u1ebft ki\u1ec7m n\u0103ng l\u01b0\u1ee3ng \u0111\u1ebfn 80%  V\u1ecf nh\u1ef1a, thi\u1ebft k\u1ebf \u0111\u1ec3 b\u00e0n ho\u1eb7c \u0111\u1ebf treo t\u01b0\u1eddng  C\u1eafm v\u00e0o v\u00e0 s\u1eed d\u1ee5ng, kh\u00f4ng \u0111\u00f2i h\u1ecfi ph\u1ea3i c\u1ea5u h\u00ecnh","og_url":"https:\/\/thanhphatpc.com\/en\/switch-tp-link-8port-sg1008d-gigabit\/","og_site_name":"ThanhPhat PC","og_image":[{"width":850,"height":850,"url":"https:\/\/thanhphatpc.com\/wp-content\/uploads\/2020\/04\/2117_switch_tp_link_8port_sg1008d.jpg","type":"image\/jpeg"}],"twitter_card":"summary_large_image","twitter_misc":{"Est. reading time":"1 minute"},"schema":{"@context":"https:\/\/schema.org","@graph":[{"@type":"WebPage","@id":"https:\/\/thanhphatpc.com\/switch-tp-link-8port-sg1008d-gigabit\/","url":"https:\/\/thanhphatpc.com\/switch-tp-link-8port-sg1008d-gigabit\/","name":"Switch TP-Link 8Port SG1008D Gigabit - ThanhPhat PC","isPartOf":{"@id":"https:\/\/thanhphatpc.com\/#website"},"primaryImageOfPage":{"@id":"https:\/\/thanhphatpc.com\/switch-tp-link-8port-sg1008d-gigabit\/#primaryimage"},"image":{"@id":"https:\/\/thanhphatpc.com\/switch-tp-link-8port-sg1008d-gigabit\/#primaryimage"},"thumbnailUrl":"https:\/\/thanhphatpc.com\/wp-content\/uploads\/2020\/04\/2117_switch_tp_link_8port_sg1008d.jpg","datePublished":"2020-04-27T10:16:56+00:00","dateModified":"2020-04-27T10:16:56+00:00","breadcrumb":{"@id":"https:\/\/thanhphatpc.com\/switch-tp-link-8port-sg1008d-gigabit\/#breadcrumb"},"inLanguage":"en-US","potentialAction":[{"@type":"ReadAction","target":["https:\/\/thanhphatpc.com\/switch-tp-link-8port-sg1008d-gigabit\/"]}]},{"@type":"ImageObject","inLanguage":"en-US","@id":"https:\/\/thanhphatpc.com\/switch-tp-link-8port-sg1008d-gigabit\/#primaryimage","url":"https:\/\/thanhphatpc.com\/wp-content\/uploads\/2020\/04\/2117_switch_tp_link_8port_sg1008d.jpg","contentUrl":"https:\/\/thanhphatpc.com\/wp-content\/uploads\/2020\/04\/2117_switch_tp_link_8port_sg1008d.jpg","width":850,"height":850},{"@type":"BreadcrumbList","@id":"https:\/\/thanhphatpc.com\/switch-tp-link-8port-sg1008d-gigabit\/#breadcrumb","itemListElement":[{"@type":"ListItem","position":1,"name":"Trang ch\u1ee7","item":"https:\/\/thanhphatpc.com\/"},{"@type":"ListItem","position":2,"name":"C\u1eeda h\u00e0ng","item":"https:\/\/thanhphatpc.com\/cua-hang\/"},{"@type":"ListItem","position":3,"name":"Switch TP-Link 8Port SG1008D Gigabit"}]},{"@type":"WebSite","@id":"https:\/\/thanhphatpc.com\/#website","url":"https:\/\/thanhphatpc.com\/","name":"ThanhPhat PC","description":"D\u1ecbch v\u1ee5 ho\u00e0n h\u1ea3o","potentialAction":[{"@type":"SearchAction","target":{"@type":"EntryPoint","urlTemplate":"https:\/\/thanhphatpc.com\/?s={search_term_string}"},"query-input":{"@type":"PropertyValueSpecification","valueRequired":true,"valueName":"search_term_string"}}],"inLanguage":"en-US"}]}},"_links":{"self":[{"href":"https:\/\/thanhphatpc.com\/en\/wp-json\/wp\/v2\/product\/3953","targetHints":{"allow":["GET"]}}],"collection":[{"href":"https:\/\/thanhphatpc.com\/en\/wp-json\/wp\/v2\/product"}],"about":[{"href":"https:\/\/thanhphatpc.com\/en\/wp-json\/wp\/v2\/types\/product"}],"replies":[{"embeddable":true,"href":"https:\/\/thanhphatpc.com\/en\/wp-json\/wp\/v2\/comments?post=3953"}],"wp:featuredmedia":[{"embeddable":true,"href":"https:\/\/thanhphatpc.com\/en\/wp-json\/wp\/v2\/media\/3954"}],"wp:attachment":[{"href":"https:\/\/thanhphatpc.com\/en\/wp-json\/wp\/v2\/media?parent=3953"}],"wp:term":[{"taxonomy":"product_cat","embeddable":true,"href":"https:\/\/thanhphatpc.com\/en\/wp-json\/wp\/v2\/product_cat?post=3953"},{"taxonomy":"product_tag","embeddable":true,"href":"https:\/\/thanhphatpc.com\/en\/wp-json\/wp\/v2\/product_tag?post=3953"}],"curies":[{"name":"wp","href":"https:\/\/api.w.org\/{rel}","templated":true}]}}