{"id":3957,"date":"2020-05-08T11:39:19","date_gmt":"2020-05-08T04:39:19","guid":{"rendered":"https:\/\/thanhphatpc.com\/?post_type=product&#038;p=3957"},"modified":"2020-05-08T11:39:19","modified_gmt":"2020-05-08T04:39:19","slug":"thiet-bi-dinh-vi-gps-xe-o-to","status":"publish","type":"product","link":"https:\/\/thanhphatpc.com\/en\/thiet-bi-dinh-vi-gps-xe-o-to\/","title":{"rendered":"THI\u1ebeT B\u1eca \u0110\u1ecaNH V\u1eca GPS XE \u00d4 T\u00d4"},"content":{"rendered":"<div class=\"kvgmc6g5 cxmmr5t8 oygrvhab hcukyx3x c1et5uql ii04i59q\">\n<div dir=\"auto\">#1 THI\u1ebeT B\u1eca \u0110\u1ecaNH V\u1eca GPS TRACKER H9+ D\u00c0NH CHO OTO<\/div>\n<\/div>\n<div class=\"o9v6fnle cxmmr5t8 oygrvhab hcukyx3x c1et5uql ii04i59q\">\n<div dir=\"auto\">S\u1ea2N PH\u1ea8M C\u00d3 DUNG L\u01af\u1ee2NG PIN L\u1edaN NH\u1ea4T TH\u1eca TR\u01af\u1edcNG 30 NG\u00c0Y HO\u1ea0T \u0110\u1ed8NG LI\u00caN T\u1ee4C<\/div>\n<div dir=\"auto\">&#8211; S\u1eed d\u1ee5ng ph\u1ea7n m\u1ec1m \u0111\u1ecbnh v\u1ecb s\u1ed1 1 th\u1ebf gi\u1edbi protrack<\/div>\n<div dir=\"auto\">&#8211; \u0110\u1ecbnh v\u1ecb s\u1ed1 nh\u00e0 c\u1ee5 th\u1ec3, th\u00f4ng b\u00e1o th\u1eddi gian d\u1eebng \u0111\u1ed7 t\u1ed1c \u0111\u1ed9 xe di chuy\u1ec3n, c\u1ea3nh b\u00e1o khi c\u00f3 ng\u01b0\u1eddi ph\u00e1 ho\u1ea1i thi\u1ebft b\u1ecb.<\/div>\n<div dir=\"auto\">&#8211; Nghe l\u00e9n c\u00e1c cu\u1ed9c n\u00f3i chuy\u1ec7n \u0111i\u1ec7n tho\u1ea1i<\/div>\n<div dir=\"auto\">&#8211; Xem l\u1ea1i l\u1ecbch tr\u00ecnh di chuy\u1ec3n 90 ng\u00e0y<\/div>\n<div dir=\"auto\">&#8211; Nam ch\u00e2m d\u00ednh si\u00eau ch\u1eb7t<\/div>\n<div dir=\"auto\">&#8211; Dung l\u01b0\u1ee3ng pin l\u00ean \u0111\u1ebfn 30 ng\u00e0y<\/div>\n<\/div>\n<div class=\"o9v6fnle cxmmr5t8 oygrvhab hcukyx3x c1et5uql ii04i59q\"><\/div>\n<div class=\"o9v6fnle cxmmr5t8 oygrvhab hcukyx3x c1et5uql ii04i59q\">\n<div dir=\"auto\">&#8211; 1 \u0111\u1ed5i 1 trong v\u00f2ng 30 ng\u00e0y<\/div>\n<div dir=\"auto\">&#8211; B\u1ea3o h\u00e0nh s\u1ea3n ph\u1ea9m 1 n\u0103m<\/div>\n<\/div>\n<div class=\"o9v6fnle cxmmr5t8 oygrvhab hcukyx3x c1et5uql ii04i59q\">\n<div dir=\"auto\">Chi ti\u1ebft xin li\u00ean h\u1ec7:<\/div>\n<\/div>\n<div class=\"o9v6fnle cxmmr5t8 oygrvhab hcukyx3x c1et5uql ii04i59q\">\n<div dir=\"auto\">&#8211; TH\u00c0NH PH\u00c1T PC &#8211; <a class=\"oajrlxb2 g5ia77u1 qu0x051f esr5mh6w e9989ue4 r7d6kgcz rq0escxv nhd2j8a9 nc684nl6 p7hjln8o kvgmc6g5 cxmmr5t8 oygrvhab hcukyx3x jb3vyjys rz4wbd8a qt6c0cv9 a8nywdso i1ao9s8h esuyzwwr f1sip0of lzcic4wl py34i1dx gpro0wi8\" tabindex=\"0\" role=\"link\" href=\"https:\/\/l.facebook.com\/l.php?u=https%3A%2F%2Fthanhphatpc.com%2F%3Ffbclid%3DIwAR3gzjlfO3L1bZngrNimrCJA_E_5jb57YOdriLavRJ1ing1Rw-S25spA8Ko&amp;h=AT22v8j8Ot09m93ufyjPnHTbb2-5yHffvUtwEMgiMdbGML6Qi1RiI082QWs9lAbjahiDlNWbkAVZWV-1HbDNLJIVl4PKycqZErNPFdNEBBwZdZJCmhQAEQC0ecGaZemLqPofhH3czNcSJ2-ENEE&amp;__tn__=-UK-R&amp;c[0]=AT2toSPwLITtYfsm4lawTVr-9nXn_vxFJwnLmaUFaZmlP12AM3O6CSmr4HlaSEgWAXhrPoLoT6Q017JW9gwvUim1I4HzyCDasi6VuimxHyHbenRavJmac_2vBWs6H7R_iniSUIitOcLxm_gHBiZw8X_ZXUk-wms905ro\" target=\"_blank\" rel=\"nofollow noopener noreferrer\">www.thanhphatpc.com<\/a><\/div>\n<div dir=\"auto\">Add: S\u1ed1 357A \u0110i\u1ec7n bi\u00ean Ph\u1ee7, TP. H\u1ea3i D\u01b0\u01a1ng<\/div>\n<div dir=\"auto\"><span class=\"q9uorilb tbxw36s4 knj5qynh kvgmc6g5 ditlmg2l oygrvhab nvdbi5me fgm26odu gl3lb2sf hhz5lgdu\"><img loading=\"lazy\" decoding=\"async\" src=\"https:\/\/static.xx.fbcdn.net\/images\/emoji.php\/v9\/t22\/1\/16\/260e.png\" alt=\"\u260e\ufe0f\" width=\"16\" height=\"16\" \/><\/span> S\u0110T: 02203 55 99 00<\/div>\n<div dir=\"auto\">Hotline: 0934 335 792<\/div>\n<div dir=\"auto\">Hotline: 0904 102 309<\/div>\n<\/div>","protected":false},"excerpt":{"rendered":"<p>#1 THI\u1ebeT B\u1eca \u0110\u1ecaNH V\u1eca GPS TRACKER H9+ D\u00c0NH CHO OTO S\u1ea2N PH\u1ea8M C\u00d3 DUNG L\u01af\u1ee2NG PIN L\u1edaN NH\u1ea4T TH\u1eca TR\u01af\u1edcNG 30 NG\u00c0Y HO\u1ea0T \u0110\u1ed8NG LI\u00caN T\u1ee4C &#8211; S\u1eed d\u1ee5ng ph\u1ea7n m\u1ec1m \u0111\u1ecbnh v\u1ecb s\u1ed1 1 th\u1ebf gi\u1edbi protrack &#8211; \u0110\u1ecbnh v\u1ecb s\u1ed1 nh\u00e0 c\u1ee5 th\u1ec3, th\u00f4ng b\u00e1o th\u1eddi gian d\u1eebng \u0111\u1ed7 t\u1ed1c \u0111\u1ed9 xe &#8230;<\/p>","protected":false},"featured_media":3958,"comment_status":"open","ping_status":"closed","template":"","meta":{"_acf_changed":false},"product_cat":[418],"product_tag":[],"class_list":{"0":"post-3957","1":"product","2":"type-product","3":"status-publish","4":"has-post-thumbnail","6":"product_cat-do-choi-cong-nghe","8":"first","9":"instock","10":"sale","11":"shipping-taxable","12":"purchasable","13":"product-type-simple"},"acf":[],"yoast_head":"<!-- This site is optimized with the Yoast SEO plugin v23.8 - https:\/\/yoast.com\/wordpress\/plugins\/seo\/ -->\n<title>THI\u1ebeT B\u1eca \u0110\u1ecaNH V\u1eca GPS XE \u00d4 T\u00d4 - ThanhPhat PC<\/title>\n<meta name=\"robots\" content=\"index, follow, max-snippet:-1, max-image-preview:large, max-video-preview:-1\" \/>\n<link rel=\"canonical\" href=\"https:\/\/thanhphatpc.com\/en\/thiet-bi-dinh-vi-gps-xe-o-to\/\" \/>\n<meta property=\"og:locale\" content=\"en_US\" \/>\n<meta property=\"og:type\" content=\"article\" \/>\n<meta property=\"og:title\" content=\"THI\u1ebeT B\u1eca \u0110\u1ecaNH V\u1eca GPS XE \u00d4 T\u00d4 - ThanhPhat PC\" \/>\n<meta property=\"og:description\" content=\"#1 THI\u1ebeT B\u1eca \u0110\u1ecaNH V\u1eca GPS TRACKER H9+ D\u00c0NH CHO OTO S\u1ea2N PH\u1ea8M C\u00d3 DUNG L\u01af\u1ee2NG PIN L\u1edaN NH\u1ea4T TH\u1eca TR\u01af\u1edcNG 30 NG\u00c0Y HO\u1ea0T \u0110\u1ed8NG LI\u00caN T\u1ee4C &#8211; S\u1eed d\u1ee5ng ph\u1ea7n m\u1ec1m \u0111\u1ecbnh v\u1ecb s\u1ed1 1 th\u1ebf gi\u1edbi protrack &#8211; \u0110\u1ecbnh v\u1ecb s\u1ed1 nh\u00e0 c\u1ee5 th\u1ec3, th\u00f4ng b\u00e1o th\u1eddi gian d\u1eebng \u0111\u1ed7 t\u1ed1c \u0111\u1ed9 xe ...\" \/>\n<meta property=\"og:url\" content=\"https:\/\/thanhphatpc.com\/en\/thiet-bi-dinh-vi-gps-xe-o-to\/\" \/>\n<meta property=\"og:site_name\" content=\"ThanhPhat PC\" \/>\n<meta property=\"og:image\" content=\"https:\/\/thanhphatpc.com\/wp-content\/uploads\/2020\/05\/170f21e408daf284abcb.jpg\" \/>\n\t<meta property=\"og:image:width\" content=\"1280\" \/>\n\t<meta property=\"og:image:height\" content=\"600\" \/>\n\t<meta property=\"og:image:type\" content=\"image\/jpeg\" \/>\n<meta name=\"twitter:card\" content=\"summary_large_image\" \/>\n<meta name=\"twitter:label1\" content=\"Est. reading time\" \/>\n\t<meta name=\"twitter:data1\" content=\"1 minute\" \/>\n<script type=\"application\/ld+json\" class=\"yoast-schema-graph\">{\"@context\":\"https:\/\/schema.org\",\"@graph\":[{\"@type\":\"WebPage\",\"@id\":\"https:\/\/thanhphatpc.com\/thiet-bi-dinh-vi-gps-xe-o-to\/\",\"url\":\"https:\/\/thanhphatpc.com\/thiet-bi-dinh-vi-gps-xe-o-to\/\",\"name\":\"THI\u1ebeT B\u1eca \u0110\u1ecaNH V\u1eca GPS XE \u00d4 T\u00d4 - ThanhPhat PC\",\"isPartOf\":{\"@id\":\"https:\/\/thanhphatpc.com\/#website\"},\"primaryImageOfPage\":{\"@id\":\"https:\/\/thanhphatpc.com\/thiet-bi-dinh-vi-gps-xe-o-to\/#primaryimage\"},\"image\":{\"@id\":\"https:\/\/thanhphatpc.com\/thiet-bi-dinh-vi-gps-xe-o-to\/#primaryimage\"},\"thumbnailUrl\":\"https:\/\/thanhphatpc.com\/wp-content\/uploads\/2020\/05\/170f21e408daf284abcb.jpg\",\"datePublished\":\"2020-05-08T04:39:19+00:00\",\"dateModified\":\"2020-05-08T04:39:19+00:00\",\"breadcrumb\":{\"@id\":\"https:\/\/thanhphatpc.com\/thiet-bi-dinh-vi-gps-xe-o-to\/#breadcrumb\"},\"inLanguage\":\"en-US\",\"potentialAction\":[{\"@type\":\"ReadAction\",\"target\":[\"https:\/\/thanhphatpc.com\/thiet-bi-dinh-vi-gps-xe-o-to\/\"]}]},{\"@type\":\"ImageObject\",\"inLanguage\":\"en-US\",\"@id\":\"https:\/\/thanhphatpc.com\/thiet-bi-dinh-vi-gps-xe-o-to\/#primaryimage\",\"url\":\"https:\/\/thanhphatpc.com\/wp-content\/uploads\/2020\/05\/170f21e408daf284abcb.jpg\",\"contentUrl\":\"https:\/\/thanhphatpc.com\/wp-content\/uploads\/2020\/05\/170f21e408daf284abcb.jpg\",\"width\":1280,\"height\":600},{\"@type\":\"BreadcrumbList\",\"@id\":\"https:\/\/thanhphatpc.com\/thiet-bi-dinh-vi-gps-xe-o-to\/#breadcrumb\",\"itemListElement\":[{\"@type\":\"ListItem\",\"position\":1,\"name\":\"Trang ch\u1ee7\",\"item\":\"https:\/\/thanhphatpc.com\/\"},{\"@type\":\"ListItem\",\"position\":2,\"name\":\"C\u1eeda h\u00e0ng\",\"item\":\"https:\/\/thanhphatpc.com\/cua-hang\/\"},{\"@type\":\"ListItem\",\"position\":3,\"name\":\"THI\u1ebeT B\u1eca \u0110\u1ecaNH V\u1eca GPS XE \u00d4 T\u00d4\"}]},{\"@type\":\"WebSite\",\"@id\":\"https:\/\/thanhphatpc.com\/#website\",\"url\":\"https:\/\/thanhphatpc.com\/\",\"name\":\"ThanhPhat PC\",\"description\":\"D\u1ecbch v\u1ee5 ho\u00e0n h\u1ea3o\",\"potentialAction\":[{\"@type\":\"SearchAction\",\"target\":{\"@type\":\"EntryPoint\",\"urlTemplate\":\"https:\/\/thanhphatpc.com\/?s={search_term_string}\"},\"query-input\":{\"@type\":\"PropertyValueSpecification\",\"valueRequired\":true,\"valueName\":\"search_term_string\"}}],\"inLanguage\":\"en-US\"}]}<\/script>\n<!-- \/ Yoast SEO plugin. -->","yoast_head_json":{"title":"THI\u1ebeT B\u1eca \u0110\u1ecaNH V\u1eca GPS XE \u00d4 T\u00d4 - ThanhPhat PC","robots":{"index":"index","follow":"follow","max-snippet":"max-snippet:-1","max-image-preview":"max-image-preview:large","max-video-preview":"max-video-preview:-1"},"canonical":"https:\/\/thanhphatpc.com\/en\/thiet-bi-dinh-vi-gps-xe-o-to\/","og_locale":"en_US","og_type":"article","og_title":"THI\u1ebeT B\u1eca \u0110\u1ecaNH V\u1eca GPS XE \u00d4 T\u00d4 - ThanhPhat PC","og_description":"#1 THI\u1ebeT B\u1eca \u0110\u1ecaNH V\u1eca GPS TRACKER H9+ D\u00c0NH CHO OTO S\u1ea2N PH\u1ea8M C\u00d3 DUNG L\u01af\u1ee2NG PIN L\u1edaN NH\u1ea4T TH\u1eca TR\u01af\u1edcNG 30 NG\u00c0Y HO\u1ea0T \u0110\u1ed8NG LI\u00caN T\u1ee4C &#8211; S\u1eed d\u1ee5ng ph\u1ea7n m\u1ec1m \u0111\u1ecbnh v\u1ecb s\u1ed1 1 th\u1ebf gi\u1edbi protrack &#8211; \u0110\u1ecbnh v\u1ecb s\u1ed1 nh\u00e0 c\u1ee5 th\u1ec3, th\u00f4ng b\u00e1o th\u1eddi gian d\u1eebng \u0111\u1ed7 t\u1ed1c \u0111\u1ed9 xe ...","og_url":"https:\/\/thanhphatpc.com\/en\/thiet-bi-dinh-vi-gps-xe-o-to\/","og_site_name":"ThanhPhat PC","og_image":[{"width":1280,"height":600,"url":"https:\/\/thanhphatpc.com\/wp-content\/uploads\/2020\/05\/170f21e408daf284abcb.jpg","type":"image\/jpeg"}],"twitter_card":"summary_large_image","twitter_misc":{"Est. reading time":"1 minute"},"schema":{"@context":"https:\/\/schema.org","@graph":[{"@type":"WebPage","@id":"https:\/\/thanhphatpc.com\/thiet-bi-dinh-vi-gps-xe-o-to\/","url":"https:\/\/thanhphatpc.com\/thiet-bi-dinh-vi-gps-xe-o-to\/","name":"THI\u1ebeT B\u1eca \u0110\u1ecaNH V\u1eca GPS XE \u00d4 T\u00d4 - ThanhPhat PC","isPartOf":{"@id":"https:\/\/thanhphatpc.com\/#website"},"primaryImageOfPage":{"@id":"https:\/\/thanhphatpc.com\/thiet-bi-dinh-vi-gps-xe-o-to\/#primaryimage"},"image":{"@id":"https:\/\/thanhphatpc.com\/thiet-bi-dinh-vi-gps-xe-o-to\/#primaryimage"},"thumbnailUrl":"https:\/\/thanhphatpc.com\/wp-content\/uploads\/2020\/05\/170f21e408daf284abcb.jpg","datePublished":"2020-05-08T04:39:19+00:00","dateModified":"2020-05-08T04:39:19+00:00","breadcrumb":{"@id":"https:\/\/thanhphatpc.com\/thiet-bi-dinh-vi-gps-xe-o-to\/#breadcrumb"},"inLanguage":"en-US","potentialAction":[{"@type":"ReadAction","target":["https:\/\/thanhphatpc.com\/thiet-bi-dinh-vi-gps-xe-o-to\/"]}]},{"@type":"ImageObject","inLanguage":"en-US","@id":"https:\/\/thanhphatpc.com\/thiet-bi-dinh-vi-gps-xe-o-to\/#primaryimage","url":"https:\/\/thanhphatpc.com\/wp-content\/uploads\/2020\/05\/170f21e408daf284abcb.jpg","contentUrl":"https:\/\/thanhphatpc.com\/wp-content\/uploads\/2020\/05\/170f21e408daf284abcb.jpg","width":1280,"height":600},{"@type":"BreadcrumbList","@id":"https:\/\/thanhphatpc.com\/thiet-bi-dinh-vi-gps-xe-o-to\/#breadcrumb","itemListElement":[{"@type":"ListItem","position":1,"name":"Trang ch\u1ee7","item":"https:\/\/thanhphatpc.com\/"},{"@type":"ListItem","position":2,"name":"C\u1eeda h\u00e0ng","item":"https:\/\/thanhphatpc.com\/cua-hang\/"},{"@type":"ListItem","position":3,"name":"THI\u1ebeT B\u1eca \u0110\u1ecaNH V\u1eca GPS XE \u00d4 T\u00d4"}]},{"@type":"WebSite","@id":"https:\/\/thanhphatpc.com\/#website","url":"https:\/\/thanhphatpc.com\/","name":"ThanhPhat PC","description":"D\u1ecbch v\u1ee5 ho\u00e0n h\u1ea3o","potentialAction":[{"@type":"SearchAction","target":{"@type":"EntryPoint","urlTemplate":"https:\/\/thanhphatpc.com\/?s={search_term_string}"},"query-input":{"@type":"PropertyValueSpecification","valueRequired":true,"valueName":"search_term_string"}}],"inLanguage":"en-US"}]}},"_links":{"self":[{"href":"https:\/\/thanhphatpc.com\/en\/wp-json\/wp\/v2\/product\/3957","targetHints":{"allow":["GET"]}}],"collection":[{"href":"https:\/\/thanhphatpc.com\/en\/wp-json\/wp\/v2\/product"}],"about":[{"href":"https:\/\/thanhphatpc.com\/en\/wp-json\/wp\/v2\/types\/product"}],"replies":[{"embeddable":true,"href":"https:\/\/thanhphatpc.com\/en\/wp-json\/wp\/v2\/comments?post=3957"}],"wp:featuredmedia":[{"embeddable":true,"href":"https:\/\/thanhphatpc.com\/en\/wp-json\/wp\/v2\/media\/3958"}],"wp:attachment":[{"href":"https:\/\/thanhphatpc.com\/en\/wp-json\/wp\/v2\/media?parent=3957"}],"wp:term":[{"taxonomy":"product_cat","embeddable":true,"href":"https:\/\/thanhphatpc.com\/en\/wp-json\/wp\/v2\/product_cat?post=3957"},{"taxonomy":"product_tag","embeddable":true,"href":"https:\/\/thanhphatpc.com\/en\/wp-json\/wp\/v2\/product_tag?post=3957"}],"curies":[{"name":"wp","href":"https:\/\/api.w.org\/{rel}","templated":true}]}}