{"id":3966,"date":"2020-06-23T17:23:16","date_gmt":"2020-06-23T10:23:16","guid":{"rendered":"https:\/\/thanhphatpc.com\/?post_type=product&#038;p=3966"},"modified":"2020-06-23T17:23:16","modified_gmt":"2020-06-23T10:23:16","slug":"day-cap-chuyen-doi-usb-3-0-sang-lan-ugreen-hang-chinh-hang","status":"publish","type":"product","link":"https:\/\/thanhphatpc.com\/en\/day-cap-chuyen-doi-usb-3-0-sang-lan-ugreen-hang-chinh-hang\/","title":{"rendered":"D\u00e2y C\u00e1p Chuy\u1ec3n \u0110\u1ed5i USB 3.0 Sang LAN Ugreen &#8211; H\u00e0ng Ch\u00ednh H\u00e3ng"},"content":{"rendered":"<ul class=\"list\">\n<li>H\u1ed7 tr\u1ee3 k\u1ebft n\u1ed1i v\u00e0 thi\u1ebft l\u1eadp m\u1ea1ng c\u00f3 d\u00e2y t\u1ed1c \u0111\u1ed9 cao 10\/100\/1000 Mbps<\/li>\n<li>Chuy\u1ec3n \u0111\u1ed5i USB 3.0 sang RJ45 gi\u00fap h\u1ed7 tr\u1ee3 k\u1ebft n\u1ed1i m\u1ea1ng l\u00ean \u0111\u1ebfn 5Gbps<\/li>\n<li>T\u01b0\u01a1ng th\u00edch v\u1edbi Windows XP \/ Vista \/ 7 \/ 8, Mac 10.6 &#8211; 10.8<\/li>\n<li>Ki\u1ec3u d\u00e1ng nh\u1ecf g\u1ecdn, d\u1ec5 mang theo b\u00ean m\u00ecnh<\/li>\n<\/ul>","protected":false},"excerpt":{"rendered":"<ul class=\"list\">\n<li>H\u1ed7 tr\u1ee3 k\u1ebft n\u1ed1i v\u00e0 thi\u1ebft l\u1eadp m\u1ea1ng c\u00f3 d\u00e2y t\u1ed1c \u0111\u1ed9 cao 10\/100\/1000 Mbps<\/li>\n<li>Chuy\u1ec3n \u0111\u1ed5i USB 3.0 sang RJ45 gi\u00fap h\u1ed7 tr\u1ee3 k\u1ebft n\u1ed1i m\u1ea1ng l\u00ean \u0111\u1ebfn 5Gbps<\/li>\n<li>T\u01b0\u01a1ng th\u00edch v\u1edbi Windows XP \/ Vista \/ 7 \/ 8, Mac 10.6 &#8211; 10.8<\/li>\n<li>Ki\u1ec3u d\u00e1ng nh\u1ecf g\u1ecdn, d\u1ec5 mang theo b\u00ean m\u00ecnh<\/li>\n<\/ul>","protected":false},"featured_media":3968,"comment_status":"open","ping_status":"closed","template":"","meta":{"_acf_changed":false},"product_cat":[337],"product_tag":[439],"class_list":{"0":"post-3966","1":"product","2":"type-product","3":"status-publish","4":"has-post-thumbnail","6":"product_cat-chua-phan-loai","7":"product_tag-usb-lan-ugreen","9":"first","10":"instock","11":"sale","12":"shipping-taxable","13":"purchasable","14":"product-type-simple"},"acf":[],"yoast_head":"<!-- This site is optimized with the Yoast SEO plugin v23.8 - https:\/\/yoast.com\/wordpress\/plugins\/seo\/ -->\n<title>D\u00e2y C\u00e1p Chuy\u1ec3n \u0110\u1ed5i USB 3.0 Sang LAN Ugreen - H\u00e0ng Ch\u00ednh H\u00e3ng - ThanhPhat PC<\/title>\n<meta name=\"robots\" content=\"index, follow, max-snippet:-1, max-image-preview:large, max-video-preview:-1\" \/>\n<link rel=\"canonical\" href=\"https:\/\/thanhphatpc.com\/en\/day-cap-chuyen-doi-usb-3-0-sang-lan-ugreen-hang-chinh-hang\/\" \/>\n<meta property=\"og:locale\" content=\"en_US\" \/>\n<meta property=\"og:type\" content=\"article\" \/>\n<meta property=\"og:title\" content=\"D\u00e2y C\u00e1p Chuy\u1ec3n \u0110\u1ed5i USB 3.0 Sang LAN Ugreen - H\u00e0ng Ch\u00ednh H\u00e3ng - ThanhPhat PC\" \/>\n<meta property=\"og:description\" content=\"H\u1ed7 tr\u1ee3 k\u1ebft n\u1ed1i v\u00e0 thi\u1ebft l\u1eadp m\u1ea1ng c\u00f3 d\u00e2y t\u1ed1c \u0111\u1ed9 cao 10\/100\/1000 Mbps  Chuy\u1ec3n \u0111\u1ed5i USB 3.0 sang RJ45 gi\u00fap h\u1ed7 tr\u1ee3 k\u1ebft n\u1ed1i m\u1ea1ng l\u00ean \u0111\u1ebfn 5Gbps  T\u01b0\u01a1ng th\u00edch v\u1edbi Windows XP \/ Vista \/ 7 \/ 8, Mac 10.6 - 10.8  Ki\u1ec3u d\u00e1ng nh\u1ecf g\u1ecdn, d\u1ec5 mang theo b\u00ean m\u00ecnh\" \/>\n<meta property=\"og:url\" content=\"https:\/\/thanhphatpc.com\/en\/day-cap-chuyen-doi-usb-3-0-sang-lan-ugreen-hang-chinh-hang\/\" \/>\n<meta property=\"og:site_name\" content=\"ThanhPhat PC\" \/>\n<meta property=\"og:image\" content=\"https:\/\/thanhphatpc.com\/wp-content\/uploads\/2020\/06\/usb-lan-ugreen.png\" \/>\n\t<meta property=\"og:image:width\" content=\"600\" \/>\n\t<meta property=\"og:image:height\" content=\"600\" \/>\n\t<meta property=\"og:image:type\" content=\"image\/jpeg\" \/>\n<meta name=\"twitter:card\" content=\"summary_large_image\" \/>\n<script type=\"application\/ld+json\" class=\"yoast-schema-graph\">{\"@context\":\"https:\/\/schema.org\",\"@graph\":[{\"@type\":\"WebPage\",\"@id\":\"https:\/\/thanhphatpc.com\/day-cap-chuyen-doi-usb-3-0-sang-lan-ugreen-hang-chinh-hang\/\",\"url\":\"https:\/\/thanhphatpc.com\/day-cap-chuyen-doi-usb-3-0-sang-lan-ugreen-hang-chinh-hang\/\",\"name\":\"D\u00e2y C\u00e1p Chuy\u1ec3n \u0110\u1ed5i USB 3.0 Sang LAN Ugreen - H\u00e0ng Ch\u00ednh H\u00e3ng - ThanhPhat PC\",\"isPartOf\":{\"@id\":\"https:\/\/thanhphatpc.com\/#website\"},\"primaryImageOfPage\":{\"@id\":\"https:\/\/thanhphatpc.com\/day-cap-chuyen-doi-usb-3-0-sang-lan-ugreen-hang-chinh-hang\/#primaryimage\"},\"image\":{\"@id\":\"https:\/\/thanhphatpc.com\/day-cap-chuyen-doi-usb-3-0-sang-lan-ugreen-hang-chinh-hang\/#primaryimage\"},\"thumbnailUrl\":\"https:\/\/thanhphatpc.com\/wp-content\/uploads\/2020\/06\/usb-lan-ugreen.png\",\"datePublished\":\"2020-06-23T10:23:16+00:00\",\"dateModified\":\"2020-06-23T10:23:16+00:00\",\"breadcrumb\":{\"@id\":\"https:\/\/thanhphatpc.com\/day-cap-chuyen-doi-usb-3-0-sang-lan-ugreen-hang-chinh-hang\/#breadcrumb\"},\"inLanguage\":\"en-US\",\"potentialAction\":[{\"@type\":\"ReadAction\",\"target\":[\"https:\/\/thanhphatpc.com\/day-cap-chuyen-doi-usb-3-0-sang-lan-ugreen-hang-chinh-hang\/\"]}]},{\"@type\":\"ImageObject\",\"inLanguage\":\"en-US\",\"@id\":\"https:\/\/thanhphatpc.com\/day-cap-chuyen-doi-usb-3-0-sang-lan-ugreen-hang-chinh-hang\/#primaryimage\",\"url\":\"https:\/\/thanhphatpc.com\/wp-content\/uploads\/2020\/06\/usb-lan-ugreen.png\",\"contentUrl\":\"https:\/\/thanhphatpc.com\/wp-content\/uploads\/2020\/06\/usb-lan-ugreen.png\",\"width\":600,\"height\":600},{\"@type\":\"BreadcrumbList\",\"@id\":\"https:\/\/thanhphatpc.com\/day-cap-chuyen-doi-usb-3-0-sang-lan-ugreen-hang-chinh-hang\/#breadcrumb\",\"itemListElement\":[{\"@type\":\"ListItem\",\"position\":1,\"name\":\"Trang ch\u1ee7\",\"item\":\"https:\/\/thanhphatpc.com\/\"},{\"@type\":\"ListItem\",\"position\":2,\"name\":\"C\u1eeda h\u00e0ng\",\"item\":\"https:\/\/thanhphatpc.com\/cua-hang\/\"},{\"@type\":\"ListItem\",\"position\":3,\"name\":\"D\u00e2y C\u00e1p Chuy\u1ec3n \u0110\u1ed5i USB 3.0 Sang LAN Ugreen &#8211; H\u00e0ng Ch\u00ednh H\u00e3ng\"}]},{\"@type\":\"WebSite\",\"@id\":\"https:\/\/thanhphatpc.com\/#website\",\"url\":\"https:\/\/thanhphatpc.com\/\",\"name\":\"ThanhPhat PC\",\"description\":\"D\u1ecbch v\u1ee5 ho\u00e0n h\u1ea3o\",\"potentialAction\":[{\"@type\":\"SearchAction\",\"target\":{\"@type\":\"EntryPoint\",\"urlTemplate\":\"https:\/\/thanhphatpc.com\/?s={search_term_string}\"},\"query-input\":{\"@type\":\"PropertyValueSpecification\",\"valueRequired\":true,\"valueName\":\"search_term_string\"}}],\"inLanguage\":\"en-US\"}]}<\/script>\n<!-- \/ Yoast SEO plugin. -->","yoast_head_json":{"title":"D\u00e2y C\u00e1p Chuy\u1ec3n \u0110\u1ed5i USB 3.0 Sang LAN Ugreen - H\u00e0ng Ch\u00ednh H\u00e3ng - ThanhPhat PC","robots":{"index":"index","follow":"follow","max-snippet":"max-snippet:-1","max-image-preview":"max-image-preview:large","max-video-preview":"max-video-preview:-1"},"canonical":"https:\/\/thanhphatpc.com\/en\/day-cap-chuyen-doi-usb-3-0-sang-lan-ugreen-hang-chinh-hang\/","og_locale":"en_US","og_type":"article","og_title":"D\u00e2y C\u00e1p Chuy\u1ec3n \u0110\u1ed5i USB 3.0 Sang LAN Ugreen - H\u00e0ng Ch\u00ednh H\u00e3ng - ThanhPhat PC","og_description":"H\u1ed7 tr\u1ee3 k\u1ebft n\u1ed1i v\u00e0 thi\u1ebft l\u1eadp m\u1ea1ng c\u00f3 d\u00e2y t\u1ed1c \u0111\u1ed9 cao 10\/100\/1000 Mbps  Chuy\u1ec3n \u0111\u1ed5i USB 3.0 sang RJ45 gi\u00fap h\u1ed7 tr\u1ee3 k\u1ebft n\u1ed1i m\u1ea1ng l\u00ean \u0111\u1ebfn 5Gbps  T\u01b0\u01a1ng th\u00edch v\u1edbi Windows XP \/ Vista \/ 7 \/ 8, Mac 10.6 - 10.8  Ki\u1ec3u d\u00e1ng nh\u1ecf g\u1ecdn, d\u1ec5 mang theo b\u00ean m\u00ecnh","og_url":"https:\/\/thanhphatpc.com\/en\/day-cap-chuyen-doi-usb-3-0-sang-lan-ugreen-hang-chinh-hang\/","og_site_name":"ThanhPhat PC","og_image":[{"width":600,"height":600,"url":"https:\/\/thanhphatpc.com\/wp-content\/uploads\/2020\/06\/usb-lan-ugreen.png","type":"image\/jpeg"}],"twitter_card":"summary_large_image","schema":{"@context":"https:\/\/schema.org","@graph":[{"@type":"WebPage","@id":"https:\/\/thanhphatpc.com\/day-cap-chuyen-doi-usb-3-0-sang-lan-ugreen-hang-chinh-hang\/","url":"https:\/\/thanhphatpc.com\/day-cap-chuyen-doi-usb-3-0-sang-lan-ugreen-hang-chinh-hang\/","name":"D\u00e2y C\u00e1p Chuy\u1ec3n \u0110\u1ed5i USB 3.0 Sang LAN Ugreen - H\u00e0ng Ch\u00ednh H\u00e3ng - ThanhPhat PC","isPartOf":{"@id":"https:\/\/thanhphatpc.com\/#website"},"primaryImageOfPage":{"@id":"https:\/\/thanhphatpc.com\/day-cap-chuyen-doi-usb-3-0-sang-lan-ugreen-hang-chinh-hang\/#primaryimage"},"image":{"@id":"https:\/\/thanhphatpc.com\/day-cap-chuyen-doi-usb-3-0-sang-lan-ugreen-hang-chinh-hang\/#primaryimage"},"thumbnailUrl":"https:\/\/thanhphatpc.com\/wp-content\/uploads\/2020\/06\/usb-lan-ugreen.png","datePublished":"2020-06-23T10:23:16+00:00","dateModified":"2020-06-23T10:23:16+00:00","breadcrumb":{"@id":"https:\/\/thanhphatpc.com\/day-cap-chuyen-doi-usb-3-0-sang-lan-ugreen-hang-chinh-hang\/#breadcrumb"},"inLanguage":"en-US","potentialAction":[{"@type":"ReadAction","target":["https:\/\/thanhphatpc.com\/day-cap-chuyen-doi-usb-3-0-sang-lan-ugreen-hang-chinh-hang\/"]}]},{"@type":"ImageObject","inLanguage":"en-US","@id":"https:\/\/thanhphatpc.com\/day-cap-chuyen-doi-usb-3-0-sang-lan-ugreen-hang-chinh-hang\/#primaryimage","url":"https:\/\/thanhphatpc.com\/wp-content\/uploads\/2020\/06\/usb-lan-ugreen.png","contentUrl":"https:\/\/thanhphatpc.com\/wp-content\/uploads\/2020\/06\/usb-lan-ugreen.png","width":600,"height":600},{"@type":"BreadcrumbList","@id":"https:\/\/thanhphatpc.com\/day-cap-chuyen-doi-usb-3-0-sang-lan-ugreen-hang-chinh-hang\/#breadcrumb","itemListElement":[{"@type":"ListItem","position":1,"name":"Trang ch\u1ee7","item":"https:\/\/thanhphatpc.com\/"},{"@type":"ListItem","position":2,"name":"C\u1eeda h\u00e0ng","item":"https:\/\/thanhphatpc.com\/cua-hang\/"},{"@type":"ListItem","position":3,"name":"D\u00e2y C\u00e1p Chuy\u1ec3n \u0110\u1ed5i USB 3.0 Sang LAN Ugreen &#8211; H\u00e0ng Ch\u00ednh H\u00e3ng"}]},{"@type":"WebSite","@id":"https:\/\/thanhphatpc.com\/#website","url":"https:\/\/thanhphatpc.com\/","name":"ThanhPhat PC","description":"D\u1ecbch v\u1ee5 ho\u00e0n h\u1ea3o","potentialAction":[{"@type":"SearchAction","target":{"@type":"EntryPoint","urlTemplate":"https:\/\/thanhphatpc.com\/?s={search_term_string}"},"query-input":{"@type":"PropertyValueSpecification","valueRequired":true,"valueName":"search_term_string"}}],"inLanguage":"en-US"}]}},"_links":{"self":[{"href":"https:\/\/thanhphatpc.com\/en\/wp-json\/wp\/v2\/product\/3966","targetHints":{"allow":["GET"]}}],"collection":[{"href":"https:\/\/thanhphatpc.com\/en\/wp-json\/wp\/v2\/product"}],"about":[{"href":"https:\/\/thanhphatpc.com\/en\/wp-json\/wp\/v2\/types\/product"}],"replies":[{"embeddable":true,"href":"https:\/\/thanhphatpc.com\/en\/wp-json\/wp\/v2\/comments?post=3966"}],"wp:featuredmedia":[{"embeddable":true,"href":"https:\/\/thanhphatpc.com\/en\/wp-json\/wp\/v2\/media\/3968"}],"wp:attachment":[{"href":"https:\/\/thanhphatpc.com\/en\/wp-json\/wp\/v2\/media?parent=3966"}],"wp:term":[{"taxonomy":"product_cat","embeddable":true,"href":"https:\/\/thanhphatpc.com\/en\/wp-json\/wp\/v2\/product_cat?post=3966"},{"taxonomy":"product_tag","embeddable":true,"href":"https:\/\/thanhphatpc.com\/en\/wp-json\/wp\/v2\/product_tag?post=3966"}],"curies":[{"name":"wp","href":"https:\/\/api.w.org\/{rel}","templated":true}]}}