{"id":3969,"date":"2020-06-23T17:34:25","date_gmt":"2020-06-23T10:34:25","guid":{"rendered":"https:\/\/thanhphatpc.com\/?post_type=product&#038;p=3969"},"modified":"2020-06-23T17:34:25","modified_gmt":"2020-06-23T10:34:25","slug":"thiet-bi-phat-song-wifi-gan-tran-ruijie-rg-ap710","status":"publish","type":"product","link":"https:\/\/thanhphatpc.com\/en\/thiet-bi-phat-song-wifi-gan-tran-ruijie-rg-ap710\/","title":{"rendered":"Thi\u1ebft b\u1ecb ph\u00e1t s\u00f3ng wifi g\u1eafn tr\u1ea7n RUIJIE RG-AP710"},"content":{"rendered":"<h2><strong>Ph\u00e1t s\u00f3ng wifi Ruijie RG-AP710 \u2013 Chuy\u00ean cho cafe, v\u0103n ph\u00f2ng\u200e<\/strong><\/h2>\n<p><strong>RUIJIE RG-AP710<\/strong>\u00a0thi\u1ebft k\u1ebf b\u0103ng t\u1ea7n k\u00e9p \u0111\u1ed3ng th\u1eddi 802.11ac, t\u1ed1c \u0111\u1ed9 d\u1eef li\u1ec7u AP710 l\u00ean t\u1edbi 1.167Gbps, \u0111\u1ee7 cho m\u00f4i tr\u01b0\u1eddng c\u1eeda h\u00e0ng b\u00e1n l\u1ebb v\u00e0 v\u0103n ph\u00f2ng nh\u1ecf. C\u1ed9ng v\u1edbi qu\u1ea3n l\u00fd \u0111\u00e1m m\u00e2y 100% v\u00e0 B\u1ea3o h\u00e0nh 3 n\u0103m, AP710 nh\u1eadp c\u1ea3nh cung c\u1ea5p s\u1ef1 c\u00e2n b\u1eb1ng ho\u00e0n h\u1ea3o v\u1ec1 hi\u1ec7u su\u1ea5t gi\u00e1 cho ng\u01b0\u1eddi d\u00f9ng doanh nghi\u1ec7p v\u1eeba v\u00e0 nh\u1ecf.<\/p>\n<p><strong>Thi\u1ebft b\u1ecb Access point wifi trong nh\u00e0 AP710<\/strong>\u00a0s\u1eed d\u1ee5ng thi\u1ebft k\u1ebf \u0111\u01a1n gi\u1ea3n v\u00e0 phong c\u00e1ch \u0111\u1ec3 ph\u00f9 h\u1ee3p v\u1edbi c\u00e1c k\u1ecbch b\u1ea3n kh\u00e1c nhau. Kh\u00f4ng c\u00e0i \u0111\u1eb7t ph\u1ea7n m\u1ec1m, Cung c\u1ea5p nhanh 4 b\u01b0\u1edbc b\u1edfi \u1ee9ng d\u1ee5ng di \u0111\u1ed9ng \u0111\u00e1m m\u00e2y c\u1ee7a Ruijie<\/p>\n<h2><strong>Th\u00f4ng s\u1ed1 k\u1ef9 thu\u1eadt thi\u1ebft b\u1ecb ph\u00e1t s\u00f3ng wifi g\u1eafn t\u01b0\u1eddng RUIJIE RG-AP710<\/strong><\/h2>\n<p>\u2013 T\u1ed1c \u0111\u1ed9 l\u00ean \u0111\u1ebfn 1167Mbps.<br \/>\n\u2013 H\u1ed7 tr\u1ee3 2 b\u0103ng t\u1ea7n:<br \/>\n+ 802.11b\/g\/n: 2.4GHz to 2.483GHz.<br \/>\n+ 802.11a\/n\/ac: 5.150GHz to 5.350GHz\/ 5.47GHz to 5.725GHz\/ 5.725GHz to 5.850GHz.<br \/>\n\u2013 D\u00f2ng s\u1ea3n ph\u1ea9m ph\u00f9 h\u1ee3p s\u1eed d\u1ee5ng cho kh\u00e1ch s\u1ea1n, c\u1eeda h\u00e0ng, v\u0103n ph\u00f2ng v\u1eeba &amp; nh\u1ecf.<br \/>\n\u2013 H\u1ed7 tr\u1ee3 1 c\u1ed5ng PoE 10\/100\/1000BASE-T.<br \/>\n\u2013 Ngu\u1ed3n 802.3af, PoE &lt;12.95W.<br \/>\n\u2013 H\u1ed7 tr\u1ee3 d\u1ecbch v\u1ee5 Ruijie Cloud mi\u1ec5n ph\u00ed gi\u00fap c\u1ea5u h\u00ecnh t\u01b0 xa c\u1ef1c k\u1ef3 \u0111\u01a1n gi\u1ea3n.<br \/>\n\u2013 H\u1ed7 tr\u1ee3 t\u1ed1i \u0111a 256 ng\u01b0\u1eddi d\u00f9ng v\u00e0 16 BSSID.<br \/>\n\u2013 H\u1ed7 tr\u1ee3 t\u00ednh n\u0103ng c\u00e2n b\u1eb1ng t\u1ea3i th\u00f4ng minh d\u1ef1a v\u00e0o s\u1ed1 l\u01b0\u1ee3ng ng\u01b0\u1eddi d\u00f9ng v\u00e0 l\u01b0u l\u01b0\u1ee3ng.<br \/>\n\u2013 H\u1ed7 tr\u1ee3 t\u00ednh n\u0103ng t\u1ea1o Voucher cho ng\u01b0\u1eddi d\u00f9ng (ph\u00f9 h\u1ee3p cho gi\u1ea3i ph\u00e1p cho thu\u00ea wifi khu nh\u00e0 tr\u1ecd\/k\u00fd t\u00fac x\u00e1).<br \/>\n\u2013 H\u1ed7 tr\u1ee3 t\u00ednh n\u0103ng PPSK gi\u00fap ph\u00e2n quy\u1ec1n \u0111\u0103ng k\u00fd wifi cho 1 s\u1ed1 thi\u1ebft b\u1ecb x\u00e1c \u0111\u1ecbnh tr\u01b0\u1edbc.<br \/>\n\u2013 H\u1ed7 tr\u1ee3 c\u00e1c t\u00ednh n\u0103ng WIFI marketing:<br \/>\n+ Giao di\u1ec7n \u0111\u0103ng nh\u1eadp d\u1ea1ng trang ch\u00e0o, cho ph\u00e9p tu\u1ef3 bi\u1ebfn theo logo, h\u00ecnh \u1ea3nh doanh nghi\u1ec7p, th\u00f4ng \u0111i\u1ec7p qu\u1ea3ng b\u00e1, n\u00fat click tr\u1ecf \u0111\u1ebfn trang \u0111\u00edch l\u00e0 fanpage ho\u1eb7c website c\u1ee7a doanh nghi\u1ec7p.<br \/>\n+ \u0110\u0103ng nh\u1eadp facebook, like facebook fanpage.<br \/>\n+ Qu\u1ea3n l\u00fd l\u01b0u l\u01b0\u1ee3ng c\u1ee7a ng\u01b0\u1eddi d\u00f9ng, th\u1eddi gian, dung l\u01b0\u1ee3ng data, s\u1ed1 l\u01b0\u1ee3t truy c\u1eadp trong ng\u00e0y.<br \/>\n\u2013 C\u00e1c ch\u1ee9ng nh\u1eadn: EN300 328, EN301 893, GB9254, EN301 489-1, EN301 489-17, GB4943, EN\/IEC 60950-1.<br \/>\n\u2013 K\u00edch th\u01b0\u1edbc: 194 \u00d7 194 \u00d7 37 mm.<br \/>\n\u2013 Tr\u1ecdng l\u01b0\u1ee3ng: 0.42kg.<br \/>\n\u2013 Xu\u1ea5t x\u1ee9: Trung Qu\u1ed1c.<br \/>\n\u2013 B\u1ea3o h\u00e0nh: 2 n\u0103m.<\/p>","protected":false},"excerpt":{"rendered":"<p>\u2013 T\u1ed1c \u0111\u1ed9 l\u00ean \u0111\u1ebfn 1167Mbps.<br \/>\n\u2013 H\u1ed7 tr\u1ee3 2 b\u0103ng t\u1ea7n.<br \/>\n\u2013 H\u1ed7 tr\u1ee3 1 c\u1ed5ng PoE 10\/100\/1000BASE-T.<br \/>\n\u2013 Ngu\u1ed3n 802.3af, PoE &lt;12.95W.<br \/>\n\u2013 H\u1ed7 tr\u1ee3 d\u1ecbch v\u1ee5 Ruijie Cloud mi\u1ec5n ph\u00ed gi\u00fap c\u1ea5u h\u00ecnh t\u01b0 xa c\u1ef1c k\u1ef3 \u0111\u01a1n gi\u1ea3n.<br \/>\n\u2013 D\u00f2ng s\u1ea3n ph\u1ea9m ph\u00f9 h\u1ee3p s\u1eed d\u1ee5ng cho kh\u00e1ch s\u1ea1n, c\u1eeda h\u00e0ng, v\u0103n ph\u00f2ng v\u1eeba &amp; nh\u1ecf.<\/p>","protected":false},"featured_media":3970,"comment_status":"open","ping_status":"closed","template":"","meta":{"_acf_changed":false},"product_cat":[403],"product_tag":[440],"class_list":{"0":"post-3969","1":"product","2":"type-product","3":"status-publish","4":"has-post-thumbnail","6":"product_cat-unifi","7":"product_tag-wifi-nha-hang","9":"first","10":"instock","11":"sale","12":"shipping-taxable","13":"purchasable","14":"product-type-simple"},"acf":[],"yoast_head":"<!-- This site is optimized with the Yoast SEO plugin v23.8 - https:\/\/yoast.com\/wordpress\/plugins\/seo\/ -->\n<title>Thi\u1ebft b\u1ecb ph\u00e1t s\u00f3ng wifi g\u1eafn tr\u1ea7n RUIJIE RG-AP710 - ThanhPhat PC<\/title>\n<meta name=\"robots\" content=\"index, follow, max-snippet:-1, max-image-preview:large, max-video-preview:-1\" \/>\n<link rel=\"canonical\" href=\"https:\/\/thanhphatpc.com\/en\/thiet-bi-phat-song-wifi-gan-tran-ruijie-rg-ap710\/\" \/>\n<meta property=\"og:locale\" content=\"en_US\" \/>\n<meta property=\"og:type\" content=\"article\" \/>\n<meta property=\"og:title\" content=\"Thi\u1ebft b\u1ecb ph\u00e1t s\u00f3ng wifi g\u1eafn tr\u1ea7n RUIJIE RG-AP710 - ThanhPhat PC\" \/>\n<meta property=\"og:description\" content=\"\u2013 T\u1ed1c \u0111\u1ed9 l\u00ean \u0111\u1ebfn 1167Mbps. \u2013 H\u1ed7 tr\u1ee3 2 b\u0103ng t\u1ea7n. \u2013 H\u1ed7 tr\u1ee3 1 c\u1ed5ng PoE 10\/100\/1000BASE-T. \u2013 Ngu\u1ed3n 802.3af, PoE &lt;12.95W. \u2013 H\u1ed7 tr\u1ee3 d\u1ecbch v\u1ee5 Ruijie Cloud mi\u1ec5n ph\u00ed gi\u00fap c\u1ea5u h\u00ecnh t\u01b0 xa c\u1ef1c k\u1ef3 \u0111\u01a1n gi\u1ea3n. \u2013 D\u00f2ng s\u1ea3n ph\u1ea9m ph\u00f9 h\u1ee3p s\u1eed d\u1ee5ng cho kh\u00e1ch s\u1ea1n, c\u1eeda h\u00e0ng, v\u0103n ph\u00f2ng v\u1eeba &amp; nh\u1ecf.\" \/>\n<meta property=\"og:url\" content=\"https:\/\/thanhphatpc.com\/en\/thiet-bi-phat-song-wifi-gan-tran-ruijie-rg-ap710\/\" \/>\n<meta property=\"og:site_name\" content=\"ThanhPhat PC\" \/>\n<meta property=\"og:image\" content=\"https:\/\/thanhphatpc.com\/wp-content\/uploads\/2020\/06\/RUIJIE-RG-AP710.jpg\" \/>\n\t<meta property=\"og:image:width\" content=\"700\" \/>\n\t<meta property=\"og:image:height\" content=\"700\" \/>\n\t<meta property=\"og:image:type\" content=\"image\/jpeg\" \/>\n<meta name=\"twitter:card\" content=\"summary_large_image\" \/>\n<meta name=\"twitter:label1\" content=\"Est. reading time\" \/>\n\t<meta name=\"twitter:data1\" content=\"3 minutes\" \/>\n<script type=\"application\/ld+json\" class=\"yoast-schema-graph\">{\"@context\":\"https:\/\/schema.org\",\"@graph\":[{\"@type\":\"WebPage\",\"@id\":\"https:\/\/thanhphatpc.com\/thiet-bi-phat-song-wifi-gan-tran-ruijie-rg-ap710\/\",\"url\":\"https:\/\/thanhphatpc.com\/thiet-bi-phat-song-wifi-gan-tran-ruijie-rg-ap710\/\",\"name\":\"Thi\u1ebft b\u1ecb ph\u00e1t s\u00f3ng wifi g\u1eafn tr\u1ea7n RUIJIE RG-AP710 - ThanhPhat PC\",\"isPartOf\":{\"@id\":\"https:\/\/thanhphatpc.com\/#website\"},\"primaryImageOfPage\":{\"@id\":\"https:\/\/thanhphatpc.com\/thiet-bi-phat-song-wifi-gan-tran-ruijie-rg-ap710\/#primaryimage\"},\"image\":{\"@id\":\"https:\/\/thanhphatpc.com\/thiet-bi-phat-song-wifi-gan-tran-ruijie-rg-ap710\/#primaryimage\"},\"thumbnailUrl\":\"https:\/\/thanhphatpc.com\/wp-content\/uploads\/2020\/06\/RUIJIE-RG-AP710.jpg\",\"datePublished\":\"2020-06-23T10:34:25+00:00\",\"dateModified\":\"2020-06-23T10:34:25+00:00\",\"breadcrumb\":{\"@id\":\"https:\/\/thanhphatpc.com\/thiet-bi-phat-song-wifi-gan-tran-ruijie-rg-ap710\/#breadcrumb\"},\"inLanguage\":\"en-US\",\"potentialAction\":[{\"@type\":\"ReadAction\",\"target\":[\"https:\/\/thanhphatpc.com\/thiet-bi-phat-song-wifi-gan-tran-ruijie-rg-ap710\/\"]}]},{\"@type\":\"ImageObject\",\"inLanguage\":\"en-US\",\"@id\":\"https:\/\/thanhphatpc.com\/thiet-bi-phat-song-wifi-gan-tran-ruijie-rg-ap710\/#primaryimage\",\"url\":\"https:\/\/thanhphatpc.com\/wp-content\/uploads\/2020\/06\/RUIJIE-RG-AP710.jpg\",\"contentUrl\":\"https:\/\/thanhphatpc.com\/wp-content\/uploads\/2020\/06\/RUIJIE-RG-AP710.jpg\",\"width\":700,\"height\":700},{\"@type\":\"BreadcrumbList\",\"@id\":\"https:\/\/thanhphatpc.com\/thiet-bi-phat-song-wifi-gan-tran-ruijie-rg-ap710\/#breadcrumb\",\"itemListElement\":[{\"@type\":\"ListItem\",\"position\":1,\"name\":\"Trang ch\u1ee7\",\"item\":\"https:\/\/thanhphatpc.com\/\"},{\"@type\":\"ListItem\",\"position\":2,\"name\":\"C\u1eeda h\u00e0ng\",\"item\":\"https:\/\/thanhphatpc.com\/cua-hang\/\"},{\"@type\":\"ListItem\",\"position\":3,\"name\":\"Thi\u1ebft b\u1ecb ph\u00e1t s\u00f3ng wifi g\u1eafn tr\u1ea7n RUIJIE RG-AP710\"}]},{\"@type\":\"WebSite\",\"@id\":\"https:\/\/thanhphatpc.com\/#website\",\"url\":\"https:\/\/thanhphatpc.com\/\",\"name\":\"ThanhPhat PC\",\"description\":\"D\u1ecbch v\u1ee5 ho\u00e0n h\u1ea3o\",\"potentialAction\":[{\"@type\":\"SearchAction\",\"target\":{\"@type\":\"EntryPoint\",\"urlTemplate\":\"https:\/\/thanhphatpc.com\/?s={search_term_string}\"},\"query-input\":{\"@type\":\"PropertyValueSpecification\",\"valueRequired\":true,\"valueName\":\"search_term_string\"}}],\"inLanguage\":\"en-US\"}]}<\/script>\n<!-- \/ Yoast SEO plugin. -->","yoast_head_json":{"title":"Thi\u1ebft b\u1ecb ph\u00e1t s\u00f3ng wifi g\u1eafn tr\u1ea7n RUIJIE RG-AP710 - ThanhPhat PC","robots":{"index":"index","follow":"follow","max-snippet":"max-snippet:-1","max-image-preview":"max-image-preview:large","max-video-preview":"max-video-preview:-1"},"canonical":"https:\/\/thanhphatpc.com\/en\/thiet-bi-phat-song-wifi-gan-tran-ruijie-rg-ap710\/","og_locale":"en_US","og_type":"article","og_title":"Thi\u1ebft b\u1ecb ph\u00e1t s\u00f3ng wifi g\u1eafn tr\u1ea7n RUIJIE RG-AP710 - ThanhPhat PC","og_description":"\u2013 T\u1ed1c \u0111\u1ed9 l\u00ean \u0111\u1ebfn 1167Mbps. \u2013 H\u1ed7 tr\u1ee3 2 b\u0103ng t\u1ea7n. \u2013 H\u1ed7 tr\u1ee3 1 c\u1ed5ng PoE 10\/100\/1000BASE-T. \u2013 Ngu\u1ed3n 802.3af, PoE &lt;12.95W. \u2013 H\u1ed7 tr\u1ee3 d\u1ecbch v\u1ee5 Ruijie Cloud mi\u1ec5n ph\u00ed gi\u00fap c\u1ea5u h\u00ecnh t\u01b0 xa c\u1ef1c k\u1ef3 \u0111\u01a1n gi\u1ea3n. \u2013 D\u00f2ng s\u1ea3n ph\u1ea9m ph\u00f9 h\u1ee3p s\u1eed d\u1ee5ng cho kh\u00e1ch s\u1ea1n, c\u1eeda h\u00e0ng, v\u0103n ph\u00f2ng v\u1eeba &amp; nh\u1ecf.","og_url":"https:\/\/thanhphatpc.com\/en\/thiet-bi-phat-song-wifi-gan-tran-ruijie-rg-ap710\/","og_site_name":"ThanhPhat PC","og_image":[{"width":700,"height":700,"url":"https:\/\/thanhphatpc.com\/wp-content\/uploads\/2020\/06\/RUIJIE-RG-AP710.jpg","type":"image\/jpeg"}],"twitter_card":"summary_large_image","twitter_misc":{"Est. reading time":"3 minutes"},"schema":{"@context":"https:\/\/schema.org","@graph":[{"@type":"WebPage","@id":"https:\/\/thanhphatpc.com\/thiet-bi-phat-song-wifi-gan-tran-ruijie-rg-ap710\/","url":"https:\/\/thanhphatpc.com\/thiet-bi-phat-song-wifi-gan-tran-ruijie-rg-ap710\/","name":"Thi\u1ebft b\u1ecb ph\u00e1t s\u00f3ng wifi g\u1eafn tr\u1ea7n RUIJIE RG-AP710 - ThanhPhat PC","isPartOf":{"@id":"https:\/\/thanhphatpc.com\/#website"},"primaryImageOfPage":{"@id":"https:\/\/thanhphatpc.com\/thiet-bi-phat-song-wifi-gan-tran-ruijie-rg-ap710\/#primaryimage"},"image":{"@id":"https:\/\/thanhphatpc.com\/thiet-bi-phat-song-wifi-gan-tran-ruijie-rg-ap710\/#primaryimage"},"thumbnailUrl":"https:\/\/thanhphatpc.com\/wp-content\/uploads\/2020\/06\/RUIJIE-RG-AP710.jpg","datePublished":"2020-06-23T10:34:25+00:00","dateModified":"2020-06-23T10:34:25+00:00","breadcrumb":{"@id":"https:\/\/thanhphatpc.com\/thiet-bi-phat-song-wifi-gan-tran-ruijie-rg-ap710\/#breadcrumb"},"inLanguage":"en-US","potentialAction":[{"@type":"ReadAction","target":["https:\/\/thanhphatpc.com\/thiet-bi-phat-song-wifi-gan-tran-ruijie-rg-ap710\/"]}]},{"@type":"ImageObject","inLanguage":"en-US","@id":"https:\/\/thanhphatpc.com\/thiet-bi-phat-song-wifi-gan-tran-ruijie-rg-ap710\/#primaryimage","url":"https:\/\/thanhphatpc.com\/wp-content\/uploads\/2020\/06\/RUIJIE-RG-AP710.jpg","contentUrl":"https:\/\/thanhphatpc.com\/wp-content\/uploads\/2020\/06\/RUIJIE-RG-AP710.jpg","width":700,"height":700},{"@type":"BreadcrumbList","@id":"https:\/\/thanhphatpc.com\/thiet-bi-phat-song-wifi-gan-tran-ruijie-rg-ap710\/#breadcrumb","itemListElement":[{"@type":"ListItem","position":1,"name":"Trang ch\u1ee7","item":"https:\/\/thanhphatpc.com\/"},{"@type":"ListItem","position":2,"name":"C\u1eeda h\u00e0ng","item":"https:\/\/thanhphatpc.com\/cua-hang\/"},{"@type":"ListItem","position":3,"name":"Thi\u1ebft b\u1ecb ph\u00e1t s\u00f3ng wifi g\u1eafn tr\u1ea7n RUIJIE RG-AP710"}]},{"@type":"WebSite","@id":"https:\/\/thanhphatpc.com\/#website","url":"https:\/\/thanhphatpc.com\/","name":"ThanhPhat PC","description":"D\u1ecbch v\u1ee5 ho\u00e0n h\u1ea3o","potentialAction":[{"@type":"SearchAction","target":{"@type":"EntryPoint","urlTemplate":"https:\/\/thanhphatpc.com\/?s={search_term_string}"},"query-input":{"@type":"PropertyValueSpecification","valueRequired":true,"valueName":"search_term_string"}}],"inLanguage":"en-US"}]}},"_links":{"self":[{"href":"https:\/\/thanhphatpc.com\/en\/wp-json\/wp\/v2\/product\/3969","targetHints":{"allow":["GET"]}}],"collection":[{"href":"https:\/\/thanhphatpc.com\/en\/wp-json\/wp\/v2\/product"}],"about":[{"href":"https:\/\/thanhphatpc.com\/en\/wp-json\/wp\/v2\/types\/product"}],"replies":[{"embeddable":true,"href":"https:\/\/thanhphatpc.com\/en\/wp-json\/wp\/v2\/comments?post=3969"}],"wp:featuredmedia":[{"embeddable":true,"href":"https:\/\/thanhphatpc.com\/en\/wp-json\/wp\/v2\/media\/3970"}],"wp:attachment":[{"href":"https:\/\/thanhphatpc.com\/en\/wp-json\/wp\/v2\/media?parent=3969"}],"wp:term":[{"taxonomy":"product_cat","embeddable":true,"href":"https:\/\/thanhphatpc.com\/en\/wp-json\/wp\/v2\/product_cat?post=3969"},{"taxonomy":"product_tag","embeddable":true,"href":"https:\/\/thanhphatpc.com\/en\/wp-json\/wp\/v2\/product_tag?post=3969"}],"curies":[{"name":"wp","href":"https:\/\/api.w.org\/{rel}","templated":true}]}}