{"id":4116,"date":"2020-12-15T10:40:36","date_gmt":"2020-12-15T03:40:36","guid":{"rendered":"https:\/\/thanhphatpc.com\/?post_type=product&#038;p=4116"},"modified":"2024-04-28T11:54:38","modified_gmt":"2024-04-28T04:54:38","slug":"camera-wifi-imou-ipc-c22ep-imou-camera-trong-tre-em","status":"publish","type":"product","link":"https:\/\/thanhphatpc.com\/en\/camera-wifi-imou-ipc-c22ep-imou-camera-trong-tre-em\/","title":{"rendered":"Camera Wifi Imou IPC-C22EP-imou &#8211; Camera Tr\u00f4ng tr\u1ebb em"},"content":{"rendered":"<h2 id=\"camera-imou-ipc-c22ep-imou\" class=\"format-anchor\"><span class=\"content\">1 &#8212; imou<\/span><\/h2>\n<p>IPC-\u00a0l\u00e0 d\u00f2ng camera Ip k\u1ebft n\u1ed1i kh\u00f4ng d\u00e2y c\u1ee7a h\u00e3ng IMou m\u1ed9t th\u01b0\u01a1ng hi\u1ec7u\u00a0\u00a0ch\u1ea5t l\u01b0\u1ee3ng c\u1ee7a h\u00e3ng Dahua. Ki\u1ec3u d\u00e1ng Cube l\u1eafp \u0111\u1eb7t trong nh\u00e0. IPC-\u00a0thi\u1ebft k\u1ebf ra v\u1edbi kh\u1ea3 n\u0103ng ng\u01b0\u1eddi d\u00f9ng c\u00f3 th\u1ec3 t\u1ef1 l\u1eafp \u0111\u1eb7t. C\u00e0i \u0111\u1eb7t t\u1ef1 \u0111\u1ed9ng d\u1ec5 d\u00e0ng. Ngo\u00e0i ra d\u00f2ng Cube c\u00f2n trang b\u1ecb c\u1ea5u h\u00ecnh r\u1ea5t kh\u1ee7ng nh\u01b0:<\/p>\n<figure id=\"attachment_10188\" aria-describedby=\"caption-attachment-10188\" style=\"width: 637px\" class=\"wp-caption alignnone\"><img loading=\"lazy\" decoding=\"async\" class=\"wp-image-10188\" src=\"https:\/\/thanhphatpc.com\/wp-content\/uploads\/2020\/12\/0153.png\" alt=\"Camera Wifi Imou IPC-C22EP-imou \u2013 Camera\" width=\"637\" height=\"416\" srcset=\"https:\/\/thanhphatpc.com\/wp-content\/uploads\/2020\/12\/0153.png 944w, https:\/\/thanhphatpc.com\/wp-content\/uploads\/2020\/12\/0153-510x333.png 510w, https:\/\/thanhphatpc.com\/wp-content\/uploads\/2020\/12\/0153-300x196.png 300w, https:\/\/thanhphatpc.com\/wp-content\/uploads\/2020\/12\/0153-768x502.png 768w\" sizes=\"auto, (max-width: 637px) 100vw, 637px\" \/><figcaption id=\"caption-attachment-10188\" class=\"wp-caption-text\">Camera Wifi Imou IPC-C22EP-imou \u2013 Camera<\/figcaption><\/figure>\n<ul>\n<li>\u0110\u1ed9 ph\u00e2n gi\u1ea3i Full HD 1080P 2Megapixel<\/li>\n<li>Chu\u1ea9n n\u00e9n h\u00ecnh \u1ea3nh m\u1edbi H265 gi\u00fap camera c\u00f3 h\u00ecnh \u1ea3nh \u0111\u1eb9p h\u01a1n. Th\u1eddi gian l\u01b0u tr\u1eef g\u1ea5p \u0111\u00f4i chu\u1ea9n n\u00e9n H264 hi\u1ec7n nay.<\/li>\n<li>K\u1ebft n\u1ed1i kh\u00f4ng d\u00e2y<\/li>\n<li>Ch\u00e2n \u0111\u1ebf thi\u1ebft k\u1ebf nam ch\u00e2m h\u00fat d\u1ec5 d\u00e0ng l\u1eafp \u0111\u1eb7t<\/li>\n<li>\u0110\u00e0m tho\u1ea1i 2 chi\u1ec1u d\u1ec5 d\u00e0ng qua \u0111i\u1ec7n tho\u1ea1i<\/li>\n<li>G\u00f3c quan s\u00e1t r\u1ed9ng<\/li>\n<\/ul>\n<h2 id=\"thong-so-ky-thuat-camera-imou\u00a0ipc-c22ep\" class=\"format-anchor\"><span class=\"no\">2. <\/span><span class=\"content\">Th\u00f4ng s\u1ed1 k\u1ef9 thu\u1eadt Camera Imou\u00a0IPC-<\/span><\/h2>\n<p><img decoding=\"async\" src=\"https:\/\/salt.tikicdn.com\/ts\/product\/59\/79\/79\/3723eb8a751e98d06fe9c9e7818aeb6f.jpg\" alt=\"\" \/><\/p>\n<ul>\n<li>\u0110\u1ed9 ph\u00e2n gi\u1ea3i 2Megapixel CMOS 1\/2.7\u201d (1080P).<\/li>\n<li>\u0110\u1ed9 nh\u1ea1y s\u00e1ng t\u1ed1i thi\u1ec3u 1.96lux\/F1.2(color),0lux\/F1.2(IR on)<\/li>\n<li>ch\u1ebf \u0111\u1ed9 ng\u00e0y \u0111\u00eam(ICR)<\/li>\n<li>ch\u1ed1ng ng\u01b0\u1ee3c s\u00e1ng DWDR<\/li>\n<li>t\u1ef1 \u0111\u1ed9ng c\u00e2n b\u1eb1ng tr\u1eafng (AWB)<\/li>\n<li>t\u1ef1 \u0111\u1ed9ng b\u00f9 t\u00edn hi\u1ec7u \u1ea3nh (AGC)<\/li>\n<li>b\u00f9 s\u00e1ng (BLC)<\/li>\n<li>Ch\u1ed1ng nhi\u1ec5u (3D-DNR)<\/li>\n<li>t\u1ea7m xa h\u1ed3ng ngo\u1ea1i 10m v\u1edbi c\u00f4ng ngh\u1ec7 h\u1ed3ng ngo\u1ea1i th\u00f4ng minh<\/li>\n<li>\u1ed0ng k\u00ednh c\u1ed1 \u0111\u1ecbnh 2.8mm, g\u00f3c nh\u00ecn 94\u00b0(H), 51.5\u00b0(V), 114.5\u00b0(D)<\/li>\n<li>t\u00edch h\u1ee3p m\u00edc v\u00e0 loa v\u1edbi chu\u1ea9n \u00e2m thanh G.711a \/ G.711u \/ PCM<\/li>\n<li>\u0110\u00e0m tho\u1ea1i hai chi\u1ec1u<\/li>\n<li>h\u1ed7 tr\u1ee3 khe c\u1eafm th\u1ebb nh\u1edb Micro SD, Max 64GB<\/li>\n<li>t\u00edch h\u1ee3p Wi-Fi(IEEE802.11b\/g\/n)<\/li>\n<li>H\u1ed7 tr\u1ee3 P2P,chu\u1ea9n t\u01b0\u01a1ng th\u00edch ONVIF<\/li>\n<li>\u0111i\u1ec7n \u00e1p DC5V 1A , c\u00f4ng su\u1ea5t &lt;2,5W<\/li>\n<li>Ch\u1ea5t li\u1ec7u v\u1ecf plastic<\/li>\n<li>m\u00f4i tr\u01b0\u1eddng l\u00e0m vi\u1ec7c t\u1eeb -10\u00b0C~+45\u00b0C (&lt; 95%RH)<\/li>\n<li>K\u00edch th\u01b0\u1edbc 120mm*66mm*33mm<\/li>\n<li>tr\u1ecdng l\u01b0\u1ee3ng\u00a0120g<\/li>\n<\/ul>\n<h2 id=\"tinh-nang-camera\u00a0ipc-c22ep-camera-trong-tre-em\" class=\"format-anchor\"><span class=\"no\">3. <\/span><span class=\"content\">T\u00ednh n\u0103ng camera\u00a0IPC-\u00a0( Camera Tr\u00f4ng tr\u1ebb em )<\/span><\/h2>\n<ul>\n<li>T\u00ednh n\u0103ng camera tr\u00f4ng tr\u1ebb em kh\u00f3c b\u00e1o \u0111\u1ed9ng qua \u0111i\u1ec7n tho\u1ea1i.<\/li>\n<\/ul>\n<p><img decoding=\"async\" src=\"https:\/\/salt.tikicdn.com\/ts\/product\/d6\/20\/ad\/12dc088995259b5aac3187eee726af3e.jpg\" alt=\"\" \/><\/p>\n<ul>\n<li>Camera d\u1ec5 d\u00e0ng l\u1eafp \u0111\u1eb7t m\u1ecdi n\u01a1i v\u1edbi thi\u1ebft k\u1ebf ch\u00e2n \u0111\u1ebf \u0111a n\u1eb7ng. t\u00ednh n\u0103ng p2p c\u1eafm l\u00e0 ch\u1ea1y kh\u00f4ng c\u1ea7n c\u00e0i \u0111\u1eb7t<\/li>\n<\/ul>\n<p><img decoding=\"async\" src=\"https:\/\/salt.tikicdn.com\/ts\/product\/a5\/52\/42\/7260ca793270144386b86f11e946203c.jpg\" alt=\"\" \/><\/p>\n<ul>\n<li>T\u00ednh n\u0103ng ph\u00e1t hi\u1ec7n ng\u01b0\u1eddi l\u1ea1 b\u00e1o \u0111\u1ed9ng qua \u0111i\u1ec7n tho\u1ea1i<\/li>\n<\/ul>\n<p><img decoding=\"async\" src=\"https:\/\/salt.tikicdn.com\/ts\/product\/f7\/41\/35\/3c4bb002db6e112b723fee1f3fc5ecbe.jpg\" alt=\"\" \/><\/p>\n<ul>\n<li>T\u00ednh n\u0103ng l\u01b0u tr\u1eef th\u1ebb nh\u1edb 256G v\u00e0 l\u01b0u tr\u00ean Cloud.<\/li>\n<\/ul>\n<p><img decoding=\"async\" src=\"https:\/\/salt.tikicdn.com\/ts\/product\/85\/ab\/b4\/2909d7f92d3d6b4f03f49367ed6ebfd6.jpg\" alt=\"\" \/><\/p>\n<ul>\n<li>T\u00ednh n\u0103ng nh\u00ecn \u0111\u00eam h\u1ed3ng ngo\u1ea1i si\u00eau t\u1ed1t<\/li>\n<\/ul>\n<p><img decoding=\"async\" src=\"https:\/\/salt.tikicdn.com\/ts\/product\/be\/10\/a7\/4c81016276ee87897be0314655411e96.jpg\" alt=\"\" \/><\/p>\n<h2 id=\"dong-goi-san-pham-camera-imou\u00a0ipc-c22ep\" class=\"format-anchor\"><span class=\"no\">4. <\/span><span class=\"content\">\u0110\u00f3ng g\u00f3i s\u1ea3n ph\u1ea9m camera imou\u00a0IPC-<\/span><\/h2>\n<p>Thi\u1ebft k\u1ebf \u0111\u00f3ng g\u00f3i sang tr\u1ecdng: \u0110\u1ea7y \u0111\u1ee7 ph\u1ee7 ki\u1ec7n s\u00e1ch h\u01b0\u1edbng d\u1eabn ch\u1ed1ng s\u1ed1c v\u1eadn chuy\u1ec3n.<\/p>\n<ul>\n<li>1 camera<\/li>\n<li>1 ngu\u1ed3n<\/li>\n<li>1 s\u00e1ch h\u01b0\u1edbng d\u1eabn<\/li>\n<li>1 b\u1ed9 ch\u00e2n \u0111\u1ebf l\u1eafp c\u00e1c v\u1ecb tr\u00ed<\/li>\n<li>1 t\u00fai ph\u1ee5 ki\u1ec7n \u0111inh \u1ed1c v\u00edt k\u00e8m theo<\/li>\n<\/ul>\n<p><img decoding=\"async\" src=\"https:\/\/salt.tikicdn.com\/ts\/product\/ab\/eb\/97\/8610e9918a70babb4bbeedcbeb7655af.jpg\" alt=\"\" \/><\/p>\n<h2 id=\"\u00a03-buoc-cai-dat-camera-imou\u00a0ipc-c22ep\" class=\"format-anchor\"><span class=\"no\">5<\/span><span class=\"content\">\u00a03 B\u01b0\u1edbc c\u00e0i \u0111\u1eb7t camera imou\u00a0IPC-<\/span><\/h2>\n<ul>\n<li>B\u01b0\u1edbc 1: C\u1eafm \u0111i\u1ec7n b\u1eadt ngu\u1ed3n camera<\/li>\n<li>B\u01b0\u1edbc 2: T\u1ea3i App Imou tr\u00ean \u0111i\u1ec7n tho\u1ea1i v\u1ec1:<\/li>\n<li>B\u01b0\u1edbc 3: Qu\u00e9t QR Code tr\u00ean camera l\u00e0 c\u00e0i \u0111\u1eb7t xong<\/li>\n<\/ul>\n<p><img decoding=\"async\" src=\"https:\/\/salt.tikicdn.com\/ts\/product\/7a\/68\/b4\/f47fbd1d5a0087234070f4806e7a86f3.jpg\" alt=\"\" \/><\/p>\n<p>Gi\u00e1 s\u1ea3n ph\u1ea9m tr\u00ean Tiki \u0111\u00e3 bao g\u1ed3m thu\u1ebf theo lu\u1eadt hi\u1ec7n h\u00e0nh. Tuy nhi\u00ean tu\u1ef3 v\u00e0o t\u1eebng lo\u1ea1i s\u1ea3n ph\u1ea9m ho\u1eb7c ph\u01b0\u01a1ng th\u1ee9c, \u0111\u1ecba ch\u1ec9 giao h\u00e0ng m\u00e0 c\u00f3 th\u1ec3 ph\u00e1t sinh th\u00eam chi ph\u00ed kh\u00e1c nh\u01b0 ph\u00ed v\u1eadn chuy\u1ec3n, ph\u1ee5 ph\u00ed h\u00e0ng c\u1ed3ng k\u1ec1nh, &#8230;<\/p>","protected":false},"excerpt":{"rendered":"<ol>\n<li>T\u00ednh n\u0103ng camera\u00a0IPC-\u00a0( Camera Tr\u00f4ng tr\u1ebb em )<\/li>\n<li>T\u00ednh n\u0103ng ph\u00e1t hi\u1ec7n ng\u01b0\u1eddi l\u1ea1 b\u00e1o \u0111\u1ed9ng qua \u0111i\u1ec7n tho\u1ea1i<\/li>\n<li>T\u00ednh n\u0103ng l\u01b0u tr\u1eef th\u1ebb nh\u1edb 256G v\u00e0 l\u01b0u tr\u00ean Cloud.<\/li>\n<li>T\u00ednh n\u0103ng nh\u00ecn \u0111\u00eam h\u1ed3ng ngo\u1ea1i si\u00eau t\u1ed1t.<\/li>\n<\/ol>","protected":false},"featured_media":10186,"comment_status":"open","ping_status":"closed","template":"","meta":{"_acf_changed":false},"product_cat":[380],"product_tag":[],"class_list":{"0":"post-4116","1":"product","2":"type-product","3":"status-publish","4":"has-post-thumbnail","6":"product_cat-camera-wifi","8":"first","9":"instock","10":"sale","11":"shipping-taxable","12":"purchasable","13":"product-type-simple"},"acf":[],"yoast_head":"<!-- This site is optimized with the Yoast SEO plugin v23.8 - https:\/\/yoast.com\/wordpress\/plugins\/seo\/ -->\n<title>Camera Wifi Imou IPC-C22EP-imou - Camera Tr\u00f4ng tr\u1ebb em - ThanhPhat PC<\/title>\n<meta name=\"robots\" content=\"index, follow, max-snippet:-1, max-image-preview:large, max-video-preview:-1\" \/>\n<link rel=\"canonical\" href=\"https:\/\/thanhphatpc.com\/en\/camera-wifi-imou-ipc-c22ep-imou-camera-trong-tre-em\/\" \/>\n<meta property=\"og:locale\" content=\"en_US\" \/>\n<meta property=\"og:type\" content=\"article\" \/>\n<meta property=\"og:title\" content=\"Camera Wifi Imou IPC-C22EP-imou - Camera Tr\u00f4ng tr\u1ebb em - ThanhPhat PC\" \/>\n<meta property=\"og:description\" content=\"T\u00ednh n\u0103ng camera\u00a0IPC-\u00a0( Camera Tr\u00f4ng tr\u1ebb em )  T\u00ednh n\u0103ng ph\u00e1t hi\u1ec7n ng\u01b0\u1eddi l\u1ea1 b\u00e1o \u0111\u1ed9ng qua \u0111i\u1ec7n tho\u1ea1i  T\u00ednh n\u0103ng l\u01b0u tr\u1eef th\u1ebb nh\u1edb 256G v\u00e0 l\u01b0u tr\u00ean Cloud.  T\u00ednh n\u0103ng nh\u00ecn \u0111\u00eam h\u1ed3ng ngo\u1ea1i si\u00eau t\u1ed1t.\" \/>\n<meta property=\"og:url\" content=\"https:\/\/thanhphatpc.com\/en\/camera-wifi-imou-ipc-c22ep-imou-camera-trong-tre-em\/\" \/>\n<meta property=\"og:site_name\" content=\"ThanhPhat PC\" \/>\n<meta property=\"article:modified_time\" content=\"2024-04-28T04:54:38+00:00\" \/>\n<meta property=\"og:image\" content=\"https:\/\/thanhphatpc.com\/wp-content\/uploads\/2020\/12\/0152.png\" \/>\n\t<meta property=\"og:image:width\" content=\"563\" \/>\n\t<meta property=\"og:image:height\" content=\"671\" \/>\n\t<meta property=\"og:image:type\" content=\"image\/png\" \/>\n<meta name=\"twitter:card\" content=\"summary_large_image\" \/>\n<meta name=\"twitter:label1\" content=\"Est. reading time\" \/>\n\t<meta name=\"twitter:data1\" content=\"5 minutes\" \/>\n<script type=\"application\/ld+json\" class=\"yoast-schema-graph\">{\"@context\":\"https:\/\/schema.org\",\"@graph\":[{\"@type\":\"WebPage\",\"@id\":\"https:\/\/thanhphatpc.com\/camera-wifi-imou-ipc-c22ep-imou-camera-trong-tre-em\/\",\"url\":\"https:\/\/thanhphatpc.com\/camera-wifi-imou-ipc-c22ep-imou-camera-trong-tre-em\/\",\"name\":\"Camera Wifi Imou IPC-C22EP-imou - Camera Tr\u00f4ng tr\u1ebb em - ThanhPhat PC\",\"isPartOf\":{\"@id\":\"https:\/\/thanhphatpc.com\/#website\"},\"primaryImageOfPage\":{\"@id\":\"https:\/\/thanhphatpc.com\/camera-wifi-imou-ipc-c22ep-imou-camera-trong-tre-em\/#primaryimage\"},\"image\":{\"@id\":\"https:\/\/thanhphatpc.com\/camera-wifi-imou-ipc-c22ep-imou-camera-trong-tre-em\/#primaryimage\"},\"thumbnailUrl\":\"https:\/\/thanhphatpc.com\/wp-content\/uploads\/2020\/12\/0152.png\",\"datePublished\":\"2020-12-15T03:40:36+00:00\",\"dateModified\":\"2024-04-28T04:54:38+00:00\",\"breadcrumb\":{\"@id\":\"https:\/\/thanhphatpc.com\/camera-wifi-imou-ipc-c22ep-imou-camera-trong-tre-em\/#breadcrumb\"},\"inLanguage\":\"en-US\",\"potentialAction\":[{\"@type\":\"ReadAction\",\"target\":[\"https:\/\/thanhphatpc.com\/camera-wifi-imou-ipc-c22ep-imou-camera-trong-tre-em\/\"]}]},{\"@type\":\"ImageObject\",\"inLanguage\":\"en-US\",\"@id\":\"https:\/\/thanhphatpc.com\/camera-wifi-imou-ipc-c22ep-imou-camera-trong-tre-em\/#primaryimage\",\"url\":\"https:\/\/thanhphatpc.com\/wp-content\/uploads\/2020\/12\/0152.png\",\"contentUrl\":\"https:\/\/thanhphatpc.com\/wp-content\/uploads\/2020\/12\/0152.png\",\"width\":563,\"height\":671,\"caption\":\"Camera Wifi Imou IPC-C22EP-imou \u2013 Camera\"},{\"@type\":\"BreadcrumbList\",\"@id\":\"https:\/\/thanhphatpc.com\/camera-wifi-imou-ipc-c22ep-imou-camera-trong-tre-em\/#breadcrumb\",\"itemListElement\":[{\"@type\":\"ListItem\",\"position\":1,\"name\":\"Trang ch\u1ee7\",\"item\":\"https:\/\/thanhphatpc.com\/\"},{\"@type\":\"ListItem\",\"position\":2,\"name\":\"C\u1eeda h\u00e0ng\",\"item\":\"https:\/\/thanhphatpc.com\/cua-hang\/\"},{\"@type\":\"ListItem\",\"position\":3,\"name\":\"Camera Wifi Imou IPC-C22EP-imou &#8211; Camera Tr\u00f4ng tr\u1ebb em\"}]},{\"@type\":\"WebSite\",\"@id\":\"https:\/\/thanhphatpc.com\/#website\",\"url\":\"https:\/\/thanhphatpc.com\/\",\"name\":\"ThanhPhat PC\",\"description\":\"D\u1ecbch v\u1ee5 ho\u00e0n h\u1ea3o\",\"potentialAction\":[{\"@type\":\"SearchAction\",\"target\":{\"@type\":\"EntryPoint\",\"urlTemplate\":\"https:\/\/thanhphatpc.com\/?s={search_term_string}\"},\"query-input\":{\"@type\":\"PropertyValueSpecification\",\"valueRequired\":true,\"valueName\":\"search_term_string\"}}],\"inLanguage\":\"en-US\"}]}<\/script>\n<!-- \/ Yoast SEO plugin. -->","yoast_head_json":{"title":"Camera Wifi Imou IPC-C22EP-imou - Camera Tr\u00f4ng tr\u1ebb em - ThanhPhat PC","robots":{"index":"index","follow":"follow","max-snippet":"max-snippet:-1","max-image-preview":"max-image-preview:large","max-video-preview":"max-video-preview:-1"},"canonical":"https:\/\/thanhphatpc.com\/en\/camera-wifi-imou-ipc-c22ep-imou-camera-trong-tre-em\/","og_locale":"en_US","og_type":"article","og_title":"Camera Wifi Imou IPC-C22EP-imou - Camera Tr\u00f4ng tr\u1ebb em - ThanhPhat PC","og_description":"T\u00ednh n\u0103ng camera\u00a0IPC-\u00a0( Camera Tr\u00f4ng tr\u1ebb em )  T\u00ednh n\u0103ng ph\u00e1t hi\u1ec7n ng\u01b0\u1eddi l\u1ea1 b\u00e1o \u0111\u1ed9ng qua \u0111i\u1ec7n tho\u1ea1i  T\u00ednh n\u0103ng l\u01b0u tr\u1eef th\u1ebb nh\u1edb 256G v\u00e0 l\u01b0u tr\u00ean Cloud.  T\u00ednh n\u0103ng nh\u00ecn \u0111\u00eam h\u1ed3ng ngo\u1ea1i si\u00eau t\u1ed1t.","og_url":"https:\/\/thanhphatpc.com\/en\/camera-wifi-imou-ipc-c22ep-imou-camera-trong-tre-em\/","og_site_name":"ThanhPhat PC","article_modified_time":"2024-04-28T04:54:38+00:00","og_image":[{"width":563,"height":671,"url":"https:\/\/thanhphatpc.com\/wp-content\/uploads\/2020\/12\/0152.png","type":"image\/png"}],"twitter_card":"summary_large_image","twitter_misc":{"Est. reading time":"5 minutes"},"schema":{"@context":"https:\/\/schema.org","@graph":[{"@type":"WebPage","@id":"https:\/\/thanhphatpc.com\/camera-wifi-imou-ipc-c22ep-imou-camera-trong-tre-em\/","url":"https:\/\/thanhphatpc.com\/camera-wifi-imou-ipc-c22ep-imou-camera-trong-tre-em\/","name":"Camera Wifi Imou IPC-C22EP-imou - Camera Tr\u00f4ng tr\u1ebb em - ThanhPhat PC","isPartOf":{"@id":"https:\/\/thanhphatpc.com\/#website"},"primaryImageOfPage":{"@id":"https:\/\/thanhphatpc.com\/camera-wifi-imou-ipc-c22ep-imou-camera-trong-tre-em\/#primaryimage"},"image":{"@id":"https:\/\/thanhphatpc.com\/camera-wifi-imou-ipc-c22ep-imou-camera-trong-tre-em\/#primaryimage"},"thumbnailUrl":"https:\/\/thanhphatpc.com\/wp-content\/uploads\/2020\/12\/0152.png","datePublished":"2020-12-15T03:40:36+00:00","dateModified":"2024-04-28T04:54:38+00:00","breadcrumb":{"@id":"https:\/\/thanhphatpc.com\/camera-wifi-imou-ipc-c22ep-imou-camera-trong-tre-em\/#breadcrumb"},"inLanguage":"en-US","potentialAction":[{"@type":"ReadAction","target":["https:\/\/thanhphatpc.com\/camera-wifi-imou-ipc-c22ep-imou-camera-trong-tre-em\/"]}]},{"@type":"ImageObject","inLanguage":"en-US","@id":"https:\/\/thanhphatpc.com\/camera-wifi-imou-ipc-c22ep-imou-camera-trong-tre-em\/#primaryimage","url":"https:\/\/thanhphatpc.com\/wp-content\/uploads\/2020\/12\/0152.png","contentUrl":"https:\/\/thanhphatpc.com\/wp-content\/uploads\/2020\/12\/0152.png","width":563,"height":671,"caption":"Camera Wifi Imou IPC-C22EP-imou \u2013 Camera"},{"@type":"BreadcrumbList","@id":"https:\/\/thanhphatpc.com\/camera-wifi-imou-ipc-c22ep-imou-camera-trong-tre-em\/#breadcrumb","itemListElement":[{"@type":"ListItem","position":1,"name":"Trang ch\u1ee7","item":"https:\/\/thanhphatpc.com\/"},{"@type":"ListItem","position":2,"name":"C\u1eeda h\u00e0ng","item":"https:\/\/thanhphatpc.com\/cua-hang\/"},{"@type":"ListItem","position":3,"name":"Camera Wifi Imou IPC-C22EP-imou &#8211; Camera Tr\u00f4ng tr\u1ebb em"}]},{"@type":"WebSite","@id":"https:\/\/thanhphatpc.com\/#website","url":"https:\/\/thanhphatpc.com\/","name":"ThanhPhat PC","description":"D\u1ecbch v\u1ee5 ho\u00e0n h\u1ea3o","potentialAction":[{"@type":"SearchAction","target":{"@type":"EntryPoint","urlTemplate":"https:\/\/thanhphatpc.com\/?s={search_term_string}"},"query-input":{"@type":"PropertyValueSpecification","valueRequired":true,"valueName":"search_term_string"}}],"inLanguage":"en-US"}]}},"_links":{"self":[{"href":"https:\/\/thanhphatpc.com\/en\/wp-json\/wp\/v2\/product\/4116","targetHints":{"allow":["GET"]}}],"collection":[{"href":"https:\/\/thanhphatpc.com\/en\/wp-json\/wp\/v2\/product"}],"about":[{"href":"https:\/\/thanhphatpc.com\/en\/wp-json\/wp\/v2\/types\/product"}],"replies":[{"embeddable":true,"href":"https:\/\/thanhphatpc.com\/en\/wp-json\/wp\/v2\/comments?post=4116"}],"wp:featuredmedia":[{"embeddable":true,"href":"https:\/\/thanhphatpc.com\/en\/wp-json\/wp\/v2\/media\/10186"}],"wp:attachment":[{"href":"https:\/\/thanhphatpc.com\/en\/wp-json\/wp\/v2\/media?parent=4116"}],"wp:term":[{"taxonomy":"product_cat","embeddable":true,"href":"https:\/\/thanhphatpc.com\/en\/wp-json\/wp\/v2\/product_cat?post=4116"},{"taxonomy":"product_tag","embeddable":true,"href":"https:\/\/thanhphatpc.com\/en\/wp-json\/wp\/v2\/product_tag?post=4116"}],"curies":[{"name":"wp","href":"https:\/\/api.w.org\/{rel}","templated":true}]}}