{"id":4162,"date":"2021-03-13T19:12:43","date_gmt":"2021-03-13T12:12:43","guid":{"rendered":"https:\/\/thanhphatpc.com\/?post_type=product&#038;p=4162"},"modified":"2021-03-13T19:12:43","modified_gmt":"2021-03-13T12:12:43","slug":"chuot-khong-day-re-dep","status":"publish","type":"product","link":"https:\/\/thanhphatpc.com\/en\/chuot-khong-day-re-dep\/","title":{"rendered":"Chu\u1ed9t Kh\u00f4ng D\u00e2y HIDEKI  &#8211; H\u00e0ng Ch\u00ednh H\u00e3ng"},"content":{"rendered":"<p>Th\u00f4ng s\u1ed1 k\u1ef9 thu\u1eadt:<br \/>\nTh\u01b0\u01a1ng hi\u1ec7u (H\u00e3ng SX): HIDEKI<br \/>\nModel: H26 \u2013 kh\u00f4ng d\u00e2y<br \/>\n\u0110\u1ed9 ph\u00e2n gi\u1ea3i: 1600dpi max<br \/>\nN\u00fat ch\u1ee9c n\u0103ng: 3 n\u00fat (Tr\u00e1i \u2013ph\u1ea3i- cu\u1ed9n)<br \/>\nKho\u1ea3ng c\u00e1ch k\u1ebft n\u1ed1i: 20m<br \/>\nCh\u00edp c\u1ea3m bi\u1ebfn: Th\u01b0\u1eddng<br \/>\nTh\u1ec3 lo\u1ea1i c\u1ea3m bi\u1ebfn: Quang h\u1ecdc<br \/>\nThi\u1ebft k\u1ebf:Ergonomics, Office mouse<br \/>\nGiao ti\u1ebfp : USB 2.0, USB 3.0<br \/>\nN\u00fat t\u1eaft ngu\u1ed3n: T\u1ef1 \u0111\u1ed9ng<br \/>\nTr\u1ecdng l\u01b0\u1ee3ng: 80g<\/p>","protected":false},"excerpt":{"rendered":"<ul>\n<li>Chu\u1ed9t kh\u00f4ng d\u00e2y gi\u00e1 r\u1ebb<\/li>\n<li>C\u00f3 nhi\u1ec1u m\u00e0u s\u1eafc r\u1ef1c r\u1ee1<\/li>\n<li>T\u1ed1c \u0111\u1ed9 nhanh, nh\u1ef1a \u0111\u1eb9p<\/li>\n<\/ul>","protected":false},"featured_media":4163,"comment_status":"open","ping_status":"closed","template":"","meta":{"_acf_changed":false},"product_cat":[435],"product_tag":[],"class_list":{"0":"post-4162","1":"product","2":"type-product","3":"status-publish","4":"has-post-thumbnail","6":"product_cat-chuot-may-tinh","8":"first","9":"instock","10":"sale","11":"shipping-taxable","12":"purchasable","13":"product-type-simple"},"acf":[],"yoast_head":"<!-- This site is optimized with the Yoast SEO plugin v23.8 - https:\/\/yoast.com\/wordpress\/plugins\/seo\/ -->\n<title>Chu\u1ed9t Kh\u00f4ng D\u00e2y HIDEKI - H\u00e0ng Ch\u00ednh H\u00e3ng - ThanhPhat PC<\/title>\n<meta name=\"robots\" content=\"index, follow, max-snippet:-1, max-image-preview:large, max-video-preview:-1\" \/>\n<link rel=\"canonical\" href=\"https:\/\/thanhphatpc.com\/en\/chuot-khong-day-re-dep\/\" \/>\n<meta property=\"og:locale\" content=\"en_US\" \/>\n<meta property=\"og:type\" content=\"article\" \/>\n<meta property=\"og:title\" content=\"Chu\u1ed9t Kh\u00f4ng D\u00e2y HIDEKI - H\u00e0ng Ch\u00ednh H\u00e3ng - ThanhPhat PC\" \/>\n<meta property=\"og:description\" content=\"Chu\u1ed9t kh\u00f4ng d\u00e2y gi\u00e1 r\u1ebb  C\u00f3 nhi\u1ec1u m\u00e0u s\u1eafc r\u1ef1c r\u1ee1  T\u1ed1c \u0111\u1ed9 nhanh, nh\u1ef1a \u0111\u1eb9p\" \/>\n<meta property=\"og:url\" content=\"https:\/\/thanhphatpc.com\/en\/chuot-khong-day-re-dep\/\" \/>\n<meta property=\"og:site_name\" content=\"ThanhPhat PC\" \/>\n<meta property=\"og:image\" content=\"https:\/\/thanhphatpc.com\/wp-content\/uploads\/2021\/03\/1.jpg\" \/>\n\t<meta property=\"og:image:width\" content=\"787\" \/>\n\t<meta property=\"og:image:height\" content=\"787\" \/>\n\t<meta property=\"og:image:type\" content=\"image\/png\" \/>\n<meta name=\"twitter:card\" content=\"summary_large_image\" \/>\n<script type=\"application\/ld+json\" class=\"yoast-schema-graph\">{\"@context\":\"https:\/\/schema.org\",\"@graph\":[{\"@type\":\"WebPage\",\"@id\":\"https:\/\/thanhphatpc.com\/chuot-khong-day-re-dep\/\",\"url\":\"https:\/\/thanhphatpc.com\/chuot-khong-day-re-dep\/\",\"name\":\"Chu\u1ed9t Kh\u00f4ng D\u00e2y HIDEKI - H\u00e0ng Ch\u00ednh H\u00e3ng - ThanhPhat PC\",\"isPartOf\":{\"@id\":\"https:\/\/thanhphatpc.com\/#website\"},\"primaryImageOfPage\":{\"@id\":\"https:\/\/thanhphatpc.com\/chuot-khong-day-re-dep\/#primaryimage\"},\"image\":{\"@id\":\"https:\/\/thanhphatpc.com\/chuot-khong-day-re-dep\/#primaryimage\"},\"thumbnailUrl\":\"https:\/\/thanhphatpc.com\/wp-content\/uploads\/2021\/03\/1.jpg\",\"datePublished\":\"2021-03-13T12:12:43+00:00\",\"dateModified\":\"2021-03-13T12:12:43+00:00\",\"breadcrumb\":{\"@id\":\"https:\/\/thanhphatpc.com\/chuot-khong-day-re-dep\/#breadcrumb\"},\"inLanguage\":\"en-US\",\"potentialAction\":[{\"@type\":\"ReadAction\",\"target\":[\"https:\/\/thanhphatpc.com\/chuot-khong-day-re-dep\/\"]}]},{\"@type\":\"ImageObject\",\"inLanguage\":\"en-US\",\"@id\":\"https:\/\/thanhphatpc.com\/chuot-khong-day-re-dep\/#primaryimage\",\"url\":\"https:\/\/thanhphatpc.com\/wp-content\/uploads\/2021\/03\/1.jpg\",\"contentUrl\":\"https:\/\/thanhphatpc.com\/wp-content\/uploads\/2021\/03\/1.jpg\",\"width\":787,\"height\":787},{\"@type\":\"BreadcrumbList\",\"@id\":\"https:\/\/thanhphatpc.com\/chuot-khong-day-re-dep\/#breadcrumb\",\"itemListElement\":[{\"@type\":\"ListItem\",\"position\":1,\"name\":\"Trang ch\u1ee7\",\"item\":\"https:\/\/thanhphatpc.com\/\"},{\"@type\":\"ListItem\",\"position\":2,\"name\":\"C\u1eeda h\u00e0ng\",\"item\":\"https:\/\/thanhphatpc.com\/cua-hang\/\"},{\"@type\":\"ListItem\",\"position\":3,\"name\":\"Chu\u1ed9t Kh\u00f4ng D\u00e2y HIDEKI &#8211; H\u00e0ng Ch\u00ednh H\u00e3ng\"}]},{\"@type\":\"WebSite\",\"@id\":\"https:\/\/thanhphatpc.com\/#website\",\"url\":\"https:\/\/thanhphatpc.com\/\",\"name\":\"ThanhPhat PC\",\"description\":\"D\u1ecbch v\u1ee5 ho\u00e0n h\u1ea3o\",\"potentialAction\":[{\"@type\":\"SearchAction\",\"target\":{\"@type\":\"EntryPoint\",\"urlTemplate\":\"https:\/\/thanhphatpc.com\/?s={search_term_string}\"},\"query-input\":{\"@type\":\"PropertyValueSpecification\",\"valueRequired\":true,\"valueName\":\"search_term_string\"}}],\"inLanguage\":\"en-US\"}]}<\/script>\n<!-- \/ Yoast SEO plugin. -->","yoast_head_json":{"title":"Chu\u1ed9t Kh\u00f4ng D\u00e2y HIDEKI - H\u00e0ng Ch\u00ednh H\u00e3ng - ThanhPhat PC","robots":{"index":"index","follow":"follow","max-snippet":"max-snippet:-1","max-image-preview":"max-image-preview:large","max-video-preview":"max-video-preview:-1"},"canonical":"https:\/\/thanhphatpc.com\/en\/chuot-khong-day-re-dep\/","og_locale":"en_US","og_type":"article","og_title":"Chu\u1ed9t Kh\u00f4ng D\u00e2y HIDEKI - H\u00e0ng Ch\u00ednh H\u00e3ng - ThanhPhat PC","og_description":"Chu\u1ed9t kh\u00f4ng d\u00e2y gi\u00e1 r\u1ebb  C\u00f3 nhi\u1ec1u m\u00e0u s\u1eafc r\u1ef1c r\u1ee1  T\u1ed1c \u0111\u1ed9 nhanh, nh\u1ef1a \u0111\u1eb9p","og_url":"https:\/\/thanhphatpc.com\/en\/chuot-khong-day-re-dep\/","og_site_name":"ThanhPhat PC","og_image":[{"width":787,"height":787,"url":"https:\/\/thanhphatpc.com\/wp-content\/uploads\/2021\/03\/1.jpg","type":"image\/png"}],"twitter_card":"summary_large_image","schema":{"@context":"https:\/\/schema.org","@graph":[{"@type":"WebPage","@id":"https:\/\/thanhphatpc.com\/chuot-khong-day-re-dep\/","url":"https:\/\/thanhphatpc.com\/chuot-khong-day-re-dep\/","name":"Chu\u1ed9t Kh\u00f4ng D\u00e2y HIDEKI - H\u00e0ng Ch\u00ednh H\u00e3ng - ThanhPhat PC","isPartOf":{"@id":"https:\/\/thanhphatpc.com\/#website"},"primaryImageOfPage":{"@id":"https:\/\/thanhphatpc.com\/chuot-khong-day-re-dep\/#primaryimage"},"image":{"@id":"https:\/\/thanhphatpc.com\/chuot-khong-day-re-dep\/#primaryimage"},"thumbnailUrl":"https:\/\/thanhphatpc.com\/wp-content\/uploads\/2021\/03\/1.jpg","datePublished":"2021-03-13T12:12:43+00:00","dateModified":"2021-03-13T12:12:43+00:00","breadcrumb":{"@id":"https:\/\/thanhphatpc.com\/chuot-khong-day-re-dep\/#breadcrumb"},"inLanguage":"en-US","potentialAction":[{"@type":"ReadAction","target":["https:\/\/thanhphatpc.com\/chuot-khong-day-re-dep\/"]}]},{"@type":"ImageObject","inLanguage":"en-US","@id":"https:\/\/thanhphatpc.com\/chuot-khong-day-re-dep\/#primaryimage","url":"https:\/\/thanhphatpc.com\/wp-content\/uploads\/2021\/03\/1.jpg","contentUrl":"https:\/\/thanhphatpc.com\/wp-content\/uploads\/2021\/03\/1.jpg","width":787,"height":787},{"@type":"BreadcrumbList","@id":"https:\/\/thanhphatpc.com\/chuot-khong-day-re-dep\/#breadcrumb","itemListElement":[{"@type":"ListItem","position":1,"name":"Trang ch\u1ee7","item":"https:\/\/thanhphatpc.com\/"},{"@type":"ListItem","position":2,"name":"C\u1eeda h\u00e0ng","item":"https:\/\/thanhphatpc.com\/cua-hang\/"},{"@type":"ListItem","position":3,"name":"Chu\u1ed9t Kh\u00f4ng D\u00e2y HIDEKI &#8211; H\u00e0ng Ch\u00ednh H\u00e3ng"}]},{"@type":"WebSite","@id":"https:\/\/thanhphatpc.com\/#website","url":"https:\/\/thanhphatpc.com\/","name":"ThanhPhat PC","description":"D\u1ecbch v\u1ee5 ho\u00e0n h\u1ea3o","potentialAction":[{"@type":"SearchAction","target":{"@type":"EntryPoint","urlTemplate":"https:\/\/thanhphatpc.com\/?s={search_term_string}"},"query-input":{"@type":"PropertyValueSpecification","valueRequired":true,"valueName":"search_term_string"}}],"inLanguage":"en-US"}]}},"_links":{"self":[{"href":"https:\/\/thanhphatpc.com\/en\/wp-json\/wp\/v2\/product\/4162","targetHints":{"allow":["GET"]}}],"collection":[{"href":"https:\/\/thanhphatpc.com\/en\/wp-json\/wp\/v2\/product"}],"about":[{"href":"https:\/\/thanhphatpc.com\/en\/wp-json\/wp\/v2\/types\/product"}],"replies":[{"embeddable":true,"href":"https:\/\/thanhphatpc.com\/en\/wp-json\/wp\/v2\/comments?post=4162"}],"wp:featuredmedia":[{"embeddable":true,"href":"https:\/\/thanhphatpc.com\/en\/wp-json\/wp\/v2\/media\/4163"}],"wp:attachment":[{"href":"https:\/\/thanhphatpc.com\/en\/wp-json\/wp\/v2\/media?parent=4162"}],"wp:term":[{"taxonomy":"product_cat","embeddable":true,"href":"https:\/\/thanhphatpc.com\/en\/wp-json\/wp\/v2\/product_cat?post=4162"},{"taxonomy":"product_tag","embeddable":true,"href":"https:\/\/thanhphatpc.com\/en\/wp-json\/wp\/v2\/product_tag?post=4162"}],"curies":[{"name":"wp","href":"https:\/\/api.w.org\/{rel}","templated":true}]}}