{"id":4166,"date":"2021-03-13T19:19:36","date_gmt":"2021-03-13T12:19:36","guid":{"rendered":"https:\/\/thanhphatpc.com\/?post_type=product&#038;p=4166"},"modified":"2021-03-13T19:19:36","modified_gmt":"2021-03-13T12:19:36","slug":"chuot-co-day-gaming","status":"publish","type":"product","link":"https:\/\/thanhphatpc.com\/en\/chuot-co-day-gaming\/","title":{"rendered":"Chu\u1ed9t m\u00e1y t\u00ednh CoolerPlus CPM X8"},"content":{"rendered":"<div id=\"product-5358\" class=\"has_thumb product type-product post-5358 status-publish first instock product_cat-chuot-cao-cap product_tag-gaming has-post-thumbnail featured shipping-taxable purchasable product-type-simple\">\n<div class=\"summary entry-summary\">\n<div class=\"product_meta\">\n<div id=\"st-1\" class=\"sharethis-inline-share-buttons st-left  st-inline-share-buttons st-animated\">\n<div class=\"st-btn st-last\" data-network=\"sharethis\"><img decoding=\"async\" src=\"https:\/\/platform-cdn.sharethis.com\/img\/sharethis.svg\" alt=\"sharethis sharing button\" \/><\/div>\n<\/div>\n<\/div>\n<\/div>\n<div class=\"woocommerce-tabs wc-tabs-wrapper\">\n<div id=\"tab-description\" class=\"woocommerce-Tabs-panel woocommerce-Tabs-panel--description panel entry-content wc-tab\" role=\"tabpanel\" aria-labelledby=\"tab-title-description\">\n<p>Chu\u1ed9t CPM X8, d\u00e0nh ri\u00eang cho Gaming. COOLERPLUS cho ra \u0111\u1eddi s\u1ea3n ph\u1ea9m chu\u1ed9t Gaming X8 v\u1edbi 4 t\u00f4ng m\u00e0u (\u0110en, v\u00e0ng, xanh, \u0111\u1ecf) \u0111\u01b0\u1ee3c s\u1eed d\u1ee5ng, c\u00f9ng v\u1edbi thi\u1ebft k\u1ebf l\u00e0m n\u1ed5i b\u1eadt c\u00e1c \u0111\u01b0\u1eddng cong v\u00e0 nh\u1eefng g\u00f3c c\u1ea1nh s\u1eafc x\u1ea3o nh\u01b0 m\u1ed9t ch\u00fa Robot c\u00e0ng l\u00e0m t\u0103ng s\u1ef1 \u1ea5n t\u01b0\u1ee3ng v\u1edbi ng\u01b0\u1eddi d\u00f9ng ng\u00e0y t\u1eeb c\u00e1i nh\u00ecn \u0111\u1ea7u ti\u00ean.<\/p>\n<p>&nbsp;<\/p>\n<p>V\u1edbi thi\u1ebft k\u1ebf d\u00e0nh ri\u00eang cho Gaming, chu\u1ed9t X8\u00a0\u0111\u01b0\u1ee3c trang b\u1ecb c\u1ea3m bi\u1ebfn Avago A3050 v\u1edbi 3 m\u1ee9c chuy\u1ec3n \u0111\u1ed5i DPI 1000-1600-2000DPI, t\u1ed1c \u0111\u1ed9 di chuy\u1ec3n l\u00ean \u0111\u1ebfn 4000FPS. C\u1ea3m bi\u1ebfn quang h\u1ecdc c\u00f3 \u0111\u1ed9 ch\u00ednh x\u00e1c cao \u0111\u00e1p \u1ee9ng \u0111\u01b0\u1ee3c nhu c\u1ea7u s\u1eed d\u1ee5ng c\u1ee7a b\u1ea1n nh\u01b0 l\u00e0m vi\u1ec7c, h\u1ecdc t\u1eadp, ch\u01a1i game ho\u1eb7c nhu c\u1ea7u c\u1ea7n nh\u1eefng ch\u00fa chu\u1ed9t c\u00e1 t\u00ednh, b\u1ec1n b\u1ec9, m\u1ea1nh m\u1ebd c\u1ee7a \u00a0c\u00e1c ch\u1ee7 ph\u00f2ng m\u00e1y.<\/p>\n<p>V\u1edbi thi\u1ebft k\u1ebf Ambidextrous (cho ng\u01b0\u1eddi d\u00f9ng tay tr\u00e1i ho\u1eb7c ph\u1ea3i) n\u00ean Chu\u1ed9t CPM X8 r\u1ea5t v\u1eeba v\u00e0 b\u00e1m s\u00e1t l\u00f2ng b\u00e0n tay, mang l\u1ea1i c\u1ea3m gi\u00e1c l\u01b0\u1edbt \u00eam kh\u00f4ng g\u00e2y m\u1ecfi tay khi s\u1eed d\u1ee5ng th\u1eddi gian d\u00e0i. X8 ch\u1eafc ch\u1eafn s\u1ebd kh\u00f4ng l\u00e0m c\u00e1c Gamer th\u1ea5t v\u1ecdng b\u1edfi \u0111\u1ed9 si\u00eau chu\u1ea9n x\u00e1c, si\u00eau \u00eam v\u00e0 m\u01b0\u1ee3t trong b\u1ea5t k\u1ef3 ho\u00e0n c\u1ea3nh n\u00e0o, \u0111\u1ed3ng th\u1eddi c\u00f4ng ngh\u1ec7 c\u1ea3m bi\u1ebfn ti\u00ean ti\u1ebfn m\u1edbi nh\u1ea5t gi\u00fap chu\u1ed9t c\u00f3 th\u1ec3 di chuy\u1ec3n c\u1ef1c t\u1ed1t tr\u00ean m\u1ecdi b\u1ec1 m\u1eb7t v\u00e0 kh\u00f4ng c\u00f3 \u0111\u1ed9 tr\u1ec5.<\/p>\n<p>Chu\u1ed9t CPM X8 s\u1edf h\u1eefu n\u00fat b\u1ea5m Omron cao c\u1ea5p cho \u0111\u1ed9 b\u1ec1n l\u00e2u d\u00e0i v\u1edbi 5 tri\u1ec7u l\u01b0\u1ee3t click v\u1edbi c\u00e1c ph\u00f2ng Game v\u00e0 kh\u00f4ng c\u00f3 t\u00ecnh tr\u1ea1ng click \u0111\u00fap, c\u00f9ng v\u1edbi hi\u1ec7u \u1ee9ng \u0111\u00e8n LED tr\u00ean l\u01b0ng chu\u1ed9t, tr\u00f4ng X8 nh\u01b0 m\u1ed9t chi\u1ebfn binh Robot th\u1ef1c th\u1ee5.<\/p>\n<p>V\u1edbi 6 n\u00fat b\u1ea5m (Button) gi\u00fap c\u00e1c Game th\u1ee7 kh\u00f4ng b\u1ecb b\u1ecf l\u1ee1 kho\u1ea3nh kh\u1eafc n\u00e0o, ngo\u00e0i ra t\u1ed1c \u0111\u1ed9 cao l\u00ean \u0111\u1ebfn 28inches\/gi\u00e2y v\u00e0 FPS l\u00ean \u0111\u1ebfn 3000 l\u1ea7n\/gi\u00e2y cho ph\u00e9p s\u1ea3n ph\u1ea9m \u0111\u00e1p \u1ee9ng \u0111\u01b0\u1ee3c t\u1ed1c \u0111\u1ed9 ho\u1ea1t \u0111\u1ed9ng cao c\u1ee7a ng\u01b0\u1eddi d\u00f9ng. X8 \u0111\u01b0\u1ee3c thi\u1ebft k\u1ebf \u0111\u1ed1i x\u1ee9ng thu\u1eadn ti\u1ec7n cho c\u1ea3 ng\u01b0\u1eddi thu\u1eadn tay tr\u00e1i ho\u1eb7c tay ph\u1ea3i.<\/p>\n<p>D\u00e2y c\u00e1p d\u00e0i 1.6m gi\u00fap b\u1ea1n tho\u1ea3i m\u00e1i trong vi\u1ec7c di chuy\u1ec3n, b\u00ean trong \u0111\u01b0\u1ee3c b\u1ecdc l\u01b0\u1edbi ch\u1ed1ng nhi\u1ec5u, ch\u1ed1ng \u0111\u1ee9t gi\u00fap b\u1ea1n y\u00ean t\u00e2m h\u01a1n khi s\u1eed d\u1ee5ng. X8 k\u1ebft n\u1ed1i v\u1edbi m\u00e1y t\u00ednh th\u00f4ng qua c\u1ed5ng USB th\u00f4ng d\u1ee5ng, \u0111\u1eb7c bi\u1ec7t ph\u1ea7n \u0111\u1ea7u \u0111\u01b0\u1ee3c m\u1ea1 v\u00e0ng gi\u00fap gi\u1ea3m thi\u1ec3u vi\u1ec7c nhi\u1ec5u t\u00edn hi\u1ec7u.<\/p>\n<p>Mouse feet s\u1eed d\u1ee5ng ch\u1ea5t li\u1ec7u Teflon cao c\u1ea5p l\u00e0m gi\u1ea3m ma s\u00e1t gi\u00fap chu\u1ed9t di chuy\u1ec3n r\u1ea5t m\u01b0\u1ee3t m\u00e0. X8 ch\u1eafc ch\u1eafn s\u1ebd l\u00e0 m\u1ed9t tr\u1ee3 th\u1ee7 \u0111\u1eafc l\u1ef1c cho Game th\u1ee7 trong qu\u00e1 tr\u00ecnh chi\u1ebfn \u0111\u1ea7u v\u00e0 l\u1ef1a ch\u1ecdn h\u1ee3p l\u00fd cho c\u00e1c ch\u1ee7 ph\u00f2ng m\u00e1y.<\/p>\n<\/div>\n<\/div>\n<\/div>","protected":false},"excerpt":{"rendered":"<ul>\n<li>Thi\u1ebft k\u1ebf Ambidextrous (cho ng\u01b0\u1eddi d\u00f9ng tay tr\u00e1i ho\u1eb7c ph\u1ea3i), N\u00fat b\u1ea5m OMRON chuy\u00ean d\u00f9ng cho game net, v\u1eeba tay cho Game th\u1ee7. \u0110\u00e8n LED c\u00e1 t\u00ednh.<\/li>\n<li>C\u1ea3m bi\u1ebfn quang h\u1ecdc Avago A3050:\u00a01000-1600-2000DPI<\/li>\n<li>M\u00e0u s\u1eafc: \u0110en, \u0111\u1ecf, v\u00e0ng, xanh<\/li>\n<li>K\u1ebft n\u1ed1i: USB, d\u00e2y d\u00f9 ch\u1ed1ng \u0111\u1ee9t 1.6m<\/li>\n<li>N\u00fat b\u1ea5m: Omron 5 tri\u1ec7u l\u01b0\u1ee3t b\u1ea5m, \u0111\u1ed9 b\u1ec1n cao<\/li>\n<\/ul>","protected":false},"featured_media":4167,"comment_status":"open","ping_status":"closed","template":"","meta":{"_acf_changed":false},"product_cat":[435],"product_tag":[],"class_list":{"0":"post-4166","1":"product","2":"type-product","3":"status-publish","4":"has-post-thumbnail","6":"product_cat-chuot-may-tinh","8":"first","9":"instock","10":"sale","11":"shipping-taxable","12":"purchasable","13":"product-type-simple"},"acf":[],"yoast_head":"<!-- This site is optimized with the Yoast SEO plugin v23.8 - https:\/\/yoast.com\/wordpress\/plugins\/seo\/ -->\n<title>Chu\u1ed9t m\u00e1y t\u00ednh CoolerPlus CPM X8 - ThanhPhat PC<\/title>\n<meta name=\"robots\" content=\"index, follow, max-snippet:-1, max-image-preview:large, max-video-preview:-1\" \/>\n<link rel=\"canonical\" href=\"https:\/\/thanhphatpc.com\/en\/chuot-co-day-gaming\/\" \/>\n<meta property=\"og:locale\" content=\"en_US\" \/>\n<meta property=\"og:type\" content=\"article\" \/>\n<meta property=\"og:title\" content=\"Chu\u1ed9t m\u00e1y t\u00ednh CoolerPlus CPM X8 - ThanhPhat PC\" \/>\n<meta property=\"og:description\" content=\"Thi\u1ebft k\u1ebf Ambidextrous (cho ng\u01b0\u1eddi d\u00f9ng tay tr\u00e1i ho\u1eb7c ph\u1ea3i), N\u00fat b\u1ea5m OMRON chuy\u00ean d\u00f9ng cho game net, v\u1eeba tay cho Game th\u1ee7. \u0110\u00e8n LED c\u00e1 t\u00ednh.  C\u1ea3m bi\u1ebfn quang h\u1ecdc Avago A3050:\u00a01000-1600-2000DPI  M\u00e0u s\u1eafc: \u0110en, \u0111\u1ecf, v\u00e0ng, xanh  K\u1ebft n\u1ed1i: USB, d\u00e2y d\u00f9 ch\u1ed1ng \u0111\u1ee9t 1.6m  N\u00fat b\u1ea5m: Omron 5 tri\u1ec7u l\u01b0\u1ee3t b\u1ea5m, \u0111\u1ed9 b\u1ec1n cao\" \/>\n<meta property=\"og:url\" content=\"https:\/\/thanhphatpc.com\/en\/chuot-co-day-gaming\/\" \/>\n<meta property=\"og:site_name\" content=\"ThanhPhat PC\" \/>\n<meta property=\"og:image\" content=\"https:\/\/thanhphatpc.com\/wp-content\/uploads\/2021\/03\/3.jpg\" \/>\n\t<meta property=\"og:image:width\" content=\"700\" \/>\n\t<meta property=\"og:image:height\" content=\"700\" \/>\n\t<meta property=\"og:image:type\" content=\"image\/jpeg\" \/>\n<meta name=\"twitter:card\" content=\"summary_large_image\" \/>\n<meta name=\"twitter:label1\" content=\"Est. reading time\" \/>\n\t<meta name=\"twitter:data1\" content=\"3 minutes\" \/>\n<script type=\"application\/ld+json\" class=\"yoast-schema-graph\">{\"@context\":\"https:\/\/schema.org\",\"@graph\":[{\"@type\":\"WebPage\",\"@id\":\"https:\/\/thanhphatpc.com\/chuot-co-day-gaming\/\",\"url\":\"https:\/\/thanhphatpc.com\/chuot-co-day-gaming\/\",\"name\":\"Chu\u1ed9t m\u00e1y t\u00ednh CoolerPlus CPM X8 - ThanhPhat PC\",\"isPartOf\":{\"@id\":\"https:\/\/thanhphatpc.com\/#website\"},\"primaryImageOfPage\":{\"@id\":\"https:\/\/thanhphatpc.com\/chuot-co-day-gaming\/#primaryimage\"},\"image\":{\"@id\":\"https:\/\/thanhphatpc.com\/chuot-co-day-gaming\/#primaryimage\"},\"thumbnailUrl\":\"https:\/\/thanhphatpc.com\/wp-content\/uploads\/2021\/03\/3.jpg\",\"datePublished\":\"2021-03-13T12:19:36+00:00\",\"dateModified\":\"2021-03-13T12:19:36+00:00\",\"breadcrumb\":{\"@id\":\"https:\/\/thanhphatpc.com\/chuot-co-day-gaming\/#breadcrumb\"},\"inLanguage\":\"en-US\",\"potentialAction\":[{\"@type\":\"ReadAction\",\"target\":[\"https:\/\/thanhphatpc.com\/chuot-co-day-gaming\/\"]}]},{\"@type\":\"ImageObject\",\"inLanguage\":\"en-US\",\"@id\":\"https:\/\/thanhphatpc.com\/chuot-co-day-gaming\/#primaryimage\",\"url\":\"https:\/\/thanhphatpc.com\/wp-content\/uploads\/2021\/03\/3.jpg\",\"contentUrl\":\"https:\/\/thanhphatpc.com\/wp-content\/uploads\/2021\/03\/3.jpg\",\"width\":700,\"height\":700},{\"@type\":\"BreadcrumbList\",\"@id\":\"https:\/\/thanhphatpc.com\/chuot-co-day-gaming\/#breadcrumb\",\"itemListElement\":[{\"@type\":\"ListItem\",\"position\":1,\"name\":\"Trang ch\u1ee7\",\"item\":\"https:\/\/thanhphatpc.com\/\"},{\"@type\":\"ListItem\",\"position\":2,\"name\":\"C\u1eeda h\u00e0ng\",\"item\":\"https:\/\/thanhphatpc.com\/cua-hang\/\"},{\"@type\":\"ListItem\",\"position\":3,\"name\":\"Chu\u1ed9t m\u00e1y t\u00ednh CoolerPlus CPM X8\"}]},{\"@type\":\"WebSite\",\"@id\":\"https:\/\/thanhphatpc.com\/#website\",\"url\":\"https:\/\/thanhphatpc.com\/\",\"name\":\"ThanhPhat PC\",\"description\":\"D\u1ecbch v\u1ee5 ho\u00e0n h\u1ea3o\",\"potentialAction\":[{\"@type\":\"SearchAction\",\"target\":{\"@type\":\"EntryPoint\",\"urlTemplate\":\"https:\/\/thanhphatpc.com\/?s={search_term_string}\"},\"query-input\":{\"@type\":\"PropertyValueSpecification\",\"valueRequired\":true,\"valueName\":\"search_term_string\"}}],\"inLanguage\":\"en-US\"}]}<\/script>\n<!-- \/ Yoast SEO plugin. -->","yoast_head_json":{"title":"Chu\u1ed9t m\u00e1y t\u00ednh CoolerPlus CPM X8 - ThanhPhat PC","robots":{"index":"index","follow":"follow","max-snippet":"max-snippet:-1","max-image-preview":"max-image-preview:large","max-video-preview":"max-video-preview:-1"},"canonical":"https:\/\/thanhphatpc.com\/en\/chuot-co-day-gaming\/","og_locale":"en_US","og_type":"article","og_title":"Chu\u1ed9t m\u00e1y t\u00ednh CoolerPlus CPM X8 - ThanhPhat PC","og_description":"Thi\u1ebft k\u1ebf Ambidextrous (cho ng\u01b0\u1eddi d\u00f9ng tay tr\u00e1i ho\u1eb7c ph\u1ea3i), N\u00fat b\u1ea5m OMRON chuy\u00ean d\u00f9ng cho game net, v\u1eeba tay cho Game th\u1ee7. \u0110\u00e8n LED c\u00e1 t\u00ednh.  C\u1ea3m bi\u1ebfn quang h\u1ecdc Avago A3050:\u00a01000-1600-2000DPI  M\u00e0u s\u1eafc: \u0110en, \u0111\u1ecf, v\u00e0ng, xanh  K\u1ebft n\u1ed1i: USB, d\u00e2y d\u00f9 ch\u1ed1ng \u0111\u1ee9t 1.6m  N\u00fat b\u1ea5m: Omron 5 tri\u1ec7u l\u01b0\u1ee3t b\u1ea5m, \u0111\u1ed9 b\u1ec1n cao","og_url":"https:\/\/thanhphatpc.com\/en\/chuot-co-day-gaming\/","og_site_name":"ThanhPhat PC","og_image":[{"width":700,"height":700,"url":"https:\/\/thanhphatpc.com\/wp-content\/uploads\/2021\/03\/3.jpg","type":"image\/jpeg"}],"twitter_card":"summary_large_image","twitter_misc":{"Est. reading time":"3 minutes"},"schema":{"@context":"https:\/\/schema.org","@graph":[{"@type":"WebPage","@id":"https:\/\/thanhphatpc.com\/chuot-co-day-gaming\/","url":"https:\/\/thanhphatpc.com\/chuot-co-day-gaming\/","name":"Chu\u1ed9t m\u00e1y t\u00ednh CoolerPlus CPM X8 - ThanhPhat PC","isPartOf":{"@id":"https:\/\/thanhphatpc.com\/#website"},"primaryImageOfPage":{"@id":"https:\/\/thanhphatpc.com\/chuot-co-day-gaming\/#primaryimage"},"image":{"@id":"https:\/\/thanhphatpc.com\/chuot-co-day-gaming\/#primaryimage"},"thumbnailUrl":"https:\/\/thanhphatpc.com\/wp-content\/uploads\/2021\/03\/3.jpg","datePublished":"2021-03-13T12:19:36+00:00","dateModified":"2021-03-13T12:19:36+00:00","breadcrumb":{"@id":"https:\/\/thanhphatpc.com\/chuot-co-day-gaming\/#breadcrumb"},"inLanguage":"en-US","potentialAction":[{"@type":"ReadAction","target":["https:\/\/thanhphatpc.com\/chuot-co-day-gaming\/"]}]},{"@type":"ImageObject","inLanguage":"en-US","@id":"https:\/\/thanhphatpc.com\/chuot-co-day-gaming\/#primaryimage","url":"https:\/\/thanhphatpc.com\/wp-content\/uploads\/2021\/03\/3.jpg","contentUrl":"https:\/\/thanhphatpc.com\/wp-content\/uploads\/2021\/03\/3.jpg","width":700,"height":700},{"@type":"BreadcrumbList","@id":"https:\/\/thanhphatpc.com\/chuot-co-day-gaming\/#breadcrumb","itemListElement":[{"@type":"ListItem","position":1,"name":"Trang ch\u1ee7","item":"https:\/\/thanhphatpc.com\/"},{"@type":"ListItem","position":2,"name":"C\u1eeda h\u00e0ng","item":"https:\/\/thanhphatpc.com\/cua-hang\/"},{"@type":"ListItem","position":3,"name":"Chu\u1ed9t m\u00e1y t\u00ednh CoolerPlus CPM X8"}]},{"@type":"WebSite","@id":"https:\/\/thanhphatpc.com\/#website","url":"https:\/\/thanhphatpc.com\/","name":"ThanhPhat PC","description":"D\u1ecbch v\u1ee5 ho\u00e0n h\u1ea3o","potentialAction":[{"@type":"SearchAction","target":{"@type":"EntryPoint","urlTemplate":"https:\/\/thanhphatpc.com\/?s={search_term_string}"},"query-input":{"@type":"PropertyValueSpecification","valueRequired":true,"valueName":"search_term_string"}}],"inLanguage":"en-US"}]}},"_links":{"self":[{"href":"https:\/\/thanhphatpc.com\/en\/wp-json\/wp\/v2\/product\/4166","targetHints":{"allow":["GET"]}}],"collection":[{"href":"https:\/\/thanhphatpc.com\/en\/wp-json\/wp\/v2\/product"}],"about":[{"href":"https:\/\/thanhphatpc.com\/en\/wp-json\/wp\/v2\/types\/product"}],"replies":[{"embeddable":true,"href":"https:\/\/thanhphatpc.com\/en\/wp-json\/wp\/v2\/comments?post=4166"}],"wp:featuredmedia":[{"embeddable":true,"href":"https:\/\/thanhphatpc.com\/en\/wp-json\/wp\/v2\/media\/4167"}],"wp:attachment":[{"href":"https:\/\/thanhphatpc.com\/en\/wp-json\/wp\/v2\/media?parent=4166"}],"wp:term":[{"taxonomy":"product_cat","embeddable":true,"href":"https:\/\/thanhphatpc.com\/en\/wp-json\/wp\/v2\/product_cat?post=4166"},{"taxonomy":"product_tag","embeddable":true,"href":"https:\/\/thanhphatpc.com\/en\/wp-json\/wp\/v2\/product_tag?post=4166"}],"curies":[{"name":"wp","href":"https:\/\/api.w.org\/{rel}","templated":true}]}}