{"id":4169,"date":"2021-03-13T19:24:33","date_gmt":"2021-03-13T12:24:33","guid":{"rendered":"https:\/\/thanhphatpc.com\/?post_type=product&#038;p=4169"},"modified":"2021-03-13T19:24:33","modified_gmt":"2021-03-13T12:24:33","slug":"nguon-may-tinh-tai-hai-duong","status":"publish","type":"product","link":"https:\/\/thanhphatpc.com\/en\/nguon-may-tinh-tai-hai-duong\/","title":{"rendered":"Ngu\u1ed3n c\u00f4ng su\u1ea5t th\u1ef1c Coolerplus X450"},"content":{"rendered":"<p>Ho\u1ea1t \u0111\u1ed9ng m\u1ea1nh m\u1ebd &#8211; Ti\u1ebft ki\u1ec7m \u0111i\u1ec7n n\u0103ng<\/p>\n<p>Ngu\u00f4\u0300n c\u00f4ng su\u1ea5t th\u1ef1c COOLERPLUS X450 \u0111\u01b0\u1ee3c trang b\u1ecb c\u00f4ng su\u1ea5t \u0111\u1ecbnh m\u1ee9c t\u1edbi 410W, h\u1ed7 tr\u1ee3 m\u00e1y t\u00ednh ho\u1ea1t \u0111\u1ed9ng m\u1ea1nh h\u01a1n kh\u00f4ng g\u00e2y qu\u00e1 t\u1ea3i trong qu\u00e1 tr\u00ecnh s\u1eed d\u1ee5ng. S\u1ea3n ph\u1ea9m cho hi\u1ec7u su\u1ea5t l\u00e0m vi\u1ec7c m\u1ed9t c\u00e1ch t\u1ed1i \u0111a gi\u00fap cho m\u00e1y ch\u1ea1y nhanh ch\u00f3ng, ti\u1ebft ki\u1ec7m \u0111i\u1ec7n n\u0103ng v\u00e0 tu\u1ed5i th\u1ecd c\u1ee7a ngu\u1ed3n \u0111\u01b0\u1ee3c k\u00e9o d\u00e0i. Ngu\u1ed3n \u0111\u1ea1t ch\u1ee9ng ch\u1ec9 80Plus c\u00f3 tu\u1ed5i th\u1ecd l\u00ean \u0111\u1ebfn 100,000 gi\u1edd v\u1edbi hi\u1ec7u su\u1ea5t 80% ho\u1ea1t \u0111\u1ed9ng v\u1edbi c\u00f4ng su\u1ea5t 410W.<\/p>\n<p><img decoding=\"async\" src=\"https:\/\/coolerplus.com.vn\/image\/Case%20Power\/X450\/x4507.jpg\" \/><\/p>\n<p>B\u1ea3o v\u1ec7 ho\u00e0n ch\u1ec9nh &#8211; Qu\u1ea1t 120mm y\u00ean t\u0129nh v\u00e0 b\u1ec1n b\u1ec9<\/p>\n<p>Ngu\u00f4\u0300n X450 gi\u00fap m\u00e1y t\u00ednh c\u1ee7a b\u1ea1n ho\u1ea1t \u0111\u1ed9ng m\u1ea1nh m\u1ebd h\u01a1n, ngo\u00e0i ra c\u00f2n b\u1ea3o v\u1ec7 m\u00e1y n\u1ebfu t\u1ea3i qu\u00e1 c\u00f4ng su\u1ea5t. S\u1ea3n ph\u1ea9m n\u00e0y c\u00f2n gi\u00fap b\u1ea3o v\u1ec7 qu\u00e1 d\u00f2ng, PSU s\u1ebd ng\u1eebng ho\u1ea1t \u0111\u1ed9ng khi m\u1ed9t trong c\u00e1c \u0111\u01b0\u1eddng \u0111i\u1ec7n cung c\u1ea5p v\u01b0\u1ee3t qua gi\u1edbi h\u1ea1n d\u00f2ng c\u1ef1c \u0111\u1ea1i cho ph\u00e9p c\u1ee7a PSU v\u00e0 b\u1ea3o v\u1ec7 ng\u1eafn m\u1ea1ch b\u1eb1ng c\u00e1ch PSU l\u1eadp t\u1ee9c ng\u1eebng ho\u1ea1t \u0111\u1ed9ng.\u00a0S\u1ea3n ph\u1ea9m c\u00f3 thi\u1ebft k\u1ebf m\u00f4-\u0111un cung c\u1ea5p c\u00e1c k\u1ebft n\u1ed1i c\u01a1 b\u1ea3n c\u1ee7a m\u1ed9t chi\u1ebfc ngu\u1ed3n \u1ed5n \u0111\u1ecbnh, cho ph\u00e9p k\u1ebft n\u1ed1i linh ho\u1ea1t v\u1edbi thi\u1ebft b\u1ecb ngo\u1ea1i vi kh\u00e1c. Qu\u1ea1t\u00a0 l\u00e0m m\u00e1t 120mm ch\u1ea5t l\u01b0\u1ee3ng cao (FDB) l\u00e0m m\u00e1t kh\u00f4ng g\u00e2y \u1ed3n v\u00e0 ho\u1ea1t \u0111\u1ed9ng \u1ed5n \u0111\u1ecbnh trong th\u1eddi gian d\u00e0i.<\/p>\n<p><img decoding=\"async\" src=\"https:\/\/coolerplus.com.vn\/image\/Case%20Power\/X450\/x4508.jpg\" \/><\/p>\n<p>C\u00f4ng su\u1ea5t \u0111\u1ea7u ra \u1ed5n \u0111\u1ecbnh &#8211; H\u1ec7 th\u1ed1ng g\u1ecdn g\u00e0ng<\/p>\n<p>Cable c\u1ee7a X450 \u0111\u01b0\u1ee3c b\u1ecdc l\u01b0\u1edbi d\u00e2y bao g\u1ed3m 24Pin cho Mainboard v\u00e0 4+4Pin cho CPU. \u1ede nhi\u1ec7t \u0111\u1ed9 m\u00f4i tr\u01b0\u1eddng 34 \u0111\u1ed9 C, nhi\u1ec7t \u0111\u1ed9 c\u1ee7a ngu\u1ed3n khi ch\u1ea1y dao \u0111\u1ed9ng t\u1eeb 39 t\u1edbi 50 \u0111\u1ed9 C.\u00a0\u0110\u1ea3m b\u1ea3o cung c\u1ea5p \u0111\u1ee7 ngu\u1ed3n \u0111\u1ec3 c\u00e1c b\u1ed9 PC th\u00f4ng th\u01b0\u1eddng c\u0169ng nh\u01b0 PC gaming v\u00e0 \u0111\u1ed3 h\u1ecda hi\u1ec7n t\u1ea1i c\u00f3 kh\u1ea3 n\u0103ng ho\u1ea1t \u0111\u1ed9ng t\u1ed1t v\u00e0 tr\u01a1n tru mang l\u1ea1i nh\u1eefng tr\u1ea3i nghi\u1ec7m v\u1ec1 c\u00f4ng ngh\u1ec7, gi\u1ea3i tr\u00ed t\u1ed1t nh\u1ea5t \u0111\u1ebfn cho ng\u01b0\u1eddi s\u1eed d\u1ee5ng.\u00a0Ngu\u1ed3n \u0111\u01b0\u1ee3c thi\u1ebft k\u1ebf v\u1edbi k\u00edch th\u01b0\u1edbc v\u1eeba v\u1eb7n, ph\u00f9 h\u1ee3p v\u1edbi h\u1ea7u h\u1ebft c\u00e1c lo\u1ea1i m\u1eabu v\u1ecf case tr\u00ean th\u1ecb tr\u01b0\u1eddng.<\/p>\n<p><img decoding=\"async\" src=\"https:\/\/coolerplus.com.vn\/image\/Case%20Power\/X450\/x4509.jpg\" \/><\/p>\n<p>Thi\u1ebft k\u1ebf DC to DC Converter.<\/p>","protected":false},"excerpt":{"rendered":"<p>TH\u00d4NG S\u1ed0 K\u1ef8 THU\u1eacT<\/p>\n<p>\u0110i\u1ec7n \u00e1p \u0111\u1ea7u v\u00e0o: 220V<\/p>\n<p>C\u00f4ng su\u1ea5t t\u1ed1i \u0111a: 410W<\/p>\n<p>Qu\u1ea1t: 120mm<\/p>\n<p>S\u1ed1 l\u01b0\u1ee3ng cable k\u1ebft n\u1ed1i: 1 x ATX 24-PIN (20+4)<\/p>\n<p>1 x CPU 8-PIN (4+4)<\/p>\n<p>1 x PCIe 6+2-PIN<\/p>\n<p>4 x SATA (3 SATA)<\/p>\n<p>2 x PERIPHERAL (4-PIN)<\/p>\n<p>Lo\u1ea1i d\u00e2y c\u1eafm: Full modun<\/p>\n<p>T\u00ednh n\u0103ng n\u1ed5i b\u1eadt<\/p>\n<p>Hi\u1ec7u su\u1ea5t \u0111\u1ea1t tr\u00ean 80%<\/p>\n<p>\u0110\u01b0\u1eddng 12V single rail v\u1edbi c\u00f4ng ngh\u1ec7 b\u1ea3o v\u1ec7 m\u1ea1ch<\/p>\n<p>Qu\u1ea1t 120mm t\u00edch h\u1ee3p cho l\u01b0\u1ee3ng gi\u00f3 t\u1ed1i \u01b0u<\/p>","protected":false},"featured_media":4170,"comment_status":"open","ping_status":"closed","template":"","meta":{"_acf_changed":false},"product_cat":[388],"product_tag":[],"class_list":{"0":"post-4169","1":"product","2":"type-product","3":"status-publish","4":"has-post-thumbnail","6":"product_cat-nguon","8":"first","9":"instock","10":"sale","11":"shipping-taxable","12":"purchasable","13":"product-type-simple"},"acf":[],"yoast_head":"<!-- This site is optimized with the Yoast SEO plugin v23.8 - https:\/\/yoast.com\/wordpress\/plugins\/seo\/ -->\n<title>Ngu\u1ed3n c\u00f4ng su\u1ea5t th\u1ef1c Coolerplus X450 - ThanhPhat PC<\/title>\n<meta name=\"robots\" content=\"index, follow, max-snippet:-1, max-image-preview:large, max-video-preview:-1\" \/>\n<link rel=\"canonical\" href=\"https:\/\/thanhphatpc.com\/en\/nguon-may-tinh-tai-hai-duong\/\" \/>\n<meta property=\"og:locale\" content=\"en_US\" \/>\n<meta property=\"og:type\" content=\"article\" \/>\n<meta property=\"og:title\" content=\"Ngu\u1ed3n c\u00f4ng su\u1ea5t th\u1ef1c Coolerplus X450 - ThanhPhat PC\" \/>\n<meta property=\"og:description\" content=\"TH\u00d4NG S\u1ed0 K\u1ef8 THU\u1eacT  \u0110i\u1ec7n \u00e1p \u0111\u1ea7u v\u00e0o: 220V  C\u00f4ng su\u1ea5t t\u1ed1i \u0111a: 410W  Qu\u1ea1t: 120mm  S\u1ed1 l\u01b0\u1ee3ng cable k\u1ebft n\u1ed1i: 1 x ATX 24-PIN (20+4)  1 x CPU 8-PIN (4+4)  1 x PCIe 6+2-PIN  4 x SATA (3 SATA)  2 x PERIPHERAL (4-PIN)  Lo\u1ea1i d\u00e2y c\u1eafm: Full modun  T\u00ednh n\u0103ng n\u1ed5i b\u1eadt  Hi\u1ec7u su\u1ea5t \u0111\u1ea1t tr\u00ean 80%  \u0110\u01b0\u1eddng 12V single rail v\u1edbi c\u00f4ng ngh\u1ec7 b\u1ea3o v\u1ec7 m\u1ea1ch  Qu\u1ea1t 120mm t\u00edch h\u1ee3p cho l\u01b0\u1ee3ng gi\u00f3 t\u1ed1i \u01b0u\" \/>\n<meta property=\"og:url\" content=\"https:\/\/thanhphatpc.com\/en\/nguon-may-tinh-tai-hai-duong\/\" \/>\n<meta property=\"og:site_name\" content=\"ThanhPhat PC\" \/>\n<meta property=\"og:image\" content=\"https:\/\/thanhphatpc.com\/wp-content\/uploads\/2021\/03\/1-1.jpg\" \/>\n\t<meta property=\"og:image:width\" content=\"700\" \/>\n\t<meta property=\"og:image:height\" content=\"700\" \/>\n\t<meta property=\"og:image:type\" content=\"image\/jpeg\" \/>\n<meta name=\"twitter:card\" content=\"summary_large_image\" \/>\n<meta name=\"twitter:label1\" content=\"Est. reading time\" \/>\n\t<meta name=\"twitter:data1\" content=\"3 minutes\" \/>\n<script type=\"application\/ld+json\" class=\"yoast-schema-graph\">{\"@context\":\"https:\/\/schema.org\",\"@graph\":[{\"@type\":\"WebPage\",\"@id\":\"https:\/\/thanhphatpc.com\/nguon-may-tinh-tai-hai-duong\/\",\"url\":\"https:\/\/thanhphatpc.com\/nguon-may-tinh-tai-hai-duong\/\",\"name\":\"Ngu\u1ed3n c\u00f4ng su\u1ea5t th\u1ef1c Coolerplus X450 - ThanhPhat PC\",\"isPartOf\":{\"@id\":\"https:\/\/thanhphatpc.com\/#website\"},\"primaryImageOfPage\":{\"@id\":\"https:\/\/thanhphatpc.com\/nguon-may-tinh-tai-hai-duong\/#primaryimage\"},\"image\":{\"@id\":\"https:\/\/thanhphatpc.com\/nguon-may-tinh-tai-hai-duong\/#primaryimage\"},\"thumbnailUrl\":\"https:\/\/thanhphatpc.com\/wp-content\/uploads\/2021\/03\/1-1.jpg\",\"datePublished\":\"2021-03-13T12:24:33+00:00\",\"dateModified\":\"2021-03-13T12:24:33+00:00\",\"breadcrumb\":{\"@id\":\"https:\/\/thanhphatpc.com\/nguon-may-tinh-tai-hai-duong\/#breadcrumb\"},\"inLanguage\":\"en-US\",\"potentialAction\":[{\"@type\":\"ReadAction\",\"target\":[\"https:\/\/thanhphatpc.com\/nguon-may-tinh-tai-hai-duong\/\"]}]},{\"@type\":\"ImageObject\",\"inLanguage\":\"en-US\",\"@id\":\"https:\/\/thanhphatpc.com\/nguon-may-tinh-tai-hai-duong\/#primaryimage\",\"url\":\"https:\/\/thanhphatpc.com\/wp-content\/uploads\/2021\/03\/1-1.jpg\",\"contentUrl\":\"https:\/\/thanhphatpc.com\/wp-content\/uploads\/2021\/03\/1-1.jpg\",\"width\":700,\"height\":700},{\"@type\":\"BreadcrumbList\",\"@id\":\"https:\/\/thanhphatpc.com\/nguon-may-tinh-tai-hai-duong\/#breadcrumb\",\"itemListElement\":[{\"@type\":\"ListItem\",\"position\":1,\"name\":\"Trang ch\u1ee7\",\"item\":\"https:\/\/thanhphatpc.com\/\"},{\"@type\":\"ListItem\",\"position\":2,\"name\":\"C\u1eeda h\u00e0ng\",\"item\":\"https:\/\/thanhphatpc.com\/cua-hang\/\"},{\"@type\":\"ListItem\",\"position\":3,\"name\":\"Ngu\u1ed3n c\u00f4ng su\u1ea5t th\u1ef1c Coolerplus X450\"}]},{\"@type\":\"WebSite\",\"@id\":\"https:\/\/thanhphatpc.com\/#website\",\"url\":\"https:\/\/thanhphatpc.com\/\",\"name\":\"ThanhPhat PC\",\"description\":\"D\u1ecbch v\u1ee5 ho\u00e0n h\u1ea3o\",\"potentialAction\":[{\"@type\":\"SearchAction\",\"target\":{\"@type\":\"EntryPoint\",\"urlTemplate\":\"https:\/\/thanhphatpc.com\/?s={search_term_string}\"},\"query-input\":{\"@type\":\"PropertyValueSpecification\",\"valueRequired\":true,\"valueName\":\"search_term_string\"}}],\"inLanguage\":\"en-US\"}]}<\/script>\n<!-- \/ Yoast SEO plugin. -->","yoast_head_json":{"title":"Ngu\u1ed3n c\u00f4ng su\u1ea5t th\u1ef1c Coolerplus X450 - ThanhPhat PC","robots":{"index":"index","follow":"follow","max-snippet":"max-snippet:-1","max-image-preview":"max-image-preview:large","max-video-preview":"max-video-preview:-1"},"canonical":"https:\/\/thanhphatpc.com\/en\/nguon-may-tinh-tai-hai-duong\/","og_locale":"en_US","og_type":"article","og_title":"Ngu\u1ed3n c\u00f4ng su\u1ea5t th\u1ef1c Coolerplus X450 - ThanhPhat PC","og_description":"TH\u00d4NG S\u1ed0 K\u1ef8 THU\u1eacT  \u0110i\u1ec7n \u00e1p \u0111\u1ea7u v\u00e0o: 220V  C\u00f4ng su\u1ea5t t\u1ed1i \u0111a: 410W  Qu\u1ea1t: 120mm  S\u1ed1 l\u01b0\u1ee3ng cable k\u1ebft n\u1ed1i: 1 x ATX 24-PIN (20+4)  1 x CPU 8-PIN (4+4)  1 x PCIe 6+2-PIN  4 x SATA (3 SATA)  2 x PERIPHERAL (4-PIN)  Lo\u1ea1i d\u00e2y c\u1eafm: Full modun  T\u00ednh n\u0103ng n\u1ed5i b\u1eadt  Hi\u1ec7u su\u1ea5t \u0111\u1ea1t tr\u00ean 80%  \u0110\u01b0\u1eddng 12V single rail v\u1edbi c\u00f4ng ngh\u1ec7 b\u1ea3o v\u1ec7 m\u1ea1ch  Qu\u1ea1t 120mm t\u00edch h\u1ee3p cho l\u01b0\u1ee3ng gi\u00f3 t\u1ed1i \u01b0u","og_url":"https:\/\/thanhphatpc.com\/en\/nguon-may-tinh-tai-hai-duong\/","og_site_name":"ThanhPhat PC","og_image":[{"width":700,"height":700,"url":"https:\/\/thanhphatpc.com\/wp-content\/uploads\/2021\/03\/1-1.jpg","type":"image\/jpeg"}],"twitter_card":"summary_large_image","twitter_misc":{"Est. reading time":"3 minutes"},"schema":{"@context":"https:\/\/schema.org","@graph":[{"@type":"WebPage","@id":"https:\/\/thanhphatpc.com\/nguon-may-tinh-tai-hai-duong\/","url":"https:\/\/thanhphatpc.com\/nguon-may-tinh-tai-hai-duong\/","name":"Ngu\u1ed3n c\u00f4ng su\u1ea5t th\u1ef1c Coolerplus X450 - ThanhPhat PC","isPartOf":{"@id":"https:\/\/thanhphatpc.com\/#website"},"primaryImageOfPage":{"@id":"https:\/\/thanhphatpc.com\/nguon-may-tinh-tai-hai-duong\/#primaryimage"},"image":{"@id":"https:\/\/thanhphatpc.com\/nguon-may-tinh-tai-hai-duong\/#primaryimage"},"thumbnailUrl":"https:\/\/thanhphatpc.com\/wp-content\/uploads\/2021\/03\/1-1.jpg","datePublished":"2021-03-13T12:24:33+00:00","dateModified":"2021-03-13T12:24:33+00:00","breadcrumb":{"@id":"https:\/\/thanhphatpc.com\/nguon-may-tinh-tai-hai-duong\/#breadcrumb"},"inLanguage":"en-US","potentialAction":[{"@type":"ReadAction","target":["https:\/\/thanhphatpc.com\/nguon-may-tinh-tai-hai-duong\/"]}]},{"@type":"ImageObject","inLanguage":"en-US","@id":"https:\/\/thanhphatpc.com\/nguon-may-tinh-tai-hai-duong\/#primaryimage","url":"https:\/\/thanhphatpc.com\/wp-content\/uploads\/2021\/03\/1-1.jpg","contentUrl":"https:\/\/thanhphatpc.com\/wp-content\/uploads\/2021\/03\/1-1.jpg","width":700,"height":700},{"@type":"BreadcrumbList","@id":"https:\/\/thanhphatpc.com\/nguon-may-tinh-tai-hai-duong\/#breadcrumb","itemListElement":[{"@type":"ListItem","position":1,"name":"Trang ch\u1ee7","item":"https:\/\/thanhphatpc.com\/"},{"@type":"ListItem","position":2,"name":"C\u1eeda h\u00e0ng","item":"https:\/\/thanhphatpc.com\/cua-hang\/"},{"@type":"ListItem","position":3,"name":"Ngu\u1ed3n c\u00f4ng su\u1ea5t th\u1ef1c Coolerplus X450"}]},{"@type":"WebSite","@id":"https:\/\/thanhphatpc.com\/#website","url":"https:\/\/thanhphatpc.com\/","name":"ThanhPhat PC","description":"D\u1ecbch v\u1ee5 ho\u00e0n h\u1ea3o","potentialAction":[{"@type":"SearchAction","target":{"@type":"EntryPoint","urlTemplate":"https:\/\/thanhphatpc.com\/?s={search_term_string}"},"query-input":{"@type":"PropertyValueSpecification","valueRequired":true,"valueName":"search_term_string"}}],"inLanguage":"en-US"}]}},"_links":{"self":[{"href":"https:\/\/thanhphatpc.com\/en\/wp-json\/wp\/v2\/product\/4169","targetHints":{"allow":["GET"]}}],"collection":[{"href":"https:\/\/thanhphatpc.com\/en\/wp-json\/wp\/v2\/product"}],"about":[{"href":"https:\/\/thanhphatpc.com\/en\/wp-json\/wp\/v2\/types\/product"}],"replies":[{"embeddable":true,"href":"https:\/\/thanhphatpc.com\/en\/wp-json\/wp\/v2\/comments?post=4169"}],"wp:featuredmedia":[{"embeddable":true,"href":"https:\/\/thanhphatpc.com\/en\/wp-json\/wp\/v2\/media\/4170"}],"wp:attachment":[{"href":"https:\/\/thanhphatpc.com\/en\/wp-json\/wp\/v2\/media?parent=4169"}],"wp:term":[{"taxonomy":"product_cat","embeddable":true,"href":"https:\/\/thanhphatpc.com\/en\/wp-json\/wp\/v2\/product_cat?post=4169"},{"taxonomy":"product_tag","embeddable":true,"href":"https:\/\/thanhphatpc.com\/en\/wp-json\/wp\/v2\/product_tag?post=4169"}],"curies":[{"name":"wp","href":"https:\/\/api.w.org\/{rel}","templated":true}]}}