{"id":4173,"date":"2021-03-14T15:04:02","date_gmt":"2021-03-14T08:04:02","guid":{"rendered":"https:\/\/thanhphatpc.com\/?post_type=product&#038;p=4173"},"modified":"2021-07-13T12:16:57","modified_gmt":"2021-07-13T05:16:57","slug":"o-cung-may-tinh-may-tinh-khong-len","status":"publish","type":"product","link":"https:\/\/thanhphatpc.com\/en\/o-cung-may-tinh-may-tinh-khong-len\/","title":{"rendered":"\u1ed4 c\u1ee9ng HDD Seagate 1TB 3.5 inch 7200RPM, SATA3 6GB\/s, 64MB Cache &#8211; (ST1000DM010)"},"content":{"rendered":"<p><strong>Seagate Technology<\/strong>\u00a0l\u00e0 nh\u00e0 cung c\u1ea5p c\u00e1c gi\u1ea3i ph\u00e1p l\u01b0u tr\u1eef h\u00e0ng \u0111\u1ea7u th\u1ebf gi\u1edbi, \u0111\u01b0\u01a1c th\u00e0nh l\u1eadp n\u0103m 1979 v\u00e0 c\u00f3 tr\u1ee5 s\u1edf t\u1ea1i California, M\u1ef9.<\/p>\n<p>Seagate s\u1edf h\u1eefu c\u00e1c th\u01b0\u01a1ng hi\u1ec7u \u1ed5 c\u1ee9ng quen thu\u1ed9c: Seagate, LaCie, Maxtor<\/p>\n<p><img decoding=\"async\" class=\"loading\" src=\"https:\/\/hanoicomputercdn.com\/media\/lib\/26433_1.GiithiuSeagate.jpg\" data-was-processed=\"true\" \/><\/p>\n<p>Seagate cung c\u1ea5p d\u1ea3i s\u1ea3n ph\u1ea9m t\u1eeb \u1ed5 c\u1ee9ng g\u1eafn trong \u0111\u1ebfn \u1ed5 c\u1ee9ng g\u1eafn ngo\u00e0i v\u00e0 c\u1ea3 \u1ed5 c\u1ee9ng cho h\u1ec7 th\u1ed1ng l\u01b0u tr\u1eef m\u00e1y ch\u1ee7.<\/p>\n<p><strong>C\u00e1c d\u00f2ng s\u1ea3n ph\u1ea9m \u1ed5 c\u1ee9ng g\u1eafn trong c\u1ee7a Seagate bao g\u1ed3m:<\/strong><\/p>\n<ul>\n<li><strong>\u1ed4 c\u1ee9ng g\u1eafn trong HDD<\/strong>: Seagate BarraCuda, Seagate FireCuda, Seagate IronWolf, Seagate SkyHawk. V\u1edbi c\u00e1c dung l\u01b0\u1ee3ng t\u1eeb 1TB \u0111\u1ebfn 16TB (tu\u1ef3 theo d\u00f2ng s\u1ea3n ph\u1ea9m).<\/li>\n<li><strong>\u1ed4 c\u1ee9ng g\u1eafn trong SSD<\/strong>: Seagate BarraCuda SSD, Seagate FireCuda SSD, Seagate IronWolf SSD. V\u1edbi c\u00e1c dung l\u01b0\u1ee3ng t\u1eeb 250GB \u0111\u1ebfn 2TB (tu\u1ef3 theo d\u00f2ng s\u1ea3n ph\u1ea9m).<\/li>\n<li><strong>\u1ed4 c\u1ee9ng d\u00e0nh cho doanh nghi\u1ec7p<\/strong>: Seagate Exos Enterprise, Seagate Nytro Enterprise, Seagate Nytro Enterprise SSD. V\u1edbi c\u00e1c dung l\u01b0\u1ee3ng t\u1eeb 240GB \u0111\u1ebfn 16TB (tu\u1ef3 theo d\u00f2ng s\u1ea3n ph\u1ea9m).<\/li>\n<\/ul>\n<p><img decoding=\"async\" class=\"loading\" src=\"https:\/\/hanoicomputercdn.com\/media\/lib\/26433_2.1.SeagateCoreIntroduction.jpg\" data-was-processed=\"true\" \/><\/p>\n<p>Gi\u1edbi thi\u1ec7u \u1ed5 c\u1ee9ng\u00a0<strong>Seagate BarraCuda HDD<\/strong>:<\/p>\n<p><img decoding=\"async\" class=\"loading\" src=\"https:\/\/hanoicomputercdn.com\/media\/lib\/26433_30_02.jpg\" data-was-processed=\"true\" \/><\/p>\n<p>T\u00ednh n\u0103ng n\u1ed5i b\u1eadt c\u1ee7a s\u1ea3n ph\u1ea9m<\/p>\n<p><img decoding=\"async\" class=\"loading\" src=\"https:\/\/hanoicomputercdn.com\/media\/lib\/26433_30_03.jpg\" data-was-processed=\"true\" \/><img decoding=\"async\" class=\"loading\" src=\"https:\/\/hanoicomputercdn.com\/media\/lib\/26433_30_04.jpg\" data-was-processed=\"true\" \/><img decoding=\"async\" class=\"loading\" src=\"https:\/\/hanoicomputercdn.com\/media\/lib\/26433_30_05.jpg\" data-was-processed=\"true\" \/><img decoding=\"async\" class=\"loading\" src=\"https:\/\/hanoicomputercdn.com\/media\/lib\/26433_30_06.jpg\" data-was-processed=\"true\" \/><\/p>\n<table width=\"0\">\n<tbody>\n<tr>\n<td width=\"138\"><\/td>\n<\/tr>\n<\/tbody>\n<\/table>","protected":false},"excerpt":{"rendered":"<div class=\"product-summary-item-title\">Th\u00f4ng s\u1ed1 s\u1ea3n ph\u1ea9m<\/div>\n<ul id=\"js-tskt-item\" class=\"product-summary-item-ul d-flex flex-wrap mb-0\">\n<li>Dung l\u01b0\u01a1\u0323ng: 1TB<\/li>\n<li>T\u00f4\u0301c \u0111\u00f4\u0323 quay: 7200rpm<\/li>\n<li>B\u00f4\u0323 nh\u01a1\u0301 Cache: 64Mb<\/li>\n<li>Chu\u00e2\u0309n giao ti\u00ea\u0301p: SATA3<\/li>\n<li>Ki\u0301ch th\u01b0\u01a1\u0301c: 3.5Inch<\/li>\n<\/ul>","protected":false},"featured_media":4174,"comment_status":"open","ping_status":"closed","template":"","meta":{"_acf_changed":false},"product_cat":[387],"product_tag":[],"class_list":{"0":"post-4173","1":"product","2":"type-product","3":"status-publish","4":"has-post-thumbnail","6":"product_cat-o-cung","8":"first","9":"instock","10":"sale","11":"shipping-taxable","12":"purchasable","13":"product-type-simple"},"acf":[],"yoast_head":"<!-- This site is optimized with the Yoast SEO plugin v23.8 - https:\/\/yoast.com\/wordpress\/plugins\/seo\/ -->\n<title>\u1ed4 c\u1ee9ng HDD Seagate 1TB 3.5 inch 7200RPM, SATA3 6GB\/s, 64MB Cache - (ST1000DM010) - ThanhPhat PC<\/title>\n<meta name=\"robots\" content=\"index, follow, max-snippet:-1, max-image-preview:large, max-video-preview:-1\" \/>\n<link rel=\"canonical\" href=\"https:\/\/thanhphatpc.com\/en\/o-cung-may-tinh-may-tinh-khong-len\/\" \/>\n<meta property=\"og:locale\" content=\"en_US\" \/>\n<meta property=\"og:type\" content=\"article\" \/>\n<meta property=\"og:title\" content=\"\u1ed4 c\u1ee9ng HDD Seagate 1TB 3.5 inch 7200RPM, SATA3 6GB\/s, 64MB Cache - (ST1000DM010) - ThanhPhat PC\" \/>\n<meta property=\"og:description\" content=\"Th\u00f4ng s\u1ed1 s\u1ea3n ph\u1ea9m   Dung l\u01b0\u01a1\u0323ng: 1TB  T\u00f4\u0301c \u0111\u00f4\u0323 quay: 7200rpm  B\u00f4\u0323 nh\u01a1\u0301 Cache: 64Mb  Chu\u00e2\u0309n giao ti\u00ea\u0301p: SATA3  Ki\u0301ch th\u01b0\u01a1\u0301c: 3.5Inch\" \/>\n<meta property=\"og:url\" content=\"https:\/\/thanhphatpc.com\/en\/o-cung-may-tinh-may-tinh-khong-len\/\" \/>\n<meta property=\"og:site_name\" content=\"ThanhPhat PC\" \/>\n<meta property=\"article:modified_time\" content=\"2021-07-13T05:16:57+00:00\" \/>\n<meta property=\"og:image\" content=\"https:\/\/thanhphatpc.com\/wp-content\/uploads\/2021\/03\/1-2.jpg\" \/>\n\t<meta property=\"og:image:width\" content=\"850\" \/>\n\t<meta property=\"og:image:height\" content=\"850\" \/>\n\t<meta property=\"og:image:type\" content=\"image\/jpeg\" \/>\n<meta name=\"twitter:card\" content=\"summary_large_image\" \/>\n<meta name=\"twitter:label1\" content=\"Est. reading time\" \/>\n\t<meta name=\"twitter:data1\" content=\"1 minute\" \/>\n<script type=\"application\/ld+json\" class=\"yoast-schema-graph\">{\"@context\":\"https:\/\/schema.org\",\"@graph\":[{\"@type\":\"WebPage\",\"@id\":\"https:\/\/thanhphatpc.com\/o-cung-may-tinh-may-tinh-khong-len\/\",\"url\":\"https:\/\/thanhphatpc.com\/o-cung-may-tinh-may-tinh-khong-len\/\",\"name\":\"\u1ed4 c\u1ee9ng HDD Seagate 1TB 3.5 inch 7200RPM, SATA3 6GB\/s, 64MB Cache - (ST1000DM010) - ThanhPhat PC\",\"isPartOf\":{\"@id\":\"https:\/\/thanhphatpc.com\/#website\"},\"primaryImageOfPage\":{\"@id\":\"https:\/\/thanhphatpc.com\/o-cung-may-tinh-may-tinh-khong-len\/#primaryimage\"},\"image\":{\"@id\":\"https:\/\/thanhphatpc.com\/o-cung-may-tinh-may-tinh-khong-len\/#primaryimage\"},\"thumbnailUrl\":\"https:\/\/thanhphatpc.com\/wp-content\/uploads\/2021\/03\/1-2.jpg\",\"datePublished\":\"2021-03-14T08:04:02+00:00\",\"dateModified\":\"2021-07-13T05:16:57+00:00\",\"breadcrumb\":{\"@id\":\"https:\/\/thanhphatpc.com\/o-cung-may-tinh-may-tinh-khong-len\/#breadcrumb\"},\"inLanguage\":\"en-US\",\"potentialAction\":[{\"@type\":\"ReadAction\",\"target\":[\"https:\/\/thanhphatpc.com\/o-cung-may-tinh-may-tinh-khong-len\/\"]}]},{\"@type\":\"ImageObject\",\"inLanguage\":\"en-US\",\"@id\":\"https:\/\/thanhphatpc.com\/o-cung-may-tinh-may-tinh-khong-len\/#primaryimage\",\"url\":\"https:\/\/thanhphatpc.com\/wp-content\/uploads\/2021\/03\/1-2.jpg\",\"contentUrl\":\"https:\/\/thanhphatpc.com\/wp-content\/uploads\/2021\/03\/1-2.jpg\",\"width\":850,\"height\":850},{\"@type\":\"BreadcrumbList\",\"@id\":\"https:\/\/thanhphatpc.com\/o-cung-may-tinh-may-tinh-khong-len\/#breadcrumb\",\"itemListElement\":[{\"@type\":\"ListItem\",\"position\":1,\"name\":\"Trang ch\u1ee7\",\"item\":\"https:\/\/thanhphatpc.com\/\"},{\"@type\":\"ListItem\",\"position\":2,\"name\":\"C\u1eeda h\u00e0ng\",\"item\":\"https:\/\/thanhphatpc.com\/cua-hang\/\"},{\"@type\":\"ListItem\",\"position\":3,\"name\":\"\u1ed4 c\u1ee9ng HDD Seagate 1TB 3.5 inch 7200RPM, SATA3 6GB\/s, 64MB Cache &#8211; (ST1000DM010)\"}]},{\"@type\":\"WebSite\",\"@id\":\"https:\/\/thanhphatpc.com\/#website\",\"url\":\"https:\/\/thanhphatpc.com\/\",\"name\":\"ThanhPhat PC\",\"description\":\"D\u1ecbch v\u1ee5 ho\u00e0n h\u1ea3o\",\"potentialAction\":[{\"@type\":\"SearchAction\",\"target\":{\"@type\":\"EntryPoint\",\"urlTemplate\":\"https:\/\/thanhphatpc.com\/?s={search_term_string}\"},\"query-input\":{\"@type\":\"PropertyValueSpecification\",\"valueRequired\":true,\"valueName\":\"search_term_string\"}}],\"inLanguage\":\"en-US\"}]}<\/script>\n<!-- \/ Yoast SEO plugin. -->","yoast_head_json":{"title":"\u1ed4 c\u1ee9ng HDD Seagate 1TB 3.5 inch 7200RPM, SATA3 6GB\/s, 64MB Cache - (ST1000DM010) - ThanhPhat PC","robots":{"index":"index","follow":"follow","max-snippet":"max-snippet:-1","max-image-preview":"max-image-preview:large","max-video-preview":"max-video-preview:-1"},"canonical":"https:\/\/thanhphatpc.com\/en\/o-cung-may-tinh-may-tinh-khong-len\/","og_locale":"en_US","og_type":"article","og_title":"\u1ed4 c\u1ee9ng HDD Seagate 1TB 3.5 inch 7200RPM, SATA3 6GB\/s, 64MB Cache - (ST1000DM010) - ThanhPhat PC","og_description":"Th\u00f4ng s\u1ed1 s\u1ea3n ph\u1ea9m   Dung l\u01b0\u01a1\u0323ng: 1TB  T\u00f4\u0301c \u0111\u00f4\u0323 quay: 7200rpm  B\u00f4\u0323 nh\u01a1\u0301 Cache: 64Mb  Chu\u00e2\u0309n giao ti\u00ea\u0301p: SATA3  Ki\u0301ch th\u01b0\u01a1\u0301c: 3.5Inch","og_url":"https:\/\/thanhphatpc.com\/en\/o-cung-may-tinh-may-tinh-khong-len\/","og_site_name":"ThanhPhat PC","article_modified_time":"2021-07-13T05:16:57+00:00","og_image":[{"width":850,"height":850,"url":"https:\/\/thanhphatpc.com\/wp-content\/uploads\/2021\/03\/1-2.jpg","type":"image\/jpeg"}],"twitter_card":"summary_large_image","twitter_misc":{"Est. reading time":"1 minute"},"schema":{"@context":"https:\/\/schema.org","@graph":[{"@type":"WebPage","@id":"https:\/\/thanhphatpc.com\/o-cung-may-tinh-may-tinh-khong-len\/","url":"https:\/\/thanhphatpc.com\/o-cung-may-tinh-may-tinh-khong-len\/","name":"\u1ed4 c\u1ee9ng HDD Seagate 1TB 3.5 inch 7200RPM, SATA3 6GB\/s, 64MB Cache - (ST1000DM010) - ThanhPhat PC","isPartOf":{"@id":"https:\/\/thanhphatpc.com\/#website"},"primaryImageOfPage":{"@id":"https:\/\/thanhphatpc.com\/o-cung-may-tinh-may-tinh-khong-len\/#primaryimage"},"image":{"@id":"https:\/\/thanhphatpc.com\/o-cung-may-tinh-may-tinh-khong-len\/#primaryimage"},"thumbnailUrl":"https:\/\/thanhphatpc.com\/wp-content\/uploads\/2021\/03\/1-2.jpg","datePublished":"2021-03-14T08:04:02+00:00","dateModified":"2021-07-13T05:16:57+00:00","breadcrumb":{"@id":"https:\/\/thanhphatpc.com\/o-cung-may-tinh-may-tinh-khong-len\/#breadcrumb"},"inLanguage":"en-US","potentialAction":[{"@type":"ReadAction","target":["https:\/\/thanhphatpc.com\/o-cung-may-tinh-may-tinh-khong-len\/"]}]},{"@type":"ImageObject","inLanguage":"en-US","@id":"https:\/\/thanhphatpc.com\/o-cung-may-tinh-may-tinh-khong-len\/#primaryimage","url":"https:\/\/thanhphatpc.com\/wp-content\/uploads\/2021\/03\/1-2.jpg","contentUrl":"https:\/\/thanhphatpc.com\/wp-content\/uploads\/2021\/03\/1-2.jpg","width":850,"height":850},{"@type":"BreadcrumbList","@id":"https:\/\/thanhphatpc.com\/o-cung-may-tinh-may-tinh-khong-len\/#breadcrumb","itemListElement":[{"@type":"ListItem","position":1,"name":"Trang ch\u1ee7","item":"https:\/\/thanhphatpc.com\/"},{"@type":"ListItem","position":2,"name":"C\u1eeda h\u00e0ng","item":"https:\/\/thanhphatpc.com\/cua-hang\/"},{"@type":"ListItem","position":3,"name":"\u1ed4 c\u1ee9ng HDD Seagate 1TB 3.5 inch 7200RPM, SATA3 6GB\/s, 64MB Cache &#8211; (ST1000DM010)"}]},{"@type":"WebSite","@id":"https:\/\/thanhphatpc.com\/#website","url":"https:\/\/thanhphatpc.com\/","name":"ThanhPhat PC","description":"D\u1ecbch v\u1ee5 ho\u00e0n h\u1ea3o","potentialAction":[{"@type":"SearchAction","target":{"@type":"EntryPoint","urlTemplate":"https:\/\/thanhphatpc.com\/?s={search_term_string}"},"query-input":{"@type":"PropertyValueSpecification","valueRequired":true,"valueName":"search_term_string"}}],"inLanguage":"en-US"}]}},"_links":{"self":[{"href":"https:\/\/thanhphatpc.com\/en\/wp-json\/wp\/v2\/product\/4173","targetHints":{"allow":["GET"]}}],"collection":[{"href":"https:\/\/thanhphatpc.com\/en\/wp-json\/wp\/v2\/product"}],"about":[{"href":"https:\/\/thanhphatpc.com\/en\/wp-json\/wp\/v2\/types\/product"}],"replies":[{"embeddable":true,"href":"https:\/\/thanhphatpc.com\/en\/wp-json\/wp\/v2\/comments?post=4173"}],"wp:featuredmedia":[{"embeddable":true,"href":"https:\/\/thanhphatpc.com\/en\/wp-json\/wp\/v2\/media\/4174"}],"wp:attachment":[{"href":"https:\/\/thanhphatpc.com\/en\/wp-json\/wp\/v2\/media?parent=4173"}],"wp:term":[{"taxonomy":"product_cat","embeddable":true,"href":"https:\/\/thanhphatpc.com\/en\/wp-json\/wp\/v2\/product_cat?post=4173"},{"taxonomy":"product_tag","embeddable":true,"href":"https:\/\/thanhphatpc.com\/en\/wp-json\/wp\/v2\/product_tag?post=4173"}],"curies":[{"name":"wp","href":"https:\/\/api.w.org\/{rel}","templated":true}]}}