{"id":4176,"date":"2021-03-14T15:14:33","date_gmt":"2021-03-14T08:14:33","guid":{"rendered":"https:\/\/thanhphatpc.com\/?post_type=product&#038;p=4176"},"modified":"2021-03-14T15:14:33","modified_gmt":"2021-03-14T08:14:33","slug":"ban-phim-may-tinh-hai-duong","status":"publish","type":"product","link":"https:\/\/thanhphatpc.com\/en\/ban-phim-may-tinh-hai-duong\/","title":{"rendered":"B\u00e0n ph\u00edm Fuhlen L411 USB Black"},"content":{"rendered":"<h2 class=\"ddnb-title spct-title\">\u0110\u00e1nh gi\u00e1 Keyboard Fuhlen L411 USB Black<\/h2>\n<h3>B\u00e0n ph\u00edm gaming Fuhlen L411<\/h3>\n<h3><strong>B\u00e0n ph\u00edm ti\u1ec7n d\u1ee5ng<\/strong><\/h3>\n<p>B\u00e0n ph\u00edm m\u00e1y t\u00ednh Fuhlen L411 \u0111\u01b0\u1ee3c trang b\u1ecb c\u00e1c ph\u00edm nh\u1ea5n kh\u00e1 s\u1eafc s\u1ea3o, t\u1ea1o c\u1ea3m gi\u00e1c \u00eam \u00e1i v\u00e0 gi\u1ea3m thi\u1ec3u ti\u1ebfng \u0111\u1ed9ng khi \u0111\u00e1nh v\u0103n b\u1ea3n. Ngo\u00e0i ra, c\u00e1c k\u00ed t\u1ef1 tr\u00ean b\u00e0n ph\u00edm \u0111\u01b0\u1ee3c in to, r\u00f5 r\u00e0ng, m\u00e0u tr\u1eafng n\u1ed5i b\u1eadt tr\u00ean n\u1ec1n ph\u00edm \u0111en, r\u1ea5t d\u1ec5 nh\u1eadn bi\u1ebft. \u0111\u01b0\u1ee3c thi\u1ebft k\u1ebf th\u00e2n thi\u1ec7n v\u1edbi ng\u01b0\u1eddi s\u1eed d\u1ee5ng, ph\u00edm b\u1ea5m c\u00f3 \u0111\u1ed9 n\u1ea3y, r\u1ea5t nh\u1ea1y.<\/p>\n<p>Thi\u1ebft k\u1ebf m\u1ecfng B\u00e0n ph\u00edm m\u00e1y t\u00ednh Fuhlen L411 c\u00f3 thi\u1ebft k\u1ebf m\u1ecfng, nh\u1eb9 v\u00e0 kh\u00f4ng chi\u1ebfm nhi\u1ec1u di\u1ec7n t\u00edch, kh\u00e1 l\u00e0 th\u00edch h\u1ee3p \u0111\u1ec3 b\u1ea1n c\u00f3 th\u1ec3 k\u1ebft h\u1ee3p \u0103n \u00fd v\u1edbi chi\u1ebfc m\u00e0n h\u00ecnh desktop si\u00eau m\u1ecfng c\u1ee7a m\u00ecnh.<\/p>\n<p><img decoding=\"async\" class=\"loading\" src=\"https:\/\/hanoicomputercdn.com\/media\/lib\/10802_Ban-phim-Fuhlen-L411.jpg\" alt=\"\" width=\"100%\" data-was-processed=\"true\" \/><\/p>","protected":false},"excerpt":{"rendered":"<div class=\"product-summary-item-title\">Th\u00f4ng s\u1ed1 s\u1ea3n ph\u1ea9m<\/div>\n<ul id=\"js-tskt-item\" class=\"product-summary-item-ul d-flex flex-wrap mb-0\">\n<li>B\u00e0n ph\u00edm Fuhlen L411<\/li>\n<li>Ki\u00ea\u0309u k\u00ea\u0301t n\u00f4\u0301i: Co\u0301 d\u00e2y<\/li>\n<li>Chu\u1ea9n k\u00ea\u0301t n\u00f4\u0301i: USB<\/li>\n<li>Ph\u00edm ch\u1ee9c n\u0103ng: Standard<\/li>\n<li>M\u00e0u: \u0110en<\/li>\n<\/ul>","protected":false},"featured_media":4177,"comment_status":"open","ping_status":"closed","template":"","meta":{"_acf_changed":false},"product_cat":[436],"product_tag":[],"class_list":{"0":"post-4176","1":"product","2":"type-product","3":"status-publish","4":"has-post-thumbnail","6":"product_cat-ban-phim-pc","8":"first","9":"instock","10":"sale","11":"shipping-taxable","12":"purchasable","13":"product-type-simple"},"acf":[],"yoast_head":"<!-- This site is optimized with the Yoast SEO plugin v23.8 - https:\/\/yoast.com\/wordpress\/plugins\/seo\/ -->\n<title>B\u00e0n ph\u00edm Fuhlen L411 USB Black - ThanhPhat PC<\/title>\n<meta name=\"robots\" content=\"index, follow, max-snippet:-1, max-image-preview:large, max-video-preview:-1\" \/>\n<link rel=\"canonical\" href=\"https:\/\/thanhphatpc.com\/en\/ban-phim-may-tinh-hai-duong\/\" \/>\n<meta property=\"og:locale\" content=\"en_US\" \/>\n<meta property=\"og:type\" content=\"article\" \/>\n<meta property=\"og:title\" content=\"B\u00e0n ph\u00edm Fuhlen L411 USB Black - ThanhPhat PC\" \/>\n<meta property=\"og:description\" content=\"Th\u00f4ng s\u1ed1 s\u1ea3n ph\u1ea9m   B\u00e0n ph\u00edm Fuhlen L411  Ki\u00ea\u0309u k\u00ea\u0301t n\u00f4\u0301i: Co\u0301 d\u00e2y  Chu\u1ea9n k\u00ea\u0301t n\u00f4\u0301i: USB  Ph\u00edm ch\u1ee9c n\u0103ng: Standard  M\u00e0u: \u0110en\" \/>\n<meta property=\"og:url\" content=\"https:\/\/thanhphatpc.com\/en\/ban-phim-may-tinh-hai-duong\/\" \/>\n<meta property=\"og:site_name\" content=\"ThanhPhat PC\" \/>\n<meta property=\"og:image\" content=\"https:\/\/thanhphatpc.com\/wp-content\/uploads\/2021\/03\/1-3.jpg\" \/>\n\t<meta property=\"og:image:width\" content=\"850\" \/>\n\t<meta property=\"og:image:height\" content=\"850\" \/>\n\t<meta property=\"og:image:type\" content=\"image\/jpeg\" \/>\n<meta name=\"twitter:card\" content=\"summary_large_image\" \/>\n<meta name=\"twitter:label1\" content=\"Est. reading time\" \/>\n\t<meta name=\"twitter:data1\" content=\"1 minute\" \/>\n<script type=\"application\/ld+json\" class=\"yoast-schema-graph\">{\"@context\":\"https:\/\/schema.org\",\"@graph\":[{\"@type\":\"WebPage\",\"@id\":\"https:\/\/thanhphatpc.com\/ban-phim-may-tinh-hai-duong\/\",\"url\":\"https:\/\/thanhphatpc.com\/ban-phim-may-tinh-hai-duong\/\",\"name\":\"B\u00e0n ph\u00edm Fuhlen L411 USB Black - ThanhPhat PC\",\"isPartOf\":{\"@id\":\"https:\/\/thanhphatpc.com\/#website\"},\"primaryImageOfPage\":{\"@id\":\"https:\/\/thanhphatpc.com\/ban-phim-may-tinh-hai-duong\/#primaryimage\"},\"image\":{\"@id\":\"https:\/\/thanhphatpc.com\/ban-phim-may-tinh-hai-duong\/#primaryimage\"},\"thumbnailUrl\":\"https:\/\/thanhphatpc.com\/wp-content\/uploads\/2021\/03\/1-3.jpg\",\"datePublished\":\"2021-03-14T08:14:33+00:00\",\"dateModified\":\"2021-03-14T08:14:33+00:00\",\"breadcrumb\":{\"@id\":\"https:\/\/thanhphatpc.com\/ban-phim-may-tinh-hai-duong\/#breadcrumb\"},\"inLanguage\":\"en-US\",\"potentialAction\":[{\"@type\":\"ReadAction\",\"target\":[\"https:\/\/thanhphatpc.com\/ban-phim-may-tinh-hai-duong\/\"]}]},{\"@type\":\"ImageObject\",\"inLanguage\":\"en-US\",\"@id\":\"https:\/\/thanhphatpc.com\/ban-phim-may-tinh-hai-duong\/#primaryimage\",\"url\":\"https:\/\/thanhphatpc.com\/wp-content\/uploads\/2021\/03\/1-3.jpg\",\"contentUrl\":\"https:\/\/thanhphatpc.com\/wp-content\/uploads\/2021\/03\/1-3.jpg\",\"width\":850,\"height\":850},{\"@type\":\"BreadcrumbList\",\"@id\":\"https:\/\/thanhphatpc.com\/ban-phim-may-tinh-hai-duong\/#breadcrumb\",\"itemListElement\":[{\"@type\":\"ListItem\",\"position\":1,\"name\":\"Trang ch\u1ee7\",\"item\":\"https:\/\/thanhphatpc.com\/\"},{\"@type\":\"ListItem\",\"position\":2,\"name\":\"C\u1eeda h\u00e0ng\",\"item\":\"https:\/\/thanhphatpc.com\/cua-hang\/\"},{\"@type\":\"ListItem\",\"position\":3,\"name\":\"B\u00e0n ph\u00edm Fuhlen L411 USB Black\"}]},{\"@type\":\"WebSite\",\"@id\":\"https:\/\/thanhphatpc.com\/#website\",\"url\":\"https:\/\/thanhphatpc.com\/\",\"name\":\"ThanhPhat PC\",\"description\":\"D\u1ecbch v\u1ee5 ho\u00e0n h\u1ea3o\",\"potentialAction\":[{\"@type\":\"SearchAction\",\"target\":{\"@type\":\"EntryPoint\",\"urlTemplate\":\"https:\/\/thanhphatpc.com\/?s={search_term_string}\"},\"query-input\":{\"@type\":\"PropertyValueSpecification\",\"valueRequired\":true,\"valueName\":\"search_term_string\"}}],\"inLanguage\":\"en-US\"}]}<\/script>\n<!-- \/ Yoast SEO plugin. -->","yoast_head_json":{"title":"B\u00e0n ph\u00edm Fuhlen L411 USB Black - ThanhPhat PC","robots":{"index":"index","follow":"follow","max-snippet":"max-snippet:-1","max-image-preview":"max-image-preview:large","max-video-preview":"max-video-preview:-1"},"canonical":"https:\/\/thanhphatpc.com\/en\/ban-phim-may-tinh-hai-duong\/","og_locale":"en_US","og_type":"article","og_title":"B\u00e0n ph\u00edm Fuhlen L411 USB Black - ThanhPhat PC","og_description":"Th\u00f4ng s\u1ed1 s\u1ea3n ph\u1ea9m   B\u00e0n ph\u00edm Fuhlen L411  Ki\u00ea\u0309u k\u00ea\u0301t n\u00f4\u0301i: Co\u0301 d\u00e2y  Chu\u1ea9n k\u00ea\u0301t n\u00f4\u0301i: USB  Ph\u00edm ch\u1ee9c n\u0103ng: Standard  M\u00e0u: \u0110en","og_url":"https:\/\/thanhphatpc.com\/en\/ban-phim-may-tinh-hai-duong\/","og_site_name":"ThanhPhat PC","og_image":[{"width":850,"height":850,"url":"https:\/\/thanhphatpc.com\/wp-content\/uploads\/2021\/03\/1-3.jpg","type":"image\/jpeg"}],"twitter_card":"summary_large_image","twitter_misc":{"Est. reading time":"1 minute"},"schema":{"@context":"https:\/\/schema.org","@graph":[{"@type":"WebPage","@id":"https:\/\/thanhphatpc.com\/ban-phim-may-tinh-hai-duong\/","url":"https:\/\/thanhphatpc.com\/ban-phim-may-tinh-hai-duong\/","name":"B\u00e0n ph\u00edm Fuhlen L411 USB Black - ThanhPhat PC","isPartOf":{"@id":"https:\/\/thanhphatpc.com\/#website"},"primaryImageOfPage":{"@id":"https:\/\/thanhphatpc.com\/ban-phim-may-tinh-hai-duong\/#primaryimage"},"image":{"@id":"https:\/\/thanhphatpc.com\/ban-phim-may-tinh-hai-duong\/#primaryimage"},"thumbnailUrl":"https:\/\/thanhphatpc.com\/wp-content\/uploads\/2021\/03\/1-3.jpg","datePublished":"2021-03-14T08:14:33+00:00","dateModified":"2021-03-14T08:14:33+00:00","breadcrumb":{"@id":"https:\/\/thanhphatpc.com\/ban-phim-may-tinh-hai-duong\/#breadcrumb"},"inLanguage":"en-US","potentialAction":[{"@type":"ReadAction","target":["https:\/\/thanhphatpc.com\/ban-phim-may-tinh-hai-duong\/"]}]},{"@type":"ImageObject","inLanguage":"en-US","@id":"https:\/\/thanhphatpc.com\/ban-phim-may-tinh-hai-duong\/#primaryimage","url":"https:\/\/thanhphatpc.com\/wp-content\/uploads\/2021\/03\/1-3.jpg","contentUrl":"https:\/\/thanhphatpc.com\/wp-content\/uploads\/2021\/03\/1-3.jpg","width":850,"height":850},{"@type":"BreadcrumbList","@id":"https:\/\/thanhphatpc.com\/ban-phim-may-tinh-hai-duong\/#breadcrumb","itemListElement":[{"@type":"ListItem","position":1,"name":"Trang ch\u1ee7","item":"https:\/\/thanhphatpc.com\/"},{"@type":"ListItem","position":2,"name":"C\u1eeda h\u00e0ng","item":"https:\/\/thanhphatpc.com\/cua-hang\/"},{"@type":"ListItem","position":3,"name":"B\u00e0n ph\u00edm Fuhlen L411 USB Black"}]},{"@type":"WebSite","@id":"https:\/\/thanhphatpc.com\/#website","url":"https:\/\/thanhphatpc.com\/","name":"ThanhPhat PC","description":"D\u1ecbch v\u1ee5 ho\u00e0n h\u1ea3o","potentialAction":[{"@type":"SearchAction","target":{"@type":"EntryPoint","urlTemplate":"https:\/\/thanhphatpc.com\/?s={search_term_string}"},"query-input":{"@type":"PropertyValueSpecification","valueRequired":true,"valueName":"search_term_string"}}],"inLanguage":"en-US"}]}},"_links":{"self":[{"href":"https:\/\/thanhphatpc.com\/en\/wp-json\/wp\/v2\/product\/4176","targetHints":{"allow":["GET"]}}],"collection":[{"href":"https:\/\/thanhphatpc.com\/en\/wp-json\/wp\/v2\/product"}],"about":[{"href":"https:\/\/thanhphatpc.com\/en\/wp-json\/wp\/v2\/types\/product"}],"replies":[{"embeddable":true,"href":"https:\/\/thanhphatpc.com\/en\/wp-json\/wp\/v2\/comments?post=4176"}],"wp:featuredmedia":[{"embeddable":true,"href":"https:\/\/thanhphatpc.com\/en\/wp-json\/wp\/v2\/media\/4177"}],"wp:attachment":[{"href":"https:\/\/thanhphatpc.com\/en\/wp-json\/wp\/v2\/media?parent=4176"}],"wp:term":[{"taxonomy":"product_cat","embeddable":true,"href":"https:\/\/thanhphatpc.com\/en\/wp-json\/wp\/v2\/product_cat?post=4176"},{"taxonomy":"product_tag","embeddable":true,"href":"https:\/\/thanhphatpc.com\/en\/wp-json\/wp\/v2\/product_tag?post=4176"}],"curies":[{"name":"wp","href":"https:\/\/api.w.org\/{rel}","templated":true}]}}