{"id":9018,"date":"2021-07-13T12:09:20","date_gmt":"2021-07-13T05:09:20","guid":{"rendered":"https:\/\/thanhphatpc.com\/?post_type=product&#038;p=9018"},"modified":"2021-10-12T14:09:07","modified_gmt":"2021-10-12T07:09:07","slug":"9018","status":"publish","type":"product","link":"https:\/\/thanhphatpc.com\/en\/9018\/","title":{"rendered":"M\u00e0n h\u00ecnh Dell E2420H (23.8inch\/FHD\/IPS\/60Hz\/8ms\/DP+VGA)"},"content":{"rendered":"<p>\u0110\u00e1nh gi\u00e1 M\u00e0n h\u00ecnh Dell E2420H 23.8inch ph\u00e2n gi\u1ea3i FHD n\u1ec1n IPS<br \/>\nDell E2420H \u0111\u01b0\u1ee3c thi\u1ebft k\u1ebf v\u1edbi ki\u1ec3u d\u00e1ng m\u1ecfng \u0111\u1ec3 t\u1ed1i \u0111a h\u00f3a kh\u00f4ng gian m\u00e1y t\u00ednh \u0111\u1ec3 b\u00e0n. T\u1ea5m n\u1ec1n IPS (In-Plane Switching) h\u1ed7 tr\u1ee3 \u0111\u1ed9 ph\u00e2n gi\u1ea3i Full HD (1920 x 1080) v\u1edbi t\u1ea7n s\u1ed1 qu\u00e9t 60 Hz v\u1edbi t\u1ed1i \u0111a 16,7 tri\u1ec7u m\u00e0u v\u00e0 c\u00f3 th\u1eddi gian ph\u1ea3n h\u1ed3i 5 ms (GtG), \u0111\u1ed9 s\u00e1ng 250 cd\/ m\u00b2 v\u00e0 t\u1ef7 l\u1ec7 t\u01b0\u01a1ng ph\u1ea3n t\u0129nh 1000:1 \u0111\u1ec3 hi\u1ec3n th\u1ecb t\u00e0i li\u1ec7u, \u1ea3nh v\u00e0 video v\u1edbi \u0111\u1ed9 trung th\u1ef1c r\u00f5 r\u00e0ng nh\u01b0 pha l\u00ea.<\/p>\n<p><img loading=\"lazy\" decoding=\"async\" src=\"https:\/\/thanhphatpc.com\/wp-content\/uploads\/2021\/07\/2-300x300.png\" alt=\"\" width=\"300\" height=\"300\" class=\"alignnone size-medium wp-image-9020\" srcset=\"https:\/\/thanhphatpc.com\/wp-content\/uploads\/2021\/07\/2-300x300.png 300w, https:\/\/thanhphatpc.com\/wp-content\/uploads\/2021\/07\/2-100x100.png 100w, https:\/\/thanhphatpc.com\/wp-content\/uploads\/2021\/07\/2-510x510.png 510w, https:\/\/thanhphatpc.com\/wp-content\/uploads\/2021\/07\/2-150x150.png 150w, https:\/\/thanhphatpc.com\/wp-content\/uploads\/2021\/07\/2-768x768.png 768w, https:\/\/thanhphatpc.com\/wp-content\/uploads\/2021\/07\/2.png 850w\" sizes=\"auto, (max-width: 300px) 100vw, 300px\" \/><\/p>\n<p>M\u00e0n h\u00ecnh Dell E2420H c\u0169ng c\u00f3 g\u00f3c nh\u00ecn r\u1ed9ng 178\u00b0 ngang v\u00e0 178\u00b0 d\u1ecdc, gi\u00fap vi\u1ec7c c\u1ed9ng t\u00e1c v\u00e0 xem theo nh\u00f3m d\u1ec5 d\u00e0ng v\u00e0 tho\u1ea3i m\u00e1i h\u01a1n. C\u00f4ng ngh\u1ec7 ComfortView tr\u00ean m\u00e0n h\u00ecnh Dell gi\u00fap m\u1edf r\u1ed9ng c\u1ea3m gi\u00e1c tho\u1ea3i m\u00e1i khi xem b\u1eb1ng c\u00e1ch gi\u1ea3m \u00e1nh s\u00e1ng xanh c\u00f3 h\u1ea1i.<\/p>\n<p><img loading=\"lazy\" decoding=\"async\" src=\"https:\/\/thanhphatpc.com\/wp-content\/uploads\/2021\/07\/3-300x300.png\" alt=\"\" width=\"300\" height=\"300\" class=\"alignnone size-medium wp-image-9021\" srcset=\"https:\/\/thanhphatpc.com\/wp-content\/uploads\/2021\/07\/3-300x300.png 300w, https:\/\/thanhphatpc.com\/wp-content\/uploads\/2021\/07\/3-100x100.png 100w, https:\/\/thanhphatpc.com\/wp-content\/uploads\/2021\/07\/3-510x510.png 510w, https:\/\/thanhphatpc.com\/wp-content\/uploads\/2021\/07\/3-150x150.png 150w, https:\/\/thanhphatpc.com\/wp-content\/uploads\/2021\/07\/3-768x768.png 768w, https:\/\/thanhphatpc.com\/wp-content\/uploads\/2021\/07\/3.png 850w\" sizes=\"auto, (max-width: 300px) 100vw, 300px\" \/><\/p>\n<p>E2420H c\u00f3 c\u00e1c l\u1ed7 g\u1eafn VESA cho ph\u00e9p k\u1ebft n\u1ed1i m\u00e0n h\u00ecnh v\u1edbi t\u01b0\u1eddng, tay c\u1ea7m m\u00e0n h\u00ecnh ho\u1eb7c gi\u00e1 \u0111\u1ee1 thay th\u1ebf. V\u1edbi c\u1ea5u h\u00ecnh m\u1ecfng, E2420H \u0111\u01b0\u1ee3c thi\u1ebft k\u1ebf v\u1edbi k\u00edch th\u01b0\u1edbc nh\u1ecf v\u00e0 h\u1ec7 th\u1ed1ng qu\u1ea3n l\u00fd c\u00e1p th\u00f4ng minh, \u0111\u1ec3 gi\u00fap b\u00e0n l\u00e0m vi\u1ec7c c\u1ee7a b\u1ea1n kh\u00f4ng b\u1ecb l\u1ed9n x\u1ed9n.<\/p>\n<p><img loading=\"lazy\" decoding=\"async\" src=\"https:\/\/thanhphatpc.com\/wp-content\/uploads\/2021\/07\/3-300x300.png\" alt=\"\" width=\"300\" height=\"300\" class=\"alignnone size-medium wp-image-9021\" srcset=\"https:\/\/thanhphatpc.com\/wp-content\/uploads\/2021\/07\/3-300x300.png 300w, https:\/\/thanhphatpc.com\/wp-content\/uploads\/2021\/07\/3-100x100.png 100w, https:\/\/thanhphatpc.com\/wp-content\/uploads\/2021\/07\/3-510x510.png 510w, https:\/\/thanhphatpc.com\/wp-content\/uploads\/2021\/07\/3-150x150.png 150w, https:\/\/thanhphatpc.com\/wp-content\/uploads\/2021\/07\/3-768x768.png 768w, https:\/\/thanhphatpc.com\/wp-content\/uploads\/2021\/07\/3.png 850w\" sizes=\"auto, (max-width: 300px) 100vw, 300px\" \/><\/p>\n<p>Tr\u1ea3i nghi\u1ec7m h\u00ecnh \u1ea3nh ch\u1ea5t l\u01b0\u1ee3ng cao v\u1edbi th\u1eddi gian ph\u1ea3n h\u1ed3i nhanh \u1ea5n t\u01b0\u1ee3ng tr\u00ean m\u00e0n h\u00ecnh v\u0103n ph\u00f2ng. Gi\u1ea3m \u0111\u1ed9 l\u1ec7ch trong th\u1eddi gian chuy\u1ec3n ti\u1ebfp c\u00f3 ngh\u0129a l\u00e0 h\u00ecnh \u1ea3nh chuy\u1ec3n \u0111\u1ed9ng trong phim ho\u1eb7c tr\u00f2 ch\u01a1i video c\u1ee7a b\u1ea1n s\u1ebd m\u01b0\u1ee3t m\u00e0 v\u00e0 \u1ea5n t\u01b0\u1ee3ng.<\/p>\n<p>M\u00e0n h\u00ecnh Dell E2420H g\u00f3c nghi\u00eang<br \/>\n<img loading=\"lazy\" decoding=\"async\" src=\"https:\/\/thanhphatpc.com\/wp-content\/uploads\/2021\/07\/4-300x300.png\" alt=\"\" width=\"300\" height=\"300\" class=\"alignnone size-medium wp-image-9023\" srcset=\"https:\/\/thanhphatpc.com\/wp-content\/uploads\/2021\/07\/4-300x300.png 300w, https:\/\/thanhphatpc.com\/wp-content\/uploads\/2021\/07\/4-100x100.png 100w, https:\/\/thanhphatpc.com\/wp-content\/uploads\/2021\/07\/4-510x510.png 510w, https:\/\/thanhphatpc.com\/wp-content\/uploads\/2021\/07\/4-150x150.png 150w, https:\/\/thanhphatpc.com\/wp-content\/uploads\/2021\/07\/4-768x768.png 768w, https:\/\/thanhphatpc.com\/wp-content\/uploads\/2021\/07\/4.png 850w\" sizes=\"auto, (max-width: 300px) 100vw, 300px\" \/><\/p>\n<p>Thu g\u1ecdn<\/p>","protected":false},"excerpt":{"rendered":"<p>Th\u00f4ng s\u1ed1 s\u1ea3n ph\u1ea9m<br \/>\nK\u00edch th\u01b0\u1edbc: 23.8 inch<br \/>\nT\u1ea5m n\u1ec1n: IPS<br \/>\n\u0110\u1ed9 ph\u00e2n gi\u1ea3i: Full HD (1920&#215;1080)<br \/>\nT\u1ed1c \u0111\u1ed9 l\u00e0m m\u1edbi: 60Hz<br \/>\nTh\u1eddi gian \u0111\u00e1p \u1ee9ng: 5ms<\/p>","protected":false},"featured_media":9020,"comment_status":"open","ping_status":"closed","template":"","meta":{"_acf_changed":false},"product_cat":[383],"product_tag":[],"class_list":{"0":"post-9018","1":"product","2":"type-product","3":"status-publish","4":"has-post-thumbnail","6":"product_cat-man-hinh","8":"first","9":"outofstock","10":"sale","11":"shipping-taxable","12":"purchasable","13":"product-type-simple"},"acf":[],"yoast_head":"<!-- This site is optimized with the Yoast SEO plugin v23.8 - https:\/\/yoast.com\/wordpress\/plugins\/seo\/ -->\n<title>M\u00e0n h\u00ecnh Dell E2420H (23.8inch\/FHD\/IPS\/60Hz\/8ms\/DP+VGA) - ThanhPhat PC<\/title>\n<meta name=\"robots\" content=\"index, follow, max-snippet:-1, max-image-preview:large, max-video-preview:-1\" \/>\n<link rel=\"canonical\" href=\"https:\/\/thanhphatpc.com\/en\/9018\/\" \/>\n<meta property=\"og:locale\" content=\"en_US\" \/>\n<meta property=\"og:type\" content=\"article\" \/>\n<meta property=\"og:title\" content=\"M\u00e0n h\u00ecnh Dell E2420H (23.8inch\/FHD\/IPS\/60Hz\/8ms\/DP+VGA) - ThanhPhat PC\" \/>\n<meta property=\"og:description\" content=\"Th\u00f4ng s\u1ed1 s\u1ea3n ph\u1ea9m K\u00edch th\u01b0\u1edbc: 23.8 inch T\u1ea5m n\u1ec1n: IPS \u0110\u1ed9 ph\u00e2n gi\u1ea3i: Full HD (1920x1080) T\u1ed1c \u0111\u1ed9 l\u00e0m m\u1edbi: 60Hz Th\u1eddi gian \u0111\u00e1p \u1ee9ng: 5ms\" \/>\n<meta property=\"og:url\" content=\"https:\/\/thanhphatpc.com\/en\/9018\/\" \/>\n<meta property=\"og:site_name\" content=\"ThanhPhat PC\" \/>\n<meta property=\"article:modified_time\" content=\"2021-10-12T07:09:07+00:00\" \/>\n<meta property=\"og:image\" content=\"https:\/\/thanhphatpc.com\/wp-content\/uploads\/2021\/07\/2.png\" \/>\n\t<meta property=\"og:image:width\" content=\"850\" \/>\n\t<meta property=\"og:image:height\" content=\"850\" \/>\n\t<meta property=\"og:image:type\" content=\"image\/png\" \/>\n<meta name=\"twitter:card\" content=\"summary_large_image\" \/>\n<meta name=\"twitter:label1\" content=\"Est. reading time\" \/>\n\t<meta name=\"twitter:data1\" content=\"2 minutes\" \/>\n<script type=\"application\/ld+json\" class=\"yoast-schema-graph\">{\"@context\":\"https:\/\/schema.org\",\"@graph\":[{\"@type\":\"WebPage\",\"@id\":\"https:\/\/thanhphatpc.com\/9018\/\",\"url\":\"https:\/\/thanhphatpc.com\/9018\/\",\"name\":\"M\u00e0n h\u00ecnh Dell E2420H (23.8inch\/FHD\/IPS\/60Hz\/8ms\/DP+VGA) - ThanhPhat PC\",\"isPartOf\":{\"@id\":\"https:\/\/thanhphatpc.com\/#website\"},\"primaryImageOfPage\":{\"@id\":\"https:\/\/thanhphatpc.com\/9018\/#primaryimage\"},\"image\":{\"@id\":\"https:\/\/thanhphatpc.com\/9018\/#primaryimage\"},\"thumbnailUrl\":\"https:\/\/thanhphatpc.com\/wp-content\/uploads\/2021\/07\/2.png\",\"datePublished\":\"2021-07-13T05:09:20+00:00\",\"dateModified\":\"2021-10-12T07:09:07+00:00\",\"breadcrumb\":{\"@id\":\"https:\/\/thanhphatpc.com\/9018\/#breadcrumb\"},\"inLanguage\":\"en-US\",\"potentialAction\":[{\"@type\":\"ReadAction\",\"target\":[\"https:\/\/thanhphatpc.com\/9018\/\"]}]},{\"@type\":\"ImageObject\",\"inLanguage\":\"en-US\",\"@id\":\"https:\/\/thanhphatpc.com\/9018\/#primaryimage\",\"url\":\"https:\/\/thanhphatpc.com\/wp-content\/uploads\/2021\/07\/2.png\",\"contentUrl\":\"https:\/\/thanhphatpc.com\/wp-content\/uploads\/2021\/07\/2.png\",\"width\":850,\"height\":850},{\"@type\":\"BreadcrumbList\",\"@id\":\"https:\/\/thanhphatpc.com\/9018\/#breadcrumb\",\"itemListElement\":[{\"@type\":\"ListItem\",\"position\":1,\"name\":\"Trang ch\u1ee7\",\"item\":\"https:\/\/thanhphatpc.com\/\"},{\"@type\":\"ListItem\",\"position\":2,\"name\":\"C\u1eeda h\u00e0ng\",\"item\":\"https:\/\/thanhphatpc.com\/cua-hang\/\"},{\"@type\":\"ListItem\",\"position\":3,\"name\":\"M\u00e0n h\u00ecnh Dell E2420H (23.8inch\/FHD\/IPS\/60Hz\/8ms\/DP+VGA)\"}]},{\"@type\":\"WebSite\",\"@id\":\"https:\/\/thanhphatpc.com\/#website\",\"url\":\"https:\/\/thanhphatpc.com\/\",\"name\":\"ThanhPhat PC\",\"description\":\"D\u1ecbch v\u1ee5 ho\u00e0n h\u1ea3o\",\"potentialAction\":[{\"@type\":\"SearchAction\",\"target\":{\"@type\":\"EntryPoint\",\"urlTemplate\":\"https:\/\/thanhphatpc.com\/?s={search_term_string}\"},\"query-input\":{\"@type\":\"PropertyValueSpecification\",\"valueRequired\":true,\"valueName\":\"search_term_string\"}}],\"inLanguage\":\"en-US\"}]}<\/script>\n<!-- \/ Yoast SEO plugin. -->","yoast_head_json":{"title":"M\u00e0n h\u00ecnh Dell E2420H (23.8inch\/FHD\/IPS\/60Hz\/8ms\/DP+VGA) - ThanhPhat PC","robots":{"index":"index","follow":"follow","max-snippet":"max-snippet:-1","max-image-preview":"max-image-preview:large","max-video-preview":"max-video-preview:-1"},"canonical":"https:\/\/thanhphatpc.com\/en\/9018\/","og_locale":"en_US","og_type":"article","og_title":"M\u00e0n h\u00ecnh Dell E2420H (23.8inch\/FHD\/IPS\/60Hz\/8ms\/DP+VGA) - ThanhPhat PC","og_description":"Th\u00f4ng s\u1ed1 s\u1ea3n ph\u1ea9m K\u00edch th\u01b0\u1edbc: 23.8 inch T\u1ea5m n\u1ec1n: IPS \u0110\u1ed9 ph\u00e2n gi\u1ea3i: Full HD (1920x1080) T\u1ed1c \u0111\u1ed9 l\u00e0m m\u1edbi: 60Hz Th\u1eddi gian \u0111\u00e1p \u1ee9ng: 5ms","og_url":"https:\/\/thanhphatpc.com\/en\/9018\/","og_site_name":"ThanhPhat PC","article_modified_time":"2021-10-12T07:09:07+00:00","og_image":[{"width":850,"height":850,"url":"https:\/\/thanhphatpc.com\/wp-content\/uploads\/2021\/07\/2.png","type":"image\/png"}],"twitter_card":"summary_large_image","twitter_misc":{"Est. reading time":"2 minutes"},"schema":{"@context":"https:\/\/schema.org","@graph":[{"@type":"WebPage","@id":"https:\/\/thanhphatpc.com\/9018\/","url":"https:\/\/thanhphatpc.com\/9018\/","name":"M\u00e0n h\u00ecnh Dell E2420H (23.8inch\/FHD\/IPS\/60Hz\/8ms\/DP+VGA) - ThanhPhat PC","isPartOf":{"@id":"https:\/\/thanhphatpc.com\/#website"},"primaryImageOfPage":{"@id":"https:\/\/thanhphatpc.com\/9018\/#primaryimage"},"image":{"@id":"https:\/\/thanhphatpc.com\/9018\/#primaryimage"},"thumbnailUrl":"https:\/\/thanhphatpc.com\/wp-content\/uploads\/2021\/07\/2.png","datePublished":"2021-07-13T05:09:20+00:00","dateModified":"2021-10-12T07:09:07+00:00","breadcrumb":{"@id":"https:\/\/thanhphatpc.com\/9018\/#breadcrumb"},"inLanguage":"en-US","potentialAction":[{"@type":"ReadAction","target":["https:\/\/thanhphatpc.com\/9018\/"]}]},{"@type":"ImageObject","inLanguage":"en-US","@id":"https:\/\/thanhphatpc.com\/9018\/#primaryimage","url":"https:\/\/thanhphatpc.com\/wp-content\/uploads\/2021\/07\/2.png","contentUrl":"https:\/\/thanhphatpc.com\/wp-content\/uploads\/2021\/07\/2.png","width":850,"height":850},{"@type":"BreadcrumbList","@id":"https:\/\/thanhphatpc.com\/9018\/#breadcrumb","itemListElement":[{"@type":"ListItem","position":1,"name":"Trang ch\u1ee7","item":"https:\/\/thanhphatpc.com\/"},{"@type":"ListItem","position":2,"name":"C\u1eeda h\u00e0ng","item":"https:\/\/thanhphatpc.com\/cua-hang\/"},{"@type":"ListItem","position":3,"name":"M\u00e0n h\u00ecnh Dell E2420H (23.8inch\/FHD\/IPS\/60Hz\/8ms\/DP+VGA)"}]},{"@type":"WebSite","@id":"https:\/\/thanhphatpc.com\/#website","url":"https:\/\/thanhphatpc.com\/","name":"ThanhPhat PC","description":"D\u1ecbch v\u1ee5 ho\u00e0n h\u1ea3o","potentialAction":[{"@type":"SearchAction","target":{"@type":"EntryPoint","urlTemplate":"https:\/\/thanhphatpc.com\/?s={search_term_string}"},"query-input":{"@type":"PropertyValueSpecification","valueRequired":true,"valueName":"search_term_string"}}],"inLanguage":"en-US"}]}},"_links":{"self":[{"href":"https:\/\/thanhphatpc.com\/en\/wp-json\/wp\/v2\/product\/9018","targetHints":{"allow":["GET"]}}],"collection":[{"href":"https:\/\/thanhphatpc.com\/en\/wp-json\/wp\/v2\/product"}],"about":[{"href":"https:\/\/thanhphatpc.com\/en\/wp-json\/wp\/v2\/types\/product"}],"replies":[{"embeddable":true,"href":"https:\/\/thanhphatpc.com\/en\/wp-json\/wp\/v2\/comments?post=9018"}],"wp:featuredmedia":[{"embeddable":true,"href":"https:\/\/thanhphatpc.com\/en\/wp-json\/wp\/v2\/media\/9020"}],"wp:attachment":[{"href":"https:\/\/thanhphatpc.com\/en\/wp-json\/wp\/v2\/media?parent=9018"}],"wp:term":[{"taxonomy":"product_cat","embeddable":true,"href":"https:\/\/thanhphatpc.com\/en\/wp-json\/wp\/v2\/product_cat?post=9018"},{"taxonomy":"product_tag","embeddable":true,"href":"https:\/\/thanhphatpc.com\/en\/wp-json\/wp\/v2\/product_tag?post=9018"}],"curies":[{"name":"wp","href":"https:\/\/api.w.org\/{rel}","templated":true}]}}