{"id":9052,"date":"2021-07-20T08:05:17","date_gmt":"2021-07-20T01:05:17","guid":{"rendered":"https:\/\/thanhphatpc.com\/?post_type=product&#038;p=9052"},"modified":"2021-07-20T08:05:17","modified_gmt":"2021-07-20T01:05:17","slug":"may-cham-cong-khuon-mat-ket-hop-do-than-nhiet-ai21s","status":"publish","type":"product","link":"https:\/\/thanhphatpc.com\/en\/may-cham-cong-khuon-mat-ket-hop-do-than-nhiet-ai21s\/","title":{"rendered":"M\u00e1y ch\u1ea5m c\u00f4ng khu\u00f4n m\u1eb7t k\u1ebft h\u1ee3p \u0111o th\u00e2n nhi\u1ec7t AI21S"},"content":{"rendered":"<h2>Gi\u1edbi thi\u1ec7u v\u1ec1 M\u00e1y ch\u1ea5m c\u00f4ng khu\u00f4n m\u1eb7t k\u1ebft h\u1ee3p \u0111o th\u00e2n nhi\u1ec7t AI21S<\/h2>\n<p><strong>M\u00e1y ch\u1ea5m c\u00f4ng khu\u00f4n m\u1eb7t AI<\/strong><strong>21S<\/strong><strong>\u00a0<\/strong>l\u00e0 s\u1ea3n ph\u1ea9m ch\u1ea5m c\u00f4ng c\u00f4ng ngh\u1ec7 hi\u1ec7n \u0111\u1ea1i m\u1edbi xu\u1ea5t hi\u1ec7n trong th\u1eddi gian g\u1ea7n \u0111\u00e2y. Ch\u00ednh v\u00ec v\u1eady n\u00f3 \u0111\u01b0\u1ee3c trang b\u1ecb h\u00e0ng lo\u1ea1t c\u00e1c t\u00ednh n\u0103ng n\u1ed5i b\u1eadt, kh\u00f4ng ch\u1ec9 gi\u00fap ch\u1ea5m c\u00f4ng nh\u00e2n vi\u00ean m\u00e0 c\u00f2n \u0111\u01b0\u1ee3c t\u00edch h\u1ee3p t\u00ednh n\u0103ng \u0111o th\u00e2n nhi\u1ec7t. T\u00ednh n\u0103ng n\u00e0y c\u00f3 \u00fd ngh\u0129a h\u1ebft s\u1ee9c quan tr\u1ecdng, \u0111\u1eb7c bi\u1ec7t l\u00e0 trong th\u1eddi \u0111i\u1ec3m d\u1ecbch COVID 19 b\u00f9ng ph\u00e1t m\u1ea1nh m\u1ebd nh\u01b0 hi\u1ec7n nay. V\u1edbi\u00a0<strong>AI<\/strong><strong>21S<\/strong>\u00a0kh\u00f4ng ch\u1ec9 ph\u1ea3i x\u00e1c minh khu\u00f4n m\u1eb7t h\u1ee3p l\u1ec7 m\u00e0 ng\u01b0\u1eddi d\u00f9ng c\u1ea7n \u0111\u1ea1t ch\u1ec9 s\u1ed1 nhi\u1ec7t \u0111\u1ed9 b\u00ecnh th\u01b0\u1eddng th\u00ec m\u1edbi c\u00f3 th\u1ec3 \u0111i qua.<\/p>\n<h2>*T\u00ednh N\u0103ng n\u1ed5i b\u1eadt thi\u1ebft b\u1ecb \u0111o nhi\u1ec7t \u0111\u1ed9 nh\u1eadn di\u1ec7n khu\u00f4n m\u1eb7t AI21S<\/h2>\n<ul>\n<li>Thi\u1ebft k\u1ebf tinh t\u1ebf sang tr\u1ecdng, thanh l\u1ecbch t\u1ea1o n\u00ean s\u1ef1 hi\u1ec7n \u0111\u1ea1i cho c\u00e1c \u0111\u01a1n v\u1ecb s\u1eed d\u1ee5ng<\/li>\n<li>S\u1eed d\u1ee5ng c\u00f4ng ngh\u1ec7 chi\u1ebfu tia h\u1ed3ng ngo\u1ea1i \u0111\u1ec3 qu\u00e9t c\u00e1c g\u00f3c \u0111\u1ed9 tr\u00ean khu\u00f4n m\u1eb7t t\u1ed1t h\u01a1n. Do \u0111\u00f3 s\u1ebd b\u1ea3o m\u1eadt v\u00e0 \u0111\u1ed9 an to\u00e0n cao.<\/li>\n<li>M\u1ee9c ti\u00eau th\u1ee5 n\u0103ng l\u01b0\u1ee3ng th\u1ea5p v\u00e0 th\u00e2n thi\u1ec7n b\u1ea3o v\u1ec7 m\u00f4i tr\u01b0\u1eddng<\/li>\n<li>Ch\u1ebf t\u1ea1o t\u1eeb nh\u1eefng nguy\u00ean v\u1eadt li\u1ec7u ch\u1eafc ch\u1eafn n\u00ean c\u00f3 \u0111\u1ed9 b\u1ec1n c\u01a1 h\u1ecdc l\u1edbn v\u00e0 tu\u1ed5i th\u1ecd theo th\u1eddi gian c\u0169ng t\u0103ng cao<\/li>\n<li>X\u00e1c minh b\u1eb1ng nhi\u1ec1u ph\u01b0\u01a1ng th\u1ee9c: Khu\u00f4n m\u1eb7t \/ Th\u1ebb \/ M\u1eadt kh\u1ea9u \/ V\u00e2n tay<\/li>\n<li>\u1ee8ng d\u1ee5ng thu\u1eadt to\u00e1n ch\u1ed1ng gi\u1ea3 m\u1ea1o ti\u00ean ti\u1ebfn. Nh\u1edd \u0111\u00f3 gi\u00fap ng\u0103n ch\u1eb7n c\u00e1c h\u00e0nh vi gi\u1ea3 m\u1ea1o b\u1eb1ng h\u00ecnh \u1ea3nh (laser, m\u00e0u v\u00e0 \u1ea3nh B \/ W), video v\u00e0 mask.<\/li>\n<li>M\u00e0n h\u00ecnh c\u1ea3m \u1ee9ng c\u1ef1c nh\u1ea1y v\u1edbi \u0111\u1ed9 ph\u00e2n gi\u1ea3i c\u1ee7a m\u00e0n h\u00ecnh cao<\/li>\n<li>L\u1ea5y d\u1eef li\u1ec7u th\u00f4ng tin nhanh qua c\u1ed5ng USB. Ho\u1eb7c c\u00f3 th\u1ec3 k\u1ebft n\u1ed1i v\u1edbi m\u00e1y t\u00ednh chuy\u00ean d\u1ee5ng.<\/li>\n<\/ul>\n<p>\u2022 Hi\u1ec3n th\u1ecb khu\u00f4n m\u1eb7t khi ch\u1ea5m c\u00f4ng v\u00e0 t\u00edch h\u1ee3p th\u00eamki\u1ec3m so\u00e1t c\u1eeda ra v\u00e0o<\/p>\n<ul>\n<li>Thi\u1ebft b\u1ecb ph\u00e1t hi\u1ec7n s\u1ed1t, nh\u1eadn d\u1ea1ng khu\u00f4n m\u1eb7t, ki\u1ec3m so\u00e1t c\u1eeda<\/li>\n<li>D\u1eef li\u1ec7u trong m\u00e1y kh\u00f4ng b\u1ecb m\u1ea5t khi x\u1ea3y ra c\u00e1c s\u1ef1 c\u1ed1 v\u1ec1 \u0111i\u1ec7n<\/li>\n<li><strong>Thi\u1ebft b\u1ecb c\u1ea3m bi\u1ebfn nhi\u1ec7t \u0111\u1ed9 b\u1eb1ng h\u00ecnh \u1ea3nh<\/strong><\/li>\n<li><strong>Ph\u00e1t hi\u1ec7n khu\u00f4n m\u1eb7t kh\u00f4ng \u0111eo kh\u1ea9u trang<\/strong><\/li>\n<li><strong>H\u00fa c\u00f2i khi nhi\u1ec7t \u0111\u1ed9 v\u01b0\u1ee3t m\u1ee9c cho ph\u00e9p<\/strong><\/li>\n<li>\u0110o nhi\u1ec7t \u0111\u1ed9 trong kho\u1ea3ng c\u00e1ch t\u1eeb 30cm \u0111\u1ebfn 120cm<\/li>\n<li>\u0110\u1ed9 ch\u00ednh x\u00e1c \u0111o nhi\u1ec7t \u0111\u1ed9: \u00b1 0,3 \u0111\u1ed9 C<\/li>\n<li>Ph\u1ea1m vi \u0111o nhi\u1ec7t \u0111\u1ed9 trong kho\u1ea3ng 20 \u0111\u1ed9C \u2013 50 \u0111\u1ed9C<\/li>\n<li><strong>Thi\u1ebft b\u1ecb c\u1ea3m bi\u1ebfn nhi\u1ec7t \u0111\u1ed9 b\u1eb1ng h\u00ecnh \u1ea3nh<\/strong><\/li>\n<li><strong>Ph\u00e1t hi\u1ec7n khu\u00f4n m\u1eb7t kh\u00f4ng \u0111eo kh\u1ea9u trang<\/strong><\/li>\n<li><strong>\u0110eo kh\u1ea9u trang \u0111\u1ec3 ch\u1ea5m c\u00f4ng, an to\u00e0n khi m\u00f9a d\u1ecbch<\/strong><\/li>\n<\/ul>\n<p><img loading=\"lazy\" decoding=\"async\" class=\"alignnone size-medium wp-image-9047 lazy-load-active\" src=\"https:\/\/thanhphatpc.com\/wp-content\/uploads\/2021\/07\/1-300x300.jpg\" alt=\"\" width=\"300\" height=\"300\" data-src=\"https:\/\/thanhphatpc.com\/wp-content\/uploads\/2021\/07\/1-300x300.jpg\" data-srcset=\"https:\/\/thanhphatpc.com\/wp-content\/uploads\/2021\/07\/1-300x300.jpg 300w, https:\/\/thanhphatpc.com\/wp-content\/uploads\/2021\/07\/1-150x150.jpg 150w, https:\/\/thanhphatpc.com\/wp-content\/uploads\/2021\/07\/1-768x768.jpg 768w, https:\/\/thanhphatpc.com\/wp-content\/uploads\/2021\/07\/1-510x510.jpg 510w, https:\/\/thanhphatpc.com\/wp-content\/uploads\/2021\/07\/1-100x100.jpg 100w, https:\/\/thanhphatpc.com\/wp-content\/uploads\/2021\/07\/1.jpg 1000w\" srcset=\"https:\/\/thanhphatpc.com\/wp-content\/uploads\/2021\/07\/1-300x300.jpg 300w, https:\/\/thanhphatpc.com\/wp-content\/uploads\/2021\/07\/1-100x100.jpg 100w, https:\/\/thanhphatpc.com\/wp-content\/uploads\/2021\/07\/1-510x510.jpg 510w, https:\/\/thanhphatpc.com\/wp-content\/uploads\/2021\/07\/1-150x150.jpg 150w, https:\/\/thanhphatpc.com\/wp-content\/uploads\/2021\/07\/1-768x768.jpg 768w, https:\/\/thanhphatpc.com\/wp-content\/uploads\/2021\/07\/1.jpg 1000w\" sizes=\"auto, (max-width: 300px) 100vw, 300px\" \/>\u00a0 \u00a0 \u00a0 \u00a0 \u00a0 \u00a0 \u00a0 \u00a0 \u00a0 \u00a0 \u00a0 \u00a0 \u00a0 \u00a0 \u00a0 \u00a0 \u00a0 \u00a0 \u00a0 \u00a0<img loading=\"lazy\" decoding=\"async\" class=\"alignnone size-medium wp-image-9048 lazy-load-active\" src=\"https:\/\/thanhphatpc.com\/wp-content\/uploads\/2021\/07\/2-161x300.jpg\" alt=\"\" width=\"161\" height=\"300\" data-src=\"https:\/\/thanhphatpc.com\/wp-content\/uploads\/2021\/07\/2-161x300.jpg\" data-srcset=\"https:\/\/thanhphatpc.com\/wp-content\/uploads\/2021\/07\/2-161x300.jpg 161w, https:\/\/thanhphatpc.com\/wp-content\/uploads\/2021\/07\/2-768x1427.jpg 768w, https:\/\/thanhphatpc.com\/wp-content\/uploads\/2021\/07\/2-551x1024.jpg 551w, https:\/\/thanhphatpc.com\/wp-content\/uploads\/2021\/07\/2-510x947.jpg 510w, https:\/\/thanhphatpc.com\/wp-content\/uploads\/2021\/07\/2.jpg 1378w\" srcset=\"https:\/\/thanhphatpc.com\/wp-content\/uploads\/2021\/07\/2-161x300.jpg 161w, https:\/\/thanhphatpc.com\/wp-content\/uploads\/2021\/07\/2-510x947.jpg 510w, https:\/\/thanhphatpc.com\/wp-content\/uploads\/2021\/07\/2-768x1427.jpg 768w, https:\/\/thanhphatpc.com\/wp-content\/uploads\/2021\/07\/2-551x1024.jpg 551w, https:\/\/thanhphatpc.com\/wp-content\/uploads\/2021\/07\/2.jpg 1378w\" sizes=\"auto, (max-width: 161px) 100vw, 161px\" \/><\/p>\n<h2>*Th\u00f4ng s\u1ed1 k\u1ef9 thu\u1eadt M\u00e1y Ch\u1ea5m C\u00f4ng Khu\u00f4n M\u1eb7t AI21S<\/h2>\n<ul>\n<li><strong>Ch\u1ee9c n\u0103ng WiFi<\/strong><\/li>\n<li>Th\u1eddi gian \u0111o: \u22640.2s<\/li>\n<li>Kho\u1ea3ng c\u00e1ch \u0111o: 30 \u2013 300cm<\/li>\n<li><strong>Dung l\u01b0\u1ee3ng khu\u00f4n m\u1eb7t:\u00a0<\/strong><strong>10<\/strong><strong>.000(1:N)<\/strong><\/li>\n<li><strong>Dung l\u01b0\u1ee3ng th\u1ebb: 5.000\u00a0<\/strong><\/li>\n<li><strong>B\u1ed9 nh\u1edb s\u1ef1 ki\u1ec7n: 500, 000<\/strong><\/li>\n<li>B\u1ed9 nh\u1edb: 512M RAM \/ 8G ROM<\/li>\n<li>Giao th\u1ee9c k\u1ebft n\u1ed1i: TCP\/IP, WIFI, RS485<\/li>\n<li>Ch\u1ee9c n\u0103ng chu\u1ea9n T9 Input, DST, Camera. M\u00e3 ng\u01b0\u1eddi d\u00f9ng 9 s\u1ed1, truy v\u1ea5n d\u1eef li\u1ec7u, Holiday, nhi\u1ec1u m\u1ee9c truy c\u1eadp, Groups, Anti-Passback, Holidays, B\u00e1o \u0111\u1ed9ng \u0111\u1eadp ph\u00e1. Nhi\u1ec1u ch\u1ebf \u0111\u1ed9 x\u00e1c th\u1ef1c<\/li>\n<li>Giao di\u1ec7n ki\u1ec3m so\u00e1t v\u00e0o ra: Kh\u00f3a, c\u1ea3m bi\u1ebfn, chu\u00f4ng b\u00e1o, n\u00fat b\u1ea5m m\u1edf c\u1eeda, Aux Input\/Output<\/li>\n<\/ul>\n<h2>*C\u00e1c Thi\u1ebft B\u1ecb c\u00f3 th\u1ec3 \u0110i K\u00e8m S\u1ea3n Ph\u1ea9m<\/h2>\n<ul>\n<li>B\u1ed9 chuy\u1ec3n \u0111\u1ed5i t\u00edn hi\u1ec7u.<\/li>\n<li>Ph\u1ea7n m\u1ec1m qu\u1ea3n l\u00fd chuy\u00ean d\u1ee5ng\u00a0<strong>Ronald Jack Pro AI \u2022<\/strong>\u00a0<strong>Ng\u00f4n ng\u1eef ti\u1ebfng Vi\u1ec7t<\/strong>xu\u1ea5t \u0111\u01b0\u1ee3c ra file Excel \u0111\u1ec3 b\u00e1o c\u00e1o<\/li>\n<li>B\u1ed9 n\u1ed1i d\u00e2y ngu\u1ed3n c\u00f4ng ngh\u1ec7.<\/li>\n<\/ul>\n<p>\u2022 C\u00e1c v\u1eadt t\u01b0 c\u00f4ng ngh\u1ec7 k\u00e8m theo kh\u00e1c.<\/p>","protected":false},"excerpt":{"rendered":"<p>\u2022 Hi\u1ec3n th\u1ecb khu\u00f4n m\u1eb7t khi ch\u1ea5m c\u00f4ng v\u00e0 t\u00edch h\u1ee3p th\u00eamki\u1ec3m so\u00e1t c\u1eeda ra v\u00e0o<\/p>\n<ul>\n<li>Thi\u1ebft b\u1ecb ph\u00e1t hi\u1ec7n s\u1ed1t, nh\u1eadn d\u1ea1ng khu\u00f4n m\u1eb7t, ki\u1ec3m so\u00e1t c\u1eeda<\/li>\n<li>D\u1eef li\u1ec7u trong m\u00e1y kh\u00f4ng b\u1ecb m\u1ea5t khi x\u1ea3y ra c\u00e1c s\u1ef1 c\u1ed1 v\u1ec1 \u0111i\u1ec7n<\/li>\n<li><strong>Thi\u1ebft b\u1ecb c\u1ea3m bi\u1ebfn nhi\u1ec7t \u0111\u1ed9 b\u1eb1ng h\u00ecnh \u1ea3nh<\/strong><\/li>\n<li><strong>Ph\u00e1t hi\u1ec7n khu\u00f4n m\u1eb7t kh\u00f4ng \u0111eo kh\u1ea9u trang<\/strong><\/li>\n<li><strong>H\u00fa c\u00f2i khi nhi\u1ec7t \u0111\u1ed9 v\u01b0\u1ee3t m\u1ee9c cho ph\u00e9p<\/strong><\/li>\n<li>\u0110o nhi\u1ec7t \u0111\u1ed9 trong kho\u1ea3ng c\u00e1ch t\u1eeb 30cm \u0111\u1ebfn 120cm<\/li>\n<li>\u0110\u1ed9 ch\u00ednh x\u00e1c \u0111o nhi\u1ec7t \u0111\u1ed9: \u00b1 0,3 \u0111\u1ed9 C<\/li>\n<li>Ph\u1ea1m vi \u0111o nhi\u1ec7t \u0111\u1ed9 trong kho\u1ea3ng 20 \u0111\u1ed9C \u2013 50 \u0111\u1ed9C<\/li>\n<li><strong>Thi\u1ebft b\u1ecb c\u1ea3m bi\u1ebfn nhi\u1ec7t \u0111\u1ed9 b\u1eb1ng h\u00ecnh \u1ea3nh<\/strong><\/li>\n<li><strong>Ph\u00e1t hi\u1ec7n khu\u00f4n m\u1eb7t kh\u00f4ng \u0111eo kh\u1ea9u trang<\/strong><\/li>\n<li><strong>\u0110eo kh\u1ea9u trang \u0111\u1ec3 ch\u1ea5m c\u00f4ng, an to\u00e0n khi m\u00f9a d\u1ecbch<\/strong><\/li>\n<\/ul>","protected":false},"featured_media":9047,"comment_status":"open","ping_status":"closed","template":"","meta":{"_acf_changed":false},"product_cat":[437],"product_tag":[],"class_list":{"0":"post-9052","1":"product","2":"type-product","3":"status-publish","4":"has-post-thumbnail","6":"product_cat-may-cham-cong","8":"first","9":"instock","10":"sale","11":"shipping-taxable","12":"purchasable","13":"product-type-simple"},"acf":[],"yoast_head":"<!-- This site is optimized with the Yoast SEO plugin v23.8 - https:\/\/yoast.com\/wordpress\/plugins\/seo\/ -->\n<title>M\u00e1y ch\u1ea5m c\u00f4ng khu\u00f4n m\u1eb7t k\u1ebft h\u1ee3p \u0111o th\u00e2n nhi\u1ec7t AI21S - ThanhPhat PC<\/title>\n<meta name=\"robots\" content=\"index, follow, max-snippet:-1, max-image-preview:large, max-video-preview:-1\" \/>\n<link rel=\"canonical\" href=\"https:\/\/thanhphatpc.com\/en\/may-cham-cong-khuon-mat-ket-hop-do-than-nhiet-ai21s\/\" \/>\n<meta property=\"og:locale\" content=\"en_US\" \/>\n<meta property=\"og:type\" content=\"article\" \/>\n<meta property=\"og:title\" content=\"M\u00e1y ch\u1ea5m c\u00f4ng khu\u00f4n m\u1eb7t k\u1ebft h\u1ee3p \u0111o th\u00e2n nhi\u1ec7t AI21S - ThanhPhat PC\" \/>\n<meta property=\"og:description\" content=\"\u2022 Hi\u1ec3n th\u1ecb khu\u00f4n m\u1eb7t khi ch\u1ea5m c\u00f4ng v\u00e0 t\u00edch h\u1ee3p th\u00eamki\u1ec3m so\u00e1t c\u1eeda ra v\u00e0o   Thi\u1ebft b\u1ecb ph\u00e1t hi\u1ec7n s\u1ed1t, nh\u1eadn d\u1ea1ng khu\u00f4n m\u1eb7t, ki\u1ec3m so\u00e1t c\u1eeda  D\u1eef li\u1ec7u trong m\u00e1y kh\u00f4ng b\u1ecb m\u1ea5t khi x\u1ea3y ra c\u00e1c s\u1ef1 c\u1ed1 v\u1ec1 \u0111i\u1ec7n  Thi\u1ebft b\u1ecb c\u1ea3m bi\u1ebfn nhi\u1ec7t \u0111\u1ed9 b\u1eb1ng h\u00ecnh \u1ea3nh  Ph\u00e1t hi\u1ec7n khu\u00f4n m\u1eb7t kh\u00f4ng \u0111eo kh\u1ea9u trang  H\u00fa c\u00f2i khi nhi\u1ec7t \u0111\u1ed9 v\u01b0\u1ee3t m\u1ee9c cho ph\u00e9p  \u0110o nhi\u1ec7t \u0111\u1ed9 trong kho\u1ea3ng c\u00e1ch t\u1eeb 30cm \u0111\u1ebfn 120cm  \u0110\u1ed9 ch\u00ednh x\u00e1c \u0111o nhi\u1ec7t \u0111\u1ed9: \u00b1 0,3 \u0111\u1ed9 C  Ph\u1ea1m vi \u0111o nhi\u1ec7t \u0111\u1ed9 trong kho\u1ea3ng 20 \u0111\u1ed9C \u2013 50 \u0111\u1ed9C  Thi\u1ebft b\u1ecb c\u1ea3m bi\u1ebfn nhi\u1ec7t \u0111\u1ed9 b\u1eb1ng h\u00ecnh \u1ea3nh  Ph\u00e1t hi\u1ec7n khu\u00f4n m\u1eb7t kh\u00f4ng \u0111eo kh\u1ea9u trang  \u0110eo kh\u1ea9u trang \u0111\u1ec3 ch\u1ea5m c\u00f4ng, an to\u00e0n khi m\u00f9a d\u1ecbch\" \/>\n<meta property=\"og:url\" content=\"https:\/\/thanhphatpc.com\/en\/may-cham-cong-khuon-mat-ket-hop-do-than-nhiet-ai21s\/\" \/>\n<meta property=\"og:site_name\" content=\"ThanhPhat PC\" \/>\n<meta property=\"og:image\" content=\"https:\/\/thanhphatpc.com\/wp-content\/uploads\/2021\/07\/1.jpg\" \/>\n\t<meta property=\"og:image:width\" content=\"1000\" \/>\n\t<meta property=\"og:image:height\" content=\"1000\" \/>\n\t<meta property=\"og:image:type\" content=\"image\/jpeg\" \/>\n<meta name=\"twitter:card\" content=\"summary_large_image\" \/>\n<meta name=\"twitter:label1\" content=\"Est. reading time\" \/>\n\t<meta name=\"twitter:data1\" content=\"4 minutes\" \/>\n<script type=\"application\/ld+json\" class=\"yoast-schema-graph\">{\"@context\":\"https:\/\/schema.org\",\"@graph\":[{\"@type\":\"WebPage\",\"@id\":\"https:\/\/thanhphatpc.com\/may-cham-cong-khuon-mat-ket-hop-do-than-nhiet-ai21s\/\",\"url\":\"https:\/\/thanhphatpc.com\/may-cham-cong-khuon-mat-ket-hop-do-than-nhiet-ai21s\/\",\"name\":\"M\u00e1y ch\u1ea5m c\u00f4ng khu\u00f4n m\u1eb7t k\u1ebft h\u1ee3p \u0111o th\u00e2n nhi\u1ec7t AI21S - ThanhPhat PC\",\"isPartOf\":{\"@id\":\"https:\/\/thanhphatpc.com\/#website\"},\"primaryImageOfPage\":{\"@id\":\"https:\/\/thanhphatpc.com\/may-cham-cong-khuon-mat-ket-hop-do-than-nhiet-ai21s\/#primaryimage\"},\"image\":{\"@id\":\"https:\/\/thanhphatpc.com\/may-cham-cong-khuon-mat-ket-hop-do-than-nhiet-ai21s\/#primaryimage\"},\"thumbnailUrl\":\"https:\/\/thanhphatpc.com\/wp-content\/uploads\/2021\/07\/1.jpg\",\"datePublished\":\"2021-07-20T01:05:17+00:00\",\"dateModified\":\"2021-07-20T01:05:17+00:00\",\"breadcrumb\":{\"@id\":\"https:\/\/thanhphatpc.com\/may-cham-cong-khuon-mat-ket-hop-do-than-nhiet-ai21s\/#breadcrumb\"},\"inLanguage\":\"en-US\",\"potentialAction\":[{\"@type\":\"ReadAction\",\"target\":[\"https:\/\/thanhphatpc.com\/may-cham-cong-khuon-mat-ket-hop-do-than-nhiet-ai21s\/\"]}]},{\"@type\":\"ImageObject\",\"inLanguage\":\"en-US\",\"@id\":\"https:\/\/thanhphatpc.com\/may-cham-cong-khuon-mat-ket-hop-do-than-nhiet-ai21s\/#primaryimage\",\"url\":\"https:\/\/thanhphatpc.com\/wp-content\/uploads\/2021\/07\/1.jpg\",\"contentUrl\":\"https:\/\/thanhphatpc.com\/wp-content\/uploads\/2021\/07\/1.jpg\",\"width\":1000,\"height\":1000},{\"@type\":\"BreadcrumbList\",\"@id\":\"https:\/\/thanhphatpc.com\/may-cham-cong-khuon-mat-ket-hop-do-than-nhiet-ai21s\/#breadcrumb\",\"itemListElement\":[{\"@type\":\"ListItem\",\"position\":1,\"name\":\"Trang ch\u1ee7\",\"item\":\"https:\/\/thanhphatpc.com\/\"},{\"@type\":\"ListItem\",\"position\":2,\"name\":\"C\u1eeda h\u00e0ng\",\"item\":\"https:\/\/thanhphatpc.com\/cua-hang\/\"},{\"@type\":\"ListItem\",\"position\":3,\"name\":\"M\u00e1y ch\u1ea5m c\u00f4ng khu\u00f4n m\u1eb7t k\u1ebft h\u1ee3p \u0111o th\u00e2n nhi\u1ec7t AI21S\"}]},{\"@type\":\"WebSite\",\"@id\":\"https:\/\/thanhphatpc.com\/#website\",\"url\":\"https:\/\/thanhphatpc.com\/\",\"name\":\"ThanhPhat PC\",\"description\":\"D\u1ecbch v\u1ee5 ho\u00e0n h\u1ea3o\",\"potentialAction\":[{\"@type\":\"SearchAction\",\"target\":{\"@type\":\"EntryPoint\",\"urlTemplate\":\"https:\/\/thanhphatpc.com\/?s={search_term_string}\"},\"query-input\":{\"@type\":\"PropertyValueSpecification\",\"valueRequired\":true,\"valueName\":\"search_term_string\"}}],\"inLanguage\":\"en-US\"}]}<\/script>\n<!-- \/ Yoast SEO plugin. -->","yoast_head_json":{"title":"M\u00e1y ch\u1ea5m c\u00f4ng khu\u00f4n m\u1eb7t k\u1ebft h\u1ee3p \u0111o th\u00e2n nhi\u1ec7t AI21S - ThanhPhat PC","robots":{"index":"index","follow":"follow","max-snippet":"max-snippet:-1","max-image-preview":"max-image-preview:large","max-video-preview":"max-video-preview:-1"},"canonical":"https:\/\/thanhphatpc.com\/en\/may-cham-cong-khuon-mat-ket-hop-do-than-nhiet-ai21s\/","og_locale":"en_US","og_type":"article","og_title":"M\u00e1y ch\u1ea5m c\u00f4ng khu\u00f4n m\u1eb7t k\u1ebft h\u1ee3p \u0111o th\u00e2n nhi\u1ec7t AI21S - ThanhPhat PC","og_description":"\u2022 Hi\u1ec3n th\u1ecb khu\u00f4n m\u1eb7t khi ch\u1ea5m c\u00f4ng v\u00e0 t\u00edch h\u1ee3p th\u00eamki\u1ec3m so\u00e1t c\u1eeda ra v\u00e0o   Thi\u1ebft b\u1ecb ph\u00e1t hi\u1ec7n s\u1ed1t, nh\u1eadn d\u1ea1ng khu\u00f4n m\u1eb7t, ki\u1ec3m so\u00e1t c\u1eeda  D\u1eef li\u1ec7u trong m\u00e1y kh\u00f4ng b\u1ecb m\u1ea5t khi x\u1ea3y ra c\u00e1c s\u1ef1 c\u1ed1 v\u1ec1 \u0111i\u1ec7n  Thi\u1ebft b\u1ecb c\u1ea3m bi\u1ebfn nhi\u1ec7t \u0111\u1ed9 b\u1eb1ng h\u00ecnh \u1ea3nh  Ph\u00e1t hi\u1ec7n khu\u00f4n m\u1eb7t kh\u00f4ng \u0111eo kh\u1ea9u trang  H\u00fa c\u00f2i khi nhi\u1ec7t \u0111\u1ed9 v\u01b0\u1ee3t m\u1ee9c cho ph\u00e9p  \u0110o nhi\u1ec7t \u0111\u1ed9 trong kho\u1ea3ng c\u00e1ch t\u1eeb 30cm \u0111\u1ebfn 120cm  \u0110\u1ed9 ch\u00ednh x\u00e1c \u0111o nhi\u1ec7t \u0111\u1ed9: \u00b1 0,3 \u0111\u1ed9 C  Ph\u1ea1m vi \u0111o nhi\u1ec7t \u0111\u1ed9 trong kho\u1ea3ng 20 \u0111\u1ed9C \u2013 50 \u0111\u1ed9C  Thi\u1ebft b\u1ecb c\u1ea3m bi\u1ebfn nhi\u1ec7t \u0111\u1ed9 b\u1eb1ng h\u00ecnh \u1ea3nh  Ph\u00e1t hi\u1ec7n khu\u00f4n m\u1eb7t kh\u00f4ng \u0111eo kh\u1ea9u trang  \u0110eo kh\u1ea9u trang \u0111\u1ec3 ch\u1ea5m c\u00f4ng, an to\u00e0n khi m\u00f9a d\u1ecbch","og_url":"https:\/\/thanhphatpc.com\/en\/may-cham-cong-khuon-mat-ket-hop-do-than-nhiet-ai21s\/","og_site_name":"ThanhPhat PC","og_image":[{"width":1000,"height":1000,"url":"https:\/\/thanhphatpc.com\/wp-content\/uploads\/2021\/07\/1.jpg","type":"image\/jpeg"}],"twitter_card":"summary_large_image","twitter_misc":{"Est. reading time":"4 minutes"},"schema":{"@context":"https:\/\/schema.org","@graph":[{"@type":"WebPage","@id":"https:\/\/thanhphatpc.com\/may-cham-cong-khuon-mat-ket-hop-do-than-nhiet-ai21s\/","url":"https:\/\/thanhphatpc.com\/may-cham-cong-khuon-mat-ket-hop-do-than-nhiet-ai21s\/","name":"M\u00e1y ch\u1ea5m c\u00f4ng khu\u00f4n m\u1eb7t k\u1ebft h\u1ee3p \u0111o th\u00e2n nhi\u1ec7t AI21S - ThanhPhat PC","isPartOf":{"@id":"https:\/\/thanhphatpc.com\/#website"},"primaryImageOfPage":{"@id":"https:\/\/thanhphatpc.com\/may-cham-cong-khuon-mat-ket-hop-do-than-nhiet-ai21s\/#primaryimage"},"image":{"@id":"https:\/\/thanhphatpc.com\/may-cham-cong-khuon-mat-ket-hop-do-than-nhiet-ai21s\/#primaryimage"},"thumbnailUrl":"https:\/\/thanhphatpc.com\/wp-content\/uploads\/2021\/07\/1.jpg","datePublished":"2021-07-20T01:05:17+00:00","dateModified":"2021-07-20T01:05:17+00:00","breadcrumb":{"@id":"https:\/\/thanhphatpc.com\/may-cham-cong-khuon-mat-ket-hop-do-than-nhiet-ai21s\/#breadcrumb"},"inLanguage":"en-US","potentialAction":[{"@type":"ReadAction","target":["https:\/\/thanhphatpc.com\/may-cham-cong-khuon-mat-ket-hop-do-than-nhiet-ai21s\/"]}]},{"@type":"ImageObject","inLanguage":"en-US","@id":"https:\/\/thanhphatpc.com\/may-cham-cong-khuon-mat-ket-hop-do-than-nhiet-ai21s\/#primaryimage","url":"https:\/\/thanhphatpc.com\/wp-content\/uploads\/2021\/07\/1.jpg","contentUrl":"https:\/\/thanhphatpc.com\/wp-content\/uploads\/2021\/07\/1.jpg","width":1000,"height":1000},{"@type":"BreadcrumbList","@id":"https:\/\/thanhphatpc.com\/may-cham-cong-khuon-mat-ket-hop-do-than-nhiet-ai21s\/#breadcrumb","itemListElement":[{"@type":"ListItem","position":1,"name":"Trang ch\u1ee7","item":"https:\/\/thanhphatpc.com\/"},{"@type":"ListItem","position":2,"name":"C\u1eeda h\u00e0ng","item":"https:\/\/thanhphatpc.com\/cua-hang\/"},{"@type":"ListItem","position":3,"name":"M\u00e1y ch\u1ea5m c\u00f4ng khu\u00f4n m\u1eb7t k\u1ebft h\u1ee3p \u0111o th\u00e2n nhi\u1ec7t AI21S"}]},{"@type":"WebSite","@id":"https:\/\/thanhphatpc.com\/#website","url":"https:\/\/thanhphatpc.com\/","name":"ThanhPhat PC","description":"D\u1ecbch v\u1ee5 ho\u00e0n h\u1ea3o","potentialAction":[{"@type":"SearchAction","target":{"@type":"EntryPoint","urlTemplate":"https:\/\/thanhphatpc.com\/?s={search_term_string}"},"query-input":{"@type":"PropertyValueSpecification","valueRequired":true,"valueName":"search_term_string"}}],"inLanguage":"en-US"}]}},"_links":{"self":[{"href":"https:\/\/thanhphatpc.com\/en\/wp-json\/wp\/v2\/product\/9052","targetHints":{"allow":["GET"]}}],"collection":[{"href":"https:\/\/thanhphatpc.com\/en\/wp-json\/wp\/v2\/product"}],"about":[{"href":"https:\/\/thanhphatpc.com\/en\/wp-json\/wp\/v2\/types\/product"}],"replies":[{"embeddable":true,"href":"https:\/\/thanhphatpc.com\/en\/wp-json\/wp\/v2\/comments?post=9052"}],"wp:featuredmedia":[{"embeddable":true,"href":"https:\/\/thanhphatpc.com\/en\/wp-json\/wp\/v2\/media\/9047"}],"wp:attachment":[{"href":"https:\/\/thanhphatpc.com\/en\/wp-json\/wp\/v2\/media?parent=9052"}],"wp:term":[{"taxonomy":"product_cat","embeddable":true,"href":"https:\/\/thanhphatpc.com\/en\/wp-json\/wp\/v2\/product_cat?post=9052"},{"taxonomy":"product_tag","embeddable":true,"href":"https:\/\/thanhphatpc.com\/en\/wp-json\/wp\/v2\/product_tag?post=9052"}],"curies":[{"name":"wp","href":"https:\/\/api.w.org\/{rel}","templated":true}]}}