{"id":9059,"date":"2021-07-22T17:28:37","date_gmt":"2021-07-22T10:28:37","guid":{"rendered":"https:\/\/thanhphatpc.com\/?post_type=product&#038;p=9059"},"modified":"2021-07-22T17:28:37","modified_gmt":"2021-07-22T10:28:37","slug":"may-dem-tien-balion-nh-208","status":"publish","type":"product","link":"https:\/\/thanhphatpc.com\/en\/may-dem-tien-balion-nh-208\/","title":{"rendered":"M\u00e1y \u0111\u1ebfm ti\u1ec1n BALION NH-208"},"content":{"rendered":"<h3 style=\"font-weight: 500\">M\u00e1y \u0111\u00ea\u0301m ti\u00ea\u0300n BALION NH-208 c\u00f3 m\u00e0u s\u1eafc trang nh\u00e3, ki\u1ec3u d\u00e1ng c\u00f4ng nghi\u1ec7p hi\u1ec7n \u0111\u1ea1i, k\u1ebft c\u1ea5u h\u1ee3p l\u00fd d\u1ec5 v\u1eadn h\u00e0nh, th\u1eddi gian b\u1ea3o h\u00e0nh d\u00e0i h\u1ea1n, gi\u00e1 r\u1ebb. V\u1edbi ki\u1ec3u d\u00e1ng m\u00e1y \u0111\u1ee9ng gi\u00fap ti\u1ebft ki\u1ec7m di\u1ec7n t\u00edch \u0111\u1eb7t m\u00e1y. \u0110\u00e2y l\u00e0 c\u1ea3i ti\u1ebfn m\u1edbi c\u1ee7a Balion. V\u1edbi k\u00edch th\u01b0\u1edbc nh\u1ecf g\u1ecdn c\u00f3 th\u1ec3 d\u1ec5 d\u00e0ng \u0111\u1eb7t tr\u00ean c\u00e1c qu\u1ea7y thu ng\u00e2n, tr\u00ean b\u00e0n m\u00e0 ko h\u1ec1 g\u00e2y phi\u1ec1n h\u00e0 cho ng\u01b0\u1eddi d\u00f9ng.<\/h3>\n<h3 style=\"font-weight: 500\">M\u00e1y \u0111\u01b0\u1ee3c thi\u1ebft k\u1ebf ba m\u1eb7t s\u1ed1, hai m\u1eb7t s\u1ed1 tr\u00ean th\u00e2n m\u00e1y v\u00e0 m\u1ed9t m\u1eb7t s\u1ed1 k\u00e9o d\u00e0i l\u00e0m t\u0103ng t\u00ednh ti\u1ec7n d\u1ee5ng cho ng\u01b0\u1eddi s\u1eed d\u1ee5ng. R\u1ea5t ph\u00f9 h\u1ee3p cho c\u00e1c ng\u00e2n h\u00e0ng ho\u0103\u0323c c\u00e1c n\u01a1i thu ng\u00e2n. Ng\u01b0\u1eddi d\u00f9ng ch\u1ec9 c\u1ea7n \u0111\u1ec3 m\u00e1y \u1edf qu\u1ea7y v\u00e0 k\u00e9o m\u1eb7t s\u1ed1 k\u00e9o d\u00e0i l\u00ean v\u00e0 \u0111\u1ebfm ti\u1ec1n. Kh\u00e1ch h\u00e0ng v\u1eeba nh\u00ecn \u0111\u01b0\u1ee3c s\u1ed1 l\u01b0\u1ee3ng ti\u1ec1n \u0111\u1ebfm v\u1eeba \u0111\u1ea3m b\u1ea3o an to\u00e0n cho ng\u01b0\u1eddi \u0111\u1ebfm ti\u1ec1n.<\/h3>\n<h3 style=\"font-weight: 500\">Th\u00f4ng s\u00f4\u0301 ky\u0303 thu\u00e2\u0323t:<\/h3>\n<h3 style=\"font-weight: 500\">&#8211; Ki\u1ec3u\u00a0 d\u00e1ng: \u0111\u1ee9ng<\/h3>\n<h3 style=\"font-weight: 500\">&#8211; \u1ea4n \u0111\u1ecbnh s\u1ed1, \u0111\u1ebfm c\u1ed9ng d\u1ed3n<\/h3>\n<h3 style=\"font-weight: 500\">&#8211; Hi\u1ec3n th\u1ecb 3 m\u00e0n h\u00ecnh Led,c\u00f3\u00a0 m\u1eb7t s\u1ed1 k\u00e9o d\u00e0i<\/h3>\n<h3 style=\"font-weight: 500\">&#8211; T\u1ed1c \u0111\u1ed9 \u0111\u1ebfm: 1.000t\u1edd\/ph\u00fat<\/h3>\n<h3 style=\"font-weight: 500\">&#8211; \u0110i\u1ec7n ngu\u1ed3n: 220V- 50Hz, c\u00f4ng su\u1ea5t: 60W<\/h3>\n<h3 style=\"font-weight: 500\">&#8211; Tr\u1ecdng l\u01b0\u1ee3ng: 7.5 Kg<\/h3>\n<h3 style=\"font-weight: 500\">&#8211; M\u00e1y \u0111\u1ebfm ti\u1ec1n t\u1ef1 \u0111\u1ed9ng, m\u00e1y \u0111\u1ebfm th\u00f4ng th\u01b0\u1eddng<\/h3>\n<h3 style=\"font-weight: 500\">&#8211; Lo\u1ea1i ti\u1ec1n \u0111\u1ebfm: Cotton, ti\u1ec1n Polyme, Ngo\u1ea1i t\u1ec7 USD, EURO ..<\/h3>\n<h3 style=\"font-weight: 500\">&#8211; Ph\u1ea1m vi s\u1ed1 \u0111\u1ebfm: 0 &#8211; 999<\/h3>\n<h3 style=\"font-weight: 500\">&#8211; K\u00edch th\u01b0\u1edbc: 355 x 295 x 248 mm<\/h3>\n<h3 style=\"font-weight: 500\">&#8211; Xu\u00e2\u0301t x\u01b0\u0301: Trung Qu\u00f4\u0301c<\/h3>\n<h3 style=\"font-weight: 500\">&#8211; Ba\u0309o ha\u0300nh: 12 tha\u0301ng<\/h3>","protected":false},"excerpt":{"rendered":"<h3>Gi\u00e1 tr\u00ean ch\u01b0a bao g\u1ed3m VAT 10%<\/h3>\n<h3 style=\"font-weight: 500\">Th\u00f4ng s\u00f4\u0301 ky\u0303 thu\u00e2\u0323t:<\/h3>\n<h3 style=\"font-weight: 500\">&#8211; Ki\u1ec3u\u00a0 d\u00e1ng: \u0111\u1ee9ng<\/h3>\n<h3 style=\"font-weight: 500\">&#8211; \u1ea4n \u0111\u1ecbnh s\u1ed1, \u0111\u1ebfm c\u1ed9ng d\u1ed3n<\/h3>\n<h3 style=\"font-weight: 500\">&#8211; Hi\u1ec3n th\u1ecb 3 m\u00e0n h\u00ecnh Led,c\u00f3\u00a0 m\u1eb7t s\u1ed1 k\u00e9o d\u00e0i<\/h3>\n<h3 style=\"font-weight: 500\">&#8211; T\u1ed1c \u0111\u1ed9 \u0111\u1ebfm: 1.000t\u1edd\/ph\u00fat<\/h3>\n<h3 style=\"font-weight: 500\">&#8211; \u0110i\u1ec7n ngu\u1ed3n: 220V- 50Hz, c\u00f4ng su\u1ea5t: 60W<\/h3>\n<h3 style=\"font-weight: 500\">&#8211; Tr\u1ecdng l\u01b0\u1ee3ng: 7.5 Kg<\/h3>\n<h3 style=\"font-weight: 500\">&#8211; M\u00e1y \u0111\u1ebfm ti\u1ec1n t\u1ef1 \u0111\u1ed9ng, m\u00e1y \u0111\u1ebfm th\u00f4ng th\u01b0\u1eddng<\/h3>\n<h3 style=\"font-weight: 500\">&#8211; Lo\u1ea1i ti\u1ec1n \u0111\u1ebfm: Cotton, ti\u1ec1n Polyme, Ngo\u1ea1i t\u1ec7 USD, EURO ..<\/h3>\n<h3 style=\"font-weight: 500\">&#8211; Ph\u1ea1m vi s\u1ed1 \u0111\u1ebfm: 0 &#8211; 999<\/h3>\n<h3 style=\"font-weight: 500\">&#8211; K\u00edch th\u01b0\u1edbc: 355 x 295 x 248 mm<\/h3>\n<h3 style=\"font-weight: 500\">&#8211; Xu\u00e2\u0301t x\u01b0\u0301: Trung Qu\u00f4\u0301c<\/h3>","protected":false},"featured_media":9061,"comment_status":"open","ping_status":"closed","template":"","meta":{"_acf_changed":false},"product_cat":[2413],"product_tag":[2414],"class_list":{"0":"post-9059","1":"product","2":"type-product","3":"status-publish","4":"has-post-thumbnail","6":"product_cat-may-dem-tien","7":"product_tag-may-dem-tien-hai-duong","9":"first","10":"instock","11":"sale","12":"shipping-taxable","13":"purchasable","14":"product-type-simple"},"acf":[],"yoast_head":"<!-- This site is optimized with the Yoast SEO plugin v23.8 - https:\/\/yoast.com\/wordpress\/plugins\/seo\/ -->\n<title>M\u00e1y \u0111\u1ebfm ti\u1ec1n BALION NH-208 - ThanhPhat PC<\/title>\n<meta name=\"robots\" content=\"index, follow, max-snippet:-1, max-image-preview:large, max-video-preview:-1\" \/>\n<link rel=\"canonical\" href=\"https:\/\/thanhphatpc.com\/en\/may-dem-tien-balion-nh-208\/\" \/>\n<meta property=\"og:locale\" content=\"en_US\" \/>\n<meta property=\"og:type\" content=\"article\" \/>\n<meta property=\"og:title\" content=\"M\u00e1y \u0111\u1ebfm ti\u1ec1n BALION NH-208 - ThanhPhat PC\" \/>\n<meta property=\"og:description\" content=\"Gi\u00e1 tr\u00ean ch\u01b0a bao g\u1ed3m VAT 10% Th\u00f4ng s\u00f4\u0301 ky\u0303 thu\u00e2\u0323t: - Ki\u1ec3u\u00a0 d\u00e1ng: \u0111\u1ee9ng - \u1ea4n \u0111\u1ecbnh s\u1ed1, \u0111\u1ebfm c\u1ed9ng d\u1ed3n - Hi\u1ec3n th\u1ecb 3 m\u00e0n h\u00ecnh Led,c\u00f3\u00a0 m\u1eb7t s\u1ed1 k\u00e9o d\u00e0i - T\u1ed1c \u0111\u1ed9 \u0111\u1ebfm: 1.000t\u1edd\/ph\u00fat - \u0110i\u1ec7n ngu\u1ed3n: 220V- 50Hz, c\u00f4ng su\u1ea5t: 60W - Tr\u1ecdng l\u01b0\u1ee3ng: 7.5 Kg - M\u00e1y \u0111\u1ebfm ti\u1ec1n t\u1ef1 \u0111\u1ed9ng, m\u00e1y \u0111\u1ebfm th\u00f4ng th\u01b0\u1eddng - Lo\u1ea1i ti\u1ec1n \u0111\u1ebfm: Cotton, ti\u1ec1n Polyme, Ngo\u1ea1i t\u1ec7 USD, EURO .. - Ph\u1ea1m vi s\u1ed1 \u0111\u1ebfm: 0 - 999 - K\u00edch th\u01b0\u1edbc: 355 x 295 x 248 mm - Xu\u00e2\u0301t x\u01b0\u0301: Trung Qu\u00f4\u0301c\" \/>\n<meta property=\"og:url\" content=\"https:\/\/thanhphatpc.com\/en\/may-dem-tien-balion-nh-208\/\" \/>\n<meta property=\"og:site_name\" content=\"ThanhPhat PC\" \/>\n<meta property=\"og:image\" content=\"https:\/\/thanhphatpc.com\/wp-content\/uploads\/2021\/07\/208.png\" \/>\n\t<meta property=\"og:image:width\" content=\"470\" \/>\n\t<meta property=\"og:image:height\" content=\"510\" \/>\n\t<meta property=\"og:image:type\" content=\"image\/png\" \/>\n<meta name=\"twitter:card\" content=\"summary_large_image\" \/>\n<meta name=\"twitter:label1\" content=\"Est. reading time\" \/>\n\t<meta name=\"twitter:data1\" content=\"2 minutes\" \/>\n<script type=\"application\/ld+json\" class=\"yoast-schema-graph\">{\"@context\":\"https:\/\/schema.org\",\"@graph\":[{\"@type\":\"WebPage\",\"@id\":\"https:\/\/thanhphatpc.com\/may-dem-tien-balion-nh-208\/\",\"url\":\"https:\/\/thanhphatpc.com\/may-dem-tien-balion-nh-208\/\",\"name\":\"M\u00e1y \u0111\u1ebfm ti\u1ec1n BALION NH-208 - ThanhPhat PC\",\"isPartOf\":{\"@id\":\"https:\/\/thanhphatpc.com\/#website\"},\"primaryImageOfPage\":{\"@id\":\"https:\/\/thanhphatpc.com\/may-dem-tien-balion-nh-208\/#primaryimage\"},\"image\":{\"@id\":\"https:\/\/thanhphatpc.com\/may-dem-tien-balion-nh-208\/#primaryimage\"},\"thumbnailUrl\":\"https:\/\/thanhphatpc.com\/wp-content\/uploads\/2021\/07\/208.png\",\"datePublished\":\"2021-07-22T10:28:37+00:00\",\"dateModified\":\"2021-07-22T10:28:37+00:00\",\"breadcrumb\":{\"@id\":\"https:\/\/thanhphatpc.com\/may-dem-tien-balion-nh-208\/#breadcrumb\"},\"inLanguage\":\"en-US\",\"potentialAction\":[{\"@type\":\"ReadAction\",\"target\":[\"https:\/\/thanhphatpc.com\/may-dem-tien-balion-nh-208\/\"]}]},{\"@type\":\"ImageObject\",\"inLanguage\":\"en-US\",\"@id\":\"https:\/\/thanhphatpc.com\/may-dem-tien-balion-nh-208\/#primaryimage\",\"url\":\"https:\/\/thanhphatpc.com\/wp-content\/uploads\/2021\/07\/208.png\",\"contentUrl\":\"https:\/\/thanhphatpc.com\/wp-content\/uploads\/2021\/07\/208.png\",\"width\":470,\"height\":510},{\"@type\":\"BreadcrumbList\",\"@id\":\"https:\/\/thanhphatpc.com\/may-dem-tien-balion-nh-208\/#breadcrumb\",\"itemListElement\":[{\"@type\":\"ListItem\",\"position\":1,\"name\":\"Trang ch\u1ee7\",\"item\":\"https:\/\/thanhphatpc.com\/\"},{\"@type\":\"ListItem\",\"position\":2,\"name\":\"C\u1eeda h\u00e0ng\",\"item\":\"https:\/\/thanhphatpc.com\/cua-hang\/\"},{\"@type\":\"ListItem\",\"position\":3,\"name\":\"M\u00e1y \u0111\u1ebfm ti\u1ec1n BALION NH-208\"}]},{\"@type\":\"WebSite\",\"@id\":\"https:\/\/thanhphatpc.com\/#website\",\"url\":\"https:\/\/thanhphatpc.com\/\",\"name\":\"ThanhPhat PC\",\"description\":\"D\u1ecbch v\u1ee5 ho\u00e0n h\u1ea3o\",\"potentialAction\":[{\"@type\":\"SearchAction\",\"target\":{\"@type\":\"EntryPoint\",\"urlTemplate\":\"https:\/\/thanhphatpc.com\/?s={search_term_string}\"},\"query-input\":{\"@type\":\"PropertyValueSpecification\",\"valueRequired\":true,\"valueName\":\"search_term_string\"}}],\"inLanguage\":\"en-US\"}]}<\/script>\n<!-- \/ Yoast SEO plugin. -->","yoast_head_json":{"title":"M\u00e1y \u0111\u1ebfm ti\u1ec1n BALION NH-208 - ThanhPhat PC","robots":{"index":"index","follow":"follow","max-snippet":"max-snippet:-1","max-image-preview":"max-image-preview:large","max-video-preview":"max-video-preview:-1"},"canonical":"https:\/\/thanhphatpc.com\/en\/may-dem-tien-balion-nh-208\/","og_locale":"en_US","og_type":"article","og_title":"M\u00e1y \u0111\u1ebfm ti\u1ec1n BALION NH-208 - ThanhPhat PC","og_description":"Gi\u00e1 tr\u00ean ch\u01b0a bao g\u1ed3m VAT 10% Th\u00f4ng s\u00f4\u0301 ky\u0303 thu\u00e2\u0323t: - Ki\u1ec3u\u00a0 d\u00e1ng: \u0111\u1ee9ng - \u1ea4n \u0111\u1ecbnh s\u1ed1, \u0111\u1ebfm c\u1ed9ng d\u1ed3n - Hi\u1ec3n th\u1ecb 3 m\u00e0n h\u00ecnh Led,c\u00f3\u00a0 m\u1eb7t s\u1ed1 k\u00e9o d\u00e0i - T\u1ed1c \u0111\u1ed9 \u0111\u1ebfm: 1.000t\u1edd\/ph\u00fat - \u0110i\u1ec7n ngu\u1ed3n: 220V- 50Hz, c\u00f4ng su\u1ea5t: 60W - Tr\u1ecdng l\u01b0\u1ee3ng: 7.5 Kg - M\u00e1y \u0111\u1ebfm ti\u1ec1n t\u1ef1 \u0111\u1ed9ng, m\u00e1y \u0111\u1ebfm th\u00f4ng th\u01b0\u1eddng - Lo\u1ea1i ti\u1ec1n \u0111\u1ebfm: Cotton, ti\u1ec1n Polyme, Ngo\u1ea1i t\u1ec7 USD, EURO .. - Ph\u1ea1m vi s\u1ed1 \u0111\u1ebfm: 0 - 999 - K\u00edch th\u01b0\u1edbc: 355 x 295 x 248 mm - Xu\u00e2\u0301t x\u01b0\u0301: Trung Qu\u00f4\u0301c","og_url":"https:\/\/thanhphatpc.com\/en\/may-dem-tien-balion-nh-208\/","og_site_name":"ThanhPhat PC","og_image":[{"width":470,"height":510,"url":"https:\/\/thanhphatpc.com\/wp-content\/uploads\/2021\/07\/208.png","type":"image\/png"}],"twitter_card":"summary_large_image","twitter_misc":{"Est. reading time":"2 minutes"},"schema":{"@context":"https:\/\/schema.org","@graph":[{"@type":"WebPage","@id":"https:\/\/thanhphatpc.com\/may-dem-tien-balion-nh-208\/","url":"https:\/\/thanhphatpc.com\/may-dem-tien-balion-nh-208\/","name":"M\u00e1y \u0111\u1ebfm ti\u1ec1n BALION NH-208 - ThanhPhat PC","isPartOf":{"@id":"https:\/\/thanhphatpc.com\/#website"},"primaryImageOfPage":{"@id":"https:\/\/thanhphatpc.com\/may-dem-tien-balion-nh-208\/#primaryimage"},"image":{"@id":"https:\/\/thanhphatpc.com\/may-dem-tien-balion-nh-208\/#primaryimage"},"thumbnailUrl":"https:\/\/thanhphatpc.com\/wp-content\/uploads\/2021\/07\/208.png","datePublished":"2021-07-22T10:28:37+00:00","dateModified":"2021-07-22T10:28:37+00:00","breadcrumb":{"@id":"https:\/\/thanhphatpc.com\/may-dem-tien-balion-nh-208\/#breadcrumb"},"inLanguage":"en-US","potentialAction":[{"@type":"ReadAction","target":["https:\/\/thanhphatpc.com\/may-dem-tien-balion-nh-208\/"]}]},{"@type":"ImageObject","inLanguage":"en-US","@id":"https:\/\/thanhphatpc.com\/may-dem-tien-balion-nh-208\/#primaryimage","url":"https:\/\/thanhphatpc.com\/wp-content\/uploads\/2021\/07\/208.png","contentUrl":"https:\/\/thanhphatpc.com\/wp-content\/uploads\/2021\/07\/208.png","width":470,"height":510},{"@type":"BreadcrumbList","@id":"https:\/\/thanhphatpc.com\/may-dem-tien-balion-nh-208\/#breadcrumb","itemListElement":[{"@type":"ListItem","position":1,"name":"Trang ch\u1ee7","item":"https:\/\/thanhphatpc.com\/"},{"@type":"ListItem","position":2,"name":"C\u1eeda h\u00e0ng","item":"https:\/\/thanhphatpc.com\/cua-hang\/"},{"@type":"ListItem","position":3,"name":"M\u00e1y \u0111\u1ebfm ti\u1ec1n BALION NH-208"}]},{"@type":"WebSite","@id":"https:\/\/thanhphatpc.com\/#website","url":"https:\/\/thanhphatpc.com\/","name":"ThanhPhat PC","description":"D\u1ecbch v\u1ee5 ho\u00e0n h\u1ea3o","potentialAction":[{"@type":"SearchAction","target":{"@type":"EntryPoint","urlTemplate":"https:\/\/thanhphatpc.com\/?s={search_term_string}"},"query-input":{"@type":"PropertyValueSpecification","valueRequired":true,"valueName":"search_term_string"}}],"inLanguage":"en-US"}]}},"_links":{"self":[{"href":"https:\/\/thanhphatpc.com\/en\/wp-json\/wp\/v2\/product\/9059","targetHints":{"allow":["GET"]}}],"collection":[{"href":"https:\/\/thanhphatpc.com\/en\/wp-json\/wp\/v2\/product"}],"about":[{"href":"https:\/\/thanhphatpc.com\/en\/wp-json\/wp\/v2\/types\/product"}],"replies":[{"embeddable":true,"href":"https:\/\/thanhphatpc.com\/en\/wp-json\/wp\/v2\/comments?post=9059"}],"wp:featuredmedia":[{"embeddable":true,"href":"https:\/\/thanhphatpc.com\/en\/wp-json\/wp\/v2\/media\/9061"}],"wp:attachment":[{"href":"https:\/\/thanhphatpc.com\/en\/wp-json\/wp\/v2\/media?parent=9059"}],"wp:term":[{"taxonomy":"product_cat","embeddable":true,"href":"https:\/\/thanhphatpc.com\/en\/wp-json\/wp\/v2\/product_cat?post=9059"},{"taxonomy":"product_tag","embeddable":true,"href":"https:\/\/thanhphatpc.com\/en\/wp-json\/wp\/v2\/product_tag?post=9059"}],"curies":[{"name":"wp","href":"https:\/\/api.w.org\/{rel}","templated":true}]}}