{"id":9063,"date":"2021-07-23T08:26:59","date_gmt":"2021-07-23T01:26:59","guid":{"rendered":"https:\/\/thanhphatpc.com\/?post_type=product&#038;p=9063"},"modified":"2021-07-23T08:27:00","modified_gmt":"2021-07-23T01:27:00","slug":"may-dem-tien-oudis-998","status":"publish","type":"product","link":"https:\/\/thanhphatpc.com\/en\/may-dem-tien-oudis-998\/","title":{"rendered":"M\u00e1y \u0111\u1ebfm ti\u1ec1n Oudis 998"},"content":{"rendered":"<p><b>M\u00e1y \u0111\u1ebfm ti\u1ec1n Oudis 998<\/b>\u00a0l\u00e0 thi\u1ebft b\u1ecb th\u01b0\u1eddng \u0111\u01b0\u1ee3c nh\u00e2n vi\u00ean th\u1ee7 qu\u1ef9 hay nh\u00e2n vi\u00ean trong c\u00e1c ng\u00e2n h\u00e0ng s\u1eed d\u1ee5ng th\u01b0\u1eddng xuy\u00ean. \u0110\u1ebfn b\u1ea5t k\u1ef3 ng\u00e2n h\u00e0ng n\u00e0o ch\u00fang ta \u0111\u1ec1u th\u1ea5y s\u1ef1 hi\u1ec7n di\u1ec7n c\u1ee7a m\u00e1y \u0111\u1ebfm ti\u1ec1n. Ngo\u00e0i ra, trong l\u0129nh v\u1ef1c kinh doanh mua b\u00e1n t\u1ea1i c\u00e1c trung t\u00e2m mua s\u1eafm, si\u00eau th\u1ecb th\u00ec c\u0169ng s\u1eed d\u1ee5ng m\u00e1y \u0111\u1ebfm ti\u1ec1n, t\u1ea1i c\u00e1c \u0111i\u1ec3m giao d\u1ecbch nh\u01b0 chi c\u1ee5c thu\u1ebf, b\u1ec7nh vi\u1ec7n, tr\u01b0\u1eddng h\u1ecdc\u2026<br \/>\nS\u1eed d\u1ee5ng m\u00e1y \u0111\u1ebfm ti\u1ec1n trong giao d\u1ecbch h\u00e0ng ng\u00e0y kh\u00f4ng nh\u1eefng mang l\u1ea1i s\u1ef1 tho\u1ea3i m\u00e1i cho ng\u01b0\u1eddi s\u1eed d\u1ee5ng m\u00e0 kh\u00e1ch h\u00e0ng c\u0169ng s\u1ebd c\u1ea3m th\u1ea5y d\u1ec5 ch\u1ecb. M\u1ed9t t\u00e2m l\u00fd tho\u1ea3i m\u00e1i gi\u00fap gi\u1ea3m thi\u1ec3u c\u0103ng th\u1eb3ng v\u00e0 m\u1ec7t m\u1ecfi h\u01a1n. M\u00e1y \u0111\u1ebfm ti\u1ec1n Oudis 998 s\u1ebd gi\u00fap cho ng\u01b0\u1eddi d\u00f9ng th\u1ef1c hi\u1ec7n c\u00f4ng vi\u1ec7c m\u1ed9t c\u00e1ch nhanh h\u01a1n m\u00e0 kh\u00f4ng m\u1ed9t ai ph\u1ea3i ch\u1edd \u0111\u1ee3i l\u00e2u.<\/p>\n<p>Th\u00f4ng s\u1ed1 chi ti\u1ebft s\u1ea3n ph\u1ea9m :<br \/>\n&#8211; C\u00f3 ch\u1ee9c n\u0103ng \u0111\u1ebfm t\u1ed5ng ti\u1ec1n<br \/>\n&#8211; C\u00f3 ch\u1ee9c n\u0103ng chia m\u1ebb.<br \/>\n&#8211; T\u1ef1 \u0111\u1ed9ng x\u00f3a v\u00e0 c\u00f3 ch\u1ee9c n\u0103ng c\u1ed9ng d\u1ed3n.<br \/>\n&#8211; Ho\u00e0n to\u00e0n t\u1ef1 \u0111\u1ed9ng nh\u1eadn bi\u1ebft m\u1ec7nh gi\u00e1 Polymer. Ki\u1ec3m tra \u0111\u01b0\u1ee3c ti\u1ec1n l\u1eabn lo\u1ea1i.<br \/>\n&#8211; C\u00f3 ch\u1ee9c n\u0103ng \u0111\u1ebfm ngo\u1ea1i t\u1ec7.<br \/>\n&#8211; C\u00f3 ch\u1ee9c n\u0103ng chia m\u1ebb v\u00e0 t\u1ed5ng ti\u1ec1n ch\u00ednh x\u00e1c nh\u1ea5t<br \/>\n&#8211; M\u00e0n h\u00ecnh hi\u1ec3n th\u1ecb\u00a0 3 t\u1ea7ng hi\u1ec3n th\u1ecb<br \/>\n&#8211; T\u1ed1c \u0111\u1ed9 m\u00e1y :1220 t\u1edd ti\u1ec1n\/ph\u00fat<br \/>\n&#8211; \u0110i\u1ec7n \u00e1p: 220V \u2013 50Hz ( 60Hz).<br \/>\n&#8211; C\u00f4ng Su\u1ea5t : 60W.<br \/>\n&#8211; K\u00edch th\u01b0\u1edbc m\u00e1y: 375 x 315 x 275 mm<br \/>\n&#8211; Tr\u1ecdng L\u01b0\u1ee3ng : 9kg.<br \/>\nC\u00f4ng ngh\u1ec7: Nh\u1eadt B\u1ea3n<br \/>\nXu\u1ea5t x\u1ee9: Ch\u00ednh H\u00e3ng<br \/>\nB\u1ea3o h\u00e0nh 12 th\u00e1ng<\/p>","protected":false},"excerpt":{"rendered":"<p>Gi\u00e1 tr\u00ean ch\u01b0a bao g\u1ed3m VAT 10%<\/p>\n<p>&#8211; C\u00f3 ch\u1ee9c n\u0103ng \u0111\u1ebfm t\u1ed5ng ti\u1ec1n; ph\u00e1t hi\u1ec7n ti\u1ec1n gi\u1ea3<br \/>\n&#8211; C\u00f3 ch\u1ee9c n\u0103ng chia m\u1ebb.<br \/>\n&#8211; T\u1ef1 \u0111\u1ed9ng x\u00f3a v\u00e0 c\u00f3 ch\u1ee9c n\u0103ng c\u1ed9ng d\u1ed3n.<br \/>\n&#8211; Ho\u00e0n to\u00e0n t\u1ef1 \u0111\u1ed9ng nh\u1eadn bi\u1ebft m\u1ec7nh gi\u00e1 Polymer. Ki\u1ec3m tra \u0111\u01b0\u1ee3c ti\u1ec1n l\u1eabn lo\u1ea1i.<br \/>\n&#8211; C\u00f3 ch\u1ee9c n\u0103ng \u0111\u1ebfm ngo\u1ea1i t\u1ec7.<\/p>","protected":false},"featured_media":9064,"comment_status":"open","ping_status":"closed","template":"","meta":{"_acf_changed":false},"product_cat":[2413],"product_tag":[2414],"class_list":{"0":"post-9063","1":"product","2":"type-product","3":"status-publish","4":"has-post-thumbnail","6":"product_cat-may-dem-tien","7":"product_tag-may-dem-tien-hai-duong","9":"first","10":"instock","11":"sale","12":"shipping-taxable","13":"purchasable","14":"product-type-simple"},"acf":[],"yoast_head":"<!-- This site is optimized with the Yoast SEO plugin v23.8 - https:\/\/yoast.com\/wordpress\/plugins\/seo\/ -->\n<title>M\u00e1y \u0111\u1ebfm ti\u1ec1n Oudis 998 - ThanhPhat PC<\/title>\n<meta name=\"robots\" content=\"index, follow, max-snippet:-1, max-image-preview:large, max-video-preview:-1\" \/>\n<link rel=\"canonical\" href=\"https:\/\/thanhphatpc.com\/en\/may-dem-tien-oudis-998\/\" \/>\n<meta property=\"og:locale\" content=\"en_US\" \/>\n<meta property=\"og:type\" content=\"article\" \/>\n<meta property=\"og:title\" content=\"M\u00e1y \u0111\u1ebfm ti\u1ec1n Oudis 998 - ThanhPhat PC\" \/>\n<meta property=\"og:description\" content=\"Gi\u00e1 tr\u00ean ch\u01b0a bao g\u1ed3m VAT 10%  - C\u00f3 ch\u1ee9c n\u0103ng \u0111\u1ebfm t\u1ed5ng ti\u1ec1n; ph\u00e1t hi\u1ec7n ti\u1ec1n gi\u1ea3 - C\u00f3 ch\u1ee9c n\u0103ng chia m\u1ebb. - T\u1ef1 \u0111\u1ed9ng x\u00f3a v\u00e0 c\u00f3 ch\u1ee9c n\u0103ng c\u1ed9ng d\u1ed3n. - Ho\u00e0n to\u00e0n t\u1ef1 \u0111\u1ed9ng nh\u1eadn bi\u1ebft m\u1ec7nh gi\u00e1 Polymer. Ki\u1ec3m tra \u0111\u01b0\u1ee3c ti\u1ec1n l\u1eabn lo\u1ea1i. - C\u00f3 ch\u1ee9c n\u0103ng \u0111\u1ebfm ngo\u1ea1i t\u1ec7.\" \/>\n<meta property=\"og:url\" content=\"https:\/\/thanhphatpc.com\/en\/may-dem-tien-oudis-998\/\" \/>\n<meta property=\"og:site_name\" content=\"ThanhPhat PC\" \/>\n<meta property=\"article:modified_time\" content=\"2021-07-23T01:27:00+00:00\" \/>\n<meta property=\"og:image\" content=\"https:\/\/thanhphatpc.com\/wp-content\/uploads\/2021\/07\/MAY-DEM-TIEN-OUDIS-3900C1-300x300.jpg\" \/>\n\t<meta property=\"og:image:width\" content=\"300\" \/>\n\t<meta property=\"og:image:height\" content=\"300\" \/>\n\t<meta property=\"og:image:type\" content=\"image\/jpeg\" \/>\n<meta name=\"twitter:card\" content=\"summary_large_image\" \/>\n<meta name=\"twitter:label1\" content=\"Est. reading time\" \/>\n\t<meta name=\"twitter:data1\" content=\"2 minutes\" \/>\n<script type=\"application\/ld+json\" class=\"yoast-schema-graph\">{\"@context\":\"https:\/\/schema.org\",\"@graph\":[{\"@type\":\"WebPage\",\"@id\":\"https:\/\/thanhphatpc.com\/may-dem-tien-oudis-998\/\",\"url\":\"https:\/\/thanhphatpc.com\/may-dem-tien-oudis-998\/\",\"name\":\"M\u00e1y \u0111\u1ebfm ti\u1ec1n Oudis 998 - ThanhPhat PC\",\"isPartOf\":{\"@id\":\"https:\/\/thanhphatpc.com\/#website\"},\"primaryImageOfPage\":{\"@id\":\"https:\/\/thanhphatpc.com\/may-dem-tien-oudis-998\/#primaryimage\"},\"image\":{\"@id\":\"https:\/\/thanhphatpc.com\/may-dem-tien-oudis-998\/#primaryimage\"},\"thumbnailUrl\":\"https:\/\/thanhphatpc.com\/wp-content\/uploads\/2021\/07\/MAY-DEM-TIEN-OUDIS-3900C1-300x300.jpg\",\"datePublished\":\"2021-07-23T01:26:59+00:00\",\"dateModified\":\"2021-07-23T01:27:00+00:00\",\"breadcrumb\":{\"@id\":\"https:\/\/thanhphatpc.com\/may-dem-tien-oudis-998\/#breadcrumb\"},\"inLanguage\":\"en-US\",\"potentialAction\":[{\"@type\":\"ReadAction\",\"target\":[\"https:\/\/thanhphatpc.com\/may-dem-tien-oudis-998\/\"]}]},{\"@type\":\"ImageObject\",\"inLanguage\":\"en-US\",\"@id\":\"https:\/\/thanhphatpc.com\/may-dem-tien-oudis-998\/#primaryimage\",\"url\":\"https:\/\/thanhphatpc.com\/wp-content\/uploads\/2021\/07\/MAY-DEM-TIEN-OUDIS-3900C1-300x300.jpg\",\"contentUrl\":\"https:\/\/thanhphatpc.com\/wp-content\/uploads\/2021\/07\/MAY-DEM-TIEN-OUDIS-3900C1-300x300.jpg\",\"width\":300,\"height\":300},{\"@type\":\"BreadcrumbList\",\"@id\":\"https:\/\/thanhphatpc.com\/may-dem-tien-oudis-998\/#breadcrumb\",\"itemListElement\":[{\"@type\":\"ListItem\",\"position\":1,\"name\":\"Trang ch\u1ee7\",\"item\":\"https:\/\/thanhphatpc.com\/\"},{\"@type\":\"ListItem\",\"position\":2,\"name\":\"C\u1eeda h\u00e0ng\",\"item\":\"https:\/\/thanhphatpc.com\/cua-hang\/\"},{\"@type\":\"ListItem\",\"position\":3,\"name\":\"M\u00e1y \u0111\u1ebfm ti\u1ec1n Oudis 998\"}]},{\"@type\":\"WebSite\",\"@id\":\"https:\/\/thanhphatpc.com\/#website\",\"url\":\"https:\/\/thanhphatpc.com\/\",\"name\":\"ThanhPhat PC\",\"description\":\"D\u1ecbch v\u1ee5 ho\u00e0n h\u1ea3o\",\"potentialAction\":[{\"@type\":\"SearchAction\",\"target\":{\"@type\":\"EntryPoint\",\"urlTemplate\":\"https:\/\/thanhphatpc.com\/?s={search_term_string}\"},\"query-input\":{\"@type\":\"PropertyValueSpecification\",\"valueRequired\":true,\"valueName\":\"search_term_string\"}}],\"inLanguage\":\"en-US\"}]}<\/script>\n<!-- \/ Yoast SEO plugin. -->","yoast_head_json":{"title":"M\u00e1y \u0111\u1ebfm ti\u1ec1n Oudis 998 - ThanhPhat PC","robots":{"index":"index","follow":"follow","max-snippet":"max-snippet:-1","max-image-preview":"max-image-preview:large","max-video-preview":"max-video-preview:-1"},"canonical":"https:\/\/thanhphatpc.com\/en\/may-dem-tien-oudis-998\/","og_locale":"en_US","og_type":"article","og_title":"M\u00e1y \u0111\u1ebfm ti\u1ec1n Oudis 998 - ThanhPhat PC","og_description":"Gi\u00e1 tr\u00ean ch\u01b0a bao g\u1ed3m VAT 10%  - C\u00f3 ch\u1ee9c n\u0103ng \u0111\u1ebfm t\u1ed5ng ti\u1ec1n; ph\u00e1t hi\u1ec7n ti\u1ec1n gi\u1ea3 - C\u00f3 ch\u1ee9c n\u0103ng chia m\u1ebb. - T\u1ef1 \u0111\u1ed9ng x\u00f3a v\u00e0 c\u00f3 ch\u1ee9c n\u0103ng c\u1ed9ng d\u1ed3n. - Ho\u00e0n to\u00e0n t\u1ef1 \u0111\u1ed9ng nh\u1eadn bi\u1ebft m\u1ec7nh gi\u00e1 Polymer. Ki\u1ec3m tra \u0111\u01b0\u1ee3c ti\u1ec1n l\u1eabn lo\u1ea1i. - C\u00f3 ch\u1ee9c n\u0103ng \u0111\u1ebfm ngo\u1ea1i t\u1ec7.","og_url":"https:\/\/thanhphatpc.com\/en\/may-dem-tien-oudis-998\/","og_site_name":"ThanhPhat PC","article_modified_time":"2021-07-23T01:27:00+00:00","og_image":[{"width":300,"height":300,"url":"https:\/\/thanhphatpc.com\/wp-content\/uploads\/2021\/07\/MAY-DEM-TIEN-OUDIS-3900C1-300x300.jpg","type":"image\/jpeg"}],"twitter_card":"summary_large_image","twitter_misc":{"Est. reading time":"2 minutes"},"schema":{"@context":"https:\/\/schema.org","@graph":[{"@type":"WebPage","@id":"https:\/\/thanhphatpc.com\/may-dem-tien-oudis-998\/","url":"https:\/\/thanhphatpc.com\/may-dem-tien-oudis-998\/","name":"M\u00e1y \u0111\u1ebfm ti\u1ec1n Oudis 998 - ThanhPhat PC","isPartOf":{"@id":"https:\/\/thanhphatpc.com\/#website"},"primaryImageOfPage":{"@id":"https:\/\/thanhphatpc.com\/may-dem-tien-oudis-998\/#primaryimage"},"image":{"@id":"https:\/\/thanhphatpc.com\/may-dem-tien-oudis-998\/#primaryimage"},"thumbnailUrl":"https:\/\/thanhphatpc.com\/wp-content\/uploads\/2021\/07\/MAY-DEM-TIEN-OUDIS-3900C1-300x300.jpg","datePublished":"2021-07-23T01:26:59+00:00","dateModified":"2021-07-23T01:27:00+00:00","breadcrumb":{"@id":"https:\/\/thanhphatpc.com\/may-dem-tien-oudis-998\/#breadcrumb"},"inLanguage":"en-US","potentialAction":[{"@type":"ReadAction","target":["https:\/\/thanhphatpc.com\/may-dem-tien-oudis-998\/"]}]},{"@type":"ImageObject","inLanguage":"en-US","@id":"https:\/\/thanhphatpc.com\/may-dem-tien-oudis-998\/#primaryimage","url":"https:\/\/thanhphatpc.com\/wp-content\/uploads\/2021\/07\/MAY-DEM-TIEN-OUDIS-3900C1-300x300.jpg","contentUrl":"https:\/\/thanhphatpc.com\/wp-content\/uploads\/2021\/07\/MAY-DEM-TIEN-OUDIS-3900C1-300x300.jpg","width":300,"height":300},{"@type":"BreadcrumbList","@id":"https:\/\/thanhphatpc.com\/may-dem-tien-oudis-998\/#breadcrumb","itemListElement":[{"@type":"ListItem","position":1,"name":"Trang ch\u1ee7","item":"https:\/\/thanhphatpc.com\/"},{"@type":"ListItem","position":2,"name":"C\u1eeda h\u00e0ng","item":"https:\/\/thanhphatpc.com\/cua-hang\/"},{"@type":"ListItem","position":3,"name":"M\u00e1y \u0111\u1ebfm ti\u1ec1n Oudis 998"}]},{"@type":"WebSite","@id":"https:\/\/thanhphatpc.com\/#website","url":"https:\/\/thanhphatpc.com\/","name":"ThanhPhat PC","description":"D\u1ecbch v\u1ee5 ho\u00e0n h\u1ea3o","potentialAction":[{"@type":"SearchAction","target":{"@type":"EntryPoint","urlTemplate":"https:\/\/thanhphatpc.com\/?s={search_term_string}"},"query-input":{"@type":"PropertyValueSpecification","valueRequired":true,"valueName":"search_term_string"}}],"inLanguage":"en-US"}]}},"_links":{"self":[{"href":"https:\/\/thanhphatpc.com\/en\/wp-json\/wp\/v2\/product\/9063","targetHints":{"allow":["GET"]}}],"collection":[{"href":"https:\/\/thanhphatpc.com\/en\/wp-json\/wp\/v2\/product"}],"about":[{"href":"https:\/\/thanhphatpc.com\/en\/wp-json\/wp\/v2\/types\/product"}],"replies":[{"embeddable":true,"href":"https:\/\/thanhphatpc.com\/en\/wp-json\/wp\/v2\/comments?post=9063"}],"wp:featuredmedia":[{"embeddable":true,"href":"https:\/\/thanhphatpc.com\/en\/wp-json\/wp\/v2\/media\/9064"}],"wp:attachment":[{"href":"https:\/\/thanhphatpc.com\/en\/wp-json\/wp\/v2\/media?parent=9063"}],"wp:term":[{"taxonomy":"product_cat","embeddable":true,"href":"https:\/\/thanhphatpc.com\/en\/wp-json\/wp\/v2\/product_cat?post=9063"},{"taxonomy":"product_tag","embeddable":true,"href":"https:\/\/thanhphatpc.com\/en\/wp-json\/wp\/v2\/product_tag?post=9063"}],"curies":[{"name":"wp","href":"https:\/\/api.w.org\/{rel}","templated":true}]}}