{"id":9069,"date":"2021-08-07T14:18:52","date_gmt":"2021-08-07T07:18:52","guid":{"rendered":"https:\/\/thanhphatpc.com\/?post_type=product&#038;p=9069"},"modified":"2021-08-07T22:49:27","modified_gmt":"2021-08-07T15:49:27","slug":"bo-ban-phim-va-chuot-khong-day-fuhlen-mk650-den-trang","status":"publish","type":"product","link":"https:\/\/thanhphatpc.com\/en\/bo-ban-phim-va-chuot-khong-day-fuhlen-mk650-den-trang\/","title":{"rendered":"B\u1ed9 B\u00e0n Ph\u00edm V\u00e0 Chu\u1ed9t Kh\u00f4ng D\u00e2y Fuhlen MK650 (\u0110en\/Tr\u1eafng)"},"content":{"rendered":"<h4 class=\"BlockTitle__Wrapper-sc-qpz3fo-0 eHltcn\">M\u00d4 T\u1ea2 S\u1ea2N PH\u1ea8M<\/h4>\n<div class=\"content\">\n<div class=\"ToggleContent__Wrapper-sc-1hm81e2-1 iRkmen\">\n<div class=\"ToggleContent__View-sc-1hm81e2-0 jiiZx\">\n<p>B\u00e0n ph\u00edm thi\u1ebft k\u1ebf tinh t\u1ebf, ph\u00edm b\u1ea5m \u00eam \u00e1i K\u00edch th\u01b0\u1edbc b\u00e0n ph\u00edm: 456*157*29mm. Chu\u1ed9t v\u1edbi thi\u1ebft k\u1ebf Ergonomic quen thu\u1ed9c s\u1eed d\u1ee5ng m\u1eaft \u0111\u1ecdc AVAGO n\u1ed5i ti\u1ebfng, chu\u1ea9n cho ng\u01b0\u1eddi d\u00f9ng v\u0103n ph\u00f2ng ho\u1eb7c gamer. M\u1ee9c DPI : 800-1000-1600 v\u1edbi n\u00fat \u0111i\u1ec1u ch\u1ec9nh DPI n\u1eb1m ph\u00eda tr\u00ean chu\u1ed9t, ch\u1ea1y \u0111\u01b0\u1ee3c tr\u00ean nhi\u1ec1u m\u1eb7t ph\u1eb3ng,con tr\u1ecf kh\u00f4ng b\u1ecb rung Kho\u1ea3ng c\u00e1ch ho\u1ea1t \u0111\u1ed9ng 10m &#8211; 15m Tu\u1ed5i th\u1ecd pin: 12 th\u00e1ng, s\u1eed d\u1ee5ng 1 pin AA Alkaline v\u00e0 1 pin AAA C\u00f4ng ngh\u1ec7 ti\u1ebft ki\u1ec7m n\u0103ng l\u01b0\u1ee3ng \u0110\u1ea7u ti\u1ebfp nh\u1eadn mini receiver, c\u00f4ng ngh\u1ec7 Nano 2.4Ghz\u00a0 \u00a0 \u00a0 \u00a0 \u00a0 \u00a0 \u00a0 \u00a0 \u00a0 \u00a0 \u00a0 \u00a0 \u00a0 \u00a0 \u00a0 \u00a0 \u00a0 \u00a0 \u00a0 \u00a0 \u00a0 \u00a0 \u00a0 \u00a0 \u00a0 \u00a0 \u00a0 <img decoding=\"async\" src=\"https:\/\/salt.tikicdn.com\/cache\/w750\/ts\/product\/26\/6e\/06\/be98be45b1d84d396f252c48e797532d.jpeg\" \/><\/p>\n<h4>&#8211; Ki\u1ec3u d\u00e1ng th\u1eddi trang, d\u1ec5 thao t\u00e1c<br \/>\nB\u1ed9 b\u00e0n ph\u00edm v\u00e0 chu\u1ed9t kh\u00f4ng d\u00e2y Fuhlen MK650 c\u00f3 ki\u1ec3u d\u00e1ng \u0111\u1eb9p, b\u00e0n ph\u00edm \u0111\u01b0\u1ee3c thi\u1ebft k\u1ebf khoa h\u1ecdc v\u1edbi kho\u1ea3ng c\u00e1ch gi\u1eefa c\u00e1c ph\u00edm \u0111\u1ec1u nhau c\u00f9ng \u0111\u1ed9 n\u1ea3y cao gi\u00fap b\u1ea1n c\u00f3 th\u1ec3 d\u1ec5 d\u00e0ng thao t\u00e1c. H\u01a1n n\u1eefa, b\u00e0n ph\u00edm full &#8211; size mang \u0111\u1ebfn s\u1ef1 thu\u1eadn ti\u1ec7n h\u01a1n trong c\u00f4ng vi\u1ec7c c\u1ee7a b\u1ea1n.<br \/>\n&#8211; B\u00e0n ph\u00edm ch\u1ed1ng tr\u00e0n n\u01b0\u1edbc<br \/>\nS\u1ea3n ph\u1ea9m \u0111\u01b0\u1ee3c l\u00e0m b\u1eb1ng nh\u1ef1a ABS cao c\u1ea5p cho b\u1ea1n th\u1eddi gian s\u1eed d\u1ee5ng l\u00e2u, gi\u00fap gi\u1eef \u0111\u01b0\u1ee3c \u0111\u1ed9 b\u1ec1n cao khi b\u1ecb r\u1edbt hay va \u0111\u1eadp. V\u1edbi thi\u1ebft k\u1ebf ch\u1ed1ng tr\u00e0n n\u01b0\u1edbc b\u1ea1n s\u1ebd an t\u00e2m h\u01a1n khi s\u01a1 \u00fd l\u00e0m \u0111\u1ed5 n\u01b0\u1edbc. B\u00ean c\u1ea1nh \u0111\u00f3, b\u00e0n ph\u00edm Fuhlen MK650 \u0111\u01b0\u1ee3c l\u00e0m ch\u1eafc ch\u1eafn, \u00eam, cho ph\u00e9p b\u1ea1n \u0111\u00e1nh m\u00e1y nhanh h\u01a1n.<br \/>\n&#8211; K\u1ebft n\u1ed1i kh\u00f4ng d\u00e2y ti\u1ec7n d\u1ee5ng<br \/>\nB\u1ed9 b\u00e0n ph\u00edm v\u00e0 chu\u1ed9t kh\u00f4ng d\u00e2y Fuhlen MK650 s\u1eed d\u1ee5ng k\u1ebft n\u1ed1i kh\u00f4ng d\u00e2y 2.4 GHz Wireless c\u1ee7a Logitech qua c\u1ed5ng USB ti\u1ec7n d\u1ee5ng, mang \u0111\u1ebfn t\u00ednh \u1ed5n \u0111\u1ecbnh cao khi s\u1eed d\u1ee5ng chu\u1ed9t v\u00e0 b\u00e0n ph\u00edm. K\u1ebft n\u1ed1i kh\u00f4ng d\u00e2y gi\u00fap ng\u01b0\u1eddi s\u1eed d\u1ee5ng tho\u1ea3i m\u00e1i trong vi\u1ec7c di chuy\u1ec3n c\u0169ng nh\u01b0 h\u1ed7 tr\u1ee3 gi\u1ea3ng d\u1ea1y, h\u1ecdc t\u1eadp v\u00e0 l\u00e0m vi\u1ec7c.<br \/>\n&#8211; Chu\u1ed9t quang th\u00e2n thi\u1ec7n<br \/>\nChu\u1ed9t Fuhlen MK650 di chuy\u1ec3n nhanh m\u1ecbn v\u00e0 ch\u00ednh x\u00e1c v\u1edbi c\u1ea3m bi\u1ebfn quang h\u1ecdc l\u00ean \u0111\u1ebfn 1000dpi, c\u00f9ng v\u1edbi hai r\u00e3nh ph\u00eda tr\u01b0\u1edbc n\u00fat b\u1ea5m gi\u00fap cho ng\u00f3n tay tho\u1ea3i m\u00e1i khi th\u1ef1c hi\u1ec7n c\u00e1c thao t\u00e1c chu\u1ed9t. B\u00ean c\u1ea1nh \u0111\u00f3, chu\u1ed9t thi\u1ebft k\u1ebf kh\u00e1 nh\u1ecf g\u1ecdn, v\u1eeba l\u00f2ng b\u00e0n tay mang l\u1ea1i cho b\u1ea1n s\u1ef1 tho\u1ea3i m\u00e1i khi s\u1eed d\u1ee5ng.<\/h4>\n<p>&nbsp;<\/p>\n<\/div>\n<\/div>\n<\/div>","protected":false},"excerpt":{"rendered":"<ul>\n<li>B\u00e0n ph\u00edm thi\u1ebft k\u1ebf tinh t\u1ebf, ph\u00edm b\u1ea5m \u00eam \u00e1i<\/li>\n<li>Chu\u1ed9t thi\u1ebft k\u1ebf \u0111\u1ed1i x\u1ee9ng ho\u00e0n to\u00e0n ph\u00f9 h\u1ee3p v\u1edbi c\u1ea3 hai tay ph\u1ea3i, tr\u00e1i, tho\u1ea3i m\u00e1i khi s\u1eed d\u1ee5ng.<\/li>\n<li>\u0110\u1ed9 ph\u00e2n gi\u1ea3i 1000DPI, ch\u1ea1y \u0111\u01b0\u1ee3c tr\u00ean nhi\u1ec1u m\u1eb7t ph\u1eb3ng,con tr\u1ecf kh\u00f4ng b\u1ecb rung, t\u1ef1 \u0111\u1ed9ng \u0111i\u1ec1u ch\u1ec9nh k\u00eanh thu s\u00f3ng, tr\u00e1nh nhi\u1ec5u, kho\u1ea3ng c\u00e1ch ho\u1ea1t \u0111\u1ed9ng 10m.<\/li>\n<li>Tu\u1ed5i th\u1ecd pin: 12 th\u00e1ng, s\u1eed d\u1ee5ng 1 pin AA Alkaline v\u00e0 1 pin AAA<\/li>\n<li>C\u00f4ng ngh\u1ec7 ti\u1ebft ki\u1ec7m n\u0103ng l\u01b0\u1ee3ng<\/li>\n<\/ul>","protected":false},"featured_media":9071,"comment_status":"open","ping_status":"closed","template":"","meta":{"_acf_changed":false},"product_cat":[436,435],"product_tag":[],"class_list":{"0":"post-9069","1":"product","2":"type-product","3":"status-publish","4":"has-post-thumbnail","6":"product_cat-ban-phim-pc","7":"product_cat-chuot-may-tinh","9":"first","10":"instock","11":"shipping-taxable","12":"purchasable","13":"product-type-simple"},"acf":[],"yoast_head":"<!-- This site is optimized with the Yoast SEO plugin v23.8 - https:\/\/yoast.com\/wordpress\/plugins\/seo\/ -->\n<title>B\u1ed9 B\u00e0n Ph\u00edm V\u00e0 Chu\u1ed9t Kh\u00f4ng D\u00e2y Fuhlen MK650 (\u0110en\/Tr\u1eafng) - ThanhPhat PC<\/title>\n<meta name=\"robots\" content=\"index, follow, max-snippet:-1, max-image-preview:large, max-video-preview:-1\" \/>\n<link rel=\"canonical\" href=\"https:\/\/thanhphatpc.com\/en\/bo-ban-phim-va-chuot-khong-day-fuhlen-mk650-den-trang\/\" \/>\n<meta property=\"og:locale\" content=\"en_US\" \/>\n<meta property=\"og:type\" content=\"article\" \/>\n<meta property=\"og:title\" content=\"B\u1ed9 B\u00e0n Ph\u00edm V\u00e0 Chu\u1ed9t Kh\u00f4ng D\u00e2y Fuhlen MK650 (\u0110en\/Tr\u1eafng) - ThanhPhat PC\" \/>\n<meta property=\"og:description\" content=\"B\u00e0n ph\u00edm thi\u1ebft k\u1ebf tinh t\u1ebf, ph\u00edm b\u1ea5m \u00eam \u00e1i  Chu\u1ed9t thi\u1ebft k\u1ebf \u0111\u1ed1i x\u1ee9ng ho\u00e0n to\u00e0n ph\u00f9 h\u1ee3p v\u1edbi c\u1ea3 hai tay ph\u1ea3i, tr\u00e1i, tho\u1ea3i m\u00e1i khi s\u1eed d\u1ee5ng.  \u0110\u1ed9 ph\u00e2n gi\u1ea3i 1000DPI, ch\u1ea1y \u0111\u01b0\u1ee3c tr\u00ean nhi\u1ec1u m\u1eb7t ph\u1eb3ng,con tr\u1ecf kh\u00f4ng b\u1ecb rung, t\u1ef1 \u0111\u1ed9ng \u0111i\u1ec1u ch\u1ec9nh k\u00eanh thu s\u00f3ng, tr\u00e1nh nhi\u1ec5u, kho\u1ea3ng c\u00e1ch ho\u1ea1t \u0111\u1ed9ng 10m.  Tu\u1ed5i th\u1ecd pin: 12 th\u00e1ng, s\u1eed d\u1ee5ng 1 pin AA Alkaline v\u00e0 1 pin AAA  C\u00f4ng ngh\u1ec7 ti\u1ebft ki\u1ec7m n\u0103ng l\u01b0\u1ee3ng\" \/>\n<meta property=\"og:url\" content=\"https:\/\/thanhphatpc.com\/en\/bo-ban-phim-va-chuot-khong-day-fuhlen-mk650-den-trang\/\" \/>\n<meta property=\"og:site_name\" content=\"ThanhPhat PC\" \/>\n<meta property=\"article:modified_time\" content=\"2021-08-07T15:49:27+00:00\" \/>\n<meta property=\"og:image\" content=\"https:\/\/thanhphatpc.com\/wp-content\/uploads\/2021\/08\/MK-1.jpg\" \/>\n\t<meta property=\"og:image:width\" content=\"800\" \/>\n\t<meta property=\"og:image:height\" content=\"800\" \/>\n\t<meta property=\"og:image:type\" content=\"image\/jpeg\" \/>\n<meta name=\"twitter:card\" content=\"summary_large_image\" \/>\n<meta name=\"twitter:label1\" content=\"Est. reading time\" \/>\n\t<meta name=\"twitter:data1\" content=\"3 minutes\" \/>\n<script type=\"application\/ld+json\" class=\"yoast-schema-graph\">{\"@context\":\"https:\/\/schema.org\",\"@graph\":[{\"@type\":\"WebPage\",\"@id\":\"https:\/\/thanhphatpc.com\/bo-ban-phim-va-chuot-khong-day-fuhlen-mk650-den-trang\/\",\"url\":\"https:\/\/thanhphatpc.com\/bo-ban-phim-va-chuot-khong-day-fuhlen-mk650-den-trang\/\",\"name\":\"B\u1ed9 B\u00e0n Ph\u00edm V\u00e0 Chu\u1ed9t Kh\u00f4ng D\u00e2y Fuhlen MK650 (\u0110en\/Tr\u1eafng) - ThanhPhat PC\",\"isPartOf\":{\"@id\":\"https:\/\/thanhphatpc.com\/#website\"},\"primaryImageOfPage\":{\"@id\":\"https:\/\/thanhphatpc.com\/bo-ban-phim-va-chuot-khong-day-fuhlen-mk650-den-trang\/#primaryimage\"},\"image\":{\"@id\":\"https:\/\/thanhphatpc.com\/bo-ban-phim-va-chuot-khong-day-fuhlen-mk650-den-trang\/#primaryimage\"},\"thumbnailUrl\":\"https:\/\/thanhphatpc.com\/wp-content\/uploads\/2021\/08\/MK-1.jpg\",\"datePublished\":\"2021-08-07T07:18:52+00:00\",\"dateModified\":\"2021-08-07T15:49:27+00:00\",\"breadcrumb\":{\"@id\":\"https:\/\/thanhphatpc.com\/bo-ban-phim-va-chuot-khong-day-fuhlen-mk650-den-trang\/#breadcrumb\"},\"inLanguage\":\"en-US\",\"potentialAction\":[{\"@type\":\"ReadAction\",\"target\":[\"https:\/\/thanhphatpc.com\/bo-ban-phim-va-chuot-khong-day-fuhlen-mk650-den-trang\/\"]}]},{\"@type\":\"ImageObject\",\"inLanguage\":\"en-US\",\"@id\":\"https:\/\/thanhphatpc.com\/bo-ban-phim-va-chuot-khong-day-fuhlen-mk650-den-trang\/#primaryimage\",\"url\":\"https:\/\/thanhphatpc.com\/wp-content\/uploads\/2021\/08\/MK-1.jpg\",\"contentUrl\":\"https:\/\/thanhphatpc.com\/wp-content\/uploads\/2021\/08\/MK-1.jpg\",\"width\":800,\"height\":800},{\"@type\":\"BreadcrumbList\",\"@id\":\"https:\/\/thanhphatpc.com\/bo-ban-phim-va-chuot-khong-day-fuhlen-mk650-den-trang\/#breadcrumb\",\"itemListElement\":[{\"@type\":\"ListItem\",\"position\":1,\"name\":\"Trang ch\u1ee7\",\"item\":\"https:\/\/thanhphatpc.com\/\"},{\"@type\":\"ListItem\",\"position\":2,\"name\":\"C\u1eeda h\u00e0ng\",\"item\":\"https:\/\/thanhphatpc.com\/cua-hang\/\"},{\"@type\":\"ListItem\",\"position\":3,\"name\":\"B\u1ed9 B\u00e0n Ph\u00edm V\u00e0 Chu\u1ed9t Kh\u00f4ng D\u00e2y Fuhlen MK650 (\u0110en\/Tr\u1eafng)\"}]},{\"@type\":\"WebSite\",\"@id\":\"https:\/\/thanhphatpc.com\/#website\",\"url\":\"https:\/\/thanhphatpc.com\/\",\"name\":\"ThanhPhat PC\",\"description\":\"D\u1ecbch v\u1ee5 ho\u00e0n h\u1ea3o\",\"potentialAction\":[{\"@type\":\"SearchAction\",\"target\":{\"@type\":\"EntryPoint\",\"urlTemplate\":\"https:\/\/thanhphatpc.com\/?s={search_term_string}\"},\"query-input\":{\"@type\":\"PropertyValueSpecification\",\"valueRequired\":true,\"valueName\":\"search_term_string\"}}],\"inLanguage\":\"en-US\"}]}<\/script>\n<!-- \/ Yoast SEO plugin. -->","yoast_head_json":{"title":"B\u1ed9 B\u00e0n Ph\u00edm V\u00e0 Chu\u1ed9t Kh\u00f4ng D\u00e2y Fuhlen MK650 (\u0110en\/Tr\u1eafng) - ThanhPhat PC","robots":{"index":"index","follow":"follow","max-snippet":"max-snippet:-1","max-image-preview":"max-image-preview:large","max-video-preview":"max-video-preview:-1"},"canonical":"https:\/\/thanhphatpc.com\/en\/bo-ban-phim-va-chuot-khong-day-fuhlen-mk650-den-trang\/","og_locale":"en_US","og_type":"article","og_title":"B\u1ed9 B\u00e0n Ph\u00edm V\u00e0 Chu\u1ed9t Kh\u00f4ng D\u00e2y Fuhlen MK650 (\u0110en\/Tr\u1eafng) - ThanhPhat PC","og_description":"B\u00e0n ph\u00edm thi\u1ebft k\u1ebf tinh t\u1ebf, ph\u00edm b\u1ea5m \u00eam \u00e1i  Chu\u1ed9t thi\u1ebft k\u1ebf \u0111\u1ed1i x\u1ee9ng ho\u00e0n to\u00e0n ph\u00f9 h\u1ee3p v\u1edbi c\u1ea3 hai tay ph\u1ea3i, tr\u00e1i, tho\u1ea3i m\u00e1i khi s\u1eed d\u1ee5ng.  \u0110\u1ed9 ph\u00e2n gi\u1ea3i 1000DPI, ch\u1ea1y \u0111\u01b0\u1ee3c tr\u00ean nhi\u1ec1u m\u1eb7t ph\u1eb3ng,con tr\u1ecf kh\u00f4ng b\u1ecb rung, t\u1ef1 \u0111\u1ed9ng \u0111i\u1ec1u ch\u1ec9nh k\u00eanh thu s\u00f3ng, tr\u00e1nh nhi\u1ec5u, kho\u1ea3ng c\u00e1ch ho\u1ea1t \u0111\u1ed9ng 10m.  Tu\u1ed5i th\u1ecd pin: 12 th\u00e1ng, s\u1eed d\u1ee5ng 1 pin AA Alkaline v\u00e0 1 pin AAA  C\u00f4ng ngh\u1ec7 ti\u1ebft ki\u1ec7m n\u0103ng l\u01b0\u1ee3ng","og_url":"https:\/\/thanhphatpc.com\/en\/bo-ban-phim-va-chuot-khong-day-fuhlen-mk650-den-trang\/","og_site_name":"ThanhPhat PC","article_modified_time":"2021-08-07T15:49:27+00:00","og_image":[{"width":800,"height":800,"url":"https:\/\/thanhphatpc.com\/wp-content\/uploads\/2021\/08\/MK-1.jpg","type":"image\/jpeg"}],"twitter_card":"summary_large_image","twitter_misc":{"Est. reading time":"3 minutes"},"schema":{"@context":"https:\/\/schema.org","@graph":[{"@type":"WebPage","@id":"https:\/\/thanhphatpc.com\/bo-ban-phim-va-chuot-khong-day-fuhlen-mk650-den-trang\/","url":"https:\/\/thanhphatpc.com\/bo-ban-phim-va-chuot-khong-day-fuhlen-mk650-den-trang\/","name":"B\u1ed9 B\u00e0n Ph\u00edm V\u00e0 Chu\u1ed9t Kh\u00f4ng D\u00e2y Fuhlen MK650 (\u0110en\/Tr\u1eafng) - ThanhPhat PC","isPartOf":{"@id":"https:\/\/thanhphatpc.com\/#website"},"primaryImageOfPage":{"@id":"https:\/\/thanhphatpc.com\/bo-ban-phim-va-chuot-khong-day-fuhlen-mk650-den-trang\/#primaryimage"},"image":{"@id":"https:\/\/thanhphatpc.com\/bo-ban-phim-va-chuot-khong-day-fuhlen-mk650-den-trang\/#primaryimage"},"thumbnailUrl":"https:\/\/thanhphatpc.com\/wp-content\/uploads\/2021\/08\/MK-1.jpg","datePublished":"2021-08-07T07:18:52+00:00","dateModified":"2021-08-07T15:49:27+00:00","breadcrumb":{"@id":"https:\/\/thanhphatpc.com\/bo-ban-phim-va-chuot-khong-day-fuhlen-mk650-den-trang\/#breadcrumb"},"inLanguage":"en-US","potentialAction":[{"@type":"ReadAction","target":["https:\/\/thanhphatpc.com\/bo-ban-phim-va-chuot-khong-day-fuhlen-mk650-den-trang\/"]}]},{"@type":"ImageObject","inLanguage":"en-US","@id":"https:\/\/thanhphatpc.com\/bo-ban-phim-va-chuot-khong-day-fuhlen-mk650-den-trang\/#primaryimage","url":"https:\/\/thanhphatpc.com\/wp-content\/uploads\/2021\/08\/MK-1.jpg","contentUrl":"https:\/\/thanhphatpc.com\/wp-content\/uploads\/2021\/08\/MK-1.jpg","width":800,"height":800},{"@type":"BreadcrumbList","@id":"https:\/\/thanhphatpc.com\/bo-ban-phim-va-chuot-khong-day-fuhlen-mk650-den-trang\/#breadcrumb","itemListElement":[{"@type":"ListItem","position":1,"name":"Trang ch\u1ee7","item":"https:\/\/thanhphatpc.com\/"},{"@type":"ListItem","position":2,"name":"C\u1eeda h\u00e0ng","item":"https:\/\/thanhphatpc.com\/cua-hang\/"},{"@type":"ListItem","position":3,"name":"B\u1ed9 B\u00e0n Ph\u00edm V\u00e0 Chu\u1ed9t Kh\u00f4ng D\u00e2y Fuhlen MK650 (\u0110en\/Tr\u1eafng)"}]},{"@type":"WebSite","@id":"https:\/\/thanhphatpc.com\/#website","url":"https:\/\/thanhphatpc.com\/","name":"ThanhPhat PC","description":"D\u1ecbch v\u1ee5 ho\u00e0n h\u1ea3o","potentialAction":[{"@type":"SearchAction","target":{"@type":"EntryPoint","urlTemplate":"https:\/\/thanhphatpc.com\/?s={search_term_string}"},"query-input":{"@type":"PropertyValueSpecification","valueRequired":true,"valueName":"search_term_string"}}],"inLanguage":"en-US"}]}},"_links":{"self":[{"href":"https:\/\/thanhphatpc.com\/en\/wp-json\/wp\/v2\/product\/9069","targetHints":{"allow":["GET"]}}],"collection":[{"href":"https:\/\/thanhphatpc.com\/en\/wp-json\/wp\/v2\/product"}],"about":[{"href":"https:\/\/thanhphatpc.com\/en\/wp-json\/wp\/v2\/types\/product"}],"replies":[{"embeddable":true,"href":"https:\/\/thanhphatpc.com\/en\/wp-json\/wp\/v2\/comments?post=9069"}],"wp:featuredmedia":[{"embeddable":true,"href":"https:\/\/thanhphatpc.com\/en\/wp-json\/wp\/v2\/media\/9071"}],"wp:attachment":[{"href":"https:\/\/thanhphatpc.com\/en\/wp-json\/wp\/v2\/media?parent=9069"}],"wp:term":[{"taxonomy":"product_cat","embeddable":true,"href":"https:\/\/thanhphatpc.com\/en\/wp-json\/wp\/v2\/product_cat?post=9069"},{"taxonomy":"product_tag","embeddable":true,"href":"https:\/\/thanhphatpc.com\/en\/wp-json\/wp\/v2\/product_tag?post=9069"}],"curies":[{"name":"wp","href":"https:\/\/api.w.org\/{rel}","templated":true}]}}