{"id":9074,"date":"2021-08-23T13:50:52","date_gmt":"2021-08-23T06:50:52","guid":{"rendered":"https:\/\/thanhphatpc.com\/?post_type=product&#038;p=9074"},"modified":"2024-04-28T11:51:53","modified_gmt":"2024-04-28T04:51:53","slug":"camera-speed-dome-ip-2mp-dahua-dh-sd29204ue-gn-w","status":"publish","type":"product","link":"https:\/\/thanhphatpc.com\/en\/camera-speed-dome-ip-2mp-dahua-dh-sd29204ue-gn-w\/","title":{"rendered":"Camera Speed Dome IP 2MP Dahua DH-SD29204UE-GN-W"},"content":{"rendered":"<div class=\"col-md-6 az-single-product-short-description\">\n<div class=\"summary entry-summary\">\n<div class=\"a2a_kit a2a_kit_size_26 addtoany_list\">\n<div class=\"fb-like fb_iframe_widget\" data-href=\"https:\/\/vuhoangtelecom.vn\/san-pham\/camera-speed-dome-ip-2mp-dahua-sd29204ue-gn-w\/\" data-width=\"90\" data-layout=\"button\" data-ref=\"addtoany\"><\/div>\n<p><strong style=\"color: #555555;font-size: 14.4px\">Dahua\u00a0SD29204UE-GN-W<\/strong><span style=\"color: #555555;font-size: 14.4px\"> l\u00e0 Camera IP Speed Dome c\u00f3 \u0111\u1ed9 ph\u00e2n gi\u1ea3i 2Megapixel. Cho t\u1ea7m quan s\u00e1t xa 40m, Zoom quang 4X, h\u1ed7 tr\u1ee3 Mic\/Alarm. T\u00edch h\u1ed7 tr\u1ee3 khe c\u1eafm th\u1ebb nh\u1edb Micro SD, up to 64GB, b\u00e1n gi\u00e1 t\u1ed1t t\u1ea1i www.thanhphatpc.com<\/span><\/p>\n<\/div>\n<\/div>\n<div>\n<figure id=\"attachment_10184\" aria-describedby=\"caption-attachment-10184\" style=\"width: 944px\" class=\"wp-caption aligncenter\"><img loading=\"lazy\" decoding=\"async\" class=\"size-full wp-image-10184\" src=\"https:\/\/thanhphatpc.com\/wp-content\/uploads\/2021\/08\/011.png\" alt=\"Camera Speed Dome IP 2MP Dahua DH-SD29204UE-GN-W\" width=\"944\" height=\"616\" srcset=\"https:\/\/thanhphatpc.com\/wp-content\/uploads\/2021\/08\/011.png 944w, https:\/\/thanhphatpc.com\/wp-content\/uploads\/2021\/08\/011-510x333.png 510w, https:\/\/thanhphatpc.com\/wp-content\/uploads\/2021\/08\/011-300x196.png 300w, https:\/\/thanhphatpc.com\/wp-content\/uploads\/2021\/08\/011-768x501.png 768w\" sizes=\"auto, (max-width: 944px) 100vw, 944px\" \/><figcaption id=\"caption-attachment-10184\" class=\"wp-caption-text\">Camera Speed Dome IP 2MP Dahua DH-SD29204UE-GN-W<\/figcaption><\/figure>\n<\/div>\n<\/div>\n<div class=\"col-md-12\">\n<div class=\"title-tabs mb-30 mt-30\">\n<div class=\"content-tabs tabs-mota\">\n<p>&nbsp;<\/p>\n<p><strong>DAHUA SD29204UE-GN-W h\u1ed7 tr\u1ee3 c\u00e1c t\u00ednh n\u0103ng th\u00f4ng minh:<\/strong><br \/>\n\u2013 Nh\u1eadn di\u1ec7n khu\u00f4n m\u1eb7t, ph\u00e1t hi\u1ec7n thay \u0111\u1ed5i hi\u1ec7n tr\u01b0\u1eddng.<br \/>\n\u2013 Ph\u00e1t hi\u1ec7n \u0111\u1ed3 b\u1ecf qu\u00ean, thi\u1ebft l\u1eadp h\u00e0ng r\u00e0o \u1ea3o.<\/p>\n<h2><strong>Th\u00f4ng s\u1ed1 k\u1ef9 thu\u1eadt camera Speed Dome IP 2MP DAHUA SD29204UE-GN-W<\/strong><\/h2>\n<p>\u2013\u00a0C\u1ea3m bi\u1ebfn STARVIS\u2122 CMOS k\u00edch th\u01b0\u1edbc 1\/2.8\u2033.<br \/>\n\u2013 \u0110\u1ed9 ph\u00e2n gi\u1ea3i 2 Megapixel 25\/30fps@1080P.<br \/>\n\u2013 \u00d4\u0301ng k\u00ednh zoom quang h\u1ecdc 4x (2.7mm~11mm), zoom s\u1ed1 16x.<br \/>\n\u2013 H\u1ed3ng ngo\u1ea1i 30m.<br \/>\n\u2013 T\u00edch h\u1ee3p Wi-Fi.<br \/>\n\u2013 Ch\u1ed1ng ng\u01b0\u1ee3c s\u00e1ng WDR(120db).<br \/>\n\u2013 Ch\u1ebf \u0111\u1ed9 ng\u00e0y \u0111\u00eam(ICR), t\u1ef1 \u0111\u1ed9ng c\u00e2n b\u1eb1ng tr\u1eafng (AWB), T\u1ef1 \u0111\u1ed9ng b\u00f9 s\u00e1ng (AGC), ch\u1ed1ng ng\u01b0\u1ee3c s\u00e1ng (BLC,HLC).<br \/>\n\u2013 Ch\u1ed1ng nhi\u1ec5u (3D-DNR), t\u1ef1 \u0111\u1ed9ng \u0111i\u1ec1u ch\u1ec9nh \u00e1nh s\u00e1ng (Auto iris), t\u1ef1 \u0111\u1ed9ng l\u1ea5y n\u00e9t.<br \/>\n\u2013 C\u00f4ng ngh\u1ec7 Starlight v\u1edbi \u0111\u1ed9 nh\u1ea1y s\u00e1ng c\u1ef1c th\u1ea5p 0.005Lux\/F1.6 (\u1ea3nh m\u00e0u), v\u00e0 0Lux\/F1.6 (\u1ea3nh h\u1ed3ng ngo\u1ea1i)<br \/>\n\u2013 Quay qu\u00e9t ngang (PAN) 360\u00b0 t\u1ed1c \u0111\u1ed9 100\u00b0\/s, quay d\u1ecdc l\u00ean xu\u1ed1ng 90\u00b0 t\u1ed1c \u0111\u1ed9 60\u00b0\/s.<br \/>\n\u2013 H\u1ed7 tr\u1ee3 l\u1eadt h\u00ecnh 180\u00b0, h\u1ed7 tr\u1ee3 c\u00e0i \u0111\u1eb7t tr\u01b0\u1edbc(preset) 300 \u0111i\u1ec3m, 5 khu\u00f4n m\u1eabu (Pattern), 8 h\u00e0nh tr\u00ecnh (Tour). T\u1ef1 \u0111\u1ed9ng qu\u00e9t v\u00e0 t\u1ef1 \u0111\u1ed9ng quay(Auto Scan), (Auto Pan).<br \/>\n\u2013 T\u00edch h\u1ee3p m\u00edc v\u1edbi chu\u1ea9n \u00e2m thanh G.711a\/G.711Mu(32kbps)\/PCM l\u00ean \u0111\u1ebfn(128kbps).<br \/>\n\u2013 T\u00edch h\u1ed7 tr\u1ee3 khe c\u1eafm th\u1ebb nh\u1edb Micro SD, up to 128GB.<br \/>\n\u2013 \u0110i\u1ec7n \u00e1p DC12V, c\u00f4ng su\u1ea5t 10W, 13W (IR on).<br \/>\n\u2013 M\u00f4i tr\u01b0\u1eddng l\u00e0m vi\u1ec7c t\u1eeb -30\u00baC ~ 60\u00baC.<br \/>\n\u2013 K\u00edch th\u01b0\u1edbc\u03a6132.7 (mm) x 116.5 (mm).<br \/>\n\u2013 Tr\u1ecdng l\u01b0\u1ee3ng 0.95Kg.<br \/>\n\u2013 H\u1ed7 tr\u1ee3 c\u00e1c t\u00ednh n\u0103ng th\u00f4ng minh: nh\u1eadn di\u1ec7n khu\u00f4n m\u1eb7t, ph\u00e1t hi\u1ec7n thay \u0111\u1ed5i hi\u1ec7n tr\u01b0\u1eddng, ph\u00e1t hi\u1ec7n \u0111\u1ed3 b\u1ecf qu\u00ean, thi\u1ebft l\u1eadp h\u00e0ng r\u00e0o \u1ea3o \u2026..<br \/>\n\u2013 S\u1ea3n xu\u1ea5t t\u1ea1i Trung Qu\u1ed1c.<br \/>\n\u2013 B\u1ea3o h\u00e0nh: 24 th\u00e1ng.<\/p>\n<\/div>\n<\/div>\n<\/div>","protected":false},"excerpt":{"rendered":"<p>\u2013 \u0110\u1ed9 ph\u00e2n gi\u1ea3i 2.0 Megapixels, 1\/2.8\u201d CMOS.<br \/>\n\u2013 \u1ed0ng k\u00ednh zoom quang h\u1ecdc 4x (2.7mm~11mm), zoom s\u1ed1 16x.<br \/>\n\u2013 T\u1ea7m xa h\u1ed3ng ngo\u1ea1i 30m, t\u00edch h\u1ee3p Wi-Fi, t\u00edch h\u1ee3p m\u00edc.<br \/>\n\u2013 T\u00edch h\u1ed7 tr\u1ee3 khe c\u1eafm th\u1ebb nh\u1edb Micro SD, up to 128GB.<br \/>\n\u2013 H\u1ed7 tr\u1ee3 c\u00f4ng ngh\u1ec7 Starlight.<\/p>","protected":false},"featured_media":10183,"comment_status":"open","ping_status":"closed","template":"","meta":{"_acf_changed":false},"product_cat":[380],"product_tag":[],"class_list":{"0":"post-9074","1":"product","2":"type-product","3":"status-publish","4":"has-post-thumbnail","6":"product_cat-camera-wifi","8":"first","9":"instock","10":"sale","11":"shipping-taxable","12":"purchasable","13":"product-type-simple"},"acf":[],"yoast_head":"<!-- This site is optimized with the Yoast SEO plugin v23.8 - https:\/\/yoast.com\/wordpress\/plugins\/seo\/ -->\n<title>Camera Speed Dome IP 2MP Dahua DH-SD29204UE-GN-W - ThanhPhat PC<\/title>\n<meta name=\"robots\" content=\"index, follow, max-snippet:-1, max-image-preview:large, max-video-preview:-1\" \/>\n<link rel=\"canonical\" href=\"https:\/\/thanhphatpc.com\/en\/camera-speed-dome-ip-2mp-dahua-dh-sd29204ue-gn-w\/\" \/>\n<meta property=\"og:locale\" content=\"en_US\" \/>\n<meta property=\"og:type\" content=\"article\" \/>\n<meta property=\"og:title\" content=\"Camera Speed Dome IP 2MP Dahua DH-SD29204UE-GN-W - ThanhPhat PC\" \/>\n<meta property=\"og:description\" content=\"\u2013 \u0110\u1ed9 ph\u00e2n gi\u1ea3i 2.0 Megapixels, 1\/2.8\u201d CMOS. \u2013 \u1ed0ng k\u00ednh zoom quang h\u1ecdc 4x (2.7mm~11mm), zoom s\u1ed1 16x. \u2013 T\u1ea7m xa h\u1ed3ng ngo\u1ea1i 30m, t\u00edch h\u1ee3p Wi-Fi, t\u00edch h\u1ee3p m\u00edc. \u2013 T\u00edch h\u1ed7 tr\u1ee3 khe c\u1eafm th\u1ebb nh\u1edb Micro SD, up to 128GB. \u2013 H\u1ed7 tr\u1ee3 c\u00f4ng ngh\u1ec7 Starlight.\" \/>\n<meta property=\"og:url\" content=\"https:\/\/thanhphatpc.com\/en\/camera-speed-dome-ip-2mp-dahua-dh-sd29204ue-gn-w\/\" \/>\n<meta property=\"og:site_name\" content=\"ThanhPhat PC\" \/>\n<meta property=\"article:modified_time\" content=\"2024-04-28T04:51:53+00:00\" \/>\n<meta property=\"og:image\" content=\"https:\/\/thanhphatpc.com\/wp-content\/uploads\/2021\/08\/010.png\" \/>\n\t<meta property=\"og:image:width\" content=\"563\" \/>\n\t<meta property=\"og:image:height\" content=\"671\" \/>\n\t<meta property=\"og:image:type\" content=\"image\/png\" \/>\n<meta name=\"twitter:card\" content=\"summary_large_image\" \/>\n<meta name=\"twitter:label1\" content=\"Est. reading time\" \/>\n\t<meta name=\"twitter:data1\" content=\"3 minutes\" \/>\n<script type=\"application\/ld+json\" class=\"yoast-schema-graph\">{\"@context\":\"https:\/\/schema.org\",\"@graph\":[{\"@type\":\"WebPage\",\"@id\":\"https:\/\/thanhphatpc.com\/camera-speed-dome-ip-2mp-dahua-dh-sd29204ue-gn-w\/\",\"url\":\"https:\/\/thanhphatpc.com\/camera-speed-dome-ip-2mp-dahua-dh-sd29204ue-gn-w\/\",\"name\":\"Camera Speed Dome IP 2MP Dahua DH-SD29204UE-GN-W - ThanhPhat PC\",\"isPartOf\":{\"@id\":\"https:\/\/thanhphatpc.com\/#website\"},\"primaryImageOfPage\":{\"@id\":\"https:\/\/thanhphatpc.com\/camera-speed-dome-ip-2mp-dahua-dh-sd29204ue-gn-w\/#primaryimage\"},\"image\":{\"@id\":\"https:\/\/thanhphatpc.com\/camera-speed-dome-ip-2mp-dahua-dh-sd29204ue-gn-w\/#primaryimage\"},\"thumbnailUrl\":\"https:\/\/thanhphatpc.com\/wp-content\/uploads\/2021\/08\/010.png\",\"datePublished\":\"2021-08-23T06:50:52+00:00\",\"dateModified\":\"2024-04-28T04:51:53+00:00\",\"breadcrumb\":{\"@id\":\"https:\/\/thanhphatpc.com\/camera-speed-dome-ip-2mp-dahua-dh-sd29204ue-gn-w\/#breadcrumb\"},\"inLanguage\":\"en-US\",\"potentialAction\":[{\"@type\":\"ReadAction\",\"target\":[\"https:\/\/thanhphatpc.com\/camera-speed-dome-ip-2mp-dahua-dh-sd29204ue-gn-w\/\"]}]},{\"@type\":\"ImageObject\",\"inLanguage\":\"en-US\",\"@id\":\"https:\/\/thanhphatpc.com\/camera-speed-dome-ip-2mp-dahua-dh-sd29204ue-gn-w\/#primaryimage\",\"url\":\"https:\/\/thanhphatpc.com\/wp-content\/uploads\/2021\/08\/010.png\",\"contentUrl\":\"https:\/\/thanhphatpc.com\/wp-content\/uploads\/2021\/08\/010.png\",\"width\":563,\"height\":671,\"caption\":\"Camera Speed Dome IP 2MP Dahua DH-SD29204UE-GN-W\"},{\"@type\":\"BreadcrumbList\",\"@id\":\"https:\/\/thanhphatpc.com\/camera-speed-dome-ip-2mp-dahua-dh-sd29204ue-gn-w\/#breadcrumb\",\"itemListElement\":[{\"@type\":\"ListItem\",\"position\":1,\"name\":\"Trang ch\u1ee7\",\"item\":\"https:\/\/thanhphatpc.com\/\"},{\"@type\":\"ListItem\",\"position\":2,\"name\":\"C\u1eeda h\u00e0ng\",\"item\":\"https:\/\/thanhphatpc.com\/cua-hang\/\"},{\"@type\":\"ListItem\",\"position\":3,\"name\":\"Camera Speed Dome IP 2MP Dahua DH-SD29204UE-GN-W\"}]},{\"@type\":\"WebSite\",\"@id\":\"https:\/\/thanhphatpc.com\/#website\",\"url\":\"https:\/\/thanhphatpc.com\/\",\"name\":\"ThanhPhat PC\",\"description\":\"D\u1ecbch v\u1ee5 ho\u00e0n h\u1ea3o\",\"potentialAction\":[{\"@type\":\"SearchAction\",\"target\":{\"@type\":\"EntryPoint\",\"urlTemplate\":\"https:\/\/thanhphatpc.com\/?s={search_term_string}\"},\"query-input\":{\"@type\":\"PropertyValueSpecification\",\"valueRequired\":true,\"valueName\":\"search_term_string\"}}],\"inLanguage\":\"en-US\"}]}<\/script>\n<!-- \/ Yoast SEO plugin. -->","yoast_head_json":{"title":"Camera Speed Dome IP 2MP Dahua DH-SD29204UE-GN-W - ThanhPhat PC","robots":{"index":"index","follow":"follow","max-snippet":"max-snippet:-1","max-image-preview":"max-image-preview:large","max-video-preview":"max-video-preview:-1"},"canonical":"https:\/\/thanhphatpc.com\/en\/camera-speed-dome-ip-2mp-dahua-dh-sd29204ue-gn-w\/","og_locale":"en_US","og_type":"article","og_title":"Camera Speed Dome IP 2MP Dahua DH-SD29204UE-GN-W - ThanhPhat PC","og_description":"\u2013 \u0110\u1ed9 ph\u00e2n gi\u1ea3i 2.0 Megapixels, 1\/2.8\u201d CMOS. \u2013 \u1ed0ng k\u00ednh zoom quang h\u1ecdc 4x (2.7mm~11mm), zoom s\u1ed1 16x. \u2013 T\u1ea7m xa h\u1ed3ng ngo\u1ea1i 30m, t\u00edch h\u1ee3p Wi-Fi, t\u00edch h\u1ee3p m\u00edc. \u2013 T\u00edch h\u1ed7 tr\u1ee3 khe c\u1eafm th\u1ebb nh\u1edb Micro SD, up to 128GB. \u2013 H\u1ed7 tr\u1ee3 c\u00f4ng ngh\u1ec7 Starlight.","og_url":"https:\/\/thanhphatpc.com\/en\/camera-speed-dome-ip-2mp-dahua-dh-sd29204ue-gn-w\/","og_site_name":"ThanhPhat PC","article_modified_time":"2024-04-28T04:51:53+00:00","og_image":[{"width":563,"height":671,"url":"https:\/\/thanhphatpc.com\/wp-content\/uploads\/2021\/08\/010.png","type":"image\/png"}],"twitter_card":"summary_large_image","twitter_misc":{"Est. reading time":"3 minutes"},"schema":{"@context":"https:\/\/schema.org","@graph":[{"@type":"WebPage","@id":"https:\/\/thanhphatpc.com\/camera-speed-dome-ip-2mp-dahua-dh-sd29204ue-gn-w\/","url":"https:\/\/thanhphatpc.com\/camera-speed-dome-ip-2mp-dahua-dh-sd29204ue-gn-w\/","name":"Camera Speed Dome IP 2MP Dahua DH-SD29204UE-GN-W - ThanhPhat PC","isPartOf":{"@id":"https:\/\/thanhphatpc.com\/#website"},"primaryImageOfPage":{"@id":"https:\/\/thanhphatpc.com\/camera-speed-dome-ip-2mp-dahua-dh-sd29204ue-gn-w\/#primaryimage"},"image":{"@id":"https:\/\/thanhphatpc.com\/camera-speed-dome-ip-2mp-dahua-dh-sd29204ue-gn-w\/#primaryimage"},"thumbnailUrl":"https:\/\/thanhphatpc.com\/wp-content\/uploads\/2021\/08\/010.png","datePublished":"2021-08-23T06:50:52+00:00","dateModified":"2024-04-28T04:51:53+00:00","breadcrumb":{"@id":"https:\/\/thanhphatpc.com\/camera-speed-dome-ip-2mp-dahua-dh-sd29204ue-gn-w\/#breadcrumb"},"inLanguage":"en-US","potentialAction":[{"@type":"ReadAction","target":["https:\/\/thanhphatpc.com\/camera-speed-dome-ip-2mp-dahua-dh-sd29204ue-gn-w\/"]}]},{"@type":"ImageObject","inLanguage":"en-US","@id":"https:\/\/thanhphatpc.com\/camera-speed-dome-ip-2mp-dahua-dh-sd29204ue-gn-w\/#primaryimage","url":"https:\/\/thanhphatpc.com\/wp-content\/uploads\/2021\/08\/010.png","contentUrl":"https:\/\/thanhphatpc.com\/wp-content\/uploads\/2021\/08\/010.png","width":563,"height":671,"caption":"Camera Speed Dome IP 2MP Dahua DH-SD29204UE-GN-W"},{"@type":"BreadcrumbList","@id":"https:\/\/thanhphatpc.com\/camera-speed-dome-ip-2mp-dahua-dh-sd29204ue-gn-w\/#breadcrumb","itemListElement":[{"@type":"ListItem","position":1,"name":"Trang ch\u1ee7","item":"https:\/\/thanhphatpc.com\/"},{"@type":"ListItem","position":2,"name":"C\u1eeda h\u00e0ng","item":"https:\/\/thanhphatpc.com\/cua-hang\/"},{"@type":"ListItem","position":3,"name":"Camera Speed Dome IP 2MP Dahua DH-SD29204UE-GN-W"}]},{"@type":"WebSite","@id":"https:\/\/thanhphatpc.com\/#website","url":"https:\/\/thanhphatpc.com\/","name":"ThanhPhat PC","description":"D\u1ecbch v\u1ee5 ho\u00e0n h\u1ea3o","potentialAction":[{"@type":"SearchAction","target":{"@type":"EntryPoint","urlTemplate":"https:\/\/thanhphatpc.com\/?s={search_term_string}"},"query-input":{"@type":"PropertyValueSpecification","valueRequired":true,"valueName":"search_term_string"}}],"inLanguage":"en-US"}]}},"_links":{"self":[{"href":"https:\/\/thanhphatpc.com\/en\/wp-json\/wp\/v2\/product\/9074","targetHints":{"allow":["GET"]}}],"collection":[{"href":"https:\/\/thanhphatpc.com\/en\/wp-json\/wp\/v2\/product"}],"about":[{"href":"https:\/\/thanhphatpc.com\/en\/wp-json\/wp\/v2\/types\/product"}],"replies":[{"embeddable":true,"href":"https:\/\/thanhphatpc.com\/en\/wp-json\/wp\/v2\/comments?post=9074"}],"wp:featuredmedia":[{"embeddable":true,"href":"https:\/\/thanhphatpc.com\/en\/wp-json\/wp\/v2\/media\/10183"}],"wp:attachment":[{"href":"https:\/\/thanhphatpc.com\/en\/wp-json\/wp\/v2\/media?parent=9074"}],"wp:term":[{"taxonomy":"product_cat","embeddable":true,"href":"https:\/\/thanhphatpc.com\/en\/wp-json\/wp\/v2\/product_cat?post=9074"},{"taxonomy":"product_tag","embeddable":true,"href":"https:\/\/thanhphatpc.com\/en\/wp-json\/wp\/v2\/product_tag?post=9074"}],"curies":[{"name":"wp","href":"https:\/\/api.w.org\/{rel}","templated":true}]}}