{"id":9083,"date":"2021-08-25T12:07:27","date_gmt":"2021-08-25T05:07:27","guid":{"rendered":"https:\/\/thanhphatpc.com\/?post_type=product&#038;p=9083"},"modified":"2022-08-29T07:55:03","modified_gmt":"2022-08-29T00:55:03","slug":"laptop-hp-14-dq2055wm-39k15ua-i3-1115g4-4gb-256gb-ssd-14fhd-vga-on-win10-silver","status":"publish","type":"product","link":"https:\/\/thanhphatpc.com\/en\/laptop-hp-14-dq2055wm-39k15ua-i3-1115g4-4gb-256gb-ssd-14fhd-vga-on-win10-silver\/","title":{"rendered":"Laptop HP 14s-dq2626TU 6R9M5PA (I3-1115G4\/ 8GB\/ 256GB SSD\/ 14inch\/ VGA ON\/ Win11\/ Silver)"},"content":{"rendered":"<h2><strong>Laptop HP 14s-dq2626TU 6R9M5PA<\/strong><\/h2>\n<h2><strong>Laptop chu\u1ea9n v\u0103n ph\u00f2ng<\/strong><\/h2>\n<p><strong>\u00a0<\/strong><\/p>\n<h3><strong>V\u1ebb ngo\u00e0i trang nh\u00e3<\/strong><\/h3>\n<p>&nbsp;<\/p>\n<p><strong><img decoding=\"async\" class=\"aligncenter\" src=\"https:\/\/anphat.com.vn\/media\/lib\/07-07-2022\/laptop-hp-14s-dq2620tu-6k774pa-1.jpg\" alt=\"\" \/><\/strong><\/p>\n<p><strong>Laptop HP 14s-dq2620TU 6K774PA<\/strong> l\u00e0 laptop thu\u1ed9c d\u00f2ng laptop 14 inch c\u1ee7a HP \u0111\u01b0\u1ee3c r\u1ea5t nhi\u1ec1u nh\u00e2n vi\u00ean v\u0103n ph\u00f2ng v\u00e0 gi\u1edbi doanh nh\u00e2n \u01b0a chu\u1ed9ng.<\/p>\n<p>V\u1edbi nh\u1eefng \u0111\u01b0\u1eddng bo g\u00f3c tinh t\u1ebf, k\u00edch th\u01b0\u1edbc g\u1ecdn nh\u1eb9, c\u00e2n n\u1eb7ng ch\u1ec9 <strong>1,46kg<\/strong> v\u00e0 m\u1ecfng <strong>1,79cm<\/strong> c\u00f9ng l\u1edbp v\u1ecf nh\u1ef1a nh\u00e1m m\u00e0u b\u1ea1c th\u00ec chi\u1ebfc laptop n\u00e0y th\u1ef1c s\u1ef1 l\u00e0 m\u1ed9t \u0111i\u1ec3m nh\u1ea5n tr\u00ean b\u00e0n l\u00e0m vi\u1ec7c c\u1ee7a b\u1ea1n.<\/p>\n<p><strong>\u00a0<\/strong><\/p>\n<h3><strong>C\u1ea5u h\u00ecnh chuy\u00ean ph\u1ee5c v\u1ee5 c\u00f4ng vi\u1ec7c<\/strong><\/h3>\n<p>&nbsp;<\/p>\n<p><strong><img decoding=\"async\" class=\"aligncenter\" src=\"https:\/\/anphat.com.vn\/media\/lib\/07-07-2022\/laptop-hp-14s-dq2620tu-6k774pa-4.jpg\" alt=\"\" \/><\/strong><\/p>\n<p><strong>HP 14s-dq2620TU 6K774PA<\/strong> s\u1eed d\u1ee5ng b\u1ed9 vi x\u1eed l\u00fd <strong>Intel Core i3-1115G4<\/strong>. \u0110\u00e2y l\u00e0 m\u1ed9t CPU thu\u1ed9c th\u1ebf h\u1ec7 th\u1ee9 11 c\u1ee7a Intel \u0111\u01b0\u1ee3c s\u1ea3n xu\u1ea5t d\u1ef1a tr\u00ean ti\u1ebfn tr\u00ecnh 10nm ti\u00ean ti\u1ebfn. D\u00f9 ch\u1ec9 c\u00f3 2 nh\u00e2n 4 lu\u1ed3ng nh\u01b0ng v\u1edbi xung nh\u1ecbp l\u00ean t\u1edbi 4.1GHz c\u00f9ng b\u1ed9 nh\u1edb \u0111\u1ec7m 6MB c\u0169ng \u0111\u00e3 \u0111\u1ee7 s\u1ee9c \u0111\u1ec3 gi\u00fap b\u1ea1n x\u1eed l\u00fd nh\u1eefng t\u00e1c v\u1ee5 t\u1ea1i v\u0103n ph\u00f2ng m\u1ed9t c\u00e1ch nhanh ch\u00f3ng.<\/p>\n<p><strong>RAM 8GB<\/strong> xung nh\u1ecbp l\u00ean t\u1edbi 3200MHz \u0111\u01b0\u1ee3c trang b\u1ecb tr\u00ean chi\u1ebfc laptop n\u00e0y c\u0169ng v\u1eeba \u0111\u1ee7 \u0111\u1ec3 laptop c\u00f3 th\u1ec3 m\u1edf \u0111\u01b0\u1ee3c nhi\u1ec1u tab tr\u00ecnh duy\u1ec7t, nhi\u1ec1u v\u0103n b\u1ea3n c\u00f9ng m\u1ed9t l\u00fac gi\u00fap b\u1ea1n quan s\u00e1t x\u1eed l\u00fd c\u00f4ng vi\u1ec7c m\u1ed9t c\u00e1ch ti\u1ec7n l\u1ee3i.<\/p>\n<p>\u1ed4 <strong>SSD 256GB<\/strong> chu\u1ea9n M.2 NVMe s\u1ebd cung c\u1ea5p s\u1ee9c m\u1ea1nh cho chi\u1ebfc laptop kh\u1edfi \u0111\u1ed9ng Windows v\u00e0 ch\u1ea1y c\u00e1c \u1ee9ng d\u1ee5ng nhanh ch\u00f3ng.<\/p>\n<p><strong>\u00a0<\/strong><\/p>\n<h3><strong>M\u00e0n h\u00ecnh s\u1eafc n\u00e9t<\/strong><\/h3>\n<p>&nbsp;<\/p>\n<p><strong><img decoding=\"async\" class=\"aligncenter\" src=\"https:\/\/anphat.com.vn\/media\/lib\/07-07-2022\/laptop-hp-14s-dq2620tu-6k774pa-2.jpg\" alt=\"\" \/><\/strong><\/p>\n<p>Laptop HP 14s phi\u00ean b\u1ea3n n\u00e0y s\u1edf h\u1eefu chi\u1ebfc m\u00e0n h\u00ecnh <strong>14 inch<\/strong> th\u01b0\u01a1ng hi\u1ec7u c\u00f3 2 vi\u1ec1n b\u00ean m\u1ecfng. B\u1ec1 m\u1eb7t c\u1ee7a m\u00e0n h\u00ecnh nh\u00e1m \u0111\u1ec3 h\u1ea1n ch\u1ebf b\u1ecb b\u00f3ng, l\u00f3a s\u00e1ng khi s\u1eed d\u1ee5ng ngo\u00e0i tr\u1eddi.<\/p>\n<p>T\u1ea5m n\u1ec1n c\u1ee7a m\u00e0n h\u00ecnh l\u00e0 <strong>t\u1ea5m n\u1ec1n IPS<\/strong> v\u1edbi \u0111\u1ed9 ph\u00e2n gi\u1ea3i HD (1366x768p) c\u00f9ng \u0111\u1ed9 s\u00e1ng 250nits cho ch\u1ea5t l\u01b0\u1ee3ng h\u00ecnh \u1ea3nh t\u1ed1t, \u0111\u1ee7 s\u1eafc n\u00e9t khi hi\u1ec3n th\u1ecb c\u00e1c chi ti\u1ebft l\u1edbn nh\u1ecf.<\/p>\n<p><strong>\u00a0<\/strong><\/p>\n<h3><strong>B\u00e0n ph\u00edm &amp; Touchpad c\u1ef1c nh\u1ea1y<\/strong><\/h3>\n<p>&nbsp;<\/p>\n<p><strong><img decoding=\"async\" class=\"aligncenter\" src=\"https:\/\/anphat.com.vn\/media\/lib\/07-07-2022\/laptop-hp-14s-dq2620tu-6k774pa-5.jpg\" alt=\"\" \/><\/strong><\/p>\n<p>Ph\u00edm c\u1ee7a Laptop <strong>HP 14s-dq2620TU 6K774PA <\/strong>to, \u0111\u01b0\u1ee3c s\u1eafp x\u1ebfp theo layout ti\u00eau chu\u1ea9n \u0111\u01b0\u1ee3c h\u1ea7u h\u1ebft nh\u1eefng ng\u01b0\u1eddi d\u00f9ng ph\u1ed5 th\u00f4ng \u01b0a chu\u1ed9ng. C\u00e1c ph\u00edm c\u0169ng \u0111\u01b0\u1ee3c bo tr\u00f2n \u1edf g\u00f3c theo phong c\u00e1ch t\u1ed5ng th\u1ec3 c\u1ee7a v\u1ecf m\u00e1y. C\u00e1c k\u00fd t\u1ef1 \u0111\u01b0\u1ee3c in tr\u00ean t\u1eebng ph\u00edm r\u1ea5t r\u00f5 r\u00e0ng. \u0110\u1ed9 n\u1ea3y c\u1ee7a ph\u00edm \u1edf m\u1ee9c nh\u1eb9 t\u1ea1o c\u1ea3m gi\u00e1c d\u1ec5 ch\u1ecbu ph\u00f9 h\u1ee3p cho vi\u1ec7c nh\u1eadp li\u1ec7u, \u0111\u00e1nh m\u00e1y nhi\u1ec1u.<\/p>\n<p>Khu touchpad c\u1ee7a m\u00e1y \u0111\u01b0\u1ee3c thi\u1ebft k\u1ebf t\u1ed1i gi\u1ea3n, kh\u00f4ng c\u00f3 ph\u00e2n chia n\u00fat chu\u1ed9t tr\u00ean n\u00e0y. C\u1ea3m gi\u00e1c khi l\u01b0\u1edbt touchpad r\u1ea5t m\u01b0\u1ee3t v\u00e0 nh\u1ea1y kh\u00f4ng b\u1ecb r\u00edt tay. C\u00e1c thao t\u00e1c \u0111\u1eb7c bi\u1ec7t v\u1edbi tay (gestures) c\u0169ng \u0111\u01b0\u1ee3c th\u1ef1c hi\u1ec7n r\u1ea5t d\u1ec5 d\u00e0ng v\u00e0 ch\u00ednh x\u00e1c tr\u00ean chi\u1ebfc touchpad ch\u1ea5t l\u01b0\u1ee3ng n\u00e0y.<\/p>\n<p><strong>\u00a0<\/strong><\/p>\n<h3><strong>\u00c2m thanh \u1ed5n, pin s\u1eed d\u1ee5ng l\u00e2u<\/strong><\/h3>\n<p>&nbsp;<\/p>\n<p><strong><img decoding=\"async\" class=\"aligncenter\" src=\"https:\/\/anphat.com.vn\/media\/lib\/07-07-2022\/laptop-hp-14s-dq2620tu-6k774pa-6.jpg\" alt=\"\" \/><\/strong><\/p>\n<p>Ngay ph\u00eda tr\u00ean c\u1ee7a m\u1eb7t b\u00e0n ph\u00edm ch\u00ednh l\u00e0 2 chi\u1ebfc loa Stereo cung c\u1ea5p ch\u1ea5t l\u01b0\u1ee3ng \u00e2m thanh \u1edf m\u1ee9c kh\u00e1, h\u1ed7 tr\u1ee3 t\u1ed1t cho c\u00e1c cu\u1ed9c tr\u00f2 chuy\u1ec7n tr\u1ef1c tuy\u1ebfn c\u0169ng nh\u01b0 gi\u1ea3i tr\u00ed \u00e2m nh\u1ea1c, xem phim\u2026<\/p>\n<p>Pin c\u1ee7a <strong>HP 14s-dq2620TU 6K774PA<\/strong> l\u00e0 pin 3 cell Li-ion c\u00f3 dung l\u01b0\u1ee3ng 41Whr. \u0110\u1ee7 \u0111\u1ec3 cho b\u1ea1n s\u1eed d\u1ee5ng chi\u1ebfc laptop n\u00e0y li\u00ean t\u1ee5c t\u1edbi 4-5 ti\u1ebfng khi ch\u1ea1y c\u00e1c \u1ee9ng d\u1ee5ng nh\u1eb9.<\/p>\n<p><strong>\u00a0<\/strong><\/p>\n<h3><strong>K\u1ebft n\u1ed1i &amp; ti\u1ec7n \u00edch \u0111\u1ea7y \u0111\u1ee7<\/strong><\/h3>\n<p>&nbsp;<\/p>\n<p><strong><img decoding=\"async\" class=\"aligncenter\" src=\"https:\/\/anphat.com.vn\/media\/lib\/07-07-2022\/laptop-hp-14s-dq2620tu-6k774pa-3.jpg\" alt=\"\" \/><\/strong><\/p>\n<p>C\u1ea1nh ph\u1ea3i c\u1ee7a laptop l\u00e0 n\u01a1i t\u1eadp trung nh\u1eefng k\u1ebft n\u1ed1i ch\u00ednh g\u1ed3m: 2 x USB Type-A, 1 x USB Type-C, 1 x HDMI 1.4, 1 x jack 3.5<\/p>\n<p>\u1ede c\u1ea1nh tr\u00e1i HP trang b\u1ecb th\u00eam m\u1ed9t khe c\u1eafm th\u1ebb nh\u1edb SD ph\u1ee5c v\u1ee5 cho nhu c\u1ea7u \u0111\u1ecdc, ghi d\u1eef li\u1ec7u ngay tr\u00ean m\u00e1y.<\/p>\n<p>K\u1ebft n\u1ed1i <strong>Bluetooth<\/strong> th\u1ebf h\u1ec7 th\u1ee9 5 gi\u00fap cho laptop c\u00f3 th\u1ec3 nh\u1eadn &amp; truy\u1ec1n d\u1eef li\u1ec7u cho c\u00e1c thi\u1ebft b\u1ecb di \u0111\u1ed9ng kh\u00f4ng d\u00e2y nhanh ch\u00f3ng d\u1ec5 d\u00e0ng.<\/p>\n<p>Webcam v\u1edbi ch\u1ea5t l\u01b0\u1ee3ng <strong>720p <\/strong>t\u00edch h\u1ee3p c\u00f4ng ngh\u1ec7 HD True Vision cho h\u00ecnh \u1ea3nh \u0111\u1ea7u v\u00e0o n\u00e9t v\u00e0 r\u00f5 r\u00e0ng, ph\u1ee5c v\u1ee5 t\u1ed1t cho c\u00e1c cu\u1ed9c hop &amp; h\u1ecdc online.<\/p>\n<p><strong>Windows 11 Home<\/strong> b\u1ea3n quy\u1ec1n \u0111\u00e3 \u0111\u01b0\u1ee3c c\u00e0i s\u1eb5n \u0111\u1ec3 ti\u1ebft ki\u1ec7m chi ph\u00ed v\u00e0 gi\u00fap ng\u01b0\u1eddi d\u00f9ng c\u00f3 th\u1ec3 tr\u1ea3i nghi\u1ec7m ngay nh\u1eefng t\u00ednh n\u0103ng m\u1edbi nh\u1ea5t hi\u1ec7n t\u1ea1i c\u1ee7a h\u1ec7 \u0111i\u1ec1u h\u00e0nh n\u00e0y.<\/p>\n<p><strong>\u00a0<\/strong><\/p>","protected":false},"excerpt":{"rendered":"<ul class=\"ul\">\n<li>\n<h3>&#8211; B\u00f4\u0323 VXL: Core i3 1115G4 3.0Ghz-4Mb<\/h3>\n<\/li>\n<li><i class=\"before\"><\/i><br \/>\n<h3>&#8211; C\u1ea1c \u0111\u1ed3 h\u1ecda: Intel Graphics UHD<\/h3>\n<\/li>\n<li><i class=\"before\"><\/i><br \/>\n<h3>&#8211; B\u1ed9 nh\u1edb: 8Gb (2x4Gb)<\/h3>\n<\/li>\n<li><i class=\"before\"><\/i><br \/>\n<h3>&#8211; \u1ed4 c\u1ee9ng\/ \u1ed4 \u0111\u0129a quang: 256GB SSD PCIe NVMe (M.2 2280)<\/h3>\n<\/li>\n<li><i class=\"before\"><\/i><br \/>\n<h3>&#8211; M\u00e0n h\u00ecnh: 14.0Inch<\/h3>\n<\/li>\n<li><i class=\"before\"><\/i><br \/>\n<h3>&#8211; H\u1ec7 \u0111i\u1ec1u h\u00e0nh: Windows 11 Home<\/h3>\n<\/li>\n<li><i class=\"before\"><\/i><br \/>\n<h3>&#8211; Ma\u0300u s\u0103\u0301c\/ Ch\u00e2\u0301t li\u00ea\u0323u: Silver<\/h3>\n<\/li>\n<li><\/li>\n<\/ul>","protected":false},"featured_media":9085,"comment_status":"open","ping_status":"closed","template":"","meta":{"_acf_changed":false},"product_cat":[360],"product_tag":[],"class_list":{"0":"post-9083","1":"product","2":"type-product","3":"status-publish","4":"has-post-thumbnail","6":"product_cat-hp","8":"first","9":"instock","10":"sale","11":"shipping-taxable","12":"purchasable","13":"product-type-simple"},"acf":[],"yoast_head":"<!-- This site is optimized with the Yoast SEO plugin v23.8 - https:\/\/yoast.com\/wordpress\/plugins\/seo\/ -->\n<title>Laptop HP 14s-dq2626TU 6R9M5PA (I3-1115G4\/ 8GB\/ 256GB SSD\/ 14inch\/ VGA ON\/ Win11\/ Silver) - ThanhPhat PC<\/title>\n<meta name=\"description\" content=\"Laptop v\u0103n ph\u00f2ng\" \/>\n<meta name=\"robots\" content=\"index, follow, max-snippet:-1, max-image-preview:large, max-video-preview:-1\" \/>\n<link rel=\"canonical\" href=\"https:\/\/thanhphatpc.com\/en\/laptop-hp-14-dq2055wm-39k15ua-i3-1115g4-4gb-256gb-ssd-14fhd-vga-on-win10-silver\/\" \/>\n<meta property=\"og:locale\" content=\"en_US\" \/>\n<meta property=\"og:type\" content=\"article\" \/>\n<meta property=\"og:title\" content=\"Laptop HP 14s-dq2626TU 6R9M5PA (I3-1115G4\/ 8GB\/ 256GB SSD\/ 14inch\/ VGA ON\/ Win11\/ Silver) - ThanhPhat PC\" \/>\n<meta property=\"og:description\" content=\"Laptop v\u0103n ph\u00f2ng\" \/>\n<meta property=\"og:url\" content=\"https:\/\/thanhphatpc.com\/en\/laptop-hp-14-dq2055wm-39k15ua-i3-1115g4-4gb-256gb-ssd-14fhd-vga-on-win10-silver\/\" \/>\n<meta property=\"og:site_name\" content=\"ThanhPhat PC\" \/>\n<meta property=\"article:modified_time\" content=\"2022-08-29T00:55:03+00:00\" \/>\n<meta property=\"og:image\" content=\"https:\/\/thanhphatpc.com\/wp-content\/uploads\/2021\/08\/2-2.jpg\" \/>\n\t<meta property=\"og:image:width\" content=\"600\" \/>\n\t<meta property=\"og:image:height\" content=\"600\" \/>\n\t<meta property=\"og:image:type\" content=\"image\/jpeg\" \/>\n<meta name=\"twitter:card\" content=\"summary_large_image\" \/>\n<meta name=\"twitter:label1\" content=\"Est. reading time\" \/>\n\t<meta name=\"twitter:data1\" content=\"5 minutes\" \/>\n<script type=\"application\/ld+json\" class=\"yoast-schema-graph\">{\"@context\":\"https:\/\/schema.org\",\"@graph\":[{\"@type\":\"WebPage\",\"@id\":\"https:\/\/thanhphatpc.com\/laptop-hp-14-dq2055wm-39k15ua-i3-1115g4-4gb-256gb-ssd-14fhd-vga-on-win10-silver\/\",\"url\":\"https:\/\/thanhphatpc.com\/laptop-hp-14-dq2055wm-39k15ua-i3-1115g4-4gb-256gb-ssd-14fhd-vga-on-win10-silver\/\",\"name\":\"Laptop HP 14s-dq2626TU 6R9M5PA (I3-1115G4\/ 8GB\/ 256GB SSD\/ 14inch\/ VGA ON\/ Win11\/ Silver) - ThanhPhat PC\",\"isPartOf\":{\"@id\":\"https:\/\/thanhphatpc.com\/#website\"},\"primaryImageOfPage\":{\"@id\":\"https:\/\/thanhphatpc.com\/laptop-hp-14-dq2055wm-39k15ua-i3-1115g4-4gb-256gb-ssd-14fhd-vga-on-win10-silver\/#primaryimage\"},\"image\":{\"@id\":\"https:\/\/thanhphatpc.com\/laptop-hp-14-dq2055wm-39k15ua-i3-1115g4-4gb-256gb-ssd-14fhd-vga-on-win10-silver\/#primaryimage\"},\"thumbnailUrl\":\"https:\/\/thanhphatpc.com\/wp-content\/uploads\/2021\/08\/2-2.jpg\",\"datePublished\":\"2021-08-25T05:07:27+00:00\",\"dateModified\":\"2022-08-29T00:55:03+00:00\",\"description\":\"Laptop v\u0103n ph\u00f2ng\",\"breadcrumb\":{\"@id\":\"https:\/\/thanhphatpc.com\/laptop-hp-14-dq2055wm-39k15ua-i3-1115g4-4gb-256gb-ssd-14fhd-vga-on-win10-silver\/#breadcrumb\"},\"inLanguage\":\"en-US\",\"potentialAction\":[{\"@type\":\"ReadAction\",\"target\":[\"https:\/\/thanhphatpc.com\/laptop-hp-14-dq2055wm-39k15ua-i3-1115g4-4gb-256gb-ssd-14fhd-vga-on-win10-silver\/\"]}]},{\"@type\":\"ImageObject\",\"inLanguage\":\"en-US\",\"@id\":\"https:\/\/thanhphatpc.com\/laptop-hp-14-dq2055wm-39k15ua-i3-1115g4-4gb-256gb-ssd-14fhd-vga-on-win10-silver\/#primaryimage\",\"url\":\"https:\/\/thanhphatpc.com\/wp-content\/uploads\/2021\/08\/2-2.jpg\",\"contentUrl\":\"https:\/\/thanhphatpc.com\/wp-content\/uploads\/2021\/08\/2-2.jpg\",\"width\":600,\"height\":600},{\"@type\":\"BreadcrumbList\",\"@id\":\"https:\/\/thanhphatpc.com\/laptop-hp-14-dq2055wm-39k15ua-i3-1115g4-4gb-256gb-ssd-14fhd-vga-on-win10-silver\/#breadcrumb\",\"itemListElement\":[{\"@type\":\"ListItem\",\"position\":1,\"name\":\"Trang ch\u1ee7\",\"item\":\"https:\/\/thanhphatpc.com\/\"},{\"@type\":\"ListItem\",\"position\":2,\"name\":\"C\u1eeda h\u00e0ng\",\"item\":\"https:\/\/thanhphatpc.com\/cua-hang\/\"},{\"@type\":\"ListItem\",\"position\":3,\"name\":\"Laptop HP 14s-dq2626TU 6R9M5PA (I3-1115G4\/ 8GB\/ 256GB SSD\/ 14inch\/ VGA ON\/ Win11\/ Silver)\"}]},{\"@type\":\"WebSite\",\"@id\":\"https:\/\/thanhphatpc.com\/#website\",\"url\":\"https:\/\/thanhphatpc.com\/\",\"name\":\"ThanhPhat PC\",\"description\":\"D\u1ecbch v\u1ee5 ho\u00e0n h\u1ea3o\",\"potentialAction\":[{\"@type\":\"SearchAction\",\"target\":{\"@type\":\"EntryPoint\",\"urlTemplate\":\"https:\/\/thanhphatpc.com\/?s={search_term_string}\"},\"query-input\":{\"@type\":\"PropertyValueSpecification\",\"valueRequired\":true,\"valueName\":\"search_term_string\"}}],\"inLanguage\":\"en-US\"}]}<\/script>\n<!-- \/ Yoast SEO plugin. -->","yoast_head_json":{"title":"Laptop HP 14s-dq2626TU 6R9M5PA (I3-1115G4\/ 8GB\/ 256GB SSD\/ 14inch\/ VGA ON\/ Win11\/ Silver) - ThanhPhat PC","description":"Laptop v\u0103n ph\u00f2ng","robots":{"index":"index","follow":"follow","max-snippet":"max-snippet:-1","max-image-preview":"max-image-preview:large","max-video-preview":"max-video-preview:-1"},"canonical":"https:\/\/thanhphatpc.com\/en\/laptop-hp-14-dq2055wm-39k15ua-i3-1115g4-4gb-256gb-ssd-14fhd-vga-on-win10-silver\/","og_locale":"en_US","og_type":"article","og_title":"Laptop HP 14s-dq2626TU 6R9M5PA (I3-1115G4\/ 8GB\/ 256GB SSD\/ 14inch\/ VGA ON\/ Win11\/ Silver) - ThanhPhat PC","og_description":"Laptop v\u0103n ph\u00f2ng","og_url":"https:\/\/thanhphatpc.com\/en\/laptop-hp-14-dq2055wm-39k15ua-i3-1115g4-4gb-256gb-ssd-14fhd-vga-on-win10-silver\/","og_site_name":"ThanhPhat PC","article_modified_time":"2022-08-29T00:55:03+00:00","og_image":[{"width":600,"height":600,"url":"https:\/\/thanhphatpc.com\/wp-content\/uploads\/2021\/08\/2-2.jpg","type":"image\/jpeg"}],"twitter_card":"summary_large_image","twitter_misc":{"Est. reading time":"5 minutes"},"schema":{"@context":"https:\/\/schema.org","@graph":[{"@type":"WebPage","@id":"https:\/\/thanhphatpc.com\/laptop-hp-14-dq2055wm-39k15ua-i3-1115g4-4gb-256gb-ssd-14fhd-vga-on-win10-silver\/","url":"https:\/\/thanhphatpc.com\/laptop-hp-14-dq2055wm-39k15ua-i3-1115g4-4gb-256gb-ssd-14fhd-vga-on-win10-silver\/","name":"Laptop HP 14s-dq2626TU 6R9M5PA (I3-1115G4\/ 8GB\/ 256GB SSD\/ 14inch\/ VGA ON\/ Win11\/ Silver) - ThanhPhat PC","isPartOf":{"@id":"https:\/\/thanhphatpc.com\/#website"},"primaryImageOfPage":{"@id":"https:\/\/thanhphatpc.com\/laptop-hp-14-dq2055wm-39k15ua-i3-1115g4-4gb-256gb-ssd-14fhd-vga-on-win10-silver\/#primaryimage"},"image":{"@id":"https:\/\/thanhphatpc.com\/laptop-hp-14-dq2055wm-39k15ua-i3-1115g4-4gb-256gb-ssd-14fhd-vga-on-win10-silver\/#primaryimage"},"thumbnailUrl":"https:\/\/thanhphatpc.com\/wp-content\/uploads\/2021\/08\/2-2.jpg","datePublished":"2021-08-25T05:07:27+00:00","dateModified":"2022-08-29T00:55:03+00:00","description":"Laptop v\u0103n ph\u00f2ng","breadcrumb":{"@id":"https:\/\/thanhphatpc.com\/laptop-hp-14-dq2055wm-39k15ua-i3-1115g4-4gb-256gb-ssd-14fhd-vga-on-win10-silver\/#breadcrumb"},"inLanguage":"en-US","potentialAction":[{"@type":"ReadAction","target":["https:\/\/thanhphatpc.com\/laptop-hp-14-dq2055wm-39k15ua-i3-1115g4-4gb-256gb-ssd-14fhd-vga-on-win10-silver\/"]}]},{"@type":"ImageObject","inLanguage":"en-US","@id":"https:\/\/thanhphatpc.com\/laptop-hp-14-dq2055wm-39k15ua-i3-1115g4-4gb-256gb-ssd-14fhd-vga-on-win10-silver\/#primaryimage","url":"https:\/\/thanhphatpc.com\/wp-content\/uploads\/2021\/08\/2-2.jpg","contentUrl":"https:\/\/thanhphatpc.com\/wp-content\/uploads\/2021\/08\/2-2.jpg","width":600,"height":600},{"@type":"BreadcrumbList","@id":"https:\/\/thanhphatpc.com\/laptop-hp-14-dq2055wm-39k15ua-i3-1115g4-4gb-256gb-ssd-14fhd-vga-on-win10-silver\/#breadcrumb","itemListElement":[{"@type":"ListItem","position":1,"name":"Trang ch\u1ee7","item":"https:\/\/thanhphatpc.com\/"},{"@type":"ListItem","position":2,"name":"C\u1eeda h\u00e0ng","item":"https:\/\/thanhphatpc.com\/cua-hang\/"},{"@type":"ListItem","position":3,"name":"Laptop HP 14s-dq2626TU 6R9M5PA (I3-1115G4\/ 8GB\/ 256GB SSD\/ 14inch\/ VGA ON\/ Win11\/ Silver)"}]},{"@type":"WebSite","@id":"https:\/\/thanhphatpc.com\/#website","url":"https:\/\/thanhphatpc.com\/","name":"ThanhPhat PC","description":"D\u1ecbch v\u1ee5 ho\u00e0n h\u1ea3o","potentialAction":[{"@type":"SearchAction","target":{"@type":"EntryPoint","urlTemplate":"https:\/\/thanhphatpc.com\/?s={search_term_string}"},"query-input":{"@type":"PropertyValueSpecification","valueRequired":true,"valueName":"search_term_string"}}],"inLanguage":"en-US"}]}},"_links":{"self":[{"href":"https:\/\/thanhphatpc.com\/en\/wp-json\/wp\/v2\/product\/9083","targetHints":{"allow":["GET"]}}],"collection":[{"href":"https:\/\/thanhphatpc.com\/en\/wp-json\/wp\/v2\/product"}],"about":[{"href":"https:\/\/thanhphatpc.com\/en\/wp-json\/wp\/v2\/types\/product"}],"replies":[{"embeddable":true,"href":"https:\/\/thanhphatpc.com\/en\/wp-json\/wp\/v2\/comments?post=9083"}],"wp:featuredmedia":[{"embeddable":true,"href":"https:\/\/thanhphatpc.com\/en\/wp-json\/wp\/v2\/media\/9085"}],"wp:attachment":[{"href":"https:\/\/thanhphatpc.com\/en\/wp-json\/wp\/v2\/media?parent=9083"}],"wp:term":[{"taxonomy":"product_cat","embeddable":true,"href":"https:\/\/thanhphatpc.com\/en\/wp-json\/wp\/v2\/product_cat?post=9083"},{"taxonomy":"product_tag","embeddable":true,"href":"https:\/\/thanhphatpc.com\/en\/wp-json\/wp\/v2\/product_tag?post=9083"}],"curies":[{"name":"wp","href":"https:\/\/api.w.org\/{rel}","templated":true}]}}