{"id":9090,"date":"2021-08-29T11:20:31","date_gmt":"2021-08-29T04:20:31","guid":{"rendered":"https:\/\/thanhphatpc.com\/?post_type=product&#038;p=9090"},"modified":"2021-10-12T14:06:28","modified_gmt":"2021-10-12T07:06:28","slug":"man-hinh-acer-v206hql-19-5inch-hd-tn-5ms-60hz-250nits-vgadvi","status":"publish","type":"product","link":"https:\/\/thanhphatpc.com\/en\/man-hinh-acer-v206hql-19-5inch-hd-tn-5ms-60hz-250nits-vgadvi\/","title":{"rendered":"M\u00e0n h\u00ecnh Acer V206HQL (19.5inch\/HD+\/TN\/5ms\/60Hz\/250nits\/VGA+DVI)"},"content":{"rendered":"<h2 class=\"ddnb-title spct-title\">\u0110\u00e1nh gi\u00e1 M\u00e0n h\u00ecnh Acer V206HQL 19.5inch Gi\u00e1 T\u1ed1t Cho V\u0103n Ph\u00f2ng<\/h2>\n<p>M\u00e0n h\u00ecnh Acer V206HQL\u00a0k\u00edch th\u01b0\u1edbc 19.5\u201d s\u1eed d\u1ee5ng t\u1ea5m n\u1ec1n Twisted Nematic Film (TN Film) cho \u0111\u1ed9 t\u01b0\u01a1ng ph\u1ea3n cao, h\u00ecnh \u1ea3nh s\u1eafc n\u00e9t v\u1edbi \u0111\u1ed9 ph\u00e2n gi\u1ea3i HD+. L\u00e0 s\u1ea3n ph\u1ea9m \u0111\u01b0\u1ee3c ph\u00e1t tri\u1ec3n tr\u00ean c\u00f4ng ngh\u1ec7 \u0111\u00e8n n\u1ec1n LED ti\u00ean ti\u1ebfn cho \u0111\u1ed9 s\u00e1ng 200cd\/m2 v\u00e0 kh\u1ea3 n\u0103ng hi\u1ec3n th\u1ecb l\u00ean \u0111\u1ebfn 16.7 tri\u1ec7u m\u00e0u s\u1ed1ng \u0111\u1ed9ng. M\u00e0n h\u00ecnh LED Acer V206HQL, s\u1edf h\u1eefu m\u1ed9t thi\u1ebft k\u1ebf \u0111\u01a1n gi\u1ea3n v\u1edbi vi\u1ec1n m\u00e0n h\u00ecnh m\u1ecfng, ch\u00e2n \u0111\u1ebf tch\u1eafc ch\u1eafn, s\u1eb5n s\u00e0ng cung c\u1ea5p cho b\u1ea1n nh\u1eefng tr\u1ea3i nghi\u1ec7m h\u00ecnh \u1ea3nh v\u01b0\u1ee3t tr\u1ed9i trong c\u00f4ng vi\u1ec7c l\u1eabn gi\u1ea3i tr\u00ed.<\/p>\n<h3><strong>M\u00e0n h\u00ecnh LED 19.5\u201d \u0111\u1ed9 ph\u00e2n gi\u1ea3i HD+<\/strong><\/h3>\n<p>M\u00e0n h\u00ecnh LED 19.5\u201d nh\u1ecf g\u1ecdn c\u00f3 \u0111\u1ed9 s\u00e1ng 200cd\/m2. C\u00f4ng ngh\u1ec7 \u0111\u00e8n n\u1ec1n LED c\u00f9ng kh\u1ea3n n\u0103ng tr\u00ecnh di\u1ec5n h\u00ecnh \u1ea3nh v\u1edbi \u0111\u1ed9 ph\u00e2n gi\u1ea3i HD+ 1600x900px kh\u00f4ng ch\u1ec9 g\u00f3p ph\u1ea7n l\u00e0m gi\u1ea3m \u0111i\u1ec7n n\u0103ng ti\u00eau th\u1ee5, m\u00e0 c\u00f2n mang \u0111\u1ebfn ch\u1ea5t l\u01b0\u1ee3ng h\u00ecnh \u1ea3nh \u0111\u1ed9 ch\u00ednh x\u00e1c cao.<\/p>\n<p><img loading=\"lazy\" decoding=\"async\" class=\"loaded\" src=\"https:\/\/www.hanoicomputer.vn\/media\/lib\/08-12-2020\/imagetools2.png\" width=\"846\" height=\"582\" data-was-processed=\"true\" \/><\/p>\n<h3><strong>\u0110\u1ed9 t\u01b0\u01a1ng ph\u1ea3n 100.000.000:1<\/strong><\/h3>\n<p>L\u00e0 m\u1ed9t trong nh\u1eefng\u00a0m\u00e0n h\u00ecnh\u00a0c\u00f3 \u0111\u1ed9 t\u01b0\u01a1ng ph\u1ea3n \u0111\u1ed9ng si\u00eau cao, nh\u1eefng \u0111i\u1ec3m \u1ea3nh m\u00e0u \u0111en pha x\u00e1m s\u1ebd \u0111\u01b0\u1ee3c thay b\u1eb1ng m\u00e0u \u0111en c\u1ef1c s\u00e2u. Nh\u1edd \u0111\u00f3, c\u1ea3nh s\u00e1ng s\u1ebd c\u00e0ng tr\u1edf n\u00ean n\u1ed5i b\u1eadt c\u00f9ng kh\u1ea3 n\u0103ng hi\u1ec3n th\u1ecb l\u00ean \u0111\u1ebfn 16.7 tri\u1ec7u m\u00e0u, mang l\u1ea1i h\u00ecnh \u1ea3nh r\u00f5 n\u00e9t v\u00e0 sinh \u0111\u1ed9ng.<\/p>\n<p><img decoding=\"async\" class=\"loading\" src=\"https:\/\/hanoicomputercdn.com\/media\/product\/56879_v206hql__3_.png\" data-was-processed=\"true\" \/><\/p>\n<h3>Th\u1eddi gian \u0111\u00e1p \u1ee9ng 5ms<\/h3>\n<p>L\u00e0 d\u00f2ng s\u1ea3n ph\u1ea9m ch\u1ea5t l\u01b0\u1ee3ng cao c\u1ee7a Acer c\u00f3 th\u1eddi gian \u0111\u00e1p \u1ee9ng 5ms cho ph\u00e9p hi\u1ec3n th\u1ecb h\u00ecnh \u1ea3nh m\u01b0\u1ee3t m\u00e0. C\u00e1c c\u1ea3nh chuy\u1ec3n \u0111\u1ed9ng nhanh c\u00e0ng tr\u1edf n\u00ean r\u00f5 n\u00e9t \u0111\u1ed3ng th\u1eddi gi\u1ea3m m\u1ecfi m\u1eaft khi s\u1eed d\u1ee5ng trong kho\u1ea3ng th\u1eddi gian d\u00e0i.<\/p>\n<p><img decoding=\"async\" class=\"loading\" src=\"https:\/\/hanoicomputercdn.com\/media\/product\/56879_v206hql__2_.png\" data-was-processed=\"true\" \/><\/p>\n<h3>\u0110\u01a1n gi\u1ea3n v\u00e0 tinh t\u1ebf<\/h3>\n<p><strong>M\u00e0n h\u00ecnh LED Acer V206HQL<\/strong>\u00a0c\u00f3 thi\u1ebft k\u1ebf \u0111\u01a1n gi\u1ea3n, tinh t\u1ebf v\u1edbi m\u00e0u s\u01a1n \u0111en b\u00f3ng \u0111\u1ea7y l\u1ecbch l\u00e3m. Ch\u00e2n \u0111\u1ebf ch\u1eafc ch\u1eafc v\u1edbi thi\u1ebft k\u1ebf nh\u1ecf g\u1ecdn, linh \u0111\u1ed9ng, ph\u00f9 h\u1ee3p v\u1edbi m\u1ecdi kh\u00f4ng gian lam vi\u1ec7c c\u1ee7a b\u1ea1n.<\/p>\n<p><img decoding=\"async\" class=\"loading\" src=\"https:\/\/hanoicomputercdn.com\/media\/product\/56879_v206hql__1_.png\" data-was-processed=\"true\" \/><\/p>","protected":false},"excerpt":{"rendered":"<ul id=\"js-tskt-item\" class=\"product-summary-item-ul d-flex flex-wrap mb-0 content-collapse\">\n<li>K\u00edch Th\u01b0\u1edbc M\u00e0n H\u00ecnh: LED 19.5 inch TN<\/li>\n<li>\u0110\u1ed9 S\u00e1ng M\u00e0n H\u00ecnh: 200 cd\/m2<\/li>\n<li>T\u1ec9 L\u1ec7 T\u01b0\u01a1ng Ph\u1ea3n: 100.000.000:1 ACM<\/li>\n<li>T\u1ea7n s\u1ed1 l\u00e0m t\u01b0\u01a1i: 60 Hz<\/li>\n<li>\u0110\u1ed9 Ph\u00e2n Gi\u1ea3i M\u00e0n H\u00ecnh: 1366 x 768<\/li>\n<li>Th\u1eddi Gian \u0110\u00e1p \u1ee8ng: 5 ms<\/li>\n<\/ul>","protected":false},"featured_media":9091,"comment_status":"open","ping_status":"closed","template":"","meta":{"_acf_changed":false},"product_cat":[383],"product_tag":[],"class_list":{"0":"post-9090","1":"product","2":"type-product","3":"status-publish","4":"has-post-thumbnail","6":"product_cat-man-hinh","8":"first","9":"onbackorder","10":"sale","11":"shipping-taxable","12":"purchasable","13":"product-type-simple"},"acf":[],"yoast_head":"<!-- This site is optimized with the Yoast SEO plugin v23.8 - https:\/\/yoast.com\/wordpress\/plugins\/seo\/ -->\n<title>M\u00e0n h\u00ecnh Acer V206HQL (19.5inch\/HD+\/TN\/5ms\/60Hz\/250nits\/VGA+DVI) - ThanhPhat PC<\/title>\n<meta name=\"robots\" content=\"index, follow, max-snippet:-1, max-image-preview:large, max-video-preview:-1\" \/>\n<link rel=\"canonical\" href=\"https:\/\/thanhphatpc.com\/en\/man-hinh-acer-v206hql-19-5inch-hd-tn-5ms-60hz-250nits-vgadvi\/\" \/>\n<meta property=\"og:locale\" content=\"en_US\" \/>\n<meta property=\"og:type\" content=\"article\" \/>\n<meta property=\"og:title\" content=\"M\u00e0n h\u00ecnh Acer V206HQL (19.5inch\/HD+\/TN\/5ms\/60Hz\/250nits\/VGA+DVI) - ThanhPhat PC\" \/>\n<meta property=\"og:description\" content=\"K\u00edch Th\u01b0\u1edbc M\u00e0n H\u00ecnh: LED 19.5 inch TN  \u0110\u1ed9 S\u00e1ng M\u00e0n H\u00ecnh: 200 cd\/m2  T\u1ec9 L\u1ec7 T\u01b0\u01a1ng Ph\u1ea3n: 100.000.000:1 ACM  T\u1ea7n s\u1ed1 l\u00e0m t\u01b0\u01a1i: 60 Hz  \u0110\u1ed9 Ph\u00e2n Gi\u1ea3i M\u00e0n H\u00ecnh: 1366 x 768  Th\u1eddi Gian \u0110\u00e1p \u1ee8ng: 5 ms\" \/>\n<meta property=\"og:url\" content=\"https:\/\/thanhphatpc.com\/en\/man-hinh-acer-v206hql-19-5inch-hd-tn-5ms-60hz-250nits-vgadvi\/\" \/>\n<meta property=\"og:site_name\" content=\"ThanhPhat PC\" \/>\n<meta property=\"article:modified_time\" content=\"2021-10-12T07:06:28+00:00\" \/>\n<meta property=\"og:image\" content=\"https:\/\/thanhphatpc.com\/wp-content\/uploads\/2021\/08\/1-1.png\" \/>\n\t<meta property=\"og:image:width\" content=\"850\" \/>\n\t<meta property=\"og:image:height\" content=\"850\" \/>\n\t<meta property=\"og:image:type\" content=\"image\/jpeg\" \/>\n<meta name=\"twitter:card\" content=\"summary_large_image\" \/>\n<meta name=\"twitter:label1\" content=\"Est. reading time\" \/>\n\t<meta name=\"twitter:data1\" content=\"2 minutes\" \/>\n<script type=\"application\/ld+json\" class=\"yoast-schema-graph\">{\"@context\":\"https:\/\/schema.org\",\"@graph\":[{\"@type\":\"WebPage\",\"@id\":\"https:\/\/thanhphatpc.com\/man-hinh-acer-v206hql-19-5inch-hd-tn-5ms-60hz-250nits-vgadvi\/\",\"url\":\"https:\/\/thanhphatpc.com\/man-hinh-acer-v206hql-19-5inch-hd-tn-5ms-60hz-250nits-vgadvi\/\",\"name\":\"M\u00e0n h\u00ecnh Acer V206HQL (19.5inch\/HD+\/TN\/5ms\/60Hz\/250nits\/VGA+DVI) - ThanhPhat PC\",\"isPartOf\":{\"@id\":\"https:\/\/thanhphatpc.com\/#website\"},\"primaryImageOfPage\":{\"@id\":\"https:\/\/thanhphatpc.com\/man-hinh-acer-v206hql-19-5inch-hd-tn-5ms-60hz-250nits-vgadvi\/#primaryimage\"},\"image\":{\"@id\":\"https:\/\/thanhphatpc.com\/man-hinh-acer-v206hql-19-5inch-hd-tn-5ms-60hz-250nits-vgadvi\/#primaryimage\"},\"thumbnailUrl\":\"https:\/\/thanhphatpc.com\/wp-content\/uploads\/2021\/08\/1-1.png\",\"datePublished\":\"2021-08-29T04:20:31+00:00\",\"dateModified\":\"2021-10-12T07:06:28+00:00\",\"breadcrumb\":{\"@id\":\"https:\/\/thanhphatpc.com\/man-hinh-acer-v206hql-19-5inch-hd-tn-5ms-60hz-250nits-vgadvi\/#breadcrumb\"},\"inLanguage\":\"en-US\",\"potentialAction\":[{\"@type\":\"ReadAction\",\"target\":[\"https:\/\/thanhphatpc.com\/man-hinh-acer-v206hql-19-5inch-hd-tn-5ms-60hz-250nits-vgadvi\/\"]}]},{\"@type\":\"ImageObject\",\"inLanguage\":\"en-US\",\"@id\":\"https:\/\/thanhphatpc.com\/man-hinh-acer-v206hql-19-5inch-hd-tn-5ms-60hz-250nits-vgadvi\/#primaryimage\",\"url\":\"https:\/\/thanhphatpc.com\/wp-content\/uploads\/2021\/08\/1-1.png\",\"contentUrl\":\"https:\/\/thanhphatpc.com\/wp-content\/uploads\/2021\/08\/1-1.png\",\"width\":850,\"height\":850},{\"@type\":\"BreadcrumbList\",\"@id\":\"https:\/\/thanhphatpc.com\/man-hinh-acer-v206hql-19-5inch-hd-tn-5ms-60hz-250nits-vgadvi\/#breadcrumb\",\"itemListElement\":[{\"@type\":\"ListItem\",\"position\":1,\"name\":\"Trang ch\u1ee7\",\"item\":\"https:\/\/thanhphatpc.com\/\"},{\"@type\":\"ListItem\",\"position\":2,\"name\":\"C\u1eeda h\u00e0ng\",\"item\":\"https:\/\/thanhphatpc.com\/cua-hang\/\"},{\"@type\":\"ListItem\",\"position\":3,\"name\":\"M\u00e0n h\u00ecnh Acer V206HQL (19.5inch\/HD+\/TN\/5ms\/60Hz\/250nits\/VGA+DVI)\"}]},{\"@type\":\"WebSite\",\"@id\":\"https:\/\/thanhphatpc.com\/#website\",\"url\":\"https:\/\/thanhphatpc.com\/\",\"name\":\"ThanhPhat PC\",\"description\":\"D\u1ecbch v\u1ee5 ho\u00e0n h\u1ea3o\",\"potentialAction\":[{\"@type\":\"SearchAction\",\"target\":{\"@type\":\"EntryPoint\",\"urlTemplate\":\"https:\/\/thanhphatpc.com\/?s={search_term_string}\"},\"query-input\":{\"@type\":\"PropertyValueSpecification\",\"valueRequired\":true,\"valueName\":\"search_term_string\"}}],\"inLanguage\":\"en-US\"}]}<\/script>\n<!-- \/ Yoast SEO plugin. -->","yoast_head_json":{"title":"M\u00e0n h\u00ecnh Acer V206HQL (19.5inch\/HD+\/TN\/5ms\/60Hz\/250nits\/VGA+DVI) - ThanhPhat PC","robots":{"index":"index","follow":"follow","max-snippet":"max-snippet:-1","max-image-preview":"max-image-preview:large","max-video-preview":"max-video-preview:-1"},"canonical":"https:\/\/thanhphatpc.com\/en\/man-hinh-acer-v206hql-19-5inch-hd-tn-5ms-60hz-250nits-vgadvi\/","og_locale":"en_US","og_type":"article","og_title":"M\u00e0n h\u00ecnh Acer V206HQL (19.5inch\/HD+\/TN\/5ms\/60Hz\/250nits\/VGA+DVI) - ThanhPhat PC","og_description":"K\u00edch Th\u01b0\u1edbc M\u00e0n H\u00ecnh: LED 19.5 inch TN  \u0110\u1ed9 S\u00e1ng M\u00e0n H\u00ecnh: 200 cd\/m2  T\u1ec9 L\u1ec7 T\u01b0\u01a1ng Ph\u1ea3n: 100.000.000:1 ACM  T\u1ea7n s\u1ed1 l\u00e0m t\u01b0\u01a1i: 60 Hz  \u0110\u1ed9 Ph\u00e2n Gi\u1ea3i M\u00e0n H\u00ecnh: 1366 x 768  Th\u1eddi Gian \u0110\u00e1p \u1ee8ng: 5 ms","og_url":"https:\/\/thanhphatpc.com\/en\/man-hinh-acer-v206hql-19-5inch-hd-tn-5ms-60hz-250nits-vgadvi\/","og_site_name":"ThanhPhat PC","article_modified_time":"2021-10-12T07:06:28+00:00","og_image":[{"width":850,"height":850,"url":"https:\/\/thanhphatpc.com\/wp-content\/uploads\/2021\/08\/1-1.png","type":"image\/jpeg"}],"twitter_card":"summary_large_image","twitter_misc":{"Est. reading time":"2 minutes"},"schema":{"@context":"https:\/\/schema.org","@graph":[{"@type":"WebPage","@id":"https:\/\/thanhphatpc.com\/man-hinh-acer-v206hql-19-5inch-hd-tn-5ms-60hz-250nits-vgadvi\/","url":"https:\/\/thanhphatpc.com\/man-hinh-acer-v206hql-19-5inch-hd-tn-5ms-60hz-250nits-vgadvi\/","name":"M\u00e0n h\u00ecnh Acer V206HQL (19.5inch\/HD+\/TN\/5ms\/60Hz\/250nits\/VGA+DVI) - ThanhPhat PC","isPartOf":{"@id":"https:\/\/thanhphatpc.com\/#website"},"primaryImageOfPage":{"@id":"https:\/\/thanhphatpc.com\/man-hinh-acer-v206hql-19-5inch-hd-tn-5ms-60hz-250nits-vgadvi\/#primaryimage"},"image":{"@id":"https:\/\/thanhphatpc.com\/man-hinh-acer-v206hql-19-5inch-hd-tn-5ms-60hz-250nits-vgadvi\/#primaryimage"},"thumbnailUrl":"https:\/\/thanhphatpc.com\/wp-content\/uploads\/2021\/08\/1-1.png","datePublished":"2021-08-29T04:20:31+00:00","dateModified":"2021-10-12T07:06:28+00:00","breadcrumb":{"@id":"https:\/\/thanhphatpc.com\/man-hinh-acer-v206hql-19-5inch-hd-tn-5ms-60hz-250nits-vgadvi\/#breadcrumb"},"inLanguage":"en-US","potentialAction":[{"@type":"ReadAction","target":["https:\/\/thanhphatpc.com\/man-hinh-acer-v206hql-19-5inch-hd-tn-5ms-60hz-250nits-vgadvi\/"]}]},{"@type":"ImageObject","inLanguage":"en-US","@id":"https:\/\/thanhphatpc.com\/man-hinh-acer-v206hql-19-5inch-hd-tn-5ms-60hz-250nits-vgadvi\/#primaryimage","url":"https:\/\/thanhphatpc.com\/wp-content\/uploads\/2021\/08\/1-1.png","contentUrl":"https:\/\/thanhphatpc.com\/wp-content\/uploads\/2021\/08\/1-1.png","width":850,"height":850},{"@type":"BreadcrumbList","@id":"https:\/\/thanhphatpc.com\/man-hinh-acer-v206hql-19-5inch-hd-tn-5ms-60hz-250nits-vgadvi\/#breadcrumb","itemListElement":[{"@type":"ListItem","position":1,"name":"Trang ch\u1ee7","item":"https:\/\/thanhphatpc.com\/"},{"@type":"ListItem","position":2,"name":"C\u1eeda h\u00e0ng","item":"https:\/\/thanhphatpc.com\/cua-hang\/"},{"@type":"ListItem","position":3,"name":"M\u00e0n h\u00ecnh Acer V206HQL (19.5inch\/HD+\/TN\/5ms\/60Hz\/250nits\/VGA+DVI)"}]},{"@type":"WebSite","@id":"https:\/\/thanhphatpc.com\/#website","url":"https:\/\/thanhphatpc.com\/","name":"ThanhPhat PC","description":"D\u1ecbch v\u1ee5 ho\u00e0n h\u1ea3o","potentialAction":[{"@type":"SearchAction","target":{"@type":"EntryPoint","urlTemplate":"https:\/\/thanhphatpc.com\/?s={search_term_string}"},"query-input":{"@type":"PropertyValueSpecification","valueRequired":true,"valueName":"search_term_string"}}],"inLanguage":"en-US"}]}},"_links":{"self":[{"href":"https:\/\/thanhphatpc.com\/en\/wp-json\/wp\/v2\/product\/9090","targetHints":{"allow":["GET"]}}],"collection":[{"href":"https:\/\/thanhphatpc.com\/en\/wp-json\/wp\/v2\/product"}],"about":[{"href":"https:\/\/thanhphatpc.com\/en\/wp-json\/wp\/v2\/types\/product"}],"replies":[{"embeddable":true,"href":"https:\/\/thanhphatpc.com\/en\/wp-json\/wp\/v2\/comments?post=9090"}],"wp:featuredmedia":[{"embeddable":true,"href":"https:\/\/thanhphatpc.com\/en\/wp-json\/wp\/v2\/media\/9091"}],"wp:attachment":[{"href":"https:\/\/thanhphatpc.com\/en\/wp-json\/wp\/v2\/media?parent=9090"}],"wp:term":[{"taxonomy":"product_cat","embeddable":true,"href":"https:\/\/thanhphatpc.com\/en\/wp-json\/wp\/v2\/product_cat?post=9090"},{"taxonomy":"product_tag","embeddable":true,"href":"https:\/\/thanhphatpc.com\/en\/wp-json\/wp\/v2\/product_tag?post=9090"}],"curies":[{"name":"wp","href":"https:\/\/api.w.org\/{rel}","templated":true}]}}