{"id":9092,"date":"2021-08-29T16:32:35","date_gmt":"2021-08-29T09:32:35","guid":{"rendered":"https:\/\/thanhphatpc.com\/?post_type=product&#038;p=9092"},"modified":"2021-08-29T16:32:35","modified_gmt":"2021-08-29T09:32:35","slug":"loa-bluetooth-fenda-2-1-a180x","status":"publish","type":"product","link":"https:\/\/thanhphatpc.com\/en\/loa-bluetooth-fenda-2-1-a180x\/","title":{"rendered":"Loa Bluetooth Fenda 2.1 A180X"},"content":{"rendered":"<div id=\"tab2\">\n<div class=\"nd\">\n<h2>Loa Bluetooth Fenda 2.1 A180X<\/h2>\n<p><img decoding=\"async\" src=\"https:\/\/phucanhcdn.com\/media\/product\/36517_loa_bluetooth_fenda_2_1_a180x_1_1.png\" alt=\"\" \/><\/p>\n<p><strong>K\u1ebft n\u1ed1i th\u00f4ng minh<\/strong><\/p>\n<p>Loa Bluetooth\u00a0<strong>Fenda 2.1 A180X<\/strong>\u00a0\u0111\u01b0\u1ee3c trang b\u1ecb \u0111\u1ea7y \u0111\u1ee7 k\u1ebft n\u1ed1i th\u00f4ng minh Bluetooth, USB, NFC, SD\u2026 H\u00e3y tho\u1ea3i m\u00e1i v\u1edbi nh\u1eefng ph\u00fat gi\u1ea3i tr\u00ed m\u00e0 kh\u00f4ng c\u1ea7n nhi\u1ec1u k\u1ebft n\u1ed1i c\u1ed3ng k\u1ec1nh b\u1ea1n c\u0169ng c\u00f3 th\u1ec3 th\u01b0\u1edfng th\u1ee9c nh\u1eefng b\u1ea3n nh\u1ea1c v\u00e0 b\u1ed9 phim hay.<\/p>\n<p><strong>Ki\u1ec3u d\u00e1ng \u0111\u01a1n gi\u1ea3n, sang tr\u1ecdng<\/strong><\/p>\n<p>Loa Bluetooth Fenda A180X 42W \u0111\u01b0\u1ee3c thi\u1ebft k\u1ebf \u0111\u1ed9c \u0111\u00e1o b\u1eaft m\u1eaft c\u00f9ng gam m\u00e0u sang tr\u1ecdng s\u1ebd l\u00e0m t\u0103ng v\u1ebb l\u1ecbch l\u00e3m cho kh\u00f4ng gian gi\u1ea3i tr\u00ed c\u1ee7a b\u1ea1n. Loa c\u00f3 k\u00edch th\u01b0\u1edbc kh\u00f4ng qu\u00e1 l\u1edbn, b\u1ea1n d\u1ec5 d\u00e0ng l\u1eafp \u0111\u1eb7t trong ph\u00f2ng l\u00e0m vi\u1ec7c hay g\u00f3c h\u1ecdc t\u1eadp.<\/p>\n<p><strong>T\u1eadn h\u01b0\u1edfng \u00e2m thanh ch\u1ea5t l\u01b0\u1ee3ng cao<\/strong><\/p>\n<p>C\u00f4ng su\u1ea5t loa si\u00eau tr\u1ea7m 14W k\u1ebft h\u1ee3p v\u1edbi 2 loa v\u1ec7 tinh 14Wx2 s\u1ebd mang \u0111\u1ebfn cho cho b\u1ea1n th\u1ebf gi\u1edbi \u00e2m nh\u1ea1c ng\u1eadp tr\u00e0n v\u1edbi nh\u1eefng b\u00e0i t\u00ecnh ca v\u00f4 c\u00f9ng ng\u1ecdt ng\u00e0o ho\u1eb7c nh\u1eefng b\u1ea3n nh\u1ea1c Rock v\u00f4 c\u00f9ng m\u1ea1nh m\u1ebd.<\/p>\n<p><strong>N\u00fat \u0111i\u1ec1u ch\u1ec9nh ti\u1ec7n l\u1ee3i<\/strong><\/p>\n<p>Loa b\u1ed1 tr\u00ed t\u1ea5t c\u1ea3 c\u00e1c n\u00fat \u0111i\u1ec1u ch\u1ec9nh b\u00ean h\u00f4ng mang \u0111\u1ebfn s\u1ef1 ti\u1ec7n \u00edch khi s\u1eed d\u1ee5ng, loa Fenda c\u00f2n gi\u00fap trang tr\u00ed cho c\u0103n ph\u00f2ng tr\u1edf n\u00ean \u0111\u1eb9p v\u00e0 sang tr\u1ecdng h\u01a1n.<\/p>\n<p><strong>\u0110i\u1ec1u khi\u1ec3n t\u1eeb xa<\/strong><\/p>\n<p>Loa Bluetooth Fenda A180X 42W \u0111\u01b0\u1ee3c trang b\u1ecb \u0111i\u1ec1u khi\u1ec3n t\u1eeb xa r\u1ea5t ti\u1ec7n l\u1ee3i, b\u1ea1n c\u00f3 th\u1ec3 th\u1ea3nh th\u01a1i ng\u1ed3i th\u01b0\u1edfng th\u1ee9c \u00e2m nh\u1ea1c v\u00e0 \u0111i\u1ec1u ch\u1ec9nh ch\u1ec9 qua v\u00e0i n\u00fat b\u1ea5m.<\/p>\n<\/div>\n<div class=\"clear\"><\/div>\n<\/div>\n<div id=\"tab1\">\n<h2 class=\"h-title\">TH\u00d4NG S\u1ed0 K\u1ef8 THU\u1eacT<\/h2>\n<div class=\"tbl-technical nd\">\n<table width=\"789\">\n<tbody>\n<tr>\n<td width=\"202\">T\u00ean sa\u0309n ph\u00e2\u0309m<\/td>\n<td width=\"587\">Loa<\/td>\n<\/tr>\n<tr>\n<td>Ha\u0303ng sa\u0309n xu\u00e2\u0301t<\/td>\n<td>Fenda<\/td>\n<\/tr>\n<tr>\n<td>Model<\/td>\n<td>Bluetooth\u00a0A180X<\/td>\n<\/tr>\n<tr>\n<td>Chu\u00e2\u0309n \u00e2m thanh<\/td>\n<td>2.1<\/td>\n<\/tr>\n<tr>\n<td>T\u00f4\u0309ng c\u00f4ng su\u00e2\u0301t loa<\/td>\n<td>42W<\/td>\n<\/tr>\n<tr>\n<td>CS loa si\u00eau tr\u00e2\u0300m\/ v\u00ea\u0323 tinh<\/td>\n<td>14W + 14Wx2<\/td>\n<\/tr>\n<tr>\n<td>T\u00e2\u0300n s\u00f4\u0301 \u0111a\u0301p \u01b0\u0301ng<\/td>\n<td>\u00a0250 &#8211; 20KHz (satellite) 30 &#8211; 100Hz (subwoofer)<\/td>\n<\/tr>\n<tr>\n<td>\u0110i\u1ec1u khi\u1ec3n t\u1eeb xa<\/td>\n<td>C\u00f3<\/td>\n<\/tr>\n<tr>\n<td>C\u00f4\u0309ng ti\u0301n hi\u00ea\u0323u va\u0300o<\/td>\n<td>Jack 3.5 mm v\u00e0 Bluetooth\u00ae<\/td>\n<\/tr>\n<tr>\n<td>Ki\u0301ch th\u01b0\u01a1\u0301c<\/td>\n<td>W140xH134xD138mm; (satellite) W220xH230xD243mm (subwoofer)<\/td>\n<\/tr>\n<tr>\n<td>Tro\u0323ng l\u01b0\u01a1\u0323ng<\/td>\n<td>3.5 Kg<\/td>\n<\/tr>\n<tr>\n<td>\u0110\u0103\u0323c \u0111i\u00ea\u0309m kha\u0301c<\/td>\n<td>Loa Bluetooth Fenda 2.1 A180X: mang \u0111\u1ebfn ch\u1ea5t l\u01b0\u1ee3ng \u00e2m thanh \u0111\u1ea3m b\u1ea3o v\u1edbi c\u01b0\u1eddng \u0111\u1ed9 l\u1edbn nh\u01b0ng v\u1eabn gi\u1eef nguy\u00ean \u0111\u01b0\u1ee3c ch\u1ea5t nh\u1ea1c v\u1ed1n c\u00f3 c\u1ee7a n\u00f3. T\u1ed5ng c\u00f4ng su\u1ea5t c\u1ee7a loa l\u00e0 42 W cho ra ch\u1ea5t l\u01b0\u1ee3ng \u00e2m thanh \u1ed5n \u0111\u1ecbnh, s\u1ed1ng \u0111\u1ed9ng v\u00e0 \u00edt b\u1ecb nhi\u1ec5u k\u00ea c\u1ea3 khi \u00e2m l\u01b0\u1ee3ng \u1edf m\u1ee9c c\u1ef1c \u0111\u1ea1i.\u00a0Loa bluetooth Fenda A180X c\u00f3 h\u1ed7 tr\u1ee3 k\u1ebft n\u1ed1i kh\u00f4ng d\u00e2y linh ho\u1ea1t qua bluetooth 4.0 kho\u1ea3ng c\u00e1ch k\u1ebft n\u1ed1i 15m, cho ph\u00e9p b\u1ea1n ph\u00e1t nh\u1ea1c t\u1eeb c\u00e1c thi\u1ebft b\u1ecb \u00e2m thanh kh\u00e1c nh\u01b0 \u0111i\u1ec7n tho\u1ea1i, m\u00e1y t\u00ednh b\u1ea3ng,&#8230;Ki\u1ec3u d\u00e1ng h\u00ecnh ch\u1eef nh\u1eadt, thi\u1ebft k\u1ebf th\u1eddi trang c\u00f9ng v\u1edbi ki\u1ec3u d\u00e1ng b\u1eaft m\u1eaft, hi\u1ec7n \u0111\u1ea1i mang l\u1ea1i t\u00ednh th\u1ea9m m\u1ef9 cao.\u00a03 chi\u1ebfc loa \u0111\u1ec1u \u0111\u1ed3ng b\u1ed9 v\u00e0 \u1ea5n t\u01b0\u1ee3ng, ph\u1ea7n tr\u01b0\u1edbc thi\u1ebft k\u1ebf gi\u1ed1ng nhau v\u1edbi m\u1ea1ng l\u01b0\u1edbi h\u00ecnh thoi \u0111\u1ec1u \u0111\u1eb7n, \u0111\u1ed9c \u0111\u00e1o.<\/td>\n<\/tr>\n<\/tbody>\n<\/table>\n<\/div>\n<\/div>","protected":false},"excerpt":{"rendered":"<ul class=\"ul\">\n<li>&#8211; T\u1ed5ng c\u00f4ng su\u1ea5t loa: 42W<\/li>\n<li><i class=\"before\"><\/i>&#8211; CS loa si\u00eau tr\u1ea7m\/ v\u00ea\u0323 tinh: 14W + 14Wx2<\/li>\n<li><i class=\"before\"><\/i>&#8211; C\u00f4\u0309ng ti\u0301n hi\u00ea\u0323u va\u0300o: Jack 3.5 mm v\u00e0 Bluetooth\u00ae<\/li>\n<\/ul>","protected":false},"featured_media":9093,"comment_status":"open","ping_status":"closed","template":"","meta":{"_acf_changed":false},"product_cat":[418],"product_tag":[],"class_list":{"0":"post-9092","1":"product","2":"type-product","3":"status-publish","4":"has-post-thumbnail","6":"product_cat-do-choi-cong-nghe","8":"first","9":"instock","10":"shipping-taxable","11":"purchasable","12":"product-type-simple"},"acf":[],"yoast_head":"<!-- This site is optimized with the Yoast SEO plugin v23.8 - https:\/\/yoast.com\/wordpress\/plugins\/seo\/ -->\n<title>Loa Bluetooth Fenda 2.1 A180X - ThanhPhat PC<\/title>\n<meta name=\"robots\" content=\"index, follow, max-snippet:-1, max-image-preview:large, max-video-preview:-1\" \/>\n<link rel=\"canonical\" href=\"https:\/\/thanhphatpc.com\/en\/loa-bluetooth-fenda-2-1-a180x\/\" \/>\n<meta property=\"og:locale\" content=\"en_US\" \/>\n<meta property=\"og:type\" content=\"article\" \/>\n<meta property=\"og:title\" content=\"Loa Bluetooth Fenda 2.1 A180X - ThanhPhat PC\" \/>\n<meta property=\"og:description\" content=\"- T\u1ed5ng c\u00f4ng su\u1ea5t loa: 42W  - CS loa si\u00eau tr\u1ea7m\/ v\u00ea\u0323 tinh: 14W + 14Wx2  - C\u00f4\u0309ng ti\u0301n hi\u00ea\u0323u va\u0300o: Jack 3.5 mm v\u00e0 Bluetooth\u00ae\" \/>\n<meta property=\"og:url\" content=\"https:\/\/thanhphatpc.com\/en\/loa-bluetooth-fenda-2-1-a180x\/\" \/>\n<meta property=\"og:site_name\" content=\"ThanhPhat PC\" \/>\n<meta property=\"og:image\" content=\"https:\/\/thanhphatpc.com\/wp-content\/uploads\/2021\/08\/1-2.png\" \/>\n\t<meta property=\"og:image:width\" content=\"600\" \/>\n\t<meta property=\"og:image:height\" content=\"600\" \/>\n\t<meta property=\"og:image:type\" content=\"image\/jpeg\" \/>\n<meta name=\"twitter:card\" content=\"summary_large_image\" \/>\n<meta name=\"twitter:label1\" content=\"Est. reading time\" \/>\n\t<meta name=\"twitter:data1\" content=\"3 minutes\" \/>\n<script type=\"application\/ld+json\" class=\"yoast-schema-graph\">{\"@context\":\"https:\/\/schema.org\",\"@graph\":[{\"@type\":\"WebPage\",\"@id\":\"https:\/\/thanhphatpc.com\/loa-bluetooth-fenda-2-1-a180x\/\",\"url\":\"https:\/\/thanhphatpc.com\/loa-bluetooth-fenda-2-1-a180x\/\",\"name\":\"Loa Bluetooth Fenda 2.1 A180X - ThanhPhat PC\",\"isPartOf\":{\"@id\":\"https:\/\/thanhphatpc.com\/#website\"},\"primaryImageOfPage\":{\"@id\":\"https:\/\/thanhphatpc.com\/loa-bluetooth-fenda-2-1-a180x\/#primaryimage\"},\"image\":{\"@id\":\"https:\/\/thanhphatpc.com\/loa-bluetooth-fenda-2-1-a180x\/#primaryimage\"},\"thumbnailUrl\":\"https:\/\/thanhphatpc.com\/wp-content\/uploads\/2021\/08\/1-2.png\",\"datePublished\":\"2021-08-29T09:32:35+00:00\",\"dateModified\":\"2021-08-29T09:32:35+00:00\",\"breadcrumb\":{\"@id\":\"https:\/\/thanhphatpc.com\/loa-bluetooth-fenda-2-1-a180x\/#breadcrumb\"},\"inLanguage\":\"en-US\",\"potentialAction\":[{\"@type\":\"ReadAction\",\"target\":[\"https:\/\/thanhphatpc.com\/loa-bluetooth-fenda-2-1-a180x\/\"]}]},{\"@type\":\"ImageObject\",\"inLanguage\":\"en-US\",\"@id\":\"https:\/\/thanhphatpc.com\/loa-bluetooth-fenda-2-1-a180x\/#primaryimage\",\"url\":\"https:\/\/thanhphatpc.com\/wp-content\/uploads\/2021\/08\/1-2.png\",\"contentUrl\":\"https:\/\/thanhphatpc.com\/wp-content\/uploads\/2021\/08\/1-2.png\",\"width\":600,\"height\":600},{\"@type\":\"BreadcrumbList\",\"@id\":\"https:\/\/thanhphatpc.com\/loa-bluetooth-fenda-2-1-a180x\/#breadcrumb\",\"itemListElement\":[{\"@type\":\"ListItem\",\"position\":1,\"name\":\"Trang ch\u1ee7\",\"item\":\"https:\/\/thanhphatpc.com\/\"},{\"@type\":\"ListItem\",\"position\":2,\"name\":\"C\u1eeda h\u00e0ng\",\"item\":\"https:\/\/thanhphatpc.com\/cua-hang\/\"},{\"@type\":\"ListItem\",\"position\":3,\"name\":\"Loa Bluetooth Fenda 2.1 A180X\"}]},{\"@type\":\"WebSite\",\"@id\":\"https:\/\/thanhphatpc.com\/#website\",\"url\":\"https:\/\/thanhphatpc.com\/\",\"name\":\"ThanhPhat PC\",\"description\":\"D\u1ecbch v\u1ee5 ho\u00e0n h\u1ea3o\",\"potentialAction\":[{\"@type\":\"SearchAction\",\"target\":{\"@type\":\"EntryPoint\",\"urlTemplate\":\"https:\/\/thanhphatpc.com\/?s={search_term_string}\"},\"query-input\":{\"@type\":\"PropertyValueSpecification\",\"valueRequired\":true,\"valueName\":\"search_term_string\"}}],\"inLanguage\":\"en-US\"}]}<\/script>\n<!-- \/ Yoast SEO plugin. -->","yoast_head_json":{"title":"Loa Bluetooth Fenda 2.1 A180X - ThanhPhat PC","robots":{"index":"index","follow":"follow","max-snippet":"max-snippet:-1","max-image-preview":"max-image-preview:large","max-video-preview":"max-video-preview:-1"},"canonical":"https:\/\/thanhphatpc.com\/en\/loa-bluetooth-fenda-2-1-a180x\/","og_locale":"en_US","og_type":"article","og_title":"Loa Bluetooth Fenda 2.1 A180X - ThanhPhat PC","og_description":"- T\u1ed5ng c\u00f4ng su\u1ea5t loa: 42W  - CS loa si\u00eau tr\u1ea7m\/ v\u00ea\u0323 tinh: 14W + 14Wx2  - C\u00f4\u0309ng ti\u0301n hi\u00ea\u0323u va\u0300o: Jack 3.5 mm v\u00e0 Bluetooth\u00ae","og_url":"https:\/\/thanhphatpc.com\/en\/loa-bluetooth-fenda-2-1-a180x\/","og_site_name":"ThanhPhat PC","og_image":[{"width":600,"height":600,"url":"https:\/\/thanhphatpc.com\/wp-content\/uploads\/2021\/08\/1-2.png","type":"image\/jpeg"}],"twitter_card":"summary_large_image","twitter_misc":{"Est. reading time":"3 minutes"},"schema":{"@context":"https:\/\/schema.org","@graph":[{"@type":"WebPage","@id":"https:\/\/thanhphatpc.com\/loa-bluetooth-fenda-2-1-a180x\/","url":"https:\/\/thanhphatpc.com\/loa-bluetooth-fenda-2-1-a180x\/","name":"Loa Bluetooth Fenda 2.1 A180X - ThanhPhat PC","isPartOf":{"@id":"https:\/\/thanhphatpc.com\/#website"},"primaryImageOfPage":{"@id":"https:\/\/thanhphatpc.com\/loa-bluetooth-fenda-2-1-a180x\/#primaryimage"},"image":{"@id":"https:\/\/thanhphatpc.com\/loa-bluetooth-fenda-2-1-a180x\/#primaryimage"},"thumbnailUrl":"https:\/\/thanhphatpc.com\/wp-content\/uploads\/2021\/08\/1-2.png","datePublished":"2021-08-29T09:32:35+00:00","dateModified":"2021-08-29T09:32:35+00:00","breadcrumb":{"@id":"https:\/\/thanhphatpc.com\/loa-bluetooth-fenda-2-1-a180x\/#breadcrumb"},"inLanguage":"en-US","potentialAction":[{"@type":"ReadAction","target":["https:\/\/thanhphatpc.com\/loa-bluetooth-fenda-2-1-a180x\/"]}]},{"@type":"ImageObject","inLanguage":"en-US","@id":"https:\/\/thanhphatpc.com\/loa-bluetooth-fenda-2-1-a180x\/#primaryimage","url":"https:\/\/thanhphatpc.com\/wp-content\/uploads\/2021\/08\/1-2.png","contentUrl":"https:\/\/thanhphatpc.com\/wp-content\/uploads\/2021\/08\/1-2.png","width":600,"height":600},{"@type":"BreadcrumbList","@id":"https:\/\/thanhphatpc.com\/loa-bluetooth-fenda-2-1-a180x\/#breadcrumb","itemListElement":[{"@type":"ListItem","position":1,"name":"Trang ch\u1ee7","item":"https:\/\/thanhphatpc.com\/"},{"@type":"ListItem","position":2,"name":"C\u1eeda h\u00e0ng","item":"https:\/\/thanhphatpc.com\/cua-hang\/"},{"@type":"ListItem","position":3,"name":"Loa Bluetooth Fenda 2.1 A180X"}]},{"@type":"WebSite","@id":"https:\/\/thanhphatpc.com\/#website","url":"https:\/\/thanhphatpc.com\/","name":"ThanhPhat PC","description":"D\u1ecbch v\u1ee5 ho\u00e0n h\u1ea3o","potentialAction":[{"@type":"SearchAction","target":{"@type":"EntryPoint","urlTemplate":"https:\/\/thanhphatpc.com\/?s={search_term_string}"},"query-input":{"@type":"PropertyValueSpecification","valueRequired":true,"valueName":"search_term_string"}}],"inLanguage":"en-US"}]}},"_links":{"self":[{"href":"https:\/\/thanhphatpc.com\/en\/wp-json\/wp\/v2\/product\/9092","targetHints":{"allow":["GET"]}}],"collection":[{"href":"https:\/\/thanhphatpc.com\/en\/wp-json\/wp\/v2\/product"}],"about":[{"href":"https:\/\/thanhphatpc.com\/en\/wp-json\/wp\/v2\/types\/product"}],"replies":[{"embeddable":true,"href":"https:\/\/thanhphatpc.com\/en\/wp-json\/wp\/v2\/comments?post=9092"}],"wp:featuredmedia":[{"embeddable":true,"href":"https:\/\/thanhphatpc.com\/en\/wp-json\/wp\/v2\/media\/9093"}],"wp:attachment":[{"href":"https:\/\/thanhphatpc.com\/en\/wp-json\/wp\/v2\/media?parent=9092"}],"wp:term":[{"taxonomy":"product_cat","embeddable":true,"href":"https:\/\/thanhphatpc.com\/en\/wp-json\/wp\/v2\/product_cat?post=9092"},{"taxonomy":"product_tag","embeddable":true,"href":"https:\/\/thanhphatpc.com\/en\/wp-json\/wp\/v2\/product_tag?post=9092"}],"curies":[{"name":"wp","href":"https:\/\/api.w.org\/{rel}","templated":true}]}}