{"id":9094,"date":"2021-08-29T16:38:24","date_gmt":"2021-08-29T09:38:24","guid":{"rendered":"https:\/\/thanhphatpc.com\/?post_type=product&#038;p=9094"},"modified":"2021-08-29T16:38:24","modified_gmt":"2021-08-29T09:38:24","slug":"chuot-newmen-m266-usb-black","status":"publish","type":"product","link":"https:\/\/thanhphatpc.com\/en\/chuot-newmen-m266-usb-black\/","title":{"rendered":"Chu\u1ed9t Newmen M266 USB Black"},"content":{"rendered":"<h3><strong>T\u1ed5ng quan thi\u1ebft k\u1ebf<\/strong><\/h3>\n<p>Mang thi\u1ebft k\u1ebf c\u1ed5 \u0111i\u1ec3n, Chu\u1ed9t Newmen M266 \u0111\u01b0\u1ee3c trang b\u1ecb 3 n\u00fat \u0111i\u1ec1u khi\u1ec3n c\u01a1 b\u1ea3n g\u1ed3m chu\u1ed9t tr\u00e1i, chu\u1ed9t ph\u1ea3i v\u00e0 con l\u0103n \u1edf gi\u1eefa<\/p>\n<p>Chu\u1ed9t Newmen M266 c\u00f3 ngo\u1ea1i h\u00ecnh th\u1eddi trang, c\u00e1 t\u00ednh, hai b\u00ean u\u1ed1n cong b\u00f3p th\u1eaft n\u1eafp chu\u1ed9t l\u1ea1i m\u1ec1m m\u1ea1i. Hai b\u00ean s\u01b0\u1eddn kho\u1ea3ng ti\u1ebfp x\u00fac ng\u00f3n c\u00e1i v\u00e0 ng\u00f3n \u00fat c\u00f3 v\u00e2n s\u1eddn g\u1ee3n s\u00f3ng. Ph\u00eda sau n\u1eafp chu\u1ed9t bo vu\u1ed1t nh\u1ecdn t\u1ed1i \u01b0u theo d\u00e1ng tay c\u1ea7m.<\/p>\n<p>Chu\u1ed9t Newmen M266 cho t\u1ea7m ho\u1ea1t \u0111\u1ed9ng r\u1ea5t tho\u1ea3i m\u00e1i v\u1edbi d\u00e2y chu\u1ed9t c\u00f3 \u0111\u1ed9 d\u00e0i 1,6m. D\u00e2y v\u1edbi ch\u1ea5t li\u1ec7u cao su nh\u01b0ng h\u01a1i m\u1ea3nh. \u0110\u1ea7u k\u1ebf n\u1ed1i USB c\u0169ng \u0111\u01b0\u1ee3c c\u00e1ch \u0111i\u1ec7u r\u1ea5t \u0111i\u1ec7u \u0111\u00e0 v\u1edbi Logo c\u1ee7a h\u00e3ng \u0111\u01b0\u1ee3c in ch\u00ecm 2 m\u1eb7t.<\/p>\n<h3><img loading=\"lazy\" decoding=\"async\" class=\"loading\" src=\"https:\/\/hanoicomputercdn.com\/media\/lib\/48685_chuot-newmen-m266-usb-black.jpg\" alt=\"Chu\u1ed9t Newmen M266 USB Black c\u00f3 thi\u1ebft k\u1ebf  g\u1ecdn g\u00e0ng, tinh t\u1ebf\" width=\"761\" height=\"761\" data-was-processed=\"true\" \/><\/h3>\n<h3><strong>Hi\u1ec7u n\u0103ng v\u00e0 tr\u1ea3i nghi\u1ec7m<\/strong><\/h3>\n<p>Chu\u1ed9t Newmen M266 \u0111\u01b0\u1ee3c trang b\u1ecb b\u1ed9 c\u1ea3m bi\u1ebfn m\u1edbi nh\u1ea5t c\u1ee7a Newmen c\u00f3 kh\u1ea3 n\u0103ng di chuy\u1ec3n tr\u00ean nhi\u1ec1u b\u1ec1 m\u1eb7t v\u00e0 c\u1ea3 m\u1eb7t k\u00ednh. V\u1edbi thi\u1ebft k\u1ebf \u0111\u1ed1i x\u1ee9ng Chu\u1ed9t m\u00e1y t\u00ednh Newmen M266 th\u00edch h\u1ee3p cho h\u1ea7u h\u1ebft ng\u01b0\u1eddi d\u00f9ng b\u1eb1ng s\u1ef1 tho\u1ea3i m\u00e1i, v\u1eeba v\u1eb7n khi c\u1ea7m. Tr\u1ecdng l\u01b0\u1ee3ng chu\u1ed9t c\u0169ng \u0111\u01b0\u1ee3c ch\u00fa tr\u1ecdng khi nh\u00e0 s\u1ea3n xu\u1ea5t c\u00f3 trang b\u1ecb th\u00eam t\u1ea1 kim lo\u1ea1i v\u00e0o b\u00ean trong chu\u1ed9t \u0111\u1ec3 chu\u1ed9t \u0111\u1ea1t \u0111\u1ebfn tr\u1ecdng l\u01b0\u1ee3ng t\u1ed1i \u01b0u cho \u0111\u1ed9 \u201c\u0111\u1ea7m tay\u201d th\u00edch h\u1ee3p.<\/p>\n<p>V\u1edbi \u0111\u1ed9 ph\u00e2n gi\u1ea3i t\u1edbi 1000DPI gi\u00fap cho ng\u01b0\u1eddi d\u00f9ng c\u00f3 th\u1ec3 \u0111i\u1ec1u khi\u1ec3n d\u1ec5 d\u00e0ng, c\u00e1c thao t\u00e1c \u0111\u01b0\u1ee3c th\u1ef1c hi\u1ec7n ch\u00ednh x\u00e1c ngay c\u1ea3 khi m\u00e0n h\u00ecnh \u0111ang \u1edf ch\u1ebf \u0111\u1ed9 ph\u00e2n gi\u1ea3i cao<\/p>\n<p><img loading=\"lazy\" decoding=\"async\" class=\"loading\" src=\"https:\/\/hanoicomputercdn.com\/media\/lib\/48685_chuot-newmen-m266-usb-black-1.jpg\" alt=\"Chu\u1ed9t Newmen M266 USB Black cho hi\u1ec7u n\u0103ng s\u1eed d\u1ee5ng t\u1ed1t\" width=\"720\" height=\"720\" data-was-processed=\"true\" \/><\/p>","protected":false},"excerpt":{"rendered":"<ul id=\"js-tskt-item\" class=\"product-summary-item-ul d-flex flex-wrap mb-0\">\n<li>Chu\u1ed9t Newmen M266 USB Black<\/li>\n<li>Chu\u1ed9t quang c\u00f3 d\u00e2y 3 n\u00fat \u0111i\u1ec1u khi\u1ec3n<\/li>\n<li>S\u1eed d\u1ee5ng b\u1ed9 B\u1ed9 c\u1ea3m bi\u1ebfn m\u1edbi nh\u1ea5t c\u1ee7a Newmen<\/li>\n<li>\u0110\u1ed9 ph\u00e2n gi\u1ea3i 1000DPI<\/li>\n<\/ul>","protected":false},"featured_media":9095,"comment_status":"open","ping_status":"closed","template":"","meta":{"_acf_changed":false},"product_cat":[435],"product_tag":[],"class_list":{"0":"post-9094","1":"product","2":"type-product","3":"status-publish","4":"has-post-thumbnail","6":"product_cat-chuot-may-tinh","8":"first","9":"instock","10":"sale","11":"shipping-taxable","12":"purchasable","13":"product-type-simple"},"acf":[],"yoast_head":"<!-- This site is optimized with the Yoast SEO plugin v23.8 - https:\/\/yoast.com\/wordpress\/plugins\/seo\/ -->\n<title>Chu\u1ed9t Newmen M266 USB Black - ThanhPhat PC<\/title>\n<meta name=\"robots\" content=\"index, follow, max-snippet:-1, max-image-preview:large, max-video-preview:-1\" \/>\n<link rel=\"canonical\" href=\"https:\/\/thanhphatpc.com\/en\/chuot-newmen-m266-usb-black\/\" \/>\n<meta property=\"og:locale\" content=\"en_US\" \/>\n<meta property=\"og:type\" content=\"article\" \/>\n<meta property=\"og:title\" content=\"Chu\u1ed9t Newmen M266 USB Black - ThanhPhat PC\" \/>\n<meta property=\"og:description\" content=\"Chu\u1ed9t Newmen M266 USB Black  Chu\u1ed9t quang c\u00f3 d\u00e2y 3 n\u00fat \u0111i\u1ec1u khi\u1ec3n  S\u1eed d\u1ee5ng b\u1ed9 B\u1ed9 c\u1ea3m bi\u1ebfn m\u1edbi nh\u1ea5t c\u1ee7a Newmen  \u0110\u1ed9 ph\u00e2n gi\u1ea3i 1000DPI\" \/>\n<meta property=\"og:url\" content=\"https:\/\/thanhphatpc.com\/en\/chuot-newmen-m266-usb-black\/\" \/>\n<meta property=\"og:site_name\" content=\"ThanhPhat PC\" \/>\n<meta property=\"og:image\" content=\"https:\/\/thanhphatpc.com\/wp-content\/uploads\/2021\/08\/1-5.jpg\" \/>\n\t<meta property=\"og:image:width\" content=\"850\" \/>\n\t<meta property=\"og:image:height\" content=\"850\" \/>\n\t<meta property=\"og:image:type\" content=\"image\/jpeg\" \/>\n<meta name=\"twitter:card\" content=\"summary_large_image\" \/>\n<meta name=\"twitter:label1\" content=\"Est. reading time\" \/>\n\t<meta name=\"twitter:data1\" content=\"2 minutes\" \/>\n<script type=\"application\/ld+json\" class=\"yoast-schema-graph\">{\"@context\":\"https:\/\/schema.org\",\"@graph\":[{\"@type\":\"WebPage\",\"@id\":\"https:\/\/thanhphatpc.com\/chuot-newmen-m266-usb-black\/\",\"url\":\"https:\/\/thanhphatpc.com\/chuot-newmen-m266-usb-black\/\",\"name\":\"Chu\u1ed9t Newmen M266 USB Black - ThanhPhat PC\",\"isPartOf\":{\"@id\":\"https:\/\/thanhphatpc.com\/#website\"},\"primaryImageOfPage\":{\"@id\":\"https:\/\/thanhphatpc.com\/chuot-newmen-m266-usb-black\/#primaryimage\"},\"image\":{\"@id\":\"https:\/\/thanhphatpc.com\/chuot-newmen-m266-usb-black\/#primaryimage\"},\"thumbnailUrl\":\"https:\/\/thanhphatpc.com\/wp-content\/uploads\/2021\/08\/1-5.jpg\",\"datePublished\":\"2021-08-29T09:38:24+00:00\",\"dateModified\":\"2021-08-29T09:38:24+00:00\",\"breadcrumb\":{\"@id\":\"https:\/\/thanhphatpc.com\/chuot-newmen-m266-usb-black\/#breadcrumb\"},\"inLanguage\":\"en-US\",\"potentialAction\":[{\"@type\":\"ReadAction\",\"target\":[\"https:\/\/thanhphatpc.com\/chuot-newmen-m266-usb-black\/\"]}]},{\"@type\":\"ImageObject\",\"inLanguage\":\"en-US\",\"@id\":\"https:\/\/thanhphatpc.com\/chuot-newmen-m266-usb-black\/#primaryimage\",\"url\":\"https:\/\/thanhphatpc.com\/wp-content\/uploads\/2021\/08\/1-5.jpg\",\"contentUrl\":\"https:\/\/thanhphatpc.com\/wp-content\/uploads\/2021\/08\/1-5.jpg\",\"width\":850,\"height\":850},{\"@type\":\"BreadcrumbList\",\"@id\":\"https:\/\/thanhphatpc.com\/chuot-newmen-m266-usb-black\/#breadcrumb\",\"itemListElement\":[{\"@type\":\"ListItem\",\"position\":1,\"name\":\"Trang ch\u1ee7\",\"item\":\"https:\/\/thanhphatpc.com\/\"},{\"@type\":\"ListItem\",\"position\":2,\"name\":\"C\u1eeda h\u00e0ng\",\"item\":\"https:\/\/thanhphatpc.com\/cua-hang\/\"},{\"@type\":\"ListItem\",\"position\":3,\"name\":\"Chu\u1ed9t Newmen M266 USB Black\"}]},{\"@type\":\"WebSite\",\"@id\":\"https:\/\/thanhphatpc.com\/#website\",\"url\":\"https:\/\/thanhphatpc.com\/\",\"name\":\"ThanhPhat PC\",\"description\":\"D\u1ecbch v\u1ee5 ho\u00e0n h\u1ea3o\",\"potentialAction\":[{\"@type\":\"SearchAction\",\"target\":{\"@type\":\"EntryPoint\",\"urlTemplate\":\"https:\/\/thanhphatpc.com\/?s={search_term_string}\"},\"query-input\":{\"@type\":\"PropertyValueSpecification\",\"valueRequired\":true,\"valueName\":\"search_term_string\"}}],\"inLanguage\":\"en-US\"}]}<\/script>\n<!-- \/ Yoast SEO plugin. -->","yoast_head_json":{"title":"Chu\u1ed9t Newmen M266 USB Black - ThanhPhat PC","robots":{"index":"index","follow":"follow","max-snippet":"max-snippet:-1","max-image-preview":"max-image-preview:large","max-video-preview":"max-video-preview:-1"},"canonical":"https:\/\/thanhphatpc.com\/en\/chuot-newmen-m266-usb-black\/","og_locale":"en_US","og_type":"article","og_title":"Chu\u1ed9t Newmen M266 USB Black - ThanhPhat PC","og_description":"Chu\u1ed9t Newmen M266 USB Black  Chu\u1ed9t quang c\u00f3 d\u00e2y 3 n\u00fat \u0111i\u1ec1u khi\u1ec3n  S\u1eed d\u1ee5ng b\u1ed9 B\u1ed9 c\u1ea3m bi\u1ebfn m\u1edbi nh\u1ea5t c\u1ee7a Newmen  \u0110\u1ed9 ph\u00e2n gi\u1ea3i 1000DPI","og_url":"https:\/\/thanhphatpc.com\/en\/chuot-newmen-m266-usb-black\/","og_site_name":"ThanhPhat PC","og_image":[{"width":850,"height":850,"url":"https:\/\/thanhphatpc.com\/wp-content\/uploads\/2021\/08\/1-5.jpg","type":"image\/jpeg"}],"twitter_card":"summary_large_image","twitter_misc":{"Est. reading time":"2 minutes"},"schema":{"@context":"https:\/\/schema.org","@graph":[{"@type":"WebPage","@id":"https:\/\/thanhphatpc.com\/chuot-newmen-m266-usb-black\/","url":"https:\/\/thanhphatpc.com\/chuot-newmen-m266-usb-black\/","name":"Chu\u1ed9t Newmen M266 USB Black - ThanhPhat PC","isPartOf":{"@id":"https:\/\/thanhphatpc.com\/#website"},"primaryImageOfPage":{"@id":"https:\/\/thanhphatpc.com\/chuot-newmen-m266-usb-black\/#primaryimage"},"image":{"@id":"https:\/\/thanhphatpc.com\/chuot-newmen-m266-usb-black\/#primaryimage"},"thumbnailUrl":"https:\/\/thanhphatpc.com\/wp-content\/uploads\/2021\/08\/1-5.jpg","datePublished":"2021-08-29T09:38:24+00:00","dateModified":"2021-08-29T09:38:24+00:00","breadcrumb":{"@id":"https:\/\/thanhphatpc.com\/chuot-newmen-m266-usb-black\/#breadcrumb"},"inLanguage":"en-US","potentialAction":[{"@type":"ReadAction","target":["https:\/\/thanhphatpc.com\/chuot-newmen-m266-usb-black\/"]}]},{"@type":"ImageObject","inLanguage":"en-US","@id":"https:\/\/thanhphatpc.com\/chuot-newmen-m266-usb-black\/#primaryimage","url":"https:\/\/thanhphatpc.com\/wp-content\/uploads\/2021\/08\/1-5.jpg","contentUrl":"https:\/\/thanhphatpc.com\/wp-content\/uploads\/2021\/08\/1-5.jpg","width":850,"height":850},{"@type":"BreadcrumbList","@id":"https:\/\/thanhphatpc.com\/chuot-newmen-m266-usb-black\/#breadcrumb","itemListElement":[{"@type":"ListItem","position":1,"name":"Trang ch\u1ee7","item":"https:\/\/thanhphatpc.com\/"},{"@type":"ListItem","position":2,"name":"C\u1eeda h\u00e0ng","item":"https:\/\/thanhphatpc.com\/cua-hang\/"},{"@type":"ListItem","position":3,"name":"Chu\u1ed9t Newmen M266 USB Black"}]},{"@type":"WebSite","@id":"https:\/\/thanhphatpc.com\/#website","url":"https:\/\/thanhphatpc.com\/","name":"ThanhPhat PC","description":"D\u1ecbch v\u1ee5 ho\u00e0n h\u1ea3o","potentialAction":[{"@type":"SearchAction","target":{"@type":"EntryPoint","urlTemplate":"https:\/\/thanhphatpc.com\/?s={search_term_string}"},"query-input":{"@type":"PropertyValueSpecification","valueRequired":true,"valueName":"search_term_string"}}],"inLanguage":"en-US"}]}},"_links":{"self":[{"href":"https:\/\/thanhphatpc.com\/en\/wp-json\/wp\/v2\/product\/9094","targetHints":{"allow":["GET"]}}],"collection":[{"href":"https:\/\/thanhphatpc.com\/en\/wp-json\/wp\/v2\/product"}],"about":[{"href":"https:\/\/thanhphatpc.com\/en\/wp-json\/wp\/v2\/types\/product"}],"replies":[{"embeddable":true,"href":"https:\/\/thanhphatpc.com\/en\/wp-json\/wp\/v2\/comments?post=9094"}],"wp:featuredmedia":[{"embeddable":true,"href":"https:\/\/thanhphatpc.com\/en\/wp-json\/wp\/v2\/media\/9095"}],"wp:attachment":[{"href":"https:\/\/thanhphatpc.com\/en\/wp-json\/wp\/v2\/media?parent=9094"}],"wp:term":[{"taxonomy":"product_cat","embeddable":true,"href":"https:\/\/thanhphatpc.com\/en\/wp-json\/wp\/v2\/product_cat?post=9094"},{"taxonomy":"product_tag","embeddable":true,"href":"https:\/\/thanhphatpc.com\/en\/wp-json\/wp\/v2\/product_tag?post=9094"}],"curies":[{"name":"wp","href":"https:\/\/api.w.org\/{rel}","templated":true}]}}