{"id":9097,"date":"2021-09-08T10:21:52","date_gmt":"2021-09-08T03:21:52","guid":{"rendered":"https:\/\/thanhphatpc.com\/?post_type=product&#038;p=9097"},"modified":"2024-04-28T11:48:44","modified_gmt":"2024-04-28T04:48:44","slug":"camera-wifi-4mp-ipc-a42p-imou-phat-hien-nguoi-la-bang-tri-tue-nhan-tao-ai","status":"publish","type":"product","link":"https:\/\/thanhphatpc.com\/en\/camera-wifi-4mp-ipc-a42p-imou-phat-hien-nguoi-la-bang-tri-tue-nhan-tao-ai\/","title":{"rendered":"Camera Wifi 4MP IPC-A42P-IMOU ph\u00e1t hi\u1ec7n ng\u01b0\u1eddi l\u1ea1 b\u1eb1ng tr\u00ed tu\u1ec7 nh\u00e2n t\u1ea1o (AI)"},"content":{"rendered":"<p>Camera IP wifi\u00a0<strong>IPC-A42P-IMOU<\/strong>\u00a0hay IPC-A42P-B-IMOU l\u00e0 s\u1ea3n ph\u1ea9m camera \u0111\u01b0\u1ee3c n\u00e2ng c\u1ea5p th\u00eam t\u00ednh n\u0103ng Ai th\u00f4ng minh, thi\u1ebft k\u1ebf nh\u1ecf g\u1ecdn, \u0111\u1ed9 ph\u00e2n gi\u1ea3i 4.0 megapixel. T\u1ea7m quan s\u00e1t xa 10m c\u00f9ng c\u00e1c t\u00ednh n\u0103ng th\u00f4ng minh kh\u00e1c.\u00a0<em>(Model thay cho m\u00e3 c\u0169 A42P-B-iMOU)<\/em><\/p>\n<figure id=\"attachment_10181\" aria-describedby=\"caption-attachment-10181\" style=\"width: 944px\" class=\"wp-caption aligncenter\"><img loading=\"lazy\" decoding=\"async\" class=\"size-full wp-image-10181\" src=\"https:\/\/thanhphatpc.com\/wp-content\/uploads\/2021\/09\/099.png\" alt=\"camera imou dahua\" width=\"944\" height=\"617\" srcset=\"https:\/\/thanhphatpc.com\/wp-content\/uploads\/2021\/09\/099.png 944w, https:\/\/thanhphatpc.com\/wp-content\/uploads\/2021\/09\/099-510x333.png 510w, https:\/\/thanhphatpc.com\/wp-content\/uploads\/2021\/09\/099-300x196.png 300w, https:\/\/thanhphatpc.com\/wp-content\/uploads\/2021\/09\/099-768x502.png 768w\" sizes=\"auto, (max-width: 944px) 100vw, 944px\" \/><figcaption id=\"caption-attachment-10181\" class=\"wp-caption-text\">camera imou dahua<\/figcaption><\/figure>\n<h3><strong>Ph\u00e1t hi\u1ec7n con ng\u01b0\u1eddi<\/strong><\/h3>\n<p>C\u00f4ng ngh\u1ec7 x\u1eed l\u00fd h\u00ecnh \u1ea3nh m\u1ea1nh m\u1ebd nhanh ch\u00f3ng t\u00ecm th\u1ea5y m\u1ee5c ti\u00eau c\u1ee7a con ng\u01b0\u1eddi trong h\u00ecnh \u1ea3nh v\u00e0 ngay l\u1eadp t\u1ee9c g\u1eedi th\u00f4ng b\u00e1o \u0111\u1ebfn \u0111i\u1ec7n tho\u1ea1i th\u00f4ng minh c\u1ee7a b\u1ea1n, cho ph\u00e9p b\u1ea1n theo d\u00f5i nh\u1eefng g\u00ec quan tr\u1ecdng m\u00e0 kh\u00f4ng nh\u1eadn \u0111\u01b0\u1ee3c c\u1ea3nh b\u00e1o sai g\u00e2y phi\u1ec1n nhi\u1ec5u.<\/p>\n<h3><strong>4MP QHD Video &amp; chu\u1ea9n n\u00e9n H.265<\/strong><\/h3>\n<p>C\u1ea3m bi\u1ebfn 4MP v\u00e0 thu\u1eadt to\u00e1n IR ti\u00ean ti\u1ebfn cung c\u1ea5p video r\u00f5 n\u00e9t c\u1ea3 ng\u00e0y l\u1eabn \u0111\u00eam. T\u00ednh n\u0103ng n\u00e9n H.265 ti\u00ean ti\u1ebfn gi\u00fap gi\u1ea3m 50% b\u0103ng th\u00f4ng m\u1ea1ng v\u00e0 m\u1ee9c s\u1eed d\u1ee5ng dung l\u01b0\u1ee3ng l\u01b0u tr\u1eef \u1edf c\u00f9ng ch\u1ea5t l\u01b0\u1ee3ng video.<\/p>\n<p><img loading=\"lazy\" decoding=\"async\" class=\"aligncenter wp-image-70462\" src=\"https:\/\/vuhoangtelecom.vn\/wp-content\/uploads\/2021\/06\/camera-wifi-4mp-ipc-a42p-b-imou-5.jpg\" alt=\"4MP QHD Video &amp; chu\u1ea9n n\u00e9n H.265\" width=\"700\" height=\"331\" \/><\/p>\n<h3><strong>Xoay ngang 0 \u0111\u1ebfn 355\u00b0 &amp; Xoay d\u1ecdc -5\u00b0 \u0111\u1ebfn 80\u00b0<\/strong><\/h3>\n<p>Xoay camera \u0111\u1ec3 xem m\u1ecdi ng\u00f3c ng\u00e1ch trong ng\u00f4i nh\u00e0 c\u1ee7a b\u1ea1n. To\u00e0n d\u1ea3i \u0111\u1ea3m b\u1ea3o kh\u00f4ng c\u00f3 \u0111i\u1ec3m m\u00f9.<\/p>\n<p>V\u1eabn c\u00f3 c\u00e1c t\u00ednh n\u0103ng nh\u01b0 camera IPC-A22EP-B-IMOU nh\u01b0 Theo d\u00f5i th\u00f4ng minh, Ch\u1ebf \u0111\u1ed9 ri\u00eang t\u01b0, C\u00f2i b\u00e1o \u0111\u1ed9ng t\u00edch h\u1ee3p, B\u00e1o \u0111\u1ed9ng \u00e2m thanh b\u1ea5t th\u01b0\u1eddng, N\u00f3i chuy\u1ec7n hai chi\u1ec1u.<\/p>\n<p><img loading=\"lazy\" decoding=\"async\" class=\"size-medium wp-image-9099 aligncenter\" src=\"https:\/\/thanhphatpc.com\/wp-content\/uploads\/2021\/09\/2-225x300.jpg\" alt=\"\" width=\"225\" height=\"300\" srcset=\"https:\/\/thanhphatpc.com\/wp-content\/uploads\/2021\/09\/2-225x300.jpg 225w, https:\/\/thanhphatpc.com\/wp-content\/uploads\/2021\/09\/2-510x680.jpg 510w, https:\/\/thanhphatpc.com\/wp-content\/uploads\/2021\/09\/2-768x1024.jpg 768w, https:\/\/thanhphatpc.com\/wp-content\/uploads\/2021\/09\/2.jpg 960w\" sizes=\"auto, (max-width: 225px) 100vw, 225px\" \/><\/p>\n<p>Imou\u00a0l\u00e0 m\u1ed9t th\u01b0\u01a1ng hi\u1ec7u nh\u00e1nh c\u1ee7a c\u00f4ng ty Dahua Technology c\u1ee7a Trung Qu\u1ed1c, chuy\u00ean s\u1ea3n xu\u1ea5t c\u00e1c m\u1eb7t h\u00e0ng cho camera gi\u00e1m s\u00e1t v\u00e0 nh\u00e0 th\u00f4ng minh. \u0110i\u1ec3m kh\u00e1c bi\u1ec7t gi\u1eefa thi\u1ebft b\u1ecb Imou l\u00e0 t\u1eadp trung v\u00e0o ng\u01b0\u1eddi d\u00f9ng cu\u1ed1i \u2013 thi\u1ebft k\u1ebf tuy\u1ec7t v\u1eddi, d\u1ec5 d\u00e0ng thi\u1ebft l\u1eadp v\u00e0 gi\u00e1 c\u1ea3 h\u1ee3p l\u00fd.<\/p>\n<h2><strong>Th\u00f4ng s\u1ed1 k\u1ef9 thu\u1eadt camera Wifi\u00a04.0MP IMOU IPC-A42P<\/strong><\/h2>\n<p>\u2013 Chu\u1ea9n n\u00e9n: H.265 \/ H.264.<br \/>\n\u2013 \u0110\u1ed9 ph\u00e2n gi\u1ea3i 1\/2.7\u201d 4.0 Megapixel Progressive CMOS<br \/>\n\u2013 Quay qu\u00e9t ngang (PAN) 355\u00b0 t\u1ed1c \u0111\u1ed9 100\u00b0\/s, quay d\u1ecdc l\u00ean xu\u1ed1ng 80\u00b0 100\u00b0\/s.<br \/>\n\u2013 Camera \u1ed1ng k\u00ednh 3.6mm, g\u00f3c nh\u00ecn 92\u00b0(H), 48\u00b0(V), 109\u00b0(D).<br \/>\n\u2013 T\u1ea7m xa h\u1ed3ng ngo\u1ea1i 10m v\u1edbi c\u00f4ng ngh\u1ec7 h\u1ed3ng ngo\u1ea1i th\u00f4ng minh.<br \/>\n\u2013 T\u00ednh n\u0103ng ph\u00e1t hi\u1ec7n ng\u01b0\u1eddi, ph\u00e1t hi\u1ec7n ti\u1ebfng \u1ed3n, ph\u00e1t hi\u1ec7n chuy\u1ec3n \u0111\u1ed9ng, theo d\u00f5i th\u00f4ng minh<br \/>\n\u2013 Ch\u1ed1ng ng\u01b0\u1ee3c s\u00e1ng DWDR, t\u1ef1 \u0111\u1ed9ng c\u00e2n b\u1eb1ng tr\u1eafng (AWB), t\u1ef1 \u0111\u1ed9ng b\u00f9 t\u00edn hi\u1ec7u \u1ea3nh (AGC), b\u00f9 s\u00e1ng (BLC), Ch\u1ed1ng nhi\u1ec5u (3D-DNR).<br \/>\n\u2013 T\u00edch h\u1ee3p m\u00edc v\u00e0 loa, \u0111\u00e0m tho\u1ea1i 2 chi\u1ec1u.<br \/>\n\u2013 Ghi h\u00ecnh 24\/24h.<br \/>\n\u2013 \u0110\u00e0m tho\u1ea1i hai chi\u1ec1u, h\u1ed7 tr\u1ee3 khe c\u1eafm th\u1ebb nh\u1edb Micro SD, Max 256GB.<br \/>\n\u2013 T\u00edch h\u1ee3p WiFi(IEEE802.11b\/g\/n).<br \/>\n\u2013 H\u1ed7 tr\u1ee3 P2P, chu\u1ea9n t\u01b0\u01a1ng th\u00edch ONVIF.<br \/>\n\u2013 \u0110i\u1ec7n \u00e1p: DC 5V\/ 1A, c\u00f4ng su\u1ea5t &lt;3.5W.<br \/>\n\u2013 Ch\u1ea5t li\u1ec7u v\u1ecf plastic.<br \/>\n\u2013 M\u00f4i tr\u01b0\u1eddng l\u00e0m vi\u1ec7c t\u1eeb -10\u00b0C~+45\u00b0C (&lt; 95%RH)<br \/>\n\u2013 K\u00edch th\u01b0\u1edbc: 106,1 \u00d7 77,4 \u00d7 77,4mm<br \/>\n\u2013 Tr\u1ecdng l\u01b0\u1ee3ng: 238g<br \/>\n\u2013 Xu\u1ea5t x\u1ee9: Trung Qu\u1ed1c.<br \/>\n\u2013 B\u1ea3o h\u00e0nh: 24 th\u00e1ng.<\/p>\n<ul>\n<li><strong style=\"font-size: 14.4px\">H\u1ed9p camera IPC-A42P-D-iMOU s\u1ebd g\u1ed3m c\u00f3 g\u00ec?<\/strong><\/li>\n<\/ul>\n<p>\u2013 1 x M\u00e1y \u1ea3nh.<br \/>\n\u2013 1 x H\u01b0\u1edbng d\u1eabn B\u1eaft \u0111\u1ea7u Nhanh.<br \/>\n\u2013 1 x B\u1ed9 \u0111\u1ed5i ngu\u1ed3n.<br \/>\n\u2013 1 x C\u00e1p ngu\u1ed3n.<br \/>\n\u2013 1 x G\u00f3i v\u00edt.<br \/>\n\u2013 1 x T\u1ea5m l\u1eafp.<br \/>\n\u2013 1 x S\u01a1 \u0111\u1ed3 v\u1ecb tr\u00ed l\u1eafp \u0111\u1eb7t.<\/p>\n<h3><strong>B\u1ea1n c\u00f3 th\u1ec3 mua b\u1ed5 sung th\u1ebb nh\u1edb ph\u00f9 h\u1ee3p v\u1edbi nhu c\u1ea7u s\u1eed d\u1ee5ng:<\/strong><\/h3>\n<p>\u2013 Th\u1ebb nh\u1edb 16Gb, th\u1eddi gian l\u01b0u tr\u1eef 2-3 ng\u00e0y.<br \/>\n\u2013\u00a0Th\u1ebb nh\u1edb 32Gb, th\u1eddi gian l\u01b0u tr\u1eef 4-5 ng\u00e0y.<br \/>\n\u2013 Th\u1ebb nh\u1edb 64Gb, th\u1eddi gian l\u01b0u tr\u1eef 10-15 ng\u00e0y.<br \/>\n\u2013 Th\u1ebb nh\u1edb 128Gb, th\u1eddi gian l\u01b0u tr\u1eef \u0111\u1ebfn 20 ng\u00e0y.<\/p>\n<p><strong>Gi\u00e1 b\u00e1n Imou Ranger 2 (IPC-A42P-D-iMOU)<\/strong><br \/>\nMua s\u1ea3n ph\u1ea9m n\u00e0y t\u1ea1i h\u1ec7 th\u1ed1ng Th\u00e0nh Ph\u00e1t PC, b\u1ea1n lu\u00f4n c\u00f3 th\u1ec3 ch\u1eafc ch\u1eafn v\u1ec1 gi\u00e1 t\u1ed1t nh\u1ea5t, b\u1edfi v\u00ec ch\u00fang t\u00f4i th\u01b0\u1eddng xuy\u00ean theo d\u00f5i gi\u00e1 th\u1ecb tr\u01b0\u1eddng cho t\u1ea5t c\u1ea3 c\u00e1c s\u1ea3n ph\u1ea9m camera Wifi. Gi\u00e1 s\u1ea3n ph\u1ea9m \u0111\u00e3 bao g\u1ed3m t\u01b0 v\u1ea5n tr\u01b0\u1edbc khi b\u00e1n, h\u1ed7 tr\u1ee3 k\u1ef9 thu\u1eadt, b\u1ea3o h\u00e0nh ch\u00ednh h\u00e3ng.<\/p>","protected":false},"excerpt":{"rendered":"<p>\u2013 Chu\u1ea9n n\u00e9n: H.265 \/ H.264.<br \/>\n\u2013 \u0110\u1ed9 ph\u00e2n gi\u1ea3i 1\/2.7\u201d 4.0 Megapixel Progressive CMOS<br \/>\n\u2013 Quay qu\u00e9t ngang 355\u00b0, quay d\u1ecdc 80\u00b0.<br \/>\n\u2013 Camera \u1ed1ng k\u00ednh 3.6mm, t\u1ea7m xa h\u1ed3ng ngo\u1ea1i 10m.<br \/>\n\u2013 T\u00ednh n\u0103ng ph\u00e1t hi\u1ec7n ng\u01b0\u1eddi, ph\u00e1t hi\u1ec7n ti\u1ebfng \u1ed3n, ph\u00e1t hi\u1ec7n chuy\u1ec3n \u0111\u1ed9ng, theo d\u00f5i th\u00f4ng minh<br \/>\n\u2013 T\u00edch h\u1ee3p m\u00edc v\u00e0 loa, \u0111\u00e0m tho\u1ea1i 2 chi\u1ec1u.<br \/>\n\u2013 Ghi h\u00ecnh 24\/24h.<br \/>\n\u2013 \u0110\u00e0m tho\u1ea1i hai chi\u1ec1u, h\u1ed7 tr\u1ee3 khe c\u1eafm th\u1ebb nh\u1edb Micro SD, Max 256GB.<\/p>","protected":false},"featured_media":10180,"comment_status":"open","ping_status":"closed","template":"","meta":{"_acf_changed":false},"product_cat":[380],"product_tag":[],"class_list":{"0":"post-9097","1":"product","2":"type-product","3":"status-publish","4":"has-post-thumbnail","6":"product_cat-camera-wifi","8":"first","9":"instock","10":"sale","11":"shipping-taxable","12":"purchasable","13":"product-type-simple"},"acf":[],"yoast_head":"<!-- This site is optimized with the Yoast SEO plugin v23.8 - https:\/\/yoast.com\/wordpress\/plugins\/seo\/ -->\n<title>Camera Wifi 4MP IPC-A42P-IMOU ph\u00e1t hi\u1ec7n ng\u01b0\u1eddi l\u1ea1 b\u1eb1ng tr\u00ed tu\u1ec7 nh\u00e2n t\u1ea1o (AI) - ThanhPhat PC<\/title>\n<meta name=\"robots\" content=\"index, follow, max-snippet:-1, max-image-preview:large, max-video-preview:-1\" \/>\n<link rel=\"canonical\" href=\"https:\/\/thanhphatpc.com\/en\/camera-wifi-4mp-ipc-a42p-imou-phat-hien-nguoi-la-bang-tri-tue-nhan-tao-ai\/\" \/>\n<meta property=\"og:locale\" content=\"en_US\" \/>\n<meta property=\"og:type\" content=\"article\" \/>\n<meta property=\"og:title\" content=\"Camera Wifi 4MP IPC-A42P-IMOU ph\u00e1t hi\u1ec7n ng\u01b0\u1eddi l\u1ea1 b\u1eb1ng tr\u00ed tu\u1ec7 nh\u00e2n t\u1ea1o (AI) - ThanhPhat PC\" \/>\n<meta property=\"og:description\" content=\"\u2013 Chu\u1ea9n n\u00e9n: H.265 \/ H.264. \u2013 \u0110\u1ed9 ph\u00e2n gi\u1ea3i 1\/2.7\u201d 4.0 Megapixel Progressive CMOS \u2013 Quay qu\u00e9t ngang 355\u00b0, quay d\u1ecdc 80\u00b0. \u2013 Camera \u1ed1ng k\u00ednh 3.6mm, t\u1ea7m xa h\u1ed3ng ngo\u1ea1i 10m. \u2013 T\u00ednh n\u0103ng ph\u00e1t hi\u1ec7n ng\u01b0\u1eddi, ph\u00e1t hi\u1ec7n ti\u1ebfng \u1ed3n, ph\u00e1t hi\u1ec7n chuy\u1ec3n \u0111\u1ed9ng, theo d\u00f5i th\u00f4ng minh \u2013 T\u00edch h\u1ee3p m\u00edc v\u00e0 loa, \u0111\u00e0m tho\u1ea1i 2 chi\u1ec1u. \u2013 Ghi h\u00ecnh 24\/24h. \u2013 \u0110\u00e0m tho\u1ea1i hai chi\u1ec1u, h\u1ed7 tr\u1ee3 khe c\u1eafm th\u1ebb nh\u1edb Micro SD, Max 256GB.\" \/>\n<meta property=\"og:url\" content=\"https:\/\/thanhphatpc.com\/en\/camera-wifi-4mp-ipc-a42p-imou-phat-hien-nguoi-la-bang-tri-tue-nhan-tao-ai\/\" \/>\n<meta property=\"og:site_name\" content=\"ThanhPhat PC\" \/>\n<meta property=\"article:modified_time\" content=\"2024-04-28T04:48:44+00:00\" \/>\n<meta property=\"og:image\" content=\"https:\/\/thanhphatpc.com\/wp-content\/uploads\/2021\/09\/09.png\" \/>\n\t<meta property=\"og:image:width\" content=\"563\" \/>\n\t<meta property=\"og:image:height\" content=\"670\" \/>\n\t<meta property=\"og:image:type\" content=\"image\/png\" \/>\n<meta name=\"twitter:card\" content=\"summary_large_image\" \/>\n<meta name=\"twitter:label1\" content=\"Est. reading time\" \/>\n\t<meta name=\"twitter:data1\" content=\"5 minutes\" \/>\n<script type=\"application\/ld+json\" class=\"yoast-schema-graph\">{\"@context\":\"https:\/\/schema.org\",\"@graph\":[{\"@type\":\"WebPage\",\"@id\":\"https:\/\/thanhphatpc.com\/camera-wifi-4mp-ipc-a42p-imou-phat-hien-nguoi-la-bang-tri-tue-nhan-tao-ai\/\",\"url\":\"https:\/\/thanhphatpc.com\/camera-wifi-4mp-ipc-a42p-imou-phat-hien-nguoi-la-bang-tri-tue-nhan-tao-ai\/\",\"name\":\"Camera Wifi 4MP IPC-A42P-IMOU ph\u00e1t hi\u1ec7n ng\u01b0\u1eddi l\u1ea1 b\u1eb1ng tr\u00ed tu\u1ec7 nh\u00e2n t\u1ea1o (AI) - ThanhPhat PC\",\"isPartOf\":{\"@id\":\"https:\/\/thanhphatpc.com\/#website\"},\"primaryImageOfPage\":{\"@id\":\"https:\/\/thanhphatpc.com\/camera-wifi-4mp-ipc-a42p-imou-phat-hien-nguoi-la-bang-tri-tue-nhan-tao-ai\/#primaryimage\"},\"image\":{\"@id\":\"https:\/\/thanhphatpc.com\/camera-wifi-4mp-ipc-a42p-imou-phat-hien-nguoi-la-bang-tri-tue-nhan-tao-ai\/#primaryimage\"},\"thumbnailUrl\":\"https:\/\/thanhphatpc.com\/wp-content\/uploads\/2021\/09\/09.png\",\"datePublished\":\"2021-09-08T03:21:52+00:00\",\"dateModified\":\"2024-04-28T04:48:44+00:00\",\"breadcrumb\":{\"@id\":\"https:\/\/thanhphatpc.com\/camera-wifi-4mp-ipc-a42p-imou-phat-hien-nguoi-la-bang-tri-tue-nhan-tao-ai\/#breadcrumb\"},\"inLanguage\":\"en-US\",\"potentialAction\":[{\"@type\":\"ReadAction\",\"target\":[\"https:\/\/thanhphatpc.com\/camera-wifi-4mp-ipc-a42p-imou-phat-hien-nguoi-la-bang-tri-tue-nhan-tao-ai\/\"]}]},{\"@type\":\"ImageObject\",\"inLanguage\":\"en-US\",\"@id\":\"https:\/\/thanhphatpc.com\/camera-wifi-4mp-ipc-a42p-imou-phat-hien-nguoi-la-bang-tri-tue-nhan-tao-ai\/#primaryimage\",\"url\":\"https:\/\/thanhphatpc.com\/wp-content\/uploads\/2021\/09\/09.png\",\"contentUrl\":\"https:\/\/thanhphatpc.com\/wp-content\/uploads\/2021\/09\/09.png\",\"width\":563,\"height\":670,\"caption\":\"camera imou dahua\"},{\"@type\":\"BreadcrumbList\",\"@id\":\"https:\/\/thanhphatpc.com\/camera-wifi-4mp-ipc-a42p-imou-phat-hien-nguoi-la-bang-tri-tue-nhan-tao-ai\/#breadcrumb\",\"itemListElement\":[{\"@type\":\"ListItem\",\"position\":1,\"name\":\"Trang ch\u1ee7\",\"item\":\"https:\/\/thanhphatpc.com\/\"},{\"@type\":\"ListItem\",\"position\":2,\"name\":\"C\u1eeda h\u00e0ng\",\"item\":\"https:\/\/thanhphatpc.com\/cua-hang\/\"},{\"@type\":\"ListItem\",\"position\":3,\"name\":\"Camera Wifi 4MP IPC-A42P-IMOU ph\u00e1t hi\u1ec7n ng\u01b0\u1eddi l\u1ea1 b\u1eb1ng tr\u00ed tu\u1ec7 nh\u00e2n t\u1ea1o (AI)\"}]},{\"@type\":\"WebSite\",\"@id\":\"https:\/\/thanhphatpc.com\/#website\",\"url\":\"https:\/\/thanhphatpc.com\/\",\"name\":\"ThanhPhat PC\",\"description\":\"D\u1ecbch v\u1ee5 ho\u00e0n h\u1ea3o\",\"potentialAction\":[{\"@type\":\"SearchAction\",\"target\":{\"@type\":\"EntryPoint\",\"urlTemplate\":\"https:\/\/thanhphatpc.com\/?s={search_term_string}\"},\"query-input\":{\"@type\":\"PropertyValueSpecification\",\"valueRequired\":true,\"valueName\":\"search_term_string\"}}],\"inLanguage\":\"en-US\"}]}<\/script>\n<!-- \/ Yoast SEO plugin. -->","yoast_head_json":{"title":"Camera Wifi 4MP IPC-A42P-IMOU ph\u00e1t hi\u1ec7n ng\u01b0\u1eddi l\u1ea1 b\u1eb1ng tr\u00ed tu\u1ec7 nh\u00e2n t\u1ea1o (AI) - ThanhPhat PC","robots":{"index":"index","follow":"follow","max-snippet":"max-snippet:-1","max-image-preview":"max-image-preview:large","max-video-preview":"max-video-preview:-1"},"canonical":"https:\/\/thanhphatpc.com\/en\/camera-wifi-4mp-ipc-a42p-imou-phat-hien-nguoi-la-bang-tri-tue-nhan-tao-ai\/","og_locale":"en_US","og_type":"article","og_title":"Camera Wifi 4MP IPC-A42P-IMOU ph\u00e1t hi\u1ec7n ng\u01b0\u1eddi l\u1ea1 b\u1eb1ng tr\u00ed tu\u1ec7 nh\u00e2n t\u1ea1o (AI) - ThanhPhat PC","og_description":"\u2013 Chu\u1ea9n n\u00e9n: H.265 \/ H.264. \u2013 \u0110\u1ed9 ph\u00e2n gi\u1ea3i 1\/2.7\u201d 4.0 Megapixel Progressive CMOS \u2013 Quay qu\u00e9t ngang 355\u00b0, quay d\u1ecdc 80\u00b0. \u2013 Camera \u1ed1ng k\u00ednh 3.6mm, t\u1ea7m xa h\u1ed3ng ngo\u1ea1i 10m. \u2013 T\u00ednh n\u0103ng ph\u00e1t hi\u1ec7n ng\u01b0\u1eddi, ph\u00e1t hi\u1ec7n ti\u1ebfng \u1ed3n, ph\u00e1t hi\u1ec7n chuy\u1ec3n \u0111\u1ed9ng, theo d\u00f5i th\u00f4ng minh \u2013 T\u00edch h\u1ee3p m\u00edc v\u00e0 loa, \u0111\u00e0m tho\u1ea1i 2 chi\u1ec1u. \u2013 Ghi h\u00ecnh 24\/24h. \u2013 \u0110\u00e0m tho\u1ea1i hai chi\u1ec1u, h\u1ed7 tr\u1ee3 khe c\u1eafm th\u1ebb nh\u1edb Micro SD, Max 256GB.","og_url":"https:\/\/thanhphatpc.com\/en\/camera-wifi-4mp-ipc-a42p-imou-phat-hien-nguoi-la-bang-tri-tue-nhan-tao-ai\/","og_site_name":"ThanhPhat PC","article_modified_time":"2024-04-28T04:48:44+00:00","og_image":[{"width":563,"height":670,"url":"https:\/\/thanhphatpc.com\/wp-content\/uploads\/2021\/09\/09.png","type":"image\/png"}],"twitter_card":"summary_large_image","twitter_misc":{"Est. reading time":"5 minutes"},"schema":{"@context":"https:\/\/schema.org","@graph":[{"@type":"WebPage","@id":"https:\/\/thanhphatpc.com\/camera-wifi-4mp-ipc-a42p-imou-phat-hien-nguoi-la-bang-tri-tue-nhan-tao-ai\/","url":"https:\/\/thanhphatpc.com\/camera-wifi-4mp-ipc-a42p-imou-phat-hien-nguoi-la-bang-tri-tue-nhan-tao-ai\/","name":"Camera Wifi 4MP IPC-A42P-IMOU ph\u00e1t hi\u1ec7n ng\u01b0\u1eddi l\u1ea1 b\u1eb1ng tr\u00ed tu\u1ec7 nh\u00e2n t\u1ea1o (AI) - ThanhPhat PC","isPartOf":{"@id":"https:\/\/thanhphatpc.com\/#website"},"primaryImageOfPage":{"@id":"https:\/\/thanhphatpc.com\/camera-wifi-4mp-ipc-a42p-imou-phat-hien-nguoi-la-bang-tri-tue-nhan-tao-ai\/#primaryimage"},"image":{"@id":"https:\/\/thanhphatpc.com\/camera-wifi-4mp-ipc-a42p-imou-phat-hien-nguoi-la-bang-tri-tue-nhan-tao-ai\/#primaryimage"},"thumbnailUrl":"https:\/\/thanhphatpc.com\/wp-content\/uploads\/2021\/09\/09.png","datePublished":"2021-09-08T03:21:52+00:00","dateModified":"2024-04-28T04:48:44+00:00","breadcrumb":{"@id":"https:\/\/thanhphatpc.com\/camera-wifi-4mp-ipc-a42p-imou-phat-hien-nguoi-la-bang-tri-tue-nhan-tao-ai\/#breadcrumb"},"inLanguage":"en-US","potentialAction":[{"@type":"ReadAction","target":["https:\/\/thanhphatpc.com\/camera-wifi-4mp-ipc-a42p-imou-phat-hien-nguoi-la-bang-tri-tue-nhan-tao-ai\/"]}]},{"@type":"ImageObject","inLanguage":"en-US","@id":"https:\/\/thanhphatpc.com\/camera-wifi-4mp-ipc-a42p-imou-phat-hien-nguoi-la-bang-tri-tue-nhan-tao-ai\/#primaryimage","url":"https:\/\/thanhphatpc.com\/wp-content\/uploads\/2021\/09\/09.png","contentUrl":"https:\/\/thanhphatpc.com\/wp-content\/uploads\/2021\/09\/09.png","width":563,"height":670,"caption":"camera imou dahua"},{"@type":"BreadcrumbList","@id":"https:\/\/thanhphatpc.com\/camera-wifi-4mp-ipc-a42p-imou-phat-hien-nguoi-la-bang-tri-tue-nhan-tao-ai\/#breadcrumb","itemListElement":[{"@type":"ListItem","position":1,"name":"Trang ch\u1ee7","item":"https:\/\/thanhphatpc.com\/"},{"@type":"ListItem","position":2,"name":"C\u1eeda h\u00e0ng","item":"https:\/\/thanhphatpc.com\/cua-hang\/"},{"@type":"ListItem","position":3,"name":"Camera Wifi 4MP IPC-A42P-IMOU ph\u00e1t hi\u1ec7n ng\u01b0\u1eddi l\u1ea1 b\u1eb1ng tr\u00ed tu\u1ec7 nh\u00e2n t\u1ea1o (AI)"}]},{"@type":"WebSite","@id":"https:\/\/thanhphatpc.com\/#website","url":"https:\/\/thanhphatpc.com\/","name":"ThanhPhat PC","description":"D\u1ecbch v\u1ee5 ho\u00e0n h\u1ea3o","potentialAction":[{"@type":"SearchAction","target":{"@type":"EntryPoint","urlTemplate":"https:\/\/thanhphatpc.com\/?s={search_term_string}"},"query-input":{"@type":"PropertyValueSpecification","valueRequired":true,"valueName":"search_term_string"}}],"inLanguage":"en-US"}]}},"_links":{"self":[{"href":"https:\/\/thanhphatpc.com\/en\/wp-json\/wp\/v2\/product\/9097","targetHints":{"allow":["GET"]}}],"collection":[{"href":"https:\/\/thanhphatpc.com\/en\/wp-json\/wp\/v2\/product"}],"about":[{"href":"https:\/\/thanhphatpc.com\/en\/wp-json\/wp\/v2\/types\/product"}],"replies":[{"embeddable":true,"href":"https:\/\/thanhphatpc.com\/en\/wp-json\/wp\/v2\/comments?post=9097"}],"wp:featuredmedia":[{"embeddable":true,"href":"https:\/\/thanhphatpc.com\/en\/wp-json\/wp\/v2\/media\/10180"}],"wp:attachment":[{"href":"https:\/\/thanhphatpc.com\/en\/wp-json\/wp\/v2\/media?parent=9097"}],"wp:term":[{"taxonomy":"product_cat","embeddable":true,"href":"https:\/\/thanhphatpc.com\/en\/wp-json\/wp\/v2\/product_cat?post=9097"},{"taxonomy":"product_tag","embeddable":true,"href":"https:\/\/thanhphatpc.com\/en\/wp-json\/wp\/v2\/product_tag?post=9097"}],"curies":[{"name":"wp","href":"https:\/\/api.w.org\/{rel}","templated":true}]}}