{"id":9192,"date":"2021-10-08T08:49:02","date_gmt":"2021-10-08T01:49:02","guid":{"rendered":"https:\/\/thanhphatpc.com\/?post_type=product&#038;p=9192"},"modified":"2021-10-08T08:49:40","modified_gmt":"2021-10-08T01:49:40","slug":"chuot-cpm-fx5-plus","status":"publish","type":"product","link":"https:\/\/thanhphatpc.com\/en\/chuot-cpm-fx5-plus\/","title":{"rendered":"Chu\u1ed9t CPM FX5 Plus"},"content":{"rendered":"<p>Thi\u1ebft k\u1ebf \u0111\u1ed9c\u0111\u00e1o &amp; phong c\u00e1ch<\/p>\n<p>Chu\u1ed9t FX5 Plus h\u1ee3p v\u1edbi b\u00e0n tay c\u1ee7a ng\u01b0\u1eddi Vi\u1ec7t Nam, s\u1ea3n ph\u1ea9m v\u1eeba kh\u00edt v\u1edbi l\u00f2ng b\u00e0n tay. D\u00e2y chu\u1ed9t FX5 Plus \u0111\u01b0\u1ee3c l\u00e0m b\u1eb1ng d\u00e2y d\u00f9 b\u1ec1n ch\u1eafc, \u0111i k\u00e8m v\u1edbi th\u01b0\u01a1ng hi\u1ec7u n\u1ed5i ti\u1ebfng n\u00ean b\u1ea1n ho\u00e0n to\u00e0n y\u00ean t\u00e2m v\u1ec1 \u0111\u1ed9 b\u1ec1n v\u00e0 t\u00ednh th\u1ea9m m\u1ef9.<br \/>\n<img loading=\"lazy\" decoding=\"async\" src=\"https:\/\/thanhphatpc.com\/wp-content\/uploads\/2021\/10\/1-300x177.jpg\" alt=\"\" width=\"300\" height=\"177\" class=\"alignnone size-medium wp-image-9193\" srcset=\"https:\/\/thanhphatpc.com\/wp-content\/uploads\/2021\/10\/1-300x177.jpg 300w, https:\/\/thanhphatpc.com\/wp-content\/uploads\/2021\/10\/1-510x300.jpg 510w, https:\/\/thanhphatpc.com\/wp-content\/uploads\/2021\/10\/1-768x452.jpg 768w, https:\/\/thanhphatpc.com\/wp-content\/uploads\/2021\/10\/1.jpg 800w\" sizes=\"auto, (max-width: 300px) 100vw, 300px\" \/><\/p>\n<p>\u0110\u1ea7u c\u1eafm USB v\u00e0 n\u00fat b\u1ea5m \u0111\u01b0\u1ee3c ch\u0103m s\u00f3c k\u0129<\/p>\n<p>\u0110\u1ea7u c\u1eafm USB c\u1ee7a chu\u1ed9t FX5 Plus kh\u00e1 to v\u00e0 kh\u00edt c\u1ea3m gi\u00e1c c\u1eafm v\u00e0o USB c\u1ee7a m\u00e1y t\u00ednh c\u00f3 \u0111\u1ed9 ch\u1eafc ch\u1eafn an to\u00e0n kh\u00f4ng nh\u01b0 \u0111\u1ea7u c\u1eafm USB c\u1ee7a c\u00e1c d\u00f2ng chu\u1ed9t kh\u00e1c t\u1ea1o c\u1ea3m gi\u00e1c kh\u00f4ng ch\u1eafc ch\u1eafn. C\u00f2n n\u00fat b\u1ea5m c\u1ee7a chu\u1ed9t X5 Plus th\u00ec kh\u00f4ng ph\u1ea3i b\u00e0n nhi\u1ec1u s\u1ebd l\u00e0m r\u1ea5t nhi\u1ec1u ng\u01b0\u1eddi th\u00edch, chu\u1ed9t ch\u1ea5t l\u01b0\u1ee3ng cao cho \u0111\u1ed9 b\u1ec1n l\u00ean t\u1edbi 24 th\u00e1ng v\u1edbi c\u00e1c ph\u00f2ng game, ch\u1ecbu s\u1ee9c \u00e9p cao v\u1ec1 \u0111\u1ed9 b\u1ea5m c\u0169ng nh\u01b0 va \u0111\u1eadp.<\/p>\n<p><img loading=\"lazy\" decoding=\"async\" src=\"https:\/\/thanhphatpc.com\/wp-content\/uploads\/2021\/10\/2-300x158.jpg\" alt=\"\" width=\"300\" height=\"158\" class=\"alignnone size-medium wp-image-9194\" srcset=\"https:\/\/thanhphatpc.com\/wp-content\/uploads\/2021\/10\/2-300x158.jpg 300w, https:\/\/thanhphatpc.com\/wp-content\/uploads\/2021\/10\/2-510x269.jpg 510w, https:\/\/thanhphatpc.com\/wp-content\/uploads\/2021\/10\/2-768x405.jpg 768w, https:\/\/thanhphatpc.com\/wp-content\/uploads\/2021\/10\/2.jpg 800w\" sizes=\"auto, (max-width: 300px) 100vw, 300px\" \/><\/p>","protected":false},"excerpt":{"rendered":"<p>TH\u00d4NG S\u1ed0 K\u1ef8 THU\u1eacT<\/p>\n<p>&#8211; Thi\u1ebft k\u1ebf Ambidextrous (thi\u1ebft k\u1ebf \u0111\u1ed1i x\u1ee9ng, ph\u00f9 h\u1ee3p cho c\u1ea3 ng\u01b0\u1eddi d\u00f9ng thu\u1eadn tay tr\u00e1i ho\u1eb7c tay ph\u1ea3i), v\u1eeba tay cho Game th\u1ee7. \u0110\u00e8n LED 7 m\u00e0u hai b\u00ean th\u00e2n chu\u1ed9t r\u1ea5t c\u00e1 t\u00ednh.<\/p>\n<p>&#8211; C\u1ea3m bi\u1ebfn quang h\u1ecdc 1000DPI<br \/>\n&#8211; M\u00e0u \u0111en, giao di\u1ec7n USB<br \/>\n&#8211; 10 tri\u1ec7u l\u01b0\u1ee3t b\u1ea5m, \u0111\u1ed9 b\u1ec1n cao<br \/>\n&#8211; D\u00e2y ch\u1ed1ng \u0111\u1ee9t 1.6m, s\u01b0\u1eddn cao su ch\u1ed1ng tr\u01b0\u1ee3t.<br \/>\n&#8211; B\u1ea3o h\u00e0nh: 12 th\u00e1ng<\/p>","protected":false},"featured_media":9195,"comment_status":"open","ping_status":"closed","template":"","meta":{"_acf_changed":false},"product_cat":[435],"product_tag":[2415],"class_list":{"0":"post-9192","1":"product","2":"type-product","3":"status-publish","4":"has-post-thumbnail","6":"product_cat-chuot-may-tinh","7":"product_tag-chuot-may-tinh","9":"first","10":"instock","11":"shipping-taxable","12":"purchasable","13":"product-type-simple"},"acf":[],"yoast_head":"<!-- This site is optimized with the Yoast SEO plugin v23.8 - https:\/\/yoast.com\/wordpress\/plugins\/seo\/ -->\n<title>Chu\u1ed9t CPM FX5 Plus - ThanhPhat PC<\/title>\n<meta name=\"robots\" content=\"index, follow, max-snippet:-1, max-image-preview:large, max-video-preview:-1\" \/>\n<link rel=\"canonical\" href=\"https:\/\/thanhphatpc.com\/en\/chuot-cpm-fx5-plus\/\" \/>\n<meta property=\"og:locale\" content=\"en_US\" \/>\n<meta property=\"og:type\" content=\"article\" \/>\n<meta property=\"og:title\" content=\"Chu\u1ed9t CPM FX5 Plus - ThanhPhat PC\" \/>\n<meta property=\"og:description\" content=\"TH\u00d4NG S\u1ed0 K\u1ef8 THU\u1eacT  - Thi\u1ebft k\u1ebf Ambidextrous (thi\u1ebft k\u1ebf \u0111\u1ed1i x\u1ee9ng, ph\u00f9 h\u1ee3p cho c\u1ea3 ng\u01b0\u1eddi d\u00f9ng thu\u1eadn tay tr\u00e1i ho\u1eb7c tay ph\u1ea3i), v\u1eeba tay cho Game th\u1ee7. \u0110\u00e8n LED 7 m\u00e0u hai b\u00ean th\u00e2n chu\u1ed9t r\u1ea5t c\u00e1 t\u00ednh.  - C\u1ea3m bi\u1ebfn quang h\u1ecdc 1000DPI - M\u00e0u \u0111en, giao di\u1ec7n USB - 10 tri\u1ec7u l\u01b0\u1ee3t b\u1ea5m, \u0111\u1ed9 b\u1ec1n cao - D\u00e2y ch\u1ed1ng \u0111\u1ee9t 1.6m, s\u01b0\u1eddn cao su ch\u1ed1ng tr\u01b0\u1ee3t. - B\u1ea3o h\u00e0nh: 12 th\u00e1ng\" \/>\n<meta property=\"og:url\" content=\"https:\/\/thanhphatpc.com\/en\/chuot-cpm-fx5-plus\/\" \/>\n<meta property=\"og:site_name\" content=\"ThanhPhat PC\" \/>\n<meta property=\"article:modified_time\" content=\"2021-10-08T01:49:40+00:00\" \/>\n<meta property=\"og:image\" content=\"https:\/\/thanhphatpc.com\/wp-content\/uploads\/2021\/10\/x5pl2-700x700.png\" \/>\n\t<meta property=\"og:image:width\" content=\"700\" \/>\n\t<meta property=\"og:image:height\" content=\"700\" \/>\n\t<meta property=\"og:image:type\" content=\"image\/png\" \/>\n<meta name=\"twitter:card\" content=\"summary_large_image\" \/>\n<meta name=\"twitter:label1\" content=\"Est. reading time\" \/>\n\t<meta name=\"twitter:data1\" content=\"1 minute\" \/>\n<script type=\"application\/ld+json\" class=\"yoast-schema-graph\">{\"@context\":\"https:\/\/schema.org\",\"@graph\":[{\"@type\":\"WebPage\",\"@id\":\"https:\/\/thanhphatpc.com\/chuot-cpm-fx5-plus\/\",\"url\":\"https:\/\/thanhphatpc.com\/chuot-cpm-fx5-plus\/\",\"name\":\"Chu\u1ed9t CPM FX5 Plus - ThanhPhat PC\",\"isPartOf\":{\"@id\":\"https:\/\/thanhphatpc.com\/#website\"},\"primaryImageOfPage\":{\"@id\":\"https:\/\/thanhphatpc.com\/chuot-cpm-fx5-plus\/#primaryimage\"},\"image\":{\"@id\":\"https:\/\/thanhphatpc.com\/chuot-cpm-fx5-plus\/#primaryimage\"},\"thumbnailUrl\":\"https:\/\/thanhphatpc.com\/wp-content\/uploads\/2021\/10\/x5pl2-700x700.png\",\"datePublished\":\"2021-10-08T01:49:02+00:00\",\"dateModified\":\"2021-10-08T01:49:40+00:00\",\"breadcrumb\":{\"@id\":\"https:\/\/thanhphatpc.com\/chuot-cpm-fx5-plus\/#breadcrumb\"},\"inLanguage\":\"en-US\",\"potentialAction\":[{\"@type\":\"ReadAction\",\"target\":[\"https:\/\/thanhphatpc.com\/chuot-cpm-fx5-plus\/\"]}]},{\"@type\":\"ImageObject\",\"inLanguage\":\"en-US\",\"@id\":\"https:\/\/thanhphatpc.com\/chuot-cpm-fx5-plus\/#primaryimage\",\"url\":\"https:\/\/thanhphatpc.com\/wp-content\/uploads\/2021\/10\/x5pl2-700x700.png\",\"contentUrl\":\"https:\/\/thanhphatpc.com\/wp-content\/uploads\/2021\/10\/x5pl2-700x700.png\",\"width\":700,\"height\":700},{\"@type\":\"BreadcrumbList\",\"@id\":\"https:\/\/thanhphatpc.com\/chuot-cpm-fx5-plus\/#breadcrumb\",\"itemListElement\":[{\"@type\":\"ListItem\",\"position\":1,\"name\":\"Trang ch\u1ee7\",\"item\":\"https:\/\/thanhphatpc.com\/\"},{\"@type\":\"ListItem\",\"position\":2,\"name\":\"C\u1eeda h\u00e0ng\",\"item\":\"https:\/\/thanhphatpc.com\/cua-hang\/\"},{\"@type\":\"ListItem\",\"position\":3,\"name\":\"Chu\u1ed9t CPM FX5 Plus\"}]},{\"@type\":\"WebSite\",\"@id\":\"https:\/\/thanhphatpc.com\/#website\",\"url\":\"https:\/\/thanhphatpc.com\/\",\"name\":\"ThanhPhat PC\",\"description\":\"D\u1ecbch v\u1ee5 ho\u00e0n h\u1ea3o\",\"potentialAction\":[{\"@type\":\"SearchAction\",\"target\":{\"@type\":\"EntryPoint\",\"urlTemplate\":\"https:\/\/thanhphatpc.com\/?s={search_term_string}\"},\"query-input\":{\"@type\":\"PropertyValueSpecification\",\"valueRequired\":true,\"valueName\":\"search_term_string\"}}],\"inLanguage\":\"en-US\"}]}<\/script>\n<!-- \/ Yoast SEO plugin. -->","yoast_head_json":{"title":"Chu\u1ed9t CPM FX5 Plus - ThanhPhat PC","robots":{"index":"index","follow":"follow","max-snippet":"max-snippet:-1","max-image-preview":"max-image-preview:large","max-video-preview":"max-video-preview:-1"},"canonical":"https:\/\/thanhphatpc.com\/en\/chuot-cpm-fx5-plus\/","og_locale":"en_US","og_type":"article","og_title":"Chu\u1ed9t CPM FX5 Plus - ThanhPhat PC","og_description":"TH\u00d4NG S\u1ed0 K\u1ef8 THU\u1eacT  - Thi\u1ebft k\u1ebf Ambidextrous (thi\u1ebft k\u1ebf \u0111\u1ed1i x\u1ee9ng, ph\u00f9 h\u1ee3p cho c\u1ea3 ng\u01b0\u1eddi d\u00f9ng thu\u1eadn tay tr\u00e1i ho\u1eb7c tay ph\u1ea3i), v\u1eeba tay cho Game th\u1ee7. \u0110\u00e8n LED 7 m\u00e0u hai b\u00ean th\u00e2n chu\u1ed9t r\u1ea5t c\u00e1 t\u00ednh.  - C\u1ea3m bi\u1ebfn quang h\u1ecdc 1000DPI - M\u00e0u \u0111en, giao di\u1ec7n USB - 10 tri\u1ec7u l\u01b0\u1ee3t b\u1ea5m, \u0111\u1ed9 b\u1ec1n cao - D\u00e2y ch\u1ed1ng \u0111\u1ee9t 1.6m, s\u01b0\u1eddn cao su ch\u1ed1ng tr\u01b0\u1ee3t. - B\u1ea3o h\u00e0nh: 12 th\u00e1ng","og_url":"https:\/\/thanhphatpc.com\/en\/chuot-cpm-fx5-plus\/","og_site_name":"ThanhPhat PC","article_modified_time":"2021-10-08T01:49:40+00:00","og_image":[{"width":700,"height":700,"url":"https:\/\/thanhphatpc.com\/wp-content\/uploads\/2021\/10\/x5pl2-700x700.png","type":"image\/png"}],"twitter_card":"summary_large_image","twitter_misc":{"Est. reading time":"1 minute"},"schema":{"@context":"https:\/\/schema.org","@graph":[{"@type":"WebPage","@id":"https:\/\/thanhphatpc.com\/chuot-cpm-fx5-plus\/","url":"https:\/\/thanhphatpc.com\/chuot-cpm-fx5-plus\/","name":"Chu\u1ed9t CPM FX5 Plus - ThanhPhat PC","isPartOf":{"@id":"https:\/\/thanhphatpc.com\/#website"},"primaryImageOfPage":{"@id":"https:\/\/thanhphatpc.com\/chuot-cpm-fx5-plus\/#primaryimage"},"image":{"@id":"https:\/\/thanhphatpc.com\/chuot-cpm-fx5-plus\/#primaryimage"},"thumbnailUrl":"https:\/\/thanhphatpc.com\/wp-content\/uploads\/2021\/10\/x5pl2-700x700.png","datePublished":"2021-10-08T01:49:02+00:00","dateModified":"2021-10-08T01:49:40+00:00","breadcrumb":{"@id":"https:\/\/thanhphatpc.com\/chuot-cpm-fx5-plus\/#breadcrumb"},"inLanguage":"en-US","potentialAction":[{"@type":"ReadAction","target":["https:\/\/thanhphatpc.com\/chuot-cpm-fx5-plus\/"]}]},{"@type":"ImageObject","inLanguage":"en-US","@id":"https:\/\/thanhphatpc.com\/chuot-cpm-fx5-plus\/#primaryimage","url":"https:\/\/thanhphatpc.com\/wp-content\/uploads\/2021\/10\/x5pl2-700x700.png","contentUrl":"https:\/\/thanhphatpc.com\/wp-content\/uploads\/2021\/10\/x5pl2-700x700.png","width":700,"height":700},{"@type":"BreadcrumbList","@id":"https:\/\/thanhphatpc.com\/chuot-cpm-fx5-plus\/#breadcrumb","itemListElement":[{"@type":"ListItem","position":1,"name":"Trang ch\u1ee7","item":"https:\/\/thanhphatpc.com\/"},{"@type":"ListItem","position":2,"name":"C\u1eeda h\u00e0ng","item":"https:\/\/thanhphatpc.com\/cua-hang\/"},{"@type":"ListItem","position":3,"name":"Chu\u1ed9t CPM FX5 Plus"}]},{"@type":"WebSite","@id":"https:\/\/thanhphatpc.com\/#website","url":"https:\/\/thanhphatpc.com\/","name":"ThanhPhat PC","description":"D\u1ecbch v\u1ee5 ho\u00e0n h\u1ea3o","potentialAction":[{"@type":"SearchAction","target":{"@type":"EntryPoint","urlTemplate":"https:\/\/thanhphatpc.com\/?s={search_term_string}"},"query-input":{"@type":"PropertyValueSpecification","valueRequired":true,"valueName":"search_term_string"}}],"inLanguage":"en-US"}]}},"_links":{"self":[{"href":"https:\/\/thanhphatpc.com\/en\/wp-json\/wp\/v2\/product\/9192","targetHints":{"allow":["GET"]}}],"collection":[{"href":"https:\/\/thanhphatpc.com\/en\/wp-json\/wp\/v2\/product"}],"about":[{"href":"https:\/\/thanhphatpc.com\/en\/wp-json\/wp\/v2\/types\/product"}],"replies":[{"embeddable":true,"href":"https:\/\/thanhphatpc.com\/en\/wp-json\/wp\/v2\/comments?post=9192"}],"wp:featuredmedia":[{"embeddable":true,"href":"https:\/\/thanhphatpc.com\/en\/wp-json\/wp\/v2\/media\/9195"}],"wp:attachment":[{"href":"https:\/\/thanhphatpc.com\/en\/wp-json\/wp\/v2\/media?parent=9192"}],"wp:term":[{"taxonomy":"product_cat","embeddable":true,"href":"https:\/\/thanhphatpc.com\/en\/wp-json\/wp\/v2\/product_cat?post=9192"},{"taxonomy":"product_tag","embeddable":true,"href":"https:\/\/thanhphatpc.com\/en\/wp-json\/wp\/v2\/product_tag?post=9192"}],"curies":[{"name":"wp","href":"https:\/\/api.w.org\/{rel}","templated":true}]}}