{"id":9196,"date":"2021-10-08T08:59:14","date_gmt":"2021-10-08T01:59:14","guid":{"rendered":"https:\/\/thanhphatpc.com\/?post_type=product&#038;p=9196"},"modified":"2021-10-08T08:59:14","modified_gmt":"2021-10-08T01:59:14","slug":"ban-phim-gaming-newmen-e340-usb-black-2","status":"publish","type":"product","link":"https:\/\/thanhphatpc.com\/en\/ban-phim-gaming-newmen-e340-usb-black-2\/","title":{"rendered":"B\u00e0n ph\u00edm gaming Newmen E340 USB Black"},"content":{"rendered":"<p>\u0110\u00e1nh gi\u00e1 Keyboard Newmen E340 USB Black<\/p>\n<p>                            <img loading=\"lazy\" decoding=\"async\" src=\"https:\/\/thanhphatpc.com\/wp-content\/uploads\/2021\/10\/1-1-300x300.jpg\" alt=\"\" width=\"300\" height=\"300\" class=\"alignnone size-medium wp-image-9197\" srcset=\"https:\/\/thanhphatpc.com\/wp-content\/uploads\/2021\/10\/1-1-300x300.jpg 300w, https:\/\/thanhphatpc.com\/wp-content\/uploads\/2021\/10\/1-1-100x100.jpg 100w, https:\/\/thanhphatpc.com\/wp-content\/uploads\/2021\/10\/1-1-510x510.jpg 510w, https:\/\/thanhphatpc.com\/wp-content\/uploads\/2021\/10\/1-1-150x150.jpg 150w, https:\/\/thanhphatpc.com\/wp-content\/uploads\/2021\/10\/1-1-768x768.jpg 768w, https:\/\/thanhphatpc.com\/wp-content\/uploads\/2021\/10\/1-1-1024x1024.jpg 1024w, https:\/\/thanhphatpc.com\/wp-content\/uploads\/2021\/10\/1-1.jpg 1200w\" sizes=\"auto, (max-width: 300px) 100vw, 300px\" \/><br \/>\nB\u00e0n ph\u00edm gaming Newmen E340 USB BlackThi\u1ebft k\u1ebf<br \/>\nB\u00e0n ph\u00edm gaming  Newmen E340 \u0111\u01b0\u1ee3c thi\u1ebft k\u1ebf tr\u00ean m\u00f4 h\u00ecnh b\u00e0n ph\u00edm \u0111\u1ea7y \u0111\u1ee7 n\u00ean s\u1edf h\u1eefu cho m\u00ecnh 104 ph\u00edm c\u01a1  b\u1ea3n. B\u00ean c\u1ea1nh c\u00e1c thi\u1ebft k\u1ebf v\u1ec1 ph\u00edm b\u1ea5m, E340 k\u1ebft n\u1ed1i d\u1ec5 d\u00e0ng ch\u1ec9 \u0111\u01a1n gi\u1ea3n \u0111\u1ec1u c\u00f3 th\u1ec3 c\u1eafm v\u00e0o \u1ed5 USB 2.0 v\u00e0 3.0, b\u00ean c\u1ea1nh \u0111\u00f3 d\u00e2y c\u00f2n \u0111\u01b0\u1ee3c l\u00e0m b\u1eb1ng ch\u1ea5t li\u1ec7u d\u00e2y d\u00f9 ch\u1ed1ng nhi\u1ec5u mang \u0111\u1ebfn t\u1ed1c \u0111\u1ed9 ph\u1ea3n x\u1ea1 c\u1ee7a b\u00e0n ph\u00edm nhanh h\u01a1n v\u00e0 ch\u00ednh x\u00e1c h\u01a1n. S\u1eed d\u1ee5ng c\u00f4ng ngh\u1ec7 kh\u1eafc laser cho in Keycap gi\u00fap c\u00e1c h\u00ecnh \u1ea3nh n\u00fat tr\u00e1nh b\u1ecb m\u00e0i m\u00f2n v\u00e0 tu\u1ed5i th\u1ecd l\u00e2u d\u00e0i.<\/p>\n<p>                              <img loading=\"lazy\" decoding=\"async\" src=\"https:\/\/thanhphatpc.com\/wp-content\/uploads\/2021\/10\/2-1-300x200.jpg\" alt=\"\" width=\"300\" height=\"200\" class=\"alignnone size-medium wp-image-9198\" srcset=\"https:\/\/thanhphatpc.com\/wp-content\/uploads\/2021\/10\/2-1-300x200.jpg 300w, https:\/\/thanhphatpc.com\/wp-content\/uploads\/2021\/10\/2-1-510x340.jpg 510w, https:\/\/thanhphatpc.com\/wp-content\/uploads\/2021\/10\/2-1-768x512.jpg 768w, https:\/\/thanhphatpc.com\/wp-content\/uploads\/2021\/10\/2-1.jpg 960w\" sizes=\"auto, (max-width: 300px) 100vw, 300px\" \/><\/p>\n<p>B\u00e0n ph\u00edm gaming Newmen E340 USB Black 1<\/p>\n<p>H\u1ec7 th\u1ed1ng ch\u1ed1ng n\u01b0\u1edbc c\u00f4ng ngh\u1ec7 cao<br \/>\nB\u00e0n ph\u00edm gaming  Newmen E340 \u0111\u01b0\u1ee3c trang b\u1ecb h\u1ec7 th\u1ed1ng ch\u1ed1ng n\u01b0\u1edbc r\u1ea5t t\u1ed1t, \u0111\u1ea3m b\u1ea3o \u0111\u1ed9 b\u1ec1n s\u1eed d\u1ee5ng khi l\u1ee1 b\u1ecb l\u00e0m n\u01b0\u1edbc \u0111\u1ed5 l\u00ean b\u00e0n ph\u00edm<\/p>\n<p>                              <img loading=\"lazy\" decoding=\"async\" src=\"https:\/\/thanhphatpc.com\/wp-content\/uploads\/2021\/10\/3-300x176.jpg\" alt=\"\" width=\"300\" height=\"176\" class=\"alignnone size-medium wp-image-9199\" srcset=\"https:\/\/thanhphatpc.com\/wp-content\/uploads\/2021\/10\/3-300x176.jpg 300w, https:\/\/thanhphatpc.com\/wp-content\/uploads\/2021\/10\/3-510x300.jpg 510w, https:\/\/thanhphatpc.com\/wp-content\/uploads\/2021\/10\/3-768x451.jpg 768w, https:\/\/thanhphatpc.com\/wp-content\/uploads\/2021\/10\/3.jpg 960w\" sizes=\"auto, (max-width: 300px) 100vw, 300px\" \/><\/p>\n<p>B\u00e0n ph\u00edm gaming Newmen E340 USB Black 2<\/p>","protected":false},"excerpt":{"rendered":"<p>Th\u00f4ng s\u1ed1 s\u1ea3n ph\u1ea9m<br \/>\nB\u00e0n ph\u00edm Newmen E340<br \/>\nS\u1ed1 l\u01b0\u1ee3ng n\u00fat : 104 ph\u00edm<br \/>\nK\u1ebft n\u1ed1i USB 2.0<br \/>\nC\u00f3 ph\u1ea7n \u0111\u1ec7m k\u00ea tay ch\u1ed1ng m\u1ecfi<br \/>\nThi\u1ebft k\u1ebf b\u1ec1n b\u1ec9, ph\u00f9 h\u1ee3p cho c\u00f4ng vi\u1ec7c v\u0103n ph\u00f2ng<\/p>","protected":false},"featured_media":9200,"comment_status":"open","ping_status":"closed","template":"","meta":{"_acf_changed":false},"product_cat":[436],"product_tag":[],"class_list":{"0":"post-9196","1":"product","2":"type-product","3":"status-publish","4":"has-post-thumbnail","6":"product_cat-ban-phim-pc","8":"first","9":"instock","10":"sale","11":"shipping-taxable","12":"purchasable","13":"product-type-simple"},"acf":[],"yoast_head":"<!-- This site is optimized with the Yoast SEO plugin v23.8 - https:\/\/yoast.com\/wordpress\/plugins\/seo\/ -->\n<title>B\u00e0n ph\u00edm gaming Newmen E340 USB Black - ThanhPhat PC<\/title>\n<meta name=\"robots\" content=\"index, follow, max-snippet:-1, max-image-preview:large, max-video-preview:-1\" \/>\n<link rel=\"canonical\" href=\"https:\/\/thanhphatpc.com\/en\/ban-phim-gaming-newmen-e340-usb-black-2\/\" \/>\n<meta property=\"og:locale\" content=\"en_US\" \/>\n<meta property=\"og:type\" content=\"article\" \/>\n<meta property=\"og:title\" content=\"B\u00e0n ph\u00edm gaming Newmen E340 USB Black - ThanhPhat PC\" \/>\n<meta property=\"og:description\" content=\"Th\u00f4ng s\u1ed1 s\u1ea3n ph\u1ea9m B\u00e0n ph\u00edm Newmen E340 S\u1ed1 l\u01b0\u1ee3ng n\u00fat : 104 ph\u00edm K\u1ebft n\u1ed1i USB 2.0 C\u00f3 ph\u1ea7n \u0111\u1ec7m k\u00ea tay ch\u1ed1ng m\u1ecfi Thi\u1ebft k\u1ebf b\u1ec1n b\u1ec9, ph\u00f9 h\u1ee3p cho c\u00f4ng vi\u1ec7c v\u0103n ph\u00f2ng\" \/>\n<meta property=\"og:url\" content=\"https:\/\/thanhphatpc.com\/en\/ban-phim-gaming-newmen-e340-usb-black-2\/\" \/>\n<meta property=\"og:site_name\" content=\"ThanhPhat PC\" \/>\n<meta property=\"og:image\" content=\"https:\/\/thanhphatpc.com\/wp-content\/uploads\/2021\/10\/1-2.jpg\" \/>\n\t<meta property=\"og:image:width\" content=\"850\" \/>\n\t<meta property=\"og:image:height\" content=\"850\" \/>\n\t<meta property=\"og:image:type\" content=\"image\/jpeg\" \/>\n<meta name=\"twitter:card\" content=\"summary_large_image\" \/>\n<meta name=\"twitter:label1\" content=\"Est. reading time\" \/>\n\t<meta name=\"twitter:data1\" content=\"1 minute\" \/>\n<script type=\"application\/ld+json\" class=\"yoast-schema-graph\">{\"@context\":\"https:\/\/schema.org\",\"@graph\":[{\"@type\":\"WebPage\",\"@id\":\"https:\/\/thanhphatpc.com\/ban-phim-gaming-newmen-e340-usb-black-2\/\",\"url\":\"https:\/\/thanhphatpc.com\/ban-phim-gaming-newmen-e340-usb-black-2\/\",\"name\":\"B\u00e0n ph\u00edm gaming Newmen E340 USB Black - ThanhPhat PC\",\"isPartOf\":{\"@id\":\"https:\/\/thanhphatpc.com\/#website\"},\"primaryImageOfPage\":{\"@id\":\"https:\/\/thanhphatpc.com\/ban-phim-gaming-newmen-e340-usb-black-2\/#primaryimage\"},\"image\":{\"@id\":\"https:\/\/thanhphatpc.com\/ban-phim-gaming-newmen-e340-usb-black-2\/#primaryimage\"},\"thumbnailUrl\":\"https:\/\/thanhphatpc.com\/wp-content\/uploads\/2021\/10\/1-2.jpg\",\"datePublished\":\"2021-10-08T01:59:14+00:00\",\"dateModified\":\"2021-10-08T01:59:14+00:00\",\"breadcrumb\":{\"@id\":\"https:\/\/thanhphatpc.com\/ban-phim-gaming-newmen-e340-usb-black-2\/#breadcrumb\"},\"inLanguage\":\"en-US\",\"potentialAction\":[{\"@type\":\"ReadAction\",\"target\":[\"https:\/\/thanhphatpc.com\/ban-phim-gaming-newmen-e340-usb-black-2\/\"]}]},{\"@type\":\"ImageObject\",\"inLanguage\":\"en-US\",\"@id\":\"https:\/\/thanhphatpc.com\/ban-phim-gaming-newmen-e340-usb-black-2\/#primaryimage\",\"url\":\"https:\/\/thanhphatpc.com\/wp-content\/uploads\/2021\/10\/1-2.jpg\",\"contentUrl\":\"https:\/\/thanhphatpc.com\/wp-content\/uploads\/2021\/10\/1-2.jpg\",\"width\":850,\"height\":850},{\"@type\":\"BreadcrumbList\",\"@id\":\"https:\/\/thanhphatpc.com\/ban-phim-gaming-newmen-e340-usb-black-2\/#breadcrumb\",\"itemListElement\":[{\"@type\":\"ListItem\",\"position\":1,\"name\":\"Trang ch\u1ee7\",\"item\":\"https:\/\/thanhphatpc.com\/\"},{\"@type\":\"ListItem\",\"position\":2,\"name\":\"C\u1eeda h\u00e0ng\",\"item\":\"https:\/\/thanhphatpc.com\/cua-hang\/\"},{\"@type\":\"ListItem\",\"position\":3,\"name\":\"B\u00e0n ph\u00edm gaming Newmen E340 USB Black\"}]},{\"@type\":\"WebSite\",\"@id\":\"https:\/\/thanhphatpc.com\/#website\",\"url\":\"https:\/\/thanhphatpc.com\/\",\"name\":\"ThanhPhat PC\",\"description\":\"D\u1ecbch v\u1ee5 ho\u00e0n h\u1ea3o\",\"potentialAction\":[{\"@type\":\"SearchAction\",\"target\":{\"@type\":\"EntryPoint\",\"urlTemplate\":\"https:\/\/thanhphatpc.com\/?s={search_term_string}\"},\"query-input\":{\"@type\":\"PropertyValueSpecification\",\"valueRequired\":true,\"valueName\":\"search_term_string\"}}],\"inLanguage\":\"en-US\"}]}<\/script>\n<!-- \/ Yoast SEO plugin. -->","yoast_head_json":{"title":"B\u00e0n ph\u00edm gaming Newmen E340 USB Black - ThanhPhat PC","robots":{"index":"index","follow":"follow","max-snippet":"max-snippet:-1","max-image-preview":"max-image-preview:large","max-video-preview":"max-video-preview:-1"},"canonical":"https:\/\/thanhphatpc.com\/en\/ban-phim-gaming-newmen-e340-usb-black-2\/","og_locale":"en_US","og_type":"article","og_title":"B\u00e0n ph\u00edm gaming Newmen E340 USB Black - ThanhPhat PC","og_description":"Th\u00f4ng s\u1ed1 s\u1ea3n ph\u1ea9m B\u00e0n ph\u00edm Newmen E340 S\u1ed1 l\u01b0\u1ee3ng n\u00fat : 104 ph\u00edm K\u1ebft n\u1ed1i USB 2.0 C\u00f3 ph\u1ea7n \u0111\u1ec7m k\u00ea tay ch\u1ed1ng m\u1ecfi Thi\u1ebft k\u1ebf b\u1ec1n b\u1ec9, ph\u00f9 h\u1ee3p cho c\u00f4ng vi\u1ec7c v\u0103n ph\u00f2ng","og_url":"https:\/\/thanhphatpc.com\/en\/ban-phim-gaming-newmen-e340-usb-black-2\/","og_site_name":"ThanhPhat PC","og_image":[{"width":850,"height":850,"url":"https:\/\/thanhphatpc.com\/wp-content\/uploads\/2021\/10\/1-2.jpg","type":"image\/jpeg"}],"twitter_card":"summary_large_image","twitter_misc":{"Est. reading time":"1 minute"},"schema":{"@context":"https:\/\/schema.org","@graph":[{"@type":"WebPage","@id":"https:\/\/thanhphatpc.com\/ban-phim-gaming-newmen-e340-usb-black-2\/","url":"https:\/\/thanhphatpc.com\/ban-phim-gaming-newmen-e340-usb-black-2\/","name":"B\u00e0n ph\u00edm gaming Newmen E340 USB Black - ThanhPhat PC","isPartOf":{"@id":"https:\/\/thanhphatpc.com\/#website"},"primaryImageOfPage":{"@id":"https:\/\/thanhphatpc.com\/ban-phim-gaming-newmen-e340-usb-black-2\/#primaryimage"},"image":{"@id":"https:\/\/thanhphatpc.com\/ban-phim-gaming-newmen-e340-usb-black-2\/#primaryimage"},"thumbnailUrl":"https:\/\/thanhphatpc.com\/wp-content\/uploads\/2021\/10\/1-2.jpg","datePublished":"2021-10-08T01:59:14+00:00","dateModified":"2021-10-08T01:59:14+00:00","breadcrumb":{"@id":"https:\/\/thanhphatpc.com\/ban-phim-gaming-newmen-e340-usb-black-2\/#breadcrumb"},"inLanguage":"en-US","potentialAction":[{"@type":"ReadAction","target":["https:\/\/thanhphatpc.com\/ban-phim-gaming-newmen-e340-usb-black-2\/"]}]},{"@type":"ImageObject","inLanguage":"en-US","@id":"https:\/\/thanhphatpc.com\/ban-phim-gaming-newmen-e340-usb-black-2\/#primaryimage","url":"https:\/\/thanhphatpc.com\/wp-content\/uploads\/2021\/10\/1-2.jpg","contentUrl":"https:\/\/thanhphatpc.com\/wp-content\/uploads\/2021\/10\/1-2.jpg","width":850,"height":850},{"@type":"BreadcrumbList","@id":"https:\/\/thanhphatpc.com\/ban-phim-gaming-newmen-e340-usb-black-2\/#breadcrumb","itemListElement":[{"@type":"ListItem","position":1,"name":"Trang ch\u1ee7","item":"https:\/\/thanhphatpc.com\/"},{"@type":"ListItem","position":2,"name":"C\u1eeda h\u00e0ng","item":"https:\/\/thanhphatpc.com\/cua-hang\/"},{"@type":"ListItem","position":3,"name":"B\u00e0n ph\u00edm gaming Newmen E340 USB Black"}]},{"@type":"WebSite","@id":"https:\/\/thanhphatpc.com\/#website","url":"https:\/\/thanhphatpc.com\/","name":"ThanhPhat PC","description":"D\u1ecbch v\u1ee5 ho\u00e0n h\u1ea3o","potentialAction":[{"@type":"SearchAction","target":{"@type":"EntryPoint","urlTemplate":"https:\/\/thanhphatpc.com\/?s={search_term_string}"},"query-input":{"@type":"PropertyValueSpecification","valueRequired":true,"valueName":"search_term_string"}}],"inLanguage":"en-US"}]}},"_links":{"self":[{"href":"https:\/\/thanhphatpc.com\/en\/wp-json\/wp\/v2\/product\/9196","targetHints":{"allow":["GET"]}}],"collection":[{"href":"https:\/\/thanhphatpc.com\/en\/wp-json\/wp\/v2\/product"}],"about":[{"href":"https:\/\/thanhphatpc.com\/en\/wp-json\/wp\/v2\/types\/product"}],"replies":[{"embeddable":true,"href":"https:\/\/thanhphatpc.com\/en\/wp-json\/wp\/v2\/comments?post=9196"}],"wp:featuredmedia":[{"embeddable":true,"href":"https:\/\/thanhphatpc.com\/en\/wp-json\/wp\/v2\/media\/9200"}],"wp:attachment":[{"href":"https:\/\/thanhphatpc.com\/en\/wp-json\/wp\/v2\/media?parent=9196"}],"wp:term":[{"taxonomy":"product_cat","embeddable":true,"href":"https:\/\/thanhphatpc.com\/en\/wp-json\/wp\/v2\/product_cat?post=9196"},{"taxonomy":"product_tag","embeddable":true,"href":"https:\/\/thanhphatpc.com\/en\/wp-json\/wp\/v2\/product_tag?post=9196"}],"curies":[{"name":"wp","href":"https:\/\/api.w.org\/{rel}","templated":true}]}}