{"id":9278,"date":"2022-02-08T09:30:41","date_gmt":"2022-02-08T02:30:41","guid":{"rendered":"https:\/\/thanhphatpc.com\/?post_type=product&#038;p=9278"},"modified":"2022-02-08T09:30:41","modified_gmt":"2022-02-08T02:30:41","slug":"bo-ban-phim-chuot-khong-day-rapoo-x1800s-den-usb","status":"publish","type":"product","link":"https:\/\/thanhphatpc.com\/en\/bo-ban-phim-chuot-khong-day-rapoo-x1800s-den-usb\/","title":{"rendered":"B\u1ed9 B\u00e0n ph\u00edm Chu\u1ed9t Kh\u00f4ng d\u00e2y Rapoo X1800S \u0111en (USB)"},"content":{"rendered":"<h2 class=\"ddnb-title spct-title\">\u0110\u00e1nh gi\u00e1 B\u1ed9 B\u00e0n ph\u00edm Chu\u1ed9t Kh\u00f4ng d\u00e2y Rapoo X1800S \u0111en (USB) ch\u00ednh h\u00e3ng, b\u1ea3o h\u00e0nh d\u00e0i<\/h2>\n<p><img loading=\"lazy\" decoding=\"async\" class=\"loading\" src=\"https:\/\/hanoicomputercdn.com\/media\/lib\/16-11-2021\/bo-ban-phim-chuot-khong-day-rapoo-x1800s-den-usb-1.png\" alt=\"B\u1ed9 B\u00e0n ph\u00edm Chu\u1ed9t Kh\u00f4ng d\u00e2y Rapoo X1800S \u0111en (USB) 1\" width=\"941\" height=\"422\" data-was-processed=\"true\" \/><\/p>\n<h3>T\u00ednh n\u0103ng Media ti\u1ec7n l\u1ee3i<\/h3>\n<p>B\u00e0n ph\u00edm c\u1ee7a Rapoo X1800S t\u00edch h\u1ee3p \u0111\u1ea7y \u0111\u1ee7 c\u00e1c ph\u00edm Media ti\u1ec7n l\u1ee3i v\u00e0 \u0111\u01b0\u1ee3c thao t\u00e1c b\u1eb1ng ph\u00edm FN<\/p>\n<p><img loading=\"lazy\" decoding=\"async\" class=\"loading\" src=\"https:\/\/hanoicomputercdn.com\/media\/lib\/16-11-2021\/bo-ban-phim-chuot-khong-day-rapoo-x1800s-den-usb-2.png\" alt=\"B\u1ed9 B\u00e0n ph\u00edm Chu\u1ed9t Kh\u00f4ng d\u00e2y Rapoo X1800S \u0111en (USB) 2\" width=\"919\" height=\"400\" data-was-processed=\"true\" \/><\/p>\n<h3>Chu\u1ed9t hi\u1ec7u n\u0103ng t\u1ed1t<\/h3>\n<p>V\u1edbi \u0111\u1ed9 ph\u00e2n gi\u1ea3i 1000 DPI, chu\u1ed9t c\u1ee7a b\u1ed9 combo Rapoo X1800S c\u00f3 th\u1ec3 d\u1ec5 d\u00e0ng \u0111\u00e1p \u1ee9ng c\u00e1c thao t\u00e1c nhanh nh\u1ea1y<\/p>\n<p><img loading=\"lazy\" decoding=\"async\" class=\"loading\" src=\"https:\/\/hanoicomputercdn.com\/media\/lib\/16-11-2021\/bo-ban-phim-chuot-khong-day-rapoo-x1800s-den-usb-4.png\" alt=\"B\u1ed9 B\u00e0n ph\u00edm Chu\u1ed9t Kh\u00f4ng d\u00e2y Rapoo X1800S \u0111en (USB) 3\" width=\"905\" height=\"459\" data-was-processed=\"true\" \/><\/p>\n<h3>Th\u1eddi l\u01b0\u1ee3ng pin t\u1ed1t<\/h3>\n<p>B\u1ed9 b\u00e0n ph\u00edm chu\u1ed9t kh\u00f4ng d\u00e2y Rapoo X1800S cho th\u1eddi l\u01b0\u1ee3ng s\u1eed d\u1ee5ng kh\u00e1 cao, l\u00ean \u0111\u1ebfn 12 th\u00e1ng<\/p>\n<p><img loading=\"lazy\" decoding=\"async\" class=\"loading\" src=\"https:\/\/hanoicomputercdn.com\/media\/lib\/16-11-2021\/bo-ban-phim-chuot-khong-day-rapoo-x1800s-den-usb-3.png\" alt=\"B\u1ed9 B\u00e0n ph\u00edm Chu\u1ed9t Kh\u00f4ng d\u00e2y Rapoo X1800S \u0111en (USB) 4\" width=\"910\" height=\"464\" data-was-processed=\"true\" \/><\/p>","protected":false},"excerpt":{"rendered":"<div class=\"product-summary-item-title\">Th\u00f4ng s\u1ed1 s\u1ea3n ph\u1ea9m<\/div>\n<ul id=\"js-tskt-item\" class=\"product-summary-item-ul d-flex flex-wrap mb-0\">\n<li>B\u1ed9 B\u00e0n ph\u00edm Chu\u1ed9t Kh\u00f4ng d\u00e2y Rapoo X1800S<\/li>\n<li>Chu\u1ea9n k\u1ebft n\u1ed1i: Wireless 2.4Ghz<\/li>\n<li>Kho\u1ea3ng c\u00e1ch ho\u1ea1t \u0111\u1ed9ng l\u00ean \u0111\u1ebfn 10m<\/li>\n<li>B\u00e0n ph\u00edm thi\u1ebft k\u1ebf chu\u1ea9n layout fullsize 104 ph\u00edm, g\u1ecdn g\u00e0ng<\/li>\n<li>Chu\u1ed9t thi\u1ebft k\u1ebf \u0111\u1ed1i x\u1ee9ng, d\u1ec5 d\u00e0ng c\u1ea7m n\u1eafm<\/li>\n<li>\u0110\u1ed9 ph\u00e2n gi\u1ea3i: 1000 DPI<\/li>\n<\/ul>","protected":false},"featured_media":9280,"comment_status":"open","ping_status":"closed","template":"","meta":{"_acf_changed":false},"product_cat":[436],"product_tag":[],"class_list":{"0":"post-9278","1":"product","2":"type-product","3":"status-publish","4":"has-post-thumbnail","6":"product_cat-ban-phim-pc","8":"first","9":"instock","10":"sale","11":"shipping-taxable","12":"purchasable","13":"product-type-simple"},"acf":[],"yoast_head":"<!-- This site is optimized with the Yoast SEO plugin v23.8 - https:\/\/yoast.com\/wordpress\/plugins\/seo\/ -->\n<title>B\u1ed9 B\u00e0n ph\u00edm Chu\u1ed9t Kh\u00f4ng d\u00e2y Rapoo X1800S \u0111en (USB) - ThanhPhat PC<\/title>\n<meta name=\"robots\" content=\"index, follow, max-snippet:-1, max-image-preview:large, max-video-preview:-1\" \/>\n<link rel=\"canonical\" href=\"https:\/\/thanhphatpc.com\/en\/bo-ban-phim-chuot-khong-day-rapoo-x1800s-den-usb\/\" \/>\n<meta property=\"og:locale\" content=\"en_US\" \/>\n<meta property=\"og:type\" content=\"article\" \/>\n<meta property=\"og:title\" content=\"B\u1ed9 B\u00e0n ph\u00edm Chu\u1ed9t Kh\u00f4ng d\u00e2y Rapoo X1800S \u0111en (USB) - ThanhPhat PC\" \/>\n<meta property=\"og:description\" content=\"Th\u00f4ng s\u1ed1 s\u1ea3n ph\u1ea9m   B\u1ed9 B\u00e0n ph\u00edm Chu\u1ed9t Kh\u00f4ng d\u00e2y Rapoo X1800S  Chu\u1ea9n k\u1ebft n\u1ed1i: Wireless 2.4Ghz  Kho\u1ea3ng c\u00e1ch ho\u1ea1t \u0111\u1ed9ng l\u00ean \u0111\u1ebfn 10m  B\u00e0n ph\u00edm thi\u1ebft k\u1ebf chu\u1ea9n layout fullsize 104 ph\u00edm, g\u1ecdn g\u00e0ng  Chu\u1ed9t thi\u1ebft k\u1ebf \u0111\u1ed1i x\u1ee9ng, d\u1ec5 d\u00e0ng c\u1ea7m n\u1eafm  \u0110\u1ed9 ph\u00e2n gi\u1ea3i: 1000 DPI\" \/>\n<meta property=\"og:url\" content=\"https:\/\/thanhphatpc.com\/en\/bo-ban-phim-chuot-khong-day-rapoo-x1800s-den-usb\/\" \/>\n<meta property=\"og:site_name\" content=\"ThanhPhat PC\" \/>\n<meta property=\"og:image\" content=\"https:\/\/thanhphatpc.com\/wp-content\/uploads\/2022\/02\/2.jpg\" \/>\n\t<meta property=\"og:image:width\" content=\"850\" \/>\n\t<meta property=\"og:image:height\" content=\"850\" \/>\n\t<meta property=\"og:image:type\" content=\"image\/jpeg\" \/>\n<meta name=\"twitter:card\" content=\"summary_large_image\" \/>\n<meta name=\"twitter:label1\" content=\"Est. reading time\" \/>\n\t<meta name=\"twitter:data1\" content=\"2 minutes\" \/>\n<script type=\"application\/ld+json\" class=\"yoast-schema-graph\">{\"@context\":\"https:\/\/schema.org\",\"@graph\":[{\"@type\":\"WebPage\",\"@id\":\"https:\/\/thanhphatpc.com\/bo-ban-phim-chuot-khong-day-rapoo-x1800s-den-usb\/\",\"url\":\"https:\/\/thanhphatpc.com\/bo-ban-phim-chuot-khong-day-rapoo-x1800s-den-usb\/\",\"name\":\"B\u1ed9 B\u00e0n ph\u00edm Chu\u1ed9t Kh\u00f4ng d\u00e2y Rapoo X1800S \u0111en (USB) - ThanhPhat PC\",\"isPartOf\":{\"@id\":\"https:\/\/thanhphatpc.com\/#website\"},\"primaryImageOfPage\":{\"@id\":\"https:\/\/thanhphatpc.com\/bo-ban-phim-chuot-khong-day-rapoo-x1800s-den-usb\/#primaryimage\"},\"image\":{\"@id\":\"https:\/\/thanhphatpc.com\/bo-ban-phim-chuot-khong-day-rapoo-x1800s-den-usb\/#primaryimage\"},\"thumbnailUrl\":\"https:\/\/thanhphatpc.com\/wp-content\/uploads\/2022\/02\/2.jpg\",\"datePublished\":\"2022-02-08T02:30:41+00:00\",\"dateModified\":\"2022-02-08T02:30:41+00:00\",\"breadcrumb\":{\"@id\":\"https:\/\/thanhphatpc.com\/bo-ban-phim-chuot-khong-day-rapoo-x1800s-den-usb\/#breadcrumb\"},\"inLanguage\":\"en-US\",\"potentialAction\":[{\"@type\":\"ReadAction\",\"target\":[\"https:\/\/thanhphatpc.com\/bo-ban-phim-chuot-khong-day-rapoo-x1800s-den-usb\/\"]}]},{\"@type\":\"ImageObject\",\"inLanguage\":\"en-US\",\"@id\":\"https:\/\/thanhphatpc.com\/bo-ban-phim-chuot-khong-day-rapoo-x1800s-den-usb\/#primaryimage\",\"url\":\"https:\/\/thanhphatpc.com\/wp-content\/uploads\/2022\/02\/2.jpg\",\"contentUrl\":\"https:\/\/thanhphatpc.com\/wp-content\/uploads\/2022\/02\/2.jpg\",\"width\":850,\"height\":850},{\"@type\":\"BreadcrumbList\",\"@id\":\"https:\/\/thanhphatpc.com\/bo-ban-phim-chuot-khong-day-rapoo-x1800s-den-usb\/#breadcrumb\",\"itemListElement\":[{\"@type\":\"ListItem\",\"position\":1,\"name\":\"Trang ch\u1ee7\",\"item\":\"https:\/\/thanhphatpc.com\/\"},{\"@type\":\"ListItem\",\"position\":2,\"name\":\"C\u1eeda h\u00e0ng\",\"item\":\"https:\/\/thanhphatpc.com\/cua-hang\/\"},{\"@type\":\"ListItem\",\"position\":3,\"name\":\"B\u1ed9 B\u00e0n ph\u00edm Chu\u1ed9t Kh\u00f4ng d\u00e2y Rapoo X1800S \u0111en (USB)\"}]},{\"@type\":\"WebSite\",\"@id\":\"https:\/\/thanhphatpc.com\/#website\",\"url\":\"https:\/\/thanhphatpc.com\/\",\"name\":\"ThanhPhat PC\",\"description\":\"D\u1ecbch v\u1ee5 ho\u00e0n h\u1ea3o\",\"potentialAction\":[{\"@type\":\"SearchAction\",\"target\":{\"@type\":\"EntryPoint\",\"urlTemplate\":\"https:\/\/thanhphatpc.com\/?s={search_term_string}\"},\"query-input\":{\"@type\":\"PropertyValueSpecification\",\"valueRequired\":true,\"valueName\":\"search_term_string\"}}],\"inLanguage\":\"en-US\"}]}<\/script>\n<!-- \/ Yoast SEO plugin. -->","yoast_head_json":{"title":"B\u1ed9 B\u00e0n ph\u00edm Chu\u1ed9t Kh\u00f4ng d\u00e2y Rapoo X1800S \u0111en (USB) - ThanhPhat PC","robots":{"index":"index","follow":"follow","max-snippet":"max-snippet:-1","max-image-preview":"max-image-preview:large","max-video-preview":"max-video-preview:-1"},"canonical":"https:\/\/thanhphatpc.com\/en\/bo-ban-phim-chuot-khong-day-rapoo-x1800s-den-usb\/","og_locale":"en_US","og_type":"article","og_title":"B\u1ed9 B\u00e0n ph\u00edm Chu\u1ed9t Kh\u00f4ng d\u00e2y Rapoo X1800S \u0111en (USB) - ThanhPhat PC","og_description":"Th\u00f4ng s\u1ed1 s\u1ea3n ph\u1ea9m   B\u1ed9 B\u00e0n ph\u00edm Chu\u1ed9t Kh\u00f4ng d\u00e2y Rapoo X1800S  Chu\u1ea9n k\u1ebft n\u1ed1i: Wireless 2.4Ghz  Kho\u1ea3ng c\u00e1ch ho\u1ea1t \u0111\u1ed9ng l\u00ean \u0111\u1ebfn 10m  B\u00e0n ph\u00edm thi\u1ebft k\u1ebf chu\u1ea9n layout fullsize 104 ph\u00edm, g\u1ecdn g\u00e0ng  Chu\u1ed9t thi\u1ebft k\u1ebf \u0111\u1ed1i x\u1ee9ng, d\u1ec5 d\u00e0ng c\u1ea7m n\u1eafm  \u0110\u1ed9 ph\u00e2n gi\u1ea3i: 1000 DPI","og_url":"https:\/\/thanhphatpc.com\/en\/bo-ban-phim-chuot-khong-day-rapoo-x1800s-den-usb\/","og_site_name":"ThanhPhat PC","og_image":[{"width":850,"height":850,"url":"https:\/\/thanhphatpc.com\/wp-content\/uploads\/2022\/02\/2.jpg","type":"image\/jpeg"}],"twitter_card":"summary_large_image","twitter_misc":{"Est. reading time":"2 minutes"},"schema":{"@context":"https:\/\/schema.org","@graph":[{"@type":"WebPage","@id":"https:\/\/thanhphatpc.com\/bo-ban-phim-chuot-khong-day-rapoo-x1800s-den-usb\/","url":"https:\/\/thanhphatpc.com\/bo-ban-phim-chuot-khong-day-rapoo-x1800s-den-usb\/","name":"B\u1ed9 B\u00e0n ph\u00edm Chu\u1ed9t Kh\u00f4ng d\u00e2y Rapoo X1800S \u0111en (USB) - ThanhPhat PC","isPartOf":{"@id":"https:\/\/thanhphatpc.com\/#website"},"primaryImageOfPage":{"@id":"https:\/\/thanhphatpc.com\/bo-ban-phim-chuot-khong-day-rapoo-x1800s-den-usb\/#primaryimage"},"image":{"@id":"https:\/\/thanhphatpc.com\/bo-ban-phim-chuot-khong-day-rapoo-x1800s-den-usb\/#primaryimage"},"thumbnailUrl":"https:\/\/thanhphatpc.com\/wp-content\/uploads\/2022\/02\/2.jpg","datePublished":"2022-02-08T02:30:41+00:00","dateModified":"2022-02-08T02:30:41+00:00","breadcrumb":{"@id":"https:\/\/thanhphatpc.com\/bo-ban-phim-chuot-khong-day-rapoo-x1800s-den-usb\/#breadcrumb"},"inLanguage":"en-US","potentialAction":[{"@type":"ReadAction","target":["https:\/\/thanhphatpc.com\/bo-ban-phim-chuot-khong-day-rapoo-x1800s-den-usb\/"]}]},{"@type":"ImageObject","inLanguage":"en-US","@id":"https:\/\/thanhphatpc.com\/bo-ban-phim-chuot-khong-day-rapoo-x1800s-den-usb\/#primaryimage","url":"https:\/\/thanhphatpc.com\/wp-content\/uploads\/2022\/02\/2.jpg","contentUrl":"https:\/\/thanhphatpc.com\/wp-content\/uploads\/2022\/02\/2.jpg","width":850,"height":850},{"@type":"BreadcrumbList","@id":"https:\/\/thanhphatpc.com\/bo-ban-phim-chuot-khong-day-rapoo-x1800s-den-usb\/#breadcrumb","itemListElement":[{"@type":"ListItem","position":1,"name":"Trang ch\u1ee7","item":"https:\/\/thanhphatpc.com\/"},{"@type":"ListItem","position":2,"name":"C\u1eeda h\u00e0ng","item":"https:\/\/thanhphatpc.com\/cua-hang\/"},{"@type":"ListItem","position":3,"name":"B\u1ed9 B\u00e0n ph\u00edm Chu\u1ed9t Kh\u00f4ng d\u00e2y Rapoo X1800S \u0111en (USB)"}]},{"@type":"WebSite","@id":"https:\/\/thanhphatpc.com\/#website","url":"https:\/\/thanhphatpc.com\/","name":"ThanhPhat PC","description":"D\u1ecbch v\u1ee5 ho\u00e0n h\u1ea3o","potentialAction":[{"@type":"SearchAction","target":{"@type":"EntryPoint","urlTemplate":"https:\/\/thanhphatpc.com\/?s={search_term_string}"},"query-input":{"@type":"PropertyValueSpecification","valueRequired":true,"valueName":"search_term_string"}}],"inLanguage":"en-US"}]}},"_links":{"self":[{"href":"https:\/\/thanhphatpc.com\/en\/wp-json\/wp\/v2\/product\/9278","targetHints":{"allow":["GET"]}}],"collection":[{"href":"https:\/\/thanhphatpc.com\/en\/wp-json\/wp\/v2\/product"}],"about":[{"href":"https:\/\/thanhphatpc.com\/en\/wp-json\/wp\/v2\/types\/product"}],"replies":[{"embeddable":true,"href":"https:\/\/thanhphatpc.com\/en\/wp-json\/wp\/v2\/comments?post=9278"}],"wp:featuredmedia":[{"embeddable":true,"href":"https:\/\/thanhphatpc.com\/en\/wp-json\/wp\/v2\/media\/9280"}],"wp:attachment":[{"href":"https:\/\/thanhphatpc.com\/en\/wp-json\/wp\/v2\/media?parent=9278"}],"wp:term":[{"taxonomy":"product_cat","embeddable":true,"href":"https:\/\/thanhphatpc.com\/en\/wp-json\/wp\/v2\/product_cat?post=9278"},{"taxonomy":"product_tag","embeddable":true,"href":"https:\/\/thanhphatpc.com\/en\/wp-json\/wp\/v2\/product_tag?post=9278"}],"curies":[{"name":"wp","href":"https:\/\/api.w.org\/{rel}","templated":true}]}}