{"id":9292,"date":"2022-02-10T09:59:28","date_gmt":"2022-02-10T02:59:28","guid":{"rendered":"https:\/\/thanhphatpc.com\/?post_type=product&#038;p=9292"},"modified":"2022-02-10T09:59:29","modified_gmt":"2022-02-10T02:59:29","slug":"may-dem-tien-balion-nh-314s","status":"publish","type":"product","link":"https:\/\/thanhphatpc.com\/en\/may-dem-tien-balion-nh-314s\/","title":{"rendered":"M\u00e1y \u0111\u1ebfm ti\u1ec1n Balion nh-314s"},"content":{"rendered":"<div class=\"title-tab\"><a href=\"https:\/\/www.phucanh.vn\/may-dem-tien-balion-nh-314s.html#tab5\">\u01b0\u01a1ng \u0111\u01b0\u01a1ng<\/a><a href=\"https:\/\/www.phucanh.vn\/may-dem-tien-balion-nh-314s.html#tab7\">B\u00ecnh lu\u1eadn ng\u01b0\u1eddi d\u00f9ng<\/a><a id=\"gotoReview\" href=\"https:\/\/www.phucanh.vn\/may-dem-tien-balion-nh-314s.html#review-statistic\">\u0110\u00e1nh gi\u00e1 s\u1ea3n ph\u1ea9m<\/a><\/div>\n<div class=\"clear\"><\/div>\n<div class=\"clear\"><\/div>\n<div class=\"content-tab-left\">\n<div id=\"tab2\">\n<h2 class=\"h-title\">\u0110\u1eb6C \u0110I\u1ec2M N\u1ed4I B\u1eacT<\/h2>\n<div class=\"nd\">\n<p><strong>M\u00e1y \u0111\u1ebfm ti\u1ec1n<\/strong>\u00a0l\u00e0 thi\u1ebft b\u1ecb\u00a0cho ph\u00e9p ng\u01b0\u1eddi d\u00f9ng\u00a0x\u00e1c \u0111\u1ecbnh s\u1ed1 l\u01b0\u1ee3ng ti\u1ec1n gi\u1ea5y (ho\u1eb7c ti\u1ec1n xu) ch\u1ea1y qua khe \u0111\u1ebfm ti\u1ec1n trong m\u00e1y, s\u1ea3n ph\u1ea9m kh\u00f4ng th\u1ec3 thi\u1ebfu trong c\u00e1c ng\u00e2n h\u00e0ng,\u00a0doanh nghi\u1ec7p l\u1edbn nh\u1ecf gi\u00fap\u00a0vi\u1ec7c ki\u1ec3m so\u00e1t ti\u1ec1n m\u1eb7t, giao d\u1ecbch nhanh ch\u00f3ng v\u00e0 chu\u1ea9n x\u00e1c.\u00a0<strong>M\u00e1y \u0111\u1ebfm ti\u1ec1n Balion NH-314S<\/strong>\u00a0t\u00edch h\u1ee3p nhi\u1ec1u t\u00ednh n\u0103ng n\u1ed5i b\u1eadt, s\u1ef1 l\u1ef1a ch\u1ecdn ho\u00e0n h\u1ea3o cho ng\u01b0\u1eddi ti\u00eau d\u00f9ng.<\/p>\n<p><img loading=\"lazy\" decoding=\"async\" src=\"https:\/\/www.phucanh.vn\/media\/news\/2612_BalionNH314S.jpg\" alt=\"M\u00e1y \u0111\u1ebfm ti\u1ec1n Balion NH-314S - T\u1ed1c \u0111\u1ed9 \u0111\u1ebfm ti\u1ec1n si\u00eau nhanh, chu\u1ea9n x\u00e1c\" width=\"500\" height=\"361\" \/><\/p>\n<p><strong>M\u00e1y \u0111\u1ebfm ti\u1ec1n Balion NH-314S<\/strong>\u00a0l\u00e0 m\u1ed9t trong nh\u1eefng d\u00f2ng m\u00e1y m\u1edbi c\u1ee7a Balion, \u0111\u01b0\u1ee3c s\u1ea3n su\u1ea5t tr\u00ean d\u00e2y chuy\u1ec1n c\u00f4ng ngh\u1ec7 hi\u1ec7n \u0111\u1ea1i, thi\u1ebft k\u1ebf ki\u1ec3u \u0111\u1ee9ng, h\u1ec7 th\u1ed1ng c\u01a1 m\u00e1y kh\u1ecfe, \u0111\u1ed9 b\u1ec1n cao, mang ki\u1ec3u d\u00e1ng c\u00f4ng nghi\u1ec7p hi\u1ec7n \u0111\u1ea1i, ph\u1ea7n m\u1ec1m cao c\u1ea5p. \u0110\u1ed3ng th\u1eddi m\u00e1y c\u00f3 th\u00eam h\u1ec7 th\u1ed1ng h\u00fat b\u1ee5i b\u1ea3o v\u1ec7 s\u1ee9c kh\u1ecfe ng\u01b0\u1eddi s\u1eed d\u1ee5ng kh\u1ecfi y\u1ebfu t\u1ed1 \u0111\u1ed9c h\u1ea1i t\u1eeb ti\u1ec1n polyme.<\/p>\n<p><strong>M\u00e1y \u0111\u1ebfm ti\u1ec1n Balion NH-314S<\/strong>\u00a0hi\u1ec7n \u0111ang l\u00e0 s\u1ea3n ph\u1ea9m b\u00e1n ch\u1ea1y c\u1ee7a h\u00e3ng, nh\u1eadn \u0111\u01b0\u1ee3c nhi\u1ec1u ph\u1ea3n h\u1ed3i t\u1ed1t t\u1eeb kh\u00e1ch h\u00e0ng v\u1edbi nhi\u1ec1u t\u00ednh n\u0103ng n\u1ed5i b\u1eadt: t\u1ef1 \u0111\u1ed9ng \u0111\u1ebfm,\u00a0ki\u1ec3m tra ti\u1ec1n gi\u1ea3, ti\u1ec1n si\u00eau gi\u1ea3 polyme b\u1eb1ng c\u00f4ng ngh\u1ec7 ti\u00ean ti\u1ebfn 3D, tia c\u1ef1c t\u00edm v\u00e0 h\u1ec7 th\u1ed1ng m\u1eaft m\u00e0u.<\/p>\n<p>M\u00e1y t\u1ef1 \u0111\u1ed9ng ki\u1ec3m tra ti\u1ec1n l\u1eabn lo\u1ea1i c\u00f9ng nhi\u1ec1u ch\u1ee9c n\u0103ng kh\u00e1c \u0111\u00e1p \u1ee9ng m\u1ecdi y\u00eau c\u1ea7u c\u1ee7a kh\u00e1ch h\u00e0ng, ti\u1ebft ki\u1ec7m th\u1eddi gian, gi\u1ea3m thi\u1ec3u r\u1ee7i ro kh\u00f4ng \u0111\u00e1ng c\u00f3 khi \u0111\u1ebfm th\u1ee7 c\u00f4ng.\u00a0Ngo\u00e0i ra m\u00e1y c\u00f2n \u0111\u01b0\u1ee3c trang b\u1ecb th\u00eam ch\u1ee9c n\u0103ng n\u00e2ng c\u1ea5p ch\u01b0\u01a1ng tr\u00ecnh ki\u1ec3m tra ti\u1ec1n gi\u1ea3.<\/p>\n<p><strong>M\u00e1y \u0111\u1ebfm ti\u1ec1n Balion\u00a0NH-314S<\/strong>\u00a0l\u00e0 s\u1ea3n ph\u1ea9m l\u00fd t\u01b0\u1edfng cho c\u00e1c ng\u00e2n h\u00e0ng, ti\u1ec7m v\u00e0ng, doanh nghi\u1ec7p hay c\u00e1 nh\u00e2n c\u00f3 nhu c\u1ea7u s\u1eed d\u1ee5ng \u0111\u1ec1u \u0111\u01b0\u1ee3c. M\u00e1y nh\u1ecf g\u1ecdn th\u00edch h\u1ee3p \u0111\u1ec3 b\u1ea5t c\u1ee9 \u0111\u00e2u trong kh\u00f4ng gian l\u00e0m vi\u1ec7c c\u1ee7a b\u1ea1n. L\u00e0 ph\u1ea7n m\u1ec1m ti\u1ec7n \u00edch th\u00f4ng minh, th\u00e2n thi\u1ec7n v\u1edbi ng\u01b0\u1eddi s\u1eed d\u1ee5ng.<\/p>\n<\/div>\n<p class=\"show-more\">\n<\/div>\n<\/div>","protected":false},"excerpt":{"rendered":"<ul class=\"ul\">\n<li>\n<h2 class=\"h-title\">TH\u00d4NG S\u1ed0 K\u1ef8 THU\u1eacT<\/h2>\n<div class=\"tbl-technical nd\">\n<table width=\"691\">\n<tbody>\n<tr>\n<td width=\"177\">S\u1ea3n ph\u1ea9m<\/td>\n<td width=\"514\">Ma\u0301y \u0111\u00ea\u0301m ti\u00ea\u0300n<\/td>\n<\/tr>\n<tr>\n<td>H\u00e3ng s\u1ea3n xu\u1ea5t<\/td>\n<td width=\"514\">Balion<\/td>\n<\/tr>\n<tr>\n<td>Model<\/td>\n<td width=\"514\">NH314S<\/td>\n<\/tr>\n<tr>\n<td>T\u1ed1c \u0111\u1ed9<\/td>\n<td width=\"514\">1000 t\u01a1\u0300\/phu\u0301t<\/td>\n<\/tr>\n<tr>\n<td>Ph\u00e2n bi\u00ea\u0323t ti\u00ea\u0300n gia\u0309<\/td>\n<td width=\"514\">Co\u0301<\/td>\n<\/tr>\n<tr>\n<td>Nh\u00e2\u0323n bi\u00ea\u0301t m\u00ea\u0323nh gia\u0301 ti\u00ea\u0300n Polyme<\/td>\n<td width=\"514\">Co\u0301<\/td>\n<\/tr>\n<tr>\n<td>C\u00f4ng su\u00e2\u0301t ti\u00eau thu\u0323 \u0111i\u00ea\u0323n<\/td>\n<td width=\"514\">60W \u00b1 20%<\/td>\n<\/tr>\n<tr>\n<td>Ki\u0301ch th\u01b0\u01a1\u0301c<\/td>\n<td width=\"514\">355x295x248 mm<\/td>\n<\/tr>\n<tr>\n<td>Tro\u0323ng l\u01b0\u01a1\u0323ng<\/td>\n<td width=\"514\">7.5 kg<\/td>\n<\/tr>\n<tr>\n<td>M\u00f4 ta\u0309 kha\u0301c<\/td>\n<td width=\"514\">Ch\u01b0\u0301c n\u0103ng \u00e2\u0301n \u0111i\u0323nh s\u00f4\u0301 \u0111\u00ea\u0301m.Ch\u01b0\u0301c n\u0103ng \u0111\u00ea\u0301m c\u00f4\u0323ng d\u00f4\u0300n cho phe\u0301p \u0111\u00ea\u0301m li\u00ean tu\u0323c.H\u00ea\u0323 th\u00f4\u0301ng hu\u0301t bu\u0323i va\u0300 ki\u00ea\u0309m tra ti\u0300nh tra\u0323ng ma\u0301y.Ma\u0301y \u0111\u01b0\u01a1\u0323c thi\u00ea\u0301t k\u00ea\u0301 hai m\u0103\u0323t s\u00f4\u0301, m\u00f4\u0323t m\u0103\u0323t s\u00f4\u0301 tr\u00ean m\u0103\u0323t ma\u0301y va\u0300 m\u00f4\u0323t m\u0103\u0323t s\u00f4\u0301 ke\u0301o da\u0300i.<\/td>\n<\/tr>\n<\/tbody>\n<\/table>\n<\/div>\n<\/li>\n<\/ul>","protected":false},"featured_media":9293,"comment_status":"open","ping_status":"closed","template":"","meta":{"_acf_changed":false},"product_cat":[2413],"product_tag":[],"class_list":{"0":"post-9292","1":"product","2":"type-product","3":"status-publish","4":"has-post-thumbnail","6":"product_cat-may-dem-tien","8":"first","9":"instock","10":"shipping-taxable","11":"purchasable","12":"product-type-simple"},"acf":[],"yoast_head":"<!-- This site is optimized with the Yoast SEO plugin v23.8 - https:\/\/yoast.com\/wordpress\/plugins\/seo\/ -->\n<title>M\u00e1y \u0111\u1ebfm ti\u1ec1n Balion nh-314s - ThanhPhat PC<\/title>\n<meta name=\"robots\" content=\"index, follow, max-snippet:-1, max-image-preview:large, max-video-preview:-1\" \/>\n<link rel=\"canonical\" href=\"https:\/\/thanhphatpc.com\/en\/may-dem-tien-balion-nh-314s\/\" \/>\n<meta property=\"og:locale\" content=\"en_US\" \/>\n<meta property=\"og:type\" content=\"article\" \/>\n<meta property=\"og:title\" content=\"M\u00e1y \u0111\u1ebfm ti\u1ec1n Balion nh-314s - ThanhPhat PC\" \/>\n<meta property=\"og:description\" content=\"TH\u00d4NG S\u1ed0 K\u1ef8 THU\u1eacT     S\u1ea3n ph\u1ea9m Ma\u0301y \u0111\u00ea\u0301m ti\u00ea\u0300n   H\u00e3ng s\u1ea3n xu\u1ea5t Balion   Model NH314S   T\u1ed1c \u0111\u1ed9 1000 t\u01a1\u0300\/phu\u0301t   Ph\u00e2n bi\u00ea\u0323t ti\u00ea\u0300n gia\u0309 Co\u0301   Nh\u00e2\u0323n bi\u00ea\u0301t m\u00ea\u0323nh gia\u0301 ti\u00ea\u0300n Polyme Co\u0301   C\u00f4ng su\u00e2\u0301t ti\u00eau thu\u0323 \u0111i\u00ea\u0323n 60W \u00b1 20%   Ki\u0301ch th\u01b0\u01a1\u0301c 355x295x248 mm   Tro\u0323ng l\u01b0\u01a1\u0323ng 7.5 kg   M\u00f4 ta\u0309 kha\u0301c Ch\u01b0\u0301c n\u0103ng \u00e2\u0301n \u0111i\u0323nh s\u00f4\u0301 \u0111\u00ea\u0301m.Ch\u01b0\u0301c n\u0103ng \u0111\u00ea\u0301m c\u00f4\u0323ng d\u00f4\u0300n cho phe\u0301p \u0111\u00ea\u0301m li\u00ean tu\u0323c.H\u00ea\u0323 th\u00f4\u0301ng hu\u0301t bu\u0323i va\u0300 ki\u00ea\u0309m tra ti\u0300nh tra\u0323ng ma\u0301y.Ma\u0301y \u0111\u01b0\u01a1\u0323c thi\u00ea\u0301t k\u00ea\u0301 hai m\u0103\u0323t s\u00f4\u0301, m\u00f4\u0323t m\u0103\u0323t s\u00f4\u0301 tr\u00ean m\u0103\u0323t ma\u0301y va\u0300 m\u00f4\u0323t m\u0103\u0323t s\u00f4\u0301 ke\u0301o da\u0300i.\" \/>\n<meta property=\"og:url\" content=\"https:\/\/thanhphatpc.com\/en\/may-dem-tien-balion-nh-314s\/\" \/>\n<meta property=\"og:site_name\" content=\"ThanhPhat PC\" \/>\n<meta property=\"article:modified_time\" content=\"2022-02-10T02:59:29+00:00\" \/>\n<meta property=\"og:image\" content=\"https:\/\/thanhphatpc.com\/wp-content\/uploads\/2022\/02\/1.png\" \/>\n\t<meta property=\"og:image:width\" content=\"500\" \/>\n\t<meta property=\"og:image:height\" content=\"500\" \/>\n\t<meta property=\"og:image:type\" content=\"image\/png\" \/>\n<meta name=\"twitter:card\" content=\"summary_large_image\" \/>\n<meta name=\"twitter:label1\" content=\"Est. reading time\" \/>\n\t<meta name=\"twitter:data1\" content=\"2 minutes\" \/>\n<script type=\"application\/ld+json\" class=\"yoast-schema-graph\">{\"@context\":\"https:\/\/schema.org\",\"@graph\":[{\"@type\":\"WebPage\",\"@id\":\"https:\/\/thanhphatpc.com\/may-dem-tien-balion-nh-314s\/\",\"url\":\"https:\/\/thanhphatpc.com\/may-dem-tien-balion-nh-314s\/\",\"name\":\"M\u00e1y \u0111\u1ebfm ti\u1ec1n Balion nh-314s - ThanhPhat PC\",\"isPartOf\":{\"@id\":\"https:\/\/thanhphatpc.com\/#website\"},\"primaryImageOfPage\":{\"@id\":\"https:\/\/thanhphatpc.com\/may-dem-tien-balion-nh-314s\/#primaryimage\"},\"image\":{\"@id\":\"https:\/\/thanhphatpc.com\/may-dem-tien-balion-nh-314s\/#primaryimage\"},\"thumbnailUrl\":\"https:\/\/thanhphatpc.com\/wp-content\/uploads\/2022\/02\/1.png\",\"datePublished\":\"2022-02-10T02:59:28+00:00\",\"dateModified\":\"2022-02-10T02:59:29+00:00\",\"breadcrumb\":{\"@id\":\"https:\/\/thanhphatpc.com\/may-dem-tien-balion-nh-314s\/#breadcrumb\"},\"inLanguage\":\"en-US\",\"potentialAction\":[{\"@type\":\"ReadAction\",\"target\":[\"https:\/\/thanhphatpc.com\/may-dem-tien-balion-nh-314s\/\"]}]},{\"@type\":\"ImageObject\",\"inLanguage\":\"en-US\",\"@id\":\"https:\/\/thanhphatpc.com\/may-dem-tien-balion-nh-314s\/#primaryimage\",\"url\":\"https:\/\/thanhphatpc.com\/wp-content\/uploads\/2022\/02\/1.png\",\"contentUrl\":\"https:\/\/thanhphatpc.com\/wp-content\/uploads\/2022\/02\/1.png\",\"width\":500,\"height\":500},{\"@type\":\"BreadcrumbList\",\"@id\":\"https:\/\/thanhphatpc.com\/may-dem-tien-balion-nh-314s\/#breadcrumb\",\"itemListElement\":[{\"@type\":\"ListItem\",\"position\":1,\"name\":\"Trang ch\u1ee7\",\"item\":\"https:\/\/thanhphatpc.com\/\"},{\"@type\":\"ListItem\",\"position\":2,\"name\":\"C\u1eeda h\u00e0ng\",\"item\":\"https:\/\/thanhphatpc.com\/cua-hang\/\"},{\"@type\":\"ListItem\",\"position\":3,\"name\":\"M\u00e1y \u0111\u1ebfm ti\u1ec1n Balion nh-314s\"}]},{\"@type\":\"WebSite\",\"@id\":\"https:\/\/thanhphatpc.com\/#website\",\"url\":\"https:\/\/thanhphatpc.com\/\",\"name\":\"ThanhPhat PC\",\"description\":\"D\u1ecbch v\u1ee5 ho\u00e0n h\u1ea3o\",\"potentialAction\":[{\"@type\":\"SearchAction\",\"target\":{\"@type\":\"EntryPoint\",\"urlTemplate\":\"https:\/\/thanhphatpc.com\/?s={search_term_string}\"},\"query-input\":{\"@type\":\"PropertyValueSpecification\",\"valueRequired\":true,\"valueName\":\"search_term_string\"}}],\"inLanguage\":\"en-US\"}]}<\/script>\n<!-- \/ Yoast SEO plugin. -->","yoast_head_json":{"title":"M\u00e1y \u0111\u1ebfm ti\u1ec1n Balion nh-314s - ThanhPhat PC","robots":{"index":"index","follow":"follow","max-snippet":"max-snippet:-1","max-image-preview":"max-image-preview:large","max-video-preview":"max-video-preview:-1"},"canonical":"https:\/\/thanhphatpc.com\/en\/may-dem-tien-balion-nh-314s\/","og_locale":"en_US","og_type":"article","og_title":"M\u00e1y \u0111\u1ebfm ti\u1ec1n Balion nh-314s - ThanhPhat PC","og_description":"TH\u00d4NG S\u1ed0 K\u1ef8 THU\u1eacT     S\u1ea3n ph\u1ea9m Ma\u0301y \u0111\u00ea\u0301m ti\u00ea\u0300n   H\u00e3ng s\u1ea3n xu\u1ea5t Balion   Model NH314S   T\u1ed1c \u0111\u1ed9 1000 t\u01a1\u0300\/phu\u0301t   Ph\u00e2n bi\u00ea\u0323t ti\u00ea\u0300n gia\u0309 Co\u0301   Nh\u00e2\u0323n bi\u00ea\u0301t m\u00ea\u0323nh gia\u0301 ti\u00ea\u0300n Polyme Co\u0301   C\u00f4ng su\u00e2\u0301t ti\u00eau thu\u0323 \u0111i\u00ea\u0323n 60W \u00b1 20%   Ki\u0301ch th\u01b0\u01a1\u0301c 355x295x248 mm   Tro\u0323ng l\u01b0\u01a1\u0323ng 7.5 kg   M\u00f4 ta\u0309 kha\u0301c Ch\u01b0\u0301c n\u0103ng \u00e2\u0301n \u0111i\u0323nh s\u00f4\u0301 \u0111\u00ea\u0301m.Ch\u01b0\u0301c n\u0103ng \u0111\u00ea\u0301m c\u00f4\u0323ng d\u00f4\u0300n cho phe\u0301p \u0111\u00ea\u0301m li\u00ean tu\u0323c.H\u00ea\u0323 th\u00f4\u0301ng hu\u0301t bu\u0323i va\u0300 ki\u00ea\u0309m tra ti\u0300nh tra\u0323ng ma\u0301y.Ma\u0301y \u0111\u01b0\u01a1\u0323c thi\u00ea\u0301t k\u00ea\u0301 hai m\u0103\u0323t s\u00f4\u0301, m\u00f4\u0323t m\u0103\u0323t s\u00f4\u0301 tr\u00ean m\u0103\u0323t ma\u0301y va\u0300 m\u00f4\u0323t m\u0103\u0323t s\u00f4\u0301 ke\u0301o da\u0300i.","og_url":"https:\/\/thanhphatpc.com\/en\/may-dem-tien-balion-nh-314s\/","og_site_name":"ThanhPhat PC","article_modified_time":"2022-02-10T02:59:29+00:00","og_image":[{"width":500,"height":500,"url":"https:\/\/thanhphatpc.com\/wp-content\/uploads\/2022\/02\/1.png","type":"image\/png"}],"twitter_card":"summary_large_image","twitter_misc":{"Est. reading time":"2 minutes"},"schema":{"@context":"https:\/\/schema.org","@graph":[{"@type":"WebPage","@id":"https:\/\/thanhphatpc.com\/may-dem-tien-balion-nh-314s\/","url":"https:\/\/thanhphatpc.com\/may-dem-tien-balion-nh-314s\/","name":"M\u00e1y \u0111\u1ebfm ti\u1ec1n Balion nh-314s - ThanhPhat PC","isPartOf":{"@id":"https:\/\/thanhphatpc.com\/#website"},"primaryImageOfPage":{"@id":"https:\/\/thanhphatpc.com\/may-dem-tien-balion-nh-314s\/#primaryimage"},"image":{"@id":"https:\/\/thanhphatpc.com\/may-dem-tien-balion-nh-314s\/#primaryimage"},"thumbnailUrl":"https:\/\/thanhphatpc.com\/wp-content\/uploads\/2022\/02\/1.png","datePublished":"2022-02-10T02:59:28+00:00","dateModified":"2022-02-10T02:59:29+00:00","breadcrumb":{"@id":"https:\/\/thanhphatpc.com\/may-dem-tien-balion-nh-314s\/#breadcrumb"},"inLanguage":"en-US","potentialAction":[{"@type":"ReadAction","target":["https:\/\/thanhphatpc.com\/may-dem-tien-balion-nh-314s\/"]}]},{"@type":"ImageObject","inLanguage":"en-US","@id":"https:\/\/thanhphatpc.com\/may-dem-tien-balion-nh-314s\/#primaryimage","url":"https:\/\/thanhphatpc.com\/wp-content\/uploads\/2022\/02\/1.png","contentUrl":"https:\/\/thanhphatpc.com\/wp-content\/uploads\/2022\/02\/1.png","width":500,"height":500},{"@type":"BreadcrumbList","@id":"https:\/\/thanhphatpc.com\/may-dem-tien-balion-nh-314s\/#breadcrumb","itemListElement":[{"@type":"ListItem","position":1,"name":"Trang ch\u1ee7","item":"https:\/\/thanhphatpc.com\/"},{"@type":"ListItem","position":2,"name":"C\u1eeda h\u00e0ng","item":"https:\/\/thanhphatpc.com\/cua-hang\/"},{"@type":"ListItem","position":3,"name":"M\u00e1y \u0111\u1ebfm ti\u1ec1n Balion nh-314s"}]},{"@type":"WebSite","@id":"https:\/\/thanhphatpc.com\/#website","url":"https:\/\/thanhphatpc.com\/","name":"ThanhPhat PC","description":"D\u1ecbch v\u1ee5 ho\u00e0n h\u1ea3o","potentialAction":[{"@type":"SearchAction","target":{"@type":"EntryPoint","urlTemplate":"https:\/\/thanhphatpc.com\/?s={search_term_string}"},"query-input":{"@type":"PropertyValueSpecification","valueRequired":true,"valueName":"search_term_string"}}],"inLanguage":"en-US"}]}},"_links":{"self":[{"href":"https:\/\/thanhphatpc.com\/en\/wp-json\/wp\/v2\/product\/9292","targetHints":{"allow":["GET"]}}],"collection":[{"href":"https:\/\/thanhphatpc.com\/en\/wp-json\/wp\/v2\/product"}],"about":[{"href":"https:\/\/thanhphatpc.com\/en\/wp-json\/wp\/v2\/types\/product"}],"replies":[{"embeddable":true,"href":"https:\/\/thanhphatpc.com\/en\/wp-json\/wp\/v2\/comments?post=9292"}],"wp:featuredmedia":[{"embeddable":true,"href":"https:\/\/thanhphatpc.com\/en\/wp-json\/wp\/v2\/media\/9293"}],"wp:attachment":[{"href":"https:\/\/thanhphatpc.com\/en\/wp-json\/wp\/v2\/media?parent=9292"}],"wp:term":[{"taxonomy":"product_cat","embeddable":true,"href":"https:\/\/thanhphatpc.com\/en\/wp-json\/wp\/v2\/product_cat?post=9292"},{"taxonomy":"product_tag","embeddable":true,"href":"https:\/\/thanhphatpc.com\/en\/wp-json\/wp\/v2\/product_tag?post=9292"}],"curies":[{"name":"wp","href":"https:\/\/api.w.org\/{rel}","templated":true}]}}