{"id":9304,"date":"2022-02-26T14:16:32","date_gmt":"2022-02-26T07:16:32","guid":{"rendered":"https:\/\/thanhphatpc.com\/?post_type=product&#038;p=9304"},"modified":"2022-02-26T14:16:56","modified_gmt":"2022-02-26T07:16:56","slug":"laptop-hp-430-g1-15-6inch-core-i3-gen-4-ram-4g-ssd-120g","status":"publish","type":"product","link":"https:\/\/thanhphatpc.com\/en\/laptop-hp-430-g1-15-6inch-core-i3-gen-4-ram-4g-ssd-120g\/","title":{"rendered":"LAPTOP HP 430 G1\/15.6INCH, CORE I3\/ GEN 4\/ RAM 4G\/ SSD 120G"},"content":{"rendered":"","protected":false},"excerpt":{"rendered":"<p>\u2013 CPU: Intel Core i3 4000M @ 2.4GHz<br \/>\n\u2013 RAM: 4 GB DDR3L<br \/>\n\u2013 SSD: 120 GB<br \/>\n\u2013 \u0110\u1ed3 h\u1ecda: Intel HD Graphics 4600<br \/>\n\u2013 M\u00e0n h\u00ecnh: 15.6 inch HD (1366\u00d7768)<br \/>\n\u2013 Tr\u1ecdng L\u01b0\u1ee3ng: 2.3 kg<br \/>\n\u2013 K\u1ebft n\u1ed1i: HDMI, VGA, USB 3.0, Wifi, LAN, Micro, Headphone<\/p>","protected":false},"featured_media":9305,"comment_status":"open","ping_status":"closed","template":"","meta":{"_acf_changed":false},"product_cat":[360,359],"product_tag":[],"class_list":{"0":"post-9304","1":"product","2":"type-product","3":"status-publish","4":"has-post-thumbnail","6":"product_cat-hp","7":"product_cat-laptop","9":"first","10":"instock","11":"sale","12":"shipping-taxable","13":"purchasable","14":"product-type-simple"},"acf":[],"yoast_head":"<!-- This site is optimized with the Yoast SEO plugin v23.8 - https:\/\/yoast.com\/wordpress\/plugins\/seo\/ -->\n<title>LAPTOP HP 430 G1\/15.6INCH, CORE I3\/ GEN 4\/ RAM 4G\/ SSD 120G - ThanhPhat PC<\/title>\n<meta name=\"robots\" content=\"index, follow, max-snippet:-1, max-image-preview:large, max-video-preview:-1\" \/>\n<link rel=\"canonical\" href=\"https:\/\/thanhphatpc.com\/en\/laptop-hp-430-g1-15-6inch-core-i3-gen-4-ram-4g-ssd-120g\/\" \/>\n<meta property=\"og:locale\" content=\"en_US\" \/>\n<meta property=\"og:type\" content=\"article\" \/>\n<meta property=\"og:title\" content=\"LAPTOP HP 430 G1\/15.6INCH, CORE I3\/ GEN 4\/ RAM 4G\/ SSD 120G - ThanhPhat PC\" \/>\n<meta property=\"og:description\" content=\"\u2013 CPU: Intel Core i3 4000M @ 2.4GHz \u2013 RAM: 4 GB DDR3L \u2013 SSD: 120 GB \u2013 \u0110\u1ed3 h\u1ecda: Intel HD Graphics 4600 \u2013 M\u00e0n h\u00ecnh: 15.6 inch HD (1366\u00d7768) \u2013 Tr\u1ecdng L\u01b0\u1ee3ng: 2.3 kg \u2013 K\u1ebft n\u1ed1i: HDMI, VGA, USB 3.0, Wifi, LAN, Micro, Headphone\" \/>\n<meta property=\"og:url\" content=\"https:\/\/thanhphatpc.com\/en\/laptop-hp-430-g1-15-6inch-core-i3-gen-4-ram-4g-ssd-120g\/\" \/>\n<meta property=\"og:site_name\" content=\"ThanhPhat PC\" \/>\n<meta property=\"article:modified_time\" content=\"2022-02-26T07:16:56+00:00\" \/>\n<meta property=\"og:image\" content=\"https:\/\/thanhphatpc.com\/wp-content\/uploads\/2022\/02\/1-5.jpg\" \/>\n\t<meta property=\"og:image:width\" content=\"1024\" \/>\n\t<meta property=\"og:image:height\" content=\"1024\" \/>\n\t<meta property=\"og:image:type\" content=\"image\/jpeg\" \/>\n<meta name=\"twitter:card\" content=\"summary_large_image\" \/>\n<script type=\"application\/ld+json\" class=\"yoast-schema-graph\">{\"@context\":\"https:\/\/schema.org\",\"@graph\":[{\"@type\":\"WebPage\",\"@id\":\"https:\/\/thanhphatpc.com\/laptop-hp-430-g1-15-6inch-core-i3-gen-4-ram-4g-ssd-120g\/\",\"url\":\"https:\/\/thanhphatpc.com\/laptop-hp-430-g1-15-6inch-core-i3-gen-4-ram-4g-ssd-120g\/\",\"name\":\"LAPTOP HP 430 G1\/15.6INCH, CORE I3\/ GEN 4\/ RAM 4G\/ SSD 120G - ThanhPhat PC\",\"isPartOf\":{\"@id\":\"https:\/\/thanhphatpc.com\/#website\"},\"primaryImageOfPage\":{\"@id\":\"https:\/\/thanhphatpc.com\/laptop-hp-430-g1-15-6inch-core-i3-gen-4-ram-4g-ssd-120g\/#primaryimage\"},\"image\":{\"@id\":\"https:\/\/thanhphatpc.com\/laptop-hp-430-g1-15-6inch-core-i3-gen-4-ram-4g-ssd-120g\/#primaryimage\"},\"thumbnailUrl\":\"https:\/\/thanhphatpc.com\/wp-content\/uploads\/2022\/02\/1-5.jpg\",\"datePublished\":\"2022-02-26T07:16:32+00:00\",\"dateModified\":\"2022-02-26T07:16:56+00:00\",\"breadcrumb\":{\"@id\":\"https:\/\/thanhphatpc.com\/laptop-hp-430-g1-15-6inch-core-i3-gen-4-ram-4g-ssd-120g\/#breadcrumb\"},\"inLanguage\":\"en-US\",\"potentialAction\":[{\"@type\":\"ReadAction\",\"target\":[\"https:\/\/thanhphatpc.com\/laptop-hp-430-g1-15-6inch-core-i3-gen-4-ram-4g-ssd-120g\/\"]}]},{\"@type\":\"ImageObject\",\"inLanguage\":\"en-US\",\"@id\":\"https:\/\/thanhphatpc.com\/laptop-hp-430-g1-15-6inch-core-i3-gen-4-ram-4g-ssd-120g\/#primaryimage\",\"url\":\"https:\/\/thanhphatpc.com\/wp-content\/uploads\/2022\/02\/1-5.jpg\",\"contentUrl\":\"https:\/\/thanhphatpc.com\/wp-content\/uploads\/2022\/02\/1-5.jpg\",\"width\":1024,\"height\":1024},{\"@type\":\"BreadcrumbList\",\"@id\":\"https:\/\/thanhphatpc.com\/laptop-hp-430-g1-15-6inch-core-i3-gen-4-ram-4g-ssd-120g\/#breadcrumb\",\"itemListElement\":[{\"@type\":\"ListItem\",\"position\":1,\"name\":\"Trang ch\u1ee7\",\"item\":\"https:\/\/thanhphatpc.com\/\"},{\"@type\":\"ListItem\",\"position\":2,\"name\":\"C\u1eeda h\u00e0ng\",\"item\":\"https:\/\/thanhphatpc.com\/cua-hang\/\"},{\"@type\":\"ListItem\",\"position\":3,\"name\":\"LAPTOP HP 430 G1\/15.6INCH, CORE I3\/ GEN 4\/ RAM 4G\/ SSD 120G\"}]},{\"@type\":\"WebSite\",\"@id\":\"https:\/\/thanhphatpc.com\/#website\",\"url\":\"https:\/\/thanhphatpc.com\/\",\"name\":\"ThanhPhat PC\",\"description\":\"D\u1ecbch v\u1ee5 ho\u00e0n h\u1ea3o\",\"potentialAction\":[{\"@type\":\"SearchAction\",\"target\":{\"@type\":\"EntryPoint\",\"urlTemplate\":\"https:\/\/thanhphatpc.com\/?s={search_term_string}\"},\"query-input\":{\"@type\":\"PropertyValueSpecification\",\"valueRequired\":true,\"valueName\":\"search_term_string\"}}],\"inLanguage\":\"en-US\"}]}<\/script>\n<!-- \/ Yoast SEO plugin. -->","yoast_head_json":{"title":"LAPTOP HP 430 G1\/15.6INCH, CORE I3\/ GEN 4\/ RAM 4G\/ SSD 120G - ThanhPhat PC","robots":{"index":"index","follow":"follow","max-snippet":"max-snippet:-1","max-image-preview":"max-image-preview:large","max-video-preview":"max-video-preview:-1"},"canonical":"https:\/\/thanhphatpc.com\/en\/laptop-hp-430-g1-15-6inch-core-i3-gen-4-ram-4g-ssd-120g\/","og_locale":"en_US","og_type":"article","og_title":"LAPTOP HP 430 G1\/15.6INCH, CORE I3\/ GEN 4\/ RAM 4G\/ SSD 120G - ThanhPhat PC","og_description":"\u2013 CPU: Intel Core i3 4000M @ 2.4GHz \u2013 RAM: 4 GB DDR3L \u2013 SSD: 120 GB \u2013 \u0110\u1ed3 h\u1ecda: Intel HD Graphics 4600 \u2013 M\u00e0n h\u00ecnh: 15.6 inch HD (1366\u00d7768) \u2013 Tr\u1ecdng L\u01b0\u1ee3ng: 2.3 kg \u2013 K\u1ebft n\u1ed1i: HDMI, VGA, USB 3.0, Wifi, LAN, Micro, Headphone","og_url":"https:\/\/thanhphatpc.com\/en\/laptop-hp-430-g1-15-6inch-core-i3-gen-4-ram-4g-ssd-120g\/","og_site_name":"ThanhPhat PC","article_modified_time":"2022-02-26T07:16:56+00:00","og_image":[{"width":1024,"height":1024,"url":"https:\/\/thanhphatpc.com\/wp-content\/uploads\/2022\/02\/1-5.jpg","type":"image\/jpeg"}],"twitter_card":"summary_large_image","schema":{"@context":"https:\/\/schema.org","@graph":[{"@type":"WebPage","@id":"https:\/\/thanhphatpc.com\/laptop-hp-430-g1-15-6inch-core-i3-gen-4-ram-4g-ssd-120g\/","url":"https:\/\/thanhphatpc.com\/laptop-hp-430-g1-15-6inch-core-i3-gen-4-ram-4g-ssd-120g\/","name":"LAPTOP HP 430 G1\/15.6INCH, CORE I3\/ GEN 4\/ RAM 4G\/ SSD 120G - ThanhPhat PC","isPartOf":{"@id":"https:\/\/thanhphatpc.com\/#website"},"primaryImageOfPage":{"@id":"https:\/\/thanhphatpc.com\/laptop-hp-430-g1-15-6inch-core-i3-gen-4-ram-4g-ssd-120g\/#primaryimage"},"image":{"@id":"https:\/\/thanhphatpc.com\/laptop-hp-430-g1-15-6inch-core-i3-gen-4-ram-4g-ssd-120g\/#primaryimage"},"thumbnailUrl":"https:\/\/thanhphatpc.com\/wp-content\/uploads\/2022\/02\/1-5.jpg","datePublished":"2022-02-26T07:16:32+00:00","dateModified":"2022-02-26T07:16:56+00:00","breadcrumb":{"@id":"https:\/\/thanhphatpc.com\/laptop-hp-430-g1-15-6inch-core-i3-gen-4-ram-4g-ssd-120g\/#breadcrumb"},"inLanguage":"en-US","potentialAction":[{"@type":"ReadAction","target":["https:\/\/thanhphatpc.com\/laptop-hp-430-g1-15-6inch-core-i3-gen-4-ram-4g-ssd-120g\/"]}]},{"@type":"ImageObject","inLanguage":"en-US","@id":"https:\/\/thanhphatpc.com\/laptop-hp-430-g1-15-6inch-core-i3-gen-4-ram-4g-ssd-120g\/#primaryimage","url":"https:\/\/thanhphatpc.com\/wp-content\/uploads\/2022\/02\/1-5.jpg","contentUrl":"https:\/\/thanhphatpc.com\/wp-content\/uploads\/2022\/02\/1-5.jpg","width":1024,"height":1024},{"@type":"BreadcrumbList","@id":"https:\/\/thanhphatpc.com\/laptop-hp-430-g1-15-6inch-core-i3-gen-4-ram-4g-ssd-120g\/#breadcrumb","itemListElement":[{"@type":"ListItem","position":1,"name":"Trang ch\u1ee7","item":"https:\/\/thanhphatpc.com\/"},{"@type":"ListItem","position":2,"name":"C\u1eeda h\u00e0ng","item":"https:\/\/thanhphatpc.com\/cua-hang\/"},{"@type":"ListItem","position":3,"name":"LAPTOP HP 430 G1\/15.6INCH, CORE I3\/ GEN 4\/ RAM 4G\/ SSD 120G"}]},{"@type":"WebSite","@id":"https:\/\/thanhphatpc.com\/#website","url":"https:\/\/thanhphatpc.com\/","name":"ThanhPhat PC","description":"D\u1ecbch v\u1ee5 ho\u00e0n h\u1ea3o","potentialAction":[{"@type":"SearchAction","target":{"@type":"EntryPoint","urlTemplate":"https:\/\/thanhphatpc.com\/?s={search_term_string}"},"query-input":{"@type":"PropertyValueSpecification","valueRequired":true,"valueName":"search_term_string"}}],"inLanguage":"en-US"}]}},"_links":{"self":[{"href":"https:\/\/thanhphatpc.com\/en\/wp-json\/wp\/v2\/product\/9304","targetHints":{"allow":["GET"]}}],"collection":[{"href":"https:\/\/thanhphatpc.com\/en\/wp-json\/wp\/v2\/product"}],"about":[{"href":"https:\/\/thanhphatpc.com\/en\/wp-json\/wp\/v2\/types\/product"}],"replies":[{"embeddable":true,"href":"https:\/\/thanhphatpc.com\/en\/wp-json\/wp\/v2\/comments?post=9304"}],"wp:featuredmedia":[{"embeddable":true,"href":"https:\/\/thanhphatpc.com\/en\/wp-json\/wp\/v2\/media\/9305"}],"wp:attachment":[{"href":"https:\/\/thanhphatpc.com\/en\/wp-json\/wp\/v2\/media?parent=9304"}],"wp:term":[{"taxonomy":"product_cat","embeddable":true,"href":"https:\/\/thanhphatpc.com\/en\/wp-json\/wp\/v2\/product_cat?post=9304"},{"taxonomy":"product_tag","embeddable":true,"href":"https:\/\/thanhphatpc.com\/en\/wp-json\/wp\/v2\/product_tag?post=9304"}],"curies":[{"name":"wp","href":"https:\/\/api.w.org\/{rel}","templated":true}]}}