{"id":9307,"date":"2022-02-26T14:27:20","date_gmt":"2022-02-26T07:27:20","guid":{"rendered":"https:\/\/thanhphatpc.com\/?post_type=product&#038;p=9307"},"modified":"2022-08-29T11:01:38","modified_gmt":"2022-08-29T04:01:38","slug":"hp-probook-450-g3-core-i5-6200u-4-gb-ram-120-gb-ssd-15-6%e2%80%b3-hd","status":"publish","type":"product","link":"https:\/\/thanhphatpc.com\/en\/hp-probook-450-g3-core-i5-6200u-4-gb-ram-120-gb-ssd-15-6%e2%80%b3-hd\/","title":{"rendered":"HP ProBook 430 G3\/ Core i5-6200U\/ 4 GB RAM\/ 128 GB SSD\/ 15.6\u2033 HD"},"content":{"rendered":"<p><strong>Thi\u1ebft k\u1ebf sang tr\u1ecdng<\/strong><\/p>\n<p>&nbsp;<\/p>\n<p>M\u00e1y t\u00ednh x\u00e1ch tay HP ProBook 430 G3 c\u00f3 thi\u1ebft k\u1ebf \u0111\u1ea7y sang tr\u1ecdng v\u1edbi gam m\u00e0u \u0111en b\u1ed9c l\u1ed9 l\u00ean s\u1ef1 m\u1ea1nh m\u1ebd, c\u1ee9ng c\u00e1p \u0111\u1ea1t ti\u00eau chu\u1ea9n qu\u00e2n \u0111\u1ed9i M\u1ef9 MIL-STD 810G. Tr\u1ecdng l\u01b0\u1ee3ng m\u00e1y ch\u1ec9 1.5kg, ngo\u1ea1i h\u00ecnh nh\u1ecf g\u1ecdn, ti\u1ec7n l\u1ee3i khi mang theo trong c\u00e1c chuy\u1ebfn \u0111i d\u00e0i ng\u00e0y.<\/p>\n<p>D\u00f2ng s\u1ea3n ph\u1ea9m ProBook 430 G3 c\u00f3 v\u1ecf b\u1eb1ng h\u1ee3p kim, b\u00e0n ph\u00edm HP Premium Keyboard ch\u1ed1ng tr\u00e0n, v\u1ec9 ph\u00edm \u0111\u01b0\u1ee3c gia c\u01b0\u1eddng b\u1eb1ng nh\u00f4m. 430 G3 l\u00e0 d\u00f2ng s\u1ea3n ph\u1ea9m \u0111\u01b0\u1ee3c thi\u1ebft k\u1ebf kh\u00e1 b\u1ec1n b\u1ec9, h\u01b0\u1edbng \u0111\u1ebfn \u0111\u1ed1i t\u01b0\u1ee3ng ng\u01b0\u1eddi d\u00f9ng doanh nghi\u1ec7p c\u1ee1 nh\u1ecf.<\/p>\n<p><img decoding=\"async\" src=\"https:\/\/laptop88.vn\/media\/product\/4460_vtv_cab_onpro_4_copy_3.png\" alt=\"\" \/><\/p>\n<p><strong>M\u00e0n h\u00ecnh s\u1eafc n\u00e9t, \u00e2m thanh ch\u1ea5t l\u01b0\u1ee3ng<\/strong><\/p>\n<p>&nbsp;<\/p>\n<p>HP Probook 430 G3 \u0111\u01b0\u1ee3c trang b\u1ecb m\u00e0n h\u00ecnh 13.3 inch \u0111\u1ed9 ph\u00e2n gi\u1ea3i HD 1366&#215;768 pixels cho h\u00ecnh \u1ea3nh hi\u1ec3n th\u1ecb s\u1eafc n\u00e9t, m\u00e0u s\u1eafc ch\u00e2n th\u1ef1c, h\u00e0i h\u00f2a, c\u00e1c chi ti\u1ebft \u0111\u01b0\u1ee3c th\u1ec3 hi\u1ec7n t\u1ed1t gi\u00fap ng\u01b0\u1eddi d\u00f9ng c\u00f3 nh\u1eefng tr\u1ea3i nghi\u1ec7m xem t\u1ed1t nh\u1ea5t. B\u00ean c\u1ea1nh \u0111\u00f3, m\u00e0n h\u00ecnh c\u1ee7a m\u00e1y c\u00f2n \u0111\u01b0\u1ee3c t\u00edch h\u1ee3p c\u00f4ng ngh\u1ec7 ch\u1ed1ng ch\u00f3i gi\u00fap b\u1ea1n s\u1eed d\u1ee5ng m\u00e1y t\u1ed1t h\u01a1n \u1edf nh\u1eefng n\u01a1i c\u00f3 nhi\u1ec1u \u00e1nh sang, \u0111\u1ea3m b\u1ea3o \u0111\u01b0\u1ee3c hi\u1ec7u qu\u1ea3 hi\u1ec3n th\u1ecb v\u00e0 ti\u1ebft ki\u1ec7m l\u01b0\u1ee3ng \u0111i\u1ec7n n\u0103ng ti\u00eau th\u1ee5.<\/p>\n<p>&nbsp;<\/p>\n<p><img decoding=\"async\" src=\"https:\/\/laptop88.vn\/media\/lib\/4460_2.png\" alt=\"\" \/><\/p>\n<p>&nbsp;<\/p>\n<p>V\u1edbi gi\u1ea3i loa \u0111\u01b0\u1ee3c \u0111\u1eb7t ph\u00eda tr\u00ean b\u00e0n ph\u00edm s\u1ebd gi\u00fap \u00e2m thanh ph\u00e1t ra h\u01b0\u1edbng v\u1ec1 ph\u00eda ng\u01b0\u1eddi d\u00f9ng. \u00c2m thanh c\u1ee7a m\u00e1y c\u00f3 ch\u1ea5t \u00e2m kh\u00e1 v\u1edbi m\u1ee9c \u00e2m l\u01b0\u1ee3ng l\u1edbn, c\u00f3 th\u1ec3 \u0111\u00e1p \u1ee9ng nhu c\u1ea7u xem phim hay gi\u1ea3i tr\u00ed c\u1ee7a b\u1ea1n trong c\u0103n ph\u00f2ng v\u1eeba ph\u1ea3i.<\/p>\n<p>&nbsp;<\/p>\n<p><strong>B\u00e0n ph\u00edm ti\u1ec7n l\u1ee3i<\/strong><\/p>\n<p>&nbsp;<\/p>\n<p>HP Probook 430 G3 cho tr\u1ea3i nghi\u1ec7m nh\u1eadp li\u1ec7u t\u1ed1t nh\u1edd \u0111\u01b0\u1ee3c trang b\u1ecb b\u1ed9 b\u00e0n ph\u00edm hi\u1ec7n \u0111\u1ea1i v\u1edbi c\u00e1c ph\u00edm b\u1ea5m l\u1edbn, c\u00f3 kho\u1ea3ng c\u00e1ch h\u1ee3p l\u00fd v\u00e0 \u0111\u1ed9 n\u1ea3y t\u1ed1t gi\u00fap ng\u01b0\u1eddi d\u00f9ng \u0111\u00e1nh m\u00e1y nhanh v\u00e0 ch\u00ednh x\u00e1c. Touchpad c\u1ee7a m\u00e1y c\u0169ng \u0111\u01b0\u1ee3c l\u00e0m v\u1edbi k\u00edch th\u01b0\u1edbc l\u1edbn, c\u1ea3m \u1ee9ng nh\u1ea1y cho ph\u00e9p b\u1ea1n th\u1ef1c hi\u1ec7n c\u00e1c thao t\u00e1c m\u1ed9t c\u00e1ch tho\u1ea3i m\u00e1i v\u00e0 ti\u1ec7n l\u1ee3i nh\u1ea5t.<\/p>\n<p>&nbsp;<\/p>\n<p><img decoding=\"async\" src=\"https:\/\/laptop88.vn\/media\/lib\/4460_3.png\" alt=\"\" \/><\/p>\n<p>&nbsp;<\/p>\n<p><strong>K\u1ebft n\u1ed1i linh ho\u1ea1t<\/strong><\/p>\n<p>&nbsp;<\/p>\n<p>HP ProBook 430 G3 cho ng\u01b0\u1eddi d\u00f9ng kh\u1ea3 n\u0103ng t\u01b0\u01a1ng t\u00e1c linh ho\u1ea1t v\u1edbi c\u00e1c thi\u1ebft b\u1ecb ngo\u1ea1i vi nh\u1edd s\u1edf h\u1eefu t\u01b0\u01a1ng \u0111\u1ed1i \u0111\u1ea7y \u0111\u1ee7 c\u00e1c c\u1ed5ng k\u1ebft n\u1ed1i.<\/p>\n<p>C\u1ea1nh ph\u1ea3i l\u00e0 v\u1ecb tr\u00ed c\u1ee7a kh\u00f3a Kensington, c\u1ed5ng ngu\u1ed3n, khe t\u1ea3n nhi\u1ec7t, c\u1ed5ng VGA, HDMI v\u00e0 2 c\u1ed5ng USB 3.0.<\/p>\n<p>&nbsp;<\/p>\n<p><img decoding=\"async\" src=\"https:\/\/laptop88.vn\/media\/lib\/4460_5.png\" alt=\"\" \/><\/p>\n<p>C\u1ea1nh tr\u00e1i g\u1ed3m c\u00f3 c\u1ed5ng Ethernet RJ-45, 2xUSB 2.0, jack \u00e2m thanh combo 3.5 mm, khe t\u1ea3n nhi\u1ec7t v\u00e0 \u00a0khe th\u1ebb SD.<\/p>\n<p><img decoding=\"async\" src=\"https:\/\/laptop88.vn\/media\/lib\/4460_7.png\" alt=\"\" \/><\/p>\n<p>&nbsp;<\/p>\n<p><strong>Hi\u1ec7u n\u0103ng tuy\u1ec7t v\u1eddi<\/strong><\/p>\n<p>&nbsp;<\/p>\n<p>ProBook 430 G3 s\u1eed d\u1ee5ng chip Intel Core i5 Skylake, c\u00f3 t\u1ed1c \u0111\u1ed9 x\u1eed l\u00fd t\u1ed1t v\u00e0 ti\u1ebft ki\u1ec7m \u0111i\u1ec7n n\u0103ng, gi\u00fap b\u1ea1n s\u1eed d\u1ee5ng m\u00e1y hi\u1ec7u qu\u1ea3 v\u00e0 h\u1ea1n ch\u1ebf t\u00ecnh tr\u1ea1ng n\u00f3ng m\u00e1y.<\/p>\n<p>Dung l\u01b0\u1ee3ng RAM 8GB v\u1edbi t\u1ed1c \u0111\u1ed9 BUS RAM 1600 MHz, cho kh\u1ea3 n\u0103ng x\u1eed l\u00fd nhi\u1ec1u d\u1eef li\u1ec7u c\u00f4ng vi\u1ec7c c\u00f9ng l\u00fac hi\u1ec7u qu\u1ea3, gi\u00fap b\u1ea1n l\u00e0m vi\u1ec7c hay gi\u1ea3i tr\u00ed t\u1ed1t h\u01a1n.<\/p>\n<p>\u1ed4 \u0111\u0129a SSD 240GB si\u00eau nhanh cho m\u00e1y m\u1ed9t hi\u1ec7u n\u0103ng \u1ed5n \u0111\u1ecbnh gi\u00fap b\u1ea1n c\u00f3 th\u1ec3 l\u00e0m nhi\u1ec1u vi\u1ec7c c\u00f9ng m\u1ed9t l\u00fac v\u00e0 ch\u1ea1y c\u00e1c \u1ee9ng d\u1ee5ng m\u1ed9t c\u00e1ch m\u01b0\u1ee3t m\u00e0 m\u00e0 kh\u00f4ng lo gi\u1eadt, lag.<\/p>","protected":false},"excerpt":{"rendered":"<p><strong>K\u00edch th\u01b0\u1edbc m\u00e0n h\u00ecnh:<\/strong>\u00a015.6 inch<\/p>\n<p><strong>Ma\u0300u s\u0103\u0301c:<\/strong>\u00a0\u0110en<\/p>\n<p><strong>B\u1ed9 vi x\u1eed l\u00fd:\u00a0<\/strong>Intel Core i5-6200U<\/p>\n<p><strong>\u1ed4 C\u1ee9ng :\u00a0<\/strong> 120G SSD<\/p>\n<p><strong>B\u1ed9 nh\u1edb:\u00a0<\/strong> RAM 4GB<\/p>","protected":false},"featured_media":9309,"comment_status":"open","ping_status":"closed","template":"","meta":{"_acf_changed":false},"product_cat":[360,359],"product_tag":[],"class_list":{"0":"post-9307","1":"product","2":"type-product","3":"status-publish","4":"has-post-thumbnail","6":"product_cat-hp","7":"product_cat-laptop","9":"first","10":"instock","11":"sale","12":"shipping-taxable","13":"purchasable","14":"product-type-simple"},"acf":[],"yoast_head":"<!-- This site is optimized with the Yoast SEO plugin v23.8 - https:\/\/yoast.com\/wordpress\/plugins\/seo\/ -->\n<title>HP ProBook 430 G3\/ Core i5-6200U\/ 4 GB RAM\/ 128 GB SSD\/ 15.6\u2033 HD - ThanhPhat PC<\/title>\n<meta name=\"description\" content=\"Laptop c\u0169, Nh\u1eadt b\u00e3i\" \/>\n<meta name=\"robots\" content=\"index, follow, max-snippet:-1, max-image-preview:large, max-video-preview:-1\" \/>\n<link rel=\"canonical\" href=\"https:\/\/thanhphatpc.com\/en\/hp-probook-450-g3-core-i5-6200u-4-gb-ram-120-gb-ssd-15-6\u2033-hd\/\" \/>\n<meta property=\"og:locale\" content=\"en_US\" \/>\n<meta property=\"og:type\" content=\"article\" \/>\n<meta property=\"og:title\" content=\"HP ProBook 430 G3\/ Core i5-6200U\/ 4 GB RAM\/ 128 GB SSD\/ 15.6\u2033 HD - ThanhPhat PC\" \/>\n<meta property=\"og:description\" content=\"Laptop c\u0169, Nh\u1eadt b\u00e3i\" \/>\n<meta property=\"og:url\" content=\"https:\/\/thanhphatpc.com\/en\/hp-probook-450-g3-core-i5-6200u-4-gb-ram-120-gb-ssd-15-6\u2033-hd\/\" \/>\n<meta property=\"og:site_name\" content=\"ThanhPhat PC\" \/>\n<meta property=\"article:modified_time\" content=\"2022-08-29T04:01:38+00:00\" \/>\n<meta property=\"og:image\" content=\"https:\/\/thanhphatpc.com\/wp-content\/uploads\/2022\/02\/1-6.jpg\" \/>\n\t<meta property=\"og:image:width\" content=\"1000\" \/>\n\t<meta property=\"og:image:height\" content=\"604\" \/>\n\t<meta property=\"og:image:type\" content=\"image\/jpeg\" \/>\n<meta name=\"twitter:card\" content=\"summary_large_image\" \/>\n<meta name=\"twitter:label1\" content=\"Est. reading time\" \/>\n\t<meta name=\"twitter:data1\" content=\"4 minutes\" \/>\n<script type=\"application\/ld+json\" class=\"yoast-schema-graph\">{\"@context\":\"https:\/\/schema.org\",\"@graph\":[{\"@type\":\"WebPage\",\"@id\":\"https:\/\/thanhphatpc.com\/hp-probook-450-g3-core-i5-6200u-4-gb-ram-120-gb-ssd-15-6%e2%80%b3-hd\/\",\"url\":\"https:\/\/thanhphatpc.com\/hp-probook-450-g3-core-i5-6200u-4-gb-ram-120-gb-ssd-15-6%e2%80%b3-hd\/\",\"name\":\"HP ProBook 430 G3\/ Core i5-6200U\/ 4 GB RAM\/ 128 GB SSD\/ 15.6\u2033 HD - ThanhPhat PC\",\"isPartOf\":{\"@id\":\"https:\/\/thanhphatpc.com\/#website\"},\"primaryImageOfPage\":{\"@id\":\"https:\/\/thanhphatpc.com\/hp-probook-450-g3-core-i5-6200u-4-gb-ram-120-gb-ssd-15-6%e2%80%b3-hd\/#primaryimage\"},\"image\":{\"@id\":\"https:\/\/thanhphatpc.com\/hp-probook-450-g3-core-i5-6200u-4-gb-ram-120-gb-ssd-15-6%e2%80%b3-hd\/#primaryimage\"},\"thumbnailUrl\":\"https:\/\/thanhphatpc.com\/wp-content\/uploads\/2022\/02\/1-6.jpg\",\"datePublished\":\"2022-02-26T07:27:20+00:00\",\"dateModified\":\"2022-08-29T04:01:38+00:00\",\"description\":\"Laptop c\u0169, Nh\u1eadt b\u00e3i\",\"breadcrumb\":{\"@id\":\"https:\/\/thanhphatpc.com\/hp-probook-450-g3-core-i5-6200u-4-gb-ram-120-gb-ssd-15-6%e2%80%b3-hd\/#breadcrumb\"},\"inLanguage\":\"en-US\",\"potentialAction\":[{\"@type\":\"ReadAction\",\"target\":[\"https:\/\/thanhphatpc.com\/hp-probook-450-g3-core-i5-6200u-4-gb-ram-120-gb-ssd-15-6%e2%80%b3-hd\/\"]}]},{\"@type\":\"ImageObject\",\"inLanguage\":\"en-US\",\"@id\":\"https:\/\/thanhphatpc.com\/hp-probook-450-g3-core-i5-6200u-4-gb-ram-120-gb-ssd-15-6%e2%80%b3-hd\/#primaryimage\",\"url\":\"https:\/\/thanhphatpc.com\/wp-content\/uploads\/2022\/02\/1-6.jpg\",\"contentUrl\":\"https:\/\/thanhphatpc.com\/wp-content\/uploads\/2022\/02\/1-6.jpg\",\"width\":1000,\"height\":604},{\"@type\":\"BreadcrumbList\",\"@id\":\"https:\/\/thanhphatpc.com\/hp-probook-450-g3-core-i5-6200u-4-gb-ram-120-gb-ssd-15-6%e2%80%b3-hd\/#breadcrumb\",\"itemListElement\":[{\"@type\":\"ListItem\",\"position\":1,\"name\":\"Trang ch\u1ee7\",\"item\":\"https:\/\/thanhphatpc.com\/\"},{\"@type\":\"ListItem\",\"position\":2,\"name\":\"C\u1eeda h\u00e0ng\",\"item\":\"https:\/\/thanhphatpc.com\/cua-hang\/\"},{\"@type\":\"ListItem\",\"position\":3,\"name\":\"HP ProBook 430 G3\/ Core i5-6200U\/ 4 GB RAM\/ 128 GB SSD\/ 15.6\u2033 HD\"}]},{\"@type\":\"WebSite\",\"@id\":\"https:\/\/thanhphatpc.com\/#website\",\"url\":\"https:\/\/thanhphatpc.com\/\",\"name\":\"ThanhPhat PC\",\"description\":\"D\u1ecbch v\u1ee5 ho\u00e0n h\u1ea3o\",\"potentialAction\":[{\"@type\":\"SearchAction\",\"target\":{\"@type\":\"EntryPoint\",\"urlTemplate\":\"https:\/\/thanhphatpc.com\/?s={search_term_string}\"},\"query-input\":{\"@type\":\"PropertyValueSpecification\",\"valueRequired\":true,\"valueName\":\"search_term_string\"}}],\"inLanguage\":\"en-US\"}]}<\/script>\n<!-- \/ Yoast SEO plugin. -->","yoast_head_json":{"title":"HP ProBook 430 G3\/ Core i5-6200U\/ 4 GB RAM\/ 128 GB SSD\/ 15.6\u2033 HD - ThanhPhat PC","description":"Laptop c\u0169, Nh\u1eadt b\u00e3i","robots":{"index":"index","follow":"follow","max-snippet":"max-snippet:-1","max-image-preview":"max-image-preview:large","max-video-preview":"max-video-preview:-1"},"canonical":"https:\/\/thanhphatpc.com\/en\/hp-probook-450-g3-core-i5-6200u-4-gb-ram-120-gb-ssd-15-6\u2033-hd\/","og_locale":"en_US","og_type":"article","og_title":"HP ProBook 430 G3\/ Core i5-6200U\/ 4 GB RAM\/ 128 GB SSD\/ 15.6\u2033 HD - ThanhPhat PC","og_description":"Laptop c\u0169, Nh\u1eadt b\u00e3i","og_url":"https:\/\/thanhphatpc.com\/en\/hp-probook-450-g3-core-i5-6200u-4-gb-ram-120-gb-ssd-15-6\u2033-hd\/","og_site_name":"ThanhPhat PC","article_modified_time":"2022-08-29T04:01:38+00:00","og_image":[{"width":1000,"height":604,"url":"https:\/\/thanhphatpc.com\/wp-content\/uploads\/2022\/02\/1-6.jpg","type":"image\/jpeg"}],"twitter_card":"summary_large_image","twitter_misc":{"Est. reading time":"4 minutes"},"schema":{"@context":"https:\/\/schema.org","@graph":[{"@type":"WebPage","@id":"https:\/\/thanhphatpc.com\/hp-probook-450-g3-core-i5-6200u-4-gb-ram-120-gb-ssd-15-6%e2%80%b3-hd\/","url":"https:\/\/thanhphatpc.com\/hp-probook-450-g3-core-i5-6200u-4-gb-ram-120-gb-ssd-15-6%e2%80%b3-hd\/","name":"HP ProBook 430 G3\/ Core i5-6200U\/ 4 GB RAM\/ 128 GB SSD\/ 15.6\u2033 HD - ThanhPhat PC","isPartOf":{"@id":"https:\/\/thanhphatpc.com\/#website"},"primaryImageOfPage":{"@id":"https:\/\/thanhphatpc.com\/hp-probook-450-g3-core-i5-6200u-4-gb-ram-120-gb-ssd-15-6%e2%80%b3-hd\/#primaryimage"},"image":{"@id":"https:\/\/thanhphatpc.com\/hp-probook-450-g3-core-i5-6200u-4-gb-ram-120-gb-ssd-15-6%e2%80%b3-hd\/#primaryimage"},"thumbnailUrl":"https:\/\/thanhphatpc.com\/wp-content\/uploads\/2022\/02\/1-6.jpg","datePublished":"2022-02-26T07:27:20+00:00","dateModified":"2022-08-29T04:01:38+00:00","description":"Laptop c\u0169, Nh\u1eadt b\u00e3i","breadcrumb":{"@id":"https:\/\/thanhphatpc.com\/hp-probook-450-g3-core-i5-6200u-4-gb-ram-120-gb-ssd-15-6%e2%80%b3-hd\/#breadcrumb"},"inLanguage":"en-US","potentialAction":[{"@type":"ReadAction","target":["https:\/\/thanhphatpc.com\/hp-probook-450-g3-core-i5-6200u-4-gb-ram-120-gb-ssd-15-6%e2%80%b3-hd\/"]}]},{"@type":"ImageObject","inLanguage":"en-US","@id":"https:\/\/thanhphatpc.com\/hp-probook-450-g3-core-i5-6200u-4-gb-ram-120-gb-ssd-15-6%e2%80%b3-hd\/#primaryimage","url":"https:\/\/thanhphatpc.com\/wp-content\/uploads\/2022\/02\/1-6.jpg","contentUrl":"https:\/\/thanhphatpc.com\/wp-content\/uploads\/2022\/02\/1-6.jpg","width":1000,"height":604},{"@type":"BreadcrumbList","@id":"https:\/\/thanhphatpc.com\/hp-probook-450-g3-core-i5-6200u-4-gb-ram-120-gb-ssd-15-6%e2%80%b3-hd\/#breadcrumb","itemListElement":[{"@type":"ListItem","position":1,"name":"Trang ch\u1ee7","item":"https:\/\/thanhphatpc.com\/"},{"@type":"ListItem","position":2,"name":"C\u1eeda h\u00e0ng","item":"https:\/\/thanhphatpc.com\/cua-hang\/"},{"@type":"ListItem","position":3,"name":"HP ProBook 430 G3\/ Core i5-6200U\/ 4 GB RAM\/ 128 GB SSD\/ 15.6\u2033 HD"}]},{"@type":"WebSite","@id":"https:\/\/thanhphatpc.com\/#website","url":"https:\/\/thanhphatpc.com\/","name":"ThanhPhat PC","description":"D\u1ecbch v\u1ee5 ho\u00e0n h\u1ea3o","potentialAction":[{"@type":"SearchAction","target":{"@type":"EntryPoint","urlTemplate":"https:\/\/thanhphatpc.com\/?s={search_term_string}"},"query-input":{"@type":"PropertyValueSpecification","valueRequired":true,"valueName":"search_term_string"}}],"inLanguage":"en-US"}]}},"_links":{"self":[{"href":"https:\/\/thanhphatpc.com\/en\/wp-json\/wp\/v2\/product\/9307","targetHints":{"allow":["GET"]}}],"collection":[{"href":"https:\/\/thanhphatpc.com\/en\/wp-json\/wp\/v2\/product"}],"about":[{"href":"https:\/\/thanhphatpc.com\/en\/wp-json\/wp\/v2\/types\/product"}],"replies":[{"embeddable":true,"href":"https:\/\/thanhphatpc.com\/en\/wp-json\/wp\/v2\/comments?post=9307"}],"wp:featuredmedia":[{"embeddable":true,"href":"https:\/\/thanhphatpc.com\/en\/wp-json\/wp\/v2\/media\/9309"}],"wp:attachment":[{"href":"https:\/\/thanhphatpc.com\/en\/wp-json\/wp\/v2\/media?parent=9307"}],"wp:term":[{"taxonomy":"product_cat","embeddable":true,"href":"https:\/\/thanhphatpc.com\/en\/wp-json\/wp\/v2\/product_cat?post=9307"},{"taxonomy":"product_tag","embeddable":true,"href":"https:\/\/thanhphatpc.com\/en\/wp-json\/wp\/v2\/product_tag?post=9307"}],"curies":[{"name":"wp","href":"https:\/\/api.w.org\/{rel}","templated":true}]}}