{"id":9311,"date":"2022-02-26T14:41:56","date_gmt":"2022-02-26T07:41:56","guid":{"rendered":"https:\/\/thanhphatpc.com\/?post_type=product&#038;p=9311"},"modified":"2024-04-28T11:46:11","modified_gmt":"2024-04-28T04:46:11","slug":"hp-probook-450-g1-core-i5-4210m-4-gb-ram-120-gb-ssd-15-6%e2%80%b3-hd","status":"publish","type":"product","link":"https:\/\/thanhphatpc.com\/en\/hp-probook-450-g1-core-i5-4210m-4-gb-ram-120-gb-ssd-15-6%e2%80%b3-hd\/","title":{"rendered":"Laptop HP probook 430g5 i5 8200U 8G SSD 128GB, HDD 500GB m\u00e0n 13.3inch"},"content":{"rendered":"<div class=\"anhsanpham\">\n<figure id=\"attachment_10172\" aria-describedby=\"caption-attachment-10172\" style=\"width: 944px\" class=\"wp-caption aligncenter\"><img loading=\"lazy\" decoding=\"async\" class=\"size-full wp-image-10172\" src=\"https:\/\/thanhphatpc.com\/wp-content\/uploads\/2022\/08\/066.png\" alt=\"laptop hp\" width=\"944\" height=\"616\" srcset=\"https:\/\/thanhphatpc.com\/wp-content\/uploads\/2022\/08\/066.png 944w, https:\/\/thanhphatpc.com\/wp-content\/uploads\/2022\/08\/066-510x333.png 510w, https:\/\/thanhphatpc.com\/wp-content\/uploads\/2022\/08\/066-300x196.png 300w, https:\/\/thanhphatpc.com\/wp-content\/uploads\/2022\/08\/066-768x501.png 768w\" sizes=\"auto, (max-width: 944px) 100vw, 944px\" \/><figcaption id=\"caption-attachment-10172\" class=\"wp-caption-text\">laptop hp<\/figcaption><\/figure>\n<p>Laptop c\u0169 HP Probook 430 G5 l\u00e0 d\u00f2ng s\u1ea3n ph\u1ea9m d\u00e0nh cho h\u01b0\u1edbng t\u1edbi doanh nh\u00e2n v\u00e0 doanh nghi\u1ec7p; v\u00e0 \u0111\u01b0\u1ee3c \u0111\u00e1nh gi\u00e1 cao v\u1ec1 m\u1eb7t \u0111\u1ed9 b\u1ec1n v\u00e0 t\u00ednh b\u1ea3o m\u1eadt. V\u1edbi c\u1ea5u h\u00ecnh core i5-8200U, Ram 8GB, \u1ed5 c\u1ee9ng SSD 128GB &amp; HDD 500GB, m\u00e0n h\u00ecnh 13.3inchs HD, HP ProBook 430 G5 gi\u1ea3i quy\u1ebft h\u1ea7u h\u1ebft m\u1ecdi t\u00e1c v\u1ee5 c\u00f4ng vi\u1ec7c v\u0103n ph\u00f2ng v\u00e0 gi\u1ea3i tr\u00ed nh\u1eb9 nh\u00e0ng.<\/p>\n<p><b>Th\u00f4ng s\u1ed1 k\u0129 thu\u1eadt\u00a0Laptop c\u0169 HP Probook 430G5:<\/b><\/p>\n<p>CPU : Intel Core i5-8200U ( 2.50 GHz Turbo Boost 3.10 GHz, 3M b\u1ed9 nh\u1edb \u0111\u1ec7m)<\/p>\n<\/div>\n<div class=\"anhsanpham\">\n<p>Ram :\u00a0<b>8GB\u00a0( h\u1ed7 tr\u1ee3 l\u00ean t\u1ed1i \u0111a 32GB )<\/b><b>\u1ed4 c\u1ee9ng : SSD 1280G, HDD 500GB\u00a0<\/b><\/p>\n<p>Vga :\u00a0<b>Intel HD Graphic 620<\/b><\/p>\n<p><b>M\u00e0n h\u00ecnh : 13.3inch \u0111\u1ed9 ph\u00e2n gi\u1ea3i HD<\/b><\/p>\n<p>Giao ti\u1ebfp: 1 x USB Type C \/ DisplayPort , 2 x USB 3.0 , 1 x SD card slot , LAN 1 Gb\/s<\/p>\n<p>Tr\u1ecdng l\u01b0\u1ee3ng : 1.6kg<\/p>\n<p>&nbsp;<\/p>\n<\/div>","protected":false},"excerpt":{"rendered":"<p>HP Probook 450 G1<br \/>\nCPU Intel Core i5-4210M 1.6 Ghz 2 nh\u00e2n 4 lu\u1ed3ng(up to 2.6 Ghz)<br \/>\nGPU Intel HD Graphica 4200<br \/>\nMemory 4 GB PC3l bus 1600 (c\u00f3 th\u1ec3 n\u00e2ng c\u1ea5p l\u00ean 16 GB)<br \/>\nSSD 120 GB<br \/>\nM\u00e0n h\u00ecnh 15.6 Inches LED ch\u1ed1ng l\u00f3a<br \/>\n\u0110\u1ed9 ph\u00e2n gi\u1ea3i 1366\u00d7768<\/p>","protected":false},"featured_media":10170,"comment_status":"open","ping_status":"closed","template":"","meta":{"_acf_changed":false},"product_cat":[360,359],"product_tag":[],"class_list":{"0":"post-9311","1":"product","2":"type-product","3":"status-publish","4":"has-post-thumbnail","6":"product_cat-hp","7":"product_cat-laptop","9":"first","10":"instock","11":"sale","12":"shipping-taxable","13":"purchasable","14":"product-type-simple"},"acf":[],"yoast_head":"<!-- This site is optimized with the Yoast SEO plugin v23.8 - https:\/\/yoast.com\/wordpress\/plugins\/seo\/ -->\n<title>Laptop HP probook 430g5 i5 8200U 8G SSD 128GB, HDD 500GB m\u00e0n 13.3inch - ThanhPhat PC<\/title>\n<meta name=\"description\" content=\"Laptop doanh nh\u00e2n gi\u00e1 r\u1ebb\" \/>\n<meta name=\"robots\" content=\"index, follow, max-snippet:-1, max-image-preview:large, max-video-preview:-1\" \/>\n<link rel=\"canonical\" href=\"https:\/\/thanhphatpc.com\/en\/hp-probook-450-g1-core-i5-4210m-4-gb-ram-120-gb-ssd-15-6\u2033-hd\/\" \/>\n<meta property=\"og:locale\" content=\"en_US\" \/>\n<meta property=\"og:type\" content=\"article\" \/>\n<meta property=\"og:title\" content=\"Laptop HP probook 430g5 i5 8200U 8G SSD 128GB, HDD 500GB m\u00e0n 13.3inch - ThanhPhat PC\" \/>\n<meta property=\"og:description\" content=\"Laptop doanh nh\u00e2n gi\u00e1 r\u1ebb\" \/>\n<meta property=\"og:url\" content=\"https:\/\/thanhphatpc.com\/en\/hp-probook-450-g1-core-i5-4210m-4-gb-ram-120-gb-ssd-15-6\u2033-hd\/\" \/>\n<meta property=\"og:site_name\" content=\"ThanhPhat PC\" \/>\n<meta property=\"article:modified_time\" content=\"2024-04-28T04:46:11+00:00\" \/>\n<meta property=\"og:image\" content=\"https:\/\/thanhphatpc.com\/wp-content\/uploads\/2022\/08\/05.png\" \/>\n\t<meta property=\"og:image:width\" content=\"563\" \/>\n\t<meta property=\"og:image:height\" content=\"671\" \/>\n\t<meta property=\"og:image:type\" content=\"image\/png\" \/>\n<meta name=\"twitter:card\" content=\"summary_large_image\" \/>\n<meta name=\"twitter:label1\" content=\"Est. reading time\" \/>\n\t<meta name=\"twitter:data1\" content=\"2 minutes\" \/>\n<script type=\"application\/ld+json\" class=\"yoast-schema-graph\">{\"@context\":\"https:\/\/schema.org\",\"@graph\":[{\"@type\":\"WebPage\",\"@id\":\"https:\/\/thanhphatpc.com\/hp-probook-450-g1-core-i5-4210m-4-gb-ram-120-gb-ssd-15-6%e2%80%b3-hd\/\",\"url\":\"https:\/\/thanhphatpc.com\/hp-probook-450-g1-core-i5-4210m-4-gb-ram-120-gb-ssd-15-6%e2%80%b3-hd\/\",\"name\":\"Laptop HP probook 430g5 i5 8200U 8G SSD 128GB, HDD 500GB m\u00e0n 13.3inch - ThanhPhat PC\",\"isPartOf\":{\"@id\":\"https:\/\/thanhphatpc.com\/#website\"},\"primaryImageOfPage\":{\"@id\":\"https:\/\/thanhphatpc.com\/hp-probook-450-g1-core-i5-4210m-4-gb-ram-120-gb-ssd-15-6%e2%80%b3-hd\/#primaryimage\"},\"image\":{\"@id\":\"https:\/\/thanhphatpc.com\/hp-probook-450-g1-core-i5-4210m-4-gb-ram-120-gb-ssd-15-6%e2%80%b3-hd\/#primaryimage\"},\"thumbnailUrl\":\"https:\/\/thanhphatpc.com\/wp-content\/uploads\/2022\/08\/05.png\",\"datePublished\":\"2022-02-26T07:41:56+00:00\",\"dateModified\":\"2024-04-28T04:46:11+00:00\",\"description\":\"Laptop doanh nh\u00e2n gi\u00e1 r\u1ebb\",\"breadcrumb\":{\"@id\":\"https:\/\/thanhphatpc.com\/hp-probook-450-g1-core-i5-4210m-4-gb-ram-120-gb-ssd-15-6%e2%80%b3-hd\/#breadcrumb\"},\"inLanguage\":\"en-US\",\"potentialAction\":[{\"@type\":\"ReadAction\",\"target\":[\"https:\/\/thanhphatpc.com\/hp-probook-450-g1-core-i5-4210m-4-gb-ram-120-gb-ssd-15-6%e2%80%b3-hd\/\"]}]},{\"@type\":\"ImageObject\",\"inLanguage\":\"en-US\",\"@id\":\"https:\/\/thanhphatpc.com\/hp-probook-450-g1-core-i5-4210m-4-gb-ram-120-gb-ssd-15-6%e2%80%b3-hd\/#primaryimage\",\"url\":\"https:\/\/thanhphatpc.com\/wp-content\/uploads\/2022\/08\/05.png\",\"contentUrl\":\"https:\/\/thanhphatpc.com\/wp-content\/uploads\/2022\/08\/05.png\",\"width\":563,\"height\":671,\"caption\":\"laptop hp\"},{\"@type\":\"BreadcrumbList\",\"@id\":\"https:\/\/thanhphatpc.com\/hp-probook-450-g1-core-i5-4210m-4-gb-ram-120-gb-ssd-15-6%e2%80%b3-hd\/#breadcrumb\",\"itemListElement\":[{\"@type\":\"ListItem\",\"position\":1,\"name\":\"Trang ch\u1ee7\",\"item\":\"https:\/\/thanhphatpc.com\/\"},{\"@type\":\"ListItem\",\"position\":2,\"name\":\"C\u1eeda h\u00e0ng\",\"item\":\"https:\/\/thanhphatpc.com\/cua-hang\/\"},{\"@type\":\"ListItem\",\"position\":3,\"name\":\"Laptop HP probook 430g5 i5 8200U 8G SSD 128GB, HDD 500GB m\u00e0n 13.3inch\"}]},{\"@type\":\"WebSite\",\"@id\":\"https:\/\/thanhphatpc.com\/#website\",\"url\":\"https:\/\/thanhphatpc.com\/\",\"name\":\"ThanhPhat PC\",\"description\":\"D\u1ecbch v\u1ee5 ho\u00e0n h\u1ea3o\",\"potentialAction\":[{\"@type\":\"SearchAction\",\"target\":{\"@type\":\"EntryPoint\",\"urlTemplate\":\"https:\/\/thanhphatpc.com\/?s={search_term_string}\"},\"query-input\":{\"@type\":\"PropertyValueSpecification\",\"valueRequired\":true,\"valueName\":\"search_term_string\"}}],\"inLanguage\":\"en-US\"}]}<\/script>\n<!-- \/ Yoast SEO plugin. -->","yoast_head_json":{"title":"Laptop HP probook 430g5 i5 8200U 8G SSD 128GB, HDD 500GB m\u00e0n 13.3inch - ThanhPhat PC","description":"Laptop doanh nh\u00e2n gi\u00e1 r\u1ebb","robots":{"index":"index","follow":"follow","max-snippet":"max-snippet:-1","max-image-preview":"max-image-preview:large","max-video-preview":"max-video-preview:-1"},"canonical":"https:\/\/thanhphatpc.com\/en\/hp-probook-450-g1-core-i5-4210m-4-gb-ram-120-gb-ssd-15-6\u2033-hd\/","og_locale":"en_US","og_type":"article","og_title":"Laptop HP probook 430g5 i5 8200U 8G SSD 128GB, HDD 500GB m\u00e0n 13.3inch - ThanhPhat PC","og_description":"Laptop doanh nh\u00e2n gi\u00e1 r\u1ebb","og_url":"https:\/\/thanhphatpc.com\/en\/hp-probook-450-g1-core-i5-4210m-4-gb-ram-120-gb-ssd-15-6\u2033-hd\/","og_site_name":"ThanhPhat PC","article_modified_time":"2024-04-28T04:46:11+00:00","og_image":[{"width":563,"height":671,"url":"https:\/\/thanhphatpc.com\/wp-content\/uploads\/2022\/08\/05.png","type":"image\/png"}],"twitter_card":"summary_large_image","twitter_misc":{"Est. reading time":"2 minutes"},"schema":{"@context":"https:\/\/schema.org","@graph":[{"@type":"WebPage","@id":"https:\/\/thanhphatpc.com\/hp-probook-450-g1-core-i5-4210m-4-gb-ram-120-gb-ssd-15-6%e2%80%b3-hd\/","url":"https:\/\/thanhphatpc.com\/hp-probook-450-g1-core-i5-4210m-4-gb-ram-120-gb-ssd-15-6%e2%80%b3-hd\/","name":"Laptop HP probook 430g5 i5 8200U 8G SSD 128GB, HDD 500GB m\u00e0n 13.3inch - ThanhPhat PC","isPartOf":{"@id":"https:\/\/thanhphatpc.com\/#website"},"primaryImageOfPage":{"@id":"https:\/\/thanhphatpc.com\/hp-probook-450-g1-core-i5-4210m-4-gb-ram-120-gb-ssd-15-6%e2%80%b3-hd\/#primaryimage"},"image":{"@id":"https:\/\/thanhphatpc.com\/hp-probook-450-g1-core-i5-4210m-4-gb-ram-120-gb-ssd-15-6%e2%80%b3-hd\/#primaryimage"},"thumbnailUrl":"https:\/\/thanhphatpc.com\/wp-content\/uploads\/2022\/08\/05.png","datePublished":"2022-02-26T07:41:56+00:00","dateModified":"2024-04-28T04:46:11+00:00","description":"Laptop doanh nh\u00e2n gi\u00e1 r\u1ebb","breadcrumb":{"@id":"https:\/\/thanhphatpc.com\/hp-probook-450-g1-core-i5-4210m-4-gb-ram-120-gb-ssd-15-6%e2%80%b3-hd\/#breadcrumb"},"inLanguage":"en-US","potentialAction":[{"@type":"ReadAction","target":["https:\/\/thanhphatpc.com\/hp-probook-450-g1-core-i5-4210m-4-gb-ram-120-gb-ssd-15-6%e2%80%b3-hd\/"]}]},{"@type":"ImageObject","inLanguage":"en-US","@id":"https:\/\/thanhphatpc.com\/hp-probook-450-g1-core-i5-4210m-4-gb-ram-120-gb-ssd-15-6%e2%80%b3-hd\/#primaryimage","url":"https:\/\/thanhphatpc.com\/wp-content\/uploads\/2022\/08\/05.png","contentUrl":"https:\/\/thanhphatpc.com\/wp-content\/uploads\/2022\/08\/05.png","width":563,"height":671,"caption":"laptop hp"},{"@type":"BreadcrumbList","@id":"https:\/\/thanhphatpc.com\/hp-probook-450-g1-core-i5-4210m-4-gb-ram-120-gb-ssd-15-6%e2%80%b3-hd\/#breadcrumb","itemListElement":[{"@type":"ListItem","position":1,"name":"Trang ch\u1ee7","item":"https:\/\/thanhphatpc.com\/"},{"@type":"ListItem","position":2,"name":"C\u1eeda h\u00e0ng","item":"https:\/\/thanhphatpc.com\/cua-hang\/"},{"@type":"ListItem","position":3,"name":"Laptop HP probook 430g5 i5 8200U 8G SSD 128GB, HDD 500GB m\u00e0n 13.3inch"}]},{"@type":"WebSite","@id":"https:\/\/thanhphatpc.com\/#website","url":"https:\/\/thanhphatpc.com\/","name":"ThanhPhat PC","description":"D\u1ecbch v\u1ee5 ho\u00e0n h\u1ea3o","potentialAction":[{"@type":"SearchAction","target":{"@type":"EntryPoint","urlTemplate":"https:\/\/thanhphatpc.com\/?s={search_term_string}"},"query-input":{"@type":"PropertyValueSpecification","valueRequired":true,"valueName":"search_term_string"}}],"inLanguage":"en-US"}]}},"_links":{"self":[{"href":"https:\/\/thanhphatpc.com\/en\/wp-json\/wp\/v2\/product\/9311","targetHints":{"allow":["GET"]}}],"collection":[{"href":"https:\/\/thanhphatpc.com\/en\/wp-json\/wp\/v2\/product"}],"about":[{"href":"https:\/\/thanhphatpc.com\/en\/wp-json\/wp\/v2\/types\/product"}],"replies":[{"embeddable":true,"href":"https:\/\/thanhphatpc.com\/en\/wp-json\/wp\/v2\/comments?post=9311"}],"wp:featuredmedia":[{"embeddable":true,"href":"https:\/\/thanhphatpc.com\/en\/wp-json\/wp\/v2\/media\/10170"}],"wp:attachment":[{"href":"https:\/\/thanhphatpc.com\/en\/wp-json\/wp\/v2\/media?parent=9311"}],"wp:term":[{"taxonomy":"product_cat","embeddable":true,"href":"https:\/\/thanhphatpc.com\/en\/wp-json\/wp\/v2\/product_cat?post=9311"},{"taxonomy":"product_tag","embeddable":true,"href":"https:\/\/thanhphatpc.com\/en\/wp-json\/wp\/v2\/product_tag?post=9311"}],"curies":[{"name":"wp","href":"https:\/\/api.w.org\/{rel}","templated":true}]}}