{"id":9315,"date":"2022-03-19T17:26:54","date_gmt":"2022-03-19T10:26:54","guid":{"rendered":"https:\/\/thanhphatpc.com\/?post_type=product&#038;p=9315"},"modified":"2024-04-28T11:43:23","modified_gmt":"2024-04-28T04:43:23","slug":"laptop-vivobook-asus-x515ep-ej268t-i5-1135g7-8gb-512gb-ssd-15-6fhd-mx330-2gb-win10-silver","status":"publish","type":"product","link":"https:\/\/thanhphatpc.com\/en\/laptop-vivobook-asus-x515ep-ej268t-i5-1135g7-8gb-512gb-ssd-15-6fhd-mx330-2gb-win10-silver\/","title":{"rendered":"Laptop Vivobook Asus X515EP-EJ268T (i5-1135G7\/ 8GB\/ 512GB SSD\/ 15.6FHD\/ MX330-2GB\/ Win10\/ Silver)"},"content":{"rendered":"<div class=\"clear\"><span style=\"font-size: 23.04px\">\u0110\u1eb6C \u0110I\u1ec2M N\u1ed4I B\u1eacT<\/span><\/div>\n<div class=\"content-tab-left\">\n<div id=\"tab2\">\n<div class=\"nd\">\n<h2>Laptop Vivobook Asus X515EP-EJ268T<\/h2>\n<p>Tr\u1ea3i nghi\u1ec7m h\u1ecdc t\u1eadp v\u00e0 l\u00e0m vi\u1ec7c ho\u00e0n h\u1ea3o tr\u00ean chi\u1ebfc\u00a0<strong>laptop Asus X515EP-EJ268T<\/strong>\u00a0v\u1edbi hi\u1ec7u n\u0103ng m\u1ea1nh m\u1ebd gi\u00fap b\u1ea1n ho\u00e0n th\u00e0nh m\u1ecdi c\u00f4ng vi\u1ec7c nhanh ch\u00f3ng v\u00e0 hi\u1ec7u qu\u1ea3.<\/p>\n<h3>Th\u1ec3 hi\u1ec7n c\u00e1 t\u00ednh c\u1ee7a ri\u00eang b\u1ea1n<\/h3>\n<p>Thi\u1ebft k\u1ebf\u00a0<strong>Asus\u00a0Vivobook X515EP<\/strong>\u00a0v\u00f4 c\u00f9ng c\u00e1 t\u00ednh v\u1edbi ki\u1ec3u d\u00e1ng vu\u00f4ng v\u1eafn v\u00e0 \u0111\u1ed9 m\u1ecfng nh\u1eb9. B\u1ea1n s\u1ebd \u0111\u01b0\u1ee3c c\u1ea7m tr\u00ean tay m\u1ed9t chi\u1ebfc laptop m\u00e0n h\u00ecnh 15.6 inch nh\u01b0ng nh\u1ecf g\u1ecdn v\u00e0 nh\u1eb9 \u0111\u1ebfn kh\u00f3 tin. V\u1edbi t\u1ed5ng tr\u1ecdng l\u01b0\u1ee3ng ch\u1ec9 1.8kg v\u00e0 \u0111\u1ed9 m\u1ecfng 1.99cm,\u00a0<strong>VivoBook 15<\/strong>\u00a0s\u1ebd d\u1ec5 d\u00e0ng n\u1eb1m g\u1ecdn trong t\u00fai x\u00e1ch v\u00e0 theo b\u1ea1n \u0111i b\u1ea5t c\u1ee9 \u0111\u00e2u. N\u1eafp l\u01b0ng m\u00e1y \u0111\u01b0\u1ee3c l\u00e0m t\u1eeb ch\u1ea5t li\u1ec7u cao c\u1ea5p\u00a0sang tr\u1ecdng v\u1edbi m\u00e0u b\u1ea1c c\u1ef1c ch\u1ea5t, t\u1ea1o n\u00ean m\u1ed9t s\u1ea3n ph\u1ea9m di \u0111\u1ed9ng v\u00e0 th\u1eddi trang.<\/p>\n<figure id=\"attachment_10178\" aria-describedby=\"caption-attachment-10178\" style=\"width: 944px\" class=\"wp-caption aligncenter\"><img loading=\"lazy\" decoding=\"async\" class=\"size-full wp-image-10178\" src=\"https:\/\/thanhphatpc.com\/wp-content\/uploads\/2022\/03\/088.png\" alt=\"laptop asus\" width=\"944\" height=\"617\" srcset=\"https:\/\/thanhphatpc.com\/wp-content\/uploads\/2022\/03\/088.png 944w, https:\/\/thanhphatpc.com\/wp-content\/uploads\/2022\/03\/088-510x333.png 510w, https:\/\/thanhphatpc.com\/wp-content\/uploads\/2022\/03\/088-300x196.png 300w, https:\/\/thanhphatpc.com\/wp-content\/uploads\/2022\/03\/088-768x502.png 768w\" sizes=\"auto, (max-width: 944px) 100vw, 944px\" \/><figcaption id=\"caption-attachment-10178\" class=\"wp-caption-text\">laptop asus<\/figcaption><\/figure>\n<h3>M\u1edf r\u1ed9ng kh\u1ea3 n\u0103ng gi\u1ea3i tr\u00ed s\u1ed1ng \u0111\u1ed9ng<\/h3>\n<p><strong>Asus Vivobook X515EP<\/strong>\u00a0s\u1edf h\u1eefu\u00a0m\u00e0n h\u00ecnh 15.6 inch\u00a0tuy\u1ec7t \u0111\u1eb9p v\u1edbi \u0111\u1ed9 ph\u00e2n gi\u1ea3i Full HD s\u1eafc n\u00e9t. Kh\u1ea3 n\u0103ng t\u00e1i hi\u1ec7n m\u00e0u s\u1eafc ch\u00e2n th\u1ef1c, g\u00f3c nh\u00ecn r\u1ed9ng 178 \u0111\u1ed9 gi\u00fap h\u00ecnh \u1ea3nh tr\u1edf n\u00ean s\u1ed1ng \u0111\u1ed9ng, mang \u0111\u1ebfn th\u00eam nhi\u1ec1u c\u1ea3m h\u1ee9ng c\u1ea3 khi l\u00e0m vi\u1ec7c c\u0169ng nh\u01b0 gi\u1ea3i tr\u00ed. Ch\u01b0a h\u1ebft, vi\u1ec1n m\u00e0n h\u00ecnh c\u00f2n \u0111\u01b0\u1ee3c l\u00e0m si\u00eau m\u1ecfng t\u1ea1o n\u00ean kh\u00f4ng gian r\u1ed9ng r\u00e3i h\u01a1n, cho m\u00e0n h\u00ecnh k\u00edch th\u01b0\u1edbc ti\u00eau chu\u1ea9n 15.6 inch trong m\u1ed9t khung m\u00e1y nh\u1ecf g\u1ecdn. Vi\u1ec7c s\u1eed d\u1ee5ng m\u00e0n h\u00ecnh vi\u1ec1n m\u1ecfng NanoEdge gi\u00fap m\u00e0n h\u00ecnh chi\u1ebfm t\u1edbi 84% di\u1ec7n t\u00edch th\u00e2n m\u00e1y, m\u1ed9t con s\u1ed1 h\u1ebft s\u1ee9c \u1ea5n t\u01b0\u1ee3ng.<\/p>\n<p><img decoding=\"async\" class=\"aligncenter\" src=\"https:\/\/phucanhcdn.com\/media\/lib\/44166_VivobookX515BVSilverh2.jpg\" alt=\"\" \/><\/p>\n<p>\u00c2m thanh tr\u00ean\u00a0Asus VivoBook\u00a0s\u1eed d\u1ee5ng c\u00f4ng ngh\u1ec7 SonicMaster mang \u0111\u1ebfn nh\u1eefng s\u1eafc \u00e2m ch\u1ea5t l\u01b0\u1ee3ng ho\u00e0n h\u1ea3o, \u00e2m l\u01b0\u1ee3ng to, r\u00f5 r\u00e0ng, gi\u1ea3m thi\u1ec3u hi\u1ec7n t\u01b0\u1ee3ng m\u00e9o ti\u1ebfng, \u00e2m thanh chi ti\u1ebft, \u00e2m tr\u1ea7m m\u1ea1nh m\u1ebd. Tha h\u1ed3 nghe nh\u1ea1c hay t\u1eadn h\u01b0\u1edfng nh\u1eefng b\u1ed9 phim y\u00eau th\u00edch tr\u00ean\u00a0<strong>Asus VivoBook X515EP<\/strong>.<\/p>\n<h3>\u0110\u1ea3m nh\u1eadn m\u1ecdi t\u00e1c v\u1ee5 nh\u1edd c\u1ea5u h\u00ecnh m\u1ea1nh m\u1ebd<\/h3>\n<p><strong>Vivobook X515EP-EJ268T<\/strong>\u00a0mang tr\u00ean m\u00ecnh b\u1ed9 vi x\u1eed l\u00fd m\u1edbi nh\u1ea5t v\u00e0 hot nh\u1ea5t \u1edf th\u1eddi \u0111i\u1ec3m hi\u1ec7n t\u1ea1i, \u0111\u00f3 l\u00e0\u00a0Intel Core i5\u00a0th\u1ebf h\u1ec7 th\u1ee9 11. S\u1ee9c m\u1ea1nh c\u1ee7a\u00a0Core i5 1135G7 l\u00e0 \u0111i\u1ec1u kh\u00f4ng ph\u1ea3i b\u00e0n c\u00e3i v\u1edbi\u00a04\u00a0l\u00f5i\u00a08 lu\u1ed3ng, t\u1ed1c \u0111\u1ed9 2.40GHz &#8211; 4.20GHz v\u00e0 \u0111\u1eb7c bi\u1ec7t l\u00e0 s\u1ea3n xu\u1ea5t tr\u00ean ti\u1ebfn tr\u00ecnh 10 nm SuperFin. V\u1edbi ti\u1ebfn tr\u00ecnh ti\u00ean ti\u1ebfn,\u00a0chip Intel n\u00e0y\u00a0kh\u00f4ng ch\u1ec9 m\u1ea1nh m\u1ebd, ti\u1ebft ki\u1ec7m \u0111i\u1ec7n n\u0103ng m\u00e0 c\u00f2n c\u00f3 th\u1ec3 \u0111\u1ea3m b\u1ea3o xung nh\u1ecbp cao, hi\u1ec7u su\u1ea5t \u0111a nh\u00e2n \u1ed5n \u0111\u1ecbnh trong su\u1ed1t qu\u00e1 tr\u00ecnh s\u1eed d\u1ee5ng. M\u1ecdi t\u00e1c v\u1ee5 t\u1eeb c\u00f4ng vi\u1ec7c cho \u0111\u1ebfn gi\u1ea3i tr\u00ed \u0111\u1ec1u \u0111\u01b0\u1ee3c \u0111\u00e1p \u1ee9ng m\u1ed9t c\u00e1ch m\u01b0\u1ee3t m\u00e0, k\u1ec3 c\u1ea3 nh\u1eefng \u1ee9ng d\u1ee5ng \u0111\u1ed3 h\u1ecda nh\u01b0 ch\u1ec9nh s\u1eeda \u1ea3nh hay bi\u00ean t\u1eadp video.<\/p>\n<p><img decoding=\"async\" class=\"aligncenter\" src=\"https:\/\/phucanhcdn.com\/media\/lib\/44166_VivobookX515BVSilverh4.jpg\" alt=\"\" \/><\/p>\n<p>V\u1edbi vi\u1ec7c s\u1edf h\u1eefu\u00a08GB RAM\u00a0c\u00f9ng\u00a0\u1ed5 c\u1ee9ng SSD 512GB,\u00a0<strong>Asus VivoBook X515EP<\/strong>\u00a0c\u00f3 t\u1ed1c \u0111\u1ed9 \u0111\u1ecdc v\u00e0 ghi d\u1eef li\u1ec7u v\u01b0\u1ee3t tr\u1ed9i. B\u1ea1n s\u1ebd \u0111\u01b0\u1ee3c t\u1eadn h\u01b0\u1edfng t\u1ed1c \u0111\u1ed9 kh\u1edfi \u0111\u1ed9ng m\u00e1y, m\u1edf \u1ee9ng d\u1ee5ng v\u00e0 nh\u1eefng thao t\u00e1c kh\u00e1c si\u00eau nhanh. Kh\u1edfi \u0111\u1ed9ng v\u00e0 t\u1eaft m\u00e1y ch\u1ec9 trong v\u00e0i gi\u00e2y, m\u1edf c\u00e1c \u1ee9ng d\u1ee5ng trong ch\u1edbp m\u1eaft,\u00a0laptop Asus\u00a0ch\u1eafc ch\u1eafn s\u1ebd l\u00e0m b\u1ea1n h\u00e0i l\u00f2ng.<\/p>\n<h3>\u0110\u0103ng nh\u1eadp m\u1ed9t ch\u1ea1m nhanh ch\u00f3ng v\u00e0 b\u1ea3o m\u1eadt t\u1ed1i \u01b0u<\/h3>\n<p>B\u1ea3o m\u1eadt tr\u00ean\u00a0<strong>Asus X515EP<\/strong>\u00a0an to\u00e0n v\u00e0 ti\u1ec7n l\u1ee3i h\u01a1n. C\u1ea3m bi\u1ebfn v\u00e2n tay t\u00edch h\u1ee3p cho ph\u00e9p b\u1ea1n m\u1edf kh\u00f3a ch\u1ec9 sau m\u1ed9t l\u1ea7n ch\u1ea1m thay v\u00ec ph\u1ea3i g\u00f5 m\u1eadt kh\u1ea9u d\u00e0i d\u00f2ng v\u00e0 tr\u00e1nh \u0111\u01b0\u1ee3c nguy c\u01a1 b\u1ecb ng\u01b0\u1eddi kh\u00e1c nh\u00ecn tr\u1ed9m, m\u1ea5t d\u1eef li\u1ec7u ho\u1eb7c h\u1ea1n ch\u1ebf b\u1ecb x\u00e2m nh\u1eadp tr\u00e1i ph\u00e9p.<\/p>\n<p>Ngo\u00e0i thi\u1ebft k\u1ebf t\u1ed5ng th\u1ec3,\u00a0<strong>Asus VivoBook X515EP\u00a0<\/strong>c\u00f2n th\u1ec3 hi\u1ec7n c\u00e1 t\u00ednh qua vi\u1ec7c thi\u1ebft k\u1ebf b\u00e0n ph\u00edm. Thi\u1ebft k\u1ebf nguy\u00ean kh\u1ed1i v\u00e0 h\u00e0nh tr\u00ecnh ph\u00edm 1.4mm cho tr\u1ea3i nghi\u1ec7m \u0111\u00e1nh m\u00e1y tho\u1ea3i m\u00e1i.<\/p>\n<p><img decoding=\"async\" class=\"aligncenter\" src=\"https:\/\/phucanhcdn.com\/media\/lib\/44166_VivobookX515BVSilverh3.jpg\" alt=\"\" \/><\/p>\n<h3>K\u1ebft n\u1ed1i nhanh ch\u00f3ng, ho\u00e0n h\u1ea3o<\/h3>\n<p>Lo\u1ea1t k\u1ebft n\u1ed1i ti\u00ean ti\u1ebfn \u0111\u1ec1u \u0111\u01b0\u1ee3c trang b\u1ecb tr\u00ean\u00a0<strong>Asus Vivobook X515EP-EJ268T<\/strong>. B\u1ea1n s\u1ebd c\u00f3 c\u1ed5ng USB 3.1 Gen 1 Type-C \u0111\u1ea3o chi\u1ec1u cho vi\u1ec7c k\u1ebft n\u1ed1i \u0111\u01a1n gi\u1ea3n v\u00e0 nhanh ch\u00f3ng h\u01a1n. C\u00e1c c\u1ed5ng k\u1ebft n\u1ed1i ph\u1ed5 bi\u1ebfn nh\u01b0 USB 3.1 Gen 1 Type A, USB 2.0, HDMI, khe \u0111\u1ecdc th\u1ebb microSD, c\u1ed5ng tai nghe c\u0169ng \u0111\u1ec1u xu\u1ea5t hi\u1ec7n, cho ph\u00e9p k\u1ebft n\u1ed1i v\u1edbi c\u00e1c thi\u1ebft b\u1ecb ngo\u1ea1i vi, m\u00e0n h\u00ecnh, m\u00e1y chi\u1ebfu m\u1ed9t c\u00e1ch d\u1ec5 d\u00e0ng. Webcam v\u00e0 k\u1ebft n\u1ed1i kh\u00f4ng d\u00e2y Wifi si\u00eau t\u1ed1c t\u00edch h\u1ee3p tr\u00ean laptop gi\u00fap cho vi\u1ec7c h\u1ecdc t\u1eadp v\u00e0 l\u00e0m vi\u1ec7c tr\u1ef1c tuy\u1ebfn m\u1ecdi l\u00fac, m\u1ecdi n\u01a1i thu\u1eadn l\u1ee3i.<\/p>\n<p><img decoding=\"async\" class=\"aligncenter\" src=\"https:\/\/phucanhcdn.com\/media\/lib\/44166_VivobookX515BVSilverh5.jpg\" alt=\"\" \/><\/p>\n<\/div>\n<\/div>\n<\/div>","protected":false},"excerpt":{"rendered":"<ul class=\"ul\">\n<li>\n<h3>&#8211; B\u00f4\u0323 VXL: Core i5 1135G7 2.4Ghz-8Mb<\/h3>\n<\/li>\n<li><i class=\"before\"><\/i><br \/>\n<h3>&#8211; C\u1ea1c \u0111\u1ed3 h\u1ecda: NVIDIA GeForce MX330-2GB DDR5<\/h3>\n<\/li>\n<li><i class=\"before\"><\/i><br \/>\n<h3>&#8211; B\u1ed9 nh\u1edb: 8Gb (2x4Gb)<\/h3>\n<\/li>\n<li><i class=\"before\"><\/i><br \/>\n<h3>&#8211; \u1ed4 c\u1ee9ng\/ \u1ed4 \u0111\u0129a quang: 512GB M.2 NVMe\u2122 PCIe\u00ae 3.0 SSD<\/h3>\n<\/li>\n<li><i class=\"before\"><\/i><br \/>\n<h3>&#8211; M\u00e0n h\u00ecnh: 15.6Inch Full HD<\/h3>\n<\/li>\n<li><i class=\"before\"><\/i><br \/>\n<h3>&#8211; H\u1ec7 \u0111i\u1ec1u h\u00e0nh: Windows 10 Home<\/h3>\n<\/li>\n<li><i class=\"before\"><\/i><br \/>\n<h3>&#8211; Ma\u0300u s\u0103\u0301c\/ Ch\u00e2\u0301t li\u00ea\u0323u: Silver<\/h3>\n<\/li>\n<\/ul>","protected":false},"featured_media":10176,"comment_status":"open","ping_status":"closed","template":"","meta":{"_acf_changed":false},"product_cat":[362],"product_tag":[],"class_list":{"0":"post-9315","1":"product","2":"type-product","3":"status-publish","4":"has-post-thumbnail","6":"product_cat-asus","8":"first","9":"instock","10":"sale","11":"shipping-taxable","12":"purchasable","13":"product-type-simple"},"acf":[],"yoast_head":"<!-- This site is optimized with the Yoast SEO plugin v23.8 - https:\/\/yoast.com\/wordpress\/plugins\/seo\/ -->\n<title>Laptop Vivobook Asus X515EP-EJ268T (i5-1135G7\/ 8GB\/ 512GB SSD\/ 15.6FHD\/ MX330-2GB\/ Win10\/ Silver) - ThanhPhat PC<\/title>\n<meta name=\"robots\" content=\"index, follow, max-snippet:-1, max-image-preview:large, max-video-preview:-1\" \/>\n<link rel=\"canonical\" href=\"https:\/\/thanhphatpc.com\/en\/laptop-vivobook-asus-x515ep-ej268t-i5-1135g7-8gb-512gb-ssd-15-6fhd-mx330-2gb-win10-silver\/\" \/>\n<meta property=\"og:locale\" content=\"en_US\" \/>\n<meta property=\"og:type\" content=\"article\" \/>\n<meta property=\"og:title\" content=\"Laptop Vivobook Asus X515EP-EJ268T (i5-1135G7\/ 8GB\/ 512GB SSD\/ 15.6FHD\/ MX330-2GB\/ Win10\/ Silver) - ThanhPhat PC\" \/>\n<meta property=\"og:description\" content=\"- B\u00f4\u0323 VXL: Core i5 1135G7 2.4Ghz-8Mb    - C\u1ea1c \u0111\u1ed3 h\u1ecda: NVIDIA GeForce MX330-2GB DDR5    - B\u1ed9 nh\u1edb: 8Gb (2x4Gb)    - \u1ed4 c\u1ee9ng\/ \u1ed4 \u0111\u0129a quang: 512GB M.2 NVMe\u2122 PCIe\u00ae 3.0 SSD    - M\u00e0n h\u00ecnh: 15.6Inch Full HD    - H\u1ec7 \u0111i\u1ec1u h\u00e0nh: Windows 10 Home    - Ma\u0300u s\u0103\u0301c\/ Ch\u00e2\u0301t li\u00ea\u0323u: Silver\" \/>\n<meta property=\"og:url\" content=\"https:\/\/thanhphatpc.com\/en\/laptop-vivobook-asus-x515ep-ej268t-i5-1135g7-8gb-512gb-ssd-15-6fhd-mx330-2gb-win10-silver\/\" \/>\n<meta property=\"og:site_name\" content=\"ThanhPhat PC\" \/>\n<meta property=\"article:modified_time\" content=\"2024-04-28T04:43:23+00:00\" \/>\n<meta property=\"og:image\" content=\"https:\/\/thanhphatpc.com\/wp-content\/uploads\/2022\/03\/08.png\" \/>\n\t<meta property=\"og:image:width\" content=\"563\" \/>\n\t<meta property=\"og:image:height\" content=\"670\" \/>\n\t<meta property=\"og:image:type\" content=\"image\/png\" \/>\n<meta name=\"twitter:card\" content=\"summary_large_image\" \/>\n<meta name=\"twitter:label1\" content=\"Est. reading time\" \/>\n\t<meta name=\"twitter:data1\" content=\"6 minutes\" \/>\n<script type=\"application\/ld+json\" class=\"yoast-schema-graph\">{\"@context\":\"https:\/\/schema.org\",\"@graph\":[{\"@type\":\"WebPage\",\"@id\":\"https:\/\/thanhphatpc.com\/laptop-vivobook-asus-x515ep-ej268t-i5-1135g7-8gb-512gb-ssd-15-6fhd-mx330-2gb-win10-silver\/\",\"url\":\"https:\/\/thanhphatpc.com\/laptop-vivobook-asus-x515ep-ej268t-i5-1135g7-8gb-512gb-ssd-15-6fhd-mx330-2gb-win10-silver\/\",\"name\":\"Laptop Vivobook Asus X515EP-EJ268T (i5-1135G7\/ 8GB\/ 512GB SSD\/ 15.6FHD\/ MX330-2GB\/ Win10\/ Silver) - ThanhPhat PC\",\"isPartOf\":{\"@id\":\"https:\/\/thanhphatpc.com\/#website\"},\"primaryImageOfPage\":{\"@id\":\"https:\/\/thanhphatpc.com\/laptop-vivobook-asus-x515ep-ej268t-i5-1135g7-8gb-512gb-ssd-15-6fhd-mx330-2gb-win10-silver\/#primaryimage\"},\"image\":{\"@id\":\"https:\/\/thanhphatpc.com\/laptop-vivobook-asus-x515ep-ej268t-i5-1135g7-8gb-512gb-ssd-15-6fhd-mx330-2gb-win10-silver\/#primaryimage\"},\"thumbnailUrl\":\"https:\/\/thanhphatpc.com\/wp-content\/uploads\/2022\/03\/08.png\",\"datePublished\":\"2022-03-19T10:26:54+00:00\",\"dateModified\":\"2024-04-28T04:43:23+00:00\",\"breadcrumb\":{\"@id\":\"https:\/\/thanhphatpc.com\/laptop-vivobook-asus-x515ep-ej268t-i5-1135g7-8gb-512gb-ssd-15-6fhd-mx330-2gb-win10-silver\/#breadcrumb\"},\"inLanguage\":\"en-US\",\"potentialAction\":[{\"@type\":\"ReadAction\",\"target\":[\"https:\/\/thanhphatpc.com\/laptop-vivobook-asus-x515ep-ej268t-i5-1135g7-8gb-512gb-ssd-15-6fhd-mx330-2gb-win10-silver\/\"]}]},{\"@type\":\"ImageObject\",\"inLanguage\":\"en-US\",\"@id\":\"https:\/\/thanhphatpc.com\/laptop-vivobook-asus-x515ep-ej268t-i5-1135g7-8gb-512gb-ssd-15-6fhd-mx330-2gb-win10-silver\/#primaryimage\",\"url\":\"https:\/\/thanhphatpc.com\/wp-content\/uploads\/2022\/03\/08.png\",\"contentUrl\":\"https:\/\/thanhphatpc.com\/wp-content\/uploads\/2022\/03\/08.png\",\"width\":563,\"height\":670,\"caption\":\"laptop asus\"},{\"@type\":\"BreadcrumbList\",\"@id\":\"https:\/\/thanhphatpc.com\/laptop-vivobook-asus-x515ep-ej268t-i5-1135g7-8gb-512gb-ssd-15-6fhd-mx330-2gb-win10-silver\/#breadcrumb\",\"itemListElement\":[{\"@type\":\"ListItem\",\"position\":1,\"name\":\"Trang ch\u1ee7\",\"item\":\"https:\/\/thanhphatpc.com\/\"},{\"@type\":\"ListItem\",\"position\":2,\"name\":\"C\u1eeda h\u00e0ng\",\"item\":\"https:\/\/thanhphatpc.com\/cua-hang\/\"},{\"@type\":\"ListItem\",\"position\":3,\"name\":\"Laptop Vivobook Asus X515EP-EJ268T (i5-1135G7\/ 8GB\/ 512GB SSD\/ 15.6FHD\/ MX330-2GB\/ Win10\/ Silver)\"}]},{\"@type\":\"WebSite\",\"@id\":\"https:\/\/thanhphatpc.com\/#website\",\"url\":\"https:\/\/thanhphatpc.com\/\",\"name\":\"ThanhPhat PC\",\"description\":\"D\u1ecbch v\u1ee5 ho\u00e0n h\u1ea3o\",\"potentialAction\":[{\"@type\":\"SearchAction\",\"target\":{\"@type\":\"EntryPoint\",\"urlTemplate\":\"https:\/\/thanhphatpc.com\/?s={search_term_string}\"},\"query-input\":{\"@type\":\"PropertyValueSpecification\",\"valueRequired\":true,\"valueName\":\"search_term_string\"}}],\"inLanguage\":\"en-US\"}]}<\/script>\n<!-- \/ Yoast SEO plugin. -->","yoast_head_json":{"title":"Laptop Vivobook Asus X515EP-EJ268T (i5-1135G7\/ 8GB\/ 512GB SSD\/ 15.6FHD\/ MX330-2GB\/ Win10\/ Silver) - ThanhPhat PC","robots":{"index":"index","follow":"follow","max-snippet":"max-snippet:-1","max-image-preview":"max-image-preview:large","max-video-preview":"max-video-preview:-1"},"canonical":"https:\/\/thanhphatpc.com\/en\/laptop-vivobook-asus-x515ep-ej268t-i5-1135g7-8gb-512gb-ssd-15-6fhd-mx330-2gb-win10-silver\/","og_locale":"en_US","og_type":"article","og_title":"Laptop Vivobook Asus X515EP-EJ268T (i5-1135G7\/ 8GB\/ 512GB SSD\/ 15.6FHD\/ MX330-2GB\/ Win10\/ Silver) - ThanhPhat PC","og_description":"- B\u00f4\u0323 VXL: Core i5 1135G7 2.4Ghz-8Mb    - C\u1ea1c \u0111\u1ed3 h\u1ecda: NVIDIA GeForce MX330-2GB DDR5    - B\u1ed9 nh\u1edb: 8Gb (2x4Gb)    - \u1ed4 c\u1ee9ng\/ \u1ed4 \u0111\u0129a quang: 512GB M.2 NVMe\u2122 PCIe\u00ae 3.0 SSD    - M\u00e0n h\u00ecnh: 15.6Inch Full HD    - H\u1ec7 \u0111i\u1ec1u h\u00e0nh: Windows 10 Home    - Ma\u0300u s\u0103\u0301c\/ Ch\u00e2\u0301t li\u00ea\u0323u: Silver","og_url":"https:\/\/thanhphatpc.com\/en\/laptop-vivobook-asus-x515ep-ej268t-i5-1135g7-8gb-512gb-ssd-15-6fhd-mx330-2gb-win10-silver\/","og_site_name":"ThanhPhat PC","article_modified_time":"2024-04-28T04:43:23+00:00","og_image":[{"width":563,"height":670,"url":"https:\/\/thanhphatpc.com\/wp-content\/uploads\/2022\/03\/08.png","type":"image\/png"}],"twitter_card":"summary_large_image","twitter_misc":{"Est. reading time":"6 minutes"},"schema":{"@context":"https:\/\/schema.org","@graph":[{"@type":"WebPage","@id":"https:\/\/thanhphatpc.com\/laptop-vivobook-asus-x515ep-ej268t-i5-1135g7-8gb-512gb-ssd-15-6fhd-mx330-2gb-win10-silver\/","url":"https:\/\/thanhphatpc.com\/laptop-vivobook-asus-x515ep-ej268t-i5-1135g7-8gb-512gb-ssd-15-6fhd-mx330-2gb-win10-silver\/","name":"Laptop Vivobook Asus X515EP-EJ268T (i5-1135G7\/ 8GB\/ 512GB SSD\/ 15.6FHD\/ MX330-2GB\/ Win10\/ Silver) - ThanhPhat PC","isPartOf":{"@id":"https:\/\/thanhphatpc.com\/#website"},"primaryImageOfPage":{"@id":"https:\/\/thanhphatpc.com\/laptop-vivobook-asus-x515ep-ej268t-i5-1135g7-8gb-512gb-ssd-15-6fhd-mx330-2gb-win10-silver\/#primaryimage"},"image":{"@id":"https:\/\/thanhphatpc.com\/laptop-vivobook-asus-x515ep-ej268t-i5-1135g7-8gb-512gb-ssd-15-6fhd-mx330-2gb-win10-silver\/#primaryimage"},"thumbnailUrl":"https:\/\/thanhphatpc.com\/wp-content\/uploads\/2022\/03\/08.png","datePublished":"2022-03-19T10:26:54+00:00","dateModified":"2024-04-28T04:43:23+00:00","breadcrumb":{"@id":"https:\/\/thanhphatpc.com\/laptop-vivobook-asus-x515ep-ej268t-i5-1135g7-8gb-512gb-ssd-15-6fhd-mx330-2gb-win10-silver\/#breadcrumb"},"inLanguage":"en-US","potentialAction":[{"@type":"ReadAction","target":["https:\/\/thanhphatpc.com\/laptop-vivobook-asus-x515ep-ej268t-i5-1135g7-8gb-512gb-ssd-15-6fhd-mx330-2gb-win10-silver\/"]}]},{"@type":"ImageObject","inLanguage":"en-US","@id":"https:\/\/thanhphatpc.com\/laptop-vivobook-asus-x515ep-ej268t-i5-1135g7-8gb-512gb-ssd-15-6fhd-mx330-2gb-win10-silver\/#primaryimage","url":"https:\/\/thanhphatpc.com\/wp-content\/uploads\/2022\/03\/08.png","contentUrl":"https:\/\/thanhphatpc.com\/wp-content\/uploads\/2022\/03\/08.png","width":563,"height":670,"caption":"laptop asus"},{"@type":"BreadcrumbList","@id":"https:\/\/thanhphatpc.com\/laptop-vivobook-asus-x515ep-ej268t-i5-1135g7-8gb-512gb-ssd-15-6fhd-mx330-2gb-win10-silver\/#breadcrumb","itemListElement":[{"@type":"ListItem","position":1,"name":"Trang ch\u1ee7","item":"https:\/\/thanhphatpc.com\/"},{"@type":"ListItem","position":2,"name":"C\u1eeda h\u00e0ng","item":"https:\/\/thanhphatpc.com\/cua-hang\/"},{"@type":"ListItem","position":3,"name":"Laptop Vivobook Asus X515EP-EJ268T (i5-1135G7\/ 8GB\/ 512GB SSD\/ 15.6FHD\/ MX330-2GB\/ Win10\/ Silver)"}]},{"@type":"WebSite","@id":"https:\/\/thanhphatpc.com\/#website","url":"https:\/\/thanhphatpc.com\/","name":"ThanhPhat PC","description":"D\u1ecbch v\u1ee5 ho\u00e0n h\u1ea3o","potentialAction":[{"@type":"SearchAction","target":{"@type":"EntryPoint","urlTemplate":"https:\/\/thanhphatpc.com\/?s={search_term_string}"},"query-input":{"@type":"PropertyValueSpecification","valueRequired":true,"valueName":"search_term_string"}}],"inLanguage":"en-US"}]}},"_links":{"self":[{"href":"https:\/\/thanhphatpc.com\/en\/wp-json\/wp\/v2\/product\/9315","targetHints":{"allow":["GET"]}}],"collection":[{"href":"https:\/\/thanhphatpc.com\/en\/wp-json\/wp\/v2\/product"}],"about":[{"href":"https:\/\/thanhphatpc.com\/en\/wp-json\/wp\/v2\/types\/product"}],"replies":[{"embeddable":true,"href":"https:\/\/thanhphatpc.com\/en\/wp-json\/wp\/v2\/comments?post=9315"}],"wp:featuredmedia":[{"embeddable":true,"href":"https:\/\/thanhphatpc.com\/en\/wp-json\/wp\/v2\/media\/10176"}],"wp:attachment":[{"href":"https:\/\/thanhphatpc.com\/en\/wp-json\/wp\/v2\/media?parent=9315"}],"wp:term":[{"taxonomy":"product_cat","embeddable":true,"href":"https:\/\/thanhphatpc.com\/en\/wp-json\/wp\/v2\/product_cat?post=9315"},{"taxonomy":"product_tag","embeddable":true,"href":"https:\/\/thanhphatpc.com\/en\/wp-json\/wp\/v2\/product_tag?post=9315"}],"curies":[{"name":"wp","href":"https:\/\/api.w.org\/{rel}","templated":true}]}}