{"id":9319,"date":"2022-04-07T17:37:14","date_gmt":"2022-04-07T10:37:14","guid":{"rendered":"https:\/\/thanhphatpc.com\/?post_type=product&#038;p=9319"},"modified":"2022-04-07T17:37:14","modified_gmt":"2022-04-07T10:37:14","slug":"bo-phat-wifi-tp-link-tl-wr940n-wireless-n-450mbps","status":"publish","type":"product","link":"https:\/\/thanhphatpc.com\/en\/bo-phat-wifi-tp-link-tl-wr940n-wireless-n-450mbps\/","title":{"rendered":"B\u1ed9 ph\u00e1t wifi TP-Link TL-WR940N Wireless N 450Mbps"},"content":{"rendered":"<h2><strong>\u0110\u00e1nh gi\u00e1 TP-Link TL-WR940N\u00a0<\/strong><\/h2>\n<h3>Thi\u1ebft k\u1ebf hi\u1ec7n \u0111\u1ea1i<\/h3>\n<p>\u1ea4n t\u01b0\u1ee3ng \u0111\u1ea7u ti\u00ean khi c\u1ea7m\u00a0<strong>WR940N<\/strong>\u00a0tr\u00ean tay, m\u00ecnh c\u1ea3m nh\u1eadn em n\u00f3 c\u00f3 ph\u1ea7n nh\u00f2 g\u1ecdn, g\u1ea7y g\u00f2 h\u01a1n so v\u1edbi nh\u1eefng b\u1ed9 ph\u00e1t wifi t\u1ea7m trung kh\u00e1c. Nh\u01b0ng v\u1edbi nh\u1eefng ng\u01b0\u1eddi \u01b0a th\u00edch s\u1ef1 nh\u1ecf g\u1ecdn nh\u01b0 m\u00ecnh th\u00ec l\u1ea1i c\u1ef1c th\u00edch thi\u1ebft k\u1ebf n\u00e0y c\u1ee7a em n\u00f3. Ph\u1ea7n v\u1ecf ngo\u00e0i,\u00a0<strong>b\u1ed9 ph\u00e1t wifi TP-Link TL-WR940N<\/strong>\u00a0\u0111\u01b0\u1ee3c l\u00e0m b\u1eb1ng v\u1ecf nh\u1ef1a cao c\u1ea5p, v\u00f4 c\u00f9ng c\u1ee9ng c\u00e1p. Em n\u00f3 c\u0169ng c\u00f3 3 \u0103ng ten c\u00f3 th\u1ec3 th\u00e1o r\u1eddi. N\u1ebfu ch\u1eb3ng may b\u1ea1n c\u00f3 l\u00e0m h\u1ecfng \u0103ng ten ho\u1eb7c mu\u1ed1n thay \u0103ng ten kh\u00e1c c\u00f3 t\u1ea7m ph\u1ee7 s\u00f3ng r\u1ed9ng, hi\u1ec7u su\u1ea5t cao th\u00ec \u0111\u00e2y c\u0169ng l\u00e0 m\u1ed9t thi\u1ebft k\u1ebf v\u00f4 c\u00f9ng ph\u00f9 h\u1ee3p.<\/p>\n<p><img loading=\"lazy\" decoding=\"async\" class=\"loading\" src=\"https:\/\/www.hanoicomputer.vn\/media\/lib\/router-wifi-tplink-tl-wr940n.jpg\" alt=\"tp link 940n, tplink 940, tp-link tl-wr940n, tplink 940n, tl-wr940n, tp link wr940n, wr940n, tp link 940, wifi tp link 940n, 940n\" width=\"900\" height=\"403\" data-was-processed=\"true\" \/><\/p>\n<p>\u1ede m\u1eb7t tr\u00ean,\u00a0<strong>TP-Link TL-WR940N<\/strong>\u00a0c\u00f3 8 \u0111\u00e8n Led hi\u1ec3n th\u1ecb b\u00e1o ngu\u1ed3n \u0111i\u1ec7n, ho\u1ea1t \u0111\u1ed9ng Internet, t\u00edn hi\u1ec7u Wi-Fi, WPS v\u00e0 \u0111\u00e8n b\u00e1o t\u00edn hi\u1ec7u ho\u1ea1t \u0111\u1ed9ng c\u1ee7a c\u00e1c c\u1ed5ng LAN. \u1ede m\u1eb7t sau ch\u00fang ta c\u00f3 b\u1ed1n c\u1ed5ng Gigabit LAN, 1 c\u1ed5ng WAN (Internet), n\u00fat B\u1eadt \/ T\u1eaft kh\u00f4ng d\u00e2y, n\u00fat WPS \/ Reset v\u00e0 n\u00fat B\u1eadt \/ T\u1eaft ngu\u1ed3n.<\/p>\n<p><img loading=\"lazy\" decoding=\"async\" class=\"loading\" src=\"https:\/\/www.hanoicomputer.vn\/media\/lib\/thiet-bi-phat-wifi-tp-link-tl-wr940n-2.jpg\" alt=\"tp link 940n, tplink 940, tp-link tl-wr940n, tplink 940n, tl-wr940n, tp link wr940n, wr940n, tp link 940, wifi tp link 940n, 940n\" width=\"900\" height=\"675\" data-was-processed=\"true\" \/><\/p>\n<h3>Truy c\u1eadp Wifi t\u1ed1c \u0111\u1ed9 cao<\/h3>\n<p><strong>B\u1ed9 ph\u00e1t wifi TP-Link TL-WR940N Wireless<\/strong>\u00a0l\u00e0 gi\u1ea3i ph\u00e1p truy c\u1eadp Internet\u00a0Wifi\u00a0t\u1ed1c \u0111\u1ed9 cao cho h\u1ed9 gia \u0111\u00ecnh c\u00f3 nh\u00e0 nhi\u1ec1u t\u1ea7ng v\u1edbi chu\u1ea9n\u00a0IEEE 802.11b\/g\/n.\u00a0V\u1edbi\u00a0chu\u1ea9n wifi\u00a0802.11n,\u00a0WR940N gi\u00fap ng\u01b0\u1eddi d\u00f9ng c\u00f3 th\u1ec3 \u0111\u1ea1t t\u1ed1c \u0111\u1ed9 truy c\u1eadp Internet qua Wifi t\u1edbi\u00a0450Mbps. V\u1edbi t\u1ed1c \u0111\u1ed9 n\u00e0y, c\u00e1c nhu c\u1ea7u c\u01a1 b\u1ea3n d\u00f9ng trong sinh ho\u1ea1t h\u00e0ng ng\u00e0y nh\u01b0 xem phim Full HD, ch\u01a1i game online hay t\u1ea3i d\u1eef li\u1ec7u c\u00f3 dung l\u01b0\u1ee3ng l\u1edbn \u0111\u1ec1u tr\u1edf n\u00ean d\u1ec5 d\u00e0ng, nhanh ch\u00f3ng.<\/p>\n<h3>3 ch\u1ebf \u0111\u1ed9 ph\u00e1t s\u00f3ng ph\u00f9 h\u1ee3p theo nhu c\u1ea7u s\u1eed d\u1ee5ng<\/h3>\n<ul>\n<li>Ch\u1ebf \u0111\u1ed9 Router : d\u00f9ng m\u1ea1ng Ethernet \u0111\u1ec3 t\u1ea1o \u0111i\u1ec3m ph\u00e1t Wifi m\u1edbi<\/li>\n<li>Ch\u1ebf \u0111\u1ed9 Accesspoint: T\u1ea1o \u0111i\u1ec3m truy c\u1eadp m\u1edbi s\u1eed d\u1ee5ng m\u1ea1ng t\u1eeb Router ch\u00ednh<\/li>\n<li>Ch\u1ebf \u0111\u1ed9 m\u1edf r\u1ed9ng s\u00f3ng Wifi Repeater : Thu v\u00e0 m\u1edf r\u1ed9ng s\u00f3ng wifi cho kh\u00f4ng gian l\u1edbn.<\/li>\n<\/ul>\n<p><img loading=\"lazy\" decoding=\"async\" class=\"loading\" src=\"https:\/\/www.hanoicomputer.vn\/media\/lib\/tp-link940n.png\" alt=\"tp link 940n, tplink 940, tp-link tl-wr940n, tplink 940n, tl-wr940n, tp link wr940n, wr940n, tp link 940, wifi tp link 940n, 940n\" width=\"900\" height=\"478\" data-was-processed=\"true\" \/><\/p>\n<p><em>3 ch\u1ebf \u0111\u1ed9 ph\u00e1t Wifi<\/em><\/p>\n<h3>D\u1ec5 d\u00e0ng c\u00e0i \u0111\u1eb7t v\u00e0 s\u1eed d\u1ee5ng<\/h3>\n<p>C\u00e0i \u0111\u1eb7t\u00a0<strong>TL-WR940N<\/strong>\u00a0r\u1ea5t \u0111\u01a1n gi\u1ea3n, ngay c\u1ea3 v\u1edbi nh\u1eefng ng\u01b0\u1eddi kh\u00f4ng am hi\u1ec3u v\u1ec1 c\u00f4ng ngh\u1ec7.\u00a0T\u1ea5t c\u1ea3 nh\u1eefng g\u00ec b\u1ea1n l\u00e0m l\u00e0, k\u1ebft n\u1ed1i n\u00f3 v\u1edbi PC,\u00a0<a title=\"laptop\" href=\"https:\/\/www.hanoicomputer.vn\/laptop-may-tinh-xach-tay\/c159.html\" target=\"_blank\" rel=\"noopener\">laptop<\/a>\u00a0v\u00e0 ngu\u1ed3n Internet, b\u1ed9 \u0111\u1ecbnh tuy\u1ebfn s\u1ebd t\u1ef1 \u0111\u1ed9ng kh\u1edfi ch\u1ea1y c\u00e1c c\u00e0i \u0111\u1eb7t d\u1ef1a tr\u00ean Web. T\u1ea1i \u0111\u00e2y, v\u1edbi giao di\u1ec7n ho\u00e0n to\u00e0n b\u1eb1ng ti\u1ebfng Vi\u1ec7t ( Ho\u1eb7c c\u00f3 th\u1ebf t\u00f9y ch\u1ec9nh ng\u00f4n ng\u1eef)\u00a0b\u1ea1n c\u00f3 th\u1ec3\u00a0c\u00e0i \u0111\u1eb7t c\u1ea5u h\u00ecnh m\u1ea1ng c\u1ee7a m\u00ecnh, \u0111i\u1ec1u ch\u1ec9nh c\u00e0i \u0111\u1eb7t Wi-Fi nh\u01b0 t\u00ean v\u00e0 m\u1eadt kh\u1ea9u.<\/p>\n<p><img loading=\"lazy\" decoding=\"async\" class=\"loading\" src=\"https:\/\/www.hanoicomputer.vn\/media\/lib\/thiet-bi-phat-wifi-tp-link-tl-wr940n-3.jpg\" alt=\"tp link 940n, tplink 940, tp-link tl-wr940n, tplink 940n, tl-wr940n, tp link wr940n, wr940n, tp link 940, wifi tp link 940n, 940n\" width=\"900\" height=\"506\" data-was-processed=\"true\" \/><\/p>\n<p><em>Giao di\u1ec7n c\u00e0i \u0111\u1eb7t d\u1ec5 d\u00e0ng thao t\u00e1c c\u1ee7a\u00a0TL-WR940N<\/em><\/p>\n<p>Ngo\u00e0i ra\u00a0 b\u1ea1n c\u0169ng c\u00f3 th\u1ec3 c\u00e0i \u0111\u1eb7t TL-WR940N qua \u1ee9ng d\u1ee5ng tr\u00ean \u0111i\u1ec7n tho\u1ea1i c\u00f3 t\u00ean\u00a0Tether. Tether c\u0169ng cho ph\u00e9p b\u1ea1n qu\u1ea3n l\u00fd c\u00e0i \u0111\u1eb7t m\u1ea1ng c\u1ee7a m\u00ecnh nh\u01b0 tr\u00ean webisste t\u1eeb m\u1ecdi thi\u1ebft b\u1ecb Android ho\u1eb7c iOS, bao g\u1ed3m c\u1ea3 quy\u1ec1n ki\u1ec3m so\u00e1t c\u1ee7a ph\u1ee5 huynh v\u00e0 ki\u1ec3m so\u00e1t truy c\u1eadp.<\/p>\n<h2>C\u00f3 n\u00ean mua\u00a0TP-Link TL-WR940N<\/h2>\n<p>V\u1edbi gi\u00e1 th\u00e0nh kh\u00e1 r\u1ebb,\u00a0<strong>TP-Link TL-WR940N<\/strong>\u00a0v\u1eabn \u0111\u00e1p \u1ee9ng \u0111\u1ee7 c\u00e1c y\u00eau c\u1ea7u v\u1ec1 hi\u1ec7u n\u0103ng m\u1ea1nh m\u1ebd, c\u00e1c t\u00ednh n\u0103ng th\u00f4ng m\u00ecnh c\u01a1 b\u1ea3n cho gia \u0111\u00ecnh. Qua c\u00e1c b\u00e0i ki\u1ec3m tra t\u1ed1c \u0111\u1ed9 m\u1ea1ng,\u00a0TL-WR940N v\u1edbi k\u1ebft n\u1ed1i b\u0103ng t\u1ea7n 2.4 Hz t\u1ecf ra m\u1ea1nh m\u1ebd h\u01a1n r\u1ea5t nhi\u1ec1u so v\u1edbi c\u00e1c s\u1ea3n ph\u1ea9m c\u00f9ng ph\u00e2n kh\u00fac, hay th\u1eadm ch\u00ed cao h\u01a1n. \u0110\u00f3 ch\u00ednh l\u00e0 l\u00fd do, sau nhi\u1ec1u n\u0103m ra m\u1eaft,\u00a0TP-Link TL-WR940N v\u1eabn chi\u1ebfm \u0111\u01b0\u1ee3c kh\u00e1 nhi\u1ec1u t\u00ecnh c\u1ea3m t\u1eeb ng\u01b0\u1eddi s\u1eed d\u1ee5ng. N\u1ebfu b\u1ea1n \u0111ang t\u00ecm m\u1ed9t b\u1ed9 ph\u00e1t Wifi c\u00f3 chi ph\u00ed r\u1ebb, ph\u00f9 h\u1ee3p cho nhu c\u1ea7u c\u1ee7a v\u0103n ph\u00f2ng, gia \u0111\u00ecnh, hay doanh nghi\u1ec7p nh\u1ecf th\u00ec\u00a0TP-Link TL-WR940N l\u00e0 m\u1ed9t l\u1ef1a ch\u1ecdn s\u00e1ng gi\u00e1.<\/p>","protected":false},"excerpt":{"rendered":"<ul id=\"js-tskt-item\" class=\"product-summary-item-ul d-flex flex-wrap mb-0\">\n<li>B\u0103ng t\u1ea7n h\u1ed7 tr\u1ee3: 2.4 GHz<\/li>\n<li>Chu\u1ea9n k\u1ebft n\u1ed1i: 802.11 b\/g\/n<\/li>\n<li>T\u1ed1c \u0111\u1ed9 2.4GHz: 450Mbps<\/li>\n<li>\u0102ng ten: 3x ngo\u00e0i \/ 5 dBi<\/li>\n<li>T\u1ed1c \u0111\u1ed9 kh\u00f4ng d\u00e2y l\u00ean \u0111\u1ebfn 450Mbps, r\u1ea5t thu\u1eadn l\u1ee3i \u0111\u1ec3 s\u1eed d\u1ee5ng cho c\u00e1c \u1ee9ng d\u1ee5ng nha\u0323y b\u0103ng th\u00f4ng nh\u01b0 xem video HD tr\u1ef1c tuy\u1ebfn<\/li>\n<li>Ba \u0103ng ten g\u1eafn ngo\u00e0i t\u0103ng c\u01b0\u01a1\u0300ng hi\u00ea\u0323u su\u00e2\u0301t va\u0300 s\u01b0\u0323 \u00f4\u0309n \u0111i\u0323nh cu\u0309a k\u00ea\u0301t n\u00f4\u0301i kh\u00f4ng d\u00e2y<\/li>\n<li>C\u00e0i \u0111\u1eb7t m\u00e3 h\u00f3a b\u1ea3o m\u1eadt kh\u00f4ng d\u00e2y d\u1ec5 d\u00e0ng b\u1eb1ng c\u00e1ch nh\u1ea5n n\u00fat WPS<\/li>\n<li>Ki\u1ec3m so\u00e1t b\u0103ng th\u00f4ng d\u1ef1a tr\u00ean IP cho ph\u00e9p ng\u01b0\u1eddi qu\u1ea3n tr\u1ecb m\u1ea1ng c\u00f3 th\u1ec3 quy\u1ebft \u0111\u1ecbnh \u0111\u01b0\u1ee3c c\u00f3 bao nhi\u00eau b\u0103ng th\u00f4ng \u0111\u01b0\u1ee3c ph\u00e2n b\u1ed5<\/li>\n<\/ul>","protected":false},"featured_media":9320,"comment_status":"open","ping_status":"closed","template":"","meta":{"_acf_changed":false},"product_cat":[402],"product_tag":[],"class_list":{"0":"post-9319","1":"product","2":"type-product","3":"status-publish","4":"has-post-thumbnail","6":"product_cat-tp-link","8":"first","9":"instock","10":"sale","11":"shipping-taxable","12":"purchasable","13":"product-type-simple"},"acf":[],"yoast_head":"<!-- This site is optimized with the Yoast SEO plugin v23.8 - https:\/\/yoast.com\/wordpress\/plugins\/seo\/ -->\n<title>B\u1ed9 ph\u00e1t wifi TP-Link TL-WR940N Wireless N 450Mbps - ThanhPhat PC<\/title>\n<meta name=\"robots\" content=\"index, follow, max-snippet:-1, max-image-preview:large, max-video-preview:-1\" \/>\n<link rel=\"canonical\" href=\"https:\/\/thanhphatpc.com\/en\/bo-phat-wifi-tp-link-tl-wr940n-wireless-n-450mbps\/\" \/>\n<meta property=\"og:locale\" content=\"en_US\" \/>\n<meta property=\"og:type\" content=\"article\" \/>\n<meta property=\"og:title\" content=\"B\u1ed9 ph\u00e1t wifi TP-Link TL-WR940N Wireless N 450Mbps - ThanhPhat PC\" \/>\n<meta property=\"og:description\" content=\"B\u0103ng t\u1ea7n h\u1ed7 tr\u1ee3: 2.4 GHz  Chu\u1ea9n k\u1ebft n\u1ed1i: 802.11 b\/g\/n  T\u1ed1c \u0111\u1ed9 2.4GHz: 450Mbps  \u0102ng ten: 3x ngo\u00e0i \/ 5 dBi  T\u1ed1c \u0111\u1ed9 kh\u00f4ng d\u00e2y l\u00ean \u0111\u1ebfn 450Mbps, r\u1ea5t thu\u1eadn l\u1ee3i \u0111\u1ec3 s\u1eed d\u1ee5ng cho c\u00e1c \u1ee9ng d\u1ee5ng nha\u0323y b\u0103ng th\u00f4ng nh\u01b0 xem video HD tr\u1ef1c tuy\u1ebfn  Ba \u0103ng ten g\u1eafn ngo\u00e0i t\u0103ng c\u01b0\u01a1\u0300ng hi\u00ea\u0323u su\u00e2\u0301t va\u0300 s\u01b0\u0323 \u00f4\u0309n \u0111i\u0323nh cu\u0309a k\u00ea\u0301t n\u00f4\u0301i kh\u00f4ng d\u00e2y  C\u00e0i \u0111\u1eb7t m\u00e3 h\u00f3a b\u1ea3o m\u1eadt kh\u00f4ng d\u00e2y d\u1ec5 d\u00e0ng b\u1eb1ng c\u00e1ch nh\u1ea5n n\u00fat WPS  Ki\u1ec3m so\u00e1t b\u0103ng th\u00f4ng d\u1ef1a tr\u00ean IP cho ph\u00e9p ng\u01b0\u1eddi qu\u1ea3n tr\u1ecb m\u1ea1ng c\u00f3 th\u1ec3 quy\u1ebft \u0111\u1ecbnh \u0111\u01b0\u1ee3c c\u00f3 bao nhi\u00eau b\u0103ng th\u00f4ng \u0111\u01b0\u1ee3c ph\u00e2n b\u1ed5\" \/>\n<meta property=\"og:url\" content=\"https:\/\/thanhphatpc.com\/en\/bo-phat-wifi-tp-link-tl-wr940n-wireless-n-450mbps\/\" \/>\n<meta property=\"og:site_name\" content=\"ThanhPhat PC\" \/>\n<meta property=\"og:image\" content=\"https:\/\/thanhphatpc.com\/wp-content\/uploads\/2022\/04\/1.jpg\" \/>\n\t<meta property=\"og:image:width\" content=\"850\" \/>\n\t<meta property=\"og:image:height\" content=\"850\" \/>\n\t<meta property=\"og:image:type\" content=\"image\/jpeg\" \/>\n<meta name=\"twitter:card\" content=\"summary_large_image\" \/>\n<meta name=\"twitter:label1\" content=\"Est. reading time\" \/>\n\t<meta name=\"twitter:data1\" content=\"5 minutes\" \/>\n<script type=\"application\/ld+json\" class=\"yoast-schema-graph\">{\"@context\":\"https:\/\/schema.org\",\"@graph\":[{\"@type\":\"WebPage\",\"@id\":\"https:\/\/thanhphatpc.com\/bo-phat-wifi-tp-link-tl-wr940n-wireless-n-450mbps\/\",\"url\":\"https:\/\/thanhphatpc.com\/bo-phat-wifi-tp-link-tl-wr940n-wireless-n-450mbps\/\",\"name\":\"B\u1ed9 ph\u00e1t wifi TP-Link TL-WR940N Wireless N 450Mbps - ThanhPhat PC\",\"isPartOf\":{\"@id\":\"https:\/\/thanhphatpc.com\/#website\"},\"primaryImageOfPage\":{\"@id\":\"https:\/\/thanhphatpc.com\/bo-phat-wifi-tp-link-tl-wr940n-wireless-n-450mbps\/#primaryimage\"},\"image\":{\"@id\":\"https:\/\/thanhphatpc.com\/bo-phat-wifi-tp-link-tl-wr940n-wireless-n-450mbps\/#primaryimage\"},\"thumbnailUrl\":\"https:\/\/thanhphatpc.com\/wp-content\/uploads\/2022\/04\/1.jpg\",\"datePublished\":\"2022-04-07T10:37:14+00:00\",\"dateModified\":\"2022-04-07T10:37:14+00:00\",\"breadcrumb\":{\"@id\":\"https:\/\/thanhphatpc.com\/bo-phat-wifi-tp-link-tl-wr940n-wireless-n-450mbps\/#breadcrumb\"},\"inLanguage\":\"en-US\",\"potentialAction\":[{\"@type\":\"ReadAction\",\"target\":[\"https:\/\/thanhphatpc.com\/bo-phat-wifi-tp-link-tl-wr940n-wireless-n-450mbps\/\"]}]},{\"@type\":\"ImageObject\",\"inLanguage\":\"en-US\",\"@id\":\"https:\/\/thanhphatpc.com\/bo-phat-wifi-tp-link-tl-wr940n-wireless-n-450mbps\/#primaryimage\",\"url\":\"https:\/\/thanhphatpc.com\/wp-content\/uploads\/2022\/04\/1.jpg\",\"contentUrl\":\"https:\/\/thanhphatpc.com\/wp-content\/uploads\/2022\/04\/1.jpg\",\"width\":850,\"height\":850},{\"@type\":\"BreadcrumbList\",\"@id\":\"https:\/\/thanhphatpc.com\/bo-phat-wifi-tp-link-tl-wr940n-wireless-n-450mbps\/#breadcrumb\",\"itemListElement\":[{\"@type\":\"ListItem\",\"position\":1,\"name\":\"Trang ch\u1ee7\",\"item\":\"https:\/\/thanhphatpc.com\/\"},{\"@type\":\"ListItem\",\"position\":2,\"name\":\"C\u1eeda h\u00e0ng\",\"item\":\"https:\/\/thanhphatpc.com\/cua-hang\/\"},{\"@type\":\"ListItem\",\"position\":3,\"name\":\"B\u1ed9 ph\u00e1t wifi TP-Link TL-WR940N Wireless N 450Mbps\"}]},{\"@type\":\"WebSite\",\"@id\":\"https:\/\/thanhphatpc.com\/#website\",\"url\":\"https:\/\/thanhphatpc.com\/\",\"name\":\"ThanhPhat PC\",\"description\":\"D\u1ecbch v\u1ee5 ho\u00e0n h\u1ea3o\",\"potentialAction\":[{\"@type\":\"SearchAction\",\"target\":{\"@type\":\"EntryPoint\",\"urlTemplate\":\"https:\/\/thanhphatpc.com\/?s={search_term_string}\"},\"query-input\":{\"@type\":\"PropertyValueSpecification\",\"valueRequired\":true,\"valueName\":\"search_term_string\"}}],\"inLanguage\":\"en-US\"}]}<\/script>\n<!-- \/ Yoast SEO plugin. -->","yoast_head_json":{"title":"B\u1ed9 ph\u00e1t wifi TP-Link TL-WR940N Wireless N 450Mbps - ThanhPhat PC","robots":{"index":"index","follow":"follow","max-snippet":"max-snippet:-1","max-image-preview":"max-image-preview:large","max-video-preview":"max-video-preview:-1"},"canonical":"https:\/\/thanhphatpc.com\/en\/bo-phat-wifi-tp-link-tl-wr940n-wireless-n-450mbps\/","og_locale":"en_US","og_type":"article","og_title":"B\u1ed9 ph\u00e1t wifi TP-Link TL-WR940N Wireless N 450Mbps - ThanhPhat PC","og_description":"B\u0103ng t\u1ea7n h\u1ed7 tr\u1ee3: 2.4 GHz  Chu\u1ea9n k\u1ebft n\u1ed1i: 802.11 b\/g\/n  T\u1ed1c \u0111\u1ed9 2.4GHz: 450Mbps  \u0102ng ten: 3x ngo\u00e0i \/ 5 dBi  T\u1ed1c \u0111\u1ed9 kh\u00f4ng d\u00e2y l\u00ean \u0111\u1ebfn 450Mbps, r\u1ea5t thu\u1eadn l\u1ee3i \u0111\u1ec3 s\u1eed d\u1ee5ng cho c\u00e1c \u1ee9ng d\u1ee5ng nha\u0323y b\u0103ng th\u00f4ng nh\u01b0 xem video HD tr\u1ef1c tuy\u1ebfn  Ba \u0103ng ten g\u1eafn ngo\u00e0i t\u0103ng c\u01b0\u01a1\u0300ng hi\u00ea\u0323u su\u00e2\u0301t va\u0300 s\u01b0\u0323 \u00f4\u0309n \u0111i\u0323nh cu\u0309a k\u00ea\u0301t n\u00f4\u0301i kh\u00f4ng d\u00e2y  C\u00e0i \u0111\u1eb7t m\u00e3 h\u00f3a b\u1ea3o m\u1eadt kh\u00f4ng d\u00e2y d\u1ec5 d\u00e0ng b\u1eb1ng c\u00e1ch nh\u1ea5n n\u00fat WPS  Ki\u1ec3m so\u00e1t b\u0103ng th\u00f4ng d\u1ef1a tr\u00ean IP cho ph\u00e9p ng\u01b0\u1eddi qu\u1ea3n tr\u1ecb m\u1ea1ng c\u00f3 th\u1ec3 quy\u1ebft \u0111\u1ecbnh \u0111\u01b0\u1ee3c c\u00f3 bao nhi\u00eau b\u0103ng th\u00f4ng \u0111\u01b0\u1ee3c ph\u00e2n b\u1ed5","og_url":"https:\/\/thanhphatpc.com\/en\/bo-phat-wifi-tp-link-tl-wr940n-wireless-n-450mbps\/","og_site_name":"ThanhPhat PC","og_image":[{"width":850,"height":850,"url":"https:\/\/thanhphatpc.com\/wp-content\/uploads\/2022\/04\/1.jpg","type":"image\/jpeg"}],"twitter_card":"summary_large_image","twitter_misc":{"Est. reading time":"5 minutes"},"schema":{"@context":"https:\/\/schema.org","@graph":[{"@type":"WebPage","@id":"https:\/\/thanhphatpc.com\/bo-phat-wifi-tp-link-tl-wr940n-wireless-n-450mbps\/","url":"https:\/\/thanhphatpc.com\/bo-phat-wifi-tp-link-tl-wr940n-wireless-n-450mbps\/","name":"B\u1ed9 ph\u00e1t wifi TP-Link TL-WR940N Wireless N 450Mbps - ThanhPhat PC","isPartOf":{"@id":"https:\/\/thanhphatpc.com\/#website"},"primaryImageOfPage":{"@id":"https:\/\/thanhphatpc.com\/bo-phat-wifi-tp-link-tl-wr940n-wireless-n-450mbps\/#primaryimage"},"image":{"@id":"https:\/\/thanhphatpc.com\/bo-phat-wifi-tp-link-tl-wr940n-wireless-n-450mbps\/#primaryimage"},"thumbnailUrl":"https:\/\/thanhphatpc.com\/wp-content\/uploads\/2022\/04\/1.jpg","datePublished":"2022-04-07T10:37:14+00:00","dateModified":"2022-04-07T10:37:14+00:00","breadcrumb":{"@id":"https:\/\/thanhphatpc.com\/bo-phat-wifi-tp-link-tl-wr940n-wireless-n-450mbps\/#breadcrumb"},"inLanguage":"en-US","potentialAction":[{"@type":"ReadAction","target":["https:\/\/thanhphatpc.com\/bo-phat-wifi-tp-link-tl-wr940n-wireless-n-450mbps\/"]}]},{"@type":"ImageObject","inLanguage":"en-US","@id":"https:\/\/thanhphatpc.com\/bo-phat-wifi-tp-link-tl-wr940n-wireless-n-450mbps\/#primaryimage","url":"https:\/\/thanhphatpc.com\/wp-content\/uploads\/2022\/04\/1.jpg","contentUrl":"https:\/\/thanhphatpc.com\/wp-content\/uploads\/2022\/04\/1.jpg","width":850,"height":850},{"@type":"BreadcrumbList","@id":"https:\/\/thanhphatpc.com\/bo-phat-wifi-tp-link-tl-wr940n-wireless-n-450mbps\/#breadcrumb","itemListElement":[{"@type":"ListItem","position":1,"name":"Trang ch\u1ee7","item":"https:\/\/thanhphatpc.com\/"},{"@type":"ListItem","position":2,"name":"C\u1eeda h\u00e0ng","item":"https:\/\/thanhphatpc.com\/cua-hang\/"},{"@type":"ListItem","position":3,"name":"B\u1ed9 ph\u00e1t wifi TP-Link TL-WR940N Wireless N 450Mbps"}]},{"@type":"WebSite","@id":"https:\/\/thanhphatpc.com\/#website","url":"https:\/\/thanhphatpc.com\/","name":"ThanhPhat PC","description":"D\u1ecbch v\u1ee5 ho\u00e0n h\u1ea3o","potentialAction":[{"@type":"SearchAction","target":{"@type":"EntryPoint","urlTemplate":"https:\/\/thanhphatpc.com\/?s={search_term_string}"},"query-input":{"@type":"PropertyValueSpecification","valueRequired":true,"valueName":"search_term_string"}}],"inLanguage":"en-US"}]}},"_links":{"self":[{"href":"https:\/\/thanhphatpc.com\/en\/wp-json\/wp\/v2\/product\/9319","targetHints":{"allow":["GET"]}}],"collection":[{"href":"https:\/\/thanhphatpc.com\/en\/wp-json\/wp\/v2\/product"}],"about":[{"href":"https:\/\/thanhphatpc.com\/en\/wp-json\/wp\/v2\/types\/product"}],"replies":[{"embeddable":true,"href":"https:\/\/thanhphatpc.com\/en\/wp-json\/wp\/v2\/comments?post=9319"}],"wp:featuredmedia":[{"embeddable":true,"href":"https:\/\/thanhphatpc.com\/en\/wp-json\/wp\/v2\/media\/9320"}],"wp:attachment":[{"href":"https:\/\/thanhphatpc.com\/en\/wp-json\/wp\/v2\/media?parent=9319"}],"wp:term":[{"taxonomy":"product_cat","embeddable":true,"href":"https:\/\/thanhphatpc.com\/en\/wp-json\/wp\/v2\/product_cat?post=9319"},{"taxonomy":"product_tag","embeddable":true,"href":"https:\/\/thanhphatpc.com\/en\/wp-json\/wp\/v2\/product_tag?post=9319"}],"curies":[{"name":"wp","href":"https:\/\/api.w.org\/{rel}","templated":true}]}}