{"id":9321,"date":"2022-04-07T19:30:28","date_gmt":"2022-04-07T12:30:28","guid":{"rendered":"https:\/\/thanhphatpc.com\/?post_type=product&#038;p=9321"},"modified":"2023-10-19T16:24:35","modified_gmt":"2023-10-19T09:24:35","slug":"bo-phat-wifi-tp-link-tl-wr820n-wireless-n300mbps","status":"publish","type":"product","link":"https:\/\/thanhphatpc.com\/en\/bo-phat-wifi-tp-link-tl-wr820n-wireless-n300mbps\/","title":{"rendered":"B\u1ed9 ph\u00e1t wifi TP-Link TL-WR820N Wireless N300Mbps"},"content":{"rendered":"<h2 class=\"ddnb-title spct-title\">\u0110\u00e1nh gi\u00e1 B\u1ed9 ph\u00e1t wifi TP-Link TL-WR820N Wireless N300Mbps | HACOM<\/h2>\n<h3 class=\"regular\"><strong><img loading=\"lazy\" decoding=\"async\" class=\"loading\" src=\"https:\/\/hanoicomputercdn.com\/media\/lib\/50225_router-wifi-tp-link-tl-wr820n-wireless-n300mbps_1.png\" alt=\"B\u1ed9 ph\u00e1t wifi TP-Link TL-WR820N Wireless N300Mbps\" width=\"1600\" height=\"808\" data-was-processed=\"true\" \/><\/strong><\/h3>\n<h3 class=\"regular\"><strong>T\u1ed1c \u0111\u1ed9 cao \u2013 300Mbps<\/strong><\/h3>\n<p><strong><img loading=\"lazy\" decoding=\"async\" class=\"loading\" src=\"https:\/\/hanoicomputercdn.com\/media\/lib\/50225_router-wifi-tp-link-tl-wr820n-wireless-n300mbps_2.png\" alt=\"B\u1ed9 ph\u00e1t wifi TP-Link TL-WR820N Wireless N300Mbps 1\" width=\"1600\" height=\"721\" data-was-processed=\"true\" \/><\/strong><\/p>\n<p><strong>TL-WR820N<\/strong>\u00a0ho\u00e0n to\u00e0n t\u01b0\u01a1ng th\u00edch v\u1edbi chu\u1ea9n 802.11b\/g\/n, cung c\u1ea5p k\u1ebft n\u1ed1i Wi-Fi t\u1ed1c \u0111\u1ed9 cao, gi\u1edd \u0111\u00e2y b\u1ea1n ho\u00e0n to\u00e0n c\u00f3 th\u1ec3 d\u1ec5 d\u00e0ng t\u1eadn h\u01b0\u1edfng m\u1ea1ng Wi-Fi 300Mbps cho c\u00e1c \u1ee9ng d\u1ee5ng gia \u0111\u00ecnh nh\u01b0 coi video HD online, ch\u01a1i game online ho\u1eb7c t\u1ea3i v\u1ec1 c\u00e1c t\u1eadp tin dung l\u01b0\u1ee3ng l\u1edbn.<\/p>\n<h3 class=\"regular\"><strong>T\u00edn Hi\u1ec7u M\u1ea1nh \u2013 V\u00f9ng Ph\u1ee7 R\u1ed9ng L\u1edbn<\/strong><\/h3>\n<p><strong><img loading=\"lazy\" decoding=\"async\" class=\"loading\" src=\"https:\/\/hanoicomputercdn.com\/media\/lib\/50225_router-wifi-tp-link-tl-wr820n-wireless-n300mbps_3.png\" alt=\"B\u1ed9 ph\u00e1t wifi TP-Link TL-WR820N Wireless N300Mbps 2\" width=\"1600\" height=\"673\" data-was-processed=\"true\" \/><\/strong><\/p>\n<p>S\u1ee1 h\u1eefu hai \u0103ng ten ngo\u00e0i 5dBi m\u1ea1nh m\u1ebd c\u00f9ng v\u1edbi c\u00f4ng ngh\u1ec7 2&#215;2 MIMO,\u00a0<strong>TL-WR820N<\/strong>\u00a0d\u1ec5 d\u00e0ng mang \u0111\u1ebfn cho b\u1ea1n k\u1ebft n\u1ed1i t\u1ed1c \u0111\u1ed9 cao v\u1edbi v\u00f9ng ph\u1ee7 r\u1ed9ng l\u1edbn.<\/p>\n<h3 class=\"regular\"><strong>H\u1ed7 tr\u1ee3 IPTV m\u01b0\u1ee3t m\u00e0<\/strong><\/h3>\n<p><strong>TL-WR820N<\/strong>\u00a0h\u1ed7 tr\u1ee3 IGMP Proxy\/ Snooping v\u00e0 Tag VLAN gi\u00fap b\u1ea1n d\u1ec5 d\u00e0ng t\u1eadn h\u01b0\u1edfng d\u1ecbch v\u1ee5 IPTV t\u1ed1c \u0111\u1ed9 cao m\u01b0\u1ee3t m\u00e0 h\u01a1n.<\/p>\n<h3 class=\"regular\"><strong>M\u1ea1ng kh\u00e1ch<\/strong><\/h3>\n<p>M\u1ea1ng Kh\u00e1ch \u0111em l\u1ea1i s\u1ef1 an to\u00e0n cho h\u1ec7 th\u1ed1ng m\u1ea1ng gia \u0111\u00ecnh c\u1ee7a b\u1ea1n. Chia s\u1ebb, nh\u01b0ng lu\u00f4n b\u1ea3o m\u1eadt.<\/p>\n<h3 class=\"regular\"><strong>Thi\u1ebft k\u1ebf cao c\u1ea5p<\/strong><\/h3>\n<p>B\u1ed9 ph\u00e1t wifi\u00a0TP-Link TL-WR820N s\u1edf h\u1eefu ki\u1ec3u d\u00e1ng thanh l\u1ecbch v\u00e0 sang tr\u1ecdng, ho\u00e0n to\u00e0n ph\u00f9 h\u1ee3p v\u1edbi thi\u1ebft k\u1ebf ng\u00f4i nh\u00e0 c\u1ee7a b\u1ea1n. M\u1eb7t t\u1ea3n nhi\u1ec7t ph\u00eda tr\u00ean s\u1ebd gi\u00fap thi\u1ebft b\u1ecb c\u00f3 th\u1ec3 ho\u1ea1t \u0111\u1ed9ng b\u1ec1n b\u1ec9 v\u1edbi hi\u1ec7u su\u1ea5t \u1ed5n \u0111\u1ecbnh trong th\u1eddi gian d\u00e0i.<\/p>\n<h3 class=\"regular\"><strong>T\u01b0\u01a1ng th\u00edch IPv6<\/strong><\/h3>\n<p><strong><img loading=\"lazy\" decoding=\"async\" class=\"loading\" src=\"https:\/\/hanoicomputercdn.com\/media\/lib\/50225_router-wifi-tp-link-tl-wr820n-wireless-n300mbps_5.png\" alt=\"B\u1ed9 ph\u00e1t wifi TP-Link TL-WR820N Wireless N300Mbps 3\" width=\"1600\" height=\"628\" data-was-processed=\"true\" \/><\/strong><\/p>\n<p>T\u01b0\u01a1ng th\u00edch v\u1edbi giao th\u1ee9c IPv6 \u2013 S\u1eb5n s\u00e0ng cho tr\u1ea3i nghi\u1ec7m trong t\u01b0\u01a1ng lai.<\/p>","protected":false},"excerpt":{"rendered":"<ul id=\"js-tskt-item\" class=\"product-summary-item-ul d-flex flex-wrap mb-0\">\n<li>Router Wi-Fi Chu\u1ea9n N T\u1ed1c \u0110\u1ed9 300Mbps<\/li>\n<li>T\u1ed1c \u0111\u1ed9 Wi-Fi l\u00ean \u0111\u1ebfn 300Mbps l\u00fd t\u01b0\u1edfng cho c\u00f4ng vi\u1ec7c v\u00e0 gi\u1ea3i tr\u00ed<\/li>\n<li>IPTV: h\u1ed7 tr\u1ee3 IGMP Proxy\/Snooping, Bridge v\u00e0 Tag VLAN t\u1ed1i \u01b0u h\u00f3a lu\u1ed3ng IPTV c\u1ee7a b\u1ea1n<\/li>\n<li>T\u01b0\u01a1ng th\u00edch v\u1edbi IPv6 (Giao th\u1ee9c Internet phi\u00ean b\u1ea3n 6)<\/li>\n<li>M\u1ea1ng kh\u00e1ch cung c\u1ea5p truy c\u1eadp ri\u00eang bi\u1ec7t cho kh\u00e1ch, \u0111\u1ea3m b\u1ea3o t\u00ednh b\u1ea3o m\u1eadt cho m\u1ea1ng ch\u00ednh<\/li>\n<li>Quy\u1ec1n ki\u1ec3m so\u00e1t c\u1ee7a ph\u1ee5 huynh qu\u1ea3n l\u00fd th\u1eddi gian v\u00e0 c\u00e1ch th\u1ee9c truy c\u1eadp Internet c\u1ee7a c\u00e1c thi\u1ebft b\u1ecb<\/li>\n<li>Giao th\u1ee9c b\u1ea3o m\u1eadt b\u1ea3o v\u1ec7 m\u1ea1ng gia \u0111\u00ecnh c\u1ee7a b\u1ea1n th\u00f4ng qua t\u01b0\u1eddng l\u1eeda v\u00e0 m\u00e3 h\u00f3a m\u1ea1ng kh\u00f4ng d\u00e2y<\/li>\n<\/ul>","protected":false},"featured_media":9322,"comment_status":"open","ping_status":"closed","template":"","meta":{"_acf_changed":false},"product_cat":[402],"product_tag":[],"class_list":{"0":"post-9321","1":"product","2":"type-product","3":"status-publish","4":"has-post-thumbnail","6":"product_cat-tp-link","8":"first","9":"instock","10":"shipping-taxable","11":"purchasable","12":"product-type-simple"},"acf":[],"yoast_head":"<!-- This site is optimized with the Yoast SEO plugin v23.8 - https:\/\/yoast.com\/wordpress\/plugins\/seo\/ -->\n<title>B\u1ed9 ph\u00e1t wifi TP-Link TL-WR820N Wireless N300Mbps - ThanhPhat PC<\/title>\n<meta name=\"robots\" content=\"index, follow, max-snippet:-1, max-image-preview:large, max-video-preview:-1\" \/>\n<link rel=\"canonical\" href=\"https:\/\/thanhphatpc.com\/en\/bo-phat-wifi-tp-link-tl-wr820n-wireless-n300mbps\/\" \/>\n<meta property=\"og:locale\" content=\"en_US\" \/>\n<meta property=\"og:type\" content=\"article\" \/>\n<meta property=\"og:title\" content=\"B\u1ed9 ph\u00e1t wifi TP-Link TL-WR820N Wireless N300Mbps - ThanhPhat PC\" \/>\n<meta property=\"og:description\" content=\"Router Wi-Fi Chu\u1ea9n N T\u1ed1c \u0110\u1ed9 300Mbps  T\u1ed1c \u0111\u1ed9 Wi-Fi l\u00ean \u0111\u1ebfn 300Mbps l\u00fd t\u01b0\u1edfng cho c\u00f4ng vi\u1ec7c v\u00e0 gi\u1ea3i tr\u00ed  IPTV: h\u1ed7 tr\u1ee3 IGMP Proxy\/Snooping, Bridge v\u00e0 Tag VLAN t\u1ed1i \u01b0u h\u00f3a lu\u1ed3ng IPTV c\u1ee7a b\u1ea1n  T\u01b0\u01a1ng th\u00edch v\u1edbi IPv6 (Giao th\u1ee9c Internet phi\u00ean b\u1ea3n 6)  M\u1ea1ng kh\u00e1ch cung c\u1ea5p truy c\u1eadp ri\u00eang bi\u1ec7t cho kh\u00e1ch, \u0111\u1ea3m b\u1ea3o t\u00ednh b\u1ea3o m\u1eadt cho m\u1ea1ng ch\u00ednh  Quy\u1ec1n ki\u1ec3m so\u00e1t c\u1ee7a ph\u1ee5 huynh qu\u1ea3n l\u00fd th\u1eddi gian v\u00e0 c\u00e1ch th\u1ee9c truy c\u1eadp Internet c\u1ee7a c\u00e1c thi\u1ebft b\u1ecb  Giao th\u1ee9c b\u1ea3o m\u1eadt b\u1ea3o v\u1ec7 m\u1ea1ng gia \u0111\u00ecnh c\u1ee7a b\u1ea1n th\u00f4ng qua t\u01b0\u1eddng l\u1eeda v\u00e0 m\u00e3 h\u00f3a m\u1ea1ng kh\u00f4ng d\u00e2y\" \/>\n<meta property=\"og:url\" content=\"https:\/\/thanhphatpc.com\/en\/bo-phat-wifi-tp-link-tl-wr820n-wireless-n300mbps\/\" \/>\n<meta property=\"og:site_name\" content=\"ThanhPhat PC\" \/>\n<meta property=\"article:modified_time\" content=\"2023-10-19T09:24:35+00:00\" \/>\n<meta property=\"og:image\" content=\"https:\/\/thanhphatpc.com\/wp-content\/uploads\/2022\/04\/1-1.jpg\" \/>\n\t<meta property=\"og:image:width\" content=\"850\" \/>\n\t<meta property=\"og:image:height\" content=\"850\" \/>\n\t<meta property=\"og:image:type\" content=\"image\/jpeg\" \/>\n<meta name=\"twitter:card\" content=\"summary_large_image\" \/>\n<meta name=\"twitter:label1\" content=\"Est. reading time\" \/>\n\t<meta name=\"twitter:data1\" content=\"3 minutes\" \/>\n<script type=\"application\/ld+json\" class=\"yoast-schema-graph\">{\"@context\":\"https:\/\/schema.org\",\"@graph\":[{\"@type\":\"WebPage\",\"@id\":\"https:\/\/thanhphatpc.com\/bo-phat-wifi-tp-link-tl-wr820n-wireless-n300mbps\/\",\"url\":\"https:\/\/thanhphatpc.com\/bo-phat-wifi-tp-link-tl-wr820n-wireless-n300mbps\/\",\"name\":\"B\u1ed9 ph\u00e1t wifi TP-Link TL-WR820N Wireless N300Mbps - ThanhPhat PC\",\"isPartOf\":{\"@id\":\"https:\/\/thanhphatpc.com\/#website\"},\"primaryImageOfPage\":{\"@id\":\"https:\/\/thanhphatpc.com\/bo-phat-wifi-tp-link-tl-wr820n-wireless-n300mbps\/#primaryimage\"},\"image\":{\"@id\":\"https:\/\/thanhphatpc.com\/bo-phat-wifi-tp-link-tl-wr820n-wireless-n300mbps\/#primaryimage\"},\"thumbnailUrl\":\"https:\/\/thanhphatpc.com\/wp-content\/uploads\/2022\/04\/1-1.jpg\",\"datePublished\":\"2022-04-07T12:30:28+00:00\",\"dateModified\":\"2023-10-19T09:24:35+00:00\",\"breadcrumb\":{\"@id\":\"https:\/\/thanhphatpc.com\/bo-phat-wifi-tp-link-tl-wr820n-wireless-n300mbps\/#breadcrumb\"},\"inLanguage\":\"en-US\",\"potentialAction\":[{\"@type\":\"ReadAction\",\"target\":[\"https:\/\/thanhphatpc.com\/bo-phat-wifi-tp-link-tl-wr820n-wireless-n300mbps\/\"]}]},{\"@type\":\"ImageObject\",\"inLanguage\":\"en-US\",\"@id\":\"https:\/\/thanhphatpc.com\/bo-phat-wifi-tp-link-tl-wr820n-wireless-n300mbps\/#primaryimage\",\"url\":\"https:\/\/thanhphatpc.com\/wp-content\/uploads\/2022\/04\/1-1.jpg\",\"contentUrl\":\"https:\/\/thanhphatpc.com\/wp-content\/uploads\/2022\/04\/1-1.jpg\",\"width\":850,\"height\":850},{\"@type\":\"BreadcrumbList\",\"@id\":\"https:\/\/thanhphatpc.com\/bo-phat-wifi-tp-link-tl-wr820n-wireless-n300mbps\/#breadcrumb\",\"itemListElement\":[{\"@type\":\"ListItem\",\"position\":1,\"name\":\"Trang ch\u1ee7\",\"item\":\"https:\/\/thanhphatpc.com\/\"},{\"@type\":\"ListItem\",\"position\":2,\"name\":\"C\u1eeda h\u00e0ng\",\"item\":\"https:\/\/thanhphatpc.com\/cua-hang\/\"},{\"@type\":\"ListItem\",\"position\":3,\"name\":\"B\u1ed9 ph\u00e1t wifi TP-Link TL-WR820N Wireless N300Mbps\"}]},{\"@type\":\"WebSite\",\"@id\":\"https:\/\/thanhphatpc.com\/#website\",\"url\":\"https:\/\/thanhphatpc.com\/\",\"name\":\"ThanhPhat PC\",\"description\":\"D\u1ecbch v\u1ee5 ho\u00e0n h\u1ea3o\",\"potentialAction\":[{\"@type\":\"SearchAction\",\"target\":{\"@type\":\"EntryPoint\",\"urlTemplate\":\"https:\/\/thanhphatpc.com\/?s={search_term_string}\"},\"query-input\":{\"@type\":\"PropertyValueSpecification\",\"valueRequired\":true,\"valueName\":\"search_term_string\"}}],\"inLanguage\":\"en-US\"}]}<\/script>\n<!-- \/ Yoast SEO plugin. -->","yoast_head_json":{"title":"B\u1ed9 ph\u00e1t wifi TP-Link TL-WR820N Wireless N300Mbps - ThanhPhat PC","robots":{"index":"index","follow":"follow","max-snippet":"max-snippet:-1","max-image-preview":"max-image-preview:large","max-video-preview":"max-video-preview:-1"},"canonical":"https:\/\/thanhphatpc.com\/en\/bo-phat-wifi-tp-link-tl-wr820n-wireless-n300mbps\/","og_locale":"en_US","og_type":"article","og_title":"B\u1ed9 ph\u00e1t wifi TP-Link TL-WR820N Wireless N300Mbps - ThanhPhat PC","og_description":"Router Wi-Fi Chu\u1ea9n N T\u1ed1c \u0110\u1ed9 300Mbps  T\u1ed1c \u0111\u1ed9 Wi-Fi l\u00ean \u0111\u1ebfn 300Mbps l\u00fd t\u01b0\u1edfng cho c\u00f4ng vi\u1ec7c v\u00e0 gi\u1ea3i tr\u00ed  IPTV: h\u1ed7 tr\u1ee3 IGMP Proxy\/Snooping, Bridge v\u00e0 Tag VLAN t\u1ed1i \u01b0u h\u00f3a lu\u1ed3ng IPTV c\u1ee7a b\u1ea1n  T\u01b0\u01a1ng th\u00edch v\u1edbi IPv6 (Giao th\u1ee9c Internet phi\u00ean b\u1ea3n 6)  M\u1ea1ng kh\u00e1ch cung c\u1ea5p truy c\u1eadp ri\u00eang bi\u1ec7t cho kh\u00e1ch, \u0111\u1ea3m b\u1ea3o t\u00ednh b\u1ea3o m\u1eadt cho m\u1ea1ng ch\u00ednh  Quy\u1ec1n ki\u1ec3m so\u00e1t c\u1ee7a ph\u1ee5 huynh qu\u1ea3n l\u00fd th\u1eddi gian v\u00e0 c\u00e1ch th\u1ee9c truy c\u1eadp Internet c\u1ee7a c\u00e1c thi\u1ebft b\u1ecb  Giao th\u1ee9c b\u1ea3o m\u1eadt b\u1ea3o v\u1ec7 m\u1ea1ng gia \u0111\u00ecnh c\u1ee7a b\u1ea1n th\u00f4ng qua t\u01b0\u1eddng l\u1eeda v\u00e0 m\u00e3 h\u00f3a m\u1ea1ng kh\u00f4ng d\u00e2y","og_url":"https:\/\/thanhphatpc.com\/en\/bo-phat-wifi-tp-link-tl-wr820n-wireless-n300mbps\/","og_site_name":"ThanhPhat PC","article_modified_time":"2023-10-19T09:24:35+00:00","og_image":[{"width":850,"height":850,"url":"https:\/\/thanhphatpc.com\/wp-content\/uploads\/2022\/04\/1-1.jpg","type":"image\/jpeg"}],"twitter_card":"summary_large_image","twitter_misc":{"Est. reading time":"3 minutes"},"schema":{"@context":"https:\/\/schema.org","@graph":[{"@type":"WebPage","@id":"https:\/\/thanhphatpc.com\/bo-phat-wifi-tp-link-tl-wr820n-wireless-n300mbps\/","url":"https:\/\/thanhphatpc.com\/bo-phat-wifi-tp-link-tl-wr820n-wireless-n300mbps\/","name":"B\u1ed9 ph\u00e1t wifi TP-Link TL-WR820N Wireless N300Mbps - ThanhPhat PC","isPartOf":{"@id":"https:\/\/thanhphatpc.com\/#website"},"primaryImageOfPage":{"@id":"https:\/\/thanhphatpc.com\/bo-phat-wifi-tp-link-tl-wr820n-wireless-n300mbps\/#primaryimage"},"image":{"@id":"https:\/\/thanhphatpc.com\/bo-phat-wifi-tp-link-tl-wr820n-wireless-n300mbps\/#primaryimage"},"thumbnailUrl":"https:\/\/thanhphatpc.com\/wp-content\/uploads\/2022\/04\/1-1.jpg","datePublished":"2022-04-07T12:30:28+00:00","dateModified":"2023-10-19T09:24:35+00:00","breadcrumb":{"@id":"https:\/\/thanhphatpc.com\/bo-phat-wifi-tp-link-tl-wr820n-wireless-n300mbps\/#breadcrumb"},"inLanguage":"en-US","potentialAction":[{"@type":"ReadAction","target":["https:\/\/thanhphatpc.com\/bo-phat-wifi-tp-link-tl-wr820n-wireless-n300mbps\/"]}]},{"@type":"ImageObject","inLanguage":"en-US","@id":"https:\/\/thanhphatpc.com\/bo-phat-wifi-tp-link-tl-wr820n-wireless-n300mbps\/#primaryimage","url":"https:\/\/thanhphatpc.com\/wp-content\/uploads\/2022\/04\/1-1.jpg","contentUrl":"https:\/\/thanhphatpc.com\/wp-content\/uploads\/2022\/04\/1-1.jpg","width":850,"height":850},{"@type":"BreadcrumbList","@id":"https:\/\/thanhphatpc.com\/bo-phat-wifi-tp-link-tl-wr820n-wireless-n300mbps\/#breadcrumb","itemListElement":[{"@type":"ListItem","position":1,"name":"Trang ch\u1ee7","item":"https:\/\/thanhphatpc.com\/"},{"@type":"ListItem","position":2,"name":"C\u1eeda h\u00e0ng","item":"https:\/\/thanhphatpc.com\/cua-hang\/"},{"@type":"ListItem","position":3,"name":"B\u1ed9 ph\u00e1t wifi TP-Link TL-WR820N Wireless N300Mbps"}]},{"@type":"WebSite","@id":"https:\/\/thanhphatpc.com\/#website","url":"https:\/\/thanhphatpc.com\/","name":"ThanhPhat PC","description":"D\u1ecbch v\u1ee5 ho\u00e0n h\u1ea3o","potentialAction":[{"@type":"SearchAction","target":{"@type":"EntryPoint","urlTemplate":"https:\/\/thanhphatpc.com\/?s={search_term_string}"},"query-input":{"@type":"PropertyValueSpecification","valueRequired":true,"valueName":"search_term_string"}}],"inLanguage":"en-US"}]}},"_links":{"self":[{"href":"https:\/\/thanhphatpc.com\/en\/wp-json\/wp\/v2\/product\/9321","targetHints":{"allow":["GET"]}}],"collection":[{"href":"https:\/\/thanhphatpc.com\/en\/wp-json\/wp\/v2\/product"}],"about":[{"href":"https:\/\/thanhphatpc.com\/en\/wp-json\/wp\/v2\/types\/product"}],"replies":[{"embeddable":true,"href":"https:\/\/thanhphatpc.com\/en\/wp-json\/wp\/v2\/comments?post=9321"}],"wp:featuredmedia":[{"embeddable":true,"href":"https:\/\/thanhphatpc.com\/en\/wp-json\/wp\/v2\/media\/9322"}],"wp:attachment":[{"href":"https:\/\/thanhphatpc.com\/en\/wp-json\/wp\/v2\/media?parent=9321"}],"wp:term":[{"taxonomy":"product_cat","embeddable":true,"href":"https:\/\/thanhphatpc.com\/en\/wp-json\/wp\/v2\/product_cat?post=9321"},{"taxonomy":"product_tag","embeddable":true,"href":"https:\/\/thanhphatpc.com\/en\/wp-json\/wp\/v2\/product_tag?post=9321"}],"curies":[{"name":"wp","href":"https:\/\/api.w.org\/{rel}","templated":true}]}}