{"id":9501,"date":"2022-08-27T16:48:47","date_gmt":"2022-08-27T09:48:47","guid":{"rendered":"https:\/\/thanhphatpc.com\/?post_type=product&#038;p=9501"},"modified":"2024-04-21T16:13:12","modified_gmt":"2024-04-21T09:13:12","slug":"case-may-tinh-tp6-hoc-online-gia-re","status":"publish","type":"product","link":"https:\/\/thanhphatpc.com\/en\/case-may-tinh-tp6-hoc-online-gia-re\/","title":{"rendered":"Case m\u00e1y t\u00ednh TP6 &#8211; h\u1ecdc online gi\u00e1 r\u1ebb"},"content":{"rendered":"<figure id=\"attachment_10163\" aria-describedby=\"caption-attachment-10163\" style=\"width: 944px\" class=\"wp-caption alignnone\"><img loading=\"lazy\" decoding=\"async\" class=\"size-full wp-image-10163\" src=\"https:\/\/thanhphatpc.com\/wp-content\/uploads\/2022\/08\/case-may-tinh-thanh-phat-02.png\" alt=\"case m\u00e1y t\u00ednh th\u00e0nh ph\u00e1t\" width=\"944\" height=\"617\" srcset=\"https:\/\/thanhphatpc.com\/wp-content\/uploads\/2022\/08\/case-may-tinh-thanh-phat-02.png 944w, https:\/\/thanhphatpc.com\/wp-content\/uploads\/2022\/08\/case-may-tinh-thanh-phat-02-510x333.png 510w, https:\/\/thanhphatpc.com\/wp-content\/uploads\/2022\/08\/case-may-tinh-thanh-phat-02-300x196.png 300w, https:\/\/thanhphatpc.com\/wp-content\/uploads\/2022\/08\/case-may-tinh-thanh-phat-02-768x502.png 768w\" sizes=\"auto, (max-width: 944px) 100vw, 944px\" \/><figcaption id=\"caption-attachment-10163\" class=\"wp-caption-text\">case m\u00e1y t\u00ednh th\u00e0nh ph\u00e1t<\/figcaption><\/figure>\n<p>\u2013 Bo m\u1ea1ch ch\u00ednh Asus H81<br \/>\n\u2013 B\u1ed9 nh\u1edb trong Ram III 4GB<br \/>\n\u2013 \u1ed4 c\u1ee9ng SSD 120GB<br \/>\n\u2013 B\u1ed9 vi x\u1eed l\u00ed CPU Core i3 4130<br \/>\n\u2013 Ngu\u1ed3n m\u00e1y t\u00ednh c\u00f4ng su\u1ea5t th\u1ef1c Xigmatek X350<\/p>\n<ul>\n<li>B\u1ea3o h\u00e0nh: 12 th\u00e1ng<\/li>\n<\/ul>","protected":false},"excerpt":{"rendered":"<p>\u2013 Bo m\u1ea1ch ch\u00ednh Asus H81<br \/>\n\u2013 B\u1ed9 nh\u1edb trong Ram III 4GB<br \/>\n\u2013 \u1ed4 c\u1ee9ng SSD 120GB<br \/>\n\u2013 B\u1ed9 vi x\u1eed l\u00ed CPU Core i3 4130<br \/>\n\u2013 Ngu\u1ed3n m\u00e1y t\u00ednh c\u00f4ng su\u1ea5t th\u1ef1c Xigmatek X350<\/p>\n<ul>\n<li>B\u1ea3o h\u00e0nh: 12 th\u00e1ng<\/li>\n<\/ul>","protected":false},"featured_media":10161,"comment_status":"open","ping_status":"closed","template":"","meta":{"_acf_changed":false},"product_cat":[355],"product_tag":[],"class_list":{"0":"post-9501","1":"product","2":"type-product","3":"status-publish","4":"has-post-thumbnail","6":"product_cat-may-tinh-pc","8":"first","9":"instock","10":"sale","11":"shipping-taxable","12":"purchasable","13":"product-type-simple"},"acf":[],"yoast_head":"<!-- This site is optimized with the Yoast SEO plugin v23.8 - https:\/\/yoast.com\/wordpress\/plugins\/seo\/ -->\n<title>Case m\u00e1y t\u00ednh TP6 - h\u1ecdc online gi\u00e1 r\u1ebb - ThanhPhat PC<\/title>\n<meta name=\"description\" content=\"Case m\u00e1y t\u00ednh h\u1ecdc online gi\u00e1 r\u1ebb\" \/>\n<meta name=\"robots\" content=\"index, follow, max-snippet:-1, max-image-preview:large, max-video-preview:-1\" \/>\n<link rel=\"canonical\" href=\"https:\/\/thanhphatpc.com\/en\/case-may-tinh-tp6-hoc-online-gia-re\/\" \/>\n<meta property=\"og:locale\" content=\"en_US\" \/>\n<meta property=\"og:type\" content=\"article\" \/>\n<meta property=\"og:title\" content=\"Case m\u00e1y t\u00ednh TP6 - h\u1ecdc online gi\u00e1 r\u1ebb - ThanhPhat PC\" \/>\n<meta property=\"og:description\" content=\"Case m\u00e1y t\u00ednh h\u1ecdc online gi\u00e1 r\u1ebb\" \/>\n<meta property=\"og:url\" content=\"https:\/\/thanhphatpc.com\/en\/case-may-tinh-tp6-hoc-online-gia-re\/\" \/>\n<meta property=\"og:site_name\" content=\"ThanhPhat PC\" \/>\n<meta property=\"article:modified_time\" content=\"2024-04-21T09:13:12+00:00\" \/>\n<meta property=\"og:image\" content=\"https:\/\/thanhphatpc.com\/wp-content\/uploads\/2022\/08\/case-may-tinh-thanh-phat.png\" \/>\n\t<meta property=\"og:image:width\" content=\"562\" \/>\n\t<meta property=\"og:image:height\" content=\"671\" \/>\n\t<meta property=\"og:image:type\" content=\"image\/png\" \/>\n<meta name=\"twitter:card\" content=\"summary_large_image\" \/>\n<meta name=\"twitter:label1\" content=\"Est. reading time\" \/>\n\t<meta name=\"twitter:data1\" content=\"1 minute\" \/>\n<script type=\"application\/ld+json\" class=\"yoast-schema-graph\">{\"@context\":\"https:\/\/schema.org\",\"@graph\":[{\"@type\":\"WebPage\",\"@id\":\"https:\/\/thanhphatpc.com\/case-may-tinh-tp6-hoc-online-gia-re\/\",\"url\":\"https:\/\/thanhphatpc.com\/case-may-tinh-tp6-hoc-online-gia-re\/\",\"name\":\"Case m\u00e1y t\u00ednh TP6 - h\u1ecdc online gi\u00e1 r\u1ebb - ThanhPhat PC\",\"isPartOf\":{\"@id\":\"https:\/\/thanhphatpc.com\/#website\"},\"primaryImageOfPage\":{\"@id\":\"https:\/\/thanhphatpc.com\/case-may-tinh-tp6-hoc-online-gia-re\/#primaryimage\"},\"image\":{\"@id\":\"https:\/\/thanhphatpc.com\/case-may-tinh-tp6-hoc-online-gia-re\/#primaryimage\"},\"thumbnailUrl\":\"https:\/\/thanhphatpc.com\/wp-content\/uploads\/2022\/08\/case-may-tinh-thanh-phat.png\",\"datePublished\":\"2022-08-27T09:48:47+00:00\",\"dateModified\":\"2024-04-21T09:13:12+00:00\",\"description\":\"Case m\u00e1y t\u00ednh h\u1ecdc online gi\u00e1 r\u1ebb\",\"breadcrumb\":{\"@id\":\"https:\/\/thanhphatpc.com\/case-may-tinh-tp6-hoc-online-gia-re\/#breadcrumb\"},\"inLanguage\":\"en-US\",\"potentialAction\":[{\"@type\":\"ReadAction\",\"target\":[\"https:\/\/thanhphatpc.com\/case-may-tinh-tp6-hoc-online-gia-re\/\"]}]},{\"@type\":\"ImageObject\",\"inLanguage\":\"en-US\",\"@id\":\"https:\/\/thanhphatpc.com\/case-may-tinh-tp6-hoc-online-gia-re\/#primaryimage\",\"url\":\"https:\/\/thanhphatpc.com\/wp-content\/uploads\/2022\/08\/case-may-tinh-thanh-phat.png\",\"contentUrl\":\"https:\/\/thanhphatpc.com\/wp-content\/uploads\/2022\/08\/case-may-tinh-thanh-phat.png\",\"width\":562,\"height\":671,\"caption\":\"case m\u00e1y t\u00ednh th\u00e0nh ph\u00e1t\"},{\"@type\":\"BreadcrumbList\",\"@id\":\"https:\/\/thanhphatpc.com\/case-may-tinh-tp6-hoc-online-gia-re\/#breadcrumb\",\"itemListElement\":[{\"@type\":\"ListItem\",\"position\":1,\"name\":\"Trang ch\u1ee7\",\"item\":\"https:\/\/thanhphatpc.com\/\"},{\"@type\":\"ListItem\",\"position\":2,\"name\":\"C\u1eeda h\u00e0ng\",\"item\":\"https:\/\/thanhphatpc.com\/cua-hang\/\"},{\"@type\":\"ListItem\",\"position\":3,\"name\":\"Case m\u00e1y t\u00ednh TP6 &#8211; h\u1ecdc online gi\u00e1 r\u1ebb\"}]},{\"@type\":\"WebSite\",\"@id\":\"https:\/\/thanhphatpc.com\/#website\",\"url\":\"https:\/\/thanhphatpc.com\/\",\"name\":\"ThanhPhat PC\",\"description\":\"D\u1ecbch v\u1ee5 ho\u00e0n h\u1ea3o\",\"potentialAction\":[{\"@type\":\"SearchAction\",\"target\":{\"@type\":\"EntryPoint\",\"urlTemplate\":\"https:\/\/thanhphatpc.com\/?s={search_term_string}\"},\"query-input\":{\"@type\":\"PropertyValueSpecification\",\"valueRequired\":true,\"valueName\":\"search_term_string\"}}],\"inLanguage\":\"en-US\"}]}<\/script>\n<!-- \/ Yoast SEO plugin. -->","yoast_head_json":{"title":"Case m\u00e1y t\u00ednh TP6 - h\u1ecdc online gi\u00e1 r\u1ebb - ThanhPhat PC","description":"Case m\u00e1y t\u00ednh h\u1ecdc online gi\u00e1 r\u1ebb","robots":{"index":"index","follow":"follow","max-snippet":"max-snippet:-1","max-image-preview":"max-image-preview:large","max-video-preview":"max-video-preview:-1"},"canonical":"https:\/\/thanhphatpc.com\/en\/case-may-tinh-tp6-hoc-online-gia-re\/","og_locale":"en_US","og_type":"article","og_title":"Case m\u00e1y t\u00ednh TP6 - h\u1ecdc online gi\u00e1 r\u1ebb - ThanhPhat PC","og_description":"Case m\u00e1y t\u00ednh h\u1ecdc online gi\u00e1 r\u1ebb","og_url":"https:\/\/thanhphatpc.com\/en\/case-may-tinh-tp6-hoc-online-gia-re\/","og_site_name":"ThanhPhat PC","article_modified_time":"2024-04-21T09:13:12+00:00","og_image":[{"width":562,"height":671,"url":"https:\/\/thanhphatpc.com\/wp-content\/uploads\/2022\/08\/case-may-tinh-thanh-phat.png","type":"image\/png"}],"twitter_card":"summary_large_image","twitter_misc":{"Est. reading time":"1 minute"},"schema":{"@context":"https:\/\/schema.org","@graph":[{"@type":"WebPage","@id":"https:\/\/thanhphatpc.com\/case-may-tinh-tp6-hoc-online-gia-re\/","url":"https:\/\/thanhphatpc.com\/case-may-tinh-tp6-hoc-online-gia-re\/","name":"Case m\u00e1y t\u00ednh TP6 - h\u1ecdc online gi\u00e1 r\u1ebb - ThanhPhat PC","isPartOf":{"@id":"https:\/\/thanhphatpc.com\/#website"},"primaryImageOfPage":{"@id":"https:\/\/thanhphatpc.com\/case-may-tinh-tp6-hoc-online-gia-re\/#primaryimage"},"image":{"@id":"https:\/\/thanhphatpc.com\/case-may-tinh-tp6-hoc-online-gia-re\/#primaryimage"},"thumbnailUrl":"https:\/\/thanhphatpc.com\/wp-content\/uploads\/2022\/08\/case-may-tinh-thanh-phat.png","datePublished":"2022-08-27T09:48:47+00:00","dateModified":"2024-04-21T09:13:12+00:00","description":"Case m\u00e1y t\u00ednh h\u1ecdc online gi\u00e1 r\u1ebb","breadcrumb":{"@id":"https:\/\/thanhphatpc.com\/case-may-tinh-tp6-hoc-online-gia-re\/#breadcrumb"},"inLanguage":"en-US","potentialAction":[{"@type":"ReadAction","target":["https:\/\/thanhphatpc.com\/case-may-tinh-tp6-hoc-online-gia-re\/"]}]},{"@type":"ImageObject","inLanguage":"en-US","@id":"https:\/\/thanhphatpc.com\/case-may-tinh-tp6-hoc-online-gia-re\/#primaryimage","url":"https:\/\/thanhphatpc.com\/wp-content\/uploads\/2022\/08\/case-may-tinh-thanh-phat.png","contentUrl":"https:\/\/thanhphatpc.com\/wp-content\/uploads\/2022\/08\/case-may-tinh-thanh-phat.png","width":562,"height":671,"caption":"case m\u00e1y t\u00ednh th\u00e0nh ph\u00e1t"},{"@type":"BreadcrumbList","@id":"https:\/\/thanhphatpc.com\/case-may-tinh-tp6-hoc-online-gia-re\/#breadcrumb","itemListElement":[{"@type":"ListItem","position":1,"name":"Trang ch\u1ee7","item":"https:\/\/thanhphatpc.com\/"},{"@type":"ListItem","position":2,"name":"C\u1eeda h\u00e0ng","item":"https:\/\/thanhphatpc.com\/cua-hang\/"},{"@type":"ListItem","position":3,"name":"Case m\u00e1y t\u00ednh TP6 &#8211; h\u1ecdc online gi\u00e1 r\u1ebb"}]},{"@type":"WebSite","@id":"https:\/\/thanhphatpc.com\/#website","url":"https:\/\/thanhphatpc.com\/","name":"ThanhPhat PC","description":"D\u1ecbch v\u1ee5 ho\u00e0n h\u1ea3o","potentialAction":[{"@type":"SearchAction","target":{"@type":"EntryPoint","urlTemplate":"https:\/\/thanhphatpc.com\/?s={search_term_string}"},"query-input":{"@type":"PropertyValueSpecification","valueRequired":true,"valueName":"search_term_string"}}],"inLanguage":"en-US"}]}},"_links":{"self":[{"href":"https:\/\/thanhphatpc.com\/en\/wp-json\/wp\/v2\/product\/9501","targetHints":{"allow":["GET"]}}],"collection":[{"href":"https:\/\/thanhphatpc.com\/en\/wp-json\/wp\/v2\/product"}],"about":[{"href":"https:\/\/thanhphatpc.com\/en\/wp-json\/wp\/v2\/types\/product"}],"replies":[{"embeddable":true,"href":"https:\/\/thanhphatpc.com\/en\/wp-json\/wp\/v2\/comments?post=9501"}],"wp:featuredmedia":[{"embeddable":true,"href":"https:\/\/thanhphatpc.com\/en\/wp-json\/wp\/v2\/media\/10161"}],"wp:attachment":[{"href":"https:\/\/thanhphatpc.com\/en\/wp-json\/wp\/v2\/media?parent=9501"}],"wp:term":[{"taxonomy":"product_cat","embeddable":true,"href":"https:\/\/thanhphatpc.com\/en\/wp-json\/wp\/v2\/product_cat?post=9501"},{"taxonomy":"product_tag","embeddable":true,"href":"https:\/\/thanhphatpc.com\/en\/wp-json\/wp\/v2\/product_tag?post=9501"}],"curies":[{"name":"wp","href":"https:\/\/api.w.org\/{rel}","templated":true}]}}