{"id":9504,"date":"2022-08-29T08:18:03","date_gmt":"2022-08-29T01:18:03","guid":{"rendered":"https:\/\/thanhphatpc.com\/?post_type=product&#038;p=9504"},"modified":"2024-04-28T11:40:41","modified_gmt":"2024-04-28T04:40:41","slug":"laptop-hp-240-g8-617l2pa-i5-1135g7-8gb-256gb-ssd-14fhd-vga-on-win11-silver","status":"publish","type":"product","link":"https:\/\/thanhphatpc.com\/en\/laptop-hp-240-g8-617l2pa-i5-1135g7-8gb-256gb-ssd-14fhd-vga-on-win11-silver\/","title":{"rendered":"Laptop HP 240 G8 617L2PA (i5-1135G7\/8GB\/256GB SSD\/14FHD\/VGA ON\/WIN11\/Silver)"},"content":{"rendered":"<h2>Laptop HP 240 G8 617L2PA<\/h2>\n<p><strong>HP 240 G8 617L2PA<\/strong>\u00a0v\u1edbi c\u1ea5u h\u00ecnh \u1ed5n \u0111\u1ecbnh, thi\u1ebft k\u1ebf thanh l\u1ecbch v\u00e0 m\u1ecfng nh\u1eb9, b\u1ea3o m\u1eadt v\u00e2n tay hi\u1ec7n \u0111\u1ea1i l\u00e0 m\u1ed9t l\u1ef1a ch\u1ecdn l\u00ed t\u01b0\u1edfng\u00a0d\u00e0nh cho\u00a0doanh nghi\u1ec7p<\/p>\n<h3>Thi\u1ebft k\u1ebf hi\u1ec7n \u0111\u1ea1i, di \u0111\u1ed9ng, m\u1ecfng nh\u1eb9<\/h3>\n<p><strong>Laptop HP 240 G8<\/strong>\u00a0c\u00f3 thi\u1ebft k\u1ebf trang nh\u00e3, thanh l\u1ecbch nh\u01b0ng kh\u00f4ng k\u00e9m ph\u1ea7n sang tr\u1ecdng, \u0111\u01b0\u1ee3c ph\u1ee7 m\u1ed9t l\u1edbp m\u00e0u\u00a0b\u1ea1c\u00a0c\u00f9ng nh\u1eefng \u0111\u01b0\u1eddng n\u00e9t tinh t\u1ebf cao c\u1ea5p \u0111\u1ea3m b\u1ea3o t\u00ednh th\u1ea9m m\u0129 cao. V\u1edbi ki\u1ec3u d\u00e1ng m\u1ecfng nh\u1eb9\u00a0<strong>HP 240 G8<\/strong>\u00a0t\u1ef1 tin \u0111\u1ed3ng h\u00e0nh c\u00f9ng b\u1ea1n tr\u00ean m\u1ecdi h\u00e0nh tr\u00ecnh.<\/p>\n<figure id=\"attachment_10172\" aria-describedby=\"caption-attachment-10172\" style=\"width: 944px\" class=\"wp-caption aligncenter\"><img loading=\"lazy\" decoding=\"async\" class=\"size-full wp-image-10172\" src=\"https:\/\/thanhphatpc.com\/wp-content\/uploads\/2022\/08\/066.png\" alt=\"laptop hp\" width=\"944\" height=\"616\" srcset=\"https:\/\/thanhphatpc.com\/wp-content\/uploads\/2022\/08\/066.png 944w, https:\/\/thanhphatpc.com\/wp-content\/uploads\/2022\/08\/066-510x333.png 510w, https:\/\/thanhphatpc.com\/wp-content\/uploads\/2022\/08\/066-300x196.png 300w, https:\/\/thanhphatpc.com\/wp-content\/uploads\/2022\/08\/066-768x501.png 768w\" sizes=\"auto, (max-width: 944px) 100vw, 944px\" \/><figcaption id=\"caption-attachment-10172\" class=\"wp-caption-text\">laptop hp<\/figcaption><\/figure>\n<h3>Gi\u1ea3i tr\u00ed trong kh\u00f4ng gian r\u1ed9ng, s\u1ed1ng \u0111\u1ed9ng<\/h3>\n<p>M\u00e0n h\u00ecnh ch\u00ednh l\u00e0 m\u1ed9t \u0111i\u1ec3m m\u1ea1nh tr\u00ean chi\u1ebfc\u00a0<strong>laptop HP 240 G8<\/strong>. V\u1edbi k\u00edch th\u01b0\u1edbc\u00a014.0 inch\u00a0vi\u1ec1n m\u1ecfng 3 c\u1ea1nh v\u00e0 \u0111\u1ed9 ph\u00e2n gi\u1ea3i Full HD (1920 x 1080),\u00a0laptop HP\u00a0cho kh\u00f4ng gian hi\u1ec3n th\u1ecb r\u1ed9ng, h\u00ecnh \u1ea3nh ch\u1ea5t l\u01b0\u1ee3ng, s\u1ed1ng \u0111\u1ed9ng \u0111\u1ec3 b\u1ea1n c\u00f3 \u0111\u01b0\u1ee3c tr\u1ea3i nghi\u1ec7m l\u00e0m vi\u1ec7c v\u00e0 gi\u1ea3i tr\u00ed t\u1ed1t nh\u1ea5t.<\/p>\n<p>M\u00e0n h\u00ecnh c\u00f2n t\u00edch h\u1ee3p t\u1ea5m n\u1ec1n IPS cho g\u00f3c nh\u00ecn l\u00ean \u0111\u1ebfn 178 \u0111\u1ed9, t\u1ee9c l\u00e0 h\u00ecnh \u1ea3nh s\u1ebd kh\u00f4ng b\u1ecb bi\u1ebfn \u0111\u1ed5i cho d\u00f9 b\u1ea1n nh\u00ecn t\u1eeb h\u01b0\u1edbng ch\u00ednh di\u1ec7n hay nh\u00ecn nghi\u00eang. C\u00f9ng v\u1edbi \u0111\u00f3 l\u00e0 c\u00f4ng ngh\u1ec7 ch\u1ed1ng ch\u00f3i Anti Glare gi\u00fap m\u00e0n h\u00ecnh kh\u00f4ng b\u1ecb m\u1edd, nh\u00f2e khi s\u1eed d\u1ee5ng ngo\u00e0i n\u1eafng.<\/p>\n<p>T\u1eadn h\u01b0\u1edfng kh\u00f4ng gian \u00e2m thanh c\u1ef1c s\u1ed1ng \u0111\u1ed9ng v\u1edbi loa k\u00e9p k\u1ebft h\u1ee3p v\u1edbi c\u00f4ng ngh\u1ec7 Realtek High Definition Audio tinh ch\u1ec9nh \u00e2m thanh trong tr\u1ebbo, khu\u1ebfch \u0111\u1ea1i \u00e2m thanh to m\u00e0 kh\u00f4ng l\u00e0m gi\u1ea3m \u0111i ch\u1ea5t l\u01b0\u1ee3ng \u00e2m.<\/p>\n<figure id=\"attachment_10173\" aria-describedby=\"caption-attachment-10173\" style=\"width: 944px\" class=\"wp-caption aligncenter\"><img loading=\"lazy\" decoding=\"async\" class=\"size-full wp-image-10173\" src=\"https:\/\/thanhphatpc.com\/wp-content\/uploads\/2022\/08\/055.png\" alt=\"laptop hp\" width=\"944\" height=\"616\" srcset=\"https:\/\/thanhphatpc.com\/wp-content\/uploads\/2022\/08\/055.png 944w, https:\/\/thanhphatpc.com\/wp-content\/uploads\/2022\/08\/055-510x333.png 510w, https:\/\/thanhphatpc.com\/wp-content\/uploads\/2022\/08\/055-300x196.png 300w, https:\/\/thanhphatpc.com\/wp-content\/uploads\/2022\/08\/055-768x501.png 768w\" sizes=\"auto, (max-width: 944px) 100vw, 944px\" \/><figcaption id=\"caption-attachment-10173\" class=\"wp-caption-text\">laptop hp<\/figcaption><\/figure>\n<h3>Hi\u1ec7u n\u0103ng m\u1ea1nh m\u1ebd, thao t\u00e1c m\u01b0\u1ee3t m\u00e0<\/h3>\n<p><strong>HP\u00a0240 G8 617L2PA<\/strong>\u00a0\u0111\u01b0\u1ee3c trang b\u1ecb chip\u00a0Intel Core i5\u00a0c\u00f3 l\u00f5i k\u00e9p t\u1ed1i \u01b0u n\u0103ng l\u01b0\u1ee3ng, ho\u1ea1t \u0111\u1ed9ng \u1ed5n \u0111\u1ecbnh, \u0111\u00e1p \u1ee9ng nhu c\u1ea7u v\u0103n ph\u00f2ng, h\u1ecdc t\u1eadp v\u00e0 l\u01b0\u1edbt web, xung nh\u1ecbp trung b\u00ecnh kho\u1ea3ng 2.40 GHz, t\u1ed1i \u0111a 4.20 GHz khi \u00e9p xung b\u1eb1ng Turbo Boost. C\u00f9ng v\u1edbi \u0111\u00f3 l\u00e0\u00a0RAM 4GB\u00a0DDR4 cho kh\u1ea3 n\u0103ng \u0111a nhi\u1ec7m \u1ed5n \u0111\u1ecbnh, kh\u00f4ng x\u1ea3y ra hi\u1ec7n t\u01b0\u1ee3ng gi\u1eadt lag khi m\u1edf nhi\u1ec1u \u1ee9ng d\u1ee5ng \u0111\u1ed3ng th\u1eddi. M\u00e1y c\u00f3 h\u1ed7 tr\u1ee3 RAM, b\u1ea1n c\u00f3 th\u1ec3 t\u1ef1 n\u00e2ng c\u1ea5p t\u1ed1i \u0111a 32GB khi c\u1ea7n.<\/p>\n<p>\u1ed4 c\u1ee9ng SSD 512GB\u00a0NVMe PCIe cho b\u1ea1n t\u1ed1c \u0111\u1ed9 l\u00e0m vi\u1ec7c nhanh ch\u00f3ng, m\u01b0\u1ee3t m\u00e0 khi m\u00e1y ph\u1ea3n h\u1ed3i c\u1ef1c nhanh, ti\u1ebft ki\u1ec7m \u0111\u01b0\u1ee3c nhi\u1ec1u th\u1eddi gian ch\u1edd \u0111\u1ee3i.<\/p>\n<p>&nbsp;<\/p>\n<h3>T\u1ed1i \u01b0u cho l\u00e0m vi\u1ec7c v\u00e0 h\u1ecdc t\u1eadp online<\/h3>\n<p><strong>HP 240 G8<\/strong>\u00a0trang b\u1ecb cho b\u1ea1n nh\u1eefng linh ki\u1ec7n h\u00e0ng \u0111\u1ea7u \u0111\u1ec3 cu\u1ed9c h\u1ecdp qua video di\u1ec5n ra v\u1edbi ch\u1ea5t l\u01b0\u1ee3ng t\u1ed1t nh\u1ea5t. Webcam HD gi\u00fap h\u00ecnh \u1ea3nh lu\u00f4n hi\u1ec3n th\u1ecb r\u00f5 n\u00e9t, micro \u0111\u01b0\u1ee3c kh\u1eed \u1ed3n th\u00f4ng minh, cho \u00e2m thanh trong tr\u1ebbo, \u0111\u1ea3m b\u1ea3o ch\u1ea5t l\u01b0\u1ee3ng c\u1ea3 \u00e2m thanh \u0111\u1ea7u v\u00e0o v\u00e0 \u0111\u1ea7u ra. Nh\u1eefng cu\u1ed9c h\u1ecdp tr\u1ef1c tuy\u1ebfn v\u00e0 l\u1edbp h\u1ecdc Online c\u1ee7a b\u1ea1n s\u1ebd c\u00f3 hi\u1ec7u qu\u1ea3 cao h\u01a1n bao gi\u1edd h\u1ebft.<\/p>\n<p>B\u00e0n ph\u00edm ti\u00eau chu\u1ea9n c\u1ee7a<strong>\u00a0HP 240 G8<\/strong>\u00a0v\u1edbi kho\u1ea3ng c\u00e1ch h\u1ee3p l\u00fd gi\u1eefa c\u00e1c ph\u00edm, h\u00e0nh tr\u00ecnh ph\u00edm \u0111\u1ee7 s\u00e2u v\u00e0 ph\u00edm b\u1ea5m \u00eam t\u1ea1o c\u1ea3m gi\u00e1c tho\u1ea3i m\u00e1i khi nh\u1eadp li\u1ec7u. Touchpad c\u00f3 di\u1ec7n t\u00edch r\u1ed9ng r\u00e3i gi\u00fap tr\u1ea3i nghi\u1ec7m k\u00e9o th\u1ea3, cu\u1ed9n trang tho\u1ea3i m\u00e1i, kh\u00f4ng b\u1ecb \u0111\u1ee9t qu\u00e3ng.<\/p>\n<p>&nbsp;<\/p>\n<h3>\u0110\u1ea7y \u0111\u1ee7 c\u1ed5ng k\u1ebft n\u1ed1i c\u1ea7n thi\u1ebft<\/h3>\n<p>Chi\u1ebfc\u00a0<strong>laptop HP 240 G8\u00a0617L2PA<\/strong>\u00a0n\u00e0y c\u00f3 \u0111\u1ea7y \u0111\u1ee7 nh\u1eefng c\u1ed5ng giao ti\u1ebfp c\u1ea7n thi\u1ebft cho c\u00f4ng vi\u1ec7c c\u1ee7a b\u1ea1n. M\u00e1y c\u00f3 c\u00e1c c\u1ed5ng USB 3.1, c\u1ed5ng HDMI v\u00e0 c\u1ed5ng USB Type-C cho ph\u00e9p truy\u1ec1n d\u1eef li\u1ec7u t\u1ed1c \u0111\u1ed9 cao v\u00e0 t\u01b0\u01a1ng th\u00edch v\u1edbi nhi\u1ec1u thi\u1ebft b\u1ecb ph\u1ed5 bi\u1ebfn hi\u1ec7n nay.<\/p>\n<p>V\u1edbi chu\u1ea9n Wifi v\u00e0 Bluetooth, c\u00e1c k\u1ebft n\u1ed1i kh\u00f4ng d\u00e2y c\u1ee7a\u00a0<strong>HP 240 G8<\/strong>\u00a0c\u0169ng r\u1ea5t \u1ed5n \u0111\u1ecbnh, \u0111\u1ee7 \u0111\u1ec3 h\u1ecdc t\u1eadp tr\u1ef1c tuy\u1ebfn, gi\u1ea3i tr\u00ed li\u00ean t\u1ee5c m\u00e0 kh\u00f4ng lo b\u1ecb gi\u00e1n \u0111o\u1ea1n \u0111\u01b0\u1eddng truy\u1ec1n Internet.<\/p>","protected":false},"excerpt":{"rendered":"<ul class=\"ul\">\n<li>\n<h3>&#8211; B\u00f4\u0323 VXL: Core i5 1135G7 2.4Ghz-8Mb<\/h3>\n<\/li>\n<li><i class=\"before\"><\/i><br \/>\n<h3>&#8211; C\u1ea1c \u0111\u1ed3 h\u1ecda: Intel\u00ae Iris\u00ae Xe Graphics30<\/h3>\n<\/li>\n<li><i class=\"before\"><\/i><br \/>\n<h3>&#8211; B\u1ed9 nh\u1edb: 8GB<\/h3>\n<\/li>\n<li><i class=\"before\"><\/i><br \/>\n<h3>&#8211; \u1ed4 c\u1ee9ng\/ \u1ed4 \u0111\u0129a quang: 256GB SSD M.2 NVMe<\/h3>\n<\/li>\n<li><i class=\"before\"><\/i><br \/>\n<h3>&#8211; M\u00e0n h\u00ecnh: 14.0Inch Full HD<\/h3>\n<\/li>\n<li><i class=\"before\"><\/i><br \/>\n<h3>&#8211; H\u1ec7 \u0111i\u1ec1u h\u00e0nh: Windows 11 Home<\/h3>\n<\/li>\n<li><i class=\"before\"><\/i><br \/>\n<h3>&#8211; Ma\u0300u s\u0103\u0301c\/ Ch\u00e2\u0301t li\u00ea\u0323u: Silver<\/h3>\n<\/li>\n<\/ul>","protected":false},"featured_media":10174,"comment_status":"open","ping_status":"closed","template":"","meta":{"_acf_changed":false},"product_cat":[360],"product_tag":[],"class_list":{"0":"post-9504","1":"product","2":"type-product","3":"status-publish","4":"has-post-thumbnail","6":"product_cat-hp","8":"first","9":"instock","10":"sale","11":"shipping-taxable","12":"purchasable","13":"product-type-simple"},"acf":[],"yoast_head":"<!-- This site is optimized with the Yoast SEO plugin v23.8 - https:\/\/yoast.com\/wordpress\/plugins\/seo\/ -->\n<title>Laptop HP 240 G8 617L2PA (i5-1135G7\/8GB\/256GB SSD\/14FHD\/VGA ON\/WIN11\/Silver) - ThanhPhat PC<\/title>\n<meta name=\"description\" content=\"Laptop k\u1ebf to\u00e1n\" \/>\n<meta name=\"robots\" content=\"index, follow, max-snippet:-1, max-image-preview:large, max-video-preview:-1\" \/>\n<link rel=\"canonical\" href=\"https:\/\/thanhphatpc.com\/en\/laptop-hp-240-g8-617l2pa-i5-1135g7-8gb-256gb-ssd-14fhd-vga-on-win11-silver\/\" \/>\n<meta property=\"og:locale\" content=\"en_US\" \/>\n<meta property=\"og:type\" content=\"article\" \/>\n<meta property=\"og:title\" content=\"Laptop HP 240 G8 617L2PA (i5-1135G7\/8GB\/256GB SSD\/14FHD\/VGA ON\/WIN11\/Silver) - ThanhPhat PC\" \/>\n<meta property=\"og:description\" content=\"Laptop k\u1ebf to\u00e1n\" \/>\n<meta property=\"og:url\" content=\"https:\/\/thanhphatpc.com\/en\/laptop-hp-240-g8-617l2pa-i5-1135g7-8gb-256gb-ssd-14fhd-vga-on-win11-silver\/\" \/>\n<meta property=\"og:site_name\" content=\"ThanhPhat PC\" \/>\n<meta property=\"article:modified_time\" content=\"2024-04-28T04:40:41+00:00\" \/>\n<meta property=\"og:image\" content=\"https:\/\/thanhphatpc.com\/wp-content\/uploads\/2022\/08\/05-1.png\" \/>\n\t<meta property=\"og:image:width\" content=\"563\" \/>\n\t<meta property=\"og:image:height\" content=\"671\" \/>\n\t<meta property=\"og:image:type\" content=\"image\/png\" \/>\n<meta name=\"twitter:card\" content=\"summary_large_image\" \/>\n<meta name=\"twitter:label1\" content=\"Est. reading time\" \/>\n\t<meta name=\"twitter:data1\" content=\"5 minutes\" \/>\n<script type=\"application\/ld+json\" class=\"yoast-schema-graph\">{\"@context\":\"https:\/\/schema.org\",\"@graph\":[{\"@type\":\"WebPage\",\"@id\":\"https:\/\/thanhphatpc.com\/laptop-hp-240-g8-617l2pa-i5-1135g7-8gb-256gb-ssd-14fhd-vga-on-win11-silver\/\",\"url\":\"https:\/\/thanhphatpc.com\/laptop-hp-240-g8-617l2pa-i5-1135g7-8gb-256gb-ssd-14fhd-vga-on-win11-silver\/\",\"name\":\"Laptop HP 240 G8 617L2PA (i5-1135G7\/8GB\/256GB SSD\/14FHD\/VGA ON\/WIN11\/Silver) - ThanhPhat PC\",\"isPartOf\":{\"@id\":\"https:\/\/thanhphatpc.com\/#website\"},\"primaryImageOfPage\":{\"@id\":\"https:\/\/thanhphatpc.com\/laptop-hp-240-g8-617l2pa-i5-1135g7-8gb-256gb-ssd-14fhd-vga-on-win11-silver\/#primaryimage\"},\"image\":{\"@id\":\"https:\/\/thanhphatpc.com\/laptop-hp-240-g8-617l2pa-i5-1135g7-8gb-256gb-ssd-14fhd-vga-on-win11-silver\/#primaryimage\"},\"thumbnailUrl\":\"https:\/\/thanhphatpc.com\/wp-content\/uploads\/2022\/08\/05-1.png\",\"datePublished\":\"2022-08-29T01:18:03+00:00\",\"dateModified\":\"2024-04-28T04:40:41+00:00\",\"description\":\"Laptop k\u1ebf to\u00e1n\",\"breadcrumb\":{\"@id\":\"https:\/\/thanhphatpc.com\/laptop-hp-240-g8-617l2pa-i5-1135g7-8gb-256gb-ssd-14fhd-vga-on-win11-silver\/#breadcrumb\"},\"inLanguage\":\"en-US\",\"potentialAction\":[{\"@type\":\"ReadAction\",\"target\":[\"https:\/\/thanhphatpc.com\/laptop-hp-240-g8-617l2pa-i5-1135g7-8gb-256gb-ssd-14fhd-vga-on-win11-silver\/\"]}]},{\"@type\":\"ImageObject\",\"inLanguage\":\"en-US\",\"@id\":\"https:\/\/thanhphatpc.com\/laptop-hp-240-g8-617l2pa-i5-1135g7-8gb-256gb-ssd-14fhd-vga-on-win11-silver\/#primaryimage\",\"url\":\"https:\/\/thanhphatpc.com\/wp-content\/uploads\/2022\/08\/05-1.png\",\"contentUrl\":\"https:\/\/thanhphatpc.com\/wp-content\/uploads\/2022\/08\/05-1.png\",\"width\":563,\"height\":671,\"caption\":\"Laptop HP\"},{\"@type\":\"BreadcrumbList\",\"@id\":\"https:\/\/thanhphatpc.com\/laptop-hp-240-g8-617l2pa-i5-1135g7-8gb-256gb-ssd-14fhd-vga-on-win11-silver\/#breadcrumb\",\"itemListElement\":[{\"@type\":\"ListItem\",\"position\":1,\"name\":\"Trang ch\u1ee7\",\"item\":\"https:\/\/thanhphatpc.com\/\"},{\"@type\":\"ListItem\",\"position\":2,\"name\":\"C\u1eeda h\u00e0ng\",\"item\":\"https:\/\/thanhphatpc.com\/cua-hang\/\"},{\"@type\":\"ListItem\",\"position\":3,\"name\":\"Laptop HP 240 G8 617L2PA (i5-1135G7\/8GB\/256GB SSD\/14FHD\/VGA ON\/WIN11\/Silver)\"}]},{\"@type\":\"WebSite\",\"@id\":\"https:\/\/thanhphatpc.com\/#website\",\"url\":\"https:\/\/thanhphatpc.com\/\",\"name\":\"ThanhPhat PC\",\"description\":\"D\u1ecbch v\u1ee5 ho\u00e0n h\u1ea3o\",\"potentialAction\":[{\"@type\":\"SearchAction\",\"target\":{\"@type\":\"EntryPoint\",\"urlTemplate\":\"https:\/\/thanhphatpc.com\/?s={search_term_string}\"},\"query-input\":{\"@type\":\"PropertyValueSpecification\",\"valueRequired\":true,\"valueName\":\"search_term_string\"}}],\"inLanguage\":\"en-US\"}]}<\/script>\n<!-- \/ Yoast SEO plugin. -->","yoast_head_json":{"title":"Laptop HP 240 G8 617L2PA (i5-1135G7\/8GB\/256GB SSD\/14FHD\/VGA ON\/WIN11\/Silver) - ThanhPhat PC","description":"Laptop k\u1ebf to\u00e1n","robots":{"index":"index","follow":"follow","max-snippet":"max-snippet:-1","max-image-preview":"max-image-preview:large","max-video-preview":"max-video-preview:-1"},"canonical":"https:\/\/thanhphatpc.com\/en\/laptop-hp-240-g8-617l2pa-i5-1135g7-8gb-256gb-ssd-14fhd-vga-on-win11-silver\/","og_locale":"en_US","og_type":"article","og_title":"Laptop HP 240 G8 617L2PA (i5-1135G7\/8GB\/256GB SSD\/14FHD\/VGA ON\/WIN11\/Silver) - ThanhPhat PC","og_description":"Laptop k\u1ebf to\u00e1n","og_url":"https:\/\/thanhphatpc.com\/en\/laptop-hp-240-g8-617l2pa-i5-1135g7-8gb-256gb-ssd-14fhd-vga-on-win11-silver\/","og_site_name":"ThanhPhat PC","article_modified_time":"2024-04-28T04:40:41+00:00","og_image":[{"width":563,"height":671,"url":"https:\/\/thanhphatpc.com\/wp-content\/uploads\/2022\/08\/05-1.png","type":"image\/png"}],"twitter_card":"summary_large_image","twitter_misc":{"Est. reading time":"5 minutes"},"schema":{"@context":"https:\/\/schema.org","@graph":[{"@type":"WebPage","@id":"https:\/\/thanhphatpc.com\/laptop-hp-240-g8-617l2pa-i5-1135g7-8gb-256gb-ssd-14fhd-vga-on-win11-silver\/","url":"https:\/\/thanhphatpc.com\/laptop-hp-240-g8-617l2pa-i5-1135g7-8gb-256gb-ssd-14fhd-vga-on-win11-silver\/","name":"Laptop HP 240 G8 617L2PA (i5-1135G7\/8GB\/256GB SSD\/14FHD\/VGA ON\/WIN11\/Silver) - ThanhPhat PC","isPartOf":{"@id":"https:\/\/thanhphatpc.com\/#website"},"primaryImageOfPage":{"@id":"https:\/\/thanhphatpc.com\/laptop-hp-240-g8-617l2pa-i5-1135g7-8gb-256gb-ssd-14fhd-vga-on-win11-silver\/#primaryimage"},"image":{"@id":"https:\/\/thanhphatpc.com\/laptop-hp-240-g8-617l2pa-i5-1135g7-8gb-256gb-ssd-14fhd-vga-on-win11-silver\/#primaryimage"},"thumbnailUrl":"https:\/\/thanhphatpc.com\/wp-content\/uploads\/2022\/08\/05-1.png","datePublished":"2022-08-29T01:18:03+00:00","dateModified":"2024-04-28T04:40:41+00:00","description":"Laptop k\u1ebf to\u00e1n","breadcrumb":{"@id":"https:\/\/thanhphatpc.com\/laptop-hp-240-g8-617l2pa-i5-1135g7-8gb-256gb-ssd-14fhd-vga-on-win11-silver\/#breadcrumb"},"inLanguage":"en-US","potentialAction":[{"@type":"ReadAction","target":["https:\/\/thanhphatpc.com\/laptop-hp-240-g8-617l2pa-i5-1135g7-8gb-256gb-ssd-14fhd-vga-on-win11-silver\/"]}]},{"@type":"ImageObject","inLanguage":"en-US","@id":"https:\/\/thanhphatpc.com\/laptop-hp-240-g8-617l2pa-i5-1135g7-8gb-256gb-ssd-14fhd-vga-on-win11-silver\/#primaryimage","url":"https:\/\/thanhphatpc.com\/wp-content\/uploads\/2022\/08\/05-1.png","contentUrl":"https:\/\/thanhphatpc.com\/wp-content\/uploads\/2022\/08\/05-1.png","width":563,"height":671,"caption":"Laptop HP"},{"@type":"BreadcrumbList","@id":"https:\/\/thanhphatpc.com\/laptop-hp-240-g8-617l2pa-i5-1135g7-8gb-256gb-ssd-14fhd-vga-on-win11-silver\/#breadcrumb","itemListElement":[{"@type":"ListItem","position":1,"name":"Trang ch\u1ee7","item":"https:\/\/thanhphatpc.com\/"},{"@type":"ListItem","position":2,"name":"C\u1eeda h\u00e0ng","item":"https:\/\/thanhphatpc.com\/cua-hang\/"},{"@type":"ListItem","position":3,"name":"Laptop HP 240 G8 617L2PA (i5-1135G7\/8GB\/256GB SSD\/14FHD\/VGA ON\/WIN11\/Silver)"}]},{"@type":"WebSite","@id":"https:\/\/thanhphatpc.com\/#website","url":"https:\/\/thanhphatpc.com\/","name":"ThanhPhat PC","description":"D\u1ecbch v\u1ee5 ho\u00e0n h\u1ea3o","potentialAction":[{"@type":"SearchAction","target":{"@type":"EntryPoint","urlTemplate":"https:\/\/thanhphatpc.com\/?s={search_term_string}"},"query-input":{"@type":"PropertyValueSpecification","valueRequired":true,"valueName":"search_term_string"}}],"inLanguage":"en-US"}]}},"_links":{"self":[{"href":"https:\/\/thanhphatpc.com\/en\/wp-json\/wp\/v2\/product\/9504","targetHints":{"allow":["GET"]}}],"collection":[{"href":"https:\/\/thanhphatpc.com\/en\/wp-json\/wp\/v2\/product"}],"about":[{"href":"https:\/\/thanhphatpc.com\/en\/wp-json\/wp\/v2\/types\/product"}],"replies":[{"embeddable":true,"href":"https:\/\/thanhphatpc.com\/en\/wp-json\/wp\/v2\/comments?post=9504"}],"wp:featuredmedia":[{"embeddable":true,"href":"https:\/\/thanhphatpc.com\/en\/wp-json\/wp\/v2\/media\/10174"}],"wp:attachment":[{"href":"https:\/\/thanhphatpc.com\/en\/wp-json\/wp\/v2\/media?parent=9504"}],"wp:term":[{"taxonomy":"product_cat","embeddable":true,"href":"https:\/\/thanhphatpc.com\/en\/wp-json\/wp\/v2\/product_cat?post=9504"},{"taxonomy":"product_tag","embeddable":true,"href":"https:\/\/thanhphatpc.com\/en\/wp-json\/wp\/v2\/product_tag?post=9504"}],"curies":[{"name":"wp","href":"https:\/\/api.w.org\/{rel}","templated":true}]}}