{"id":9505,"date":"2022-08-29T08:28:15","date_gmt":"2022-08-29T01:28:15","guid":{"rendered":"https:\/\/thanhphatpc.com\/?post_type=product&#038;p=9505"},"modified":"2024-04-28T11:38:02","modified_gmt":"2024-04-28T04:38:02","slug":"laptop-hp-14s-cf2527tu-4k4a1pa-i3-10110u-8gb-256gb-ssd-14inch-vga-on-win10-silver","status":"publish","type":"product","link":"https:\/\/thanhphatpc.com\/en\/laptop-hp-14s-cf2527tu-4k4a1pa-i3-10110u-8gb-256gb-ssd-14inch-vga-on-win10-silver\/","title":{"rendered":"Laptop HP 14s-cf2527TU 4K4A1PA (I3-10110U\/ 8GB\/ 256GB SSD\/ 14inch\/ VGA ON\/ Win10\/ Silver)"},"content":{"rendered":"<h2>Laptop HP 14s-cf2527TU 4K4A1PA<\/h2>\n<p><strong>HP 14s-cf2527TU 4K4A1PA<\/strong>\u00a0c\u00f3 c\u1ea5u h\u00ecnh v\u1eeba \u0111\u1ee7 cho nhu c\u1ea7u l\u00e0m vi\u1ec7c\u00a0v\u0103n ph\u00f2ng v\u00e0 h\u1ecdc t\u1eadp, thu\u1ed9c ph\u00e2n kh\u00fac t\u1ea7m trung ph\u00f9 h\u1ee3p v\u1edbi c\u00e1c b\u1ea1n sinh vi\u00ean v\u00e0 nh\u00e2n vi\u00ean v\u0103n ph\u00f2ng.<\/p>\n<h3>Thi\u1ebft k\u1ebf g\u1ecdn nh\u1eb9 v\u1edbi m\u00e0u b\u1ea1c thanh l\u1ecbch<\/h3>\n<p><strong>Laptop HP 14s<\/strong>\u00a0\u0111\u01b0\u1ee3c l\u00e0m t\u1eeb ch\u1ea5t li\u1ec7u nh\u1ef1a cao c\u1ea5p, gam m\u00e0u b\u1ea1c s\u00e1ng b\u00f3ng k\u00e8m theo logo\u00a0HP\u00a0n\u1ed5i b\u1eadt v\u00e0 \u0111\u1eb7c tr\u01b0ng. \u0110\u01b0\u1eddng n\u00e9t g\u00f3c c\u1ea1nh \u0111\u01b0\u1ee3c bo tr\u00f2n m\u1ed9t c\u00e1ch tinh t\u1ebf t\u1ea1o n\u00ean c\u1ea3m gi\u00e1c tho\u1ea3i m\u00e1i khi s\u1eed d\u1ee5ng.<\/p>\n<p>V\u1edbi thi\u1ebft k\u1ebf m\u1ecfng nh\u1eb9 r\u1ea5t th\u00edch h\u1ee3p \u0111\u1ec3 b\u1ea1n mang theo \u0111i l\u00e0m, \u0111i h\u1ecdc hay \u0111i c\u00e0 ph\u00ea,\u00a0latop\u00a0\u0111\u00f3ng vai tr\u00f2 l\u00e0 m\u1ed9t ng\u01b0\u1eddi b\u1ea1n \u0111\u1ed3ng h\u00e0nh linh ho\u1ea1t v\u00e0 tr\u1ebb trung.<\/p>\n<figure id=\"attachment_10172\" aria-describedby=\"caption-attachment-10172\" style=\"width: 944px\" class=\"wp-caption aligncenter\"><img loading=\"lazy\" decoding=\"async\" class=\"size-full wp-image-10172\" src=\"https:\/\/thanhphatpc.com\/wp-content\/uploads\/2022\/08\/066.png\" alt=\"laptop hp\" width=\"944\" height=\"616\" srcset=\"https:\/\/thanhphatpc.com\/wp-content\/uploads\/2022\/08\/066.png 944w, https:\/\/thanhphatpc.com\/wp-content\/uploads\/2022\/08\/066-510x333.png 510w, https:\/\/thanhphatpc.com\/wp-content\/uploads\/2022\/08\/066-300x196.png 300w, https:\/\/thanhphatpc.com\/wp-content\/uploads\/2022\/08\/066-768x501.png 768w\" sizes=\"auto, (max-width: 944px) 100vw, 944px\" \/><figcaption id=\"caption-attachment-10172\" class=\"wp-caption-text\">laptop hp<\/figcaption><\/figure>\n<h3>M\u00e0n h\u00ecnh ti\u00eau chu\u1ea9n, h\u00ecnh \u1ea3nh s\u1eafc n\u00e9t<\/h3>\n<p>Laptop HP\u00a0kh\u00f4ng ch\u1ec9 c\u00f3 vi\u1ec1n m\u1ecfng thanh tho\u00e1t m\u00e0 c\u00f2n s\u1edf h\u1eefu m\u00e0u s\u1eafc r\u1ea5t ch\u00ednh x\u00e1c. B\u1ea1n s\u1ebd c\u00f3 m\u1ed9t laptop\u00a0m\u00e0n h\u00ecnh 14.0 inch\u00a0t\u00edch h\u1ee3p c\u00f4ng ngh\u1ec7 LED Backlit gi\u00fap hi\u1ec3n th\u1ecb h\u00ecnh \u1ea3nh s\u1eafc n\u00e9t mang \u0111\u1ebfn ch\u1ea5t l\u01b0\u1ee3ng h\u00ecnh \u1ea3nh t\u01b0\u01a1i s\u00e1ng, s\u1ed1ng \u0111\u1ed9ng cho b\u1ea1n l\u00e0m vi\u1ec7c v\u00e0 gi\u1ea3i tr\u00ed hi\u1ec7u qu\u1ea3 h\u01a1n.<\/p>\n<p>&nbsp;<\/p>\n<p>Khi mua\u00a0<strong>HP 14s<\/strong>\u00a0b\u1ea1n s\u1ebd kh\u00f4ng c\u1ea7n ph\u1ea3i lo \u0111\u1ebfn v\u1ea5n \u0111\u1ec1 ph\u1ea7n m\u1ec1m khi laptop \u0111\u00e3 \u0111\u01b0\u1ee3c c\u00e0i s\u1eb5n Windows 10 b\u1ea3n quy\u1ec1n. H\u1ec7 \u0111i\u1ec1u h\u00e0nh Microsoft v\u1edbi nh\u1eefng b\u1ea3n c\u1eadp nh\u1eadt ph\u1ea7n m\u1ec1m, v\u00e1 l\u1ed7i th\u01b0\u1eddng xuy\u00ean v\u00e0 t\u00ednh n\u0103ng di\u1ec7t virus Windows Defender gi\u00fap b\u1ea1n ho\u00e0n to\u00e0n y\u00ean t\u00e2m trong su\u1ed1t qu\u00e1 tr\u00ecnh s\u1eed d\u1ee5ng.<\/p>\n<h3>C\u1ea5u h\u00ecnh t\u1ed1t ph\u1ee5c v\u1ee5 cho m\u1ecdi t\u00e1c v\u1ee5 v\u0103n ph\u00f2ng<\/h3>\n<p><strong>HP 14s-cf2527TU 4K4A1PA<\/strong>\u00a0s\u1edf h\u1eefu c\u1ea5u h\u00ecnh c\u1ef1c t\u1ed1t trong t\u1ea7m gi\u00e1 khi trang b\u1ecb b\u1ed9 vi x\u1eed l\u00ed\u00a0Core i3\u00a0th\u1ebf h\u1ec7 10 t\u1eeb Intel c\u00f9ng\u00a04GB RAM\u00a0\u0111\u00e1p \u1ee9ng c\u00f4ng vi\u1ec7c h\u1eb1ng ng\u00e0y tr\u00ean c\u00e1c t\u00e1c v\u1ee5 v\u0103n ph\u00f2ng nh\u01b0 Word, Excel,&#8230; m\u1ed9t c\u00e1ch m\u01b0\u1ee3t m\u00e0. B\u00ean c\u1ea1nh \u0111\u00f3 c\u0169ng c\u00f3 th\u1ec3 k\u1ebft h\u1ee3p \u0111\u1ed3ng th\u1eddi l\u01b0\u1edbt web, nghe nh\u1ea1c \u0111\u1ec3 th\u01b0 gi\u00e3n.<\/p>\n<p>Card \u0111\u1ed3 h\u1ecda t\u00edch h\u1ee3p \u0111\u1ee7 \u0111\u1ec3 b\u1ea1n x\u1eed l\u00fd t\u1ed1t nh\u1eefng ph\u1ea7n m\u1ec1m \u0111\u1ed3 h\u1ecda nh\u1eb9 hay ch\u01a1i c\u00e1c t\u1ef1a game eSports. D\u00f9 thu\u1ed9c ph\u00e2n kh\u00fac\u00a0latop trong t\u1ea7m gi\u00e1 t\u1eeb 10 tri\u1ec7u \u0111\u1ebfn 15 tri\u1ec7u, nh\u01b0ng\u00a0<strong>HP 14s<\/strong>\u00a0v\u1eabn \u0111\u01b0\u1ee3c trang b\u1ecb\u00a0\u1ed5 c\u1ee9ng SSD 256GB. \u1ed4 c\u1ee9ng SSD kh\u00f4ng ch\u1ec9 cho kh\u00f4ng gian l\u01b0u tr\u1eef r\u1ed9ng l\u1edbn m\u00e0 c\u00f2n cho t\u1ed1c \u0111\u1ed9 thao t\u00e1c nhanh ch\u00f3ng, th\u1eddi gian kh\u1edfi \u0111\u1ed9ng c\u1ef1c ng\u1eafn ch\u01b0a t\u1edbi 20 gi\u00e2y, ch\u1ea1y c\u00e1c \u1ee9ng d\u1ee5ng trong t\u00edch t\u1eafc, t\u0103ng n\u0103ng su\u1ea5t l\u00e0m vi\u1ec7c c\u1ee7a m\u00e1y t\u00ednh.<\/p>\n<figure id=\"attachment_10173\" aria-describedby=\"caption-attachment-10173\" style=\"width: 944px\" class=\"wp-caption aligncenter\"><img loading=\"lazy\" decoding=\"async\" class=\"size-full wp-image-10173\" src=\"https:\/\/thanhphatpc.com\/wp-content\/uploads\/2022\/08\/055.png\" alt=\"laptop hp\" width=\"944\" height=\"616\" srcset=\"https:\/\/thanhphatpc.com\/wp-content\/uploads\/2022\/08\/055.png 944w, https:\/\/thanhphatpc.com\/wp-content\/uploads\/2022\/08\/055-510x333.png 510w, https:\/\/thanhphatpc.com\/wp-content\/uploads\/2022\/08\/055-300x196.png 300w, https:\/\/thanhphatpc.com\/wp-content\/uploads\/2022\/08\/055-768x501.png 768w\" sizes=\"auto, (max-width: 944px) 100vw, 944px\" \/><figcaption id=\"caption-attachment-10173\" class=\"wp-caption-text\">laptop hp<\/figcaption><\/figure>\n<h3>K\u1ebft n\u1ed1i \u0111\u1ea7y \u0111\u1ee7, ti\u1ec7n l\u1ee3i<\/h3>\n<p><strong>HP 14s-cf2527TU 4K4A1PA<\/strong>\u00a0c\u00f2n h\u1ed7 tr\u1ee3 \u0111\u1ea7y \u0111\u1ee7 c\u00e1c c\u1ed5ng k\u1ebft n\u1ed1i th\u00f4ng d\u1ee5ng \u0111\u1ec3 nh\u1eadp xu\u1ea5t d\u1eef li\u1ec7u d\u1ec5 d\u00e0ng h\u01a1n, thu\u1eadn ti\u1ec7n s\u1eed d\u1ee5ng v\u1edbi\u00a0chu\u1ed9t, b\u00e0n ph\u00edm\u00a0r\u1eddi ho\u1eb7c c\u00e1c thi\u1ebft b\u1ecb tr\u00ecnh chi\u1ebfu kh\u00e1c \u0111\u1ec3 thuy\u1ebft tr\u00ecnh nh\u01b0: c\u1ed5ng USB 3.1 Gen 1, c\u1ed5ng HDMI, c\u1ed5ng USB 3.1 Type-C,&#8230; v\u00e0 c\u00e1c k\u1ebft n\u1ed1i kh\u00f4ng d\u00e2y kh\u00e1c: Bluetooth 4.2, Wi-Fi 802.11.<\/p>\n<p><img decoding=\"async\" class=\"aligncenter\" src=\"https:\/\/phucanhcdn.com\/media\/product\/39372_hp_14s_silver_ha1s1.jpg\" alt=\"\" \/><\/p>","protected":false},"excerpt":{"rendered":"<ul class=\"ul\">\n<li>\n<h3>&#8211; B\u00f4\u0323 VXL: Core i3 10110U 2.1Ghz-4Mb<\/h3>\n<\/li>\n<li><i class=\"before\"><\/i><br \/>\n<h3>&#8211; C\u1ea1c \u0111\u1ed3 h\u1ecda: Intel Graphics UHD<\/h3>\n<\/li>\n<li><i class=\"before\"><\/i><br \/>\n<h3>&#8211; B\u1ed9 nh\u1edb: 8GB<\/h3>\n<\/li>\n<li><i class=\"before\"><\/i><br \/>\n<h3>&#8211; \u1ed4 c\u1ee9ng\/ \u1ed4 \u0111\u0129a quang: 256GB SSD PCIe NVMe (M.2 2280)<\/h3>\n<\/li>\n<li><i class=\"before\"><\/i><br \/>\n<h3>&#8211; M\u00e0n h\u00ecnh: 14.0Inch<\/h3>\n<\/li>\n<li><i class=\"before\"><\/i><br \/>\n<h3>&#8211; H\u1ec7 \u0111i\u1ec1u h\u00e0nh: Windows 10 Home<\/h3>\n<\/li>\n<li><i class=\"before\"><\/i><br \/>\n<h3>&#8211; Ma\u0300u s\u0103\u0301c\/ Ch\u00e2\u0301t li\u00ea\u0323u: Silver<\/h3>\n<\/li>\n<\/ul>","protected":false},"featured_media":10170,"comment_status":"open","ping_status":"closed","template":"","meta":{"_acf_changed":false},"product_cat":[360],"product_tag":[],"class_list":{"0":"post-9505","1":"product","2":"type-product","3":"status-publish","4":"has-post-thumbnail","6":"product_cat-hp","8":"first","9":"instock","10":"shipping-taxable","11":"purchasable","12":"product-type-simple"},"acf":[],"yoast_head":"<!-- This site is optimized with the Yoast SEO plugin v23.8 - https:\/\/yoast.com\/wordpress\/plugins\/seo\/ -->\n<title>Laptop HP 14s-cf2527TU 4K4A1PA (I3-10110U\/ 8GB\/ 256GB SSD\/ 14inch\/ VGA ON\/ Win10\/ Silver) - ThanhPhat PC<\/title>\n<meta name=\"description\" content=\"Laptop v\u0103n ph\u00f2ng\" \/>\n<meta name=\"robots\" content=\"index, follow, max-snippet:-1, max-image-preview:large, max-video-preview:-1\" \/>\n<link rel=\"canonical\" href=\"https:\/\/thanhphatpc.com\/en\/laptop-hp-14s-cf2527tu-4k4a1pa-i3-10110u-8gb-256gb-ssd-14inch-vga-on-win10-silver\/\" \/>\n<meta property=\"og:locale\" content=\"en_US\" \/>\n<meta property=\"og:type\" content=\"article\" \/>\n<meta property=\"og:title\" content=\"Laptop HP 14s-cf2527TU 4K4A1PA (I3-10110U\/ 8GB\/ 256GB SSD\/ 14inch\/ VGA ON\/ Win10\/ Silver) - ThanhPhat PC\" \/>\n<meta property=\"og:description\" content=\"Laptop v\u0103n ph\u00f2ng\" \/>\n<meta property=\"og:url\" content=\"https:\/\/thanhphatpc.com\/en\/laptop-hp-14s-cf2527tu-4k4a1pa-i3-10110u-8gb-256gb-ssd-14inch-vga-on-win10-silver\/\" \/>\n<meta property=\"og:site_name\" content=\"ThanhPhat PC\" \/>\n<meta property=\"article:modified_time\" content=\"2024-04-28T04:38:02+00:00\" \/>\n<meta property=\"og:image\" content=\"https:\/\/thanhphatpc.com\/wp-content\/uploads\/2022\/08\/05.png\" \/>\n\t<meta property=\"og:image:width\" content=\"563\" \/>\n\t<meta property=\"og:image:height\" content=\"671\" \/>\n\t<meta property=\"og:image:type\" content=\"image\/png\" \/>\n<meta name=\"twitter:card\" content=\"summary_large_image\" \/>\n<meta name=\"twitter:label1\" content=\"Est. reading time\" \/>\n\t<meta name=\"twitter:data1\" content=\"4 minutes\" \/>\n<script type=\"application\/ld+json\" class=\"yoast-schema-graph\">{\"@context\":\"https:\/\/schema.org\",\"@graph\":[{\"@type\":\"WebPage\",\"@id\":\"https:\/\/thanhphatpc.com\/laptop-hp-14s-cf2527tu-4k4a1pa-i3-10110u-8gb-256gb-ssd-14inch-vga-on-win10-silver\/\",\"url\":\"https:\/\/thanhphatpc.com\/laptop-hp-14s-cf2527tu-4k4a1pa-i3-10110u-8gb-256gb-ssd-14inch-vga-on-win10-silver\/\",\"name\":\"Laptop HP 14s-cf2527TU 4K4A1PA (I3-10110U\/ 8GB\/ 256GB SSD\/ 14inch\/ VGA ON\/ Win10\/ Silver) - ThanhPhat PC\",\"isPartOf\":{\"@id\":\"https:\/\/thanhphatpc.com\/#website\"},\"primaryImageOfPage\":{\"@id\":\"https:\/\/thanhphatpc.com\/laptop-hp-14s-cf2527tu-4k4a1pa-i3-10110u-8gb-256gb-ssd-14inch-vga-on-win10-silver\/#primaryimage\"},\"image\":{\"@id\":\"https:\/\/thanhphatpc.com\/laptop-hp-14s-cf2527tu-4k4a1pa-i3-10110u-8gb-256gb-ssd-14inch-vga-on-win10-silver\/#primaryimage\"},\"thumbnailUrl\":\"https:\/\/thanhphatpc.com\/wp-content\/uploads\/2022\/08\/05.png\",\"datePublished\":\"2022-08-29T01:28:15+00:00\",\"dateModified\":\"2024-04-28T04:38:02+00:00\",\"description\":\"Laptop v\u0103n ph\u00f2ng\",\"breadcrumb\":{\"@id\":\"https:\/\/thanhphatpc.com\/laptop-hp-14s-cf2527tu-4k4a1pa-i3-10110u-8gb-256gb-ssd-14inch-vga-on-win10-silver\/#breadcrumb\"},\"inLanguage\":\"en-US\",\"potentialAction\":[{\"@type\":\"ReadAction\",\"target\":[\"https:\/\/thanhphatpc.com\/laptop-hp-14s-cf2527tu-4k4a1pa-i3-10110u-8gb-256gb-ssd-14inch-vga-on-win10-silver\/\"]}]},{\"@type\":\"ImageObject\",\"inLanguage\":\"en-US\",\"@id\":\"https:\/\/thanhphatpc.com\/laptop-hp-14s-cf2527tu-4k4a1pa-i3-10110u-8gb-256gb-ssd-14inch-vga-on-win10-silver\/#primaryimage\",\"url\":\"https:\/\/thanhphatpc.com\/wp-content\/uploads\/2022\/08\/05.png\",\"contentUrl\":\"https:\/\/thanhphatpc.com\/wp-content\/uploads\/2022\/08\/05.png\",\"width\":563,\"height\":671,\"caption\":\"laptop hp\"},{\"@type\":\"BreadcrumbList\",\"@id\":\"https:\/\/thanhphatpc.com\/laptop-hp-14s-cf2527tu-4k4a1pa-i3-10110u-8gb-256gb-ssd-14inch-vga-on-win10-silver\/#breadcrumb\",\"itemListElement\":[{\"@type\":\"ListItem\",\"position\":1,\"name\":\"Trang ch\u1ee7\",\"item\":\"https:\/\/thanhphatpc.com\/\"},{\"@type\":\"ListItem\",\"position\":2,\"name\":\"C\u1eeda h\u00e0ng\",\"item\":\"https:\/\/thanhphatpc.com\/cua-hang\/\"},{\"@type\":\"ListItem\",\"position\":3,\"name\":\"Laptop HP 14s-cf2527TU 4K4A1PA (I3-10110U\/ 8GB\/ 256GB SSD\/ 14inch\/ VGA ON\/ Win10\/ Silver)\"}]},{\"@type\":\"WebSite\",\"@id\":\"https:\/\/thanhphatpc.com\/#website\",\"url\":\"https:\/\/thanhphatpc.com\/\",\"name\":\"ThanhPhat PC\",\"description\":\"D\u1ecbch v\u1ee5 ho\u00e0n h\u1ea3o\",\"potentialAction\":[{\"@type\":\"SearchAction\",\"target\":{\"@type\":\"EntryPoint\",\"urlTemplate\":\"https:\/\/thanhphatpc.com\/?s={search_term_string}\"},\"query-input\":{\"@type\":\"PropertyValueSpecification\",\"valueRequired\":true,\"valueName\":\"search_term_string\"}}],\"inLanguage\":\"en-US\"}]}<\/script>\n<!-- \/ Yoast SEO plugin. -->","yoast_head_json":{"title":"Laptop HP 14s-cf2527TU 4K4A1PA (I3-10110U\/ 8GB\/ 256GB SSD\/ 14inch\/ VGA ON\/ Win10\/ Silver) - ThanhPhat PC","description":"Laptop v\u0103n ph\u00f2ng","robots":{"index":"index","follow":"follow","max-snippet":"max-snippet:-1","max-image-preview":"max-image-preview:large","max-video-preview":"max-video-preview:-1"},"canonical":"https:\/\/thanhphatpc.com\/en\/laptop-hp-14s-cf2527tu-4k4a1pa-i3-10110u-8gb-256gb-ssd-14inch-vga-on-win10-silver\/","og_locale":"en_US","og_type":"article","og_title":"Laptop HP 14s-cf2527TU 4K4A1PA (I3-10110U\/ 8GB\/ 256GB SSD\/ 14inch\/ VGA ON\/ Win10\/ Silver) - ThanhPhat PC","og_description":"Laptop v\u0103n ph\u00f2ng","og_url":"https:\/\/thanhphatpc.com\/en\/laptop-hp-14s-cf2527tu-4k4a1pa-i3-10110u-8gb-256gb-ssd-14inch-vga-on-win10-silver\/","og_site_name":"ThanhPhat PC","article_modified_time":"2024-04-28T04:38:02+00:00","og_image":[{"width":563,"height":671,"url":"https:\/\/thanhphatpc.com\/wp-content\/uploads\/2022\/08\/05.png","type":"image\/png"}],"twitter_card":"summary_large_image","twitter_misc":{"Est. reading time":"4 minutes"},"schema":{"@context":"https:\/\/schema.org","@graph":[{"@type":"WebPage","@id":"https:\/\/thanhphatpc.com\/laptop-hp-14s-cf2527tu-4k4a1pa-i3-10110u-8gb-256gb-ssd-14inch-vga-on-win10-silver\/","url":"https:\/\/thanhphatpc.com\/laptop-hp-14s-cf2527tu-4k4a1pa-i3-10110u-8gb-256gb-ssd-14inch-vga-on-win10-silver\/","name":"Laptop HP 14s-cf2527TU 4K4A1PA (I3-10110U\/ 8GB\/ 256GB SSD\/ 14inch\/ VGA ON\/ Win10\/ Silver) - ThanhPhat PC","isPartOf":{"@id":"https:\/\/thanhphatpc.com\/#website"},"primaryImageOfPage":{"@id":"https:\/\/thanhphatpc.com\/laptop-hp-14s-cf2527tu-4k4a1pa-i3-10110u-8gb-256gb-ssd-14inch-vga-on-win10-silver\/#primaryimage"},"image":{"@id":"https:\/\/thanhphatpc.com\/laptop-hp-14s-cf2527tu-4k4a1pa-i3-10110u-8gb-256gb-ssd-14inch-vga-on-win10-silver\/#primaryimage"},"thumbnailUrl":"https:\/\/thanhphatpc.com\/wp-content\/uploads\/2022\/08\/05.png","datePublished":"2022-08-29T01:28:15+00:00","dateModified":"2024-04-28T04:38:02+00:00","description":"Laptop v\u0103n ph\u00f2ng","breadcrumb":{"@id":"https:\/\/thanhphatpc.com\/laptop-hp-14s-cf2527tu-4k4a1pa-i3-10110u-8gb-256gb-ssd-14inch-vga-on-win10-silver\/#breadcrumb"},"inLanguage":"en-US","potentialAction":[{"@type":"ReadAction","target":["https:\/\/thanhphatpc.com\/laptop-hp-14s-cf2527tu-4k4a1pa-i3-10110u-8gb-256gb-ssd-14inch-vga-on-win10-silver\/"]}]},{"@type":"ImageObject","inLanguage":"en-US","@id":"https:\/\/thanhphatpc.com\/laptop-hp-14s-cf2527tu-4k4a1pa-i3-10110u-8gb-256gb-ssd-14inch-vga-on-win10-silver\/#primaryimage","url":"https:\/\/thanhphatpc.com\/wp-content\/uploads\/2022\/08\/05.png","contentUrl":"https:\/\/thanhphatpc.com\/wp-content\/uploads\/2022\/08\/05.png","width":563,"height":671,"caption":"laptop hp"},{"@type":"BreadcrumbList","@id":"https:\/\/thanhphatpc.com\/laptop-hp-14s-cf2527tu-4k4a1pa-i3-10110u-8gb-256gb-ssd-14inch-vga-on-win10-silver\/#breadcrumb","itemListElement":[{"@type":"ListItem","position":1,"name":"Trang ch\u1ee7","item":"https:\/\/thanhphatpc.com\/"},{"@type":"ListItem","position":2,"name":"C\u1eeda h\u00e0ng","item":"https:\/\/thanhphatpc.com\/cua-hang\/"},{"@type":"ListItem","position":3,"name":"Laptop HP 14s-cf2527TU 4K4A1PA (I3-10110U\/ 8GB\/ 256GB SSD\/ 14inch\/ VGA ON\/ Win10\/ Silver)"}]},{"@type":"WebSite","@id":"https:\/\/thanhphatpc.com\/#website","url":"https:\/\/thanhphatpc.com\/","name":"ThanhPhat PC","description":"D\u1ecbch v\u1ee5 ho\u00e0n h\u1ea3o","potentialAction":[{"@type":"SearchAction","target":{"@type":"EntryPoint","urlTemplate":"https:\/\/thanhphatpc.com\/?s={search_term_string}"},"query-input":{"@type":"PropertyValueSpecification","valueRequired":true,"valueName":"search_term_string"}}],"inLanguage":"en-US"}]}},"_links":{"self":[{"href":"https:\/\/thanhphatpc.com\/en\/wp-json\/wp\/v2\/product\/9505","targetHints":{"allow":["GET"]}}],"collection":[{"href":"https:\/\/thanhphatpc.com\/en\/wp-json\/wp\/v2\/product"}],"about":[{"href":"https:\/\/thanhphatpc.com\/en\/wp-json\/wp\/v2\/types\/product"}],"replies":[{"embeddable":true,"href":"https:\/\/thanhphatpc.com\/en\/wp-json\/wp\/v2\/comments?post=9505"}],"wp:featuredmedia":[{"embeddable":true,"href":"https:\/\/thanhphatpc.com\/en\/wp-json\/wp\/v2\/media\/10170"}],"wp:attachment":[{"href":"https:\/\/thanhphatpc.com\/en\/wp-json\/wp\/v2\/media?parent=9505"}],"wp:term":[{"taxonomy":"product_cat","embeddable":true,"href":"https:\/\/thanhphatpc.com\/en\/wp-json\/wp\/v2\/product_cat?post=9505"},{"taxonomy":"product_tag","embeddable":true,"href":"https:\/\/thanhphatpc.com\/en\/wp-json\/wp\/v2\/product_tag?post=9505"}],"curies":[{"name":"wp","href":"https:\/\/api.w.org\/{rel}","templated":true}]}}