{"id":9509,"date":"2022-08-29T11:08:19","date_gmt":"2022-08-29T04:08:19","guid":{"rendered":"https:\/\/thanhphatpc.com\/?post_type=product&#038;p=9509"},"modified":"2024-04-28T11:34:46","modified_gmt":"2024-04-28T04:34:46","slug":"lenovo-thinkpad-x250-i5-5300u-ram-4gb-ssd-128gb-hd-graphics-5500-12-5-inch","status":"publish","type":"product","link":"https:\/\/thanhphatpc.com\/en\/lenovo-thinkpad-x250-i5-5300u-ram-4gb-ssd-128gb-hd-graphics-5500-12-5-inch\/","title":{"rendered":"Lenovo ThinkPad X250 i5-5300U\/ RAM 8GB\/ SSD 128GB\/ HD Graphics 5500\/ 12.5 INCH"},"content":{"rendered":"<p>Lenovo Thinkpad X250: Chi\u1ebfc\u00a0laptop\u00a0nh\u1ecf g\u1ecdn thanh l\u1ecbch d\u00e0nh cho doanh nh\u00e2n<\/p>\n<p>Ti\u00eau \u0111\u1ec1: Lenovo ThinkPad X250 &#8211; Laptop nh\u1ecf g\u1ecdn, \u0111\u00e1ng tin c\u1eady cho c\u00f4ng vi\u1ec7c di \u0111\u1ed9ng<\/p>\n<p>M\u00f4 t\u1ea3 s\u1ea3n ph\u1ea9m: Lenovo ThinkPad X250 l\u00e0 m\u1ed9t chi\u1ebfc laptop nh\u1ecf g\u1ecdn \u0111\u01b0\u1ee3c thi\u1ebft k\u1ebf \u0111\u1eb7c bi\u1ec7t \u0111\u1ec3 \u0111\u00e1p \u1ee9ng nhu c\u1ea7u l\u00e0m vi\u1ec7c di \u0111\u1ed9ng c\u1ee7a b\u1ea1n. V\u1edbi k\u00edch th\u01b0\u1edbc nh\u1ecf g\u1ecdn v\u00e0 tr\u1ecdng l\u01b0\u1ee3ng nh\u1eb9, n\u00f3 l\u00e0 ng\u01b0\u1eddi b\u1ea1n \u0111\u1ed3ng h\u00e0nh l\u00fd t\u01b0\u1edfng cho nh\u1eefng ng\u01b0\u1eddi d\u00f9ng c\u1ea7n di chuy\u1ec3n th\u01b0\u1eddng xuy\u00ean.<\/p>\n<p>B\u00ean trong chi\u1ebfc laptop n\u00e0y, Lenovo \u0111\u00e3 trang b\u1ecb m\u1ed9t lo\u1ea1t c\u00e1c t\u00ednh n\u0103ng m\u1ea1nh m\u1ebd v\u00e0 \u0111\u00e1ng tin c\u1eady \u0111\u1ec3 \u0111\u1ea3m b\u1ea3o b\u1ea1n c\u00f3 th\u1ec3 l\u00e0m vi\u1ec7c hi\u1ec7u qu\u1ea3 v\u00e0 kh\u00f4ng b\u1ecb gi\u00e1n \u0111o\u1ea1n. X250 \u0111\u01b0\u1ee3c trang b\u1ecb b\u1ed9 vi x\u1eed l\u00fd Intel Core i5, c\u00f9ng v\u1edbi b\u1ed9 nh\u1edb RAM dung l\u01b0\u1ee3ng cao v\u00e0 \u1ed5 c\u1ee9ng SSD nhanh ch\u00f3ng, gi\u00fap t\u0103ng t\u1ed1c \u0111\u1ed9 x\u1eed l\u00fd v\u00e0 kh\u1edfi \u0111\u1ed9ng h\u1ec7 \u0111i\u1ec1u h\u00e0nh m\u1ed9t c\u00e1ch nhanh ch\u00f3ng.<\/p>\n<p>M\u00e0n h\u00ecnh 12,5 inch c\u1ee7a X250 cung c\u1ea5p m\u1ed9t tr\u1ea3i nghi\u1ec7m hi\u1ec3n th\u1ecb s\u1eafc n\u00e9t v\u00e0 ch\u00e2n th\u1ef1c. \u0110\u1ed3ng th\u1eddi, t\u00ednh n\u0103ng ch\u1ed1ng ch\u00f3i gi\u00fap gi\u1ea3m \u00e1nh s\u00e1ng ph\u1ea3n chi\u1ebfu v\u00e0 t\u0103ng c\u01b0\u1eddng \u0111\u1ed9 s\u00e1ng, mang \u0111\u1ebfn s\u1ef1 tho\u1ea3i m\u00e1i khi l\u00e0m vi\u1ec7c trong c\u00e1c m\u00f4i tr\u01b0\u1eddng \u00e1nh s\u00e1ng m\u1ea1nh.<\/p>\n<p>Kh\u00f4ng ch\u1ec9 v\u1eady, ThinkPad X250 c\u0169ng \u0111\u01b0\u1ee3c trang b\u1ecb m\u1ed9t lo\u1ea1t c\u00e1c c\u1ed5ng k\u1ebft n\u1ed1i linh ho\u1ea1t, bao g\u1ed3m c\u1ed5ng USB, c\u1ed5ng HDMI v\u00e0 khe c\u1eafm th\u1ebb SD, gi\u00fap b\u1ea1n d\u1ec5 d\u00e0ng k\u1ebft n\u1ed1i v\u1edbi c\u00e1c thi\u1ebft b\u1ecb ngo\u1ea1i vi v\u00e0 truy\u1ec1n t\u1ea3i d\u1eef li\u1ec7u m\u1ed9t c\u00e1ch thu\u1eadn ti\u1ec7n.<\/p>\n<p>V\u1edbi h\u1ec7 \u0111i\u1ec1u h\u00e0nh Windows 10 \u0111\u01b0\u1ee3c c\u00e0i \u0111\u1eb7t s\u1eb5n, Lenovo ThinkPad X250 mang \u0111\u1ebfn cho b\u1ea1n m\u1ed9t giao di\u1ec7n \u0111\u01a1n gi\u1ea3n v\u00e0 tr\u1ef1c quan, gi\u00fap b\u1ea1n d\u1ec5 d\u00e0ng ti\u1ebfp c\u1eadn v\u00e0 s\u1eed d\u1ee5ng c\u00e1c \u1ee9ng d\u1ee5ng v\u00e0 c\u00f4ng c\u1ee5 m\u00e0 b\u1ea1n c\u1ea7n cho c\u00f4ng vi\u1ec7c h\u00e0ng ng\u00e0y.<\/p>\n<p>T\u00f3m l\u1ea1i, Lenovo ThinkPad X250 l\u00e0 m\u1ed9t l\u1ef1a ch\u1ecdn tuy\u1ec7t v\u1eddi cho nh\u1eefng ng\u01b0\u1eddi d\u00f9ng c\u1ea7n m\u1ed9t chi\u1ebfc laptop nh\u1ecf g\u1ecdn, \u0111\u00e1ng tin c\u1eady v\u00e0 d\u1ec5 mang theo. V\u1edbi hi\u1ec7u su\u1ea5t m\u1ea1nh m\u1ebd, m\u00e0n h\u00ecnh s\u1eafc n\u00e9t v\u00e0 t\u00ednh di \u0111\u1ed9ng cao, n\u00f3 s\u1ebd gi\u00fap b\u1ea1n t\u0103ng n\u0103ng su\u1ea5t l\u00e0m vi\u1ec7c v\u00e0 \u0111\u00e1p \u1ee9ng m\u1ecdi y\u00eau c\u1ea7u c\u00f4ng vi\u1ec7c di \u0111\u1ed9ng c\u1ee7a b\u1ea1n.<\/p>\n<p>Li\u00ean h\u1ec7 ngay v\u1edbi ch\u00fang t\u00f4i 02203 559900<\/p>\n<figure id=\"attachment_10169\" aria-describedby=\"caption-attachment-10169\" style=\"width: 944px\" class=\"wp-caption alignnone\"><img loading=\"lazy\" decoding=\"async\" class=\"size-full wp-image-10169\" src=\"https:\/\/thanhphatpc.com\/wp-content\/uploads\/2022\/08\/04.png\" alt=\"laptop lennovo\" width=\"944\" height=\"617\" srcset=\"https:\/\/thanhphatpc.com\/wp-content\/uploads\/2022\/08\/04.png 944w, https:\/\/thanhphatpc.com\/wp-content\/uploads\/2022\/08\/04-510x333.png 510w, https:\/\/thanhphatpc.com\/wp-content\/uploads\/2022\/08\/04-300x196.png 300w, https:\/\/thanhphatpc.com\/wp-content\/uploads\/2022\/08\/04-768x502.png 768w\" sizes=\"auto, (max-width: 944px) 100vw, 944px\" \/><figcaption id=\"caption-attachment-10169\" class=\"wp-caption-text\">laptop lennovo<\/figcaption><\/figure>\n<p>&nbsp;<\/p>\n<p>&nbsp;<\/p>\n<p>&nbsp;<\/p>\n<p>&nbsp;<\/p>\n<p>&nbsp;<\/p>","protected":false},"excerpt":{"rendered":"<p>Lenovo Thinkpad X250: Chi\u1ebfc\u00a0laptop\u00a0nh\u1ecf g\u1ecdn thanh l\u1ecbch d\u00e0nh cho doanh nh\u00e2n Ti\u00eau \u0111\u1ec1: Lenovo ThinkPad X250 &#8211; Laptop nh\u1ecf g\u1ecdn, \u0111\u00e1ng tin c\u1eady cho c\u00f4ng vi\u1ec7c di \u0111\u1ed9ng M\u00f4 t\u1ea3 s\u1ea3n ph\u1ea9m: Lenovo ThinkPad X250 l\u00e0 m\u1ed9t chi\u1ebfc laptop nh\u1ecf g\u1ecdn \u0111\u01b0\u1ee3c thi\u1ebft k\u1ebf \u0111\u1eb7c bi\u1ec7t \u0111\u1ec3 \u0111\u00e1p \u1ee9ng nhu c\u1ea7u l\u00e0m vi\u1ec7c di \u0111\u1ed9ng &#8230;<\/p>","protected":false},"featured_media":10168,"comment_status":"open","ping_status":"closed","template":"","meta":{"_acf_changed":false},"product_cat":[363],"product_tag":[],"class_list":{"0":"post-9509","1":"product","2":"type-product","3":"status-publish","4":"has-post-thumbnail","6":"product_cat-lenovo-laptop","8":"first","9":"instock","10":"sale","11":"shipping-taxable","12":"purchasable","13":"product-type-simple"},"acf":[],"yoast_head":"<!-- This site is optimized with the Yoast SEO plugin v23.8 - https:\/\/yoast.com\/wordpress\/plugins\/seo\/ -->\n<title>Lenovo ThinkPad X250 i5-5300U\/ RAM 8GB\/ SSD 128GB\/ HD Graphics 5500\/ 12.5 INCH - ThanhPhat PC<\/title>\n<meta name=\"description\" content=\"Laptop nh\u1ecf g\u1ecdn\" \/>\n<meta name=\"robots\" content=\"index, follow, max-snippet:-1, max-image-preview:large, max-video-preview:-1\" \/>\n<link rel=\"canonical\" href=\"https:\/\/thanhphatpc.com\/en\/lenovo-thinkpad-x250-i5-5300u-ram-4gb-ssd-128gb-hd-graphics-5500-12-5-inch\/\" \/>\n<meta property=\"og:locale\" content=\"en_US\" \/>\n<meta property=\"og:type\" content=\"article\" \/>\n<meta property=\"og:title\" content=\"Lenovo ThinkPad X250 i5-5300U\/ RAM 8GB\/ SSD 128GB\/ HD Graphics 5500\/ 12.5 INCH - ThanhPhat PC\" \/>\n<meta property=\"og:description\" content=\"Laptop nh\u1ecf g\u1ecdn\" \/>\n<meta property=\"og:url\" content=\"https:\/\/thanhphatpc.com\/en\/lenovo-thinkpad-x250-i5-5300u-ram-4gb-ssd-128gb-hd-graphics-5500-12-5-inch\/\" \/>\n<meta property=\"og:site_name\" content=\"ThanhPhat PC\" \/>\n<meta property=\"article:modified_time\" content=\"2024-04-28T04:34:46+00:00\" \/>\n<meta property=\"og:image\" content=\"https:\/\/thanhphatpc.com\/wp-content\/uploads\/2022\/08\/03.png\" \/>\n\t<meta property=\"og:image:width\" content=\"563\" \/>\n\t<meta property=\"og:image:height\" content=\"671\" \/>\n\t<meta property=\"og:image:type\" content=\"image\/png\" \/>\n<meta name=\"twitter:card\" content=\"summary_large_image\" \/>\n<meta name=\"twitter:label1\" content=\"Est. reading time\" \/>\n\t<meta name=\"twitter:data1\" content=\"3 minutes\" \/>\n<script type=\"application\/ld+json\" class=\"yoast-schema-graph\">{\"@context\":\"https:\/\/schema.org\",\"@graph\":[{\"@type\":\"WebPage\",\"@id\":\"https:\/\/thanhphatpc.com\/lenovo-thinkpad-x250-i5-5300u-ram-4gb-ssd-128gb-hd-graphics-5500-12-5-inch\/\",\"url\":\"https:\/\/thanhphatpc.com\/lenovo-thinkpad-x250-i5-5300u-ram-4gb-ssd-128gb-hd-graphics-5500-12-5-inch\/\",\"name\":\"Lenovo ThinkPad X250 i5-5300U\/ RAM 8GB\/ SSD 128GB\/ HD Graphics 5500\/ 12.5 INCH - ThanhPhat PC\",\"isPartOf\":{\"@id\":\"https:\/\/thanhphatpc.com\/#website\"},\"primaryImageOfPage\":{\"@id\":\"https:\/\/thanhphatpc.com\/lenovo-thinkpad-x250-i5-5300u-ram-4gb-ssd-128gb-hd-graphics-5500-12-5-inch\/#primaryimage\"},\"image\":{\"@id\":\"https:\/\/thanhphatpc.com\/lenovo-thinkpad-x250-i5-5300u-ram-4gb-ssd-128gb-hd-graphics-5500-12-5-inch\/#primaryimage\"},\"thumbnailUrl\":\"https:\/\/thanhphatpc.com\/wp-content\/uploads\/2022\/08\/03.png\",\"datePublished\":\"2022-08-29T04:08:19+00:00\",\"dateModified\":\"2024-04-28T04:34:46+00:00\",\"description\":\"Laptop nh\u1ecf g\u1ecdn\",\"breadcrumb\":{\"@id\":\"https:\/\/thanhphatpc.com\/lenovo-thinkpad-x250-i5-5300u-ram-4gb-ssd-128gb-hd-graphics-5500-12-5-inch\/#breadcrumb\"},\"inLanguage\":\"en-US\",\"potentialAction\":[{\"@type\":\"ReadAction\",\"target\":[\"https:\/\/thanhphatpc.com\/lenovo-thinkpad-x250-i5-5300u-ram-4gb-ssd-128gb-hd-graphics-5500-12-5-inch\/\"]}]},{\"@type\":\"ImageObject\",\"inLanguage\":\"en-US\",\"@id\":\"https:\/\/thanhphatpc.com\/lenovo-thinkpad-x250-i5-5300u-ram-4gb-ssd-128gb-hd-graphics-5500-12-5-inch\/#primaryimage\",\"url\":\"https:\/\/thanhphatpc.com\/wp-content\/uploads\/2022\/08\/03.png\",\"contentUrl\":\"https:\/\/thanhphatpc.com\/wp-content\/uploads\/2022\/08\/03.png\",\"width\":563,\"height\":671,\"caption\":\"laptop lennovo\"},{\"@type\":\"BreadcrumbList\",\"@id\":\"https:\/\/thanhphatpc.com\/lenovo-thinkpad-x250-i5-5300u-ram-4gb-ssd-128gb-hd-graphics-5500-12-5-inch\/#breadcrumb\",\"itemListElement\":[{\"@type\":\"ListItem\",\"position\":1,\"name\":\"Trang ch\u1ee7\",\"item\":\"https:\/\/thanhphatpc.com\/\"},{\"@type\":\"ListItem\",\"position\":2,\"name\":\"C\u1eeda h\u00e0ng\",\"item\":\"https:\/\/thanhphatpc.com\/cua-hang\/\"},{\"@type\":\"ListItem\",\"position\":3,\"name\":\"Lenovo ThinkPad X250 i5-5300U\/ RAM 8GB\/ SSD 128GB\/ HD Graphics 5500\/ 12.5 INCH\"}]},{\"@type\":\"WebSite\",\"@id\":\"https:\/\/thanhphatpc.com\/#website\",\"url\":\"https:\/\/thanhphatpc.com\/\",\"name\":\"ThanhPhat PC\",\"description\":\"D\u1ecbch v\u1ee5 ho\u00e0n h\u1ea3o\",\"potentialAction\":[{\"@type\":\"SearchAction\",\"target\":{\"@type\":\"EntryPoint\",\"urlTemplate\":\"https:\/\/thanhphatpc.com\/?s={search_term_string}\"},\"query-input\":{\"@type\":\"PropertyValueSpecification\",\"valueRequired\":true,\"valueName\":\"search_term_string\"}}],\"inLanguage\":\"en-US\"}]}<\/script>\n<!-- \/ Yoast SEO plugin. -->","yoast_head_json":{"title":"Lenovo ThinkPad X250 i5-5300U\/ RAM 8GB\/ SSD 128GB\/ HD Graphics 5500\/ 12.5 INCH - ThanhPhat PC","description":"Laptop nh\u1ecf g\u1ecdn","robots":{"index":"index","follow":"follow","max-snippet":"max-snippet:-1","max-image-preview":"max-image-preview:large","max-video-preview":"max-video-preview:-1"},"canonical":"https:\/\/thanhphatpc.com\/en\/lenovo-thinkpad-x250-i5-5300u-ram-4gb-ssd-128gb-hd-graphics-5500-12-5-inch\/","og_locale":"en_US","og_type":"article","og_title":"Lenovo ThinkPad X250 i5-5300U\/ RAM 8GB\/ SSD 128GB\/ HD Graphics 5500\/ 12.5 INCH - ThanhPhat PC","og_description":"Laptop nh\u1ecf g\u1ecdn","og_url":"https:\/\/thanhphatpc.com\/en\/lenovo-thinkpad-x250-i5-5300u-ram-4gb-ssd-128gb-hd-graphics-5500-12-5-inch\/","og_site_name":"ThanhPhat PC","article_modified_time":"2024-04-28T04:34:46+00:00","og_image":[{"width":563,"height":671,"url":"https:\/\/thanhphatpc.com\/wp-content\/uploads\/2022\/08\/03.png","type":"image\/png"}],"twitter_card":"summary_large_image","twitter_misc":{"Est. reading time":"3 minutes"},"schema":{"@context":"https:\/\/schema.org","@graph":[{"@type":"WebPage","@id":"https:\/\/thanhphatpc.com\/lenovo-thinkpad-x250-i5-5300u-ram-4gb-ssd-128gb-hd-graphics-5500-12-5-inch\/","url":"https:\/\/thanhphatpc.com\/lenovo-thinkpad-x250-i5-5300u-ram-4gb-ssd-128gb-hd-graphics-5500-12-5-inch\/","name":"Lenovo ThinkPad X250 i5-5300U\/ RAM 8GB\/ SSD 128GB\/ HD Graphics 5500\/ 12.5 INCH - ThanhPhat PC","isPartOf":{"@id":"https:\/\/thanhphatpc.com\/#website"},"primaryImageOfPage":{"@id":"https:\/\/thanhphatpc.com\/lenovo-thinkpad-x250-i5-5300u-ram-4gb-ssd-128gb-hd-graphics-5500-12-5-inch\/#primaryimage"},"image":{"@id":"https:\/\/thanhphatpc.com\/lenovo-thinkpad-x250-i5-5300u-ram-4gb-ssd-128gb-hd-graphics-5500-12-5-inch\/#primaryimage"},"thumbnailUrl":"https:\/\/thanhphatpc.com\/wp-content\/uploads\/2022\/08\/03.png","datePublished":"2022-08-29T04:08:19+00:00","dateModified":"2024-04-28T04:34:46+00:00","description":"Laptop nh\u1ecf g\u1ecdn","breadcrumb":{"@id":"https:\/\/thanhphatpc.com\/lenovo-thinkpad-x250-i5-5300u-ram-4gb-ssd-128gb-hd-graphics-5500-12-5-inch\/#breadcrumb"},"inLanguage":"en-US","potentialAction":[{"@type":"ReadAction","target":["https:\/\/thanhphatpc.com\/lenovo-thinkpad-x250-i5-5300u-ram-4gb-ssd-128gb-hd-graphics-5500-12-5-inch\/"]}]},{"@type":"ImageObject","inLanguage":"en-US","@id":"https:\/\/thanhphatpc.com\/lenovo-thinkpad-x250-i5-5300u-ram-4gb-ssd-128gb-hd-graphics-5500-12-5-inch\/#primaryimage","url":"https:\/\/thanhphatpc.com\/wp-content\/uploads\/2022\/08\/03.png","contentUrl":"https:\/\/thanhphatpc.com\/wp-content\/uploads\/2022\/08\/03.png","width":563,"height":671,"caption":"laptop lennovo"},{"@type":"BreadcrumbList","@id":"https:\/\/thanhphatpc.com\/lenovo-thinkpad-x250-i5-5300u-ram-4gb-ssd-128gb-hd-graphics-5500-12-5-inch\/#breadcrumb","itemListElement":[{"@type":"ListItem","position":1,"name":"Trang ch\u1ee7","item":"https:\/\/thanhphatpc.com\/"},{"@type":"ListItem","position":2,"name":"C\u1eeda h\u00e0ng","item":"https:\/\/thanhphatpc.com\/cua-hang\/"},{"@type":"ListItem","position":3,"name":"Lenovo ThinkPad X250 i5-5300U\/ RAM 8GB\/ SSD 128GB\/ HD Graphics 5500\/ 12.5 INCH"}]},{"@type":"WebSite","@id":"https:\/\/thanhphatpc.com\/#website","url":"https:\/\/thanhphatpc.com\/","name":"ThanhPhat PC","description":"D\u1ecbch v\u1ee5 ho\u00e0n h\u1ea3o","potentialAction":[{"@type":"SearchAction","target":{"@type":"EntryPoint","urlTemplate":"https:\/\/thanhphatpc.com\/?s={search_term_string}"},"query-input":{"@type":"PropertyValueSpecification","valueRequired":true,"valueName":"search_term_string"}}],"inLanguage":"en-US"}]}},"_links":{"self":[{"href":"https:\/\/thanhphatpc.com\/en\/wp-json\/wp\/v2\/product\/9509","targetHints":{"allow":["GET"]}}],"collection":[{"href":"https:\/\/thanhphatpc.com\/en\/wp-json\/wp\/v2\/product"}],"about":[{"href":"https:\/\/thanhphatpc.com\/en\/wp-json\/wp\/v2\/types\/product"}],"replies":[{"embeddable":true,"href":"https:\/\/thanhphatpc.com\/en\/wp-json\/wp\/v2\/comments?post=9509"}],"wp:featuredmedia":[{"embeddable":true,"href":"https:\/\/thanhphatpc.com\/en\/wp-json\/wp\/v2\/media\/10168"}],"wp:attachment":[{"href":"https:\/\/thanhphatpc.com\/en\/wp-json\/wp\/v2\/media?parent=9509"}],"wp:term":[{"taxonomy":"product_cat","embeddable":true,"href":"https:\/\/thanhphatpc.com\/en\/wp-json\/wp\/v2\/product_cat?post=9509"},{"taxonomy":"product_tag","embeddable":true,"href":"https:\/\/thanhphatpc.com\/en\/wp-json\/wp\/v2\/product_tag?post=9509"}],"curies":[{"name":"wp","href":"https:\/\/api.w.org\/{rel}","templated":true}]}}