{"id":9706,"date":"2022-10-13T08:32:12","date_gmt":"2022-10-13T01:32:12","guid":{"rendered":"https:\/\/thanhphatpc.com\/?post_type=product&#038;p=9706"},"modified":"2022-10-13T08:32:13","modified_gmt":"2022-10-13T01:32:13","slug":"may-cham-cong-ronald-jack-rj3800pro","status":"publish","type":"product","link":"https:\/\/thanhphatpc.com\/en\/may-cham-cong-ronald-jack-rj3800pro\/","title":{"rendered":"M\u00e1y ch\u1ea5m c\u00f4ng Ronald Jack RJ3800Pro"},"content":{"rendered":"<ul>\n<li>M\u00e1y ch\u1ea5m c\u00f4ng Ronald Jack 3800Pro<\/li>\n<li>Model M\u1edbi nh\u1ea5t 2022 chuy\u00ean d\u1ee5ng cho c\u00e1c c\u01a1 quan, c\u00f4ng ty, v\u0103n ph\u00f2ng&#8230;L\u00e0 thi\u1ebft b\u1ecb c\u00f3 ch\u1ea5t l\u01b0\u1ee3ng, \u0111\u1ed9 b\u1ec1n v\u00e0 tu\u1ed5i th\u1ecd s\u1ea3n ph\u1ea9m cao, gi\u00e1 th\u00e0nh ph\u00f9 h\u1ee3p.<\/li>\n<li>\u0110\u01b0\u1ee3c thi\u1ebft k\u1ebf m\u1eb7t k\u00ednh \u0111en s\u00e1ng b\u00f3ng v\u00f4 c\u00f9ng sang tr\u1ecdng, kh\u00f4ng b\u1ecb b\u1ee5i b\u1ea9n tr\u1ea7y x\u01b0\u1edbc khi s\u1eed d\u1ee5ng.<\/li>\n<li>Ch\u1ebf \u0111\u1ed9 nh\u1eadn d\u1ea1ng 1: 1,1: N<\/li>\n<li><strong>Dung l\u01b0\u1ee3ng v\u00e2n tay 2000, 2000 th\u1ebb<\/strong><\/li>\n<li><strong>Dung l\u01b0\u1ee3ng b\u1ed9 nh\u1edb 200.000 l\u00e0 Model c\u00f3 b\u1ed9 nh\u1edb l\u1edbn g\u1ea5p 2 trong c\u00e1c s\u1ea3n ph\u1ea9m c\u00f9ng ph\u00e2n kh\u00fac, v\u00ec v\u1eady cho t\u1ed1c \u0111\u1ed9c Load d\u1eef li\u1ec7u c\u1ef1c nhanh.<\/strong><\/li>\n<li><strong>Pin l\u01b0u \u0111i\u1ec7n t\u1eeb 4 \u0111\u1ebfn 6 ti\u1ebfng &#8211; M\u00e1y c\u00f3 th\u1ec3 ti\u1ebfp t\u1ee5c s\u1eed d\u1ee5ng \u0111\u1ec3 ch\u1ea5m c\u00f4ng t\u1eeb 4 \u0111\u1ebfn 6 ti\u1ebfng k\u1ec3 th\u00ec th\u1eddi \u0111i\u1ec3m \u0111i\u1ec7n l\u01b0\u1edbi b\u1ecb m\u1ea5t(Ch\u1ecdn th\u00eam n\u1ebfu c\u00f3 nhu c\u1ea7u)<\/strong><\/li>\n<li>T\u1ed1c \u0111\u1ed9 nh\u1eadn d\u1ea1ng &lt;1 Gi\u00e2y<\/li>\n<li>B\u00e1o \u00e2m thanh: c\u00e1m \u01a1n khi ch\u1ea5m \u0111\u00fang ho\u1eb7c th\u1eed l\u1ea1i khi ch\u1ea5m sai<\/li>\n<li>\u0110i\u1ec7n \u00e1p l\u00e0m vi\u1ec7c 12V<\/li>\n<li>Ki\u1ec3u nh\u1eadn d\u1ea1ng V\u00e2n tay \/ M\u1eadt kh\u1ea9u \/ Th\u1ebb<\/li>\n<li>Ng\u00f4n ng\u1eef Anh \/ T\u00e2y Ban Nha \/ Th\u1ed5 Nh\u0129 K\u1ef3 \/ \u1ea2 R\u1eadp \/ Th\u00e1i \/ Ph\u00e1p \/ Vi\u1ec7t, v.v.<\/li>\n<li>Hi\u1ec3n th\u1ecb t\u00ean ng\u01b0\u1eddi d\u00f9ng khi chek In v\u00e2n tay ho\u1eb7c th\u1ebb: C\u00f3<\/li>\n<li>Ch\u1ebf \u0111\u1ed9:Giao ti\u1ebfp TCP \/ IP, RS485, \u0110\u01b0\u1eddng USB, Tr\u00ecnh \u0111i\u1ec1u khi\u1ec3n USB ,(WIFI ch\u1ecdn th\u00eam)<\/li>\n<li>Ch\u1ee9c n\u0103ng ki\u1ebfm so\u00e1t c\u1eeda ra v\u00e0o.<\/li>\n<li>Chu\u00f4ng c\u00e0i \u0111\u1eb7t s\u1eb5n<\/li>\n<li>K\u00edch th\u01b0\u1edbc LCD 2,8 TFT LCD m\u00e0u<\/li>\n<li>K\u00edch th\u01b0\u1edbc s\u1ea3n ph\u1ea9m 180 * 130 * 38mm<\/li>\n<li>Made in Malaysia<\/li>\n<li>B\u1ea3o h\u00e0nh 12 th\u00e1ng<\/li>\n<\/ul>\n<p><img loading=\"lazy\" decoding=\"async\" class=\"size-medium wp-image-9707 aligncenter\" src=\"https:\/\/thanhphatpc.com\/wp-content\/uploads\/2022\/10\/2-300x179.jpg\" alt=\"\" width=\"300\" height=\"179\" srcset=\"https:\/\/thanhphatpc.com\/wp-content\/uploads\/2022\/10\/2-300x179.jpg 300w, https:\/\/thanhphatpc.com\/wp-content\/uploads\/2022\/10\/2-rotated-510x304.jpg 510w, https:\/\/thanhphatpc.com\/wp-content\/uploads\/2022\/10\/2-1024x611.jpg 1024w, https:\/\/thanhphatpc.com\/wp-content\/uploads\/2022\/10\/2-768x458.jpg 768w, https:\/\/thanhphatpc.com\/wp-content\/uploads\/2022\/10\/2-rotated.jpg 1280w\" sizes=\"auto, (max-width: 300px) 100vw, 300px\" \/><\/p>","protected":false},"excerpt":{"rendered":"<ul>\n<li>Dung l\u01b0\u1ee3ng v\u00e2n tay 3000, 3000 th\u1ebb<\/li>\n<li>Dung l\u01b0\u1ee3ng b\u1ed9 nh\u1edb 200.000<\/li>\n<li>T\u1ed1c \u0111\u1ed9 nh\u1eadn d\u1ea1ng &lt;1 Gi\u00e2y<\/li>\n<li>(gi\u00e1 ch\u01b0a g\u1ed3m VAT)<\/li>\n<\/ul>","protected":false},"featured_media":9708,"comment_status":"open","ping_status":"closed","template":"","meta":{"_acf_changed":false},"product_cat":[437],"product_tag":[],"class_list":{"0":"post-9706","1":"product","2":"type-product","3":"status-publish","4":"has-post-thumbnail","6":"product_cat-may-cham-cong","8":"first","9":"instock","10":"shipping-taxable","11":"purchasable","12":"product-type-simple"},"acf":[],"yoast_head":"<!-- This site is optimized with the Yoast SEO plugin v23.8 - https:\/\/yoast.com\/wordpress\/plugins\/seo\/ -->\n<title>M\u00e1y ch\u1ea5m c\u00f4ng Ronald Jack RJ3800Pro - ThanhPhat PC<\/title>\n<meta name=\"robots\" content=\"index, follow, max-snippet:-1, max-image-preview:large, max-video-preview:-1\" \/>\n<link rel=\"canonical\" href=\"https:\/\/thanhphatpc.com\/en\/may-cham-cong-ronald-jack-rj3800pro\/\" \/>\n<meta property=\"og:locale\" content=\"en_US\" \/>\n<meta property=\"og:type\" content=\"article\" \/>\n<meta property=\"og:title\" content=\"M\u00e1y ch\u1ea5m c\u00f4ng Ronald Jack RJ3800Pro - ThanhPhat PC\" \/>\n<meta property=\"og:description\" content=\"Dung l\u01b0\u1ee3ng v\u00e2n tay 3000, 3000 th\u1ebb  Dung l\u01b0\u1ee3ng b\u1ed9 nh\u1edb 200.000  T\u1ed1c \u0111\u1ed9 nh\u1eadn d\u1ea1ng &lt;1 Gi\u00e2y  (gi\u00e1 ch\u01b0a g\u1ed3m VAT)\" \/>\n<meta property=\"og:url\" content=\"https:\/\/thanhphatpc.com\/en\/may-cham-cong-ronald-jack-rj3800pro\/\" \/>\n<meta property=\"og:site_name\" content=\"ThanhPhat PC\" \/>\n<meta property=\"article:modified_time\" content=\"2022-10-13T01:32:13+00:00\" \/>\n<meta property=\"og:image\" content=\"https:\/\/thanhphatpc.com\/wp-content\/uploads\/2022\/10\/1.jpg\" \/>\n\t<meta property=\"og:image:width\" content=\"1280\" \/>\n\t<meta property=\"og:image:height\" content=\"904\" \/>\n\t<meta property=\"og:image:type\" content=\"image\/jpeg\" \/>\n<meta name=\"twitter:card\" content=\"summary_large_image\" \/>\n<meta name=\"twitter:label1\" content=\"Est. reading time\" \/>\n\t<meta name=\"twitter:data1\" content=\"2 minutes\" \/>\n<script type=\"application\/ld+json\" class=\"yoast-schema-graph\">{\"@context\":\"https:\/\/schema.org\",\"@graph\":[{\"@type\":\"WebPage\",\"@id\":\"https:\/\/thanhphatpc.com\/may-cham-cong-ronald-jack-rj3800pro\/\",\"url\":\"https:\/\/thanhphatpc.com\/may-cham-cong-ronald-jack-rj3800pro\/\",\"name\":\"M\u00e1y ch\u1ea5m c\u00f4ng Ronald Jack RJ3800Pro - ThanhPhat PC\",\"isPartOf\":{\"@id\":\"https:\/\/thanhphatpc.com\/#website\"},\"primaryImageOfPage\":{\"@id\":\"https:\/\/thanhphatpc.com\/may-cham-cong-ronald-jack-rj3800pro\/#primaryimage\"},\"image\":{\"@id\":\"https:\/\/thanhphatpc.com\/may-cham-cong-ronald-jack-rj3800pro\/#primaryimage\"},\"thumbnailUrl\":\"https:\/\/thanhphatpc.com\/wp-content\/uploads\/2022\/10\/1.jpg\",\"datePublished\":\"2022-10-13T01:32:12+00:00\",\"dateModified\":\"2022-10-13T01:32:13+00:00\",\"breadcrumb\":{\"@id\":\"https:\/\/thanhphatpc.com\/may-cham-cong-ronald-jack-rj3800pro\/#breadcrumb\"},\"inLanguage\":\"en-US\",\"potentialAction\":[{\"@type\":\"ReadAction\",\"target\":[\"https:\/\/thanhphatpc.com\/may-cham-cong-ronald-jack-rj3800pro\/\"]}]},{\"@type\":\"ImageObject\",\"inLanguage\":\"en-US\",\"@id\":\"https:\/\/thanhphatpc.com\/may-cham-cong-ronald-jack-rj3800pro\/#primaryimage\",\"url\":\"https:\/\/thanhphatpc.com\/wp-content\/uploads\/2022\/10\/1.jpg\",\"contentUrl\":\"https:\/\/thanhphatpc.com\/wp-content\/uploads\/2022\/10\/1.jpg\",\"width\":1280,\"height\":904},{\"@type\":\"BreadcrumbList\",\"@id\":\"https:\/\/thanhphatpc.com\/may-cham-cong-ronald-jack-rj3800pro\/#breadcrumb\",\"itemListElement\":[{\"@type\":\"ListItem\",\"position\":1,\"name\":\"Trang ch\u1ee7\",\"item\":\"https:\/\/thanhphatpc.com\/\"},{\"@type\":\"ListItem\",\"position\":2,\"name\":\"C\u1eeda h\u00e0ng\",\"item\":\"https:\/\/thanhphatpc.com\/cua-hang\/\"},{\"@type\":\"ListItem\",\"position\":3,\"name\":\"M\u00e1y ch\u1ea5m c\u00f4ng Ronald Jack RJ3800Pro\"}]},{\"@type\":\"WebSite\",\"@id\":\"https:\/\/thanhphatpc.com\/#website\",\"url\":\"https:\/\/thanhphatpc.com\/\",\"name\":\"ThanhPhat PC\",\"description\":\"D\u1ecbch v\u1ee5 ho\u00e0n h\u1ea3o\",\"potentialAction\":[{\"@type\":\"SearchAction\",\"target\":{\"@type\":\"EntryPoint\",\"urlTemplate\":\"https:\/\/thanhphatpc.com\/?s={search_term_string}\"},\"query-input\":{\"@type\":\"PropertyValueSpecification\",\"valueRequired\":true,\"valueName\":\"search_term_string\"}}],\"inLanguage\":\"en-US\"}]}<\/script>\n<!-- \/ Yoast SEO plugin. -->","yoast_head_json":{"title":"M\u00e1y ch\u1ea5m c\u00f4ng Ronald Jack RJ3800Pro - ThanhPhat PC","robots":{"index":"index","follow":"follow","max-snippet":"max-snippet:-1","max-image-preview":"max-image-preview:large","max-video-preview":"max-video-preview:-1"},"canonical":"https:\/\/thanhphatpc.com\/en\/may-cham-cong-ronald-jack-rj3800pro\/","og_locale":"en_US","og_type":"article","og_title":"M\u00e1y ch\u1ea5m c\u00f4ng Ronald Jack RJ3800Pro - ThanhPhat PC","og_description":"Dung l\u01b0\u1ee3ng v\u00e2n tay 3000, 3000 th\u1ebb  Dung l\u01b0\u1ee3ng b\u1ed9 nh\u1edb 200.000  T\u1ed1c \u0111\u1ed9 nh\u1eadn d\u1ea1ng &lt;1 Gi\u00e2y  (gi\u00e1 ch\u01b0a g\u1ed3m VAT)","og_url":"https:\/\/thanhphatpc.com\/en\/may-cham-cong-ronald-jack-rj3800pro\/","og_site_name":"ThanhPhat PC","article_modified_time":"2022-10-13T01:32:13+00:00","og_image":[{"width":1280,"height":904,"url":"https:\/\/thanhphatpc.com\/wp-content\/uploads\/2022\/10\/1.jpg","type":"image\/jpeg"}],"twitter_card":"summary_large_image","twitter_misc":{"Est. reading time":"2 minutes"},"schema":{"@context":"https:\/\/schema.org","@graph":[{"@type":"WebPage","@id":"https:\/\/thanhphatpc.com\/may-cham-cong-ronald-jack-rj3800pro\/","url":"https:\/\/thanhphatpc.com\/may-cham-cong-ronald-jack-rj3800pro\/","name":"M\u00e1y ch\u1ea5m c\u00f4ng Ronald Jack RJ3800Pro - ThanhPhat PC","isPartOf":{"@id":"https:\/\/thanhphatpc.com\/#website"},"primaryImageOfPage":{"@id":"https:\/\/thanhphatpc.com\/may-cham-cong-ronald-jack-rj3800pro\/#primaryimage"},"image":{"@id":"https:\/\/thanhphatpc.com\/may-cham-cong-ronald-jack-rj3800pro\/#primaryimage"},"thumbnailUrl":"https:\/\/thanhphatpc.com\/wp-content\/uploads\/2022\/10\/1.jpg","datePublished":"2022-10-13T01:32:12+00:00","dateModified":"2022-10-13T01:32:13+00:00","breadcrumb":{"@id":"https:\/\/thanhphatpc.com\/may-cham-cong-ronald-jack-rj3800pro\/#breadcrumb"},"inLanguage":"en-US","potentialAction":[{"@type":"ReadAction","target":["https:\/\/thanhphatpc.com\/may-cham-cong-ronald-jack-rj3800pro\/"]}]},{"@type":"ImageObject","inLanguage":"en-US","@id":"https:\/\/thanhphatpc.com\/may-cham-cong-ronald-jack-rj3800pro\/#primaryimage","url":"https:\/\/thanhphatpc.com\/wp-content\/uploads\/2022\/10\/1.jpg","contentUrl":"https:\/\/thanhphatpc.com\/wp-content\/uploads\/2022\/10\/1.jpg","width":1280,"height":904},{"@type":"BreadcrumbList","@id":"https:\/\/thanhphatpc.com\/may-cham-cong-ronald-jack-rj3800pro\/#breadcrumb","itemListElement":[{"@type":"ListItem","position":1,"name":"Trang ch\u1ee7","item":"https:\/\/thanhphatpc.com\/"},{"@type":"ListItem","position":2,"name":"C\u1eeda h\u00e0ng","item":"https:\/\/thanhphatpc.com\/cua-hang\/"},{"@type":"ListItem","position":3,"name":"M\u00e1y ch\u1ea5m c\u00f4ng Ronald Jack RJ3800Pro"}]},{"@type":"WebSite","@id":"https:\/\/thanhphatpc.com\/#website","url":"https:\/\/thanhphatpc.com\/","name":"ThanhPhat PC","description":"D\u1ecbch v\u1ee5 ho\u00e0n h\u1ea3o","potentialAction":[{"@type":"SearchAction","target":{"@type":"EntryPoint","urlTemplate":"https:\/\/thanhphatpc.com\/?s={search_term_string}"},"query-input":{"@type":"PropertyValueSpecification","valueRequired":true,"valueName":"search_term_string"}}],"inLanguage":"en-US"}]}},"_links":{"self":[{"href":"https:\/\/thanhphatpc.com\/en\/wp-json\/wp\/v2\/product\/9706","targetHints":{"allow":["GET"]}}],"collection":[{"href":"https:\/\/thanhphatpc.com\/en\/wp-json\/wp\/v2\/product"}],"about":[{"href":"https:\/\/thanhphatpc.com\/en\/wp-json\/wp\/v2\/types\/product"}],"replies":[{"embeddable":true,"href":"https:\/\/thanhphatpc.com\/en\/wp-json\/wp\/v2\/comments?post=9706"}],"wp:featuredmedia":[{"embeddable":true,"href":"https:\/\/thanhphatpc.com\/en\/wp-json\/wp\/v2\/media\/9708"}],"wp:attachment":[{"href":"https:\/\/thanhphatpc.com\/en\/wp-json\/wp\/v2\/media?parent=9706"}],"wp:term":[{"taxonomy":"product_cat","embeddable":true,"href":"https:\/\/thanhphatpc.com\/en\/wp-json\/wp\/v2\/product_cat?post=9706"},{"taxonomy":"product_tag","embeddable":true,"href":"https:\/\/thanhphatpc.com\/en\/wp-json\/wp\/v2\/product_tag?post=9706"}],"curies":[{"name":"wp","href":"https:\/\/api.w.org\/{rel}","templated":true}]}}