{"id":9709,"date":"2022-10-13T09:04:13","date_gmt":"2022-10-13T02:04:13","guid":{"rendered":"https:\/\/thanhphatpc.com\/?post_type=product&#038;p=9709"},"modified":"2022-10-13T09:04:46","modified_gmt":"2022-10-13T02:04:46","slug":"may-cham-cong-van-tay-hikvision-ds-k1a802mf-1","status":"publish","type":"product","link":"https:\/\/thanhphatpc.com\/en\/may-cham-cong-van-tay-hikvision-ds-k1a802mf-1\/","title":{"rendered":"M\u00e1y ch\u1ea5m c\u00f4ng v\u00e2n tay Hikvision DS-K1A802MF-1"},"content":{"rendered":"<p><strong>D\u1ec5 s\u1eed d\u1ee5ng<\/strong><br \/>\nT\u1ed1c \u0111\u1ed9 nh\u1eadn d\u1ea1ng nhanh v\u00e0 ch\u00ednh x\u00e1c. Dung l\u01b0\u1ee3ng s\u1eed d\u1ee5ng \u0111\u1ebfn 800 v\u00e2n tay. M\u00e1y s\u1eed d\u1ee5ng ng\u00f4n ng\u1eef ti\u1ebfng Vi\u1ec7t n\u00ean r\u1ea5t d\u1ec5 s\u1eed d\u1ee5ng.<\/p>\n<p><strong>Thi\u1ebft k\u1ebf nh\u1ecf g\u1ecdn<\/strong><br \/>\nM\u00e1y ch\u1ea5m c\u00f4ng Hikvision c\u00f3 thi\u1ebft k\u1ebf nh\u1ecf g\u1ecdn, ph\u00f9 h\u1ee3p v\u1edbi nhi\u1ec1u kh\u00f4ng gian s\u1eed d\u1ee5ng. V\u1edbi chi\u1ebfc m\u00e1y n\u00e0y, b\u1ea1n c\u00f3 th\u1ec3 ki\u1ec3m so\u00e1t \u0111\u01b0\u1ee3c nh\u1eefng ai ra\/v\u00e0o v\u00e0 ch\u1ea5m c\u00f4ng r\u1ea5t thu\u1eadn ti\u1ec7n. S\u1ea3n ph\u1ea9m \u0111ang c\u00f3 gi\u00e1 \u01b0u \u0111\u00e3i t\u1ed1t v\u00e0 b\u1ea3o h\u00e0nh ch\u00ednh h\u00e3ng tr\u00ean to\u00e0n qu\u1ed1c t\u1ea1i Th\u00e0nh Ph\u00e1t PC.<\/p>\n<h2>Th\u00f4ng s\u1ed1 k\u1ef9 thu\u1eadt m\u00e1y ch\u1ea5m c\u00f4ng v\u00e2n tay Hikvision DS-K1A802MF-1<\/h2>\n<p>\u2013 T\u00edch h\u1ee3p Module \u0111\u1ecdc th\u1ebb Mifare<br \/>\n\u2013 L\u01b0u tr\u1eef 800 v\u00e2n tay, 800 th\u1ebb v\u00e0 50,000 s\u1ef1 ki\u1ec7n ch\u1ea5m c\u00f4ng<br \/>\n\u2013 M\u00e0n h\u00ecnh 2.8\u201d 320 x 240 LCD-TFT hi\u1ec3n th\u1ecb th\u1eddi gian v\u00e0 th\u00f4ng tin ch\u1ea5m c\u00f4ng<br \/>\n\u2013 H\u1ed7 tr\u1ee3 \u0111\u0103ng k\u00fd v\u00e2n tay t\u1eeb m\u00e1y ch\u1ea5m c\u00f4ng v\u00e0 truy\u1ec1n d\u1eef li\u1ec7u v\u1ec1 ph\u1ea7n m\u1ec1m \u0111\u1ec3 ki\u1ec3m so\u00e1t<br \/>\n\u2013 H\u1ed7 tr\u1ee3 t\u00ednh n\u0103ng ch\u1ea5m c\u00f4ng, t\u1ea1o b\u00e1o c\u00e1o t\u1ef1 \u0111\u1ed9ng, Module v\u00e2n tay quang h\u1ecdc<br \/>\n\u2013 Tr\u00edch xu\u1ea5t d\u1eef li\u1ec7u qu\u00e9t th\u1ebb v\u00e0 b\u00e1o c\u00e1o th\u00f4ng qua c\u1ed5ng USB<br \/>\n\u2013 H\u1ed7 tr\u1ee3 : 01 c\u1ed5ng LAN 10\/100Mbps, 1 c\u1ed5ng USB. H\u1ed7 tr\u1ee3 audio: 1 c\u00f2i, 1 loa<br \/>\n\u2013 K\u1ebft n\u1ed1i : TCP-IP<br \/>\n\u2013 Ngu\u1ed3n c\u1ea5p: 12V<br \/>\n\u2013 L\u1eafp \u0111\u1eb7t trong nh\u00e0<br \/>\n\u2013 H\u1ed7 tr\u1ee3 firmware giao di\u1ec7n ti\u1ebfng Vi\u1ec7t v\u00e0 ph\u1ea7n m\u1ec1m iVMS-4200 b\u1ea3n ti\u1ebfng Vi\u1ec7t-\u00a0C\u00f3 4 m\u00e0u (\u0110en, V\u00e0ng, B\u1ea1c v\u00e0 Tr\u1eafng), ch\u1ecdn m\u00e0u khi \u0111\u1eb7t h\u00e0ng.<br \/>\n\u2013 Xu\u1ea5t x\u1ee9: Trung Qu\u1ed1c<br \/>\n\u2013 B\u1ea3o h\u00e0nh: 24 th\u00e1ng<\/p>","protected":false},"excerpt":{"rendered":"<p>\u2013 L\u01b0u tr\u1eef 800 v\u00e2n tay, 800 th\u1ebb v\u00e0 50,000 s\u1ef1 ki\u1ec7n ch\u1ea5m c\u00f4ng<br \/>\n\u2013 M\u00e0n h\u00ecnh 2.8\u201d 320 x 240 LCD-TFT hi\u1ec3n th\u1ecb th\u1eddi gian v\u00e0 th\u00f4ng tin ch\u1ea5m c\u00f4ng<br \/>\n\u2013 H\u1ed7 tr\u1ee3 \u0111\u0103ng k\u00fd v\u00e2n tay t\u1eeb m\u00e1y ch\u1ea5m c\u00f4ng v\u00e0 truy\u1ec1n d\u1eef li\u1ec7u v\u1ec1 ph\u1ea7n m\u1ec1m \u0111\u1ec3 ki\u1ec3m so\u00e1t<br \/>\n\u2013 H\u1ed7 tr\u1ee3 t\u00ednh n\u0103ng ch\u1ea5m c\u00f4ng, t\u1ea1o b\u00e1o c\u00e1o t\u1ef1 \u0111\u1ed9ng, Module v\u00e2n tay quang h\u1ecdc<br \/>\n\u2013 Tr\u00edch xu\u1ea5t d\u1eef li\u1ec7u qu\u00e9t th\u1ebb v\u00e0 b\u00e1o c\u00e1o th\u00f4ng qua c\u1ed5ng USB<br \/>\n\u2013 H\u1ed7 tr\u1ee3 : 01 c\u1ed5ng LAN 10\/100Mbps, 1 c\u1ed5ng USB. H\u1ed7 tr\u1ee3 audio: 1 c\u00f2i, 1 loa<\/p>","protected":false},"featured_media":9710,"comment_status":"open","ping_status":"closed","template":"","meta":{"_acf_changed":false},"product_cat":[437],"product_tag":[],"class_list":{"0":"post-9709","1":"product","2":"type-product","3":"status-publish","4":"has-post-thumbnail","6":"product_cat-may-cham-cong","8":"first","9":"instock","10":"sale","11":"shipping-taxable","12":"purchasable","13":"product-type-simple"},"acf":[],"yoast_head":"<!-- This site is optimized with the Yoast SEO plugin v23.8 - https:\/\/yoast.com\/wordpress\/plugins\/seo\/ -->\n<title>M\u00e1y ch\u1ea5m c\u00f4ng v\u00e2n tay Hikvision DS-K1A802MF-1 - ThanhPhat PC<\/title>\n<meta name=\"description\" content=\"M\u00e1y ch\u1ea5m c\u00f4ng v\u00e2n tay, th\u1ebb\" \/>\n<meta name=\"robots\" content=\"index, follow, max-snippet:-1, max-image-preview:large, max-video-preview:-1\" \/>\n<link rel=\"canonical\" href=\"https:\/\/thanhphatpc.com\/en\/may-cham-cong-van-tay-hikvision-ds-k1a802mf-1\/\" \/>\n<meta property=\"og:locale\" content=\"en_US\" \/>\n<meta property=\"og:type\" content=\"article\" \/>\n<meta property=\"og:title\" content=\"M\u00e1y ch\u1ea5m c\u00f4ng v\u00e2n tay Hikvision DS-K1A802MF-1 - ThanhPhat PC\" \/>\n<meta property=\"og:description\" content=\"M\u00e1y ch\u1ea5m c\u00f4ng v\u00e2n tay, th\u1ebb\" \/>\n<meta property=\"og:url\" content=\"https:\/\/thanhphatpc.com\/en\/may-cham-cong-van-tay-hikvision-ds-k1a802mf-1\/\" \/>\n<meta property=\"og:site_name\" content=\"ThanhPhat PC\" \/>\n<meta property=\"article:modified_time\" content=\"2022-10-13T02:04:46+00:00\" \/>\n<meta property=\"og:image\" content=\"https:\/\/thanhphatpc.com\/wp-content\/uploads\/2022\/10\/1-1.jpg\" \/>\n\t<meta property=\"og:image:width\" content=\"400\" \/>\n\t<meta property=\"og:image:height\" content=\"400\" \/>\n\t<meta property=\"og:image:type\" content=\"image\/jpeg\" \/>\n<meta name=\"twitter:card\" content=\"summary_large_image\" \/>\n<meta name=\"twitter:label1\" content=\"Est. reading time\" \/>\n\t<meta name=\"twitter:data1\" content=\"2 minutes\" \/>\n<script type=\"application\/ld+json\" class=\"yoast-schema-graph\">{\"@context\":\"https:\/\/schema.org\",\"@graph\":[{\"@type\":\"WebPage\",\"@id\":\"https:\/\/thanhphatpc.com\/may-cham-cong-van-tay-hikvision-ds-k1a802mf-1\/\",\"url\":\"https:\/\/thanhphatpc.com\/may-cham-cong-van-tay-hikvision-ds-k1a802mf-1\/\",\"name\":\"M\u00e1y ch\u1ea5m c\u00f4ng v\u00e2n tay Hikvision DS-K1A802MF-1 - ThanhPhat PC\",\"isPartOf\":{\"@id\":\"https:\/\/thanhphatpc.com\/#website\"},\"primaryImageOfPage\":{\"@id\":\"https:\/\/thanhphatpc.com\/may-cham-cong-van-tay-hikvision-ds-k1a802mf-1\/#primaryimage\"},\"image\":{\"@id\":\"https:\/\/thanhphatpc.com\/may-cham-cong-van-tay-hikvision-ds-k1a802mf-1\/#primaryimage\"},\"thumbnailUrl\":\"https:\/\/thanhphatpc.com\/wp-content\/uploads\/2022\/10\/1-1.jpg\",\"datePublished\":\"2022-10-13T02:04:13+00:00\",\"dateModified\":\"2022-10-13T02:04:46+00:00\",\"description\":\"M\u00e1y ch\u1ea5m c\u00f4ng v\u00e2n tay, th\u1ebb\",\"breadcrumb\":{\"@id\":\"https:\/\/thanhphatpc.com\/may-cham-cong-van-tay-hikvision-ds-k1a802mf-1\/#breadcrumb\"},\"inLanguage\":\"en-US\",\"potentialAction\":[{\"@type\":\"ReadAction\",\"target\":[\"https:\/\/thanhphatpc.com\/may-cham-cong-van-tay-hikvision-ds-k1a802mf-1\/\"]}]},{\"@type\":\"ImageObject\",\"inLanguage\":\"en-US\",\"@id\":\"https:\/\/thanhphatpc.com\/may-cham-cong-van-tay-hikvision-ds-k1a802mf-1\/#primaryimage\",\"url\":\"https:\/\/thanhphatpc.com\/wp-content\/uploads\/2022\/10\/1-1.jpg\",\"contentUrl\":\"https:\/\/thanhphatpc.com\/wp-content\/uploads\/2022\/10\/1-1.jpg\",\"width\":400,\"height\":400},{\"@type\":\"BreadcrumbList\",\"@id\":\"https:\/\/thanhphatpc.com\/may-cham-cong-van-tay-hikvision-ds-k1a802mf-1\/#breadcrumb\",\"itemListElement\":[{\"@type\":\"ListItem\",\"position\":1,\"name\":\"Trang ch\u1ee7\",\"item\":\"https:\/\/thanhphatpc.com\/\"},{\"@type\":\"ListItem\",\"position\":2,\"name\":\"C\u1eeda h\u00e0ng\",\"item\":\"https:\/\/thanhphatpc.com\/cua-hang\/\"},{\"@type\":\"ListItem\",\"position\":3,\"name\":\"M\u00e1y ch\u1ea5m c\u00f4ng v\u00e2n tay Hikvision DS-K1A802MF-1\"}]},{\"@type\":\"WebSite\",\"@id\":\"https:\/\/thanhphatpc.com\/#website\",\"url\":\"https:\/\/thanhphatpc.com\/\",\"name\":\"ThanhPhat PC\",\"description\":\"D\u1ecbch v\u1ee5 ho\u00e0n h\u1ea3o\",\"potentialAction\":[{\"@type\":\"SearchAction\",\"target\":{\"@type\":\"EntryPoint\",\"urlTemplate\":\"https:\/\/thanhphatpc.com\/?s={search_term_string}\"},\"query-input\":{\"@type\":\"PropertyValueSpecification\",\"valueRequired\":true,\"valueName\":\"search_term_string\"}}],\"inLanguage\":\"en-US\"}]}<\/script>\n<!-- \/ Yoast SEO plugin. -->","yoast_head_json":{"title":"M\u00e1y ch\u1ea5m c\u00f4ng v\u00e2n tay Hikvision DS-K1A802MF-1 - ThanhPhat PC","description":"M\u00e1y ch\u1ea5m c\u00f4ng v\u00e2n tay, th\u1ebb","robots":{"index":"index","follow":"follow","max-snippet":"max-snippet:-1","max-image-preview":"max-image-preview:large","max-video-preview":"max-video-preview:-1"},"canonical":"https:\/\/thanhphatpc.com\/en\/may-cham-cong-van-tay-hikvision-ds-k1a802mf-1\/","og_locale":"en_US","og_type":"article","og_title":"M\u00e1y ch\u1ea5m c\u00f4ng v\u00e2n tay Hikvision DS-K1A802MF-1 - ThanhPhat PC","og_description":"M\u00e1y ch\u1ea5m c\u00f4ng v\u00e2n tay, th\u1ebb","og_url":"https:\/\/thanhphatpc.com\/en\/may-cham-cong-van-tay-hikvision-ds-k1a802mf-1\/","og_site_name":"ThanhPhat PC","article_modified_time":"2022-10-13T02:04:46+00:00","og_image":[{"width":400,"height":400,"url":"https:\/\/thanhphatpc.com\/wp-content\/uploads\/2022\/10\/1-1.jpg","type":"image\/jpeg"}],"twitter_card":"summary_large_image","twitter_misc":{"Est. reading time":"2 minutes"},"schema":{"@context":"https:\/\/schema.org","@graph":[{"@type":"WebPage","@id":"https:\/\/thanhphatpc.com\/may-cham-cong-van-tay-hikvision-ds-k1a802mf-1\/","url":"https:\/\/thanhphatpc.com\/may-cham-cong-van-tay-hikvision-ds-k1a802mf-1\/","name":"M\u00e1y ch\u1ea5m c\u00f4ng v\u00e2n tay Hikvision DS-K1A802MF-1 - ThanhPhat PC","isPartOf":{"@id":"https:\/\/thanhphatpc.com\/#website"},"primaryImageOfPage":{"@id":"https:\/\/thanhphatpc.com\/may-cham-cong-van-tay-hikvision-ds-k1a802mf-1\/#primaryimage"},"image":{"@id":"https:\/\/thanhphatpc.com\/may-cham-cong-van-tay-hikvision-ds-k1a802mf-1\/#primaryimage"},"thumbnailUrl":"https:\/\/thanhphatpc.com\/wp-content\/uploads\/2022\/10\/1-1.jpg","datePublished":"2022-10-13T02:04:13+00:00","dateModified":"2022-10-13T02:04:46+00:00","description":"M\u00e1y ch\u1ea5m c\u00f4ng v\u00e2n tay, th\u1ebb","breadcrumb":{"@id":"https:\/\/thanhphatpc.com\/may-cham-cong-van-tay-hikvision-ds-k1a802mf-1\/#breadcrumb"},"inLanguage":"en-US","potentialAction":[{"@type":"ReadAction","target":["https:\/\/thanhphatpc.com\/may-cham-cong-van-tay-hikvision-ds-k1a802mf-1\/"]}]},{"@type":"ImageObject","inLanguage":"en-US","@id":"https:\/\/thanhphatpc.com\/may-cham-cong-van-tay-hikvision-ds-k1a802mf-1\/#primaryimage","url":"https:\/\/thanhphatpc.com\/wp-content\/uploads\/2022\/10\/1-1.jpg","contentUrl":"https:\/\/thanhphatpc.com\/wp-content\/uploads\/2022\/10\/1-1.jpg","width":400,"height":400},{"@type":"BreadcrumbList","@id":"https:\/\/thanhphatpc.com\/may-cham-cong-van-tay-hikvision-ds-k1a802mf-1\/#breadcrumb","itemListElement":[{"@type":"ListItem","position":1,"name":"Trang ch\u1ee7","item":"https:\/\/thanhphatpc.com\/"},{"@type":"ListItem","position":2,"name":"C\u1eeda h\u00e0ng","item":"https:\/\/thanhphatpc.com\/cua-hang\/"},{"@type":"ListItem","position":3,"name":"M\u00e1y ch\u1ea5m c\u00f4ng v\u00e2n tay Hikvision DS-K1A802MF-1"}]},{"@type":"WebSite","@id":"https:\/\/thanhphatpc.com\/#website","url":"https:\/\/thanhphatpc.com\/","name":"ThanhPhat PC","description":"D\u1ecbch v\u1ee5 ho\u00e0n h\u1ea3o","potentialAction":[{"@type":"SearchAction","target":{"@type":"EntryPoint","urlTemplate":"https:\/\/thanhphatpc.com\/?s={search_term_string}"},"query-input":{"@type":"PropertyValueSpecification","valueRequired":true,"valueName":"search_term_string"}}],"inLanguage":"en-US"}]}},"_links":{"self":[{"href":"https:\/\/thanhphatpc.com\/en\/wp-json\/wp\/v2\/product\/9709","targetHints":{"allow":["GET"]}}],"collection":[{"href":"https:\/\/thanhphatpc.com\/en\/wp-json\/wp\/v2\/product"}],"about":[{"href":"https:\/\/thanhphatpc.com\/en\/wp-json\/wp\/v2\/types\/product"}],"replies":[{"embeddable":true,"href":"https:\/\/thanhphatpc.com\/en\/wp-json\/wp\/v2\/comments?post=9709"}],"wp:featuredmedia":[{"embeddable":true,"href":"https:\/\/thanhphatpc.com\/en\/wp-json\/wp\/v2\/media\/9710"}],"wp:attachment":[{"href":"https:\/\/thanhphatpc.com\/en\/wp-json\/wp\/v2\/media?parent=9709"}],"wp:term":[{"taxonomy":"product_cat","embeddable":true,"href":"https:\/\/thanhphatpc.com\/en\/wp-json\/wp\/v2\/product_cat?post=9709"},{"taxonomy":"product_tag","embeddable":true,"href":"https:\/\/thanhphatpc.com\/en\/wp-json\/wp\/v2\/product_tag?post=9709"}],"curies":[{"name":"wp","href":"https:\/\/api.w.org\/{rel}","templated":true}]}}